{"id":19433,"date":"2025-09-03T10:06:12","date_gmt":"2025-09-03T08:06:12","guid":{"rendered":"https:\/\/rutana.webdemo.lt\/?post_type=product&#038;p=19433"},"modified":"2025-10-13T15:59:23","modified_gmt":"2025-10-13T13:59:23","slug":"kvepalai-unisex-infinity-flow-50ml-aromatic-89","status":"publish","type":"product","link":"https:\/\/rutana.lt\/en\/product\/kvepalai-unisex-infinity-flow-50ml-aromatic-89\/","title":{"rendered":"Kvepalai unisex &#8222;Infinity flow&#8221; 50ml Aromatic 89"},"content":{"rendered":"<p>\u0160iltas ir jausmingas kvapas, alsuojantis harmonija, sukuria jaukumo atmosfer\u0105, kuri \u012ftraukia ir apgaubia maloniu \u0161velnumu.<\/p>\n<p style=\"box-sizing: inherit; margin-bottom: 1rem; padding: 0px; transition: 0.3s;\"><span id=\"docs-internal-guid-32a99ce2-7fff-4d55-1210-b0ab4f118f47\" style=\"box-sizing: inherit; margin: 0px; padding: 0px; transition: 0.3s;\">Aromatas, \u012fkv\u0117ptas nenutr\u016bkstan\u010dios energijos t\u0117km\u0117s ir \u0161velnios ramyb\u0117s. Aromatas atsiveria gaiviais citrus\u0173 tonais \u2013 laimas ir citrina su\u017eadina energij\u0105 ir suteikia lengvumo poj\u016bt\u012f. Vidurin\u0117se natose g\u0117li\u0173 elegancija su jazminu, tuberoza ir vilkdalgio \u0161velnumu atskleid\u017eia J\u016bs\u0173 vidin\u012f balans\u0105. Pabaigoje kava, migdolai ir \u0161okoladas apgaubia \u0161iluma, o gintaro bei mi\u0161ko natos u\u017etikrina jausming\u0105, nepamir\u0161tam\u0105 pabaig\u0105. <span style=\"box-sizing: inherit; transition-duration: 0.3s;\">Infinity Flow &#8211; kvapas, nepaisantis rib\u0173. Jis ne\u0161a gyvybingum\u0105, \u0161ilum\u0105 ir pusiausvyr\u0105, palikdamas p\u0117dsak\u0105 kiekviename \u017eingsnyje.<\/span><\/span><\/p>\n<div>Kvapo pavadinimas: INFINITY FLOW<\/div>\n<div>Vir\u0161utin\u0117s natos: laimas, citrina.<\/div>\n<div>Vidurin\u0117s natos: tuberoza, citrina, jazminas, vilkdalgis.<\/div>\n<p class=\"MsoNoSpacing\">Apatin\u0117s natos: kava, migdolas, \u0161okoladas, gintaras, mi\u0161ko natos.<\/p>\n<p class=\"MsoNoSpacing\">Talpa: 50 ml<\/p>\n<p>Tipas: Eau De Parfum unisex<\/p>\n<p class=\"MsoNoSpacing\">Kilm\u0117s \u0161alis: Lietuva<\/p>","protected":false},"excerpt":{"rendered":"<p>\u0160iltas ir jausmingas kvapas, alsuojantis harmonija, sukuria jaukumo atmosfer\u0105, kuri \u012ftraukia ir apgaubia maloniu \u0161velnumu. Aromatas, \u012fkv\u0117ptas nenutr\u016bkstan\u010dios energijos t\u0117km\u0117s ir \u0161velnios ramyb\u0117s. Aromatas atsiveria gaiviais citrus\u0173 tonais \u2013 laimas ir citrina su\u017eadina energij\u0105 ir suteikia lengvumo poj\u016bt\u012f. Vidurin\u0117se natose g\u0117li\u0173 elegancija su jazminu, tuberoza ir vilkdalgio \u0161velnumu atskleid\u017eia J\u016bs\u0173 vidin\u012f balans\u0105. Pabaigoje kava, migdolai [&hellip;]<\/p>","protected":false},"featured_media":30063,"comment_status":"open","ping_status":"closed","template":"","meta":{"_season_start":"","_season_end":"","_season_days":"","_season_months":"","_season_auto_visibility":""},"product_brand":[789],"product_cat":[1740,1739],"product_tag":[],"class_list":{"0":"post-19433","1":"product","2":"type-product","3":"status-publish","4":"has-post-thumbnail","6":"product_brand-aromatic-89","7":"product_cat-kvepalai","8":"product_cat-parfumerija","10":"first","11":"instock","12":"taxable","13":"shipping-taxable","14":"purchasable","15":"product-type-simple"},"yoast_head":"<!-- This site is optimized with the Yoast SEO plugin v27.4 - https:\/\/yoast.com\/product\/yoast-seo-wordpress\/ -->\n<title>Kvepalai unisex &quot;Infinity flow&quot; 50ml Aromatic 89 - Rutana - Ra\u0161tin\u0117s reikmenys<\/title>\n<meta name=\"robots\" content=\"index, follow, max-snippet:-1, max-image-preview:large, max-video-preview:-1\" \/>\n<link rel=\"canonical\" href=\"https:\/\/rutana.lt\/en\/product\/kvepalai-unisex-infinity-flow-50ml-aromatic-89\/\" \/>\n<meta property=\"og:locale\" content=\"en_US\" \/>\n<meta property=\"og:type\" content=\"article\" \/>\n<meta property=\"og:title\" content=\"Kvepalai unisex &quot;Infinity flow&quot; 50ml Aromatic 89 - Rutana - Ra\u0161tin\u0117s reikmenys\" \/>\n<meta property=\"og:description\" content=\"\u0160iltas ir jausmingas kvapas, alsuojantis harmonija, sukuria jaukumo atmosfer\u0105, kuri \u012ftraukia ir apgaubia maloniu \u0161velnumu. Aromatas, \u012fkv\u0117ptas nenutr\u016bkstan\u010dios energijos t\u0117km\u0117s ir \u0161velnios ramyb\u0117s. Aromatas atsiveria gaiviais citrus\u0173 tonais \u2013 laimas ir citrina su\u017eadina energij\u0105 ir suteikia lengvumo poj\u016bt\u012f. Vidurin\u0117se natose g\u0117li\u0173 elegancija su jazminu, tuberoza ir vilkdalgio \u0161velnumu atskleid\u017eia J\u016bs\u0173 vidin\u012f balans\u0105. Pabaigoje kava, migdolai [&hellip;]\" \/>\n<meta property=\"og:url\" content=\"https:\/\/rutana.lt\/en\/product\/kvepalai-unisex-infinity-flow-50ml-aromatic-89\/\" \/>\n<meta property=\"og:site_name\" content=\"Rutana - Ra\u0161tin\u0117s reikmenys\" \/>\n<meta property=\"article:publisher\" content=\"https:\/\/www.facebook.com\/RutanaKanceliarinesPrekes\/\" \/>\n<meta property=\"article:modified_time\" content=\"2025-10-13T13:59:23+00:00\" \/>\n<meta property=\"og:image\" content=\"https:\/\/rutana.lt\/wp-content\/uploads\/2025\/09\/B196-454.jpg\" \/>\n\t<meta property=\"og:image:width\" content=\"1000\" \/>\n\t<meta property=\"og:image:height\" content=\"1000\" \/>\n\t<meta property=\"og:image:type\" content=\"image\/jpeg\" \/>\n<meta name=\"twitter:card\" content=\"summary_large_image\" \/>\n<meta name=\"twitter:label1\" content=\"Est. reading time\" \/>\n\t<meta name=\"twitter:data1\" content=\"1 minute\" \/>\n<script type=\"application\/ld+json\" class=\"yoast-schema-graph\">{\"@context\":\"https:\\\/\\\/schema.org\",\"@graph\":[{\"@type\":\"WebPage\",\"@id\":\"https:\\\/\\\/rutana.lt\\\/produktas\\\/kvepalai-unisex-infinity-flow-50ml-aromatic-89\\\/\",\"url\":\"https:\\\/\\\/rutana.lt\\\/produktas\\\/kvepalai-unisex-infinity-flow-50ml-aromatic-89\\\/\",\"name\":\"Kvepalai unisex \\\"Infinity flow\\\" 50ml Aromatic 89 - Rutana - Ra\u0161tin\u0117s reikmenys\",\"isPartOf\":{\"@id\":\"https:\\\/\\\/rutana.lt\\\/#website\"},\"primaryImageOfPage\":{\"@id\":\"https:\\\/\\\/rutana.lt\\\/produktas\\\/kvepalai-unisex-infinity-flow-50ml-aromatic-89\\\/#primaryimage\"},\"image\":{\"@id\":\"https:\\\/\\\/rutana.lt\\\/produktas\\\/kvepalai-unisex-infinity-flow-50ml-aromatic-89\\\/#primaryimage\"},\"thumbnailUrl\":\"https:\\\/\\\/rutana.lt\\\/wp-content\\\/uploads\\\/2025\\\/09\\\/B196-454-2.jpg?v=1763563551\",\"datePublished\":\"2025-09-03T08:06:12+00:00\",\"dateModified\":\"2025-10-13T13:59:23+00:00\",\"breadcrumb\":{\"@id\":\"https:\\\/\\\/rutana.lt\\\/produktas\\\/kvepalai-unisex-infinity-flow-50ml-aromatic-89\\\/#breadcrumb\"},\"inLanguage\":\"en-US\",\"potentialAction\":[{\"@type\":\"ReadAction\",\"target\":[\"https:\\\/\\\/rutana.lt\\\/produktas\\\/kvepalai-unisex-infinity-flow-50ml-aromatic-89\\\/\"]}]},{\"@type\":\"ImageObject\",\"inLanguage\":\"en-US\",\"@id\":\"https:\\\/\\\/rutana.lt\\\/produktas\\\/kvepalai-unisex-infinity-flow-50ml-aromatic-89\\\/#primaryimage\",\"url\":\"https:\\\/\\\/rutana.lt\\\/wp-content\\\/uploads\\\/2025\\\/09\\\/B196-454-2.jpg?v=1763563551\",\"contentUrl\":\"https:\\\/\\\/rutana.lt\\\/wp-content\\\/uploads\\\/2025\\\/09\\\/B196-454-2.jpg?v=1763563551\",\"width\":1000,\"height\":1000},{\"@type\":\"BreadcrumbList\",\"@id\":\"https:\\\/\\\/rutana.lt\\\/produktas\\\/kvepalai-unisex-infinity-flow-50ml-aromatic-89\\\/#breadcrumb\",\"itemListElement\":[{\"@type\":\"ListItem\",\"position\":1,\"name\":\"Home\",\"item\":\"https:\\\/\\\/rutana.lt\\\/\"},{\"@type\":\"ListItem\",\"position\":2,\"name\":\"Parduotuv\u0117\",\"item\":\"https:\\\/\\\/rutana.lt\\\/parduotuve\\\/\"},{\"@type\":\"ListItem\",\"position\":3,\"name\":\"Kvepalai unisex &#8222;Infinity flow&#8221; 50ml Aromatic 89\"}]},{\"@type\":\"WebSite\",\"@id\":\"https:\\\/\\\/rutana.lt\\\/#website\",\"url\":\"https:\\\/\\\/rutana.lt\\\/\",\"name\":\"Rutana - Ra\u0161tin\u0117s reikmenys\",\"description\":\"Prekiaujame pasaulin\u0117je rinkoje pripa\u017eintomis, kokybi\u0161komis biuro prek\u0117mis toki\u0173  gamintoj\u0173 kaip: Schneider, Esselte, Novus, 3M, Faber-Castell, Citizen, Milan, Leitz, Colop, Zebra, Staedtler, Durable, Tork, Parker, Waterman ir kt.\",\"publisher\":{\"@id\":\"https:\\\/\\\/rutana.lt\\\/#organization\"},\"potentialAction\":[{\"@type\":\"SearchAction\",\"target\":{\"@type\":\"EntryPoint\",\"urlTemplate\":\"https:\\\/\\\/rutana.lt\\\/?s={search_term_string}\"},\"query-input\":{\"@type\":\"PropertyValueSpecification\",\"valueRequired\":true,\"valueName\":\"search_term_string\"}}],\"inLanguage\":\"en-US\"},{\"@type\":\"Organization\",\"@id\":\"https:\\\/\\\/rutana.lt\\\/#organization\",\"name\":\"Rutana - Ra\u0161tin\u0117s reikmenys\",\"url\":\"https:\\\/\\\/rutana.lt\\\/\",\"logo\":{\"@type\":\"ImageObject\",\"inLanguage\":\"en-US\",\"@id\":\"https:\\\/\\\/rutana.lt\\\/#\\\/schema\\\/logo\\\/image\\\/\",\"url\":\"https:\\\/\\\/rutana.lt\\\/wp-content\\\/uploads\\\/2025\\\/10\\\/Asset-32.png\",\"contentUrl\":\"https:\\\/\\\/rutana.lt\\\/wp-content\\\/uploads\\\/2025\\\/10\\\/Asset-32.png\",\"width\":433,\"height\":119,\"caption\":\"Rutana - Ra\u0161tin\u0117s reikmenys\"},\"image\":{\"@id\":\"https:\\\/\\\/rutana.lt\\\/#\\\/schema\\\/logo\\\/image\\\/\"},\"sameAs\":[\"https:\\\/\\\/www.facebook.com\\\/RutanaKanceliarinesPrekes\\\/\"]}]}<\/script>\n<!-- \/ Yoast SEO plugin. -->","yoast_head_json":{"title":"Kvepalai unisex \"Infinity flow\" 50ml Aromatic 89 - Rutana - Ra\u0161tin\u0117s reikmenys","robots":{"index":"index","follow":"follow","max-snippet":"max-snippet:-1","max-image-preview":"max-image-preview:large","max-video-preview":"max-video-preview:-1"},"canonical":"https:\/\/rutana.lt\/en\/product\/kvepalai-unisex-infinity-flow-50ml-aromatic-89\/","og_locale":"en_US","og_type":"article","og_title":"Kvepalai unisex \"Infinity flow\" 50ml Aromatic 89 - Rutana - Ra\u0161tin\u0117s reikmenys","og_description":"\u0160iltas ir jausmingas kvapas, alsuojantis harmonija, sukuria jaukumo atmosfer\u0105, kuri \u012ftraukia ir apgaubia maloniu \u0161velnumu. Aromatas, \u012fkv\u0117ptas nenutr\u016bkstan\u010dios energijos t\u0117km\u0117s ir \u0161velnios ramyb\u0117s. Aromatas atsiveria gaiviais citrus\u0173 tonais \u2013 laimas ir citrina su\u017eadina energij\u0105 ir suteikia lengvumo poj\u016bt\u012f. Vidurin\u0117se natose g\u0117li\u0173 elegancija su jazminu, tuberoza ir vilkdalgio \u0161velnumu atskleid\u017eia J\u016bs\u0173 vidin\u012f balans\u0105. Pabaigoje kava, migdolai [&hellip;]","og_url":"https:\/\/rutana.lt\/en\/product\/kvepalai-unisex-infinity-flow-50ml-aromatic-89\/","og_site_name":"Rutana - Ra\u0161tin\u0117s reikmenys","article_publisher":"https:\/\/www.facebook.com\/RutanaKanceliarinesPrekes\/","article_modified_time":"2025-10-13T13:59:23+00:00","og_image":[{"width":1000,"height":1000,"url":"https:\/\/rutana.lt\/wp-content\/uploads\/2025\/09\/B196-454.jpg","type":"image\/jpeg"}],"twitter_card":"summary_large_image","twitter_misc":{"Est. reading time":"1 minute"},"schema":{"@context":"https:\/\/schema.org","@graph":[{"@type":"WebPage","@id":"https:\/\/rutana.lt\/produktas\/kvepalai-unisex-infinity-flow-50ml-aromatic-89\/","url":"https:\/\/rutana.lt\/produktas\/kvepalai-unisex-infinity-flow-50ml-aromatic-89\/","name":"Kvepalai unisex \"Infinity flow\" 50ml Aromatic 89 - Rutana - Ra\u0161tin\u0117s reikmenys","isPartOf":{"@id":"https:\/\/rutana.lt\/#website"},"primaryImageOfPage":{"@id":"https:\/\/rutana.lt\/produktas\/kvepalai-unisex-infinity-flow-50ml-aromatic-89\/#primaryimage"},"image":{"@id":"https:\/\/rutana.lt\/produktas\/kvepalai-unisex-infinity-flow-50ml-aromatic-89\/#primaryimage"},"thumbnailUrl":"https:\/\/rutana.lt\/wp-content\/uploads\/2025\/09\/B196-454-2.jpg?v=1763563551","datePublished":"2025-09-03T08:06:12+00:00","dateModified":"2025-10-13T13:59:23+00:00","breadcrumb":{"@id":"https:\/\/rutana.lt\/produktas\/kvepalai-unisex-infinity-flow-50ml-aromatic-89\/#breadcrumb"},"inLanguage":"en-US","potentialAction":[{"@type":"ReadAction","target":["https:\/\/rutana.lt\/produktas\/kvepalai-unisex-infinity-flow-50ml-aromatic-89\/"]}]},{"@type":"ImageObject","inLanguage":"en-US","@id":"https:\/\/rutana.lt\/produktas\/kvepalai-unisex-infinity-flow-50ml-aromatic-89\/#primaryimage","url":"https:\/\/rutana.lt\/wp-content\/uploads\/2025\/09\/B196-454-2.jpg?v=1763563551","contentUrl":"https:\/\/rutana.lt\/wp-content\/uploads\/2025\/09\/B196-454-2.jpg?v=1763563551","width":1000,"height":1000},{"@type":"BreadcrumbList","@id":"https:\/\/rutana.lt\/produktas\/kvepalai-unisex-infinity-flow-50ml-aromatic-89\/#breadcrumb","itemListElement":[{"@type":"ListItem","position":1,"name":"Home","item":"https:\/\/rutana.lt\/"},{"@type":"ListItem","position":2,"name":"Parduotuv\u0117","item":"https:\/\/rutana.lt\/parduotuve\/"},{"@type":"ListItem","position":3,"name":"Kvepalai unisex &#8222;Infinity flow&#8221; 50ml Aromatic 89"}]},{"@type":"WebSite","@id":"https:\/\/rutana.lt\/#website","url":"https:\/\/rutana.lt\/","name":"Rutana - Ra\u0161tin\u0117s reikmenys","description":"Prekiaujame pasaulin\u0117je rinkoje pripa\u017eintomis, kokybi\u0161komis biuro prek\u0117mis toki\u0173  gamintoj\u0173 kaip: Schneider, Esselte, Novus, 3M, Faber-Castell, Citizen, Milan, Leitz, Colop, Zebra, Staedtler, Durable, Tork, Parker, Waterman ir kt.","publisher":{"@id":"https:\/\/rutana.lt\/#organization"},"potentialAction":[{"@type":"SearchAction","target":{"@type":"EntryPoint","urlTemplate":"https:\/\/rutana.lt\/?s={search_term_string}"},"query-input":{"@type":"PropertyValueSpecification","valueRequired":true,"valueName":"search_term_string"}}],"inLanguage":"en-US"},{"@type":"Organization","@id":"https:\/\/rutana.lt\/#organization","name":"Rutana - Ra\u0161tin\u0117s reikmenys","url":"https:\/\/rutana.lt\/","logo":{"@type":"ImageObject","inLanguage":"en-US","@id":"https:\/\/rutana.lt\/#\/schema\/logo\/image\/","url":"https:\/\/rutana.lt\/wp-content\/uploads\/2025\/10\/Asset-32.png","contentUrl":"https:\/\/rutana.lt\/wp-content\/uploads\/2025\/10\/Asset-32.png","width":433,"height":119,"caption":"Rutana - Ra\u0161tin\u0117s reikmenys"},"image":{"@id":"https:\/\/rutana.lt\/#\/schema\/logo\/image\/"},"sameAs":["https:\/\/www.facebook.com\/RutanaKanceliarinesPrekes\/"]}]}},"_links":{"self":[{"href":"https:\/\/rutana.lt\/en\/wp-json\/wp\/v2\/product\/19433","targetHints":{"allow":["GET"]}}],"collection":[{"href":"https:\/\/rutana.lt\/en\/wp-json\/wp\/v2\/product"}],"about":[{"href":"https:\/\/rutana.lt\/en\/wp-json\/wp\/v2\/types\/product"}],"replies":[{"embeddable":true,"href":"https:\/\/rutana.lt\/en\/wp-json\/wp\/v2\/comments?post=19433"}],"version-history":[{"count":1,"href":"https:\/\/rutana.lt\/en\/wp-json\/wp\/v2\/product\/19433\/revisions"}],"predecessor-version":[{"id":19466,"href":"https:\/\/rutana.lt\/en\/wp-json\/wp\/v2\/product\/19433\/revisions\/19466"}],"wp:featuredmedia":[{"embeddable":true,"href":"https:\/\/rutana.lt\/en\/wp-json\/wp\/v2\/media\/30063"}],"wp:attachment":[{"href":"https:\/\/rutana.lt\/en\/wp-json\/wp\/v2\/media?parent=19433"}],"wp:term":[{"taxonomy":"product_brand","embeddable":true,"href":"https:\/\/rutana.lt\/en\/wp-json\/wp\/v2\/product_brand?post=19433"},{"taxonomy":"product_cat","embeddable":true,"href":"https:\/\/rutana.lt\/en\/wp-json\/wp\/v2\/product_cat?post=19433"},{"taxonomy":"product_tag","embeddable":true,"href":"https:\/\/rutana.lt\/en\/wp-json\/wp\/v2\/product_tag?post=19433"}],"curies":[{"name":"wp","href":"https:\/\/api.w.org\/{rel}","templated":true}]}}