{"id":19431,"date":"2025-09-03T10:06:12","date_gmt":"2025-09-03T08:06:12","guid":{"rendered":"https:\/\/rutana.webdemo.lt\/?post_type=product&#038;p=19431"},"modified":"2025-10-13T15:59:23","modified_gmt":"2025-10-13T13:59:23","slug":"plauku-sampunas-atkuriamasis-restoring-250ml-aromatic-89","status":"publish","type":"product","link":"https:\/\/rutana.lt\/en\/product\/plauku-sampunas-atkuriamasis-restoring-250ml-aromatic-89\/","title":{"rendered":"Plauk\u0173 \u0161amp\u016bnas atkuriamasis &#8222;Restoring&#8221; 250ml Aromatic 89"},"content":{"rendered":"<p style=\"line-height: 1.8;\">Atstatomasis \u0161amp\u016bnas su moring\u0173 aliejumi ir hidrolizuotu \u0161ilku \u2013 puikus pasirinkimas pa\u017eeistiems ir gyvybingum\u0105 praradusiems plaukams. Tinka vis\u0173 tip\u0173 plaukams.<\/p>\n<p style=\"line-height: 1.8;\">Atstatomasis \u0161amp\u016bnas yra sukurtas siekiant atkurti ir stiprinti j\u016bs\u0173 plaukus. Jo unikali formul\u0117 su moring\u0173 aliejumi ir hidrolizuotu \u0161ilku atkuria plauk\u0173 strukt\u016br\u0105 nuo \u0161akn\u0173 iki galiuk\u0173, ma\u017eindama l\u016b\u017ein\u0117jim\u0105 ir skatindama plauk\u0173 augim\u0105. Glicerinas ir pantenolis u\u017etikrina papildom\u0105 dr\u0117kinim\u0105, o nat\u016bralios antioksidacin\u0117s med\u017eiagos apsaugo plaukus nuo aplinkos poveikio. Naudojant \u0161\u012f \u0161amp\u016bn\u0105, plaukai tampa \u0161veln\u016bs, \u017evilgantys ir lengvai \u0161ukuojami.<\/p>\n<p style=\"line-height: 1.8;\">Talpa: 250 ml<br \/>Kilm\u0117s \u0161alis: Lietuva<\/p>\n<p class=\"MsoNoSpacing\" style=\"margin-bottom: 10px; line-height: 1.8;\"><\/p>\n<p class=\"MsoNoSpacing\" style=\"margin-bottom: 10px;\"><\/p>\n<p class=\"MsoNoSpacing\"><o:p><br \/><\/o:p><\/p>","protected":false},"excerpt":{"rendered":"<p>Atstatomasis \u0161amp\u016bnas su moring\u0173 aliejumi ir hidrolizuotu \u0161ilku \u2013 puikus pasirinkimas pa\u017eeistiems ir gyvybingum\u0105 praradusiems plaukams. Tinka vis\u0173 tip\u0173 plaukams. Atstatomasis \u0161amp\u016bnas yra sukurtas siekiant atkurti ir stiprinti j\u016bs\u0173 plaukus. Jo unikali formul\u0117 su moring\u0173 aliejumi ir hidrolizuotu \u0161ilku atkuria plauk\u0173 strukt\u016br\u0105 nuo \u0161akn\u0173 iki galiuk\u0173, ma\u017eindama l\u016b\u017ein\u0117jim\u0105 ir skatindama plauk\u0173 augim\u0105. Glicerinas ir pantenolis [&hellip;]<\/p>","protected":false},"featured_media":30061,"comment_status":"open","ping_status":"closed","template":"","meta":{"_season_start":"","_season_end":"","_season_days":"","_season_months":"","_season_auto_visibility":""},"product_brand":[789],"product_cat":[1704],"product_tag":[],"class_list":{"0":"post-19431","1":"product","2":"type-product","3":"status-publish","4":"has-post-thumbnail","6":"product_brand-aromatic-89","7":"product_cat-kuno-prieziuros-reikmenys-higienos-priemones-higienos-ir-valymo-priemones","9":"first","10":"instock","11":"taxable","12":"shipping-taxable","13":"purchasable","14":"product-type-simple"},"yoast_head":"<!-- This site is optimized with the Yoast SEO plugin v27.4 - https:\/\/yoast.com\/product\/yoast-seo-wordpress\/ -->\n<title>Plauk\u0173 \u0161amp\u016bnas atkuriamasis &quot;Restoring&quot; 250ml Aromatic 89 - Rutana - Ra\u0161tin\u0117s reikmenys<\/title>\n<meta name=\"robots\" content=\"index, follow, max-snippet:-1, max-image-preview:large, max-video-preview:-1\" \/>\n<link rel=\"canonical\" href=\"https:\/\/rutana.lt\/en\/product\/plauku-sampunas-atkuriamasis-restoring-250ml-aromatic-89\/\" \/>\n<meta property=\"og:locale\" content=\"en_US\" \/>\n<meta property=\"og:type\" content=\"article\" \/>\n<meta property=\"og:title\" content=\"Plauk\u0173 \u0161amp\u016bnas atkuriamasis &quot;Restoring&quot; 250ml Aromatic 89 - Rutana - Ra\u0161tin\u0117s reikmenys\" \/>\n<meta property=\"og:description\" content=\"Atstatomasis \u0161amp\u016bnas su moring\u0173 aliejumi ir hidrolizuotu \u0161ilku \u2013 puikus pasirinkimas pa\u017eeistiems ir gyvybingum\u0105 praradusiems plaukams. Tinka vis\u0173 tip\u0173 plaukams. Atstatomasis \u0161amp\u016bnas yra sukurtas siekiant atkurti ir stiprinti j\u016bs\u0173 plaukus. Jo unikali formul\u0117 su moring\u0173 aliejumi ir hidrolizuotu \u0161ilku atkuria plauk\u0173 strukt\u016br\u0105 nuo \u0161akn\u0173 iki galiuk\u0173, ma\u017eindama l\u016b\u017ein\u0117jim\u0105 ir skatindama plauk\u0173 augim\u0105. Glicerinas ir pantenolis [&hellip;]\" \/>\n<meta property=\"og:url\" content=\"https:\/\/rutana.lt\/en\/product\/plauku-sampunas-atkuriamasis-restoring-250ml-aromatic-89\/\" \/>\n<meta property=\"og:site_name\" content=\"Rutana - Ra\u0161tin\u0117s reikmenys\" \/>\n<meta property=\"article:publisher\" content=\"https:\/\/www.facebook.com\/RutanaKanceliarinesPrekes\/\" \/>\n<meta property=\"article:modified_time\" content=\"2025-10-13T13:59:23+00:00\" \/>\n<meta property=\"og:image\" content=\"https:\/\/rutana.lt\/wp-content\/uploads\/2025\/09\/B196-452.jpg\" \/>\n\t<meta property=\"og:image:width\" content=\"1000\" \/>\n\t<meta property=\"og:image:height\" content=\"1000\" \/>\n\t<meta property=\"og:image:type\" content=\"image\/jpeg\" \/>\n<meta name=\"twitter:card\" content=\"summary_large_image\" \/>\n<script type=\"application\/ld+json\" class=\"yoast-schema-graph\">{\"@context\":\"https:\\\/\\\/schema.org\",\"@graph\":[{\"@type\":\"WebPage\",\"@id\":\"https:\\\/\\\/rutana.lt\\\/produktas\\\/plauku-sampunas-atkuriamasis-restoring-250ml-aromatic-89\\\/\",\"url\":\"https:\\\/\\\/rutana.lt\\\/produktas\\\/plauku-sampunas-atkuriamasis-restoring-250ml-aromatic-89\\\/\",\"name\":\"Plauk\u0173 \u0161amp\u016bnas atkuriamasis \\\"Restoring\\\" 250ml Aromatic 89 - Rutana - Ra\u0161tin\u0117s reikmenys\",\"isPartOf\":{\"@id\":\"https:\\\/\\\/rutana.lt\\\/#website\"},\"primaryImageOfPage\":{\"@id\":\"https:\\\/\\\/rutana.lt\\\/produktas\\\/plauku-sampunas-atkuriamasis-restoring-250ml-aromatic-89\\\/#primaryimage\"},\"image\":{\"@id\":\"https:\\\/\\\/rutana.lt\\\/produktas\\\/plauku-sampunas-atkuriamasis-restoring-250ml-aromatic-89\\\/#primaryimage\"},\"thumbnailUrl\":\"https:\\\/\\\/rutana.lt\\\/wp-content\\\/uploads\\\/2025\\\/09\\\/B196-452-1.jpg?v=1763563554\",\"datePublished\":\"2025-09-03T08:06:12+00:00\",\"dateModified\":\"2025-10-13T13:59:23+00:00\",\"breadcrumb\":{\"@id\":\"https:\\\/\\\/rutana.lt\\\/produktas\\\/plauku-sampunas-atkuriamasis-restoring-250ml-aromatic-89\\\/#breadcrumb\"},\"inLanguage\":\"en-US\",\"potentialAction\":[{\"@type\":\"ReadAction\",\"target\":[\"https:\\\/\\\/rutana.lt\\\/produktas\\\/plauku-sampunas-atkuriamasis-restoring-250ml-aromatic-89\\\/\"]}]},{\"@type\":\"ImageObject\",\"inLanguage\":\"en-US\",\"@id\":\"https:\\\/\\\/rutana.lt\\\/produktas\\\/plauku-sampunas-atkuriamasis-restoring-250ml-aromatic-89\\\/#primaryimage\",\"url\":\"https:\\\/\\\/rutana.lt\\\/wp-content\\\/uploads\\\/2025\\\/09\\\/B196-452-1.jpg?v=1763563554\",\"contentUrl\":\"https:\\\/\\\/rutana.lt\\\/wp-content\\\/uploads\\\/2025\\\/09\\\/B196-452-1.jpg?v=1763563554\",\"width\":1000,\"height\":1000},{\"@type\":\"BreadcrumbList\",\"@id\":\"https:\\\/\\\/rutana.lt\\\/produktas\\\/plauku-sampunas-atkuriamasis-restoring-250ml-aromatic-89\\\/#breadcrumb\",\"itemListElement\":[{\"@type\":\"ListItem\",\"position\":1,\"name\":\"Home\",\"item\":\"https:\\\/\\\/rutana.lt\\\/\"},{\"@type\":\"ListItem\",\"position\":2,\"name\":\"Parduotuv\u0117\",\"item\":\"https:\\\/\\\/rutana.lt\\\/parduotuve\\\/\"},{\"@type\":\"ListItem\",\"position\":3,\"name\":\"Plauk\u0173 \u0161amp\u016bnas atkuriamasis &#8222;Restoring&#8221; 250ml Aromatic 89\"}]},{\"@type\":\"WebSite\",\"@id\":\"https:\\\/\\\/rutana.lt\\\/#website\",\"url\":\"https:\\\/\\\/rutana.lt\\\/\",\"name\":\"Rutana - Ra\u0161tin\u0117s reikmenys\",\"description\":\"Prekiaujame pasaulin\u0117je rinkoje pripa\u017eintomis, kokybi\u0161komis biuro prek\u0117mis toki\u0173  gamintoj\u0173 kaip: Schneider, Esselte, Novus, 3M, Faber-Castell, Citizen, Milan, Leitz, Colop, Zebra, Staedtler, Durable, Tork, Parker, Waterman ir kt.\",\"publisher\":{\"@id\":\"https:\\\/\\\/rutana.lt\\\/#organization\"},\"potentialAction\":[{\"@type\":\"SearchAction\",\"target\":{\"@type\":\"EntryPoint\",\"urlTemplate\":\"https:\\\/\\\/rutana.lt\\\/?s={search_term_string}\"},\"query-input\":{\"@type\":\"PropertyValueSpecification\",\"valueRequired\":true,\"valueName\":\"search_term_string\"}}],\"inLanguage\":\"en-US\"},{\"@type\":\"Organization\",\"@id\":\"https:\\\/\\\/rutana.lt\\\/#organization\",\"name\":\"Rutana - Ra\u0161tin\u0117s reikmenys\",\"url\":\"https:\\\/\\\/rutana.lt\\\/\",\"logo\":{\"@type\":\"ImageObject\",\"inLanguage\":\"en-US\",\"@id\":\"https:\\\/\\\/rutana.lt\\\/#\\\/schema\\\/logo\\\/image\\\/\",\"url\":\"https:\\\/\\\/rutana.lt\\\/wp-content\\\/uploads\\\/2025\\\/10\\\/Asset-32.png\",\"contentUrl\":\"https:\\\/\\\/rutana.lt\\\/wp-content\\\/uploads\\\/2025\\\/10\\\/Asset-32.png\",\"width\":433,\"height\":119,\"caption\":\"Rutana - Ra\u0161tin\u0117s reikmenys\"},\"image\":{\"@id\":\"https:\\\/\\\/rutana.lt\\\/#\\\/schema\\\/logo\\\/image\\\/\"},\"sameAs\":[\"https:\\\/\\\/www.facebook.com\\\/RutanaKanceliarinesPrekes\\\/\"]}]}<\/script>\n<!-- \/ Yoast SEO plugin. -->","yoast_head_json":{"title":"Plauk\u0173 \u0161amp\u016bnas atkuriamasis \"Restoring\" 250ml Aromatic 89 - Rutana - Ra\u0161tin\u0117s reikmenys","robots":{"index":"index","follow":"follow","max-snippet":"max-snippet:-1","max-image-preview":"max-image-preview:large","max-video-preview":"max-video-preview:-1"},"canonical":"https:\/\/rutana.lt\/en\/product\/plauku-sampunas-atkuriamasis-restoring-250ml-aromatic-89\/","og_locale":"en_US","og_type":"article","og_title":"Plauk\u0173 \u0161amp\u016bnas atkuriamasis \"Restoring\" 250ml Aromatic 89 - Rutana - Ra\u0161tin\u0117s reikmenys","og_description":"Atstatomasis \u0161amp\u016bnas su moring\u0173 aliejumi ir hidrolizuotu \u0161ilku \u2013 puikus pasirinkimas pa\u017eeistiems ir gyvybingum\u0105 praradusiems plaukams. Tinka vis\u0173 tip\u0173 plaukams. Atstatomasis \u0161amp\u016bnas yra sukurtas siekiant atkurti ir stiprinti j\u016bs\u0173 plaukus. Jo unikali formul\u0117 su moring\u0173 aliejumi ir hidrolizuotu \u0161ilku atkuria plauk\u0173 strukt\u016br\u0105 nuo \u0161akn\u0173 iki galiuk\u0173, ma\u017eindama l\u016b\u017ein\u0117jim\u0105 ir skatindama plauk\u0173 augim\u0105. Glicerinas ir pantenolis [&hellip;]","og_url":"https:\/\/rutana.lt\/en\/product\/plauku-sampunas-atkuriamasis-restoring-250ml-aromatic-89\/","og_site_name":"Rutana - Ra\u0161tin\u0117s reikmenys","article_publisher":"https:\/\/www.facebook.com\/RutanaKanceliarinesPrekes\/","article_modified_time":"2025-10-13T13:59:23+00:00","og_image":[{"width":1000,"height":1000,"url":"https:\/\/rutana.lt\/wp-content\/uploads\/2025\/09\/B196-452.jpg","type":"image\/jpeg"}],"twitter_card":"summary_large_image","schema":{"@context":"https:\/\/schema.org","@graph":[{"@type":"WebPage","@id":"https:\/\/rutana.lt\/produktas\/plauku-sampunas-atkuriamasis-restoring-250ml-aromatic-89\/","url":"https:\/\/rutana.lt\/produktas\/plauku-sampunas-atkuriamasis-restoring-250ml-aromatic-89\/","name":"Plauk\u0173 \u0161amp\u016bnas atkuriamasis \"Restoring\" 250ml Aromatic 89 - Rutana - Ra\u0161tin\u0117s reikmenys","isPartOf":{"@id":"https:\/\/rutana.lt\/#website"},"primaryImageOfPage":{"@id":"https:\/\/rutana.lt\/produktas\/plauku-sampunas-atkuriamasis-restoring-250ml-aromatic-89\/#primaryimage"},"image":{"@id":"https:\/\/rutana.lt\/produktas\/plauku-sampunas-atkuriamasis-restoring-250ml-aromatic-89\/#primaryimage"},"thumbnailUrl":"https:\/\/rutana.lt\/wp-content\/uploads\/2025\/09\/B196-452-1.jpg?v=1763563554","datePublished":"2025-09-03T08:06:12+00:00","dateModified":"2025-10-13T13:59:23+00:00","breadcrumb":{"@id":"https:\/\/rutana.lt\/produktas\/plauku-sampunas-atkuriamasis-restoring-250ml-aromatic-89\/#breadcrumb"},"inLanguage":"en-US","potentialAction":[{"@type":"ReadAction","target":["https:\/\/rutana.lt\/produktas\/plauku-sampunas-atkuriamasis-restoring-250ml-aromatic-89\/"]}]},{"@type":"ImageObject","inLanguage":"en-US","@id":"https:\/\/rutana.lt\/produktas\/plauku-sampunas-atkuriamasis-restoring-250ml-aromatic-89\/#primaryimage","url":"https:\/\/rutana.lt\/wp-content\/uploads\/2025\/09\/B196-452-1.jpg?v=1763563554","contentUrl":"https:\/\/rutana.lt\/wp-content\/uploads\/2025\/09\/B196-452-1.jpg?v=1763563554","width":1000,"height":1000},{"@type":"BreadcrumbList","@id":"https:\/\/rutana.lt\/produktas\/plauku-sampunas-atkuriamasis-restoring-250ml-aromatic-89\/#breadcrumb","itemListElement":[{"@type":"ListItem","position":1,"name":"Home","item":"https:\/\/rutana.lt\/"},{"@type":"ListItem","position":2,"name":"Parduotuv\u0117","item":"https:\/\/rutana.lt\/parduotuve\/"},{"@type":"ListItem","position":3,"name":"Plauk\u0173 \u0161amp\u016bnas atkuriamasis &#8222;Restoring&#8221; 250ml Aromatic 89"}]},{"@type":"WebSite","@id":"https:\/\/rutana.lt\/#website","url":"https:\/\/rutana.lt\/","name":"Rutana - Ra\u0161tin\u0117s reikmenys","description":"Prekiaujame pasaulin\u0117je rinkoje pripa\u017eintomis, kokybi\u0161komis biuro prek\u0117mis toki\u0173  gamintoj\u0173 kaip: Schneider, Esselte, Novus, 3M, Faber-Castell, Citizen, Milan, Leitz, Colop, Zebra, Staedtler, Durable, Tork, Parker, Waterman ir kt.","publisher":{"@id":"https:\/\/rutana.lt\/#organization"},"potentialAction":[{"@type":"SearchAction","target":{"@type":"EntryPoint","urlTemplate":"https:\/\/rutana.lt\/?s={search_term_string}"},"query-input":{"@type":"PropertyValueSpecification","valueRequired":true,"valueName":"search_term_string"}}],"inLanguage":"en-US"},{"@type":"Organization","@id":"https:\/\/rutana.lt\/#organization","name":"Rutana - Ra\u0161tin\u0117s reikmenys","url":"https:\/\/rutana.lt\/","logo":{"@type":"ImageObject","inLanguage":"en-US","@id":"https:\/\/rutana.lt\/#\/schema\/logo\/image\/","url":"https:\/\/rutana.lt\/wp-content\/uploads\/2025\/10\/Asset-32.png","contentUrl":"https:\/\/rutana.lt\/wp-content\/uploads\/2025\/10\/Asset-32.png","width":433,"height":119,"caption":"Rutana - Ra\u0161tin\u0117s reikmenys"},"image":{"@id":"https:\/\/rutana.lt\/#\/schema\/logo\/image\/"},"sameAs":["https:\/\/www.facebook.com\/RutanaKanceliarinesPrekes\/"]}]}},"_links":{"self":[{"href":"https:\/\/rutana.lt\/en\/wp-json\/wp\/v2\/product\/19431","targetHints":{"allow":["GET"]}}],"collection":[{"href":"https:\/\/rutana.lt\/en\/wp-json\/wp\/v2\/product"}],"about":[{"href":"https:\/\/rutana.lt\/en\/wp-json\/wp\/v2\/types\/product"}],"replies":[{"embeddable":true,"href":"https:\/\/rutana.lt\/en\/wp-json\/wp\/v2\/comments?post=19431"}],"version-history":[{"count":1,"href":"https:\/\/rutana.lt\/en\/wp-json\/wp\/v2\/product\/19431\/revisions"}],"predecessor-version":[{"id":19462,"href":"https:\/\/rutana.lt\/en\/wp-json\/wp\/v2\/product\/19431\/revisions\/19462"}],"wp:featuredmedia":[{"embeddable":true,"href":"https:\/\/rutana.lt\/en\/wp-json\/wp\/v2\/media\/30061"}],"wp:attachment":[{"href":"https:\/\/rutana.lt\/en\/wp-json\/wp\/v2\/media?parent=19431"}],"wp:term":[{"taxonomy":"product_brand","embeddable":true,"href":"https:\/\/rutana.lt\/en\/wp-json\/wp\/v2\/product_brand?post=19431"},{"taxonomy":"product_cat","embeddable":true,"href":"https:\/\/rutana.lt\/en\/wp-json\/wp\/v2\/product_cat?post=19431"},{"taxonomy":"product_tag","embeddable":true,"href":"https:\/\/rutana.lt\/en\/wp-json\/wp\/v2\/product_tag?post=19431"}],"curies":[{"name":"wp","href":"https:\/\/api.w.org\/{rel}","templated":true}]}}