{"id":19381,"date":"2025-09-03T10:05:49","date_gmt":"2025-09-03T08:05:49","guid":{"rendered":"https:\/\/rutana.webdemo.lt\/?post_type=product&#038;p=19381"},"modified":"2025-10-13T15:59:19","modified_gmt":"2025-10-13T13:59:19","slug":"automobilio-oro-gaiviklis-i-groteles-majesty-aromatic-89","status":"publish","type":"product","link":"https:\/\/rutana.lt\/en\/product\/automobilio-oro-gaiviklis-i-groteles-majesty-aromatic-89\/","title":{"rendered":"Automobilio oro gaiviklis \u012f groteles &#8222;Majesty&#8221; Aromatic 89"},"content":{"rendered":"<p>Gyvenimas yra \u012fsimintiniausi\u0173 akimirk\u0173 kelion\u0117, o praturtinta aromatingais kvap\u0173 \u017eaismais ji tampa dar malonesn\u0117. Minimalistinio dizaino oro gaiviklis yra eleganti\u0161ka J\u016bs\u0173 automobilio interjero puo\u0161mena, kuri pasirinktus kvapus skleid\u017eia net iki 30 dien\u0173! I\u0161skirtiniai kvapai juntami vos tik \u012fsta\u010dius gaivikl\u012f \u012f groteles, o \u012fjungus \u0161iltesn\u0119 oro srov\u0119 aromatai tik sustipr\u0117ja. Metalinis laikiklis yra daugkartinio naudojimo, tad pasibaigus pam\u0117gtam kvapui j\u012f bus galima panaudoti dar kart\u0105 ir papildyti nauja arba dar nei\u0161bandyta prabangi\u0173 aromat\u0173 kapsule. Automobilio oro gaiviklio paruo\u0161im\u0105 ir naudojim\u0105 sudaro vos keli \u017eingsniai, tad akimirksniu gal\u0117site m\u0117gautis u\u017eburian\u010diais aromatais savo transporto priemon\u0117je. Pirmiausia, atsukus priekin\u012f kvapo laikiklio dangtel\u012f, \u012fd\u0117kite pasirinkto kvapo kapsul\u0119 \u012f jai skirt\u0105 viet\u0105. V\u0117liau, u\u017esukus dangtel\u012f atgal, \u012fstatykite laikikl\u012f su kvapu \u012f automobilio oro groteles. Dabar jums beliko patogiai \u012fsitaisyti vairuotojo s\u0117dyn\u0117je ir u\u017ek\u016brus automobil\u012f pajusti naujos kelion\u0117s prad\u017ei\u0105! SVARBU: kvapo kapsul\u0117s efektyvumas stipriausias veikiant \u0161iltai oro cirkuliacijai.<\/p>\n<p class=\"MsoNoSpacing\">Kvapo pavadinimas: MAJESTY<\/p>\n<p class=\"MsoNoSpacing\" style=\"margin-bottom: 10px;\">Vir\u0161utin\u0117s natos: mandarinas, apelsinas, kinkanas.<\/p>\n<p class=\"MsoNoSpacing\" style=\"margin-bottom: 10px;\">Vidurin\u0117s natos: juod\u0173j\u0173 serbent\u0173 lapai, pakalnut\u0117, jazminas, abrikosas.<\/p>\n<p style=\"margin-bottom: 10px;\">\n<p class=\"MsoNoSpacing\" style=\"margin-bottom: 10px;\">Apatin\u0117s natos: sandalmedis, gintaras, vanil\u0117, baltasis muskusas.<\/p>\n<div>Gaiviklio matmenys: \u2205 3.7 cm<\/div>\n<div>Kilm\u0117s \u0161alis: Lietuva<\/div>\n<div><\/div>\n<p><iframe src=\"\/\/www.youtube.com\/embed\/u6_l81_Kktk\" width=\"640\" height=\"360\" frameborder=\"0\"><\/iframe><\/p>\n<div><\/div>\n<p class=\"MsoNoSpacing\"><o:p><br \/><\/o:p><\/p>","protected":false},"excerpt":{"rendered":"<p>Gyvenimas yra \u012fsimintiniausi\u0173 akimirk\u0173 kelion\u0117, o praturtinta aromatingais kvap\u0173 \u017eaismais ji tampa dar malonesn\u0117. Minimalistinio dizaino oro gaiviklis yra eleganti\u0161ka J\u016bs\u0173 automobilio interjero puo\u0161mena, kuri pasirinktus kvapus skleid\u017eia net iki 30 dien\u0173! I\u0161skirtiniai kvapai juntami vos tik \u012fsta\u010dius gaivikl\u012f \u012f groteles, o \u012fjungus \u0161iltesn\u0119 oro srov\u0119 aromatai tik sustipr\u0117ja. Metalinis laikiklis yra daugkartinio naudojimo, tad [&hellip;]<\/p>","protected":false},"featured_media":30051,"comment_status":"open","ping_status":"closed","template":"","meta":{"_season_start":"","_season_end":"","_season_days":"","_season_months":"","_season_auto_visibility":""},"product_brand":[789],"product_cat":[1896],"product_tag":[],"class_list":{"0":"post-19381","1":"product","2":"type-product","3":"status-publish","4":"has-post-thumbnail","6":"product_brand-aromatic-89","7":"product_cat-automobiliu-kvapai-ir-valymas","9":"first","10":"instock","11":"taxable","12":"shipping-taxable","13":"purchasable","14":"product-type-simple"},"yoast_head":"<!-- This site is optimized with the Yoast SEO plugin v26.1.1 - https:\/\/yoast.com\/wordpress\/plugins\/seo\/ -->\n<title>Automobilio oro gaiviklis \u012f groteles &quot;Majesty&quot; Aromatic 89 - Rutana - Ra\u0161tin\u0117s reikmenys<\/title>\n<meta name=\"robots\" content=\"index, follow, max-snippet:-1, max-image-preview:large, max-video-preview:-1\" \/>\n<link rel=\"canonical\" href=\"https:\/\/rutana.lt\/en\/product\/automobilio-oro-gaiviklis-i-groteles-majesty-aromatic-89\/\" \/>\n<meta property=\"og:locale\" content=\"en_US\" \/>\n<meta property=\"og:type\" content=\"article\" \/>\n<meta property=\"og:title\" content=\"Automobilio oro gaiviklis \u012f groteles &quot;Majesty&quot; Aromatic 89 - Rutana - Ra\u0161tin\u0117s reikmenys\" \/>\n<meta property=\"og:description\" content=\"Gyvenimas yra \u012fsimintiniausi\u0173 akimirk\u0173 kelion\u0117, o praturtinta aromatingais kvap\u0173 \u017eaismais ji tampa dar malonesn\u0117. Minimalistinio dizaino oro gaiviklis yra eleganti\u0161ka J\u016bs\u0173 automobilio interjero puo\u0161mena, kuri pasirinktus kvapus skleid\u017eia net iki 30 dien\u0173! I\u0161skirtiniai kvapai juntami vos tik \u012fsta\u010dius gaivikl\u012f \u012f groteles, o \u012fjungus \u0161iltesn\u0119 oro srov\u0119 aromatai tik sustipr\u0117ja. Metalinis laikiklis yra daugkartinio naudojimo, tad [&hellip;]\" \/>\n<meta property=\"og:url\" content=\"https:\/\/rutana.lt\/en\/product\/automobilio-oro-gaiviklis-i-groteles-majesty-aromatic-89\/\" \/>\n<meta property=\"og:site_name\" content=\"Rutana - Ra\u0161tin\u0117s reikmenys\" \/>\n<meta property=\"article:publisher\" content=\"https:\/\/www.facebook.com\/RutanaKanceliarinesPrekes\/\" \/>\n<meta property=\"article:modified_time\" content=\"2025-10-13T13:59:19+00:00\" \/>\n<meta property=\"og:image\" content=\"https:\/\/rutana.lt\/wp-content\/uploads\/2025\/09\/B196-236.jpg\" \/>\n\t<meta property=\"og:image:width\" content=\"1000\" \/>\n\t<meta property=\"og:image:height\" content=\"1000\" \/>\n\t<meta property=\"og:image:type\" content=\"image\/jpeg\" \/>\n<meta name=\"twitter:card\" content=\"summary_large_image\" \/>\n<meta name=\"twitter:label1\" content=\"Est. reading time\" \/>\n\t<meta name=\"twitter:data1\" content=\"1 minute\" \/>\n<script type=\"application\/ld+json\" class=\"yoast-schema-graph\">{\"@context\":\"https:\/\/schema.org\",\"@graph\":[{\"@type\":\"WebPage\",\"@id\":\"https:\/\/rutana.lt\/produktas\/automobilio-oro-gaiviklis-i-groteles-majesty-aromatic-89\/\",\"url\":\"https:\/\/rutana.lt\/produktas\/automobilio-oro-gaiviklis-i-groteles-majesty-aromatic-89\/\",\"name\":\"Automobilio oro gaiviklis \u012f groteles \\\"Majesty\\\" Aromatic 89 - Rutana - Ra\u0161tin\u0117s reikmenys\",\"isPartOf\":{\"@id\":\"https:\/\/rutana.lt\/#website\"},\"primaryImageOfPage\":{\"@id\":\"https:\/\/rutana.lt\/produktas\/automobilio-oro-gaiviklis-i-groteles-majesty-aromatic-89\/#primaryimage\"},\"image\":{\"@id\":\"https:\/\/rutana.lt\/produktas\/automobilio-oro-gaiviklis-i-groteles-majesty-aromatic-89\/#primaryimage\"},\"thumbnailUrl\":\"https:\/\/rutana.lt\/wp-content\/uploads\/2025\/09\/B196-236-1.jpg?v=1763563571\",\"datePublished\":\"2025-09-03T08:05:49+00:00\",\"dateModified\":\"2025-10-13T13:59:19+00:00\",\"breadcrumb\":{\"@id\":\"https:\/\/rutana.lt\/produktas\/automobilio-oro-gaiviklis-i-groteles-majesty-aromatic-89\/#breadcrumb\"},\"inLanguage\":\"en-US\",\"potentialAction\":[{\"@type\":\"ReadAction\",\"target\":[\"https:\/\/rutana.lt\/produktas\/automobilio-oro-gaiviklis-i-groteles-majesty-aromatic-89\/\"]}]},{\"@type\":\"ImageObject\",\"inLanguage\":\"en-US\",\"@id\":\"https:\/\/rutana.lt\/produktas\/automobilio-oro-gaiviklis-i-groteles-majesty-aromatic-89\/#primaryimage\",\"url\":\"https:\/\/rutana.lt\/wp-content\/uploads\/2025\/09\/B196-236-1.jpg?v=1763563571\",\"contentUrl\":\"https:\/\/rutana.lt\/wp-content\/uploads\/2025\/09\/B196-236-1.jpg?v=1763563571\",\"width\":1000,\"height\":1000},{\"@type\":\"BreadcrumbList\",\"@id\":\"https:\/\/rutana.lt\/produktas\/automobilio-oro-gaiviklis-i-groteles-majesty-aromatic-89\/#breadcrumb\",\"itemListElement\":[{\"@type\":\"ListItem\",\"position\":1,\"name\":\"Home\",\"item\":\"https:\/\/rutana.lt\/\"},{\"@type\":\"ListItem\",\"position\":2,\"name\":\"Parduotuv\u0117\",\"item\":\"https:\/\/rutana.lt\/parduotuve\/\"},{\"@type\":\"ListItem\",\"position\":3,\"name\":\"Automobilio oro gaiviklis \u012f groteles &#8222;Majesty&#8221; Aromatic 89\"}]},{\"@type\":\"WebSite\",\"@id\":\"https:\/\/rutana.lt\/#website\",\"url\":\"https:\/\/rutana.lt\/\",\"name\":\"Rutana - Ra\u0161tin\u0117s reikmenys\",\"description\":\"Prekiaujame pasaulin\u0117je rinkoje pripa\u017eintomis, kokybi\u0161komis biuro prek\u0117mis toki\u0173  gamintoj\u0173 kaip: Schneider, Esselte, Novus, 3M, Faber-Castell, Citizen, Milan, Leitz, Colop, Zebra, Staedtler, Durable, Tork, Parker, Waterman ir kt.\",\"publisher\":{\"@id\":\"https:\/\/rutana.lt\/#organization\"},\"potentialAction\":[{\"@type\":\"SearchAction\",\"target\":{\"@type\":\"EntryPoint\",\"urlTemplate\":\"https:\/\/rutana.lt\/?s={search_term_string}\"},\"query-input\":{\"@type\":\"PropertyValueSpecification\",\"valueRequired\":true,\"valueName\":\"search_term_string\"}}],\"inLanguage\":\"en-US\"},{\"@type\":\"Organization\",\"@id\":\"https:\/\/rutana.lt\/#organization\",\"name\":\"Rutana - Ra\u0161tin\u0117s reikmenys\",\"url\":\"https:\/\/rutana.lt\/\",\"logo\":{\"@type\":\"ImageObject\",\"inLanguage\":\"en-US\",\"@id\":\"https:\/\/rutana.lt\/#\/schema\/logo\/image\/\",\"url\":\"https:\/\/rutana.lt\/wp-content\/uploads\/2025\/10\/Asset-32.png\",\"contentUrl\":\"https:\/\/rutana.lt\/wp-content\/uploads\/2025\/10\/Asset-32.png\",\"width\":433,\"height\":119,\"caption\":\"Rutana - Ra\u0161tin\u0117s reikmenys\"},\"image\":{\"@id\":\"https:\/\/rutana.lt\/#\/schema\/logo\/image\/\"},\"sameAs\":[\"https:\/\/www.facebook.com\/RutanaKanceliarinesPrekes\/\"]}]}<\/script>\n<!-- \/ Yoast SEO plugin. -->","yoast_head_json":{"title":"Automobilio oro gaiviklis \u012f groteles \"Majesty\" Aromatic 89 - Rutana - Ra\u0161tin\u0117s reikmenys","robots":{"index":"index","follow":"follow","max-snippet":"max-snippet:-1","max-image-preview":"max-image-preview:large","max-video-preview":"max-video-preview:-1"},"canonical":"https:\/\/rutana.lt\/en\/product\/automobilio-oro-gaiviklis-i-groteles-majesty-aromatic-89\/","og_locale":"en_US","og_type":"article","og_title":"Automobilio oro gaiviklis \u012f groteles \"Majesty\" Aromatic 89 - Rutana - Ra\u0161tin\u0117s reikmenys","og_description":"Gyvenimas yra \u012fsimintiniausi\u0173 akimirk\u0173 kelion\u0117, o praturtinta aromatingais kvap\u0173 \u017eaismais ji tampa dar malonesn\u0117. Minimalistinio dizaino oro gaiviklis yra eleganti\u0161ka J\u016bs\u0173 automobilio interjero puo\u0161mena, kuri pasirinktus kvapus skleid\u017eia net iki 30 dien\u0173! I\u0161skirtiniai kvapai juntami vos tik \u012fsta\u010dius gaivikl\u012f \u012f groteles, o \u012fjungus \u0161iltesn\u0119 oro srov\u0119 aromatai tik sustipr\u0117ja. Metalinis laikiklis yra daugkartinio naudojimo, tad [&hellip;]","og_url":"https:\/\/rutana.lt\/en\/product\/automobilio-oro-gaiviklis-i-groteles-majesty-aromatic-89\/","og_site_name":"Rutana - Ra\u0161tin\u0117s reikmenys","article_publisher":"https:\/\/www.facebook.com\/RutanaKanceliarinesPrekes\/","article_modified_time":"2025-10-13T13:59:19+00:00","og_image":[{"width":1000,"height":1000,"url":"https:\/\/rutana.lt\/wp-content\/uploads\/2025\/09\/B196-236.jpg","type":"image\/jpeg"}],"twitter_card":"summary_large_image","twitter_misc":{"Est. reading time":"1 minute"},"schema":{"@context":"https:\/\/schema.org","@graph":[{"@type":"WebPage","@id":"https:\/\/rutana.lt\/produktas\/automobilio-oro-gaiviklis-i-groteles-majesty-aromatic-89\/","url":"https:\/\/rutana.lt\/produktas\/automobilio-oro-gaiviklis-i-groteles-majesty-aromatic-89\/","name":"Automobilio oro gaiviklis \u012f groteles \"Majesty\" Aromatic 89 - Rutana - Ra\u0161tin\u0117s reikmenys","isPartOf":{"@id":"https:\/\/rutana.lt\/#website"},"primaryImageOfPage":{"@id":"https:\/\/rutana.lt\/produktas\/automobilio-oro-gaiviklis-i-groteles-majesty-aromatic-89\/#primaryimage"},"image":{"@id":"https:\/\/rutana.lt\/produktas\/automobilio-oro-gaiviklis-i-groteles-majesty-aromatic-89\/#primaryimage"},"thumbnailUrl":"https:\/\/rutana.lt\/wp-content\/uploads\/2025\/09\/B196-236-1.jpg?v=1763563571","datePublished":"2025-09-03T08:05:49+00:00","dateModified":"2025-10-13T13:59:19+00:00","breadcrumb":{"@id":"https:\/\/rutana.lt\/produktas\/automobilio-oro-gaiviklis-i-groteles-majesty-aromatic-89\/#breadcrumb"},"inLanguage":"en-US","potentialAction":[{"@type":"ReadAction","target":["https:\/\/rutana.lt\/produktas\/automobilio-oro-gaiviklis-i-groteles-majesty-aromatic-89\/"]}]},{"@type":"ImageObject","inLanguage":"en-US","@id":"https:\/\/rutana.lt\/produktas\/automobilio-oro-gaiviklis-i-groteles-majesty-aromatic-89\/#primaryimage","url":"https:\/\/rutana.lt\/wp-content\/uploads\/2025\/09\/B196-236-1.jpg?v=1763563571","contentUrl":"https:\/\/rutana.lt\/wp-content\/uploads\/2025\/09\/B196-236-1.jpg?v=1763563571","width":1000,"height":1000},{"@type":"BreadcrumbList","@id":"https:\/\/rutana.lt\/produktas\/automobilio-oro-gaiviklis-i-groteles-majesty-aromatic-89\/#breadcrumb","itemListElement":[{"@type":"ListItem","position":1,"name":"Home","item":"https:\/\/rutana.lt\/"},{"@type":"ListItem","position":2,"name":"Parduotuv\u0117","item":"https:\/\/rutana.lt\/parduotuve\/"},{"@type":"ListItem","position":3,"name":"Automobilio oro gaiviklis \u012f groteles &#8222;Majesty&#8221; Aromatic 89"}]},{"@type":"WebSite","@id":"https:\/\/rutana.lt\/#website","url":"https:\/\/rutana.lt\/","name":"Rutana - Ra\u0161tin\u0117s reikmenys","description":"Prekiaujame pasaulin\u0117je rinkoje pripa\u017eintomis, kokybi\u0161komis biuro prek\u0117mis toki\u0173  gamintoj\u0173 kaip: Schneider, Esselte, Novus, 3M, Faber-Castell, Citizen, Milan, Leitz, Colop, Zebra, Staedtler, Durable, Tork, Parker, Waterman ir kt.","publisher":{"@id":"https:\/\/rutana.lt\/#organization"},"potentialAction":[{"@type":"SearchAction","target":{"@type":"EntryPoint","urlTemplate":"https:\/\/rutana.lt\/?s={search_term_string}"},"query-input":{"@type":"PropertyValueSpecification","valueRequired":true,"valueName":"search_term_string"}}],"inLanguage":"en-US"},{"@type":"Organization","@id":"https:\/\/rutana.lt\/#organization","name":"Rutana - Ra\u0161tin\u0117s reikmenys","url":"https:\/\/rutana.lt\/","logo":{"@type":"ImageObject","inLanguage":"en-US","@id":"https:\/\/rutana.lt\/#\/schema\/logo\/image\/","url":"https:\/\/rutana.lt\/wp-content\/uploads\/2025\/10\/Asset-32.png","contentUrl":"https:\/\/rutana.lt\/wp-content\/uploads\/2025\/10\/Asset-32.png","width":433,"height":119,"caption":"Rutana - Ra\u0161tin\u0117s reikmenys"},"image":{"@id":"https:\/\/rutana.lt\/#\/schema\/logo\/image\/"},"sameAs":["https:\/\/www.facebook.com\/RutanaKanceliarinesPrekes\/"]}]}},"_links":{"self":[{"href":"https:\/\/rutana.lt\/en\/wp-json\/wp\/v2\/product\/19381","targetHints":{"allow":["GET"]}}],"collection":[{"href":"https:\/\/rutana.lt\/en\/wp-json\/wp\/v2\/product"}],"about":[{"href":"https:\/\/rutana.lt\/en\/wp-json\/wp\/v2\/types\/product"}],"replies":[{"embeddable":true,"href":"https:\/\/rutana.lt\/en\/wp-json\/wp\/v2\/comments?post=19381"}],"version-history":[{"count":1,"href":"https:\/\/rutana.lt\/en\/wp-json\/wp\/v2\/product\/19381\/revisions"}],"predecessor-version":[{"id":19422,"href":"https:\/\/rutana.lt\/en\/wp-json\/wp\/v2\/product\/19381\/revisions\/19422"}],"wp:featuredmedia":[{"embeddable":true,"href":"https:\/\/rutana.lt\/en\/wp-json\/wp\/v2\/media\/30051"}],"wp:attachment":[{"href":"https:\/\/rutana.lt\/en\/wp-json\/wp\/v2\/media?parent=19381"}],"wp:term":[{"taxonomy":"product_brand","embeddable":true,"href":"https:\/\/rutana.lt\/en\/wp-json\/wp\/v2\/product_brand?post=19381"},{"taxonomy":"product_cat","embeddable":true,"href":"https:\/\/rutana.lt\/en\/wp-json\/wp\/v2\/product_cat?post=19381"},{"taxonomy":"product_tag","embeddable":true,"href":"https:\/\/rutana.lt\/en\/wp-json\/wp\/v2\/product_tag?post=19381"}],"curies":[{"name":"wp","href":"https:\/\/api.w.org\/{rel}","templated":true}]}}