{"id":19373,"date":"2025-09-03T10:05:48","date_gmt":"2025-09-03T08:05:48","guid":{"rendered":"https:\/\/rutana.webdemo.lt\/?post_type=product&#038;p=19373"},"modified":"2025-10-13T15:59:15","modified_gmt":"2025-10-13T13:59:15","slug":"eterinis-aliejus-100-kedru-kiparisu-10ml-aromatic-89","status":"publish","type":"product","link":"https:\/\/rutana.lt\/en\/product\/eterinis-aliejus-100-kedru-kiparisu-10ml-aromatic-89\/","title":{"rendered":"Eterinis aliejus 100% &#8222;Kedr\u0173&#8221; (kiparis\u0173) 10ml Aromatic 89"},"content":{"rendered":"<p>\u0160imtaprocentinio nat\u016bralumo eteriniai aliejai kupini t\u016bkstan\u010dio nauding\u0173 savybi\u0173, kurios praturtins J\u016bs\u0173 kasdienes gro\u017eio ar vandens proced\u016bras. Rank\u0173 darbo eteriniai aliejai pagaminti tik i\u0161 \u0161imtaprocentini\u0173 nat\u016brali\u0173 ingredient\u0173 ir pasi\u017eymi gamtos \u012fkv\u0117ptais aromatais. Koncentruotas augal\u0173 mi\u0161inys kupinas universali\u0173 savybi\u0173, kurios teigiamai veikia \u017emogaus sveikat\u0105 ir savijaut\u0105. D\u0117l savo efektyvumo, eteriniai aliejai gali b\u016bt pritaikyti \u012fvairiausiose srityse \u2013 aromaterapijoje, vandens ar gro\u017eio proced\u016brose. Skirting\u0173 r\u016b\u0161i\u0173 aliejai turi organizm\u0105 stiprinan\u010di\u0173 bei sveikat\u0105 gerinan\u010di\u0173 savybi\u0173. Pavyzd\u017eiui, citrin\u017eol\u0117s su verbena teigiamai veikia vir\u0161kinimo bei nerv\u0173 sistem\u0105, dr\u0117kina od\u0105 ir valo poras nuo susikaupusi\u0173 toksin\u0173. Eukalipt\u0173 ir \u017eali\u0173j\u0173 citrin\u0173 draugyst\u0117 stiprina imunin\u0119 sistem\u0105, o cinamono aliejai atlieka \u0161ildom\u0105sias funkcijas, ma\u017eina raumen\u0173 skausm\u0105 ir skatina kraujotak\u0105. Verta pamin\u0117ti ir tai, kad eteriniai aliejai turi ir savijaut\u0105 gerinan\u010di\u0173 savybi\u0173. Apelsin\u0173 \u017eievel\u0117s aliejus veikia kaip antidepresantas ir ramina organizm\u0105 nuo patirto streso ar \u012ftampos, o kanang\u0173 ir jazmin\u0173 duetas slopina li\u016bdnas, negatyvias emocijas. Nat\u016brali\u0173 eterini\u0173 aliej\u0173 mi\u0161iniais praturtinta kasdienyb\u0117 atgaivins J\u016bs\u0173 k\u016bn\u0105 ir sustiprins organizm\u0105, o po atpalaiduojan\u010di\u0173 proced\u016br\u0173 jausit\u0117s kupini nauj\u0173 j\u0117g\u0173 ir emocij\u0173!<\/p>\n<p>Sodraus atspalvio, \u0161ilto ir sodraus medienos kvapo, kedr\u0173 ( lot. Cupressus funebris ) eterinis aliejus suteikia daugyb\u0119 privalum\u0173, da\u017enai naudojamas masa\u017eo terapijoje.<\/p>\n<p>Talpa: 10 ml<\/p>\n<p>Kvapas: Kedr\u0173 ( kiparis\u0173 )<\/p>\n<p class=\"MsoNoSpacing\">Galiojimo laikas: 12 m\u0117nesi\u0173 nuo atidarymo datos<\/p>\n<p class=\"MsoNoSpacing\"><o:p>Kilm\u0117s \u0161alis: Lietuva<\/o:p><\/p>\n<div class=\"legal-info\" style=\"width: 1434px; text-align: right; font-style: italic; font-size: 10px; color: rgb(33, 33, 33); transition: none 0s ease 0s !important;\"><\/div>\n<p class=\"MsoNoSpacing\"><o:p><br \/><\/o:p><\/p>","protected":false},"excerpt":{"rendered":"<p>\u0160imtaprocentinio nat\u016bralumo eteriniai aliejai kupini t\u016bkstan\u010dio nauding\u0173 savybi\u0173, kurios praturtins J\u016bs\u0173 kasdienes gro\u017eio ar vandens proced\u016bras. Rank\u0173 darbo eteriniai aliejai pagaminti tik i\u0161 \u0161imtaprocentini\u0173 nat\u016brali\u0173 ingredient\u0173 ir pasi\u017eymi gamtos \u012fkv\u0117ptais aromatais. Koncentruotas augal\u0173 mi\u0161inys kupinas universali\u0173 savybi\u0173, kurios teigiamai veikia \u017emogaus sveikat\u0105 ir savijaut\u0105. D\u0117l savo efektyvumo, eteriniai aliejai gali b\u016bt pritaikyti \u012fvairiausiose srityse \u2013 [&hellip;]<\/p>","protected":false},"featured_media":30043,"comment_status":"open","ping_status":"closed","template":"","meta":{"_season_start":"","_season_end":"","_season_days":"","_season_months":"","_season_auto_visibility":""},"product_brand":[789],"product_cat":[1703],"product_tag":[],"class_list":{"0":"post-19373","1":"product","2":"type-product","3":"status-publish","4":"has-post-thumbnail","6":"product_brand-aromatic-89","7":"product_cat-parfumuoti-kvapai","9":"first","10":"instock","11":"taxable","12":"shipping-taxable","13":"purchasable","14":"product-type-simple"},"yoast_head":"<!-- This site is optimized with the Yoast SEO plugin v26.1.1 - https:\/\/yoast.com\/wordpress\/plugins\/seo\/ -->\n<title>Eterinis aliejus 100% &quot;Kedr\u0173&quot; (kiparis\u0173) 10ml Aromatic 89 - Rutana - Ra\u0161tin\u0117s reikmenys<\/title>\n<meta name=\"robots\" content=\"index, follow, max-snippet:-1, max-image-preview:large, max-video-preview:-1\" \/>\n<link rel=\"canonical\" href=\"https:\/\/rutana.lt\/en\/product\/eterinis-aliejus-100-kedru-kiparisu-10ml-aromatic-89\/\" \/>\n<meta property=\"og:locale\" content=\"en_US\" \/>\n<meta property=\"og:type\" content=\"article\" \/>\n<meta property=\"og:title\" content=\"Eterinis aliejus 100% &quot;Kedr\u0173&quot; (kiparis\u0173) 10ml Aromatic 89 - Rutana - Ra\u0161tin\u0117s reikmenys\" \/>\n<meta property=\"og:description\" content=\"\u0160imtaprocentinio nat\u016bralumo eteriniai aliejai kupini t\u016bkstan\u010dio nauding\u0173 savybi\u0173, kurios praturtins J\u016bs\u0173 kasdienes gro\u017eio ar vandens proced\u016bras. Rank\u0173 darbo eteriniai aliejai pagaminti tik i\u0161 \u0161imtaprocentini\u0173 nat\u016brali\u0173 ingredient\u0173 ir pasi\u017eymi gamtos \u012fkv\u0117ptais aromatais. Koncentruotas augal\u0173 mi\u0161inys kupinas universali\u0173 savybi\u0173, kurios teigiamai veikia \u017emogaus sveikat\u0105 ir savijaut\u0105. D\u0117l savo efektyvumo, eteriniai aliejai gali b\u016bt pritaikyti \u012fvairiausiose srityse \u2013 [&hellip;]\" \/>\n<meta property=\"og:url\" content=\"https:\/\/rutana.lt\/en\/product\/eterinis-aliejus-100-kedru-kiparisu-10ml-aromatic-89\/\" \/>\n<meta property=\"og:site_name\" content=\"Rutana - Ra\u0161tin\u0117s reikmenys\" \/>\n<meta property=\"article:publisher\" content=\"https:\/\/www.facebook.com\/RutanaKanceliarinesPrekes\/\" \/>\n<meta property=\"article:modified_time\" content=\"2025-10-13T13:59:15+00:00\" \/>\n<meta property=\"og:image\" content=\"https:\/\/rutana.lt\/wp-content\/uploads\/2025\/09\/B196-385.jpg\" \/>\n\t<meta property=\"og:image:width\" content=\"1000\" \/>\n\t<meta property=\"og:image:height\" content=\"1000\" \/>\n\t<meta property=\"og:image:type\" content=\"image\/jpeg\" \/>\n<meta name=\"twitter:card\" content=\"summary_large_image\" \/>\n<meta name=\"twitter:label1\" content=\"Est. reading time\" \/>\n\t<meta name=\"twitter:data1\" content=\"1 minute\" \/>\n<script type=\"application\/ld+json\" class=\"yoast-schema-graph\">{\"@context\":\"https:\/\/schema.org\",\"@graph\":[{\"@type\":\"WebPage\",\"@id\":\"https:\/\/rutana.lt\/produktas\/eterinis-aliejus-100-kedru-kiparisu-10ml-aromatic-89\/\",\"url\":\"https:\/\/rutana.lt\/produktas\/eterinis-aliejus-100-kedru-kiparisu-10ml-aromatic-89\/\",\"name\":\"Eterinis aliejus 100% \\\"Kedr\u0173\\\" (kiparis\u0173) 10ml Aromatic 89 - Rutana - Ra\u0161tin\u0117s reikmenys\",\"isPartOf\":{\"@id\":\"https:\/\/rutana.lt\/#website\"},\"primaryImageOfPage\":{\"@id\":\"https:\/\/rutana.lt\/produktas\/eterinis-aliejus-100-kedru-kiparisu-10ml-aromatic-89\/#primaryimage\"},\"image\":{\"@id\":\"https:\/\/rutana.lt\/produktas\/eterinis-aliejus-100-kedru-kiparisu-10ml-aromatic-89\/#primaryimage\"},\"thumbnailUrl\":\"https:\/\/rutana.lt\/wp-content\/uploads\/2025\/09\/B196-385-1.jpg?v=1763563583\",\"datePublished\":\"2025-09-03T08:05:48+00:00\",\"dateModified\":\"2025-10-13T13:59:15+00:00\",\"breadcrumb\":{\"@id\":\"https:\/\/rutana.lt\/produktas\/eterinis-aliejus-100-kedru-kiparisu-10ml-aromatic-89\/#breadcrumb\"},\"inLanguage\":\"en-US\",\"potentialAction\":[{\"@type\":\"ReadAction\",\"target\":[\"https:\/\/rutana.lt\/produktas\/eterinis-aliejus-100-kedru-kiparisu-10ml-aromatic-89\/\"]}]},{\"@type\":\"ImageObject\",\"inLanguage\":\"en-US\",\"@id\":\"https:\/\/rutana.lt\/produktas\/eterinis-aliejus-100-kedru-kiparisu-10ml-aromatic-89\/#primaryimage\",\"url\":\"https:\/\/rutana.lt\/wp-content\/uploads\/2025\/09\/B196-385-1.jpg?v=1763563583\",\"contentUrl\":\"https:\/\/rutana.lt\/wp-content\/uploads\/2025\/09\/B196-385-1.jpg?v=1763563583\",\"width\":1000,\"height\":1000},{\"@type\":\"BreadcrumbList\",\"@id\":\"https:\/\/rutana.lt\/produktas\/eterinis-aliejus-100-kedru-kiparisu-10ml-aromatic-89\/#breadcrumb\",\"itemListElement\":[{\"@type\":\"ListItem\",\"position\":1,\"name\":\"Home\",\"item\":\"https:\/\/rutana.lt\/\"},{\"@type\":\"ListItem\",\"position\":2,\"name\":\"Parduotuv\u0117\",\"item\":\"https:\/\/rutana.lt\/parduotuve\/\"},{\"@type\":\"ListItem\",\"position\":3,\"name\":\"Eterinis aliejus 100% &#8222;Kedr\u0173&#8221; (kiparis\u0173) 10ml Aromatic 89\"}]},{\"@type\":\"WebSite\",\"@id\":\"https:\/\/rutana.lt\/#website\",\"url\":\"https:\/\/rutana.lt\/\",\"name\":\"Rutana - Ra\u0161tin\u0117s reikmenys\",\"description\":\"Prekiaujame pasaulin\u0117je rinkoje pripa\u017eintomis, kokybi\u0161komis biuro prek\u0117mis toki\u0173  gamintoj\u0173 kaip: Schneider, Esselte, Novus, 3M, Faber-Castell, Citizen, Milan, Leitz, Colop, Zebra, Staedtler, Durable, Tork, Parker, Waterman ir kt.\",\"publisher\":{\"@id\":\"https:\/\/rutana.lt\/#organization\"},\"potentialAction\":[{\"@type\":\"SearchAction\",\"target\":{\"@type\":\"EntryPoint\",\"urlTemplate\":\"https:\/\/rutana.lt\/?s={search_term_string}\"},\"query-input\":{\"@type\":\"PropertyValueSpecification\",\"valueRequired\":true,\"valueName\":\"search_term_string\"}}],\"inLanguage\":\"en-US\"},{\"@type\":\"Organization\",\"@id\":\"https:\/\/rutana.lt\/#organization\",\"name\":\"Rutana - Ra\u0161tin\u0117s reikmenys\",\"url\":\"https:\/\/rutana.lt\/\",\"logo\":{\"@type\":\"ImageObject\",\"inLanguage\":\"en-US\",\"@id\":\"https:\/\/rutana.lt\/#\/schema\/logo\/image\/\",\"url\":\"https:\/\/rutana.lt\/wp-content\/uploads\/2025\/10\/Asset-32.png\",\"contentUrl\":\"https:\/\/rutana.lt\/wp-content\/uploads\/2025\/10\/Asset-32.png\",\"width\":433,\"height\":119,\"caption\":\"Rutana - Ra\u0161tin\u0117s reikmenys\"},\"image\":{\"@id\":\"https:\/\/rutana.lt\/#\/schema\/logo\/image\/\"},\"sameAs\":[\"https:\/\/www.facebook.com\/RutanaKanceliarinesPrekes\/\"]}]}<\/script>\n<!-- \/ Yoast SEO plugin. -->","yoast_head_json":{"title":"Eterinis aliejus 100% \"Kedr\u0173\" (kiparis\u0173) 10ml Aromatic 89 - Rutana - Ra\u0161tin\u0117s reikmenys","robots":{"index":"index","follow":"follow","max-snippet":"max-snippet:-1","max-image-preview":"max-image-preview:large","max-video-preview":"max-video-preview:-1"},"canonical":"https:\/\/rutana.lt\/en\/product\/eterinis-aliejus-100-kedru-kiparisu-10ml-aromatic-89\/","og_locale":"en_US","og_type":"article","og_title":"Eterinis aliejus 100% \"Kedr\u0173\" (kiparis\u0173) 10ml Aromatic 89 - Rutana - Ra\u0161tin\u0117s reikmenys","og_description":"\u0160imtaprocentinio nat\u016bralumo eteriniai aliejai kupini t\u016bkstan\u010dio nauding\u0173 savybi\u0173, kurios praturtins J\u016bs\u0173 kasdienes gro\u017eio ar vandens proced\u016bras. Rank\u0173 darbo eteriniai aliejai pagaminti tik i\u0161 \u0161imtaprocentini\u0173 nat\u016brali\u0173 ingredient\u0173 ir pasi\u017eymi gamtos \u012fkv\u0117ptais aromatais. Koncentruotas augal\u0173 mi\u0161inys kupinas universali\u0173 savybi\u0173, kurios teigiamai veikia \u017emogaus sveikat\u0105 ir savijaut\u0105. D\u0117l savo efektyvumo, eteriniai aliejai gali b\u016bt pritaikyti \u012fvairiausiose srityse \u2013 [&hellip;]","og_url":"https:\/\/rutana.lt\/en\/product\/eterinis-aliejus-100-kedru-kiparisu-10ml-aromatic-89\/","og_site_name":"Rutana - Ra\u0161tin\u0117s reikmenys","article_publisher":"https:\/\/www.facebook.com\/RutanaKanceliarinesPrekes\/","article_modified_time":"2025-10-13T13:59:15+00:00","og_image":[{"width":1000,"height":1000,"url":"https:\/\/rutana.lt\/wp-content\/uploads\/2025\/09\/B196-385.jpg","type":"image\/jpeg"}],"twitter_card":"summary_large_image","twitter_misc":{"Est. reading time":"1 minute"},"schema":{"@context":"https:\/\/schema.org","@graph":[{"@type":"WebPage","@id":"https:\/\/rutana.lt\/produktas\/eterinis-aliejus-100-kedru-kiparisu-10ml-aromatic-89\/","url":"https:\/\/rutana.lt\/produktas\/eterinis-aliejus-100-kedru-kiparisu-10ml-aromatic-89\/","name":"Eterinis aliejus 100% \"Kedr\u0173\" (kiparis\u0173) 10ml Aromatic 89 - Rutana - Ra\u0161tin\u0117s reikmenys","isPartOf":{"@id":"https:\/\/rutana.lt\/#website"},"primaryImageOfPage":{"@id":"https:\/\/rutana.lt\/produktas\/eterinis-aliejus-100-kedru-kiparisu-10ml-aromatic-89\/#primaryimage"},"image":{"@id":"https:\/\/rutana.lt\/produktas\/eterinis-aliejus-100-kedru-kiparisu-10ml-aromatic-89\/#primaryimage"},"thumbnailUrl":"https:\/\/rutana.lt\/wp-content\/uploads\/2025\/09\/B196-385-1.jpg?v=1763563583","datePublished":"2025-09-03T08:05:48+00:00","dateModified":"2025-10-13T13:59:15+00:00","breadcrumb":{"@id":"https:\/\/rutana.lt\/produktas\/eterinis-aliejus-100-kedru-kiparisu-10ml-aromatic-89\/#breadcrumb"},"inLanguage":"en-US","potentialAction":[{"@type":"ReadAction","target":["https:\/\/rutana.lt\/produktas\/eterinis-aliejus-100-kedru-kiparisu-10ml-aromatic-89\/"]}]},{"@type":"ImageObject","inLanguage":"en-US","@id":"https:\/\/rutana.lt\/produktas\/eterinis-aliejus-100-kedru-kiparisu-10ml-aromatic-89\/#primaryimage","url":"https:\/\/rutana.lt\/wp-content\/uploads\/2025\/09\/B196-385-1.jpg?v=1763563583","contentUrl":"https:\/\/rutana.lt\/wp-content\/uploads\/2025\/09\/B196-385-1.jpg?v=1763563583","width":1000,"height":1000},{"@type":"BreadcrumbList","@id":"https:\/\/rutana.lt\/produktas\/eterinis-aliejus-100-kedru-kiparisu-10ml-aromatic-89\/#breadcrumb","itemListElement":[{"@type":"ListItem","position":1,"name":"Home","item":"https:\/\/rutana.lt\/"},{"@type":"ListItem","position":2,"name":"Parduotuv\u0117","item":"https:\/\/rutana.lt\/parduotuve\/"},{"@type":"ListItem","position":3,"name":"Eterinis aliejus 100% &#8222;Kedr\u0173&#8221; (kiparis\u0173) 10ml Aromatic 89"}]},{"@type":"WebSite","@id":"https:\/\/rutana.lt\/#website","url":"https:\/\/rutana.lt\/","name":"Rutana - Ra\u0161tin\u0117s reikmenys","description":"Prekiaujame pasaulin\u0117je rinkoje pripa\u017eintomis, kokybi\u0161komis biuro prek\u0117mis toki\u0173  gamintoj\u0173 kaip: Schneider, Esselte, Novus, 3M, Faber-Castell, Citizen, Milan, Leitz, Colop, Zebra, Staedtler, Durable, Tork, Parker, Waterman ir kt.","publisher":{"@id":"https:\/\/rutana.lt\/#organization"},"potentialAction":[{"@type":"SearchAction","target":{"@type":"EntryPoint","urlTemplate":"https:\/\/rutana.lt\/?s={search_term_string}"},"query-input":{"@type":"PropertyValueSpecification","valueRequired":true,"valueName":"search_term_string"}}],"inLanguage":"en-US"},{"@type":"Organization","@id":"https:\/\/rutana.lt\/#organization","name":"Rutana - Ra\u0161tin\u0117s reikmenys","url":"https:\/\/rutana.lt\/","logo":{"@type":"ImageObject","inLanguage":"en-US","@id":"https:\/\/rutana.lt\/#\/schema\/logo\/image\/","url":"https:\/\/rutana.lt\/wp-content\/uploads\/2025\/10\/Asset-32.png","contentUrl":"https:\/\/rutana.lt\/wp-content\/uploads\/2025\/10\/Asset-32.png","width":433,"height":119,"caption":"Rutana - Ra\u0161tin\u0117s reikmenys"},"image":{"@id":"https:\/\/rutana.lt\/#\/schema\/logo\/image\/"},"sameAs":["https:\/\/www.facebook.com\/RutanaKanceliarinesPrekes\/"]}]}},"_links":{"self":[{"href":"https:\/\/rutana.lt\/en\/wp-json\/wp\/v2\/product\/19373","targetHints":{"allow":["GET"]}}],"collection":[{"href":"https:\/\/rutana.lt\/en\/wp-json\/wp\/v2\/product"}],"about":[{"href":"https:\/\/rutana.lt\/en\/wp-json\/wp\/v2\/types\/product"}],"replies":[{"embeddable":true,"href":"https:\/\/rutana.lt\/en\/wp-json\/wp\/v2\/comments?post=19373"}],"version-history":[{"count":1,"href":"https:\/\/rutana.lt\/en\/wp-json\/wp\/v2\/product\/19373\/revisions"}],"predecessor-version":[{"id":19406,"href":"https:\/\/rutana.lt\/en\/wp-json\/wp\/v2\/product\/19373\/revisions\/19406"}],"wp:featuredmedia":[{"embeddable":true,"href":"https:\/\/rutana.lt\/en\/wp-json\/wp\/v2\/media\/30043"}],"wp:attachment":[{"href":"https:\/\/rutana.lt\/en\/wp-json\/wp\/v2\/media?parent=19373"}],"wp:term":[{"taxonomy":"product_brand","embeddable":true,"href":"https:\/\/rutana.lt\/en\/wp-json\/wp\/v2\/product_brand?post=19373"},{"taxonomy":"product_cat","embeddable":true,"href":"https:\/\/rutana.lt\/en\/wp-json\/wp\/v2\/product_cat?post=19373"},{"taxonomy":"product_tag","embeddable":true,"href":"https:\/\/rutana.lt\/en\/wp-json\/wp\/v2\/product_tag?post=19373"}],"curies":[{"name":"wp","href":"https:\/\/api.w.org\/{rel}","templated":true}]}}