{"id":19369,"date":"2025-09-03T10:05:48","date_gmt":"2025-09-03T08:05:48","guid":{"rendered":"https:\/\/rutana.webdemo.lt\/?post_type=product&#038;p=19369"},"modified":"2025-10-13T15:59:13","modified_gmt":"2025-10-13T13:59:13","slug":"pastatomas-bukletu-laikiklis-a5-202102","status":"publish","type":"product","link":"https:\/\/rutana.lt\/en\/product\/pastatomas-bukletu-laikiklis-a5-202102\/","title":{"rendered":"Pastatomas buklet\u0173 laikiklis A5  202102"},"content":{"rendered":"<p>Laikiklis skirtas A5 formato spaudiniams, bukletams, bro\u0161i\u016broms, skrajut\u0117ms laikyti. Stovas yra pastatomas. Pagamintas i\u0161 labai tvirto ir ypatingai skaidraus plastiko. <\/p>\n<p>Formatas: A5 ( 148 x 210 mm )<\/p>\n<p>Laikiklio matmenys: 162 x 198 x 83 mm<\/p>\n<p>Kilm\u0117s \u0161alis: EU<\/p>\n<p><\/p>\n<p><\/p>","protected":false},"excerpt":{"rendered":"<p>Laikiklis skirtas A5 formato spaudiniams, bukletams, bro\u0161i\u016broms, skrajut\u0117ms laikyti. Stovas yra pastatomas. Pagamintas i\u0161 labai tvirto ir ypatingai skaidraus plastiko. Formatas: A5 ( 148 x 210 mm ) Laikiklio matmenys: 162 x 198 x 83 mm Kilm\u0117s \u0161alis: EU<\/p>","protected":false},"featured_media":30039,"comment_status":"open","ping_status":"closed","template":"","meta":{"_season_start":"","_season_end":"","_season_days":"","_season_months":"","_season_auto_visibility":""},"product_brand":[83],"product_cat":[1654,1655,1653],"product_tag":[],"class_list":{"0":"post-19369","1":"product","2":"type-product","3":"status-publish","4":"has-post-thumbnail","6":"product_brand-null","7":"product_cat-brosiuru-deklai","8":"product_cat-informacines-lentynos","9":"product_cat-informaciniai-stovai","11":"first","12":"instock","13":"taxable","14":"shipping-taxable","15":"purchasable","16":"product-type-simple"},"yoast_head":"<!-- This site is optimized with the Yoast SEO plugin v27.4 - https:\/\/yoast.com\/product\/yoast-seo-wordpress\/ -->\n<title>Pastatomas buklet\u0173 laikiklis A5 202102 - Rutana - Ra\u0161tin\u0117s reikmenys<\/title>\n<meta name=\"robots\" content=\"index, follow, max-snippet:-1, max-image-preview:large, max-video-preview:-1\" \/>\n<link rel=\"canonical\" href=\"https:\/\/rutana.lt\/en\/product\/pastatomas-bukletu-laikiklis-a5-202102\/\" \/>\n<meta property=\"og:locale\" content=\"en_US\" \/>\n<meta property=\"og:type\" content=\"article\" \/>\n<meta property=\"og:title\" content=\"Pastatomas buklet\u0173 laikiklis A5 202102 - Rutana - Ra\u0161tin\u0117s reikmenys\" \/>\n<meta property=\"og:description\" content=\"Laikiklis skirtas A5 formato spaudiniams, bukletams, bro\u0161i\u016broms, skrajut\u0117ms laikyti. Stovas yra pastatomas. Pagamintas i\u0161 labai tvirto ir ypatingai skaidraus plastiko. Formatas: A5 ( 148 x 210 mm ) Laikiklio matmenys: 162 x 198 x 83 mm Kilm\u0117s \u0161alis: EU\" \/>\n<meta property=\"og:url\" content=\"https:\/\/rutana.lt\/en\/product\/pastatomas-bukletu-laikiklis-a5-202102\/\" \/>\n<meta property=\"og:site_name\" content=\"Rutana - Ra\u0161tin\u0117s reikmenys\" \/>\n<meta property=\"article:publisher\" content=\"https:\/\/www.facebook.com\/RutanaKanceliarinesPrekes\/\" \/>\n<meta property=\"article:modified_time\" content=\"2025-10-13T13:59:13+00:00\" \/>\n<meta property=\"og:image\" content=\"https:\/\/rutana.lt\/wp-content\/uploads\/2025\/09\/B043-408.jpg\" \/>\n\t<meta property=\"og:image:width\" content=\"1000\" \/>\n\t<meta property=\"og:image:height\" content=\"1000\" \/>\n\t<meta property=\"og:image:type\" content=\"image\/jpeg\" \/>\n<meta name=\"twitter:card\" content=\"summary_large_image\" \/>\n<script type=\"application\/ld+json\" class=\"yoast-schema-graph\">{\"@context\":\"https:\\\/\\\/schema.org\",\"@graph\":[{\"@type\":\"WebPage\",\"@id\":\"https:\\\/\\\/rutana.lt\\\/produktas\\\/pastatomas-bukletu-laikiklis-a5-202102\\\/\",\"url\":\"https:\\\/\\\/rutana.lt\\\/produktas\\\/pastatomas-bukletu-laikiklis-a5-202102\\\/\",\"name\":\"Pastatomas buklet\u0173 laikiklis A5 202102 - Rutana - Ra\u0161tin\u0117s reikmenys\",\"isPartOf\":{\"@id\":\"https:\\\/\\\/rutana.lt\\\/#website\"},\"primaryImageOfPage\":{\"@id\":\"https:\\\/\\\/rutana.lt\\\/produktas\\\/pastatomas-bukletu-laikiklis-a5-202102\\\/#primaryimage\"},\"image\":{\"@id\":\"https:\\\/\\\/rutana.lt\\\/produktas\\\/pastatomas-bukletu-laikiklis-a5-202102\\\/#primaryimage\"},\"thumbnailUrl\":\"https:\\\/\\\/rutana.lt\\\/wp-content\\\/uploads\\\/2025\\\/09\\\/B043-408-1.jpg?v=1763563589\",\"datePublished\":\"2025-09-03T08:05:48+00:00\",\"dateModified\":\"2025-10-13T13:59:13+00:00\",\"breadcrumb\":{\"@id\":\"https:\\\/\\\/rutana.lt\\\/produktas\\\/pastatomas-bukletu-laikiklis-a5-202102\\\/#breadcrumb\"},\"inLanguage\":\"en-US\",\"potentialAction\":[{\"@type\":\"ReadAction\",\"target\":[\"https:\\\/\\\/rutana.lt\\\/produktas\\\/pastatomas-bukletu-laikiklis-a5-202102\\\/\"]}]},{\"@type\":\"ImageObject\",\"inLanguage\":\"en-US\",\"@id\":\"https:\\\/\\\/rutana.lt\\\/produktas\\\/pastatomas-bukletu-laikiklis-a5-202102\\\/#primaryimage\",\"url\":\"https:\\\/\\\/rutana.lt\\\/wp-content\\\/uploads\\\/2025\\\/09\\\/B043-408-1.jpg?v=1763563589\",\"contentUrl\":\"https:\\\/\\\/rutana.lt\\\/wp-content\\\/uploads\\\/2025\\\/09\\\/B043-408-1.jpg?v=1763563589\",\"width\":1000,\"height\":1000},{\"@type\":\"BreadcrumbList\",\"@id\":\"https:\\\/\\\/rutana.lt\\\/produktas\\\/pastatomas-bukletu-laikiklis-a5-202102\\\/#breadcrumb\",\"itemListElement\":[{\"@type\":\"ListItem\",\"position\":1,\"name\":\"Home\",\"item\":\"https:\\\/\\\/rutana.lt\\\/\"},{\"@type\":\"ListItem\",\"position\":2,\"name\":\"Parduotuv\u0117\",\"item\":\"https:\\\/\\\/rutana.lt\\\/parduotuve\\\/\"},{\"@type\":\"ListItem\",\"position\":3,\"name\":\"Pastatomas buklet\u0173 laikiklis A5 202102\"}]},{\"@type\":\"WebSite\",\"@id\":\"https:\\\/\\\/rutana.lt\\\/#website\",\"url\":\"https:\\\/\\\/rutana.lt\\\/\",\"name\":\"Rutana - Ra\u0161tin\u0117s reikmenys\",\"description\":\"Prekiaujame pasaulin\u0117je rinkoje pripa\u017eintomis, kokybi\u0161komis biuro prek\u0117mis toki\u0173  gamintoj\u0173 kaip: Schneider, Esselte, Novus, 3M, Faber-Castell, Citizen, Milan, Leitz, Colop, Zebra, Staedtler, Durable, Tork, Parker, Waterman ir kt.\",\"publisher\":{\"@id\":\"https:\\\/\\\/rutana.lt\\\/#organization\"},\"potentialAction\":[{\"@type\":\"SearchAction\",\"target\":{\"@type\":\"EntryPoint\",\"urlTemplate\":\"https:\\\/\\\/rutana.lt\\\/?s={search_term_string}\"},\"query-input\":{\"@type\":\"PropertyValueSpecification\",\"valueRequired\":true,\"valueName\":\"search_term_string\"}}],\"inLanguage\":\"en-US\"},{\"@type\":\"Organization\",\"@id\":\"https:\\\/\\\/rutana.lt\\\/#organization\",\"name\":\"Rutana - Ra\u0161tin\u0117s reikmenys\",\"url\":\"https:\\\/\\\/rutana.lt\\\/\",\"logo\":{\"@type\":\"ImageObject\",\"inLanguage\":\"en-US\",\"@id\":\"https:\\\/\\\/rutana.lt\\\/#\\\/schema\\\/logo\\\/image\\\/\",\"url\":\"https:\\\/\\\/rutana.lt\\\/wp-content\\\/uploads\\\/2025\\\/10\\\/Asset-32.png\",\"contentUrl\":\"https:\\\/\\\/rutana.lt\\\/wp-content\\\/uploads\\\/2025\\\/10\\\/Asset-32.png\",\"width\":433,\"height\":119,\"caption\":\"Rutana - Ra\u0161tin\u0117s reikmenys\"},\"image\":{\"@id\":\"https:\\\/\\\/rutana.lt\\\/#\\\/schema\\\/logo\\\/image\\\/\"},\"sameAs\":[\"https:\\\/\\\/www.facebook.com\\\/RutanaKanceliarinesPrekes\\\/\"]}]}<\/script>\n<!-- \/ Yoast SEO plugin. -->","yoast_head_json":{"title":"Pastatomas buklet\u0173 laikiklis A5 202102 - Rutana - Ra\u0161tin\u0117s reikmenys","robots":{"index":"index","follow":"follow","max-snippet":"max-snippet:-1","max-image-preview":"max-image-preview:large","max-video-preview":"max-video-preview:-1"},"canonical":"https:\/\/rutana.lt\/en\/product\/pastatomas-bukletu-laikiklis-a5-202102\/","og_locale":"en_US","og_type":"article","og_title":"Pastatomas buklet\u0173 laikiklis A5 202102 - Rutana - Ra\u0161tin\u0117s reikmenys","og_description":"Laikiklis skirtas A5 formato spaudiniams, bukletams, bro\u0161i\u016broms, skrajut\u0117ms laikyti. Stovas yra pastatomas. Pagamintas i\u0161 labai tvirto ir ypatingai skaidraus plastiko. Formatas: A5 ( 148 x 210 mm ) Laikiklio matmenys: 162 x 198 x 83 mm Kilm\u0117s \u0161alis: EU","og_url":"https:\/\/rutana.lt\/en\/product\/pastatomas-bukletu-laikiklis-a5-202102\/","og_site_name":"Rutana - Ra\u0161tin\u0117s reikmenys","article_publisher":"https:\/\/www.facebook.com\/RutanaKanceliarinesPrekes\/","article_modified_time":"2025-10-13T13:59:13+00:00","og_image":[{"width":1000,"height":1000,"url":"https:\/\/rutana.lt\/wp-content\/uploads\/2025\/09\/B043-408.jpg","type":"image\/jpeg"}],"twitter_card":"summary_large_image","schema":{"@context":"https:\/\/schema.org","@graph":[{"@type":"WebPage","@id":"https:\/\/rutana.lt\/produktas\/pastatomas-bukletu-laikiklis-a5-202102\/","url":"https:\/\/rutana.lt\/produktas\/pastatomas-bukletu-laikiklis-a5-202102\/","name":"Pastatomas buklet\u0173 laikiklis A5 202102 - Rutana - Ra\u0161tin\u0117s reikmenys","isPartOf":{"@id":"https:\/\/rutana.lt\/#website"},"primaryImageOfPage":{"@id":"https:\/\/rutana.lt\/produktas\/pastatomas-bukletu-laikiklis-a5-202102\/#primaryimage"},"image":{"@id":"https:\/\/rutana.lt\/produktas\/pastatomas-bukletu-laikiklis-a5-202102\/#primaryimage"},"thumbnailUrl":"https:\/\/rutana.lt\/wp-content\/uploads\/2025\/09\/B043-408-1.jpg?v=1763563589","datePublished":"2025-09-03T08:05:48+00:00","dateModified":"2025-10-13T13:59:13+00:00","breadcrumb":{"@id":"https:\/\/rutana.lt\/produktas\/pastatomas-bukletu-laikiklis-a5-202102\/#breadcrumb"},"inLanguage":"en-US","potentialAction":[{"@type":"ReadAction","target":["https:\/\/rutana.lt\/produktas\/pastatomas-bukletu-laikiklis-a5-202102\/"]}]},{"@type":"ImageObject","inLanguage":"en-US","@id":"https:\/\/rutana.lt\/produktas\/pastatomas-bukletu-laikiklis-a5-202102\/#primaryimage","url":"https:\/\/rutana.lt\/wp-content\/uploads\/2025\/09\/B043-408-1.jpg?v=1763563589","contentUrl":"https:\/\/rutana.lt\/wp-content\/uploads\/2025\/09\/B043-408-1.jpg?v=1763563589","width":1000,"height":1000},{"@type":"BreadcrumbList","@id":"https:\/\/rutana.lt\/produktas\/pastatomas-bukletu-laikiklis-a5-202102\/#breadcrumb","itemListElement":[{"@type":"ListItem","position":1,"name":"Home","item":"https:\/\/rutana.lt\/"},{"@type":"ListItem","position":2,"name":"Parduotuv\u0117","item":"https:\/\/rutana.lt\/parduotuve\/"},{"@type":"ListItem","position":3,"name":"Pastatomas buklet\u0173 laikiklis A5 202102"}]},{"@type":"WebSite","@id":"https:\/\/rutana.lt\/#website","url":"https:\/\/rutana.lt\/","name":"Rutana - Ra\u0161tin\u0117s reikmenys","description":"Prekiaujame pasaulin\u0117je rinkoje pripa\u017eintomis, kokybi\u0161komis biuro prek\u0117mis toki\u0173  gamintoj\u0173 kaip: Schneider, Esselte, Novus, 3M, Faber-Castell, Citizen, Milan, Leitz, Colop, Zebra, Staedtler, Durable, Tork, Parker, Waterman ir kt.","publisher":{"@id":"https:\/\/rutana.lt\/#organization"},"potentialAction":[{"@type":"SearchAction","target":{"@type":"EntryPoint","urlTemplate":"https:\/\/rutana.lt\/?s={search_term_string}"},"query-input":{"@type":"PropertyValueSpecification","valueRequired":true,"valueName":"search_term_string"}}],"inLanguage":"en-US"},{"@type":"Organization","@id":"https:\/\/rutana.lt\/#organization","name":"Rutana - Ra\u0161tin\u0117s reikmenys","url":"https:\/\/rutana.lt\/","logo":{"@type":"ImageObject","inLanguage":"en-US","@id":"https:\/\/rutana.lt\/#\/schema\/logo\/image\/","url":"https:\/\/rutana.lt\/wp-content\/uploads\/2025\/10\/Asset-32.png","contentUrl":"https:\/\/rutana.lt\/wp-content\/uploads\/2025\/10\/Asset-32.png","width":433,"height":119,"caption":"Rutana - Ra\u0161tin\u0117s reikmenys"},"image":{"@id":"https:\/\/rutana.lt\/#\/schema\/logo\/image\/"},"sameAs":["https:\/\/www.facebook.com\/RutanaKanceliarinesPrekes\/"]}]}},"_links":{"self":[{"href":"https:\/\/rutana.lt\/en\/wp-json\/wp\/v2\/product\/19369","targetHints":{"allow":["GET"]}}],"collection":[{"href":"https:\/\/rutana.lt\/en\/wp-json\/wp\/v2\/product"}],"about":[{"href":"https:\/\/rutana.lt\/en\/wp-json\/wp\/v2\/types\/product"}],"replies":[{"embeddable":true,"href":"https:\/\/rutana.lt\/en\/wp-json\/wp\/v2\/comments?post=19369"}],"version-history":[{"count":1,"href":"https:\/\/rutana.lt\/en\/wp-json\/wp\/v2\/product\/19369\/revisions"}],"predecessor-version":[{"id":19398,"href":"https:\/\/rutana.lt\/en\/wp-json\/wp\/v2\/product\/19369\/revisions\/19398"}],"wp:featuredmedia":[{"embeddable":true,"href":"https:\/\/rutana.lt\/en\/wp-json\/wp\/v2\/media\/30039"}],"wp:attachment":[{"href":"https:\/\/rutana.lt\/en\/wp-json\/wp\/v2\/media?parent=19369"}],"wp:term":[{"taxonomy":"product_brand","embeddable":true,"href":"https:\/\/rutana.lt\/en\/wp-json\/wp\/v2\/product_brand?post=19369"},{"taxonomy":"product_cat","embeddable":true,"href":"https:\/\/rutana.lt\/en\/wp-json\/wp\/v2\/product_cat?post=19369"},{"taxonomy":"product_tag","embeddable":true,"href":"https:\/\/rutana.lt\/en\/wp-json\/wp\/v2\/product_tag?post=19369"}],"curies":[{"name":"wp","href":"https:\/\/api.w.org\/{rel}","templated":true}]}}