{"id":19327,"date":"2025-09-03T10:05:26","date_gmt":"2025-09-03T08:05:26","guid":{"rendered":"https:\/\/rutana.webdemo.lt\/?post_type=product&#038;p=19327"},"modified":"2025-10-13T15:59:11","modified_gmt":"2025-10-13T13:59:11","slug":"namu-kvapo-papildymas-rich-party-100ml-aromatic-89","status":"publish","type":"product","link":"https:\/\/rutana.lt\/en\/product\/namu-kvapo-papildymas-rich-party-100ml-aromatic-89\/","title":{"rendered":"Nam\u0173 kvapo papildymas &#8222;Rich Party&#8221; 100ml Aromatic 89"},"content":{"rendered":"<p>Kiekvienas dalykas \u0161iame pasaulyje turi tiek prad\u017ei\u0105, tiek pabaig\u0105, ta\u010diau mylimus kvapus mes galime prat\u0119sti ir ilgiau jais pasim\u0117gauti! J\u016bs\u0173 jau pam\u0117gto nam\u0173 kvapo papildymas laukia kada v\u0117l gal\u0117s d\u017eiuginti i\u0161skirtiniais prabangos aromatais ar sugr\u0105\u017einti nostalgi\u0161kus prisiminimus maloniam j\u0173 i\u0161gyvenimui. Galima pasirinkti 100 mililitr\u0173 ar net 250 mililitr\u0173 aliejinio pagrindo kvap\u0173 papildym\u0105, o dozuojant po 50 mililitr\u0173 \u2013 i\u0161skirtiniai aromatai Jus lyd\u0117s bei pasitiks net iki 90 dien\u0173! I\u0161sirinktas nam\u0173 kvapo papildymas i\u0161 naujo u\u017epildys namuose esant\u012f eleganti\u0161k\u0105 Aromatic \u202289\u2022 buteliuk\u0105, o jei tokio n\u0117ra, tai bet kuri\u0105 kit\u0105 tam pritaikyt\u0105 talp\u0105. \u012e papildymo komplekt\u0105 pasirinktinai \u012feina naujos presuoto pluo\u0161to lazdel\u0117s, kurios u\u017etikrins efektyvi\u0105 kvap\u0173 sklaid\u0105 J\u016bs\u0173 aplinkoje. Erdv\u0117ms iki 70 m<span style=\"vertical-align: super;\">2<\/span> rekomenduojame naudoti visas lazdeles, kad b\u016bt\u0173 galima m\u0117gautis kvapniais malonumais kiekviename kampelyje. Sueiliuotos kvap\u0173 natos i\u0161 naujo stebins savo prabangos dvelksmu ir ilgai i\u0161liks v\u0117dinamoje, \u0161iltoje bei sausoje patalpoje, ypa\u010d jei lazdel\u0117s yra apver\u010diamos bent 1 &#8211; 2 kartus per savait\u0119. Nam\u0173 kvapo papildyme esan\u010di\u0173 nat\u0173 tikrai u\u017eteks kiekvienam, tad pasipild\u0119s buteliukas gal\u0117s toliau Jus d\u017eiuginti intensyviais bei svajingais aromat\u0173 \u017eaismais!<\/p>\n<table class=\"full-specifications\" style=\"box-sizing: inherit; margin: 0px; padding: 0px; transition: 0.3s;\">\n<tbody>\n<tr style=\"box-sizing: inherit; margin: 0px; padding: 0px; transition: 0.3s;\">\n<td class=\"fw6\" style=\"box-sizing: inherit; margin: 0px; padding-top: 10px; padding-right: 10px; padding-bottom: 10px; transition: 0.3s;\">Vir\u0161utin\u0117s natos:<\/td>\n<td style=\"box-sizing: inherit; margin: 0px; padding: 10px; transition: 0.3s;\">laimas, obuolys, greipfrutas, citrina.<\/td>\n<\/tr>\n<tr style=\"box-sizing: inherit; margin: 0px; padding: 0px; transition: 0.3s;\">\n<td class=\"fw6\" style=\"box-sizing: inherit; margin: 0px; padding-top: 10px; padding-right: 10px; padding-bottom: 10px; transition: 0.3s;\">Vidurin\u0117s natos:<\/td>\n<td style=\"box-sizing: inherit; margin: 0px; padding: 10px; transition: 0.3s;\">ro\u017e\u0117, jazminas, bazilikas.<\/td>\n<\/tr>\n<tr style=\"box-sizing: inherit; margin: 0px; padding: 0px; transition: 0.3s;\">\n<td class=\"fw6\" style=\"box-sizing: inherit; margin: 0px; padding-top: 10px; padding-right: 10px; padding-bottom: 10px; transition: 0.3s;\">Apatin\u0117s natos:<\/td>\n<td style=\"box-sizing: inherit; margin: 0px; padding: 10px; transition: 0.3s;\">kedras, pa\u010diulis, gintaro muskusas, santalas, vanil\u0117, auksabarzdis.<\/td>\n<\/tr>\n<\/tbody>\n<\/table>\n<p class=\"MsoNoSpacing\"><o:p><\/o:p><\/p>\n<p class=\"MsoNoSpacing\"><o:p><\/o:p><\/p>\n<p class=\"MsoNoSpacing\"><o:p><\/o:p><\/p>\n<\/p>\n<p class=\"MsoNoSpacing\">Talpa: 100 ml<\/p>\n<p>Kvapo pavadinimas: RICH PARTY<\/p>\n<p class=\"MsoNoSpacing\">Galiojimo laikas: 12 m\u0117nesi\u0173 nuo atidarymo datos<\/p>\n<p class=\"MsoNoSpacing\"><o:p>Kilm\u0117s \u0161alis: Lietuva<\/o:p><\/p>\n<p class=\"MsoNoSpacing\"><o:p><br \/><\/o:p><\/p>","protected":false},"excerpt":{"rendered":"<p>Kiekvienas dalykas \u0161iame pasaulyje turi tiek prad\u017ei\u0105, tiek pabaig\u0105, ta\u010diau mylimus kvapus mes galime prat\u0119sti ir ilgiau jais pasim\u0117gauti! J\u016bs\u0173 jau pam\u0117gto nam\u0173 kvapo papildymas laukia kada v\u0117l gal\u0117s d\u017eiuginti i\u0161skirtiniais prabangos aromatais ar sugr\u0105\u017einti nostalgi\u0161kus prisiminimus maloniam j\u0173 i\u0161gyvenimui. Galima pasirinkti 100 mililitr\u0173 ar net 250 mililitr\u0173 aliejinio pagrindo kvap\u0173 papildym\u0105, o dozuojant po [&hellip;]<\/p>","protected":false},"featured_media":30035,"comment_status":"open","ping_status":"closed","template":"","meta":{"_season_start":"","_season_end":"","_season_days":"","_season_months":"","_season_auto_visibility":""},"product_brand":[789],"product_cat":[1703],"product_tag":[],"class_list":{"0":"post-19327","1":"product","2":"type-product","3":"status-publish","4":"has-post-thumbnail","6":"product_brand-aromatic-89","7":"product_cat-parfumuoti-kvapai","9":"first","10":"instock","11":"taxable","12":"shipping-taxable","13":"purchasable","14":"product-type-simple"},"yoast_head":"<!-- This site is optimized with the Yoast SEO plugin v27.4 - https:\/\/yoast.com\/product\/yoast-seo-wordpress\/ -->\n<title>Nam\u0173 kvapo papildymas &quot;Rich Party&quot; 100ml Aromatic 89 - Rutana - Ra\u0161tin\u0117s reikmenys<\/title>\n<meta name=\"robots\" content=\"index, follow, max-snippet:-1, max-image-preview:large, max-video-preview:-1\" \/>\n<link rel=\"canonical\" href=\"https:\/\/rutana.lt\/en\/product\/namu-kvapo-papildymas-rich-party-100ml-aromatic-89\/\" \/>\n<meta property=\"og:locale\" content=\"en_US\" \/>\n<meta property=\"og:type\" content=\"article\" \/>\n<meta property=\"og:title\" content=\"Nam\u0173 kvapo papildymas &quot;Rich Party&quot; 100ml Aromatic 89 - Rutana - Ra\u0161tin\u0117s reikmenys\" \/>\n<meta property=\"og:description\" content=\"Kiekvienas dalykas \u0161iame pasaulyje turi tiek prad\u017ei\u0105, tiek pabaig\u0105, ta\u010diau mylimus kvapus mes galime prat\u0119sti ir ilgiau jais pasim\u0117gauti! J\u016bs\u0173 jau pam\u0117gto nam\u0173 kvapo papildymas laukia kada v\u0117l gal\u0117s d\u017eiuginti i\u0161skirtiniais prabangos aromatais ar sugr\u0105\u017einti nostalgi\u0161kus prisiminimus maloniam j\u0173 i\u0161gyvenimui. Galima pasirinkti 100 mililitr\u0173 ar net 250 mililitr\u0173 aliejinio pagrindo kvap\u0173 papildym\u0105, o dozuojant po [&hellip;]\" \/>\n<meta property=\"og:url\" content=\"https:\/\/rutana.lt\/en\/product\/namu-kvapo-papildymas-rich-party-100ml-aromatic-89\/\" \/>\n<meta property=\"og:site_name\" content=\"Rutana - Ra\u0161tin\u0117s reikmenys\" \/>\n<meta property=\"article:publisher\" content=\"https:\/\/www.facebook.com\/RutanaKanceliarinesPrekes\/\" \/>\n<meta property=\"article:modified_time\" content=\"2025-10-13T13:59:11+00:00\" \/>\n<meta property=\"og:image\" content=\"https:\/\/rutana.lt\/wp-content\/uploads\/2025\/09\/B196-269.jpg\" \/>\n\t<meta property=\"og:image:width\" content=\"1000\" \/>\n\t<meta property=\"og:image:height\" content=\"1000\" \/>\n\t<meta property=\"og:image:type\" content=\"image\/jpeg\" \/>\n<meta name=\"twitter:card\" content=\"summary_large_image\" \/>\n<meta name=\"twitter:label1\" content=\"Est. reading time\" \/>\n\t<meta name=\"twitter:data1\" content=\"1 minute\" \/>\n<script type=\"application\/ld+json\" class=\"yoast-schema-graph\">{\"@context\":\"https:\\\/\\\/schema.org\",\"@graph\":[{\"@type\":\"WebPage\",\"@id\":\"https:\\\/\\\/rutana.lt\\\/produktas\\\/namu-kvapo-papildymas-rich-party-100ml-aromatic-89\\\/\",\"url\":\"https:\\\/\\\/rutana.lt\\\/produktas\\\/namu-kvapo-papildymas-rich-party-100ml-aromatic-89\\\/\",\"name\":\"Nam\u0173 kvapo papildymas \\\"Rich Party\\\" 100ml Aromatic 89 - Rutana - Ra\u0161tin\u0117s reikmenys\",\"isPartOf\":{\"@id\":\"https:\\\/\\\/rutana.lt\\\/#website\"},\"primaryImageOfPage\":{\"@id\":\"https:\\\/\\\/rutana.lt\\\/produktas\\\/namu-kvapo-papildymas-rich-party-100ml-aromatic-89\\\/#primaryimage\"},\"image\":{\"@id\":\"https:\\\/\\\/rutana.lt\\\/produktas\\\/namu-kvapo-papildymas-rich-party-100ml-aromatic-89\\\/#primaryimage\"},\"thumbnailUrl\":\"https:\\\/\\\/rutana.lt\\\/wp-content\\\/uploads\\\/2025\\\/09\\\/B196-269-1.jpg?v=1763563594\",\"datePublished\":\"2025-09-03T08:05:26+00:00\",\"dateModified\":\"2025-10-13T13:59:11+00:00\",\"breadcrumb\":{\"@id\":\"https:\\\/\\\/rutana.lt\\\/produktas\\\/namu-kvapo-papildymas-rich-party-100ml-aromatic-89\\\/#breadcrumb\"},\"inLanguage\":\"en-US\",\"potentialAction\":[{\"@type\":\"ReadAction\",\"target\":[\"https:\\\/\\\/rutana.lt\\\/produktas\\\/namu-kvapo-papildymas-rich-party-100ml-aromatic-89\\\/\"]}]},{\"@type\":\"ImageObject\",\"inLanguage\":\"en-US\",\"@id\":\"https:\\\/\\\/rutana.lt\\\/produktas\\\/namu-kvapo-papildymas-rich-party-100ml-aromatic-89\\\/#primaryimage\",\"url\":\"https:\\\/\\\/rutana.lt\\\/wp-content\\\/uploads\\\/2025\\\/09\\\/B196-269-1.jpg?v=1763563594\",\"contentUrl\":\"https:\\\/\\\/rutana.lt\\\/wp-content\\\/uploads\\\/2025\\\/09\\\/B196-269-1.jpg?v=1763563594\",\"width\":1000,\"height\":1000},{\"@type\":\"BreadcrumbList\",\"@id\":\"https:\\\/\\\/rutana.lt\\\/produktas\\\/namu-kvapo-papildymas-rich-party-100ml-aromatic-89\\\/#breadcrumb\",\"itemListElement\":[{\"@type\":\"ListItem\",\"position\":1,\"name\":\"Home\",\"item\":\"https:\\\/\\\/rutana.lt\\\/\"},{\"@type\":\"ListItem\",\"position\":2,\"name\":\"Parduotuv\u0117\",\"item\":\"https:\\\/\\\/rutana.lt\\\/parduotuve\\\/\"},{\"@type\":\"ListItem\",\"position\":3,\"name\":\"Nam\u0173 kvapo papildymas &#8222;Rich Party&#8221; 100ml Aromatic 89\"}]},{\"@type\":\"WebSite\",\"@id\":\"https:\\\/\\\/rutana.lt\\\/#website\",\"url\":\"https:\\\/\\\/rutana.lt\\\/\",\"name\":\"Rutana - Ra\u0161tin\u0117s reikmenys\",\"description\":\"Prekiaujame pasaulin\u0117je rinkoje pripa\u017eintomis, kokybi\u0161komis biuro prek\u0117mis toki\u0173  gamintoj\u0173 kaip: Schneider, Esselte, Novus, 3M, Faber-Castell, Citizen, Milan, Leitz, Colop, Zebra, Staedtler, Durable, Tork, Parker, Waterman ir kt.\",\"publisher\":{\"@id\":\"https:\\\/\\\/rutana.lt\\\/#organization\"},\"potentialAction\":[{\"@type\":\"SearchAction\",\"target\":{\"@type\":\"EntryPoint\",\"urlTemplate\":\"https:\\\/\\\/rutana.lt\\\/?s={search_term_string}\"},\"query-input\":{\"@type\":\"PropertyValueSpecification\",\"valueRequired\":true,\"valueName\":\"search_term_string\"}}],\"inLanguage\":\"en-US\"},{\"@type\":\"Organization\",\"@id\":\"https:\\\/\\\/rutana.lt\\\/#organization\",\"name\":\"Rutana - Ra\u0161tin\u0117s reikmenys\",\"url\":\"https:\\\/\\\/rutana.lt\\\/\",\"logo\":{\"@type\":\"ImageObject\",\"inLanguage\":\"en-US\",\"@id\":\"https:\\\/\\\/rutana.lt\\\/#\\\/schema\\\/logo\\\/image\\\/\",\"url\":\"https:\\\/\\\/rutana.lt\\\/wp-content\\\/uploads\\\/2025\\\/10\\\/Asset-32.png\",\"contentUrl\":\"https:\\\/\\\/rutana.lt\\\/wp-content\\\/uploads\\\/2025\\\/10\\\/Asset-32.png\",\"width\":433,\"height\":119,\"caption\":\"Rutana - Ra\u0161tin\u0117s reikmenys\"},\"image\":{\"@id\":\"https:\\\/\\\/rutana.lt\\\/#\\\/schema\\\/logo\\\/image\\\/\"},\"sameAs\":[\"https:\\\/\\\/www.facebook.com\\\/RutanaKanceliarinesPrekes\\\/\"]}]}<\/script>\n<!-- \/ Yoast SEO plugin. -->","yoast_head_json":{"title":"Nam\u0173 kvapo papildymas \"Rich Party\" 100ml Aromatic 89 - Rutana - Ra\u0161tin\u0117s reikmenys","robots":{"index":"index","follow":"follow","max-snippet":"max-snippet:-1","max-image-preview":"max-image-preview:large","max-video-preview":"max-video-preview:-1"},"canonical":"https:\/\/rutana.lt\/en\/product\/namu-kvapo-papildymas-rich-party-100ml-aromatic-89\/","og_locale":"en_US","og_type":"article","og_title":"Nam\u0173 kvapo papildymas \"Rich Party\" 100ml Aromatic 89 - Rutana - Ra\u0161tin\u0117s reikmenys","og_description":"Kiekvienas dalykas \u0161iame pasaulyje turi tiek prad\u017ei\u0105, tiek pabaig\u0105, ta\u010diau mylimus kvapus mes galime prat\u0119sti ir ilgiau jais pasim\u0117gauti! J\u016bs\u0173 jau pam\u0117gto nam\u0173 kvapo papildymas laukia kada v\u0117l gal\u0117s d\u017eiuginti i\u0161skirtiniais prabangos aromatais ar sugr\u0105\u017einti nostalgi\u0161kus prisiminimus maloniam j\u0173 i\u0161gyvenimui. Galima pasirinkti 100 mililitr\u0173 ar net 250 mililitr\u0173 aliejinio pagrindo kvap\u0173 papildym\u0105, o dozuojant po [&hellip;]","og_url":"https:\/\/rutana.lt\/en\/product\/namu-kvapo-papildymas-rich-party-100ml-aromatic-89\/","og_site_name":"Rutana - Ra\u0161tin\u0117s reikmenys","article_publisher":"https:\/\/www.facebook.com\/RutanaKanceliarinesPrekes\/","article_modified_time":"2025-10-13T13:59:11+00:00","og_image":[{"width":1000,"height":1000,"url":"https:\/\/rutana.lt\/wp-content\/uploads\/2025\/09\/B196-269.jpg","type":"image\/jpeg"}],"twitter_card":"summary_large_image","twitter_misc":{"Est. reading time":"1 minute"},"schema":{"@context":"https:\/\/schema.org","@graph":[{"@type":"WebPage","@id":"https:\/\/rutana.lt\/produktas\/namu-kvapo-papildymas-rich-party-100ml-aromatic-89\/","url":"https:\/\/rutana.lt\/produktas\/namu-kvapo-papildymas-rich-party-100ml-aromatic-89\/","name":"Nam\u0173 kvapo papildymas \"Rich Party\" 100ml Aromatic 89 - Rutana - Ra\u0161tin\u0117s reikmenys","isPartOf":{"@id":"https:\/\/rutana.lt\/#website"},"primaryImageOfPage":{"@id":"https:\/\/rutana.lt\/produktas\/namu-kvapo-papildymas-rich-party-100ml-aromatic-89\/#primaryimage"},"image":{"@id":"https:\/\/rutana.lt\/produktas\/namu-kvapo-papildymas-rich-party-100ml-aromatic-89\/#primaryimage"},"thumbnailUrl":"https:\/\/rutana.lt\/wp-content\/uploads\/2025\/09\/B196-269-1.jpg?v=1763563594","datePublished":"2025-09-03T08:05:26+00:00","dateModified":"2025-10-13T13:59:11+00:00","breadcrumb":{"@id":"https:\/\/rutana.lt\/produktas\/namu-kvapo-papildymas-rich-party-100ml-aromatic-89\/#breadcrumb"},"inLanguage":"en-US","potentialAction":[{"@type":"ReadAction","target":["https:\/\/rutana.lt\/produktas\/namu-kvapo-papildymas-rich-party-100ml-aromatic-89\/"]}]},{"@type":"ImageObject","inLanguage":"en-US","@id":"https:\/\/rutana.lt\/produktas\/namu-kvapo-papildymas-rich-party-100ml-aromatic-89\/#primaryimage","url":"https:\/\/rutana.lt\/wp-content\/uploads\/2025\/09\/B196-269-1.jpg?v=1763563594","contentUrl":"https:\/\/rutana.lt\/wp-content\/uploads\/2025\/09\/B196-269-1.jpg?v=1763563594","width":1000,"height":1000},{"@type":"BreadcrumbList","@id":"https:\/\/rutana.lt\/produktas\/namu-kvapo-papildymas-rich-party-100ml-aromatic-89\/#breadcrumb","itemListElement":[{"@type":"ListItem","position":1,"name":"Home","item":"https:\/\/rutana.lt\/"},{"@type":"ListItem","position":2,"name":"Parduotuv\u0117","item":"https:\/\/rutana.lt\/parduotuve\/"},{"@type":"ListItem","position":3,"name":"Nam\u0173 kvapo papildymas &#8222;Rich Party&#8221; 100ml Aromatic 89"}]},{"@type":"WebSite","@id":"https:\/\/rutana.lt\/#website","url":"https:\/\/rutana.lt\/","name":"Rutana - Ra\u0161tin\u0117s reikmenys","description":"Prekiaujame pasaulin\u0117je rinkoje pripa\u017eintomis, kokybi\u0161komis biuro prek\u0117mis toki\u0173  gamintoj\u0173 kaip: Schneider, Esselte, Novus, 3M, Faber-Castell, Citizen, Milan, Leitz, Colop, Zebra, Staedtler, Durable, Tork, Parker, Waterman ir kt.","publisher":{"@id":"https:\/\/rutana.lt\/#organization"},"potentialAction":[{"@type":"SearchAction","target":{"@type":"EntryPoint","urlTemplate":"https:\/\/rutana.lt\/?s={search_term_string}"},"query-input":{"@type":"PropertyValueSpecification","valueRequired":true,"valueName":"search_term_string"}}],"inLanguage":"en-US"},{"@type":"Organization","@id":"https:\/\/rutana.lt\/#organization","name":"Rutana - Ra\u0161tin\u0117s reikmenys","url":"https:\/\/rutana.lt\/","logo":{"@type":"ImageObject","inLanguage":"en-US","@id":"https:\/\/rutana.lt\/#\/schema\/logo\/image\/","url":"https:\/\/rutana.lt\/wp-content\/uploads\/2025\/10\/Asset-32.png","contentUrl":"https:\/\/rutana.lt\/wp-content\/uploads\/2025\/10\/Asset-32.png","width":433,"height":119,"caption":"Rutana - Ra\u0161tin\u0117s reikmenys"},"image":{"@id":"https:\/\/rutana.lt\/#\/schema\/logo\/image\/"},"sameAs":["https:\/\/www.facebook.com\/RutanaKanceliarinesPrekes\/"]}]}},"_links":{"self":[{"href":"https:\/\/rutana.lt\/en\/wp-json\/wp\/v2\/product\/19327","targetHints":{"allow":["GET"]}}],"collection":[{"href":"https:\/\/rutana.lt\/en\/wp-json\/wp\/v2\/product"}],"about":[{"href":"https:\/\/rutana.lt\/en\/wp-json\/wp\/v2\/types\/product"}],"replies":[{"embeddable":true,"href":"https:\/\/rutana.lt\/en\/wp-json\/wp\/v2\/comments?post=19327"}],"version-history":[{"count":1,"href":"https:\/\/rutana.lt\/en\/wp-json\/wp\/v2\/product\/19327\/revisions"}],"predecessor-version":[{"id":19390,"href":"https:\/\/rutana.lt\/en\/wp-json\/wp\/v2\/product\/19327\/revisions\/19390"}],"wp:featuredmedia":[{"embeddable":true,"href":"https:\/\/rutana.lt\/en\/wp-json\/wp\/v2\/media\/30035"}],"wp:attachment":[{"href":"https:\/\/rutana.lt\/en\/wp-json\/wp\/v2\/media?parent=19327"}],"wp:term":[{"taxonomy":"product_brand","embeddable":true,"href":"https:\/\/rutana.lt\/en\/wp-json\/wp\/v2\/product_brand?post=19327"},{"taxonomy":"product_cat","embeddable":true,"href":"https:\/\/rutana.lt\/en\/wp-json\/wp\/v2\/product_cat?post=19327"},{"taxonomy":"product_tag","embeddable":true,"href":"https:\/\/rutana.lt\/en\/wp-json\/wp\/v2\/product_tag?post=19327"}],"curies":[{"name":"wp","href":"https:\/\/api.w.org\/{rel}","templated":true}]}}