{"id":19324,"date":"2025-09-03T10:05:25","date_gmt":"2025-09-03T08:05:25","guid":{"rendered":"https:\/\/rutana.webdemo.lt\/?post_type=product&#038;p=19324"},"modified":"2025-10-13T15:59:10","modified_gmt":"2025-10-13T13:59:10","slug":"namu-kvapas-su-lazdelemis-black-grapes-retro-kolekcija-50ml-aromatic-89","status":"publish","type":"product","link":"https:\/\/rutana.lt\/en\/product\/namu-kvapas-su-lazdelemis-black-grapes-retro-kolekcija-50ml-aromatic-89\/","title":{"rendered":"Nam\u0173 kvapas su lazdel\u0117mis &#8222;Black Grapes&#8221; retro kolekcija 50ml Aromatic 89"},"content":{"rendered":"<\/p>\n<form method=\"POST\" data-vv-scope=\"product-page-view-form\" id=\"product-page-view-form\" action=\"https:\/\/www.aromatic89.lt\/namu-kvapai\/namu-kvapas-su-lazdelemis\" style=\"box-sizing: inherit; font-family: Poppins, sans-serif; margin: 0px; padding: 0px; transition: 0.3s; color: rgb(135, 135, 135); font-size: 14px; font-style: normal; font-variant-ligatures: normal; font-variant-caps: normal; font-weight: 400; letter-spacing: normal; orphans: 2; text-align: left; text-indent: 0px; text-transform: none; widows: 2; word-spacing: 0px; -webkit-text-stroke-width: 0px; white-space: normal; background-color: rgb(255, 255, 255); text-decoration-thickness: initial; text-decoration-style: initial; text-decoration-color: initial;\">\n<div class=\"attributes\" style=\"box-sizing: inherit; font-family: Poppins, sans-serif; margin: 0px; padding: 0px; transition: 0.3s;\"><\/div>\n<\/form>\n<div class=\"short_description\" style=\"box-sizing: inherit; margin: 25px 0px; padding: 0px; transition: 0.3s; line-height: 25px; text-decoration-thickness: initial; text-decoration-style: initial; text-decoration-color: initial;\">\n<form method=\"POST\" data-vv-scope=\"product-page-view-form\" id=\"product-page-view-form\" action=\"https:\/\/www.aromatic89.lt\/namu-kvapai\/namu-kvapas-su-lazdelemis\" style=\"box-sizing: inherit; font-family: Poppins, sans-serif; margin: 0px; padding: 0px; transition: 0.3s; color: rgb(135, 135, 135); font-size: 14px; font-style: normal; font-variant-ligatures: normal; font-variant-caps: normal; font-weight: 400; letter-spacing: normal; orphans: 2; text-align: left; text-indent: 0px; text-transform: none; widows: 2; word-spacing: 0px; -webkit-text-stroke-width: 0px; white-space: normal; background-color: rgb(255, 255, 255); text-decoration-thickness: initial; text-decoration-style: initial; text-decoration-color: initial;\">\n<div class=\"attributes\" style=\"box-sizing: inherit; font-family: Poppins, sans-serif; margin: 0px; padding: 0px; transition: 0.3s;\"><\/div>\n<\/form>\n<div class=\"short_description\" style=\"box-sizing: inherit; margin: 25px 0px; padding: 0px; transition: 0.3s; line-height: 25px; text-decoration-thickness: initial; text-decoration-style: initial; text-decoration-color: initial;\">Saldus ir sultingas kvapas, primenantis saul\u0117je nokstan\u010dias juod\u0105sias vynuoges. \u0160is vaisinis aromatas alsuoja nat\u016braliu saldumu ir gaiva, tarsi vaik\u0161\u010diotum\u0117te saul\u0117tuose vynuogynuose, kuriuose ore tvyro sulting\u0173 uog\u0173 kvapas. Prabanga, subtilumas, elegancija \u2013 tai savyb\u0117s, kurias sukuria aliejinio pagrindo kvapai pagaminti i\u0161 auk\u0161\u010diausios kokyb\u0117s ir kruop\u0161\u010diai atrinkt\u0173 bei suderint\u0173 ingredient\u0173. I\u0161skirtin\u0117 kvap\u0173 kompozicija Jus d\u017eiugins maloniais ir spalvingais potyriais, kad ir kur b\u016btum\u0117te. Eleganti\u0161ko buteliuko ir presuoto pluo\u0161to lazdeli\u0173 duetas suteiks galimyb\u0119 susikurti ry\u0161kiausi\u0173 aromat\u0173 kupin\u0105 aplink\u0105 \u2013 tiek J\u016bs\u0173 namuose, tiek biure. Sueiliuotos kvap\u0173 natos yra intensyvios ir ilgai i\u0161liekan\u010dios v\u0117dinamoje, \u0161iltoje bei sausoje patalpoje, ypa\u010d jei lazdel\u0117s yra apver\u010diamos bent 1-2 kartus per savait\u0119. Tik 50 mililitr\u0173 prabangos ir malonumo Jus lyd\u0117s bei pasitiks net iki 90 dien\u0173! Erdv\u0117ms iki 40 m<span style=\"vertical-align: super;\">2<\/span> rekomenduojame naudoti visas \u0161e\u0161ias lazdeles, kad b\u016bt\u0173 galima m\u0117gautis ry\u0161kiomis kvap\u0173 natomis kiekviename kampelyje. Vinta\u017einio stiliaus buteliukas ir presuoto pluo\u0161to lazdel\u0117s u\u017etikrins efektyv\u0173 kvap\u0173 pasiskirstym\u0105 J\u016bs\u0173 aplinkoje. Komplektas saugomas autenti\u0161koje, prabangioje d\u0117\u017eut\u0117je, kuri\u0105 vos tik pradarius pajusite dalelyt\u0119 kvapnios istorijos.<\/div>\n<div class=\"short_description\" style=\"box-sizing: inherit; margin: 25px 0px; padding: 0px; transition: 0.3s; line-height: 25px; text-decoration-thickness: initial; text-decoration-style: initial; text-decoration-color: initial;\">Vir\u0161utin\u0117s natos: prisirpusi\u0173 juod\u0173j\u0173 vynuogi\u0173 aromatas.<br \/>Talpa: 50 ml<br \/>Kvapo pavadinimas: BLACK GRAPES<br \/>Galiojimo laikas: 12 m\u0117nesi\u0173 nuo atidarymo datos<br \/>Kilm\u0117s \u0161alis: Lietuva<\/div>\n<\/div>\n<p class=\"MsoNoSpacing\">\n<p class=\"MsoNoSpacing\"><o:p><\/o:p><\/p>\n<p class=\"MsoNoSpacing\"><o:p><\/o:p><\/p>\n<p class=\"MsoNoSpacing\"><o:p><br \/><\/o:p><\/p>","protected":false},"excerpt":{"rendered":"<p>Saldus ir sultingas kvapas, primenantis saul\u0117je nokstan\u010dias juod\u0105sias vynuoges. \u0160is vaisinis aromatas alsuoja nat\u016braliu saldumu ir gaiva, tarsi vaik\u0161\u010diotum\u0117te saul\u0117tuose vynuogynuose, kuriuose ore tvyro sulting\u0173 uog\u0173 kvapas. Prabanga, subtilumas, elegancija \u2013 tai savyb\u0117s, kurias sukuria aliejinio pagrindo kvapai pagaminti i\u0161 auk\u0161\u010diausios kokyb\u0117s ir kruop\u0161\u010diai atrinkt\u0173 bei suderint\u0173 ingredient\u0173. I\u0161skirtin\u0117 kvap\u0173 kompozicija Jus d\u017eiugins maloniais ir [&hellip;]<\/p>","protected":false},"featured_media":30032,"comment_status":"open","ping_status":"closed","template":"","meta":{"_season_start":"","_season_end":"","_season_days":"","_season_months":"","_season_auto_visibility":""},"product_brand":[789],"product_cat":[1703],"product_tag":[],"class_list":{"0":"post-19324","1":"product","2":"type-product","3":"status-publish","4":"has-post-thumbnail","6":"product_brand-aromatic-89","7":"product_cat-parfumuoti-kvapai","9":"first","10":"instock","11":"taxable","12":"shipping-taxable","13":"purchasable","14":"product-type-simple"},"yoast_head":"<!-- This site is optimized with the Yoast SEO plugin v26.1.1 - https:\/\/yoast.com\/wordpress\/plugins\/seo\/ -->\n<title>Nam\u0173 kvapas su lazdel\u0117mis &quot;Black Grapes&quot; retro kolekcija 50ml Aromatic 89 - Rutana - Ra\u0161tin\u0117s reikmenys<\/title>\n<meta name=\"robots\" content=\"index, follow, max-snippet:-1, max-image-preview:large, max-video-preview:-1\" \/>\n<link rel=\"canonical\" href=\"https:\/\/rutana.lt\/en\/product\/namu-kvapas-su-lazdelemis-black-grapes-retro-kolekcija-50ml-aromatic-89\/\" \/>\n<meta property=\"og:locale\" content=\"en_US\" \/>\n<meta property=\"og:type\" content=\"article\" \/>\n<meta property=\"og:title\" content=\"Nam\u0173 kvapas su lazdel\u0117mis &quot;Black Grapes&quot; retro kolekcija 50ml Aromatic 89 - Rutana - Ra\u0161tin\u0117s reikmenys\" \/>\n<meta property=\"og:description\" content=\"Saldus ir sultingas kvapas, primenantis saul\u0117je nokstan\u010dias juod\u0105sias vynuoges. \u0160is vaisinis aromatas alsuoja nat\u016braliu saldumu ir gaiva, tarsi vaik\u0161\u010diotum\u0117te saul\u0117tuose vynuogynuose, kuriuose ore tvyro sulting\u0173 uog\u0173 kvapas. Prabanga, subtilumas, elegancija \u2013 tai savyb\u0117s, kurias sukuria aliejinio pagrindo kvapai pagaminti i\u0161 auk\u0161\u010diausios kokyb\u0117s ir kruop\u0161\u010diai atrinkt\u0173 bei suderint\u0173 ingredient\u0173. I\u0161skirtin\u0117 kvap\u0173 kompozicija Jus d\u017eiugins maloniais ir [&hellip;]\" \/>\n<meta property=\"og:url\" content=\"https:\/\/rutana.lt\/en\/product\/namu-kvapas-su-lazdelemis-black-grapes-retro-kolekcija-50ml-aromatic-89\/\" \/>\n<meta property=\"og:site_name\" content=\"Rutana - Ra\u0161tin\u0117s reikmenys\" \/>\n<meta property=\"article:publisher\" content=\"https:\/\/www.facebook.com\/RutanaKanceliarinesPrekes\/\" \/>\n<meta property=\"article:modified_time\" content=\"2025-10-13T13:59:10+00:00\" \/>\n<meta property=\"og:image\" content=\"https:\/\/rutana.lt\/wp-content\/uploads\/2025\/09\/B196-213.jpg\" \/>\n\t<meta property=\"og:image:width\" content=\"1000\" \/>\n\t<meta property=\"og:image:height\" content=\"1000\" \/>\n\t<meta property=\"og:image:type\" content=\"image\/jpeg\" \/>\n<meta name=\"twitter:card\" content=\"summary_large_image\" \/>\n<meta name=\"twitter:label1\" content=\"Est. reading time\" \/>\n\t<meta name=\"twitter:data1\" content=\"1 minute\" \/>\n<script type=\"application\/ld+json\" class=\"yoast-schema-graph\">{\"@context\":\"https:\/\/schema.org\",\"@graph\":[{\"@type\":\"WebPage\",\"@id\":\"https:\/\/rutana.lt\/produktas\/namu-kvapas-su-lazdelemis-black-grapes-retro-kolekcija-50ml-aromatic-89\/\",\"url\":\"https:\/\/rutana.lt\/produktas\/namu-kvapas-su-lazdelemis-black-grapes-retro-kolekcija-50ml-aromatic-89\/\",\"name\":\"Nam\u0173 kvapas su lazdel\u0117mis \\\"Black Grapes\\\" retro kolekcija 50ml Aromatic 89 - Rutana - Ra\u0161tin\u0117s reikmenys\",\"isPartOf\":{\"@id\":\"https:\/\/rutana.lt\/#website\"},\"primaryImageOfPage\":{\"@id\":\"https:\/\/rutana.lt\/produktas\/namu-kvapas-su-lazdelemis-black-grapes-retro-kolekcija-50ml-aromatic-89\/#primaryimage\"},\"image\":{\"@id\":\"https:\/\/rutana.lt\/produktas\/namu-kvapas-su-lazdelemis-black-grapes-retro-kolekcija-50ml-aromatic-89\/#primaryimage\"},\"thumbnailUrl\":\"https:\/\/rutana.lt\/wp-content\/uploads\/2025\/09\/B196-213-1.jpg?v=1763563599\",\"datePublished\":\"2025-09-03T08:05:25+00:00\",\"dateModified\":\"2025-10-13T13:59:10+00:00\",\"breadcrumb\":{\"@id\":\"https:\/\/rutana.lt\/produktas\/namu-kvapas-su-lazdelemis-black-grapes-retro-kolekcija-50ml-aromatic-89\/#breadcrumb\"},\"inLanguage\":\"en-US\",\"potentialAction\":[{\"@type\":\"ReadAction\",\"target\":[\"https:\/\/rutana.lt\/produktas\/namu-kvapas-su-lazdelemis-black-grapes-retro-kolekcija-50ml-aromatic-89\/\"]}]},{\"@type\":\"ImageObject\",\"inLanguage\":\"en-US\",\"@id\":\"https:\/\/rutana.lt\/produktas\/namu-kvapas-su-lazdelemis-black-grapes-retro-kolekcija-50ml-aromatic-89\/#primaryimage\",\"url\":\"https:\/\/rutana.lt\/wp-content\/uploads\/2025\/09\/B196-213-1.jpg?v=1763563599\",\"contentUrl\":\"https:\/\/rutana.lt\/wp-content\/uploads\/2025\/09\/B196-213-1.jpg?v=1763563599\",\"width\":1000,\"height\":1000},{\"@type\":\"BreadcrumbList\",\"@id\":\"https:\/\/rutana.lt\/produktas\/namu-kvapas-su-lazdelemis-black-grapes-retro-kolekcija-50ml-aromatic-89\/#breadcrumb\",\"itemListElement\":[{\"@type\":\"ListItem\",\"position\":1,\"name\":\"Home\",\"item\":\"https:\/\/rutana.lt\/\"},{\"@type\":\"ListItem\",\"position\":2,\"name\":\"Parduotuv\u0117\",\"item\":\"https:\/\/rutana.lt\/parduotuve\/\"},{\"@type\":\"ListItem\",\"position\":3,\"name\":\"Nam\u0173 kvapas su lazdel\u0117mis &#8222;Black Grapes&#8221; retro kolekcija 50ml Aromatic 89\"}]},{\"@type\":\"WebSite\",\"@id\":\"https:\/\/rutana.lt\/#website\",\"url\":\"https:\/\/rutana.lt\/\",\"name\":\"Rutana - Ra\u0161tin\u0117s reikmenys\",\"description\":\"Prekiaujame pasaulin\u0117je rinkoje pripa\u017eintomis, kokybi\u0161komis biuro prek\u0117mis toki\u0173  gamintoj\u0173 kaip: Schneider, Esselte, Novus, 3M, Faber-Castell, Citizen, Milan, Leitz, Colop, Zebra, Staedtler, Durable, Tork, Parker, Waterman ir kt.\",\"publisher\":{\"@id\":\"https:\/\/rutana.lt\/#organization\"},\"potentialAction\":[{\"@type\":\"SearchAction\",\"target\":{\"@type\":\"EntryPoint\",\"urlTemplate\":\"https:\/\/rutana.lt\/?s={search_term_string}\"},\"query-input\":{\"@type\":\"PropertyValueSpecification\",\"valueRequired\":true,\"valueName\":\"search_term_string\"}}],\"inLanguage\":\"en-US\"},{\"@type\":\"Organization\",\"@id\":\"https:\/\/rutana.lt\/#organization\",\"name\":\"Rutana - Ra\u0161tin\u0117s reikmenys\",\"url\":\"https:\/\/rutana.lt\/\",\"logo\":{\"@type\":\"ImageObject\",\"inLanguage\":\"en-US\",\"@id\":\"https:\/\/rutana.lt\/#\/schema\/logo\/image\/\",\"url\":\"https:\/\/rutana.lt\/wp-content\/uploads\/2025\/10\/Asset-32.png\",\"contentUrl\":\"https:\/\/rutana.lt\/wp-content\/uploads\/2025\/10\/Asset-32.png\",\"width\":433,\"height\":119,\"caption\":\"Rutana - Ra\u0161tin\u0117s reikmenys\"},\"image\":{\"@id\":\"https:\/\/rutana.lt\/#\/schema\/logo\/image\/\"},\"sameAs\":[\"https:\/\/www.facebook.com\/RutanaKanceliarinesPrekes\/\"]}]}<\/script>\n<!-- \/ Yoast SEO plugin. -->","yoast_head_json":{"title":"Nam\u0173 kvapas su lazdel\u0117mis \"Black Grapes\" retro kolekcija 50ml Aromatic 89 - Rutana - Ra\u0161tin\u0117s reikmenys","robots":{"index":"index","follow":"follow","max-snippet":"max-snippet:-1","max-image-preview":"max-image-preview:large","max-video-preview":"max-video-preview:-1"},"canonical":"https:\/\/rutana.lt\/en\/product\/namu-kvapas-su-lazdelemis-black-grapes-retro-kolekcija-50ml-aromatic-89\/","og_locale":"en_US","og_type":"article","og_title":"Nam\u0173 kvapas su lazdel\u0117mis \"Black Grapes\" retro kolekcija 50ml Aromatic 89 - Rutana - Ra\u0161tin\u0117s reikmenys","og_description":"Saldus ir sultingas kvapas, primenantis saul\u0117je nokstan\u010dias juod\u0105sias vynuoges. \u0160is vaisinis aromatas alsuoja nat\u016braliu saldumu ir gaiva, tarsi vaik\u0161\u010diotum\u0117te saul\u0117tuose vynuogynuose, kuriuose ore tvyro sulting\u0173 uog\u0173 kvapas. Prabanga, subtilumas, elegancija \u2013 tai savyb\u0117s, kurias sukuria aliejinio pagrindo kvapai pagaminti i\u0161 auk\u0161\u010diausios kokyb\u0117s ir kruop\u0161\u010diai atrinkt\u0173 bei suderint\u0173 ingredient\u0173. I\u0161skirtin\u0117 kvap\u0173 kompozicija Jus d\u017eiugins maloniais ir [&hellip;]","og_url":"https:\/\/rutana.lt\/en\/product\/namu-kvapas-su-lazdelemis-black-grapes-retro-kolekcija-50ml-aromatic-89\/","og_site_name":"Rutana - Ra\u0161tin\u0117s reikmenys","article_publisher":"https:\/\/www.facebook.com\/RutanaKanceliarinesPrekes\/","article_modified_time":"2025-10-13T13:59:10+00:00","og_image":[{"width":1000,"height":1000,"url":"https:\/\/rutana.lt\/wp-content\/uploads\/2025\/09\/B196-213.jpg","type":"image\/jpeg"}],"twitter_card":"summary_large_image","twitter_misc":{"Est. reading time":"1 minute"},"schema":{"@context":"https:\/\/schema.org","@graph":[{"@type":"WebPage","@id":"https:\/\/rutana.lt\/produktas\/namu-kvapas-su-lazdelemis-black-grapes-retro-kolekcija-50ml-aromatic-89\/","url":"https:\/\/rutana.lt\/produktas\/namu-kvapas-su-lazdelemis-black-grapes-retro-kolekcija-50ml-aromatic-89\/","name":"Nam\u0173 kvapas su lazdel\u0117mis \"Black Grapes\" retro kolekcija 50ml Aromatic 89 - Rutana - Ra\u0161tin\u0117s reikmenys","isPartOf":{"@id":"https:\/\/rutana.lt\/#website"},"primaryImageOfPage":{"@id":"https:\/\/rutana.lt\/produktas\/namu-kvapas-su-lazdelemis-black-grapes-retro-kolekcija-50ml-aromatic-89\/#primaryimage"},"image":{"@id":"https:\/\/rutana.lt\/produktas\/namu-kvapas-su-lazdelemis-black-grapes-retro-kolekcija-50ml-aromatic-89\/#primaryimage"},"thumbnailUrl":"https:\/\/rutana.lt\/wp-content\/uploads\/2025\/09\/B196-213-1.jpg?v=1763563599","datePublished":"2025-09-03T08:05:25+00:00","dateModified":"2025-10-13T13:59:10+00:00","breadcrumb":{"@id":"https:\/\/rutana.lt\/produktas\/namu-kvapas-su-lazdelemis-black-grapes-retro-kolekcija-50ml-aromatic-89\/#breadcrumb"},"inLanguage":"en-US","potentialAction":[{"@type":"ReadAction","target":["https:\/\/rutana.lt\/produktas\/namu-kvapas-su-lazdelemis-black-grapes-retro-kolekcija-50ml-aromatic-89\/"]}]},{"@type":"ImageObject","inLanguage":"en-US","@id":"https:\/\/rutana.lt\/produktas\/namu-kvapas-su-lazdelemis-black-grapes-retro-kolekcija-50ml-aromatic-89\/#primaryimage","url":"https:\/\/rutana.lt\/wp-content\/uploads\/2025\/09\/B196-213-1.jpg?v=1763563599","contentUrl":"https:\/\/rutana.lt\/wp-content\/uploads\/2025\/09\/B196-213-1.jpg?v=1763563599","width":1000,"height":1000},{"@type":"BreadcrumbList","@id":"https:\/\/rutana.lt\/produktas\/namu-kvapas-su-lazdelemis-black-grapes-retro-kolekcija-50ml-aromatic-89\/#breadcrumb","itemListElement":[{"@type":"ListItem","position":1,"name":"Home","item":"https:\/\/rutana.lt\/"},{"@type":"ListItem","position":2,"name":"Parduotuv\u0117","item":"https:\/\/rutana.lt\/parduotuve\/"},{"@type":"ListItem","position":3,"name":"Nam\u0173 kvapas su lazdel\u0117mis &#8222;Black Grapes&#8221; retro kolekcija 50ml Aromatic 89"}]},{"@type":"WebSite","@id":"https:\/\/rutana.lt\/#website","url":"https:\/\/rutana.lt\/","name":"Rutana - Ra\u0161tin\u0117s reikmenys","description":"Prekiaujame pasaulin\u0117je rinkoje pripa\u017eintomis, kokybi\u0161komis biuro prek\u0117mis toki\u0173  gamintoj\u0173 kaip: Schneider, Esselte, Novus, 3M, Faber-Castell, Citizen, Milan, Leitz, Colop, Zebra, Staedtler, Durable, Tork, Parker, Waterman ir kt.","publisher":{"@id":"https:\/\/rutana.lt\/#organization"},"potentialAction":[{"@type":"SearchAction","target":{"@type":"EntryPoint","urlTemplate":"https:\/\/rutana.lt\/?s={search_term_string}"},"query-input":{"@type":"PropertyValueSpecification","valueRequired":true,"valueName":"search_term_string"}}],"inLanguage":"en-US"},{"@type":"Organization","@id":"https:\/\/rutana.lt\/#organization","name":"Rutana - Ra\u0161tin\u0117s reikmenys","url":"https:\/\/rutana.lt\/","logo":{"@type":"ImageObject","inLanguage":"en-US","@id":"https:\/\/rutana.lt\/#\/schema\/logo\/image\/","url":"https:\/\/rutana.lt\/wp-content\/uploads\/2025\/10\/Asset-32.png","contentUrl":"https:\/\/rutana.lt\/wp-content\/uploads\/2025\/10\/Asset-32.png","width":433,"height":119,"caption":"Rutana - Ra\u0161tin\u0117s reikmenys"},"image":{"@id":"https:\/\/rutana.lt\/#\/schema\/logo\/image\/"},"sameAs":["https:\/\/www.facebook.com\/RutanaKanceliarinesPrekes\/"]}]}},"_links":{"self":[{"href":"https:\/\/rutana.lt\/en\/wp-json\/wp\/v2\/product\/19324","targetHints":{"allow":["GET"]}}],"collection":[{"href":"https:\/\/rutana.lt\/en\/wp-json\/wp\/v2\/product"}],"about":[{"href":"https:\/\/rutana.lt\/en\/wp-json\/wp\/v2\/types\/product"}],"replies":[{"embeddable":true,"href":"https:\/\/rutana.lt\/en\/wp-json\/wp\/v2\/comments?post=19324"}],"version-history":[{"count":1,"href":"https:\/\/rutana.lt\/en\/wp-json\/wp\/v2\/product\/19324\/revisions"}],"predecessor-version":[{"id":19365,"href":"https:\/\/rutana.lt\/en\/wp-json\/wp\/v2\/product\/19324\/revisions\/19365"}],"wp:featuredmedia":[{"embeddable":true,"href":"https:\/\/rutana.lt\/en\/wp-json\/wp\/v2\/media\/30032"}],"wp:attachment":[{"href":"https:\/\/rutana.lt\/en\/wp-json\/wp\/v2\/media?parent=19324"}],"wp:term":[{"taxonomy":"product_brand","embeddable":true,"href":"https:\/\/rutana.lt\/en\/wp-json\/wp\/v2\/product_brand?post=19324"},{"taxonomy":"product_cat","embeddable":true,"href":"https:\/\/rutana.lt\/en\/wp-json\/wp\/v2\/product_cat?post=19324"},{"taxonomy":"product_tag","embeddable":true,"href":"https:\/\/rutana.lt\/en\/wp-json\/wp\/v2\/product_tag?post=19324"}],"curies":[{"name":"wp","href":"https:\/\/api.w.org\/{rel}","templated":true}]}}