{"id":19321,"date":"2025-09-03T10:05:25","date_gmt":"2025-09-03T08:05:25","guid":{"rendered":"https:\/\/rutana.webdemo.lt\/?post_type=product&#038;p=19321"},"modified":"2025-10-13T15:59:09","modified_gmt":"2025-10-13T13:59:09","slug":"ledinukas-chupa-chups-looney-tunes-12g-su-siurprizu","status":"publish","type":"product","link":"https:\/\/rutana.lt\/en\/product\/ledinukas-chupa-chups-looney-tunes-12g-su-siurprizu\/","title":{"rendered":"Ledinukas Chupa Chups Looney Tunes 12g su siurprizu"},"content":{"rendered":"<dl class=\"b-product-info--info-2\" style=\"--tw-border-spacing-x: 0; --tw-border-spacing-y: 0; --tw-translate-x: 0; --tw-translate-y: 0; --tw-rotate: 0; --tw-skew-x: 0; --tw-skew-y: 0; --tw-scale-x: 1; --tw-scale-y: 1; --tw-pan-x: ; --tw-pan-y: ; --tw-pinch-zoom: ; --tw-scroll-snap-strictness: proximity; --tw-ordinal: ; --tw-slashed-zero: ; --tw-numeric-figure: ; --tw-numeric-spacing: ; --tw-numeric-fraction: ; --tw-ring-inset: ; --tw-ring-offset-width: 0px; --tw-ring-offset-color: #fff; --tw-ring-color: rgba(59, 130, 246, 0.5); --tw-ring-offset-shadow: 0 0 rgba(0,0,0,0); --tw-ring-shadow: 0 0 rgba(0,0,0,0); --tw-shadow: 0 0 rgba(0,0,0,0); --tw-shadow-colored: 0 0 rgba(0,0,0,0); --tw-blur: ; --tw-brightness: ; --tw-contrast: ; --tw-grayscale: ; --tw-hue-rotate: ; --tw-invert: ; --tw-saturate: ; --tw-sepia: ; --tw-drop-shadow: ; --tw-backdrop-blur: ; --tw-backdrop-brightness: ; --tw-backdrop-contrast: ; --tw-backdrop-grayscale: ; --tw-backdrop-hue-rotate: ; --tw-backdrop-invert: ; --tw-backdrop-opacity: ; --tw-backdrop-saturate: ; --tw-backdrop-sepia: ; margin-bottom: 0px; text-align: justify;\">\n<dd itemprop=\"description\" style=\"--tw-border-spacing-x: 0; --tw-border-spacing-y: 0; --tw-translate-x: 0; --tw-translate-y: 0; --tw-rotate: 0; --tw-skew-x: 0; --tw-skew-y: 0; --tw-scale-x: 1; --tw-scale-y: 1; --tw-pan-x: ; --tw-pan-y: ; --tw-pinch-zoom: ; --tw-scroll-snap-strictness: proximity; --tw-ordinal: ; --tw-slashed-zero: ; --tw-numeric-figure: ; --tw-numeric-spacing: ; --tw-numeric-fraction: ; --tw-ring-inset: ; --tw-ring-offset-width: 0px; --tw-ring-offset-color: #fff; --tw-ring-color: rgba(59, 130, 246, 0.5); --tw-ring-offset-shadow: 0 0 rgba(0,0,0,0); --tw-ring-shadow: 0 0 rgba(0,0,0,0); --tw-shadow: 0 0 rgba(0,0,0,0); --tw-shadow-colored: 0 0 rgba(0,0,0,0); --tw-blur: ; --tw-brightness: ; --tw-contrast: ; --tw-grayscale: ; --tw-hue-rotate: ; --tw-invert: ; --tw-saturate: ; --tw-sepia: ; --tw-drop-shadow: ; --tw-backdrop-blur: ; --tw-backdrop-brightness: ; --tw-backdrop-contrast: ; --tw-backdrop-grayscale: ; --tw-backdrop-hue-rotate: ; --tw-backdrop-invert: ; --tw-backdrop-opacity: ; --tw-backdrop-saturate: ; --tw-backdrop-sepia: ; line-height: 1.42857; margin-bottom: 10px;\">Leiskite save su\u017eav\u0117ti vaisiniu malonumu, kur\u012f suteikia nenugalimas bra\u0161ki\u0173 skonio Chupa Chups. Bet tuo magija nesibaigia! Kiekvienoje pakuot\u0117je j\u016bs\u0173 laukia maloni staigmena: mylimi ir ikoniniai \u201eLooney Tunes\u201c persona\u017eai palaikys j\u016bs\u0173 kompanij\u0105 per sald\u017ei\u0105 pertrauk\u0105. Tiek nostalgi\u0161kiems garsi\u0173j\u0173 animacini\u0173 film\u0173 gerb\u0117jams, tiek visiems, ie\u0161kantiems \u017eiupsnelio d\u017eiaugsmo ir linksmybi\u0173 savo gyvenime, bra\u0161ki\u0173 skonio Chupa Chups su Looney Tunes yra originali id\u0117ja, kuri kiekvien\u0105 miel\u0105 akimirk\u0105 pavers dar smagiau.<\/dd>\n<\/dl>\n<p style=\"\">Svoris: 12 g<\/p>\n<p>Kilm\u0117s \u0161alis: Ispanija<\/p>\n<p><\/p>\n<p><iframe src=\"\/\/www.youtube.com\/embed\/74yAoFWs4QQ\" width=\"640\" height=\"360\" frameborder=\"0\"><\/iframe><\/p>\n<p><\/p>\n<p><\/p>\n<p><\/p>\n<p><\/p>","protected":false},"excerpt":{"rendered":"<p>Leiskite save su\u017eav\u0117ti vaisiniu malonumu, kur\u012f suteikia nenugalimas bra\u0161ki\u0173 skonio Chupa Chups. Bet tuo magija nesibaigia! Kiekvienoje pakuot\u0117je j\u016bs\u0173 laukia maloni staigmena: mylimi ir ikoniniai \u201eLooney Tunes\u201c persona\u017eai palaikys j\u016bs\u0173 kompanij\u0105 per sald\u017ei\u0105 pertrauk\u0105. Tiek nostalgi\u0161kiems garsi\u0173j\u0173 animacini\u0173 film\u0173 gerb\u0117jams, tiek visiems, ie\u0161kantiems \u017eiupsnelio d\u017eiaugsmo ir linksmybi\u0173 savo gyvenime, bra\u0161ki\u0173 skonio Chupa Chups su Looney [&hellip;]<\/p>","protected":false},"featured_media":30029,"comment_status":"open","ping_status":"closed","template":"","meta":{"_season_start":"","_season_end":"","_season_days":"","_season_months":"","_season_auto_visibility":""},"product_brand":[1106],"product_cat":[1879,1880],"product_tag":[],"class_list":{"0":"post-19321","1":"product","2":"type-product","3":"status-publish","4":"has-post-thumbnail","6":"product_brand-chupa-chups","7":"product_cat-saldainiai","8":"product_cat-sokolodai","10":"first","11":"instock","12":"taxable","13":"shipping-taxable","14":"purchasable","15":"product-type-simple"},"yoast_head":"<!-- This site is optimized with the Yoast SEO plugin v27.4 - https:\/\/yoast.com\/product\/yoast-seo-wordpress\/ -->\n<title>Ledinukas Chupa Chups Looney Tunes 12g su siurprizu - Rutana - Ra\u0161tin\u0117s reikmenys<\/title>\n<meta name=\"robots\" content=\"index, follow, max-snippet:-1, max-image-preview:large, max-video-preview:-1\" \/>\n<link rel=\"canonical\" href=\"https:\/\/rutana.lt\/en\/product\/ledinukas-chupa-chups-looney-tunes-12g-su-siurprizu\/\" \/>\n<meta property=\"og:locale\" content=\"en_US\" \/>\n<meta property=\"og:type\" content=\"article\" \/>\n<meta property=\"og:title\" content=\"Ledinukas Chupa Chups Looney Tunes 12g su siurprizu - Rutana - Ra\u0161tin\u0117s reikmenys\" \/>\n<meta property=\"og:description\" content=\"Leiskite save su\u017eav\u0117ti vaisiniu malonumu, kur\u012f suteikia nenugalimas bra\u0161ki\u0173 skonio Chupa Chups. Bet tuo magija nesibaigia! Kiekvienoje pakuot\u0117je j\u016bs\u0173 laukia maloni staigmena: mylimi ir ikoniniai \u201eLooney Tunes\u201c persona\u017eai palaikys j\u016bs\u0173 kompanij\u0105 per sald\u017ei\u0105 pertrauk\u0105. Tiek nostalgi\u0161kiems garsi\u0173j\u0173 animacini\u0173 film\u0173 gerb\u0117jams, tiek visiems, ie\u0161kantiems \u017eiupsnelio d\u017eiaugsmo ir linksmybi\u0173 savo gyvenime, bra\u0161ki\u0173 skonio Chupa Chups su Looney [&hellip;]\" \/>\n<meta property=\"og:url\" content=\"https:\/\/rutana.lt\/en\/product\/ledinukas-chupa-chups-looney-tunes-12g-su-siurprizu\/\" \/>\n<meta property=\"og:site_name\" content=\"Rutana - Ra\u0161tin\u0117s reikmenys\" \/>\n<meta property=\"article:publisher\" content=\"https:\/\/www.facebook.com\/RutanaKanceliarinesPrekes\/\" \/>\n<meta property=\"article:modified_time\" content=\"2025-10-13T13:59:09+00:00\" \/>\n<meta property=\"og:image\" content=\"https:\/\/rutana.lt\/wp-content\/uploads\/2025\/09\/B091-502.jpg\" \/>\n\t<meta property=\"og:image:width\" content=\"1000\" \/>\n\t<meta property=\"og:image:height\" content=\"1000\" \/>\n\t<meta property=\"og:image:type\" content=\"image\/jpeg\" \/>\n<meta name=\"twitter:card\" content=\"summary_large_image\" \/>\n<script type=\"application\/ld+json\" class=\"yoast-schema-graph\">{\"@context\":\"https:\\\/\\\/schema.org\",\"@graph\":[{\"@type\":\"WebPage\",\"@id\":\"https:\\\/\\\/rutana.lt\\\/produktas\\\/ledinukas-chupa-chups-looney-tunes-12g-su-siurprizu\\\/\",\"url\":\"https:\\\/\\\/rutana.lt\\\/produktas\\\/ledinukas-chupa-chups-looney-tunes-12g-su-siurprizu\\\/\",\"name\":\"Ledinukas Chupa Chups Looney Tunes 12g su siurprizu - Rutana - Ra\u0161tin\u0117s reikmenys\",\"isPartOf\":{\"@id\":\"https:\\\/\\\/rutana.lt\\\/#website\"},\"primaryImageOfPage\":{\"@id\":\"https:\\\/\\\/rutana.lt\\\/produktas\\\/ledinukas-chupa-chups-looney-tunes-12g-su-siurprizu\\\/#primaryimage\"},\"image\":{\"@id\":\"https:\\\/\\\/rutana.lt\\\/produktas\\\/ledinukas-chupa-chups-looney-tunes-12g-su-siurprizu\\\/#primaryimage\"},\"thumbnailUrl\":\"https:\\\/\\\/rutana.lt\\\/wp-content\\\/uploads\\\/2025\\\/09\\\/B091-502-2.jpg?v=1763563607\",\"datePublished\":\"2025-09-03T08:05:25+00:00\",\"dateModified\":\"2025-10-13T13:59:09+00:00\",\"breadcrumb\":{\"@id\":\"https:\\\/\\\/rutana.lt\\\/produktas\\\/ledinukas-chupa-chups-looney-tunes-12g-su-siurprizu\\\/#breadcrumb\"},\"inLanguage\":\"en-US\",\"potentialAction\":[{\"@type\":\"ReadAction\",\"target\":[\"https:\\\/\\\/rutana.lt\\\/produktas\\\/ledinukas-chupa-chups-looney-tunes-12g-su-siurprizu\\\/\"]}]},{\"@type\":\"ImageObject\",\"inLanguage\":\"en-US\",\"@id\":\"https:\\\/\\\/rutana.lt\\\/produktas\\\/ledinukas-chupa-chups-looney-tunes-12g-su-siurprizu\\\/#primaryimage\",\"url\":\"https:\\\/\\\/rutana.lt\\\/wp-content\\\/uploads\\\/2025\\\/09\\\/B091-502-2.jpg?v=1763563607\",\"contentUrl\":\"https:\\\/\\\/rutana.lt\\\/wp-content\\\/uploads\\\/2025\\\/09\\\/B091-502-2.jpg?v=1763563607\",\"width\":1000,\"height\":1000},{\"@type\":\"BreadcrumbList\",\"@id\":\"https:\\\/\\\/rutana.lt\\\/produktas\\\/ledinukas-chupa-chups-looney-tunes-12g-su-siurprizu\\\/#breadcrumb\",\"itemListElement\":[{\"@type\":\"ListItem\",\"position\":1,\"name\":\"Home\",\"item\":\"https:\\\/\\\/rutana.lt\\\/\"},{\"@type\":\"ListItem\",\"position\":2,\"name\":\"Parduotuv\u0117\",\"item\":\"https:\\\/\\\/rutana.lt\\\/parduotuve\\\/\"},{\"@type\":\"ListItem\",\"position\":3,\"name\":\"Ledinukas Chupa Chups Looney Tunes 12g su siurprizu\"}]},{\"@type\":\"WebSite\",\"@id\":\"https:\\\/\\\/rutana.lt\\\/#website\",\"url\":\"https:\\\/\\\/rutana.lt\\\/\",\"name\":\"Rutana - Ra\u0161tin\u0117s reikmenys\",\"description\":\"Prekiaujame pasaulin\u0117je rinkoje pripa\u017eintomis, kokybi\u0161komis biuro prek\u0117mis toki\u0173  gamintoj\u0173 kaip: Schneider, Esselte, Novus, 3M, Faber-Castell, Citizen, Milan, Leitz, Colop, Zebra, Staedtler, Durable, Tork, Parker, Waterman ir kt.\",\"publisher\":{\"@id\":\"https:\\\/\\\/rutana.lt\\\/#organization\"},\"potentialAction\":[{\"@type\":\"SearchAction\",\"target\":{\"@type\":\"EntryPoint\",\"urlTemplate\":\"https:\\\/\\\/rutana.lt\\\/?s={search_term_string}\"},\"query-input\":{\"@type\":\"PropertyValueSpecification\",\"valueRequired\":true,\"valueName\":\"search_term_string\"}}],\"inLanguage\":\"en-US\"},{\"@type\":\"Organization\",\"@id\":\"https:\\\/\\\/rutana.lt\\\/#organization\",\"name\":\"Rutana - Ra\u0161tin\u0117s reikmenys\",\"url\":\"https:\\\/\\\/rutana.lt\\\/\",\"logo\":{\"@type\":\"ImageObject\",\"inLanguage\":\"en-US\",\"@id\":\"https:\\\/\\\/rutana.lt\\\/#\\\/schema\\\/logo\\\/image\\\/\",\"url\":\"https:\\\/\\\/rutana.lt\\\/wp-content\\\/uploads\\\/2025\\\/10\\\/Asset-32.png\",\"contentUrl\":\"https:\\\/\\\/rutana.lt\\\/wp-content\\\/uploads\\\/2025\\\/10\\\/Asset-32.png\",\"width\":433,\"height\":119,\"caption\":\"Rutana - Ra\u0161tin\u0117s reikmenys\"},\"image\":{\"@id\":\"https:\\\/\\\/rutana.lt\\\/#\\\/schema\\\/logo\\\/image\\\/\"},\"sameAs\":[\"https:\\\/\\\/www.facebook.com\\\/RutanaKanceliarinesPrekes\\\/\"]}]}<\/script>\n<!-- \/ Yoast SEO plugin. -->","yoast_head_json":{"title":"Ledinukas Chupa Chups Looney Tunes 12g su siurprizu - Rutana - Ra\u0161tin\u0117s reikmenys","robots":{"index":"index","follow":"follow","max-snippet":"max-snippet:-1","max-image-preview":"max-image-preview:large","max-video-preview":"max-video-preview:-1"},"canonical":"https:\/\/rutana.lt\/en\/product\/ledinukas-chupa-chups-looney-tunes-12g-su-siurprizu\/","og_locale":"en_US","og_type":"article","og_title":"Ledinukas Chupa Chups Looney Tunes 12g su siurprizu - Rutana - Ra\u0161tin\u0117s reikmenys","og_description":"Leiskite save su\u017eav\u0117ti vaisiniu malonumu, kur\u012f suteikia nenugalimas bra\u0161ki\u0173 skonio Chupa Chups. Bet tuo magija nesibaigia! Kiekvienoje pakuot\u0117je j\u016bs\u0173 laukia maloni staigmena: mylimi ir ikoniniai \u201eLooney Tunes\u201c persona\u017eai palaikys j\u016bs\u0173 kompanij\u0105 per sald\u017ei\u0105 pertrauk\u0105. Tiek nostalgi\u0161kiems garsi\u0173j\u0173 animacini\u0173 film\u0173 gerb\u0117jams, tiek visiems, ie\u0161kantiems \u017eiupsnelio d\u017eiaugsmo ir linksmybi\u0173 savo gyvenime, bra\u0161ki\u0173 skonio Chupa Chups su Looney [&hellip;]","og_url":"https:\/\/rutana.lt\/en\/product\/ledinukas-chupa-chups-looney-tunes-12g-su-siurprizu\/","og_site_name":"Rutana - Ra\u0161tin\u0117s reikmenys","article_publisher":"https:\/\/www.facebook.com\/RutanaKanceliarinesPrekes\/","article_modified_time":"2025-10-13T13:59:09+00:00","og_image":[{"width":1000,"height":1000,"url":"https:\/\/rutana.lt\/wp-content\/uploads\/2025\/09\/B091-502.jpg","type":"image\/jpeg"}],"twitter_card":"summary_large_image","schema":{"@context":"https:\/\/schema.org","@graph":[{"@type":"WebPage","@id":"https:\/\/rutana.lt\/produktas\/ledinukas-chupa-chups-looney-tunes-12g-su-siurprizu\/","url":"https:\/\/rutana.lt\/produktas\/ledinukas-chupa-chups-looney-tunes-12g-su-siurprizu\/","name":"Ledinukas Chupa Chups Looney Tunes 12g su siurprizu - Rutana - Ra\u0161tin\u0117s reikmenys","isPartOf":{"@id":"https:\/\/rutana.lt\/#website"},"primaryImageOfPage":{"@id":"https:\/\/rutana.lt\/produktas\/ledinukas-chupa-chups-looney-tunes-12g-su-siurprizu\/#primaryimage"},"image":{"@id":"https:\/\/rutana.lt\/produktas\/ledinukas-chupa-chups-looney-tunes-12g-su-siurprizu\/#primaryimage"},"thumbnailUrl":"https:\/\/rutana.lt\/wp-content\/uploads\/2025\/09\/B091-502-2.jpg?v=1763563607","datePublished":"2025-09-03T08:05:25+00:00","dateModified":"2025-10-13T13:59:09+00:00","breadcrumb":{"@id":"https:\/\/rutana.lt\/produktas\/ledinukas-chupa-chups-looney-tunes-12g-su-siurprizu\/#breadcrumb"},"inLanguage":"en-US","potentialAction":[{"@type":"ReadAction","target":["https:\/\/rutana.lt\/produktas\/ledinukas-chupa-chups-looney-tunes-12g-su-siurprizu\/"]}]},{"@type":"ImageObject","inLanguage":"en-US","@id":"https:\/\/rutana.lt\/produktas\/ledinukas-chupa-chups-looney-tunes-12g-su-siurprizu\/#primaryimage","url":"https:\/\/rutana.lt\/wp-content\/uploads\/2025\/09\/B091-502-2.jpg?v=1763563607","contentUrl":"https:\/\/rutana.lt\/wp-content\/uploads\/2025\/09\/B091-502-2.jpg?v=1763563607","width":1000,"height":1000},{"@type":"BreadcrumbList","@id":"https:\/\/rutana.lt\/produktas\/ledinukas-chupa-chups-looney-tunes-12g-su-siurprizu\/#breadcrumb","itemListElement":[{"@type":"ListItem","position":1,"name":"Home","item":"https:\/\/rutana.lt\/"},{"@type":"ListItem","position":2,"name":"Parduotuv\u0117","item":"https:\/\/rutana.lt\/parduotuve\/"},{"@type":"ListItem","position":3,"name":"Ledinukas Chupa Chups Looney Tunes 12g su siurprizu"}]},{"@type":"WebSite","@id":"https:\/\/rutana.lt\/#website","url":"https:\/\/rutana.lt\/","name":"Rutana - Ra\u0161tin\u0117s reikmenys","description":"Prekiaujame pasaulin\u0117je rinkoje pripa\u017eintomis, kokybi\u0161komis biuro prek\u0117mis toki\u0173  gamintoj\u0173 kaip: Schneider, Esselte, Novus, 3M, Faber-Castell, Citizen, Milan, Leitz, Colop, Zebra, Staedtler, Durable, Tork, Parker, Waterman ir kt.","publisher":{"@id":"https:\/\/rutana.lt\/#organization"},"potentialAction":[{"@type":"SearchAction","target":{"@type":"EntryPoint","urlTemplate":"https:\/\/rutana.lt\/?s={search_term_string}"},"query-input":{"@type":"PropertyValueSpecification","valueRequired":true,"valueName":"search_term_string"}}],"inLanguage":"en-US"},{"@type":"Organization","@id":"https:\/\/rutana.lt\/#organization","name":"Rutana - Ra\u0161tin\u0117s reikmenys","url":"https:\/\/rutana.lt\/","logo":{"@type":"ImageObject","inLanguage":"en-US","@id":"https:\/\/rutana.lt\/#\/schema\/logo\/image\/","url":"https:\/\/rutana.lt\/wp-content\/uploads\/2025\/10\/Asset-32.png","contentUrl":"https:\/\/rutana.lt\/wp-content\/uploads\/2025\/10\/Asset-32.png","width":433,"height":119,"caption":"Rutana - Ra\u0161tin\u0117s reikmenys"},"image":{"@id":"https:\/\/rutana.lt\/#\/schema\/logo\/image\/"},"sameAs":["https:\/\/www.facebook.com\/RutanaKanceliarinesPrekes\/"]}]}},"_links":{"self":[{"href":"https:\/\/rutana.lt\/en\/wp-json\/wp\/v2\/product\/19321","targetHints":{"allow":["GET"]}}],"collection":[{"href":"https:\/\/rutana.lt\/en\/wp-json\/wp\/v2\/product"}],"about":[{"href":"https:\/\/rutana.lt\/en\/wp-json\/wp\/v2\/types\/product"}],"replies":[{"embeddable":true,"href":"https:\/\/rutana.lt\/en\/wp-json\/wp\/v2\/comments?post=19321"}],"version-history":[{"count":1,"href":"https:\/\/rutana.lt\/en\/wp-json\/wp\/v2\/product\/19321\/revisions"}],"predecessor-version":[{"id":19359,"href":"https:\/\/rutana.lt\/en\/wp-json\/wp\/v2\/product\/19321\/revisions\/19359"}],"wp:featuredmedia":[{"embeddable":true,"href":"https:\/\/rutana.lt\/en\/wp-json\/wp\/v2\/media\/30029"}],"wp:attachment":[{"href":"https:\/\/rutana.lt\/en\/wp-json\/wp\/v2\/media?parent=19321"}],"wp:term":[{"taxonomy":"product_brand","embeddable":true,"href":"https:\/\/rutana.lt\/en\/wp-json\/wp\/v2\/product_brand?post=19321"},{"taxonomy":"product_cat","embeddable":true,"href":"https:\/\/rutana.lt\/en\/wp-json\/wp\/v2\/product_cat?post=19321"},{"taxonomy":"product_tag","embeddable":true,"href":"https:\/\/rutana.lt\/en\/wp-json\/wp\/v2\/product_tag?post=19321"}],"curies":[{"name":"wp","href":"https:\/\/api.w.org\/{rel}","templated":true}]}}