{"id":19318,"date":"2025-09-03T10:05:25","date_gmt":"2025-09-03T08:05:25","guid":{"rendered":"https:\/\/rutana.webdemo.lt\/?post_type=product&#038;p=19318"},"modified":"2025-10-13T15:59:08","modified_gmt":"2025-10-13T13:59:08","slug":"saldainiai-gaidelis-1kg-pergale","status":"publish","type":"product","link":"https:\/\/rutana.lt\/en\/product\/saldainiai-gaidelis-1kg-pergale\/","title":{"rendered":"Saldainiai &#8222;Gaidelis&#8221; 1kg Pergal\u0117"},"content":{"rendered":"<p style=\"\">Pasiruo\u0161kite nustebti, nes \u0161iuos saldainius \u012fkv\u0117p\u0117 laikui nepavald\u016bs sausainiai \u201eGaidelis\u201c. Tra\u0161ki smulkint\u0173 sausaini\u0173 mas\u0117 su \u017eiupsneliu kvapnaus cinamono, kardamono ir imbiero mi\u0161inio, dosniai aplieta kremi\u0161ku pieniniu kakavos glaistu. Puikus nostalgijos ir \u0161iuolaiki\u0161ko malonumo derinys vis\u0173 kart\u0173 atstovams.<\/p>\n<p style=\"\">Sudedamosios dalys: gr\u016bd\u0173 produktai (<span style=\"outline-color: initial !important; outline-width: initial !important;\">kvietiniai<\/span> miltai, vis\u0173 gr\u016bdo dali\u0173 produktai (rup\u016bs <span style=\"outline-color: initial !important; outline-width: initial !important;\">kvietiniai<\/span> spelt\u0173 miltai, dribsni\u0173 mi\u0161inys (<span style=\"outline-color: initial !important; outline-width: initial !important;\">rugiai<\/span>, <span style=\"outline-color: initial !important; outline-width: initial !important;\">kvie\u010diai<\/span>, <span style=\"outline-color: initial !important; outline-width: initial !important;\">mie\u017eiai<\/span>, <span style=\"outline-color: initial !important; outline-width: initial !important;\">avi\u017eos<\/span>), rup\u016bs griki\u0173 miltai), ry\u017ei\u0173 miltai), augaliniai riebalai (palmi\u0173 branduoli\u0173, palmi\u0173, visi\u0161kai hidrinti palmi\u0173 branduoli\u0173, palmi\u0173 (sud\u0117tyje yra stabilizatorius sorbitano tristearatas), sviestmed\u017ei\u0173, kokos\u0173, raps\u0173, da\u017eiklis beta karotenas), cukrus, kepinti smulkinti <span style=\"outline-color: initial !important; outline-width: initial !important;\">\u017eem\u0117s<\/span> <span style=\"outline-color: initial !important; outline-width: initial !important;\">rie\u0161utai<\/span>, karamelizuoti i\u0161r\u016bg\u0173 milteliai (<span style=\"outline-color: initial !important; outline-width: initial !important;\">pieno<\/span> i\u0161r\u016bg\u0173 milteliai, maltodekstrinas, palmi\u0173 riebalai, cukrus), nenugriebto <span style=\"outline-color: initial !important; outline-width: initial !important;\">pieno<\/span> milteliai, gliukozes fruktozes sirupas, liesi kakavos milteliai, <span style=\"outline-color: initial !important; outline-width: initial !important;\">kvie\u010di\u0173<\/span> skaidulos, d\u017eiovint\u0173 mork\u0173 gabaliukai, valgomoji druska, nugriebto <span style=\"outline-color: initial !important; outline-width: initial !important;\">pieno<\/span> milteliai, kvapiosios med\u017eiagos, te\u0161los kildymo med\u017eiagos: natrio karbonatas, amonio karbonatas; emulsikliai: <span style=\"outline-color: initial !important; outline-width: initial !important;\">soj\u0173<\/span> lecitinai, poliglicerolio poliricinoleatas; smulkinti: cinamonas, kardamonas, imbieras; emulsikliai <span style=\"outline-color: initial !important; outline-width: initial !important;\">soj\u0173<\/span> lecitinai, vitamin\u0173 ir mineral\u0173 mi\u0161inys (mineralin\u0117s med\u017eiagos (magnio karbonatas, elementin\u0117 gele\u017eis); vitaminai (E (DL-\u03b1-tokoferilacetatas), pantoteno r\u016bg\u0161tis (kalcio D-pantotenatas), B6 (piridoksino hidrochloridas), B2 (riboflavinas), B1 (tiamino mononitratas), folio r\u016bg\u0161tis (pteroilmonoglutamo r\u016bg\u0161tis)), karamelizuoti <span style=\"outline-color: initial !important; outline-width: initial !important;\">mie\u017ei\u0173<\/span> salyklo miltai.<\/p>\n<p style=\"\">Svoris: 1kg<\/p>\n<p>Kilm\u0117s \u0161alis: Lietuva<\/p>","protected":false},"excerpt":{"rendered":"<p>Pasiruo\u0161kite nustebti, nes \u0161iuos saldainius \u012fkv\u0117p\u0117 laikui nepavald\u016bs sausainiai \u201eGaidelis\u201c. Tra\u0161ki smulkint\u0173 sausaini\u0173 mas\u0117 su \u017eiupsneliu kvapnaus cinamono, kardamono ir imbiero mi\u0161inio, dosniai aplieta kremi\u0161ku pieniniu kakavos glaistu. Puikus nostalgijos ir \u0161iuolaiki\u0161ko malonumo derinys vis\u0173 kart\u0173 atstovams. Sudedamosios dalys: gr\u016bd\u0173 produktai (kvietiniai miltai, vis\u0173 gr\u016bdo dali\u0173 produktai (rup\u016bs kvietiniai spelt\u0173 miltai, dribsni\u0173 mi\u0161inys (rugiai, kvie\u010diai, [&hellip;]<\/p>","protected":false},"featured_media":30026,"comment_status":"open","ping_status":"closed","template":"","meta":{"_season_start":"","_season_end":"","_season_days":"","_season_months":"","_season_auto_visibility":""},"product_brand":[754],"product_cat":[1879,1880],"product_tag":[],"class_list":{"0":"post-19318","1":"product","2":"type-product","3":"status-publish","4":"has-post-thumbnail","6":"product_brand-vilniaus-pergale","7":"product_cat-saldainiai","8":"product_cat-sokolodai","10":"first","11":"instock","12":"taxable","13":"shipping-taxable","14":"purchasable","15":"product-type-simple"},"yoast_head":"<!-- This site is optimized with the Yoast SEO plugin v27.4 - https:\/\/yoast.com\/product\/yoast-seo-wordpress\/ -->\n<title>Saldainiai &quot;Gaidelis&quot; 1kg Pergal\u0117 - Rutana - Ra\u0161tin\u0117s reikmenys<\/title>\n<meta name=\"robots\" content=\"index, follow, max-snippet:-1, max-image-preview:large, max-video-preview:-1\" \/>\n<link rel=\"canonical\" href=\"https:\/\/rutana.lt\/en\/product\/saldainiai-gaidelis-1kg-pergale\/\" \/>\n<meta property=\"og:locale\" content=\"en_US\" \/>\n<meta property=\"og:type\" content=\"article\" \/>\n<meta property=\"og:title\" content=\"Saldainiai &quot;Gaidelis&quot; 1kg Pergal\u0117 - Rutana - Ra\u0161tin\u0117s reikmenys\" \/>\n<meta property=\"og:description\" content=\"Pasiruo\u0161kite nustebti, nes \u0161iuos saldainius \u012fkv\u0117p\u0117 laikui nepavald\u016bs sausainiai \u201eGaidelis\u201c. Tra\u0161ki smulkint\u0173 sausaini\u0173 mas\u0117 su \u017eiupsneliu kvapnaus cinamono, kardamono ir imbiero mi\u0161inio, dosniai aplieta kremi\u0161ku pieniniu kakavos glaistu. Puikus nostalgijos ir \u0161iuolaiki\u0161ko malonumo derinys vis\u0173 kart\u0173 atstovams. Sudedamosios dalys: gr\u016bd\u0173 produktai (kvietiniai miltai, vis\u0173 gr\u016bdo dali\u0173 produktai (rup\u016bs kvietiniai spelt\u0173 miltai, dribsni\u0173 mi\u0161inys (rugiai, kvie\u010diai, [&hellip;]\" \/>\n<meta property=\"og:url\" content=\"https:\/\/rutana.lt\/en\/product\/saldainiai-gaidelis-1kg-pergale\/\" \/>\n<meta property=\"og:site_name\" content=\"Rutana - Ra\u0161tin\u0117s reikmenys\" \/>\n<meta property=\"article:publisher\" content=\"https:\/\/www.facebook.com\/RutanaKanceliarinesPrekes\/\" \/>\n<meta property=\"article:modified_time\" content=\"2025-10-13T13:59:08+00:00\" \/>\n<meta property=\"og:image\" content=\"https:\/\/rutana.lt\/wp-content\/uploads\/2025\/09\/B091-012.jpg\" \/>\n\t<meta property=\"og:image:width\" content=\"1000\" \/>\n\t<meta property=\"og:image:height\" content=\"1000\" \/>\n\t<meta property=\"og:image:type\" content=\"image\/jpeg\" \/>\n<meta name=\"twitter:card\" content=\"summary_large_image\" \/>\n<meta name=\"twitter:label1\" content=\"Est. reading time\" \/>\n\t<meta name=\"twitter:data1\" content=\"1 minute\" \/>\n<script type=\"application\/ld+json\" class=\"yoast-schema-graph\">{\"@context\":\"https:\\\/\\\/schema.org\",\"@graph\":[{\"@type\":\"WebPage\",\"@id\":\"https:\\\/\\\/rutana.lt\\\/produktas\\\/saldainiai-gaidelis-1kg-pergale\\\/\",\"url\":\"https:\\\/\\\/rutana.lt\\\/produktas\\\/saldainiai-gaidelis-1kg-pergale\\\/\",\"name\":\"Saldainiai \\\"Gaidelis\\\" 1kg Pergal\u0117 - Rutana - Ra\u0161tin\u0117s reikmenys\",\"isPartOf\":{\"@id\":\"https:\\\/\\\/rutana.lt\\\/#website\"},\"primaryImageOfPage\":{\"@id\":\"https:\\\/\\\/rutana.lt\\\/produktas\\\/saldainiai-gaidelis-1kg-pergale\\\/#primaryimage\"},\"image\":{\"@id\":\"https:\\\/\\\/rutana.lt\\\/produktas\\\/saldainiai-gaidelis-1kg-pergale\\\/#primaryimage\"},\"thumbnailUrl\":\"https:\\\/\\\/rutana.lt\\\/wp-content\\\/uploads\\\/2025\\\/09\\\/B091-012-1.jpg?v=1763563609\",\"datePublished\":\"2025-09-03T08:05:25+00:00\",\"dateModified\":\"2025-10-13T13:59:08+00:00\",\"breadcrumb\":{\"@id\":\"https:\\\/\\\/rutana.lt\\\/produktas\\\/saldainiai-gaidelis-1kg-pergale\\\/#breadcrumb\"},\"inLanguage\":\"en-US\",\"potentialAction\":[{\"@type\":\"ReadAction\",\"target\":[\"https:\\\/\\\/rutana.lt\\\/produktas\\\/saldainiai-gaidelis-1kg-pergale\\\/\"]}]},{\"@type\":\"ImageObject\",\"inLanguage\":\"en-US\",\"@id\":\"https:\\\/\\\/rutana.lt\\\/produktas\\\/saldainiai-gaidelis-1kg-pergale\\\/#primaryimage\",\"url\":\"https:\\\/\\\/rutana.lt\\\/wp-content\\\/uploads\\\/2025\\\/09\\\/B091-012-1.jpg?v=1763563609\",\"contentUrl\":\"https:\\\/\\\/rutana.lt\\\/wp-content\\\/uploads\\\/2025\\\/09\\\/B091-012-1.jpg?v=1763563609\",\"width\":1000,\"height\":1000},{\"@type\":\"BreadcrumbList\",\"@id\":\"https:\\\/\\\/rutana.lt\\\/produktas\\\/saldainiai-gaidelis-1kg-pergale\\\/#breadcrumb\",\"itemListElement\":[{\"@type\":\"ListItem\",\"position\":1,\"name\":\"Home\",\"item\":\"https:\\\/\\\/rutana.lt\\\/\"},{\"@type\":\"ListItem\",\"position\":2,\"name\":\"Parduotuv\u0117\",\"item\":\"https:\\\/\\\/rutana.lt\\\/parduotuve\\\/\"},{\"@type\":\"ListItem\",\"position\":3,\"name\":\"Saldainiai &#8222;Gaidelis&#8221; 1kg Pergal\u0117\"}]},{\"@type\":\"WebSite\",\"@id\":\"https:\\\/\\\/rutana.lt\\\/#website\",\"url\":\"https:\\\/\\\/rutana.lt\\\/\",\"name\":\"Rutana - Ra\u0161tin\u0117s reikmenys\",\"description\":\"Prekiaujame pasaulin\u0117je rinkoje pripa\u017eintomis, kokybi\u0161komis biuro prek\u0117mis toki\u0173  gamintoj\u0173 kaip: Schneider, Esselte, Novus, 3M, Faber-Castell, Citizen, Milan, Leitz, Colop, Zebra, Staedtler, Durable, Tork, Parker, Waterman ir kt.\",\"publisher\":{\"@id\":\"https:\\\/\\\/rutana.lt\\\/#organization\"},\"potentialAction\":[{\"@type\":\"SearchAction\",\"target\":{\"@type\":\"EntryPoint\",\"urlTemplate\":\"https:\\\/\\\/rutana.lt\\\/?s={search_term_string}\"},\"query-input\":{\"@type\":\"PropertyValueSpecification\",\"valueRequired\":true,\"valueName\":\"search_term_string\"}}],\"inLanguage\":\"en-US\"},{\"@type\":\"Organization\",\"@id\":\"https:\\\/\\\/rutana.lt\\\/#organization\",\"name\":\"Rutana - Ra\u0161tin\u0117s reikmenys\",\"url\":\"https:\\\/\\\/rutana.lt\\\/\",\"logo\":{\"@type\":\"ImageObject\",\"inLanguage\":\"en-US\",\"@id\":\"https:\\\/\\\/rutana.lt\\\/#\\\/schema\\\/logo\\\/image\\\/\",\"url\":\"https:\\\/\\\/rutana.lt\\\/wp-content\\\/uploads\\\/2025\\\/10\\\/Asset-32.png\",\"contentUrl\":\"https:\\\/\\\/rutana.lt\\\/wp-content\\\/uploads\\\/2025\\\/10\\\/Asset-32.png\",\"width\":433,\"height\":119,\"caption\":\"Rutana - Ra\u0161tin\u0117s reikmenys\"},\"image\":{\"@id\":\"https:\\\/\\\/rutana.lt\\\/#\\\/schema\\\/logo\\\/image\\\/\"},\"sameAs\":[\"https:\\\/\\\/www.facebook.com\\\/RutanaKanceliarinesPrekes\\\/\"]}]}<\/script>\n<!-- \/ Yoast SEO plugin. -->","yoast_head_json":{"title":"Saldainiai \"Gaidelis\" 1kg Pergal\u0117 - Rutana - Ra\u0161tin\u0117s reikmenys","robots":{"index":"index","follow":"follow","max-snippet":"max-snippet:-1","max-image-preview":"max-image-preview:large","max-video-preview":"max-video-preview:-1"},"canonical":"https:\/\/rutana.lt\/en\/product\/saldainiai-gaidelis-1kg-pergale\/","og_locale":"en_US","og_type":"article","og_title":"Saldainiai \"Gaidelis\" 1kg Pergal\u0117 - Rutana - Ra\u0161tin\u0117s reikmenys","og_description":"Pasiruo\u0161kite nustebti, nes \u0161iuos saldainius \u012fkv\u0117p\u0117 laikui nepavald\u016bs sausainiai \u201eGaidelis\u201c. Tra\u0161ki smulkint\u0173 sausaini\u0173 mas\u0117 su \u017eiupsneliu kvapnaus cinamono, kardamono ir imbiero mi\u0161inio, dosniai aplieta kremi\u0161ku pieniniu kakavos glaistu. Puikus nostalgijos ir \u0161iuolaiki\u0161ko malonumo derinys vis\u0173 kart\u0173 atstovams. Sudedamosios dalys: gr\u016bd\u0173 produktai (kvietiniai miltai, vis\u0173 gr\u016bdo dali\u0173 produktai (rup\u016bs kvietiniai spelt\u0173 miltai, dribsni\u0173 mi\u0161inys (rugiai, kvie\u010diai, [&hellip;]","og_url":"https:\/\/rutana.lt\/en\/product\/saldainiai-gaidelis-1kg-pergale\/","og_site_name":"Rutana - Ra\u0161tin\u0117s reikmenys","article_publisher":"https:\/\/www.facebook.com\/RutanaKanceliarinesPrekes\/","article_modified_time":"2025-10-13T13:59:08+00:00","og_image":[{"width":1000,"height":1000,"url":"https:\/\/rutana.lt\/wp-content\/uploads\/2025\/09\/B091-012.jpg","type":"image\/jpeg"}],"twitter_card":"summary_large_image","twitter_misc":{"Est. reading time":"1 minute"},"schema":{"@context":"https:\/\/schema.org","@graph":[{"@type":"WebPage","@id":"https:\/\/rutana.lt\/produktas\/saldainiai-gaidelis-1kg-pergale\/","url":"https:\/\/rutana.lt\/produktas\/saldainiai-gaidelis-1kg-pergale\/","name":"Saldainiai \"Gaidelis\" 1kg Pergal\u0117 - Rutana - Ra\u0161tin\u0117s reikmenys","isPartOf":{"@id":"https:\/\/rutana.lt\/#website"},"primaryImageOfPage":{"@id":"https:\/\/rutana.lt\/produktas\/saldainiai-gaidelis-1kg-pergale\/#primaryimage"},"image":{"@id":"https:\/\/rutana.lt\/produktas\/saldainiai-gaidelis-1kg-pergale\/#primaryimage"},"thumbnailUrl":"https:\/\/rutana.lt\/wp-content\/uploads\/2025\/09\/B091-012-1.jpg?v=1763563609","datePublished":"2025-09-03T08:05:25+00:00","dateModified":"2025-10-13T13:59:08+00:00","breadcrumb":{"@id":"https:\/\/rutana.lt\/produktas\/saldainiai-gaidelis-1kg-pergale\/#breadcrumb"},"inLanguage":"en-US","potentialAction":[{"@type":"ReadAction","target":["https:\/\/rutana.lt\/produktas\/saldainiai-gaidelis-1kg-pergale\/"]}]},{"@type":"ImageObject","inLanguage":"en-US","@id":"https:\/\/rutana.lt\/produktas\/saldainiai-gaidelis-1kg-pergale\/#primaryimage","url":"https:\/\/rutana.lt\/wp-content\/uploads\/2025\/09\/B091-012-1.jpg?v=1763563609","contentUrl":"https:\/\/rutana.lt\/wp-content\/uploads\/2025\/09\/B091-012-1.jpg?v=1763563609","width":1000,"height":1000},{"@type":"BreadcrumbList","@id":"https:\/\/rutana.lt\/produktas\/saldainiai-gaidelis-1kg-pergale\/#breadcrumb","itemListElement":[{"@type":"ListItem","position":1,"name":"Home","item":"https:\/\/rutana.lt\/"},{"@type":"ListItem","position":2,"name":"Parduotuv\u0117","item":"https:\/\/rutana.lt\/parduotuve\/"},{"@type":"ListItem","position":3,"name":"Saldainiai &#8222;Gaidelis&#8221; 1kg Pergal\u0117"}]},{"@type":"WebSite","@id":"https:\/\/rutana.lt\/#website","url":"https:\/\/rutana.lt\/","name":"Rutana - Ra\u0161tin\u0117s reikmenys","description":"Prekiaujame pasaulin\u0117je rinkoje pripa\u017eintomis, kokybi\u0161komis biuro prek\u0117mis toki\u0173  gamintoj\u0173 kaip: Schneider, Esselte, Novus, 3M, Faber-Castell, Citizen, Milan, Leitz, Colop, Zebra, Staedtler, Durable, Tork, Parker, Waterman ir kt.","publisher":{"@id":"https:\/\/rutana.lt\/#organization"},"potentialAction":[{"@type":"SearchAction","target":{"@type":"EntryPoint","urlTemplate":"https:\/\/rutana.lt\/?s={search_term_string}"},"query-input":{"@type":"PropertyValueSpecification","valueRequired":true,"valueName":"search_term_string"}}],"inLanguage":"en-US"},{"@type":"Organization","@id":"https:\/\/rutana.lt\/#organization","name":"Rutana - Ra\u0161tin\u0117s reikmenys","url":"https:\/\/rutana.lt\/","logo":{"@type":"ImageObject","inLanguage":"en-US","@id":"https:\/\/rutana.lt\/#\/schema\/logo\/image\/","url":"https:\/\/rutana.lt\/wp-content\/uploads\/2025\/10\/Asset-32.png","contentUrl":"https:\/\/rutana.lt\/wp-content\/uploads\/2025\/10\/Asset-32.png","width":433,"height":119,"caption":"Rutana - Ra\u0161tin\u0117s reikmenys"},"image":{"@id":"https:\/\/rutana.lt\/#\/schema\/logo\/image\/"},"sameAs":["https:\/\/www.facebook.com\/RutanaKanceliarinesPrekes\/"]}]}},"_links":{"self":[{"href":"https:\/\/rutana.lt\/en\/wp-json\/wp\/v2\/product\/19318","targetHints":{"allow":["GET"]}}],"collection":[{"href":"https:\/\/rutana.lt\/en\/wp-json\/wp\/v2\/product"}],"about":[{"href":"https:\/\/rutana.lt\/en\/wp-json\/wp\/v2\/types\/product"}],"replies":[{"embeddable":true,"href":"https:\/\/rutana.lt\/en\/wp-json\/wp\/v2\/comments?post=19318"}],"version-history":[{"count":1,"href":"https:\/\/rutana.lt\/en\/wp-json\/wp\/v2\/product\/19318\/revisions"}],"predecessor-version":[{"id":19353,"href":"https:\/\/rutana.lt\/en\/wp-json\/wp\/v2\/product\/19318\/revisions\/19353"}],"wp:featuredmedia":[{"embeddable":true,"href":"https:\/\/rutana.lt\/en\/wp-json\/wp\/v2\/media\/30026"}],"wp:attachment":[{"href":"https:\/\/rutana.lt\/en\/wp-json\/wp\/v2\/media?parent=19318"}],"wp:term":[{"taxonomy":"product_brand","embeddable":true,"href":"https:\/\/rutana.lt\/en\/wp-json\/wp\/v2\/product_brand?post=19318"},{"taxonomy":"product_cat","embeddable":true,"href":"https:\/\/rutana.lt\/en\/wp-json\/wp\/v2\/product_cat?post=19318"},{"taxonomy":"product_tag","embeddable":true,"href":"https:\/\/rutana.lt\/en\/wp-json\/wp\/v2\/product_tag?post=19318"}],"curies":[{"name":"wp","href":"https:\/\/api.w.org\/{rel}","templated":true}]}}