{"id":19317,"date":"2025-09-03T10:05:25","date_gmt":"2025-09-03T08:05:25","guid":{"rendered":"https:\/\/rutana.webdemo.lt\/?post_type=product&#038;p=19317"},"modified":"2025-10-13T15:59:08","modified_gmt":"2025-10-13T13:59:08","slug":"sokoladiniai-saldainiai-veliuona-1kg-pergale","status":"publish","type":"product","link":"https:\/\/rutana.lt\/en\/product\/sokoladiniai-saldainiai-veliuona-1kg-pergale\/","title":{"rendered":"\u0160okoladiniai saldainiai &#8222;Veliuona&#8221; 1kg Pergal\u0117"},"content":{"rendered":"<p style=\"\">Juoduoju \u0161okoladu i\u0161 geriausios r\u016b\u0161ies kakavos glaistyti saldainiai su nugriebto pieno, smulkint\u0173 vafli\u0173 ir romo aromatu viliojan\u010diu aksominiu \u012fdaru. Saldainiai saiko i\u0161bandymui. <\/p>\n<p style=\"\"><span data-contrast=\"auto\" xml:lang=\"LT-LT\" lang=\"LT-LT\" class=\"TextRun SCXW84497593 BCX0\" style=\"outline: none !important;\"><span class=\"NormalTextRun SCXW84497593 BCX0\" data-ccp-charstyle=\"normaltextrun\" data-ccp-charstyle-defn=\"{\"objectid\":\"7210771f-4af6-40d0-a3bd-3b686f6affc1|35\",\"classid\":1073872969,\"properties\":[201342446,\"1\",201342447,\"5\",201342448,\"1\",201342449,\"1\",469777841,\"aptos\",469777842,\"\",469777843,\"aptos\",469777844,\"aptos\",201341986,\"1\",469769226,\"aptos\",268442635,\"22\",469775450,\"normaltextrun\",201340122,\"1\",134233614,\"true\",469778129,\"normaltextrun\",335572020,\"1\",469778324,\"default paragraph font\"]}\" style=\"outline: none !important;\">Sudedamosios dalys: cukrus (kilm\u0117s vieta ES), augaliniai riebalai (palmi\u0173 branduoli\u0173, palmi\u0173<\/span><span class=\"NormalTextRun SCXW84497593 BCX0\" data-ccp-charstyle=\"normaltextrun\" style=\"outline: none !important;\">;<\/span><span class=\"NormalTextRun SCXW84497593 BCX0\" data-ccp-charstyle=\"normaltextrun\" style=\"outline: none !important;\"> kokos\u0173), <\/span><span class=\"NormalTextRun SCXW84497593 BCX0\" data-ccp-charstyle=\"normaltextrun\" style=\"outline: none !important;\">liesi kakavos milteliai, trinta kakava, <\/span><\/span><span data-contrast=\"auto\" xml:lang=\"LT-LT\" lang=\"LT-LT\" class=\"TextRun Underlined SCXW84497593 BCX0\" style=\"outline: none !important;\">pieno<\/span><span data-contrast=\"auto\" xml:lang=\"LT-LT\" lang=\"LT-LT\" class=\"TextRun SCXW84497593 BCX0\" style=\"outline: none !important;\"><span class=\"NormalTextRun SCXW84497593 BCX0\" data-ccp-charstyle=\"normaltextrun\" style=\"outline: none !important;\"> i\u0161r\u016bg\u0173 ir nugriebto <\/span><\/span><span data-contrast=\"auto\" xml:lang=\"LT-LT\" lang=\"LT-LT\" class=\"TextRun Underlined SCXW84497593 BCX0\" style=\"outline: none !important;\">pieno<\/span><span data-contrast=\"auto\" xml:lang=\"LT-LT\" lang=\"LT-LT\" class=\"TextRun SCXW84497593 BCX0\" style=\"outline: none !important;\"><span class=\"NormalTextRun SCXW84497593 BCX0\" data-ccp-charstyle=\"normaltextrun\" style=\"outline: none !important;\"> milteli\u0173 mi\u0161inys,<\/span><span class=\"NormalTextRun SCXW84497593 BCX0\" data-ccp-charstyle=\"normaltextrun\" style=\"outline: none !important;\"> vafli\u0173 trupiniai (<\/span><\/span><span data-contrast=\"auto\" xml:lang=\"LT-LT\" lang=\"LT-LT\" class=\"TextRun Underlined SCXW84497593 BCX0\" style=\"outline: none !important;\"><span class=\"NormalTextRun SCXW84497593 BCX0\" data-ccp-charstyle=\"normaltextrun\" style=\"outline: none !important;\"><span style=\"outline-color: initial !important; outline-width: initial !important;\">kvietinia<\/span>i<\/span><\/span><span data-contrast=\"auto\" xml:lang=\"LT-LT\" lang=\"LT-LT\" class=\"TextRun SCXW84497593 BCX0\" style=\"outline: none !important;\"><span class=\"NormalTextRun SCXW84497593 BCX0\" data-ccp-charstyle=\"normaltextrun\" style=\"outline: none !important;\"> miltai<\/span><\/span><span data-contrast=\"none\" xml:lang=\"LT-LT\" lang=\"LT-LT\" class=\"TextRun SCXW84497593 BCX0\" style=\"outline: none !important;\"><span class=\"NormalTextRun SCXW84497593 BCX0\" data-ccp-charstyle=\"normaltextrun\" style=\"outline: none !important;\">, <\/span><\/span><span data-contrast=\"auto\" xml:lang=\"LT-LT\" lang=\"LT-LT\" class=\"TextRun SCXW84497593 BCX0\" style=\"outline: none !important;\"><span class=\"NormalTextRun SCXW84497593 BCX0\" data-ccp-charstyle=\"normaltextrun\" style=\"outline: none !important;\">vanduo, raps\u0173 aliejus, te\u0161los kildymo med\u017eiagos: natrio karbonatai, amonio karbonatai; valgomoji druska), kakavos sviestas, kvapiosios med\u017eiagos, emulsikliai: <\/span><\/span><span data-contrast=\"auto\" xml:lang=\"LT-LT\" lang=\"LT-LT\" class=\"TextRun Underlined SCXW84497593 BCX0\" style=\"outline: none !important;\">soj\u0173<\/span><span data-contrast=\"auto\" xml:lang=\"LT-LT\" lang=\"LT-LT\" class=\"TextRun SCXW84497593 BCX0\" style=\"outline: none !important;\"><span class=\"NormalTextRun SCXW84497593 BCX0\" data-ccp-charstyle=\"normaltextrun\" style=\"outline: none !important;\"> <\/span><span class=\"NormalTextRun SpellingErrorV2Themed SCXW84497593 BCX0\" data-ccp-charstyle=\"normaltextrun\" style=\"outline: none !important;\">lecitinai<\/span><span class=\"NormalTextRun SCXW84497593 BCX0\" data-ccp-charstyle=\"normaltextrun\" style=\"outline: none !important;\">, <\/span><span class=\"NormalTextRun SpellingErrorV2Themed SCXW84497593 BCX0\" data-ccp-charstyle=\"normaltextrun\" style=\"outline: none !important;\">poliglicerolio<\/span><span class=\"NormalTextRun SCXW84497593 BCX0\" data-ccp-charstyle=\"normaltextrun\" style=\"outline: none !important;\"> <\/span><span class=\"NormalTextRun SpellingErrorV2Themed SCXW84497593 BCX0\" data-ccp-charstyle=\"normaltextrun\" style=\"outline: none !important;\">poliricinoleatas<\/span><span class=\"NormalTextRun SCXW84497593 BCX0\" data-ccp-charstyle=\"normaltextrun\" style=\"outline: none !important;\">.<\/span><\/span><\/p>\n<p style=\"\">Svoris: 1kg<\/p>\n<p>Kilm\u0117s \u0161alis: Lietuva<\/p>","protected":false},"excerpt":{"rendered":"<p>Juoduoju \u0161okoladu i\u0161 geriausios r\u016b\u0161ies kakavos glaistyti saldainiai su nugriebto pieno, smulkint\u0173 vafli\u0173 ir romo aromatu viliojan\u010diu aksominiu \u012fdaru. Saldainiai saiko i\u0161bandymui. Sudedamosios dalys: cukrus (kilm\u0117s vieta ES), augaliniai riebalai (palmi\u0173 branduoli\u0173, palmi\u0173; kokos\u0173), liesi kakavos milteliai, trinta kakava, pieno i\u0161r\u016bg\u0173 ir nugriebto pieno milteli\u0173 mi\u0161inys, vafli\u0173 trupiniai (kvietiniai miltai, vanduo, raps\u0173 aliejus, te\u0161los kildymo [&hellip;]<\/p>","protected":false},"featured_media":30025,"comment_status":"open","ping_status":"closed","template":"","meta":{"_season_start":"","_season_end":"","_season_days":"","_season_months":"","_season_auto_visibility":""},"product_brand":[754],"product_cat":[1879,1880],"product_tag":[],"class_list":{"0":"post-19317","1":"product","2":"type-product","3":"status-publish","4":"has-post-thumbnail","6":"product_brand-vilniaus-pergale","7":"product_cat-saldainiai","8":"product_cat-sokolodai","10":"first","11":"instock","12":"taxable","13":"shipping-taxable","14":"purchasable","15":"product-type-simple"},"yoast_head":"<!-- This site is optimized with the Yoast SEO plugin v27.4 - https:\/\/yoast.com\/product\/yoast-seo-wordpress\/ -->\n<title>\u0160okoladiniai saldainiai &quot;Veliuona&quot; 1kg Pergal\u0117 - Rutana - Ra\u0161tin\u0117s reikmenys<\/title>\n<meta name=\"robots\" content=\"index, follow, max-snippet:-1, max-image-preview:large, max-video-preview:-1\" \/>\n<link rel=\"canonical\" href=\"https:\/\/rutana.lt\/en\/product\/sokoladiniai-saldainiai-veliuona-1kg-pergale\/\" \/>\n<meta property=\"og:locale\" content=\"en_US\" \/>\n<meta property=\"og:type\" content=\"article\" \/>\n<meta property=\"og:title\" content=\"\u0160okoladiniai saldainiai &quot;Veliuona&quot; 1kg Pergal\u0117 - Rutana - Ra\u0161tin\u0117s reikmenys\" \/>\n<meta property=\"og:description\" content=\"Juoduoju \u0161okoladu i\u0161 geriausios r\u016b\u0161ies kakavos glaistyti saldainiai su nugriebto pieno, smulkint\u0173 vafli\u0173 ir romo aromatu viliojan\u010diu aksominiu \u012fdaru. Saldainiai saiko i\u0161bandymui. Sudedamosios dalys: cukrus (kilm\u0117s vieta ES), augaliniai riebalai (palmi\u0173 branduoli\u0173, palmi\u0173; kokos\u0173), liesi kakavos milteliai, trinta kakava, pieno i\u0161r\u016bg\u0173 ir nugriebto pieno milteli\u0173 mi\u0161inys, vafli\u0173 trupiniai (kvietiniai miltai, vanduo, raps\u0173 aliejus, te\u0161los kildymo [&hellip;]\" \/>\n<meta property=\"og:url\" content=\"https:\/\/rutana.lt\/en\/product\/sokoladiniai-saldainiai-veliuona-1kg-pergale\/\" \/>\n<meta property=\"og:site_name\" content=\"Rutana - Ra\u0161tin\u0117s reikmenys\" \/>\n<meta property=\"article:publisher\" content=\"https:\/\/www.facebook.com\/RutanaKanceliarinesPrekes\/\" \/>\n<meta property=\"article:modified_time\" content=\"2025-10-13T13:59:08+00:00\" \/>\n<meta property=\"og:image\" content=\"https:\/\/rutana.lt\/wp-content\/uploads\/2025\/09\/B091-739.jpg\" \/>\n\t<meta property=\"og:image:width\" content=\"1000\" \/>\n\t<meta property=\"og:image:height\" content=\"1000\" \/>\n\t<meta property=\"og:image:type\" content=\"image\/jpeg\" \/>\n<meta name=\"twitter:card\" content=\"summary_large_image\" \/>\n<script type=\"application\/ld+json\" class=\"yoast-schema-graph\">{\"@context\":\"https:\\\/\\\/schema.org\",\"@graph\":[{\"@type\":\"WebPage\",\"@id\":\"https:\\\/\\\/rutana.lt\\\/produktas\\\/sokoladiniai-saldainiai-veliuona-1kg-pergale\\\/\",\"url\":\"https:\\\/\\\/rutana.lt\\\/produktas\\\/sokoladiniai-saldainiai-veliuona-1kg-pergale\\\/\",\"name\":\"\u0160okoladiniai saldainiai \\\"Veliuona\\\" 1kg Pergal\u0117 - Rutana - Ra\u0161tin\u0117s reikmenys\",\"isPartOf\":{\"@id\":\"https:\\\/\\\/rutana.lt\\\/#website\"},\"primaryImageOfPage\":{\"@id\":\"https:\\\/\\\/rutana.lt\\\/produktas\\\/sokoladiniai-saldainiai-veliuona-1kg-pergale\\\/#primaryimage\"},\"image\":{\"@id\":\"https:\\\/\\\/rutana.lt\\\/produktas\\\/sokoladiniai-saldainiai-veliuona-1kg-pergale\\\/#primaryimage\"},\"thumbnailUrl\":\"https:\\\/\\\/rutana.lt\\\/wp-content\\\/uploads\\\/2025\\\/09\\\/B091-739-1.jpg?v=1763563612\",\"datePublished\":\"2025-09-03T08:05:25+00:00\",\"dateModified\":\"2025-10-13T13:59:08+00:00\",\"breadcrumb\":{\"@id\":\"https:\\\/\\\/rutana.lt\\\/produktas\\\/sokoladiniai-saldainiai-veliuona-1kg-pergale\\\/#breadcrumb\"},\"inLanguage\":\"en-US\",\"potentialAction\":[{\"@type\":\"ReadAction\",\"target\":[\"https:\\\/\\\/rutana.lt\\\/produktas\\\/sokoladiniai-saldainiai-veliuona-1kg-pergale\\\/\"]}]},{\"@type\":\"ImageObject\",\"inLanguage\":\"en-US\",\"@id\":\"https:\\\/\\\/rutana.lt\\\/produktas\\\/sokoladiniai-saldainiai-veliuona-1kg-pergale\\\/#primaryimage\",\"url\":\"https:\\\/\\\/rutana.lt\\\/wp-content\\\/uploads\\\/2025\\\/09\\\/B091-739-1.jpg?v=1763563612\",\"contentUrl\":\"https:\\\/\\\/rutana.lt\\\/wp-content\\\/uploads\\\/2025\\\/09\\\/B091-739-1.jpg?v=1763563612\",\"width\":1000,\"height\":1000},{\"@type\":\"BreadcrumbList\",\"@id\":\"https:\\\/\\\/rutana.lt\\\/produktas\\\/sokoladiniai-saldainiai-veliuona-1kg-pergale\\\/#breadcrumb\",\"itemListElement\":[{\"@type\":\"ListItem\",\"position\":1,\"name\":\"Home\",\"item\":\"https:\\\/\\\/rutana.lt\\\/\"},{\"@type\":\"ListItem\",\"position\":2,\"name\":\"Parduotuv\u0117\",\"item\":\"https:\\\/\\\/rutana.lt\\\/parduotuve\\\/\"},{\"@type\":\"ListItem\",\"position\":3,\"name\":\"\u0160okoladiniai saldainiai &#8222;Veliuona&#8221; 1kg Pergal\u0117\"}]},{\"@type\":\"WebSite\",\"@id\":\"https:\\\/\\\/rutana.lt\\\/#website\",\"url\":\"https:\\\/\\\/rutana.lt\\\/\",\"name\":\"Rutana - Ra\u0161tin\u0117s reikmenys\",\"description\":\"Prekiaujame pasaulin\u0117je rinkoje pripa\u017eintomis, kokybi\u0161komis biuro prek\u0117mis toki\u0173  gamintoj\u0173 kaip: Schneider, Esselte, Novus, 3M, Faber-Castell, Citizen, Milan, Leitz, Colop, Zebra, Staedtler, Durable, Tork, Parker, Waterman ir kt.\",\"publisher\":{\"@id\":\"https:\\\/\\\/rutana.lt\\\/#organization\"},\"potentialAction\":[{\"@type\":\"SearchAction\",\"target\":{\"@type\":\"EntryPoint\",\"urlTemplate\":\"https:\\\/\\\/rutana.lt\\\/?s={search_term_string}\"},\"query-input\":{\"@type\":\"PropertyValueSpecification\",\"valueRequired\":true,\"valueName\":\"search_term_string\"}}],\"inLanguage\":\"en-US\"},{\"@type\":\"Organization\",\"@id\":\"https:\\\/\\\/rutana.lt\\\/#organization\",\"name\":\"Rutana - Ra\u0161tin\u0117s reikmenys\",\"url\":\"https:\\\/\\\/rutana.lt\\\/\",\"logo\":{\"@type\":\"ImageObject\",\"inLanguage\":\"en-US\",\"@id\":\"https:\\\/\\\/rutana.lt\\\/#\\\/schema\\\/logo\\\/image\\\/\",\"url\":\"https:\\\/\\\/rutana.lt\\\/wp-content\\\/uploads\\\/2025\\\/10\\\/Asset-32.png\",\"contentUrl\":\"https:\\\/\\\/rutana.lt\\\/wp-content\\\/uploads\\\/2025\\\/10\\\/Asset-32.png\",\"width\":433,\"height\":119,\"caption\":\"Rutana - Ra\u0161tin\u0117s reikmenys\"},\"image\":{\"@id\":\"https:\\\/\\\/rutana.lt\\\/#\\\/schema\\\/logo\\\/image\\\/\"},\"sameAs\":[\"https:\\\/\\\/www.facebook.com\\\/RutanaKanceliarinesPrekes\\\/\"]}]}<\/script>\n<!-- \/ Yoast SEO plugin. -->","yoast_head_json":{"title":"\u0160okoladiniai saldainiai \"Veliuona\" 1kg Pergal\u0117 - Rutana - Ra\u0161tin\u0117s reikmenys","robots":{"index":"index","follow":"follow","max-snippet":"max-snippet:-1","max-image-preview":"max-image-preview:large","max-video-preview":"max-video-preview:-1"},"canonical":"https:\/\/rutana.lt\/en\/product\/sokoladiniai-saldainiai-veliuona-1kg-pergale\/","og_locale":"en_US","og_type":"article","og_title":"\u0160okoladiniai saldainiai \"Veliuona\" 1kg Pergal\u0117 - Rutana - Ra\u0161tin\u0117s reikmenys","og_description":"Juoduoju \u0161okoladu i\u0161 geriausios r\u016b\u0161ies kakavos glaistyti saldainiai su nugriebto pieno, smulkint\u0173 vafli\u0173 ir romo aromatu viliojan\u010diu aksominiu \u012fdaru. Saldainiai saiko i\u0161bandymui. Sudedamosios dalys: cukrus (kilm\u0117s vieta ES), augaliniai riebalai (palmi\u0173 branduoli\u0173, palmi\u0173; kokos\u0173), liesi kakavos milteliai, trinta kakava, pieno i\u0161r\u016bg\u0173 ir nugriebto pieno milteli\u0173 mi\u0161inys, vafli\u0173 trupiniai (kvietiniai miltai, vanduo, raps\u0173 aliejus, te\u0161los kildymo [&hellip;]","og_url":"https:\/\/rutana.lt\/en\/product\/sokoladiniai-saldainiai-veliuona-1kg-pergale\/","og_site_name":"Rutana - Ra\u0161tin\u0117s reikmenys","article_publisher":"https:\/\/www.facebook.com\/RutanaKanceliarinesPrekes\/","article_modified_time":"2025-10-13T13:59:08+00:00","og_image":[{"width":1000,"height":1000,"url":"https:\/\/rutana.lt\/wp-content\/uploads\/2025\/09\/B091-739.jpg","type":"image\/jpeg"}],"twitter_card":"summary_large_image","schema":{"@context":"https:\/\/schema.org","@graph":[{"@type":"WebPage","@id":"https:\/\/rutana.lt\/produktas\/sokoladiniai-saldainiai-veliuona-1kg-pergale\/","url":"https:\/\/rutana.lt\/produktas\/sokoladiniai-saldainiai-veliuona-1kg-pergale\/","name":"\u0160okoladiniai saldainiai \"Veliuona\" 1kg Pergal\u0117 - Rutana - Ra\u0161tin\u0117s reikmenys","isPartOf":{"@id":"https:\/\/rutana.lt\/#website"},"primaryImageOfPage":{"@id":"https:\/\/rutana.lt\/produktas\/sokoladiniai-saldainiai-veliuona-1kg-pergale\/#primaryimage"},"image":{"@id":"https:\/\/rutana.lt\/produktas\/sokoladiniai-saldainiai-veliuona-1kg-pergale\/#primaryimage"},"thumbnailUrl":"https:\/\/rutana.lt\/wp-content\/uploads\/2025\/09\/B091-739-1.jpg?v=1763563612","datePublished":"2025-09-03T08:05:25+00:00","dateModified":"2025-10-13T13:59:08+00:00","breadcrumb":{"@id":"https:\/\/rutana.lt\/produktas\/sokoladiniai-saldainiai-veliuona-1kg-pergale\/#breadcrumb"},"inLanguage":"en-US","potentialAction":[{"@type":"ReadAction","target":["https:\/\/rutana.lt\/produktas\/sokoladiniai-saldainiai-veliuona-1kg-pergale\/"]}]},{"@type":"ImageObject","inLanguage":"en-US","@id":"https:\/\/rutana.lt\/produktas\/sokoladiniai-saldainiai-veliuona-1kg-pergale\/#primaryimage","url":"https:\/\/rutana.lt\/wp-content\/uploads\/2025\/09\/B091-739-1.jpg?v=1763563612","contentUrl":"https:\/\/rutana.lt\/wp-content\/uploads\/2025\/09\/B091-739-1.jpg?v=1763563612","width":1000,"height":1000},{"@type":"BreadcrumbList","@id":"https:\/\/rutana.lt\/produktas\/sokoladiniai-saldainiai-veliuona-1kg-pergale\/#breadcrumb","itemListElement":[{"@type":"ListItem","position":1,"name":"Home","item":"https:\/\/rutana.lt\/"},{"@type":"ListItem","position":2,"name":"Parduotuv\u0117","item":"https:\/\/rutana.lt\/parduotuve\/"},{"@type":"ListItem","position":3,"name":"\u0160okoladiniai saldainiai &#8222;Veliuona&#8221; 1kg Pergal\u0117"}]},{"@type":"WebSite","@id":"https:\/\/rutana.lt\/#website","url":"https:\/\/rutana.lt\/","name":"Rutana - Ra\u0161tin\u0117s reikmenys","description":"Prekiaujame pasaulin\u0117je rinkoje pripa\u017eintomis, kokybi\u0161komis biuro prek\u0117mis toki\u0173  gamintoj\u0173 kaip: Schneider, Esselte, Novus, 3M, Faber-Castell, Citizen, Milan, Leitz, Colop, Zebra, Staedtler, Durable, Tork, Parker, Waterman ir kt.","publisher":{"@id":"https:\/\/rutana.lt\/#organization"},"potentialAction":[{"@type":"SearchAction","target":{"@type":"EntryPoint","urlTemplate":"https:\/\/rutana.lt\/?s={search_term_string}"},"query-input":{"@type":"PropertyValueSpecification","valueRequired":true,"valueName":"search_term_string"}}],"inLanguage":"en-US"},{"@type":"Organization","@id":"https:\/\/rutana.lt\/#organization","name":"Rutana - Ra\u0161tin\u0117s reikmenys","url":"https:\/\/rutana.lt\/","logo":{"@type":"ImageObject","inLanguage":"en-US","@id":"https:\/\/rutana.lt\/#\/schema\/logo\/image\/","url":"https:\/\/rutana.lt\/wp-content\/uploads\/2025\/10\/Asset-32.png","contentUrl":"https:\/\/rutana.lt\/wp-content\/uploads\/2025\/10\/Asset-32.png","width":433,"height":119,"caption":"Rutana - Ra\u0161tin\u0117s reikmenys"},"image":{"@id":"https:\/\/rutana.lt\/#\/schema\/logo\/image\/"},"sameAs":["https:\/\/www.facebook.com\/RutanaKanceliarinesPrekes\/"]}]}},"_links":{"self":[{"href":"https:\/\/rutana.lt\/en\/wp-json\/wp\/v2\/product\/19317","targetHints":{"allow":["GET"]}}],"collection":[{"href":"https:\/\/rutana.lt\/en\/wp-json\/wp\/v2\/product"}],"about":[{"href":"https:\/\/rutana.lt\/en\/wp-json\/wp\/v2\/types\/product"}],"replies":[{"embeddable":true,"href":"https:\/\/rutana.lt\/en\/wp-json\/wp\/v2\/comments?post=19317"}],"version-history":[{"count":1,"href":"https:\/\/rutana.lt\/en\/wp-json\/wp\/v2\/product\/19317\/revisions"}],"predecessor-version":[{"id":19351,"href":"https:\/\/rutana.lt\/en\/wp-json\/wp\/v2\/product\/19317\/revisions\/19351"}],"wp:featuredmedia":[{"embeddable":true,"href":"https:\/\/rutana.lt\/en\/wp-json\/wp\/v2\/media\/30025"}],"wp:attachment":[{"href":"https:\/\/rutana.lt\/en\/wp-json\/wp\/v2\/media?parent=19317"}],"wp:term":[{"taxonomy":"product_brand","embeddable":true,"href":"https:\/\/rutana.lt\/en\/wp-json\/wp\/v2\/product_brand?post=19317"},{"taxonomy":"product_cat","embeddable":true,"href":"https:\/\/rutana.lt\/en\/wp-json\/wp\/v2\/product_cat?post=19317"},{"taxonomy":"product_tag","embeddable":true,"href":"https:\/\/rutana.lt\/en\/wp-json\/wp\/v2\/product_tag?post=19317"}],"curies":[{"name":"wp","href":"https:\/\/api.w.org\/{rel}","templated":true}]}}