{"id":19316,"date":"2025-09-03T10:05:25","date_gmt":"2025-09-03T08:05:25","guid":{"rendered":"https:\/\/rutana.webdemo.lt\/?post_type=product&#038;p=19316"},"modified":"2025-10-13T15:59:07","modified_gmt":"2025-10-13T13:59:07","slug":"saldainiai-nomeda-peanut-butterjelly-1kg-vilniaus-pergale","status":"publish","type":"product","link":"https:\/\/rutana.lt\/en\/product\/saldainiai-nomeda-peanut-butterjelly-1kg-vilniaus-pergale\/","title":{"rendered":"Saldainiai &#8222;Nomeda Peanut Butter&#038;Jelly&#8221; 1kg Vilniaus Pergal\u0117"},"content":{"rendered":"<p style=\"margin-bottom: 1.5em; outline: none !important;\">Jeigu kultinis amerikieti\u0161kas \u201ePB&#038;Jelly\u201c sumu\u0161tinis b\u016bt\u0173 himnas, tada \u201eNomeda peanut butter&#038;jelly\u201c \u2013 jo sulietuvintas avangardinis remiksas. Du tra\u0161k\u016bs vafliai, aplieti auk\u0161tos kokyb\u0117s kakavos glaistu, pavyd\u017eiai saugo Lietuvos soduose saul\u0117s nubu\u010diuot\u0173 obuoli\u0173 tyr\u0117s ir sodraus \u017eem\u0117s rie\u0161ut\u0173 sviesto kreme p\u016bpsan\u010dius sald\u017eiar\u016bg\u0161\u010dius \u017eel\u0117 gabaliukus. Ikoni\u0161kas amerikieti\u0161kas u\u017ekandis lietuvi\u0161ka dvasia, kuriam \u201esumu\u0161tinio d\u0117snis\u201c negalioja.<\/p>\n<p style=\"margin-bottom: 1.5em; outline: none !important;\">Sudedamosios dalys: <span data-contrast=\"auto\" xml:lang=\"LT-LT\" lang=\"LT-LT\" class=\"TextRun SCXW79483043 BCX0\" style=\"outline: none !important;\"><span class=\"NormalTextRun SCXW79483043 BCX0\" style=\"outline: none !important;\">cukrus, obuoli\u0173 tyr\u0117 (trinti obuoliai, konservantas kalio <\/span><span class=\"NormalTextRun SpellingErrorV2Themed SCXW79483043 BCX0\" style=\"outline: none !important;\">sorbatas<\/span><span class=\"NormalTextRun SCXW79483043 BCX0\" style=\"outline: none !important;\">), <\/span><span class=\"NormalTextRun SCXW79483043 BCX0\" style=\"outline: none !important;\">trinti kepinti <\/span><\/span><span data-contrast=\"auto\" xml:lang=\"LT-LT\" lang=\"LT-LT\" class=\"TextRun Underlined SCXW79483043 BCX0\" style=\"outline: none !important;\"><span class=\"NormalTextRun SCXW79483043 BCX0\" style=\"outline: none !important;\">\u017eem\u0117s<\/span><span class=\"NormalTextRun SCXW79483043 BCX0\" style=\"outline: none !important;\"> <\/span><span class=\"NormalTextRun SCXW79483043 BCX0\" style=\"outline: none !important;\">rie\u0161ut<\/span><span class=\"NormalTextRun SCXW79483043 BCX0\" style=\"outline: none !important;\">ai<\/span><\/span><span data-contrast=\"auto\" xml:lang=\"LT-LT\" lang=\"LT-LT\" class=\"TextRun SCXW79483043 BCX0\" style=\"outline: none !important;\"><span class=\"NormalTextRun SCXW79483043 BCX0\" style=\"outline: none !important;\"> 21 %, vafli\u0173 lak\u0161tai ir smulkinti vafliai (<\/span><\/span><span data-contrast=\"auto\" xml:lang=\"LT-LT\" lang=\"LT-LT\" class=\"TextRun Underlined SCXW79483043 BCX0\" style=\"outline: none !important;\">kvietiniai<\/span><span data-contrast=\"auto\" xml:lang=\"LT-LT\" lang=\"LT-LT\" class=\"TextRun SCXW79483043 BCX0\" style=\"outline: none !important;\"><span class=\"NormalTextRun SCXW79483043 BCX0\" style=\"outline: none !important;\"> miltai, vanduo, raps\u0173 <\/span><span class=\"NormalTextRun SCXW79483043 BCX0\" style=\"outline: none !important;\">aliejus,<\/span><span class=\"NormalTextRun SCXW79483043 BCX0\" style=\"outline: none !important;\"> te\u0161los kildymo med\u017eiagos: <\/span><span class=\"NormalTextRun SCXW79483043 BCX0\" style=\"outline: none !important;\">natrio karbonatai, amonio karbonatai; valgomoji <\/span><span class=\"NormalTextRun SpellingErrorV2Themed SCXW79483043 BCX0\" style=\"outline: none !important;\">druska,emulsiklis<\/span><span class=\"NormalTextRun SCXW79483043 BCX0\" style=\"outline: none !important;\"> <\/span><\/span><span data-contrast=\"auto\" xml:lang=\"LT-LT\" lang=\"LT-LT\" class=\"TextRun Underlined SCXW79483043 BCX0\" style=\"outline: none !important;\">soj\u0173<\/span><span data-contrast=\"auto\" xml:lang=\"LT-LT\" lang=\"LT-LT\" class=\"TextRun SCXW79483043 BCX0\" style=\"outline: none !important;\"><span class=\"NormalTextRun SCXW79483043 BCX0\" style=\"outline: none !important;\"> <\/span><span class=\"NormalTextRun SpellingErrorV2Themed SCXW79483043 BCX0\" style=\"outline: none !important;\">lecitinai<\/span><span class=\"NormalTextRun SCXW79483043 BCX0\" style=\"outline: none !important;\">), augaliniai riebalai (\u012fvairiomis dalimis: <\/span><span class=\"NormalTextRun SpellingErrorV2Themed SCXW79483043 BCX0\" style=\"outline: none !important;\">sviestmed\u017ei\u0173<\/span><span class=\"NormalTextRun SCXW79483043 BCX0\" style=\"outline: none !important;\">, palmi\u0173), \u017eel\u0117 gabaliukai 5% (cukrus, vanduo, gliukoz\u0117s-fruktoz\u0117s sirupas, <\/span><span class=\"NormalTextRun SCXW79483043 BCX0\" style=\"outline: none !important;\">r\u016bg\u0161tingum\u0105 reguliuojan\u010dios med\u017eiagos: citrin\u0173 r\u016bg\u0161tis ir <\/span><span class=\"NormalTextRun SpellingErrorV2Themed SCXW79483043 BCX0\" style=\"outline: none !important;\">trinatrio<\/span><span class=\"NormalTextRun SCXW79483043 BCX0\" style=\"outline: none !important;\"> citratas; stabilizatorius pektinai, juod\u0173j\u0173 mork\u0173 sul\u010di\u0173 koncentratas, raps\u0173 aliejus, da\u017eikliai: chlorofil\u0173 ir <\/span><span class=\"NormalTextRun SpellingErrorV2Themed SCXW79483043 BCX0\" style=\"outline: none !important;\">chlorofilin\u0173<\/span><span class=\"NormalTextRun SCXW79483043 BCX0\" style=\"outline: none !important;\"> vario kompleksai, <\/span><span class=\"NormalTextRun SpellingErrorV2Themed SCXW79483043 BCX0\" style=\"outline: none !important;\">chlorofilinai<\/span><span class=\"NormalTextRun SCXW79483043 BCX0\" style=\"outline: none !important;\">, <\/span><span class=\"NormalTextRun SpellingErrorV2Themed SCXW79483043 BCX0\" style=\"outline: none !important;\">anato<\/span><span class=\"NormalTextRun SCXW79483043 BCX0\" style=\"outline: none !important;\"> <\/span><span class=\"NormalTextRun SpellingErrorV2Themed SCXW79483043 BCX0\" style=\"outline: none !important;\">norbiksinas<\/span><span class=\"NormalTextRun SCXW79483043 BCX0\" style=\"outline: none !important;\">; kvapiosios med\u017eiagos<\/span><span class=\"NormalTextRun SCXW79483043 BCX0\" style=\"outline: none !important;\">), liesi kakavos milteliai, <\/span><span class=\"NormalTextRun SCXW79483043 BCX0\" style=\"outline: none !important;\">r\u016bg\u0161tingum\u0105 reguliuojan\u010dios med\u017eiagos: citrin\u0173 r\u016bg\u0161tis ir <\/span><span class=\"NormalTextRun SpellingErrorV2Themed SCXW79483043 BCX0\" style=\"outline: none !important;\">trinatrio<\/span><span class=\"NormalTextRun SCXW79483043 BCX0\" style=\"outline: none !important;\"> citratas;<\/span><\/span><span data-contrast=\"none\" xml:lang=\"LT-LT\" lang=\"LT-LT\" class=\"TextRun SCXW79483043 BCX0\" style=\"outline: none !important;\"><span class=\"NormalTextRun SCXW79483043 BCX0\" style=\"outline: none !important;\"> <\/span><\/span><span data-contrast=\"auto\" xml:lang=\"LT-LT\" lang=\"LT-LT\" class=\"TextRun SCXW79483043 BCX0\" style=\"outline: none !important;\"><span class=\"NormalTextRun SCXW79483043 BCX0\" style=\"outline: none !important;\">emulsikliai: <\/span><\/span><span data-contrast=\"auto\" xml:lang=\"LT-LT\" lang=\"LT-LT\" class=\"TextRun Underlined SCXW79483043 BCX0\" style=\"outline: none !important;\">soj\u0173<\/span><span data-contrast=\"auto\" xml:lang=\"LT-LT\" lang=\"LT-LT\" class=\"TextRun SCXW79483043 BCX0\" style=\"outline: none !important;\"><span class=\"NormalTextRun SCXW79483043 BCX0\" style=\"outline: none !important;\"> <\/span><span class=\"NormalTextRun SpellingErrorV2Themed SCXW79483043 BCX0\" style=\"outline: none !important;\">lecitinai<\/span><span class=\"NormalTextRun SCXW79483043 BCX0\" style=\"outline: none !important;\">, r<\/span><span class=\"NormalTextRun SCXW79483043 BCX0\" style=\"outline: none !important;\">iebal\u0173 r\u016bg\u0161\u010di\u0173 <\/span><span class=\"NormalTextRun SpellingErrorV2Themed SCXW79483043 BCX0\" style=\"outline: none !important;\">mono<\/span><span class=\"NormalTextRun SCXW79483043 BCX0\" style=\"outline: none !important;\">&#8211; ir <\/span><span class=\"NormalTextRun SpellingErrorV2Themed SCXW79483043 BCX0\" style=\"outline: none !important;\">digliceridai<\/span><span class=\"NormalTextRun SCXW79483043 BCX0\" style=\"outline: none !important;\">, <\/span><span class=\"NormalTextRun SpellingErrorV2Themed SCXW79483043 BCX0\" style=\"outline: none !important;\">poliglicerolio<\/span><span class=\"NormalTextRun SCXW79483043 BCX0\" style=\"outline: none !important;\"> <\/span><span class=\"NormalTextRun SpellingErrorV2Themed SCXW79483043 BCX0\" style=\"outline: none !important;\">poliricinoleatas<\/span><span class=\"NormalTextRun SCXW79483043 BCX0\" style=\"outline: none !important;\">; <\/span><span class=\"NormalTextRun SCXW79483043 BCX0\" style=\"outline: none !important;\">kvapiosios med\u017eiagos, <\/span><span class=\"NormalTextRun SpellingErrorV2Themed SCXW79483043 BCX0\" style=\"outline: none !important;\">stingdiklis<\/span><span class=\"NormalTextRun SCXW79483043 BCX0\" style=\"outline: none !important;\"> pektinai.<\/span><\/span><\/p>\n<p>Kiekis: 1 kg<\/p>\n<p>Kilm\u0117s \u0161alis: Lietuva<\/p>","protected":false},"excerpt":{"rendered":"<p>Jeigu kultinis amerikieti\u0161kas \u201ePB&#038;Jelly\u201c sumu\u0161tinis b\u016bt\u0173 himnas, tada \u201eNomeda peanut butter&#038;jelly\u201c \u2013 jo sulietuvintas avangardinis remiksas. Du tra\u0161k\u016bs vafliai, aplieti auk\u0161tos kokyb\u0117s kakavos glaistu, pavyd\u017eiai saugo Lietuvos soduose saul\u0117s nubu\u010diuot\u0173 obuoli\u0173 tyr\u0117s ir sodraus \u017eem\u0117s rie\u0161ut\u0173 sviesto kreme p\u016bpsan\u010dius sald\u017eiar\u016bg\u0161\u010dius \u017eel\u0117 gabaliukus. Ikoni\u0161kas amerikieti\u0161kas u\u017ekandis lietuvi\u0161ka dvasia, kuriam \u201esumu\u0161tinio d\u0117snis\u201c negalioja. Sudedamosios dalys: cukrus, obuoli\u0173 [&hellip;]<\/p>","protected":false},"featured_media":30024,"comment_status":"open","ping_status":"closed","template":"","meta":{"_season_start":"","_season_end":"","_season_days":"","_season_months":"","_season_auto_visibility":""},"product_brand":[754],"product_cat":[1879,1880],"product_tag":[],"class_list":{"0":"post-19316","1":"product","2":"type-product","3":"status-publish","4":"has-post-thumbnail","6":"product_brand-vilniaus-pergale","7":"product_cat-saldainiai","8":"product_cat-sokolodai","10":"first","11":"instock","12":"taxable","13":"shipping-taxable","14":"purchasable","15":"product-type-simple"},"yoast_head":"<!-- This site is optimized with the Yoast SEO plugin v27.4 - https:\/\/yoast.com\/product\/yoast-seo-wordpress\/ -->\n<title>Saldainiai &quot;Nomeda Peanut Butter&amp;Jelly&quot; 1kg Vilniaus Pergal\u0117 - Rutana - Ra\u0161tin\u0117s reikmenys<\/title>\n<meta name=\"robots\" content=\"index, follow, max-snippet:-1, max-image-preview:large, max-video-preview:-1\" \/>\n<link rel=\"canonical\" href=\"https:\/\/rutana.lt\/en\/product\/saldainiai-nomeda-peanut-butterjelly-1kg-vilniaus-pergale\/\" \/>\n<meta property=\"og:locale\" content=\"en_US\" \/>\n<meta property=\"og:type\" content=\"article\" \/>\n<meta property=\"og:title\" content=\"Saldainiai &quot;Nomeda Peanut Butter&amp;Jelly&quot; 1kg Vilniaus Pergal\u0117 - Rutana - Ra\u0161tin\u0117s reikmenys\" \/>\n<meta property=\"og:description\" content=\"Jeigu kultinis amerikieti\u0161kas \u201ePB&#038;Jelly\u201c sumu\u0161tinis b\u016bt\u0173 himnas, tada \u201eNomeda peanut butter&#038;jelly\u201c \u2013 jo sulietuvintas avangardinis remiksas. Du tra\u0161k\u016bs vafliai, aplieti auk\u0161tos kokyb\u0117s kakavos glaistu, pavyd\u017eiai saugo Lietuvos soduose saul\u0117s nubu\u010diuot\u0173 obuoli\u0173 tyr\u0117s ir sodraus \u017eem\u0117s rie\u0161ut\u0173 sviesto kreme p\u016bpsan\u010dius sald\u017eiar\u016bg\u0161\u010dius \u017eel\u0117 gabaliukus. Ikoni\u0161kas amerikieti\u0161kas u\u017ekandis lietuvi\u0161ka dvasia, kuriam \u201esumu\u0161tinio d\u0117snis\u201c negalioja. Sudedamosios dalys: cukrus, obuoli\u0173 [&hellip;]\" \/>\n<meta property=\"og:url\" content=\"https:\/\/rutana.lt\/en\/product\/saldainiai-nomeda-peanut-butterjelly-1kg-vilniaus-pergale\/\" \/>\n<meta property=\"og:site_name\" content=\"Rutana - Ra\u0161tin\u0117s reikmenys\" \/>\n<meta property=\"article:publisher\" content=\"https:\/\/www.facebook.com\/RutanaKanceliarinesPrekes\/\" \/>\n<meta property=\"article:modified_time\" content=\"2025-10-13T13:59:07+00:00\" \/>\n<meta property=\"og:image\" content=\"https:\/\/rutana.lt\/wp-content\/uploads\/2025\/09\/B090-006.jpg\" \/>\n\t<meta property=\"og:image:width\" content=\"1000\" \/>\n\t<meta property=\"og:image:height\" content=\"1000\" \/>\n\t<meta property=\"og:image:type\" content=\"image\/jpeg\" \/>\n<meta name=\"twitter:card\" content=\"summary_large_image\" \/>\n<meta name=\"twitter:label1\" content=\"Est. reading time\" \/>\n\t<meta name=\"twitter:data1\" content=\"1 minute\" \/>\n<script type=\"application\/ld+json\" class=\"yoast-schema-graph\">{\"@context\":\"https:\\\/\\\/schema.org\",\"@graph\":[{\"@type\":\"WebPage\",\"@id\":\"https:\\\/\\\/rutana.lt\\\/produktas\\\/saldainiai-nomeda-peanut-butterjelly-1kg-vilniaus-pergale\\\/\",\"url\":\"https:\\\/\\\/rutana.lt\\\/produktas\\\/saldainiai-nomeda-peanut-butterjelly-1kg-vilniaus-pergale\\\/\",\"name\":\"Saldainiai \\\"Nomeda Peanut Butter&Jelly\\\" 1kg Vilniaus Pergal\u0117 - Rutana - Ra\u0161tin\u0117s reikmenys\",\"isPartOf\":{\"@id\":\"https:\\\/\\\/rutana.lt\\\/#website\"},\"primaryImageOfPage\":{\"@id\":\"https:\\\/\\\/rutana.lt\\\/produktas\\\/saldainiai-nomeda-peanut-butterjelly-1kg-vilniaus-pergale\\\/#primaryimage\"},\"image\":{\"@id\":\"https:\\\/\\\/rutana.lt\\\/produktas\\\/saldainiai-nomeda-peanut-butterjelly-1kg-vilniaus-pergale\\\/#primaryimage\"},\"thumbnailUrl\":\"https:\\\/\\\/rutana.lt\\\/wp-content\\\/uploads\\\/2025\\\/09\\\/B090-006-1.jpg?v=1763563614\",\"datePublished\":\"2025-09-03T08:05:25+00:00\",\"dateModified\":\"2025-10-13T13:59:07+00:00\",\"breadcrumb\":{\"@id\":\"https:\\\/\\\/rutana.lt\\\/produktas\\\/saldainiai-nomeda-peanut-butterjelly-1kg-vilniaus-pergale\\\/#breadcrumb\"},\"inLanguage\":\"en-US\",\"potentialAction\":[{\"@type\":\"ReadAction\",\"target\":[\"https:\\\/\\\/rutana.lt\\\/produktas\\\/saldainiai-nomeda-peanut-butterjelly-1kg-vilniaus-pergale\\\/\"]}]},{\"@type\":\"ImageObject\",\"inLanguage\":\"en-US\",\"@id\":\"https:\\\/\\\/rutana.lt\\\/produktas\\\/saldainiai-nomeda-peanut-butterjelly-1kg-vilniaus-pergale\\\/#primaryimage\",\"url\":\"https:\\\/\\\/rutana.lt\\\/wp-content\\\/uploads\\\/2025\\\/09\\\/B090-006-1.jpg?v=1763563614\",\"contentUrl\":\"https:\\\/\\\/rutana.lt\\\/wp-content\\\/uploads\\\/2025\\\/09\\\/B090-006-1.jpg?v=1763563614\",\"width\":1000,\"height\":1000},{\"@type\":\"BreadcrumbList\",\"@id\":\"https:\\\/\\\/rutana.lt\\\/produktas\\\/saldainiai-nomeda-peanut-butterjelly-1kg-vilniaus-pergale\\\/#breadcrumb\",\"itemListElement\":[{\"@type\":\"ListItem\",\"position\":1,\"name\":\"Home\",\"item\":\"https:\\\/\\\/rutana.lt\\\/\"},{\"@type\":\"ListItem\",\"position\":2,\"name\":\"Parduotuv\u0117\",\"item\":\"https:\\\/\\\/rutana.lt\\\/parduotuve\\\/\"},{\"@type\":\"ListItem\",\"position\":3,\"name\":\"Saldainiai &#8222;Nomeda Peanut Butter&#038;Jelly&#8221; 1kg Vilniaus Pergal\u0117\"}]},{\"@type\":\"WebSite\",\"@id\":\"https:\\\/\\\/rutana.lt\\\/#website\",\"url\":\"https:\\\/\\\/rutana.lt\\\/\",\"name\":\"Rutana - Ra\u0161tin\u0117s reikmenys\",\"description\":\"Prekiaujame pasaulin\u0117je rinkoje pripa\u017eintomis, kokybi\u0161komis biuro prek\u0117mis toki\u0173  gamintoj\u0173 kaip: Schneider, Esselte, Novus, 3M, Faber-Castell, Citizen, Milan, Leitz, Colop, Zebra, Staedtler, Durable, Tork, Parker, Waterman ir kt.\",\"publisher\":{\"@id\":\"https:\\\/\\\/rutana.lt\\\/#organization\"},\"potentialAction\":[{\"@type\":\"SearchAction\",\"target\":{\"@type\":\"EntryPoint\",\"urlTemplate\":\"https:\\\/\\\/rutana.lt\\\/?s={search_term_string}\"},\"query-input\":{\"@type\":\"PropertyValueSpecification\",\"valueRequired\":true,\"valueName\":\"search_term_string\"}}],\"inLanguage\":\"en-US\"},{\"@type\":\"Organization\",\"@id\":\"https:\\\/\\\/rutana.lt\\\/#organization\",\"name\":\"Rutana - Ra\u0161tin\u0117s reikmenys\",\"url\":\"https:\\\/\\\/rutana.lt\\\/\",\"logo\":{\"@type\":\"ImageObject\",\"inLanguage\":\"en-US\",\"@id\":\"https:\\\/\\\/rutana.lt\\\/#\\\/schema\\\/logo\\\/image\\\/\",\"url\":\"https:\\\/\\\/rutana.lt\\\/wp-content\\\/uploads\\\/2025\\\/10\\\/Asset-32.png\",\"contentUrl\":\"https:\\\/\\\/rutana.lt\\\/wp-content\\\/uploads\\\/2025\\\/10\\\/Asset-32.png\",\"width\":433,\"height\":119,\"caption\":\"Rutana - Ra\u0161tin\u0117s reikmenys\"},\"image\":{\"@id\":\"https:\\\/\\\/rutana.lt\\\/#\\\/schema\\\/logo\\\/image\\\/\"},\"sameAs\":[\"https:\\\/\\\/www.facebook.com\\\/RutanaKanceliarinesPrekes\\\/\"]}]}<\/script>\n<!-- \/ Yoast SEO plugin. -->","yoast_head_json":{"title":"Saldainiai \"Nomeda Peanut Butter&Jelly\" 1kg Vilniaus Pergal\u0117 - Rutana - Ra\u0161tin\u0117s reikmenys","robots":{"index":"index","follow":"follow","max-snippet":"max-snippet:-1","max-image-preview":"max-image-preview:large","max-video-preview":"max-video-preview:-1"},"canonical":"https:\/\/rutana.lt\/en\/product\/saldainiai-nomeda-peanut-butterjelly-1kg-vilniaus-pergale\/","og_locale":"en_US","og_type":"article","og_title":"Saldainiai \"Nomeda Peanut Butter&Jelly\" 1kg Vilniaus Pergal\u0117 - Rutana - Ra\u0161tin\u0117s reikmenys","og_description":"Jeigu kultinis amerikieti\u0161kas \u201ePB&#038;Jelly\u201c sumu\u0161tinis b\u016bt\u0173 himnas, tada \u201eNomeda peanut butter&#038;jelly\u201c \u2013 jo sulietuvintas avangardinis remiksas. Du tra\u0161k\u016bs vafliai, aplieti auk\u0161tos kokyb\u0117s kakavos glaistu, pavyd\u017eiai saugo Lietuvos soduose saul\u0117s nubu\u010diuot\u0173 obuoli\u0173 tyr\u0117s ir sodraus \u017eem\u0117s rie\u0161ut\u0173 sviesto kreme p\u016bpsan\u010dius sald\u017eiar\u016bg\u0161\u010dius \u017eel\u0117 gabaliukus. Ikoni\u0161kas amerikieti\u0161kas u\u017ekandis lietuvi\u0161ka dvasia, kuriam \u201esumu\u0161tinio d\u0117snis\u201c negalioja. Sudedamosios dalys: cukrus, obuoli\u0173 [&hellip;]","og_url":"https:\/\/rutana.lt\/en\/product\/saldainiai-nomeda-peanut-butterjelly-1kg-vilniaus-pergale\/","og_site_name":"Rutana - Ra\u0161tin\u0117s reikmenys","article_publisher":"https:\/\/www.facebook.com\/RutanaKanceliarinesPrekes\/","article_modified_time":"2025-10-13T13:59:07+00:00","og_image":[{"width":1000,"height":1000,"url":"https:\/\/rutana.lt\/wp-content\/uploads\/2025\/09\/B090-006.jpg","type":"image\/jpeg"}],"twitter_card":"summary_large_image","twitter_misc":{"Est. reading time":"1 minute"},"schema":{"@context":"https:\/\/schema.org","@graph":[{"@type":"WebPage","@id":"https:\/\/rutana.lt\/produktas\/saldainiai-nomeda-peanut-butterjelly-1kg-vilniaus-pergale\/","url":"https:\/\/rutana.lt\/produktas\/saldainiai-nomeda-peanut-butterjelly-1kg-vilniaus-pergale\/","name":"Saldainiai \"Nomeda Peanut Butter&Jelly\" 1kg Vilniaus Pergal\u0117 - Rutana - Ra\u0161tin\u0117s reikmenys","isPartOf":{"@id":"https:\/\/rutana.lt\/#website"},"primaryImageOfPage":{"@id":"https:\/\/rutana.lt\/produktas\/saldainiai-nomeda-peanut-butterjelly-1kg-vilniaus-pergale\/#primaryimage"},"image":{"@id":"https:\/\/rutana.lt\/produktas\/saldainiai-nomeda-peanut-butterjelly-1kg-vilniaus-pergale\/#primaryimage"},"thumbnailUrl":"https:\/\/rutana.lt\/wp-content\/uploads\/2025\/09\/B090-006-1.jpg?v=1763563614","datePublished":"2025-09-03T08:05:25+00:00","dateModified":"2025-10-13T13:59:07+00:00","breadcrumb":{"@id":"https:\/\/rutana.lt\/produktas\/saldainiai-nomeda-peanut-butterjelly-1kg-vilniaus-pergale\/#breadcrumb"},"inLanguage":"en-US","potentialAction":[{"@type":"ReadAction","target":["https:\/\/rutana.lt\/produktas\/saldainiai-nomeda-peanut-butterjelly-1kg-vilniaus-pergale\/"]}]},{"@type":"ImageObject","inLanguage":"en-US","@id":"https:\/\/rutana.lt\/produktas\/saldainiai-nomeda-peanut-butterjelly-1kg-vilniaus-pergale\/#primaryimage","url":"https:\/\/rutana.lt\/wp-content\/uploads\/2025\/09\/B090-006-1.jpg?v=1763563614","contentUrl":"https:\/\/rutana.lt\/wp-content\/uploads\/2025\/09\/B090-006-1.jpg?v=1763563614","width":1000,"height":1000},{"@type":"BreadcrumbList","@id":"https:\/\/rutana.lt\/produktas\/saldainiai-nomeda-peanut-butterjelly-1kg-vilniaus-pergale\/#breadcrumb","itemListElement":[{"@type":"ListItem","position":1,"name":"Home","item":"https:\/\/rutana.lt\/"},{"@type":"ListItem","position":2,"name":"Parduotuv\u0117","item":"https:\/\/rutana.lt\/parduotuve\/"},{"@type":"ListItem","position":3,"name":"Saldainiai &#8222;Nomeda Peanut Butter&#038;Jelly&#8221; 1kg Vilniaus Pergal\u0117"}]},{"@type":"WebSite","@id":"https:\/\/rutana.lt\/#website","url":"https:\/\/rutana.lt\/","name":"Rutana - Ra\u0161tin\u0117s reikmenys","description":"Prekiaujame pasaulin\u0117je rinkoje pripa\u017eintomis, kokybi\u0161komis biuro prek\u0117mis toki\u0173  gamintoj\u0173 kaip: Schneider, Esselte, Novus, 3M, Faber-Castell, Citizen, Milan, Leitz, Colop, Zebra, Staedtler, Durable, Tork, Parker, Waterman ir kt.","publisher":{"@id":"https:\/\/rutana.lt\/#organization"},"potentialAction":[{"@type":"SearchAction","target":{"@type":"EntryPoint","urlTemplate":"https:\/\/rutana.lt\/?s={search_term_string}"},"query-input":{"@type":"PropertyValueSpecification","valueRequired":true,"valueName":"search_term_string"}}],"inLanguage":"en-US"},{"@type":"Organization","@id":"https:\/\/rutana.lt\/#organization","name":"Rutana - Ra\u0161tin\u0117s reikmenys","url":"https:\/\/rutana.lt\/","logo":{"@type":"ImageObject","inLanguage":"en-US","@id":"https:\/\/rutana.lt\/#\/schema\/logo\/image\/","url":"https:\/\/rutana.lt\/wp-content\/uploads\/2025\/10\/Asset-32.png","contentUrl":"https:\/\/rutana.lt\/wp-content\/uploads\/2025\/10\/Asset-32.png","width":433,"height":119,"caption":"Rutana - Ra\u0161tin\u0117s reikmenys"},"image":{"@id":"https:\/\/rutana.lt\/#\/schema\/logo\/image\/"},"sameAs":["https:\/\/www.facebook.com\/RutanaKanceliarinesPrekes\/"]}]}},"_links":{"self":[{"href":"https:\/\/rutana.lt\/en\/wp-json\/wp\/v2\/product\/19316","targetHints":{"allow":["GET"]}}],"collection":[{"href":"https:\/\/rutana.lt\/en\/wp-json\/wp\/v2\/product"}],"about":[{"href":"https:\/\/rutana.lt\/en\/wp-json\/wp\/v2\/types\/product"}],"replies":[{"embeddable":true,"href":"https:\/\/rutana.lt\/en\/wp-json\/wp\/v2\/comments?post=19316"}],"version-history":[{"count":1,"href":"https:\/\/rutana.lt\/en\/wp-json\/wp\/v2\/product\/19316\/revisions"}],"predecessor-version":[{"id":19349,"href":"https:\/\/rutana.lt\/en\/wp-json\/wp\/v2\/product\/19316\/revisions\/19349"}],"wp:featuredmedia":[{"embeddable":true,"href":"https:\/\/rutana.lt\/en\/wp-json\/wp\/v2\/media\/30024"}],"wp:attachment":[{"href":"https:\/\/rutana.lt\/en\/wp-json\/wp\/v2\/media?parent=19316"}],"wp:term":[{"taxonomy":"product_brand","embeddable":true,"href":"https:\/\/rutana.lt\/en\/wp-json\/wp\/v2\/product_brand?post=19316"},{"taxonomy":"product_cat","embeddable":true,"href":"https:\/\/rutana.lt\/en\/wp-json\/wp\/v2\/product_cat?post=19316"},{"taxonomy":"product_tag","embeddable":true,"href":"https:\/\/rutana.lt\/en\/wp-json\/wp\/v2\/product_tag?post=19316"}],"curies":[{"name":"wp","href":"https:\/\/api.w.org\/{rel}","templated":true}]}}