{"id":19270,"date":"2025-09-03T10:05:04","date_gmt":"2025-09-03T08:05:04","guid":{"rendered":"https:\/\/rutana.webdemo.lt\/?post_type=product&#038;p=19270"},"modified":"2025-10-13T15:59:01","modified_gmt":"2025-10-13T13:59:01","slug":"juodasis-sokoladas-cocoa-72-200g-pergale","status":"publish","type":"product","link":"https:\/\/rutana.lt\/en\/product\/juodasis-sokoladas-cocoa-72-200g-pergale\/","title":{"rendered":"Juodasis \u0161okoladas &#8222;Cocoa 72%&#8221; 200g Pergal\u0117"},"content":{"rendered":"<p style=\"\">Juodame it naktis gabaliuke atsiskleid\u017eia subtil\u016bs \u0161okolado karaliaus \u2013 aksominio belgi\u0161ko \u0161okolado \u2013 skonio ir kvapo pustoniai. Burnoje tirpstan\u010dioje plytel\u0117je \u2013 net 72 % belgi\u0161ko \u0161okolado.<\/p>\n<p style=\"\">Sud\u0117tis: t<span style=\"outline: none !important;\">rinta kakava, cukrus, kakavos sviestas, emulsikliai: <\/span><span style=\"outline: none !important;\">soj\u0173<\/span><span style=\"outline: none !important;\"> lecitinai, poliglicerolio poliricinoleatas; kvapioji med\u017eiaga. <\/span><span style=\"outline: none !important;\">Juodajame \u0161okolade kakavos saus\u0173j\u0173 med\u017eiag\u0173 ne ma\u017eiau kaip 72 %. <\/span><span style=\"outline: none !important;\">Juodajame \u0161okolade n\u0117ra kit\u0173 nei kakavos sviestas augalini\u0173 riebal\u0173.<\/span><\/p>\n<p style=\"\">Kiekis: 200 g<\/p>\n<p style=\"\">Kilm\u0117s \u0161alis: Lietuva<\/p>\n<p><\/p>\n<p><\/p>\n<p><\/p>","protected":false},"excerpt":{"rendered":"<p>Juodame it naktis gabaliuke atsiskleid\u017eia subtil\u016bs \u0161okolado karaliaus \u2013 aksominio belgi\u0161ko \u0161okolado \u2013 skonio ir kvapo pustoniai. Burnoje tirpstan\u010dioje plytel\u0117je \u2013 net 72 % belgi\u0161ko \u0161okolado. Sud\u0117tis: trinta kakava, cukrus, kakavos sviestas, emulsikliai: soj\u0173 lecitinai, poliglicerolio poliricinoleatas; kvapioji med\u017eiaga. Juodajame \u0161okolade kakavos saus\u0173j\u0173 med\u017eiag\u0173 ne ma\u017eiau kaip 72 %. Juodajame \u0161okolade n\u0117ra kit\u0173 nei kakavos [&hellip;]<\/p>","protected":false},"featured_media":30014,"comment_status":"open","ping_status":"closed","template":"","meta":{"_season_start":"","_season_end":"","_season_days":"","_season_months":"","_season_auto_visibility":""},"product_brand":[754],"product_cat":[1879,1880],"product_tag":[],"class_list":{"0":"post-19270","1":"product","2":"type-product","3":"status-publish","4":"has-post-thumbnail","6":"product_brand-vilniaus-pergale","7":"product_cat-saldainiai","8":"product_cat-sokolodai","10":"first","11":"instock","12":"taxable","13":"shipping-taxable","14":"purchasable","15":"product-type-simple"},"yoast_head":"<!-- This site is optimized with the Yoast SEO plugin v27.4 - https:\/\/yoast.com\/product\/yoast-seo-wordpress\/ -->\n<title>Juodasis \u0161okoladas &quot;Cocoa 72%&quot; 200g Pergal\u0117 - Rutana - Ra\u0161tin\u0117s reikmenys<\/title>\n<meta name=\"robots\" content=\"index, follow, max-snippet:-1, max-image-preview:large, max-video-preview:-1\" \/>\n<link rel=\"canonical\" href=\"https:\/\/rutana.lt\/en\/product\/juodasis-sokoladas-cocoa-72-200g-pergale\/\" \/>\n<meta property=\"og:locale\" content=\"en_US\" \/>\n<meta property=\"og:type\" content=\"article\" \/>\n<meta property=\"og:title\" content=\"Juodasis \u0161okoladas &quot;Cocoa 72%&quot; 200g Pergal\u0117 - Rutana - Ra\u0161tin\u0117s reikmenys\" \/>\n<meta property=\"og:description\" content=\"Juodame it naktis gabaliuke atsiskleid\u017eia subtil\u016bs \u0161okolado karaliaus \u2013 aksominio belgi\u0161ko \u0161okolado \u2013 skonio ir kvapo pustoniai. Burnoje tirpstan\u010dioje plytel\u0117je \u2013 net 72 % belgi\u0161ko \u0161okolado. Sud\u0117tis: trinta kakava, cukrus, kakavos sviestas, emulsikliai: soj\u0173 lecitinai, poliglicerolio poliricinoleatas; kvapioji med\u017eiaga. Juodajame \u0161okolade kakavos saus\u0173j\u0173 med\u017eiag\u0173 ne ma\u017eiau kaip 72 %. Juodajame \u0161okolade n\u0117ra kit\u0173 nei kakavos [&hellip;]\" \/>\n<meta property=\"og:url\" content=\"https:\/\/rutana.lt\/en\/product\/juodasis-sokoladas-cocoa-72-200g-pergale\/\" \/>\n<meta property=\"og:site_name\" content=\"Rutana - Ra\u0161tin\u0117s reikmenys\" \/>\n<meta property=\"article:publisher\" content=\"https:\/\/www.facebook.com\/RutanaKanceliarinesPrekes\/\" \/>\n<meta property=\"article:modified_time\" content=\"2025-10-13T13:59:01+00:00\" \/>\n<meta property=\"og:image\" content=\"https:\/\/rutana.lt\/wp-content\/uploads\/2025\/09\/B091-589.jpg\" \/>\n\t<meta property=\"og:image:width\" content=\"1000\" \/>\n\t<meta property=\"og:image:height\" content=\"1000\" \/>\n\t<meta property=\"og:image:type\" content=\"image\/jpeg\" \/>\n<meta name=\"twitter:card\" content=\"summary_large_image\" \/>\n<script type=\"application\/ld+json\" class=\"yoast-schema-graph\">{\"@context\":\"https:\\\/\\\/schema.org\",\"@graph\":[{\"@type\":\"WebPage\",\"@id\":\"https:\\\/\\\/rutana.lt\\\/produktas\\\/juodasis-sokoladas-cocoa-72-200g-pergale\\\/\",\"url\":\"https:\\\/\\\/rutana.lt\\\/produktas\\\/juodasis-sokoladas-cocoa-72-200g-pergale\\\/\",\"name\":\"Juodasis \u0161okoladas \\\"Cocoa 72%\\\" 200g Pergal\u0117 - Rutana - Ra\u0161tin\u0117s reikmenys\",\"isPartOf\":{\"@id\":\"https:\\\/\\\/rutana.lt\\\/#website\"},\"primaryImageOfPage\":{\"@id\":\"https:\\\/\\\/rutana.lt\\\/produktas\\\/juodasis-sokoladas-cocoa-72-200g-pergale\\\/#primaryimage\"},\"image\":{\"@id\":\"https:\\\/\\\/rutana.lt\\\/produktas\\\/juodasis-sokoladas-cocoa-72-200g-pergale\\\/#primaryimage\"},\"thumbnailUrl\":\"https:\\\/\\\/rutana.lt\\\/wp-content\\\/uploads\\\/2025\\\/09\\\/B091-589-1.jpg?v=1763563632\",\"datePublished\":\"2025-09-03T08:05:04+00:00\",\"dateModified\":\"2025-10-13T13:59:01+00:00\",\"breadcrumb\":{\"@id\":\"https:\\\/\\\/rutana.lt\\\/produktas\\\/juodasis-sokoladas-cocoa-72-200g-pergale\\\/#breadcrumb\"},\"inLanguage\":\"en-US\",\"potentialAction\":[{\"@type\":\"ReadAction\",\"target\":[\"https:\\\/\\\/rutana.lt\\\/produktas\\\/juodasis-sokoladas-cocoa-72-200g-pergale\\\/\"]}]},{\"@type\":\"ImageObject\",\"inLanguage\":\"en-US\",\"@id\":\"https:\\\/\\\/rutana.lt\\\/produktas\\\/juodasis-sokoladas-cocoa-72-200g-pergale\\\/#primaryimage\",\"url\":\"https:\\\/\\\/rutana.lt\\\/wp-content\\\/uploads\\\/2025\\\/09\\\/B091-589-1.jpg?v=1763563632\",\"contentUrl\":\"https:\\\/\\\/rutana.lt\\\/wp-content\\\/uploads\\\/2025\\\/09\\\/B091-589-1.jpg?v=1763563632\",\"width\":1000,\"height\":1000},{\"@type\":\"BreadcrumbList\",\"@id\":\"https:\\\/\\\/rutana.lt\\\/produktas\\\/juodasis-sokoladas-cocoa-72-200g-pergale\\\/#breadcrumb\",\"itemListElement\":[{\"@type\":\"ListItem\",\"position\":1,\"name\":\"Home\",\"item\":\"https:\\\/\\\/rutana.lt\\\/\"},{\"@type\":\"ListItem\",\"position\":2,\"name\":\"Parduotuv\u0117\",\"item\":\"https:\\\/\\\/rutana.lt\\\/parduotuve\\\/\"},{\"@type\":\"ListItem\",\"position\":3,\"name\":\"Juodasis \u0161okoladas &#8222;Cocoa 72%&#8221; 200g Pergal\u0117\"}]},{\"@type\":\"WebSite\",\"@id\":\"https:\\\/\\\/rutana.lt\\\/#website\",\"url\":\"https:\\\/\\\/rutana.lt\\\/\",\"name\":\"Rutana - Ra\u0161tin\u0117s reikmenys\",\"description\":\"Prekiaujame pasaulin\u0117je rinkoje pripa\u017eintomis, kokybi\u0161komis biuro prek\u0117mis toki\u0173  gamintoj\u0173 kaip: Schneider, Esselte, Novus, 3M, Faber-Castell, Citizen, Milan, Leitz, Colop, Zebra, Staedtler, Durable, Tork, Parker, Waterman ir kt.\",\"publisher\":{\"@id\":\"https:\\\/\\\/rutana.lt\\\/#organization\"},\"potentialAction\":[{\"@type\":\"SearchAction\",\"target\":{\"@type\":\"EntryPoint\",\"urlTemplate\":\"https:\\\/\\\/rutana.lt\\\/?s={search_term_string}\"},\"query-input\":{\"@type\":\"PropertyValueSpecification\",\"valueRequired\":true,\"valueName\":\"search_term_string\"}}],\"inLanguage\":\"en-US\"},{\"@type\":\"Organization\",\"@id\":\"https:\\\/\\\/rutana.lt\\\/#organization\",\"name\":\"Rutana - Ra\u0161tin\u0117s reikmenys\",\"url\":\"https:\\\/\\\/rutana.lt\\\/\",\"logo\":{\"@type\":\"ImageObject\",\"inLanguage\":\"en-US\",\"@id\":\"https:\\\/\\\/rutana.lt\\\/#\\\/schema\\\/logo\\\/image\\\/\",\"url\":\"https:\\\/\\\/rutana.lt\\\/wp-content\\\/uploads\\\/2025\\\/10\\\/Asset-32.png\",\"contentUrl\":\"https:\\\/\\\/rutana.lt\\\/wp-content\\\/uploads\\\/2025\\\/10\\\/Asset-32.png\",\"width\":433,\"height\":119,\"caption\":\"Rutana - Ra\u0161tin\u0117s reikmenys\"},\"image\":{\"@id\":\"https:\\\/\\\/rutana.lt\\\/#\\\/schema\\\/logo\\\/image\\\/\"},\"sameAs\":[\"https:\\\/\\\/www.facebook.com\\\/RutanaKanceliarinesPrekes\\\/\"]}]}<\/script>\n<!-- \/ Yoast SEO plugin. -->","yoast_head_json":{"title":"Juodasis \u0161okoladas \"Cocoa 72%\" 200g Pergal\u0117 - Rutana - Ra\u0161tin\u0117s reikmenys","robots":{"index":"index","follow":"follow","max-snippet":"max-snippet:-1","max-image-preview":"max-image-preview:large","max-video-preview":"max-video-preview:-1"},"canonical":"https:\/\/rutana.lt\/en\/product\/juodasis-sokoladas-cocoa-72-200g-pergale\/","og_locale":"en_US","og_type":"article","og_title":"Juodasis \u0161okoladas \"Cocoa 72%\" 200g Pergal\u0117 - Rutana - Ra\u0161tin\u0117s reikmenys","og_description":"Juodame it naktis gabaliuke atsiskleid\u017eia subtil\u016bs \u0161okolado karaliaus \u2013 aksominio belgi\u0161ko \u0161okolado \u2013 skonio ir kvapo pustoniai. Burnoje tirpstan\u010dioje plytel\u0117je \u2013 net 72 % belgi\u0161ko \u0161okolado. Sud\u0117tis: trinta kakava, cukrus, kakavos sviestas, emulsikliai: soj\u0173 lecitinai, poliglicerolio poliricinoleatas; kvapioji med\u017eiaga. Juodajame \u0161okolade kakavos saus\u0173j\u0173 med\u017eiag\u0173 ne ma\u017eiau kaip 72 %. Juodajame \u0161okolade n\u0117ra kit\u0173 nei kakavos [&hellip;]","og_url":"https:\/\/rutana.lt\/en\/product\/juodasis-sokoladas-cocoa-72-200g-pergale\/","og_site_name":"Rutana - Ra\u0161tin\u0117s reikmenys","article_publisher":"https:\/\/www.facebook.com\/RutanaKanceliarinesPrekes\/","article_modified_time":"2025-10-13T13:59:01+00:00","og_image":[{"width":1000,"height":1000,"url":"https:\/\/rutana.lt\/wp-content\/uploads\/2025\/09\/B091-589.jpg","type":"image\/jpeg"}],"twitter_card":"summary_large_image","schema":{"@context":"https:\/\/schema.org","@graph":[{"@type":"WebPage","@id":"https:\/\/rutana.lt\/produktas\/juodasis-sokoladas-cocoa-72-200g-pergale\/","url":"https:\/\/rutana.lt\/produktas\/juodasis-sokoladas-cocoa-72-200g-pergale\/","name":"Juodasis \u0161okoladas \"Cocoa 72%\" 200g Pergal\u0117 - Rutana - Ra\u0161tin\u0117s reikmenys","isPartOf":{"@id":"https:\/\/rutana.lt\/#website"},"primaryImageOfPage":{"@id":"https:\/\/rutana.lt\/produktas\/juodasis-sokoladas-cocoa-72-200g-pergale\/#primaryimage"},"image":{"@id":"https:\/\/rutana.lt\/produktas\/juodasis-sokoladas-cocoa-72-200g-pergale\/#primaryimage"},"thumbnailUrl":"https:\/\/rutana.lt\/wp-content\/uploads\/2025\/09\/B091-589-1.jpg?v=1763563632","datePublished":"2025-09-03T08:05:04+00:00","dateModified":"2025-10-13T13:59:01+00:00","breadcrumb":{"@id":"https:\/\/rutana.lt\/produktas\/juodasis-sokoladas-cocoa-72-200g-pergale\/#breadcrumb"},"inLanguage":"en-US","potentialAction":[{"@type":"ReadAction","target":["https:\/\/rutana.lt\/produktas\/juodasis-sokoladas-cocoa-72-200g-pergale\/"]}]},{"@type":"ImageObject","inLanguage":"en-US","@id":"https:\/\/rutana.lt\/produktas\/juodasis-sokoladas-cocoa-72-200g-pergale\/#primaryimage","url":"https:\/\/rutana.lt\/wp-content\/uploads\/2025\/09\/B091-589-1.jpg?v=1763563632","contentUrl":"https:\/\/rutana.lt\/wp-content\/uploads\/2025\/09\/B091-589-1.jpg?v=1763563632","width":1000,"height":1000},{"@type":"BreadcrumbList","@id":"https:\/\/rutana.lt\/produktas\/juodasis-sokoladas-cocoa-72-200g-pergale\/#breadcrumb","itemListElement":[{"@type":"ListItem","position":1,"name":"Home","item":"https:\/\/rutana.lt\/"},{"@type":"ListItem","position":2,"name":"Parduotuv\u0117","item":"https:\/\/rutana.lt\/parduotuve\/"},{"@type":"ListItem","position":3,"name":"Juodasis \u0161okoladas &#8222;Cocoa 72%&#8221; 200g Pergal\u0117"}]},{"@type":"WebSite","@id":"https:\/\/rutana.lt\/#website","url":"https:\/\/rutana.lt\/","name":"Rutana - Ra\u0161tin\u0117s reikmenys","description":"Prekiaujame pasaulin\u0117je rinkoje pripa\u017eintomis, kokybi\u0161komis biuro prek\u0117mis toki\u0173  gamintoj\u0173 kaip: Schneider, Esselte, Novus, 3M, Faber-Castell, Citizen, Milan, Leitz, Colop, Zebra, Staedtler, Durable, Tork, Parker, Waterman ir kt.","publisher":{"@id":"https:\/\/rutana.lt\/#organization"},"potentialAction":[{"@type":"SearchAction","target":{"@type":"EntryPoint","urlTemplate":"https:\/\/rutana.lt\/?s={search_term_string}"},"query-input":{"@type":"PropertyValueSpecification","valueRequired":true,"valueName":"search_term_string"}}],"inLanguage":"en-US"},{"@type":"Organization","@id":"https:\/\/rutana.lt\/#organization","name":"Rutana - Ra\u0161tin\u0117s reikmenys","url":"https:\/\/rutana.lt\/","logo":{"@type":"ImageObject","inLanguage":"en-US","@id":"https:\/\/rutana.lt\/#\/schema\/logo\/image\/","url":"https:\/\/rutana.lt\/wp-content\/uploads\/2025\/10\/Asset-32.png","contentUrl":"https:\/\/rutana.lt\/wp-content\/uploads\/2025\/10\/Asset-32.png","width":433,"height":119,"caption":"Rutana - Ra\u0161tin\u0117s reikmenys"},"image":{"@id":"https:\/\/rutana.lt\/#\/schema\/logo\/image\/"},"sameAs":["https:\/\/www.facebook.com\/RutanaKanceliarinesPrekes\/"]}]}},"_links":{"self":[{"href":"https:\/\/rutana.lt\/en\/wp-json\/wp\/v2\/product\/19270","targetHints":{"allow":["GET"]}}],"collection":[{"href":"https:\/\/rutana.lt\/en\/wp-json\/wp\/v2\/product"}],"about":[{"href":"https:\/\/rutana.lt\/en\/wp-json\/wp\/v2\/types\/product"}],"replies":[{"embeddable":true,"href":"https:\/\/rutana.lt\/en\/wp-json\/wp\/v2\/comments?post=19270"}],"version-history":[{"count":1,"href":"https:\/\/rutana.lt\/en\/wp-json\/wp\/v2\/product\/19270\/revisions"}],"predecessor-version":[{"id":19329,"href":"https:\/\/rutana.lt\/en\/wp-json\/wp\/v2\/product\/19270\/revisions\/19329"}],"wp:featuredmedia":[{"embeddable":true,"href":"https:\/\/rutana.lt\/en\/wp-json\/wp\/v2\/media\/30014"}],"wp:attachment":[{"href":"https:\/\/rutana.lt\/en\/wp-json\/wp\/v2\/media?parent=19270"}],"wp:term":[{"taxonomy":"product_brand","embeddable":true,"href":"https:\/\/rutana.lt\/en\/wp-json\/wp\/v2\/product_brand?post=19270"},{"taxonomy":"product_cat","embeddable":true,"href":"https:\/\/rutana.lt\/en\/wp-json\/wp\/v2\/product_cat?post=19270"},{"taxonomy":"product_tag","embeddable":true,"href":"https:\/\/rutana.lt\/en\/wp-json\/wp\/v2\/product_tag?post=19270"}],"curies":[{"name":"wp","href":"https:\/\/api.w.org\/{rel}","templated":true}]}}