{"id":19195,"date":"2025-09-03T10:04:39","date_gmt":"2025-09-03T08:04:39","guid":{"rendered":"https:\/\/rutana.webdemo.lt\/?post_type=product&#038;p=19195"},"modified":"2025-10-13T15:58:41","modified_gmt":"2025-10-13T13:58:41","slug":"sokoladas-pieniskas-tonys-chocolonely-32-180g-su-nuga","status":"publish","type":"product","link":"https:\/\/rutana.lt\/en\/product\/sokoladas-pieniskas-tonys-chocolonely-32-180g-su-nuga\/","title":{"rendered":"\u0160okoladas pieni\u0161kas &#8222;Tony&#8217;s Chocolonely&#8221; 32% 180g su nuga"},"content":{"rendered":"<p style=\"text-align: justify; \">\u0160okoladas, kuris tiesiog tirpsta burnoje! Tai \u0161velnus geltonas klasikinis skonis, pieni\u0161ko \u0161okolado medaus migdol\u0173 nuga. Kreminis pieni\u0161kas \u0161okoladas su lipnios, sald\u017eios nugos gabaliukais i\u0161 medaus ir migdol\u0173. \u0160iam produktui sunaudotos 120 kakavos pupel\u0117s. Sud\u0117tyje n\u0117ra jokio palmi\u0173 aliejaus. 100% perdirbama pakuot\u0117.<\/p>\n<p style=\"text-align: justify; \">Kiekis: 180 g<\/p>\n<p style=\"text-align: justify; \">Kakavos dalis: 32 %<\/p>\n<p>Kilm\u0117s \u0161alis: Olandija<\/p>\n<p><\/p>\n<p><iframe src=\"\/\/www.youtube.com\/embed\/1ha2IUUHUZ8\" width=\"640\" height=\"360\" frameborder=\"0\"><\/iframe><\/p>\n<p><\/p>","protected":false},"excerpt":{"rendered":"<p>\u0160okoladas, kuris tiesiog tirpsta burnoje! Tai \u0161velnus geltonas klasikinis skonis, pieni\u0161ko \u0161okolado medaus migdol\u0173 nuga. Kreminis pieni\u0161kas \u0161okoladas su lipnios, sald\u017eios nugos gabaliukais i\u0161 medaus ir migdol\u0173. \u0160iam produktui sunaudotos 120 kakavos pupel\u0117s. Sud\u0117tyje n\u0117ra jokio palmi\u0173 aliejaus. 100% perdirbama pakuot\u0117. Kiekis: 180 g Kakavos dalis: 32 % Kilm\u0117s \u0161alis: Olandija<\/p>","protected":false},"featured_media":29979,"comment_status":"open","ping_status":"closed","template":"","meta":{"_season_start":"","_season_end":"","_season_days":"","_season_months":"","_season_auto_visibility":""},"product_brand":[1103],"product_cat":[1879,1880],"product_tag":[],"class_list":{"0":"post-19195","1":"product","2":"type-product","3":"status-publish","4":"has-post-thumbnail","6":"product_brand-tonys-chocolonely","7":"product_cat-saldainiai","8":"product_cat-sokolodai","10":"first","11":"instock","12":"taxable","13":"shipping-taxable","14":"purchasable","15":"product-type-simple"},"yoast_head":"<!-- This site is optimized with the Yoast SEO plugin v27.4 - https:\/\/yoast.com\/product\/yoast-seo-wordpress\/ -->\n<title>\u0160okoladas pieni\u0161kas &quot;Tony&#039;s Chocolonely&quot; 32% 180g su nuga - Rutana - Ra\u0161tin\u0117s reikmenys<\/title>\n<meta name=\"robots\" content=\"index, follow, max-snippet:-1, max-image-preview:large, max-video-preview:-1\" \/>\n<link rel=\"canonical\" href=\"https:\/\/rutana.lt\/en\/product\/sokoladas-pieniskas-tonys-chocolonely-32-180g-su-nuga\/\" \/>\n<meta property=\"og:locale\" content=\"en_US\" \/>\n<meta property=\"og:type\" content=\"article\" \/>\n<meta property=\"og:title\" content=\"\u0160okoladas pieni\u0161kas &quot;Tony&#039;s Chocolonely&quot; 32% 180g su nuga - Rutana - Ra\u0161tin\u0117s reikmenys\" \/>\n<meta property=\"og:description\" content=\"\u0160okoladas, kuris tiesiog tirpsta burnoje! Tai \u0161velnus geltonas klasikinis skonis, pieni\u0161ko \u0161okolado medaus migdol\u0173 nuga. Kreminis pieni\u0161kas \u0161okoladas su lipnios, sald\u017eios nugos gabaliukais i\u0161 medaus ir migdol\u0173. \u0160iam produktui sunaudotos 120 kakavos pupel\u0117s. Sud\u0117tyje n\u0117ra jokio palmi\u0173 aliejaus. 100% perdirbama pakuot\u0117. Kiekis: 180 g Kakavos dalis: 32 % Kilm\u0117s \u0161alis: Olandija\" \/>\n<meta property=\"og:url\" content=\"https:\/\/rutana.lt\/en\/product\/sokoladas-pieniskas-tonys-chocolonely-32-180g-su-nuga\/\" \/>\n<meta property=\"og:site_name\" content=\"Rutana - Ra\u0161tin\u0117s reikmenys\" \/>\n<meta property=\"article:publisher\" content=\"https:\/\/www.facebook.com\/RutanaKanceliarinesPrekes\/\" \/>\n<meta property=\"article:modified_time\" content=\"2025-10-13T13:58:41+00:00\" \/>\n<meta property=\"og:image\" content=\"https:\/\/rutana.lt\/wp-content\/uploads\/2025\/09\/B091-572.jpg\" \/>\n\t<meta property=\"og:image:width\" content=\"1000\" \/>\n\t<meta property=\"og:image:height\" content=\"1000\" \/>\n\t<meta property=\"og:image:type\" content=\"image\/jpeg\" \/>\n<meta name=\"twitter:card\" content=\"summary_large_image\" \/>\n<script type=\"application\/ld+json\" class=\"yoast-schema-graph\">{\"@context\":\"https:\\\/\\\/schema.org\",\"@graph\":[{\"@type\":\"WebPage\",\"@id\":\"https:\\\/\\\/rutana.lt\\\/produktas\\\/sokoladas-pieniskas-tonys-chocolonely-32-180g-su-nuga\\\/\",\"url\":\"https:\\\/\\\/rutana.lt\\\/produktas\\\/sokoladas-pieniskas-tonys-chocolonely-32-180g-su-nuga\\\/\",\"name\":\"\u0160okoladas pieni\u0161kas \\\"Tony's Chocolonely\\\" 32% 180g su nuga - Rutana - Ra\u0161tin\u0117s reikmenys\",\"isPartOf\":{\"@id\":\"https:\\\/\\\/rutana.lt\\\/#website\"},\"primaryImageOfPage\":{\"@id\":\"https:\\\/\\\/rutana.lt\\\/produktas\\\/sokoladas-pieniskas-tonys-chocolonely-32-180g-su-nuga\\\/#primaryimage\"},\"image\":{\"@id\":\"https:\\\/\\\/rutana.lt\\\/produktas\\\/sokoladas-pieniskas-tonys-chocolonely-32-180g-su-nuga\\\/#primaryimage\"},\"thumbnailUrl\":\"https:\\\/\\\/rutana.lt\\\/wp-content\\\/uploads\\\/2025\\\/09\\\/B091-572-2.jpg?v=1763563689\",\"datePublished\":\"2025-09-03T08:04:39+00:00\",\"dateModified\":\"2025-10-13T13:58:41+00:00\",\"breadcrumb\":{\"@id\":\"https:\\\/\\\/rutana.lt\\\/produktas\\\/sokoladas-pieniskas-tonys-chocolonely-32-180g-su-nuga\\\/#breadcrumb\"},\"inLanguage\":\"en-US\",\"potentialAction\":[{\"@type\":\"ReadAction\",\"target\":[\"https:\\\/\\\/rutana.lt\\\/produktas\\\/sokoladas-pieniskas-tonys-chocolonely-32-180g-su-nuga\\\/\"]}]},{\"@type\":\"ImageObject\",\"inLanguage\":\"en-US\",\"@id\":\"https:\\\/\\\/rutana.lt\\\/produktas\\\/sokoladas-pieniskas-tonys-chocolonely-32-180g-su-nuga\\\/#primaryimage\",\"url\":\"https:\\\/\\\/rutana.lt\\\/wp-content\\\/uploads\\\/2025\\\/09\\\/B091-572-2.jpg?v=1763563689\",\"contentUrl\":\"https:\\\/\\\/rutana.lt\\\/wp-content\\\/uploads\\\/2025\\\/09\\\/B091-572-2.jpg?v=1763563689\",\"width\":1000,\"height\":1000},{\"@type\":\"BreadcrumbList\",\"@id\":\"https:\\\/\\\/rutana.lt\\\/produktas\\\/sokoladas-pieniskas-tonys-chocolonely-32-180g-su-nuga\\\/#breadcrumb\",\"itemListElement\":[{\"@type\":\"ListItem\",\"position\":1,\"name\":\"Home\",\"item\":\"https:\\\/\\\/rutana.lt\\\/\"},{\"@type\":\"ListItem\",\"position\":2,\"name\":\"Parduotuv\u0117\",\"item\":\"https:\\\/\\\/rutana.lt\\\/parduotuve\\\/\"},{\"@type\":\"ListItem\",\"position\":3,\"name\":\"\u0160okoladas pieni\u0161kas &#8222;Tony&#8217;s Chocolonely&#8221; 32% 180g su nuga\"}]},{\"@type\":\"WebSite\",\"@id\":\"https:\\\/\\\/rutana.lt\\\/#website\",\"url\":\"https:\\\/\\\/rutana.lt\\\/\",\"name\":\"Rutana - Ra\u0161tin\u0117s reikmenys\",\"description\":\"Prekiaujame pasaulin\u0117je rinkoje pripa\u017eintomis, kokybi\u0161komis biuro prek\u0117mis toki\u0173  gamintoj\u0173 kaip: Schneider, Esselte, Novus, 3M, Faber-Castell, Citizen, Milan, Leitz, Colop, Zebra, Staedtler, Durable, Tork, Parker, Waterman ir kt.\",\"publisher\":{\"@id\":\"https:\\\/\\\/rutana.lt\\\/#organization\"},\"potentialAction\":[{\"@type\":\"SearchAction\",\"target\":{\"@type\":\"EntryPoint\",\"urlTemplate\":\"https:\\\/\\\/rutana.lt\\\/?s={search_term_string}\"},\"query-input\":{\"@type\":\"PropertyValueSpecification\",\"valueRequired\":true,\"valueName\":\"search_term_string\"}}],\"inLanguage\":\"en-US\"},{\"@type\":\"Organization\",\"@id\":\"https:\\\/\\\/rutana.lt\\\/#organization\",\"name\":\"Rutana - Ra\u0161tin\u0117s reikmenys\",\"url\":\"https:\\\/\\\/rutana.lt\\\/\",\"logo\":{\"@type\":\"ImageObject\",\"inLanguage\":\"en-US\",\"@id\":\"https:\\\/\\\/rutana.lt\\\/#\\\/schema\\\/logo\\\/image\\\/\",\"url\":\"https:\\\/\\\/rutana.lt\\\/wp-content\\\/uploads\\\/2025\\\/10\\\/Asset-32.png\",\"contentUrl\":\"https:\\\/\\\/rutana.lt\\\/wp-content\\\/uploads\\\/2025\\\/10\\\/Asset-32.png\",\"width\":433,\"height\":119,\"caption\":\"Rutana - Ra\u0161tin\u0117s reikmenys\"},\"image\":{\"@id\":\"https:\\\/\\\/rutana.lt\\\/#\\\/schema\\\/logo\\\/image\\\/\"},\"sameAs\":[\"https:\\\/\\\/www.facebook.com\\\/RutanaKanceliarinesPrekes\\\/\"]}]}<\/script>\n<!-- \/ Yoast SEO plugin. -->","yoast_head_json":{"title":"\u0160okoladas pieni\u0161kas \"Tony's Chocolonely\" 32% 180g su nuga - Rutana - Ra\u0161tin\u0117s reikmenys","robots":{"index":"index","follow":"follow","max-snippet":"max-snippet:-1","max-image-preview":"max-image-preview:large","max-video-preview":"max-video-preview:-1"},"canonical":"https:\/\/rutana.lt\/en\/product\/sokoladas-pieniskas-tonys-chocolonely-32-180g-su-nuga\/","og_locale":"en_US","og_type":"article","og_title":"\u0160okoladas pieni\u0161kas \"Tony's Chocolonely\" 32% 180g su nuga - Rutana - Ra\u0161tin\u0117s reikmenys","og_description":"\u0160okoladas, kuris tiesiog tirpsta burnoje! Tai \u0161velnus geltonas klasikinis skonis, pieni\u0161ko \u0161okolado medaus migdol\u0173 nuga. Kreminis pieni\u0161kas \u0161okoladas su lipnios, sald\u017eios nugos gabaliukais i\u0161 medaus ir migdol\u0173. \u0160iam produktui sunaudotos 120 kakavos pupel\u0117s. Sud\u0117tyje n\u0117ra jokio palmi\u0173 aliejaus. 100% perdirbama pakuot\u0117. Kiekis: 180 g Kakavos dalis: 32 % Kilm\u0117s \u0161alis: Olandija","og_url":"https:\/\/rutana.lt\/en\/product\/sokoladas-pieniskas-tonys-chocolonely-32-180g-su-nuga\/","og_site_name":"Rutana - Ra\u0161tin\u0117s reikmenys","article_publisher":"https:\/\/www.facebook.com\/RutanaKanceliarinesPrekes\/","article_modified_time":"2025-10-13T13:58:41+00:00","og_image":[{"width":1000,"height":1000,"url":"https:\/\/rutana.lt\/wp-content\/uploads\/2025\/09\/B091-572.jpg","type":"image\/jpeg"}],"twitter_card":"summary_large_image","schema":{"@context":"https:\/\/schema.org","@graph":[{"@type":"WebPage","@id":"https:\/\/rutana.lt\/produktas\/sokoladas-pieniskas-tonys-chocolonely-32-180g-su-nuga\/","url":"https:\/\/rutana.lt\/produktas\/sokoladas-pieniskas-tonys-chocolonely-32-180g-su-nuga\/","name":"\u0160okoladas pieni\u0161kas \"Tony's Chocolonely\" 32% 180g su nuga - Rutana - Ra\u0161tin\u0117s reikmenys","isPartOf":{"@id":"https:\/\/rutana.lt\/#website"},"primaryImageOfPage":{"@id":"https:\/\/rutana.lt\/produktas\/sokoladas-pieniskas-tonys-chocolonely-32-180g-su-nuga\/#primaryimage"},"image":{"@id":"https:\/\/rutana.lt\/produktas\/sokoladas-pieniskas-tonys-chocolonely-32-180g-su-nuga\/#primaryimage"},"thumbnailUrl":"https:\/\/rutana.lt\/wp-content\/uploads\/2025\/09\/B091-572-2.jpg?v=1763563689","datePublished":"2025-09-03T08:04:39+00:00","dateModified":"2025-10-13T13:58:41+00:00","breadcrumb":{"@id":"https:\/\/rutana.lt\/produktas\/sokoladas-pieniskas-tonys-chocolonely-32-180g-su-nuga\/#breadcrumb"},"inLanguage":"en-US","potentialAction":[{"@type":"ReadAction","target":["https:\/\/rutana.lt\/produktas\/sokoladas-pieniskas-tonys-chocolonely-32-180g-su-nuga\/"]}]},{"@type":"ImageObject","inLanguage":"en-US","@id":"https:\/\/rutana.lt\/produktas\/sokoladas-pieniskas-tonys-chocolonely-32-180g-su-nuga\/#primaryimage","url":"https:\/\/rutana.lt\/wp-content\/uploads\/2025\/09\/B091-572-2.jpg?v=1763563689","contentUrl":"https:\/\/rutana.lt\/wp-content\/uploads\/2025\/09\/B091-572-2.jpg?v=1763563689","width":1000,"height":1000},{"@type":"BreadcrumbList","@id":"https:\/\/rutana.lt\/produktas\/sokoladas-pieniskas-tonys-chocolonely-32-180g-su-nuga\/#breadcrumb","itemListElement":[{"@type":"ListItem","position":1,"name":"Home","item":"https:\/\/rutana.lt\/"},{"@type":"ListItem","position":2,"name":"Parduotuv\u0117","item":"https:\/\/rutana.lt\/parduotuve\/"},{"@type":"ListItem","position":3,"name":"\u0160okoladas pieni\u0161kas &#8222;Tony&#8217;s Chocolonely&#8221; 32% 180g su nuga"}]},{"@type":"WebSite","@id":"https:\/\/rutana.lt\/#website","url":"https:\/\/rutana.lt\/","name":"Rutana - Ra\u0161tin\u0117s reikmenys","description":"Prekiaujame pasaulin\u0117je rinkoje pripa\u017eintomis, kokybi\u0161komis biuro prek\u0117mis toki\u0173  gamintoj\u0173 kaip: Schneider, Esselte, Novus, 3M, Faber-Castell, Citizen, Milan, Leitz, Colop, Zebra, Staedtler, Durable, Tork, Parker, Waterman ir kt.","publisher":{"@id":"https:\/\/rutana.lt\/#organization"},"potentialAction":[{"@type":"SearchAction","target":{"@type":"EntryPoint","urlTemplate":"https:\/\/rutana.lt\/?s={search_term_string}"},"query-input":{"@type":"PropertyValueSpecification","valueRequired":true,"valueName":"search_term_string"}}],"inLanguage":"en-US"},{"@type":"Organization","@id":"https:\/\/rutana.lt\/#organization","name":"Rutana - Ra\u0161tin\u0117s reikmenys","url":"https:\/\/rutana.lt\/","logo":{"@type":"ImageObject","inLanguage":"en-US","@id":"https:\/\/rutana.lt\/#\/schema\/logo\/image\/","url":"https:\/\/rutana.lt\/wp-content\/uploads\/2025\/10\/Asset-32.png","contentUrl":"https:\/\/rutana.lt\/wp-content\/uploads\/2025\/10\/Asset-32.png","width":433,"height":119,"caption":"Rutana - Ra\u0161tin\u0117s reikmenys"},"image":{"@id":"https:\/\/rutana.lt\/#\/schema\/logo\/image\/"},"sameAs":["https:\/\/www.facebook.com\/RutanaKanceliarinesPrekes\/"]}]}},"_links":{"self":[{"href":"https:\/\/rutana.lt\/en\/wp-json\/wp\/v2\/product\/19195","targetHints":{"allow":["GET"]}}],"collection":[{"href":"https:\/\/rutana.lt\/en\/wp-json\/wp\/v2\/product"}],"about":[{"href":"https:\/\/rutana.lt\/en\/wp-json\/wp\/v2\/types\/product"}],"replies":[{"embeddable":true,"href":"https:\/\/rutana.lt\/en\/wp-json\/wp\/v2\/comments?post=19195"}],"version-history":[{"count":1,"href":"https:\/\/rutana.lt\/en\/wp-json\/wp\/v2\/product\/19195\/revisions"}],"predecessor-version":[{"id":19221,"href":"https:\/\/rutana.lt\/en\/wp-json\/wp\/v2\/product\/19195\/revisions\/19221"}],"wp:featuredmedia":[{"embeddable":true,"href":"https:\/\/rutana.lt\/en\/wp-json\/wp\/v2\/media\/29979"}],"wp:attachment":[{"href":"https:\/\/rutana.lt\/en\/wp-json\/wp\/v2\/media?parent=19195"}],"wp:term":[{"taxonomy":"product_brand","embeddable":true,"href":"https:\/\/rutana.lt\/en\/wp-json\/wp\/v2\/product_brand?post=19195"},{"taxonomy":"product_cat","embeddable":true,"href":"https:\/\/rutana.lt\/en\/wp-json\/wp\/v2\/product_cat?post=19195"},{"taxonomy":"product_tag","embeddable":true,"href":"https:\/\/rutana.lt\/en\/wp-json\/wp\/v2\/product_tag?post=19195"}],"curies":[{"name":"wp","href":"https:\/\/api.w.org\/{rel}","templated":true}]}}