{"id":19137,"date":"2025-09-03T10:04:17","date_gmt":"2025-09-03T08:04:17","guid":{"rendered":"https:\/\/rutana.webdemo.lt\/?post_type=product&#038;p=19137"},"modified":"2025-10-13T15:58:34","modified_gmt":"2025-10-13T13:58:34","slug":"rasikliu-lineriu-metallic-paint-lt-050-0-4mm-8-spalvu-rinkinys-schneider-ml05011502","status":"publish","type":"product","link":"https:\/\/rutana.lt\/en\/product\/rasikliu-lineriu-metallic-paint-lt-050-0-4mm-8-spalvu-rinkinys-schneider-ml05011502\/","title":{"rendered":"Ra\u0161ikli\u0173 lineri\u0173 Metallic Paint-lt 050 0.4mm 8 spalv\u0173 rinkinys Schneider ML05011502"},"content":{"rendered":"<p>Metaliko lineris naujausioms tapybos, pie\u0161imo, ra\u0161ymo ar raid\u017ei\u0173 galimyb\u0117ms su 88 % biologi\u0161ku plastiko korpusu. Ultra-Smooth antgalis tiksliai perne\u0161a metaliko ra\u0161al\u0105 ant popieriaus. Nereikia kratyti ar pumpuoti \u2013 tiesiog nuimkite dangtel\u012f ir prad\u0117kite dirbti. Idealiai tinka dengtam popieriui, pavyzd\u017eiui, kvietimams ir sveikinimo atvirukams arba kitiems lygiems ir nesugeriantiems pavir\u0161iams. Greitai d\u017ei\u016bstantis tu\u0161as ir silpnas kvapas.<\/p>\n<p>Br\u0117\u017eio storis: 0.4 mm<\/p>\n<p>Rinkinys: 8 skirtingos spalvos<\/p>\n<p>Tu\u0161o spalvos: sidabro metalo, aukso metalo, vario metalo, vinta\u017einio raudono metalo, ro\u017einio metalo, violetinis metalas, poliarinis m\u0117lynas metalas, vinta\u017einis \u017ealias metalas.<\/p>\n<p>Kilm\u0117s \u0161alis: Vokietija<\/p>\n<p><\/p>\n<\/p>\n<p><\/p>","protected":false},"excerpt":{"rendered":"<p>Metaliko lineris naujausioms tapybos, pie\u0161imo, ra\u0161ymo ar raid\u017ei\u0173 galimyb\u0117ms su 88 % biologi\u0161ku plastiko korpusu. Ultra-Smooth antgalis tiksliai perne\u0161a metaliko ra\u0161al\u0105 ant popieriaus. Nereikia kratyti ar pumpuoti \u2013 tiesiog nuimkite dangtel\u012f ir prad\u0117kite dirbti. Idealiai tinka dengtam popieriui, pavyzd\u017eiui, kvietimams ir sveikinimo atvirukams arba kitiems lygiems ir nesugeriantiems pavir\u0161iams. Greitai d\u017ei\u016bstantis tu\u0161as ir silpnas kvapas. [&hellip;]<\/p>","protected":false},"featured_media":29961,"comment_status":"open","ping_status":"closed","template":"","meta":{"_season_start":"","_season_end":"","_season_days":"","_season_months":"","_season_auto_visibility":""},"product_brand":[202],"product_cat":[1749],"product_tag":[],"class_list":{"0":"post-19137","1":"product","2":"type-product","3":"status-publish","4":"has-post-thumbnail","6":"product_brand-schneider","7":"product_cat-vienkartiniai-rasikliai","9":"first","10":"instock","11":"taxable","12":"shipping-taxable","13":"purchasable","14":"product-type-simple"},"yoast_head":"<!-- This site is optimized with the Yoast SEO plugin v26.1.1 - https:\/\/yoast.com\/wordpress\/plugins\/seo\/ -->\n<title>Ra\u0161ikli\u0173 lineri\u0173 Metallic Paint-lt 050 0.4mm 8 spalv\u0173 rinkinys Schneider ML05011502 - Rutana - Ra\u0161tin\u0117s reikmenys<\/title>\n<meta name=\"robots\" content=\"index, follow, max-snippet:-1, max-image-preview:large, max-video-preview:-1\" \/>\n<link rel=\"canonical\" href=\"https:\/\/rutana.lt\/en\/product\/rasikliu-lineriu-metallic-paint-lt-050-0-4mm-8-spalvu-rinkinys-schneider-ml05011502\/\" \/>\n<meta property=\"og:locale\" content=\"en_US\" \/>\n<meta property=\"og:type\" content=\"article\" \/>\n<meta property=\"og:title\" content=\"Ra\u0161ikli\u0173 lineri\u0173 Metallic Paint-lt 050 0.4mm 8 spalv\u0173 rinkinys Schneider ML05011502 - Rutana - Ra\u0161tin\u0117s reikmenys\" \/>\n<meta property=\"og:description\" content=\"Metaliko lineris naujausioms tapybos, pie\u0161imo, ra\u0161ymo ar raid\u017ei\u0173 galimyb\u0117ms su 88 % biologi\u0161ku plastiko korpusu. Ultra-Smooth antgalis tiksliai perne\u0161a metaliko ra\u0161al\u0105 ant popieriaus. Nereikia kratyti ar pumpuoti \u2013 tiesiog nuimkite dangtel\u012f ir prad\u0117kite dirbti. Idealiai tinka dengtam popieriui, pavyzd\u017eiui, kvietimams ir sveikinimo atvirukams arba kitiems lygiems ir nesugeriantiems pavir\u0161iams. Greitai d\u017ei\u016bstantis tu\u0161as ir silpnas kvapas. [&hellip;]\" \/>\n<meta property=\"og:url\" content=\"https:\/\/rutana.lt\/en\/product\/rasikliu-lineriu-metallic-paint-lt-050-0-4mm-8-spalvu-rinkinys-schneider-ml05011502\/\" \/>\n<meta property=\"og:site_name\" content=\"Rutana - Ra\u0161tin\u0117s reikmenys\" \/>\n<meta property=\"article:publisher\" content=\"https:\/\/www.facebook.com\/RutanaKanceliarinesPrekes\/\" \/>\n<meta property=\"article:modified_time\" content=\"2025-10-13T13:58:34+00:00\" \/>\n<meta property=\"og:image\" content=\"https:\/\/rutana.lt\/wp-content\/uploads\/2025\/09\/C035-443.jpg\" \/>\n\t<meta property=\"og:image:width\" content=\"1000\" \/>\n\t<meta property=\"og:image:height\" content=\"1000\" \/>\n\t<meta property=\"og:image:type\" content=\"image\/jpeg\" \/>\n<meta name=\"twitter:card\" content=\"summary_large_image\" \/>\n<meta name=\"twitter:label1\" content=\"Est. reading time\" \/>\n\t<meta name=\"twitter:data1\" content=\"1 minute\" \/>\n<script type=\"application\/ld+json\" class=\"yoast-schema-graph\">{\"@context\":\"https:\/\/schema.org\",\"@graph\":[{\"@type\":\"WebPage\",\"@id\":\"https:\/\/rutana.lt\/produktas\/rasikliu-lineriu-metallic-paint-lt-050-0-4mm-8-spalvu-rinkinys-schneider-ml05011502\/\",\"url\":\"https:\/\/rutana.lt\/produktas\/rasikliu-lineriu-metallic-paint-lt-050-0-4mm-8-spalvu-rinkinys-schneider-ml05011502\/\",\"name\":\"Ra\u0161ikli\u0173 lineri\u0173 Metallic Paint-lt 050 0.4mm 8 spalv\u0173 rinkinys Schneider ML05011502 - Rutana - Ra\u0161tin\u0117s reikmenys\",\"isPartOf\":{\"@id\":\"https:\/\/rutana.lt\/#website\"},\"primaryImageOfPage\":{\"@id\":\"https:\/\/rutana.lt\/produktas\/rasikliu-lineriu-metallic-paint-lt-050-0-4mm-8-spalvu-rinkinys-schneider-ml05011502\/#primaryimage\"},\"image\":{\"@id\":\"https:\/\/rutana.lt\/produktas\/rasikliu-lineriu-metallic-paint-lt-050-0-4mm-8-spalvu-rinkinys-schneider-ml05011502\/#primaryimage\"},\"thumbnailUrl\":\"https:\/\/rutana.lt\/wp-content\/uploads\/2025\/09\/C035-443-3.jpg?v=1763563716\",\"datePublished\":\"2025-09-03T08:04:17+00:00\",\"dateModified\":\"2025-10-13T13:58:34+00:00\",\"breadcrumb\":{\"@id\":\"https:\/\/rutana.lt\/produktas\/rasikliu-lineriu-metallic-paint-lt-050-0-4mm-8-spalvu-rinkinys-schneider-ml05011502\/#breadcrumb\"},\"inLanguage\":\"en-US\",\"potentialAction\":[{\"@type\":\"ReadAction\",\"target\":[\"https:\/\/rutana.lt\/produktas\/rasikliu-lineriu-metallic-paint-lt-050-0-4mm-8-spalvu-rinkinys-schneider-ml05011502\/\"]}]},{\"@type\":\"ImageObject\",\"inLanguage\":\"en-US\",\"@id\":\"https:\/\/rutana.lt\/produktas\/rasikliu-lineriu-metallic-paint-lt-050-0-4mm-8-spalvu-rinkinys-schneider-ml05011502\/#primaryimage\",\"url\":\"https:\/\/rutana.lt\/wp-content\/uploads\/2025\/09\/C035-443-3.jpg?v=1763563716\",\"contentUrl\":\"https:\/\/rutana.lt\/wp-content\/uploads\/2025\/09\/C035-443-3.jpg?v=1763563716\",\"width\":1000,\"height\":1000},{\"@type\":\"BreadcrumbList\",\"@id\":\"https:\/\/rutana.lt\/produktas\/rasikliu-lineriu-metallic-paint-lt-050-0-4mm-8-spalvu-rinkinys-schneider-ml05011502\/#breadcrumb\",\"itemListElement\":[{\"@type\":\"ListItem\",\"position\":1,\"name\":\"Home\",\"item\":\"https:\/\/rutana.lt\/\"},{\"@type\":\"ListItem\",\"position\":2,\"name\":\"Parduotuv\u0117\",\"item\":\"https:\/\/rutana.lt\/parduotuve\/\"},{\"@type\":\"ListItem\",\"position\":3,\"name\":\"Ra\u0161ikli\u0173 lineri\u0173 Metallic Paint-lt 050 0.4mm 8 spalv\u0173 rinkinys Schneider ML05011502\"}]},{\"@type\":\"WebSite\",\"@id\":\"https:\/\/rutana.lt\/#website\",\"url\":\"https:\/\/rutana.lt\/\",\"name\":\"Rutana - Ra\u0161tin\u0117s reikmenys\",\"description\":\"Prekiaujame pasaulin\u0117je rinkoje pripa\u017eintomis, kokybi\u0161komis biuro prek\u0117mis toki\u0173  gamintoj\u0173 kaip: Schneider, Esselte, Novus, 3M, Faber-Castell, Citizen, Milan, Leitz, Colop, Zebra, Staedtler, Durable, Tork, Parker, Waterman ir kt.\",\"publisher\":{\"@id\":\"https:\/\/rutana.lt\/#organization\"},\"potentialAction\":[{\"@type\":\"SearchAction\",\"target\":{\"@type\":\"EntryPoint\",\"urlTemplate\":\"https:\/\/rutana.lt\/?s={search_term_string}\"},\"query-input\":{\"@type\":\"PropertyValueSpecification\",\"valueRequired\":true,\"valueName\":\"search_term_string\"}}],\"inLanguage\":\"en-US\"},{\"@type\":\"Organization\",\"@id\":\"https:\/\/rutana.lt\/#organization\",\"name\":\"Rutana - Ra\u0161tin\u0117s reikmenys\",\"url\":\"https:\/\/rutana.lt\/\",\"logo\":{\"@type\":\"ImageObject\",\"inLanguage\":\"en-US\",\"@id\":\"https:\/\/rutana.lt\/#\/schema\/logo\/image\/\",\"url\":\"https:\/\/rutana.lt\/wp-content\/uploads\/2025\/10\/Asset-32.png\",\"contentUrl\":\"https:\/\/rutana.lt\/wp-content\/uploads\/2025\/10\/Asset-32.png\",\"width\":433,\"height\":119,\"caption\":\"Rutana - Ra\u0161tin\u0117s reikmenys\"},\"image\":{\"@id\":\"https:\/\/rutana.lt\/#\/schema\/logo\/image\/\"},\"sameAs\":[\"https:\/\/www.facebook.com\/RutanaKanceliarinesPrekes\/\"]}]}<\/script>\n<!-- \/ Yoast SEO plugin. -->","yoast_head_json":{"title":"Ra\u0161ikli\u0173 lineri\u0173 Metallic Paint-lt 050 0.4mm 8 spalv\u0173 rinkinys Schneider ML05011502 - Rutana - Ra\u0161tin\u0117s reikmenys","robots":{"index":"index","follow":"follow","max-snippet":"max-snippet:-1","max-image-preview":"max-image-preview:large","max-video-preview":"max-video-preview:-1"},"canonical":"https:\/\/rutana.lt\/en\/product\/rasikliu-lineriu-metallic-paint-lt-050-0-4mm-8-spalvu-rinkinys-schneider-ml05011502\/","og_locale":"en_US","og_type":"article","og_title":"Ra\u0161ikli\u0173 lineri\u0173 Metallic Paint-lt 050 0.4mm 8 spalv\u0173 rinkinys Schneider ML05011502 - Rutana - Ra\u0161tin\u0117s reikmenys","og_description":"Metaliko lineris naujausioms tapybos, pie\u0161imo, ra\u0161ymo ar raid\u017ei\u0173 galimyb\u0117ms su 88 % biologi\u0161ku plastiko korpusu. Ultra-Smooth antgalis tiksliai perne\u0161a metaliko ra\u0161al\u0105 ant popieriaus. Nereikia kratyti ar pumpuoti \u2013 tiesiog nuimkite dangtel\u012f ir prad\u0117kite dirbti. Idealiai tinka dengtam popieriui, pavyzd\u017eiui, kvietimams ir sveikinimo atvirukams arba kitiems lygiems ir nesugeriantiems pavir\u0161iams. Greitai d\u017ei\u016bstantis tu\u0161as ir silpnas kvapas. [&hellip;]","og_url":"https:\/\/rutana.lt\/en\/product\/rasikliu-lineriu-metallic-paint-lt-050-0-4mm-8-spalvu-rinkinys-schneider-ml05011502\/","og_site_name":"Rutana - Ra\u0161tin\u0117s reikmenys","article_publisher":"https:\/\/www.facebook.com\/RutanaKanceliarinesPrekes\/","article_modified_time":"2025-10-13T13:58:34+00:00","og_image":[{"width":1000,"height":1000,"url":"https:\/\/rutana.lt\/wp-content\/uploads\/2025\/09\/C035-443.jpg","type":"image\/jpeg"}],"twitter_card":"summary_large_image","twitter_misc":{"Est. reading time":"1 minute"},"schema":{"@context":"https:\/\/schema.org","@graph":[{"@type":"WebPage","@id":"https:\/\/rutana.lt\/produktas\/rasikliu-lineriu-metallic-paint-lt-050-0-4mm-8-spalvu-rinkinys-schneider-ml05011502\/","url":"https:\/\/rutana.lt\/produktas\/rasikliu-lineriu-metallic-paint-lt-050-0-4mm-8-spalvu-rinkinys-schneider-ml05011502\/","name":"Ra\u0161ikli\u0173 lineri\u0173 Metallic Paint-lt 050 0.4mm 8 spalv\u0173 rinkinys Schneider ML05011502 - Rutana - Ra\u0161tin\u0117s reikmenys","isPartOf":{"@id":"https:\/\/rutana.lt\/#website"},"primaryImageOfPage":{"@id":"https:\/\/rutana.lt\/produktas\/rasikliu-lineriu-metallic-paint-lt-050-0-4mm-8-spalvu-rinkinys-schneider-ml05011502\/#primaryimage"},"image":{"@id":"https:\/\/rutana.lt\/produktas\/rasikliu-lineriu-metallic-paint-lt-050-0-4mm-8-spalvu-rinkinys-schneider-ml05011502\/#primaryimage"},"thumbnailUrl":"https:\/\/rutana.lt\/wp-content\/uploads\/2025\/09\/C035-443-3.jpg?v=1763563716","datePublished":"2025-09-03T08:04:17+00:00","dateModified":"2025-10-13T13:58:34+00:00","breadcrumb":{"@id":"https:\/\/rutana.lt\/produktas\/rasikliu-lineriu-metallic-paint-lt-050-0-4mm-8-spalvu-rinkinys-schneider-ml05011502\/#breadcrumb"},"inLanguage":"en-US","potentialAction":[{"@type":"ReadAction","target":["https:\/\/rutana.lt\/produktas\/rasikliu-lineriu-metallic-paint-lt-050-0-4mm-8-spalvu-rinkinys-schneider-ml05011502\/"]}]},{"@type":"ImageObject","inLanguage":"en-US","@id":"https:\/\/rutana.lt\/produktas\/rasikliu-lineriu-metallic-paint-lt-050-0-4mm-8-spalvu-rinkinys-schneider-ml05011502\/#primaryimage","url":"https:\/\/rutana.lt\/wp-content\/uploads\/2025\/09\/C035-443-3.jpg?v=1763563716","contentUrl":"https:\/\/rutana.lt\/wp-content\/uploads\/2025\/09\/C035-443-3.jpg?v=1763563716","width":1000,"height":1000},{"@type":"BreadcrumbList","@id":"https:\/\/rutana.lt\/produktas\/rasikliu-lineriu-metallic-paint-lt-050-0-4mm-8-spalvu-rinkinys-schneider-ml05011502\/#breadcrumb","itemListElement":[{"@type":"ListItem","position":1,"name":"Home","item":"https:\/\/rutana.lt\/"},{"@type":"ListItem","position":2,"name":"Parduotuv\u0117","item":"https:\/\/rutana.lt\/parduotuve\/"},{"@type":"ListItem","position":3,"name":"Ra\u0161ikli\u0173 lineri\u0173 Metallic Paint-lt 050 0.4mm 8 spalv\u0173 rinkinys Schneider ML05011502"}]},{"@type":"WebSite","@id":"https:\/\/rutana.lt\/#website","url":"https:\/\/rutana.lt\/","name":"Rutana - Ra\u0161tin\u0117s reikmenys","description":"Prekiaujame pasaulin\u0117je rinkoje pripa\u017eintomis, kokybi\u0161komis biuro prek\u0117mis toki\u0173  gamintoj\u0173 kaip: Schneider, Esselte, Novus, 3M, Faber-Castell, Citizen, Milan, Leitz, Colop, Zebra, Staedtler, Durable, Tork, Parker, Waterman ir kt.","publisher":{"@id":"https:\/\/rutana.lt\/#organization"},"potentialAction":[{"@type":"SearchAction","target":{"@type":"EntryPoint","urlTemplate":"https:\/\/rutana.lt\/?s={search_term_string}"},"query-input":{"@type":"PropertyValueSpecification","valueRequired":true,"valueName":"search_term_string"}}],"inLanguage":"en-US"},{"@type":"Organization","@id":"https:\/\/rutana.lt\/#organization","name":"Rutana - Ra\u0161tin\u0117s reikmenys","url":"https:\/\/rutana.lt\/","logo":{"@type":"ImageObject","inLanguage":"en-US","@id":"https:\/\/rutana.lt\/#\/schema\/logo\/image\/","url":"https:\/\/rutana.lt\/wp-content\/uploads\/2025\/10\/Asset-32.png","contentUrl":"https:\/\/rutana.lt\/wp-content\/uploads\/2025\/10\/Asset-32.png","width":433,"height":119,"caption":"Rutana - Ra\u0161tin\u0117s reikmenys"},"image":{"@id":"https:\/\/rutana.lt\/#\/schema\/logo\/image\/"},"sameAs":["https:\/\/www.facebook.com\/RutanaKanceliarinesPrekes\/"]}]}},"_links":{"self":[{"href":"https:\/\/rutana.lt\/en\/wp-json\/wp\/v2\/product\/19137","targetHints":{"allow":["GET"]}}],"collection":[{"href":"https:\/\/rutana.lt\/en\/wp-json\/wp\/v2\/product"}],"about":[{"href":"https:\/\/rutana.lt\/en\/wp-json\/wp\/v2\/types\/product"}],"replies":[{"embeddable":true,"href":"https:\/\/rutana.lt\/en\/wp-json\/wp\/v2\/comments?post=19137"}],"version-history":[{"count":1,"href":"https:\/\/rutana.lt\/en\/wp-json\/wp\/v2\/product\/19137\/revisions"}],"predecessor-version":[{"id":19165,"href":"https:\/\/rutana.lt\/en\/wp-json\/wp\/v2\/product\/19137\/revisions\/19165"}],"wp:featuredmedia":[{"embeddable":true,"href":"https:\/\/rutana.lt\/en\/wp-json\/wp\/v2\/media\/29961"}],"wp:attachment":[{"href":"https:\/\/rutana.lt\/en\/wp-json\/wp\/v2\/media?parent=19137"}],"wp:term":[{"taxonomy":"product_brand","embeddable":true,"href":"https:\/\/rutana.lt\/en\/wp-json\/wp\/v2\/product_brand?post=19137"},{"taxonomy":"product_cat","embeddable":true,"href":"https:\/\/rutana.lt\/en\/wp-json\/wp\/v2\/product_cat?post=19137"},{"taxonomy":"product_tag","embeddable":true,"href":"https:\/\/rutana.lt\/en\/wp-json\/wp\/v2\/product_tag?post=19137"}],"curies":[{"name":"wp","href":"https:\/\/api.w.org\/{rel}","templated":true}]}}