{"id":19083,"date":"2025-09-03T10:03:52","date_gmt":"2025-09-03T08:03:52","guid":{"rendered":"https:\/\/rutana.webdemo.lt\/?post_type=product&#038;p=19083"},"modified":"2025-10-13T15:58:27","modified_gmt":"2025-10-13T13:58:27","slug":"kavos-pupeles-1000g-crema-e-aroma-lavazza","status":"publish","type":"product","link":"https:\/\/rutana.lt\/en\/product\/kavos-pupeles-1000g-crema-e-aroma-lavazza\/","title":{"rendered":"Kavos pupel\u0117s 1000g Crema e Aroma Lavazza"},"content":{"rendered":"<p>Crema &#038; Aroma yra subalansuotas kruop\u0161\u010diai atrinkt\u0173 arabikos ir robustos pupeli\u0173 mi\u0161inys. D\u0117l ilgai i\u0161liekan\u010dios kremin\u0117s tekst\u016bros jis puikiai tinka j\u016bs\u0173 kavos su pienu receptams ir paruo\u0161imams. Kremin\u0117 ir aromatinga kava su aromatingomis \u0161okolado natomis. Tinkamos naudoti automatiniuose kavos virimo aparatuose.<\/p>\n<\/p>\n<p>Kavos kiekis: 1000 g<\/p>\n<p>Intensyvumas: 8 \/ 10<\/p>\n<p>Sud\u0117tis: Arabika ir Robusta<\/p>\n<p>Pupeli\u0173 kilm\u0117s \u0161alys: Piet\u0173 Amerikos, Afrika ir Azija<\/p>\n<p>Kilm\u0117s \u0161alis: Italija<\/p>\n<p><iframe src=\"\/\/www.youtube.com\/embed\/6V0xLTEqoqs\" width=\"640\" height=\"360\" frameborder=\"0\"><\/iframe><\/p>\n<p><\/p>\n<p><\/p>","protected":false},"excerpt":{"rendered":"<p>Crema &#038; Aroma yra subalansuotas kruop\u0161\u010diai atrinkt\u0173 arabikos ir robustos pupeli\u0173 mi\u0161inys. D\u0117l ilgai i\u0161liekan\u010dios kremin\u0117s tekst\u016bros jis puikiai tinka j\u016bs\u0173 kavos su pienu receptams ir paruo\u0161imams. Kremin\u0117 ir aromatinga kava su aromatingomis \u0161okolado natomis. Tinkamos naudoti automatiniuose kavos virimo aparatuose. Kavos kiekis: 1000 g Intensyvumas: 8 \/ 10 Sud\u0117tis: Arabika ir Robusta Pupeli\u0173 kilm\u0117s [&hellip;]<\/p>","protected":false},"featured_media":29947,"comment_status":"open","ping_status":"closed","template":"","meta":{"_season_start":"","_season_end":"","_season_days":"","_season_months":"","_season_auto_visibility":""},"product_brand":[1054],"product_cat":[1821],"product_tag":[],"class_list":{"0":"post-19083","1":"product","2":"type-product","3":"status-publish","4":"has-post-thumbnail","6":"product_brand-lavazza","7":"product_cat-kavos-pupeles","9":"first","10":"instock","11":"taxable","12":"shipping-taxable","13":"purchasable","14":"product-type-simple"},"yoast_head":"<!-- This site is optimized with the Yoast SEO plugin v26.1.1 - https:\/\/yoast.com\/wordpress\/plugins\/seo\/ -->\n<title>Kavos pupel\u0117s 1000g Crema e Aroma Lavazza - Rutana - Ra\u0161tin\u0117s reikmenys<\/title>\n<meta name=\"robots\" content=\"index, follow, max-snippet:-1, max-image-preview:large, max-video-preview:-1\" \/>\n<link rel=\"canonical\" href=\"https:\/\/rutana.lt\/en\/product\/kavos-pupeles-1000g-crema-e-aroma-lavazza\/\" \/>\n<meta property=\"og:locale\" content=\"en_US\" \/>\n<meta property=\"og:type\" content=\"article\" \/>\n<meta property=\"og:title\" content=\"Kavos pupel\u0117s 1000g Crema e Aroma Lavazza - Rutana - Ra\u0161tin\u0117s reikmenys\" \/>\n<meta property=\"og:description\" content=\"Crema &#038; Aroma yra subalansuotas kruop\u0161\u010diai atrinkt\u0173 arabikos ir robustos pupeli\u0173 mi\u0161inys. D\u0117l ilgai i\u0161liekan\u010dios kremin\u0117s tekst\u016bros jis puikiai tinka j\u016bs\u0173 kavos su pienu receptams ir paruo\u0161imams. Kremin\u0117 ir aromatinga kava su aromatingomis \u0161okolado natomis. Tinkamos naudoti automatiniuose kavos virimo aparatuose. Kavos kiekis: 1000 g Intensyvumas: 8 \/ 10 Sud\u0117tis: Arabika ir Robusta Pupeli\u0173 kilm\u0117s [&hellip;]\" \/>\n<meta property=\"og:url\" content=\"https:\/\/rutana.lt\/en\/product\/kavos-pupeles-1000g-crema-e-aroma-lavazza\/\" \/>\n<meta property=\"og:site_name\" content=\"Rutana - Ra\u0161tin\u0117s reikmenys\" \/>\n<meta property=\"article:publisher\" content=\"https:\/\/www.facebook.com\/RutanaKanceliarinesPrekes\/\" \/>\n<meta property=\"article:modified_time\" content=\"2025-10-13T13:58:27+00:00\" \/>\n<meta property=\"og:image\" content=\"https:\/\/rutana.lt\/wp-content\/uploads\/2025\/09\/B091-196.jpg\" \/>\n\t<meta property=\"og:image:width\" content=\"1000\" \/>\n\t<meta property=\"og:image:height\" content=\"1000\" \/>\n\t<meta property=\"og:image:type\" content=\"image\/jpeg\" \/>\n<meta name=\"twitter:card\" content=\"summary_large_image\" \/>\n<script type=\"application\/ld+json\" class=\"yoast-schema-graph\">{\"@context\":\"https:\/\/schema.org\",\"@graph\":[{\"@type\":\"WebPage\",\"@id\":\"https:\/\/rutana.lt\/produktas\/kavos-pupeles-1000g-crema-e-aroma-lavazza\/\",\"url\":\"https:\/\/rutana.lt\/produktas\/kavos-pupeles-1000g-crema-e-aroma-lavazza\/\",\"name\":\"Kavos pupel\u0117s 1000g Crema e Aroma Lavazza - Rutana - Ra\u0161tin\u0117s reikmenys\",\"isPartOf\":{\"@id\":\"https:\/\/rutana.lt\/#website\"},\"primaryImageOfPage\":{\"@id\":\"https:\/\/rutana.lt\/produktas\/kavos-pupeles-1000g-crema-e-aroma-lavazza\/#primaryimage\"},\"image\":{\"@id\":\"https:\/\/rutana.lt\/produktas\/kavos-pupeles-1000g-crema-e-aroma-lavazza\/#primaryimage\"},\"thumbnailUrl\":\"https:\/\/rutana.lt\/wp-content\/uploads\/2025\/09\/B091-196-1.jpg?v=1763563742\",\"datePublished\":\"2025-09-03T08:03:52+00:00\",\"dateModified\":\"2025-10-13T13:58:27+00:00\",\"breadcrumb\":{\"@id\":\"https:\/\/rutana.lt\/produktas\/kavos-pupeles-1000g-crema-e-aroma-lavazza\/#breadcrumb\"},\"inLanguage\":\"en-US\",\"potentialAction\":[{\"@type\":\"ReadAction\",\"target\":[\"https:\/\/rutana.lt\/produktas\/kavos-pupeles-1000g-crema-e-aroma-lavazza\/\"]}]},{\"@type\":\"ImageObject\",\"inLanguage\":\"en-US\",\"@id\":\"https:\/\/rutana.lt\/produktas\/kavos-pupeles-1000g-crema-e-aroma-lavazza\/#primaryimage\",\"url\":\"https:\/\/rutana.lt\/wp-content\/uploads\/2025\/09\/B091-196-1.jpg?v=1763563742\",\"contentUrl\":\"https:\/\/rutana.lt\/wp-content\/uploads\/2025\/09\/B091-196-1.jpg?v=1763563742\",\"width\":1000,\"height\":1000},{\"@type\":\"BreadcrumbList\",\"@id\":\"https:\/\/rutana.lt\/produktas\/kavos-pupeles-1000g-crema-e-aroma-lavazza\/#breadcrumb\",\"itemListElement\":[{\"@type\":\"ListItem\",\"position\":1,\"name\":\"Home\",\"item\":\"https:\/\/rutana.lt\/\"},{\"@type\":\"ListItem\",\"position\":2,\"name\":\"Parduotuv\u0117\",\"item\":\"https:\/\/rutana.lt\/parduotuve\/\"},{\"@type\":\"ListItem\",\"position\":3,\"name\":\"Kavos pupel\u0117s 1000g Crema e Aroma Lavazza\"}]},{\"@type\":\"WebSite\",\"@id\":\"https:\/\/rutana.lt\/#website\",\"url\":\"https:\/\/rutana.lt\/\",\"name\":\"Rutana - Ra\u0161tin\u0117s reikmenys\",\"description\":\"Prekiaujame pasaulin\u0117je rinkoje pripa\u017eintomis, kokybi\u0161komis biuro prek\u0117mis toki\u0173  gamintoj\u0173 kaip: Schneider, Esselte, Novus, 3M, Faber-Castell, Citizen, Milan, Leitz, Colop, Zebra, Staedtler, Durable, Tork, Parker, Waterman ir kt.\",\"publisher\":{\"@id\":\"https:\/\/rutana.lt\/#organization\"},\"potentialAction\":[{\"@type\":\"SearchAction\",\"target\":{\"@type\":\"EntryPoint\",\"urlTemplate\":\"https:\/\/rutana.lt\/?s={search_term_string}\"},\"query-input\":{\"@type\":\"PropertyValueSpecification\",\"valueRequired\":true,\"valueName\":\"search_term_string\"}}],\"inLanguage\":\"en-US\"},{\"@type\":\"Organization\",\"@id\":\"https:\/\/rutana.lt\/#organization\",\"name\":\"Rutana - Ra\u0161tin\u0117s reikmenys\",\"url\":\"https:\/\/rutana.lt\/\",\"logo\":{\"@type\":\"ImageObject\",\"inLanguage\":\"en-US\",\"@id\":\"https:\/\/rutana.lt\/#\/schema\/logo\/image\/\",\"url\":\"https:\/\/rutana.lt\/wp-content\/uploads\/2025\/10\/Asset-32.png\",\"contentUrl\":\"https:\/\/rutana.lt\/wp-content\/uploads\/2025\/10\/Asset-32.png\",\"width\":433,\"height\":119,\"caption\":\"Rutana - Ra\u0161tin\u0117s reikmenys\"},\"image\":{\"@id\":\"https:\/\/rutana.lt\/#\/schema\/logo\/image\/\"},\"sameAs\":[\"https:\/\/www.facebook.com\/RutanaKanceliarinesPrekes\/\"]}]}<\/script>\n<!-- \/ Yoast SEO plugin. -->","yoast_head_json":{"title":"Kavos pupel\u0117s 1000g Crema e Aroma Lavazza - Rutana - Ra\u0161tin\u0117s reikmenys","robots":{"index":"index","follow":"follow","max-snippet":"max-snippet:-1","max-image-preview":"max-image-preview:large","max-video-preview":"max-video-preview:-1"},"canonical":"https:\/\/rutana.lt\/en\/product\/kavos-pupeles-1000g-crema-e-aroma-lavazza\/","og_locale":"en_US","og_type":"article","og_title":"Kavos pupel\u0117s 1000g Crema e Aroma Lavazza - Rutana - Ra\u0161tin\u0117s reikmenys","og_description":"Crema &#038; Aroma yra subalansuotas kruop\u0161\u010diai atrinkt\u0173 arabikos ir robustos pupeli\u0173 mi\u0161inys. D\u0117l ilgai i\u0161liekan\u010dios kremin\u0117s tekst\u016bros jis puikiai tinka j\u016bs\u0173 kavos su pienu receptams ir paruo\u0161imams. Kremin\u0117 ir aromatinga kava su aromatingomis \u0161okolado natomis. Tinkamos naudoti automatiniuose kavos virimo aparatuose. Kavos kiekis: 1000 g Intensyvumas: 8 \/ 10 Sud\u0117tis: Arabika ir Robusta Pupeli\u0173 kilm\u0117s [&hellip;]","og_url":"https:\/\/rutana.lt\/en\/product\/kavos-pupeles-1000g-crema-e-aroma-lavazza\/","og_site_name":"Rutana - Ra\u0161tin\u0117s reikmenys","article_publisher":"https:\/\/www.facebook.com\/RutanaKanceliarinesPrekes\/","article_modified_time":"2025-10-13T13:58:27+00:00","og_image":[{"width":1000,"height":1000,"url":"https:\/\/rutana.lt\/wp-content\/uploads\/2025\/09\/B091-196.jpg","type":"image\/jpeg"}],"twitter_card":"summary_large_image","schema":{"@context":"https:\/\/schema.org","@graph":[{"@type":"WebPage","@id":"https:\/\/rutana.lt\/produktas\/kavos-pupeles-1000g-crema-e-aroma-lavazza\/","url":"https:\/\/rutana.lt\/produktas\/kavos-pupeles-1000g-crema-e-aroma-lavazza\/","name":"Kavos pupel\u0117s 1000g Crema e Aroma Lavazza - Rutana - Ra\u0161tin\u0117s reikmenys","isPartOf":{"@id":"https:\/\/rutana.lt\/#website"},"primaryImageOfPage":{"@id":"https:\/\/rutana.lt\/produktas\/kavos-pupeles-1000g-crema-e-aroma-lavazza\/#primaryimage"},"image":{"@id":"https:\/\/rutana.lt\/produktas\/kavos-pupeles-1000g-crema-e-aroma-lavazza\/#primaryimage"},"thumbnailUrl":"https:\/\/rutana.lt\/wp-content\/uploads\/2025\/09\/B091-196-1.jpg?v=1763563742","datePublished":"2025-09-03T08:03:52+00:00","dateModified":"2025-10-13T13:58:27+00:00","breadcrumb":{"@id":"https:\/\/rutana.lt\/produktas\/kavos-pupeles-1000g-crema-e-aroma-lavazza\/#breadcrumb"},"inLanguage":"en-US","potentialAction":[{"@type":"ReadAction","target":["https:\/\/rutana.lt\/produktas\/kavos-pupeles-1000g-crema-e-aroma-lavazza\/"]}]},{"@type":"ImageObject","inLanguage":"en-US","@id":"https:\/\/rutana.lt\/produktas\/kavos-pupeles-1000g-crema-e-aroma-lavazza\/#primaryimage","url":"https:\/\/rutana.lt\/wp-content\/uploads\/2025\/09\/B091-196-1.jpg?v=1763563742","contentUrl":"https:\/\/rutana.lt\/wp-content\/uploads\/2025\/09\/B091-196-1.jpg?v=1763563742","width":1000,"height":1000},{"@type":"BreadcrumbList","@id":"https:\/\/rutana.lt\/produktas\/kavos-pupeles-1000g-crema-e-aroma-lavazza\/#breadcrumb","itemListElement":[{"@type":"ListItem","position":1,"name":"Home","item":"https:\/\/rutana.lt\/"},{"@type":"ListItem","position":2,"name":"Parduotuv\u0117","item":"https:\/\/rutana.lt\/parduotuve\/"},{"@type":"ListItem","position":3,"name":"Kavos pupel\u0117s 1000g Crema e Aroma Lavazza"}]},{"@type":"WebSite","@id":"https:\/\/rutana.lt\/#website","url":"https:\/\/rutana.lt\/","name":"Rutana - Ra\u0161tin\u0117s reikmenys","description":"Prekiaujame pasaulin\u0117je rinkoje pripa\u017eintomis, kokybi\u0161komis biuro prek\u0117mis toki\u0173  gamintoj\u0173 kaip: Schneider, Esselte, Novus, 3M, Faber-Castell, Citizen, Milan, Leitz, Colop, Zebra, Staedtler, Durable, Tork, Parker, Waterman ir kt.","publisher":{"@id":"https:\/\/rutana.lt\/#organization"},"potentialAction":[{"@type":"SearchAction","target":{"@type":"EntryPoint","urlTemplate":"https:\/\/rutana.lt\/?s={search_term_string}"},"query-input":{"@type":"PropertyValueSpecification","valueRequired":true,"valueName":"search_term_string"}}],"inLanguage":"en-US"},{"@type":"Organization","@id":"https:\/\/rutana.lt\/#organization","name":"Rutana - Ra\u0161tin\u0117s reikmenys","url":"https:\/\/rutana.lt\/","logo":{"@type":"ImageObject","inLanguage":"en-US","@id":"https:\/\/rutana.lt\/#\/schema\/logo\/image\/","url":"https:\/\/rutana.lt\/wp-content\/uploads\/2025\/10\/Asset-32.png","contentUrl":"https:\/\/rutana.lt\/wp-content\/uploads\/2025\/10\/Asset-32.png","width":433,"height":119,"caption":"Rutana - Ra\u0161tin\u0117s reikmenys"},"image":{"@id":"https:\/\/rutana.lt\/#\/schema\/logo\/image\/"},"sameAs":["https:\/\/www.facebook.com\/RutanaKanceliarinesPrekes\/"]}]}},"_links":{"self":[{"href":"https:\/\/rutana.lt\/en\/wp-json\/wp\/v2\/product\/19083","targetHints":{"allow":["GET"]}}],"collection":[{"href":"https:\/\/rutana.lt\/en\/wp-json\/wp\/v2\/product"}],"about":[{"href":"https:\/\/rutana.lt\/en\/wp-json\/wp\/v2\/types\/product"}],"replies":[{"embeddable":true,"href":"https:\/\/rutana.lt\/en\/wp-json\/wp\/v2\/comments?post=19083"}],"version-history":[{"count":1,"href":"https:\/\/rutana.lt\/en\/wp-json\/wp\/v2\/product\/19083\/revisions"}],"predecessor-version":[{"id":19117,"href":"https:\/\/rutana.lt\/en\/wp-json\/wp\/v2\/product\/19083\/revisions\/19117"}],"wp:featuredmedia":[{"embeddable":true,"href":"https:\/\/rutana.lt\/en\/wp-json\/wp\/v2\/media\/29947"}],"wp:attachment":[{"href":"https:\/\/rutana.lt\/en\/wp-json\/wp\/v2\/media?parent=19083"}],"wp:term":[{"taxonomy":"product_brand","embeddable":true,"href":"https:\/\/rutana.lt\/en\/wp-json\/wp\/v2\/product_brand?post=19083"},{"taxonomy":"product_cat","embeddable":true,"href":"https:\/\/rutana.lt\/en\/wp-json\/wp\/v2\/product_cat?post=19083"},{"taxonomy":"product_tag","embeddable":true,"href":"https:\/\/rutana.lt\/en\/wp-json\/wp\/v2\/product_tag?post=19083"}],"curies":[{"name":"wp","href":"https:\/\/api.w.org\/{rel}","templated":true}]}}