{"id":18977,"date":"2025-09-03T10:03:05","date_gmt":"2025-09-03T08:03:05","guid":{"rendered":"https:\/\/rutana.webdemo.lt\/?post_type=product&#038;p=18977"},"modified":"2025-10-13T15:58:11","modified_gmt":"2025-10-13T13:58:11","slug":"automatinis-tusinukas-capybara-8-in-1-0-5mm-8-spalvu-centrum-81238","status":"publish","type":"product","link":"https:\/\/rutana.lt\/en\/product\/automatinis-tusinukas-capybara-8-in-1-0-5mm-8-spalvu-centrum-81238\/","title":{"rendered":"Automatinis tu\u0161inukas &#8222;Capybara 8 in 1&#8221; 0.5mm 8 spalv\u0173 Centrum 81238"},"content":{"rendered":"<p>Daugiaspalvis tu\u0161inukas &#8211; puikus originalaus dizaino ir funkcionalumo derinys. Jo miniati\u016brinis dydis \u017eymiai sutaupo vietos pie\u0161tuk\u0173 d\u0117kle arba ant darbastalio. Pakeiskite spalv\u0105 vienu judesiu, automatinis st\u016bmimo mechanizmas u\u017etikrina skland\u0173 \u0161erdel\u0117s padavim\u0105. Gumuota fig\u016bra papuo\u0161ia ra\u0161ikl\u012f.<\/p>\n<p>\u0160erdel\u0117s br\u0117\u017eio storis: 0.5 mm<\/p>\n<p>Spalv\u0173 kiekis: 8<\/p>\n<p style=\"margin-bottom: 10px;\">Tu\u0161o spalvos: m\u0117lyna, juoda, \u017ealia, raudona, geltona, violetin\u0117, ro\u017ein\u0117, oran\u017ein\u0117.<\/p>\n<p style=\"margin-bottom: 10px;\">Kilm\u0117s \u0161alis: Vokietija<\/p>\n<p style=\"margin-bottom: 10px;\"><\/p>\n<p style=\"margin-bottom: 10px;\"><\/p>\n<p style=\"margin-bottom: 10px;\"><\/p>\n<p style=\"margin-bottom: 10px;\"><\/p>\n<p style=\"margin-bottom: 10px;\"><\/p>","protected":false},"excerpt":{"rendered":"<p>Daugiaspalvis tu\u0161inukas &#8211; puikus originalaus dizaino ir funkcionalumo derinys. Jo miniati\u016brinis dydis \u017eymiai sutaupo vietos pie\u0161tuk\u0173 d\u0117kle arba ant darbastalio. Pakeiskite spalv\u0105 vienu judesiu, automatinis st\u016bmimo mechanizmas u\u017etikrina skland\u0173 \u0161erdel\u0117s padavim\u0105. Gumuota fig\u016bra papuo\u0161ia ra\u0161ikl\u012f. \u0160erdel\u0117s br\u0117\u017eio storis: 0.5 mm Spalv\u0173 kiekis: 8 Tu\u0161o spalvos: m\u0117lyna, juoda, \u017ealia, raudona, geltona, violetin\u0117, ro\u017ein\u0117, oran\u017ein\u0117. Kilm\u0117s \u0161alis: [&hellip;]<\/p>","protected":false},"featured_media":29917,"comment_status":"open","ping_status":"closed","template":"","meta":{"_season_start":"","_season_end":"","_season_days":"","_season_months":"","_season_auto_visibility":""},"product_brand":[199],"product_cat":[1750],"product_tag":[],"class_list":{"0":"post-18977","1":"product","2":"type-product","3":"status-publish","4":"has-post-thumbnail","6":"product_brand-centrum","7":"product_cat-tusinukai","9":"first","10":"instock","11":"taxable","12":"shipping-taxable","13":"purchasable","14":"product-type-simple"},"yoast_head":"<!-- This site is optimized with the Yoast SEO plugin v27.4 - https:\/\/yoast.com\/product\/yoast-seo-wordpress\/ -->\n<title>Automatinis tu\u0161inukas &quot;Capybara 8 in 1&quot; 0.5mm 8 spalv\u0173 Centrum 81238 - Rutana - Ra\u0161tin\u0117s reikmenys<\/title>\n<meta name=\"robots\" content=\"index, follow, max-snippet:-1, max-image-preview:large, max-video-preview:-1\" \/>\n<link rel=\"canonical\" href=\"https:\/\/rutana.lt\/en\/product\/automatinis-tusinukas-capybara-8-in-1-0-5mm-8-spalvu-centrum-81238\/\" \/>\n<meta property=\"og:locale\" content=\"en_US\" \/>\n<meta property=\"og:type\" content=\"article\" \/>\n<meta property=\"og:title\" content=\"Automatinis tu\u0161inukas &quot;Capybara 8 in 1&quot; 0.5mm 8 spalv\u0173 Centrum 81238 - Rutana - Ra\u0161tin\u0117s reikmenys\" \/>\n<meta property=\"og:description\" content=\"Daugiaspalvis tu\u0161inukas &#8211; puikus originalaus dizaino ir funkcionalumo derinys. Jo miniati\u016brinis dydis \u017eymiai sutaupo vietos pie\u0161tuk\u0173 d\u0117kle arba ant darbastalio. Pakeiskite spalv\u0105 vienu judesiu, automatinis st\u016bmimo mechanizmas u\u017etikrina skland\u0173 \u0161erdel\u0117s padavim\u0105. Gumuota fig\u016bra papuo\u0161ia ra\u0161ikl\u012f. \u0160erdel\u0117s br\u0117\u017eio storis: 0.5 mm Spalv\u0173 kiekis: 8 Tu\u0161o spalvos: m\u0117lyna, juoda, \u017ealia, raudona, geltona, violetin\u0117, ro\u017ein\u0117, oran\u017ein\u0117. Kilm\u0117s \u0161alis: [&hellip;]\" \/>\n<meta property=\"og:url\" content=\"https:\/\/rutana.lt\/en\/product\/automatinis-tusinukas-capybara-8-in-1-0-5mm-8-spalvu-centrum-81238\/\" \/>\n<meta property=\"og:site_name\" content=\"Rutana - Ra\u0161tin\u0117s reikmenys\" \/>\n<meta property=\"article:publisher\" content=\"https:\/\/www.facebook.com\/RutanaKanceliarinesPrekes\/\" \/>\n<meta property=\"article:modified_time\" content=\"2025-10-13T13:58:11+00:00\" \/>\n<meta property=\"og:image\" content=\"https:\/\/rutana.lt\/wp-content\/uploads\/2025\/09\/C034-207.jpg\" \/>\n\t<meta property=\"og:image:width\" content=\"1000\" \/>\n\t<meta property=\"og:image:height\" content=\"1000\" \/>\n\t<meta property=\"og:image:type\" content=\"image\/jpeg\" \/>\n<meta name=\"twitter:card\" content=\"summary_large_image\" \/>\n<script type=\"application\/ld+json\" class=\"yoast-schema-graph\">{\"@context\":\"https:\\\/\\\/schema.org\",\"@graph\":[{\"@type\":\"WebPage\",\"@id\":\"https:\\\/\\\/rutana.lt\\\/produktas\\\/automatinis-tusinukas-capybara-8-in-1-0-5mm-8-spalvu-centrum-81238\\\/\",\"url\":\"https:\\\/\\\/rutana.lt\\\/produktas\\\/automatinis-tusinukas-capybara-8-in-1-0-5mm-8-spalvu-centrum-81238\\\/\",\"name\":\"Automatinis tu\u0161inukas \\\"Capybara 8 in 1\\\" 0.5mm 8 spalv\u0173 Centrum 81238 - Rutana - Ra\u0161tin\u0117s reikmenys\",\"isPartOf\":{\"@id\":\"https:\\\/\\\/rutana.lt\\\/#website\"},\"primaryImageOfPage\":{\"@id\":\"https:\\\/\\\/rutana.lt\\\/produktas\\\/automatinis-tusinukas-capybara-8-in-1-0-5mm-8-spalvu-centrum-81238\\\/#primaryimage\"},\"image\":{\"@id\":\"https:\\\/\\\/rutana.lt\\\/produktas\\\/automatinis-tusinukas-capybara-8-in-1-0-5mm-8-spalvu-centrum-81238\\\/#primaryimage\"},\"thumbnailUrl\":\"https:\\\/\\\/rutana.lt\\\/wp-content\\\/uploads\\\/2025\\\/09\\\/C034-207-2.jpg?v=1763563791\",\"datePublished\":\"2025-09-03T08:03:05+00:00\",\"dateModified\":\"2025-10-13T13:58:11+00:00\",\"breadcrumb\":{\"@id\":\"https:\\\/\\\/rutana.lt\\\/produktas\\\/automatinis-tusinukas-capybara-8-in-1-0-5mm-8-spalvu-centrum-81238\\\/#breadcrumb\"},\"inLanguage\":\"en-US\",\"potentialAction\":[{\"@type\":\"ReadAction\",\"target\":[\"https:\\\/\\\/rutana.lt\\\/produktas\\\/automatinis-tusinukas-capybara-8-in-1-0-5mm-8-spalvu-centrum-81238\\\/\"]}]},{\"@type\":\"ImageObject\",\"inLanguage\":\"en-US\",\"@id\":\"https:\\\/\\\/rutana.lt\\\/produktas\\\/automatinis-tusinukas-capybara-8-in-1-0-5mm-8-spalvu-centrum-81238\\\/#primaryimage\",\"url\":\"https:\\\/\\\/rutana.lt\\\/wp-content\\\/uploads\\\/2025\\\/09\\\/C034-207-2.jpg?v=1763563791\",\"contentUrl\":\"https:\\\/\\\/rutana.lt\\\/wp-content\\\/uploads\\\/2025\\\/09\\\/C034-207-2.jpg?v=1763563791\",\"width\":1000,\"height\":1000},{\"@type\":\"BreadcrumbList\",\"@id\":\"https:\\\/\\\/rutana.lt\\\/produktas\\\/automatinis-tusinukas-capybara-8-in-1-0-5mm-8-spalvu-centrum-81238\\\/#breadcrumb\",\"itemListElement\":[{\"@type\":\"ListItem\",\"position\":1,\"name\":\"Home\",\"item\":\"https:\\\/\\\/rutana.lt\\\/\"},{\"@type\":\"ListItem\",\"position\":2,\"name\":\"Parduotuv\u0117\",\"item\":\"https:\\\/\\\/rutana.lt\\\/parduotuve\\\/\"},{\"@type\":\"ListItem\",\"position\":3,\"name\":\"Automatinis tu\u0161inukas &#8222;Capybara 8 in 1&#8221; 0.5mm 8 spalv\u0173 Centrum 81238\"}]},{\"@type\":\"WebSite\",\"@id\":\"https:\\\/\\\/rutana.lt\\\/#website\",\"url\":\"https:\\\/\\\/rutana.lt\\\/\",\"name\":\"Rutana - Ra\u0161tin\u0117s reikmenys\",\"description\":\"Prekiaujame pasaulin\u0117je rinkoje pripa\u017eintomis, kokybi\u0161komis biuro prek\u0117mis toki\u0173  gamintoj\u0173 kaip: Schneider, Esselte, Novus, 3M, Faber-Castell, Citizen, Milan, Leitz, Colop, Zebra, Staedtler, Durable, Tork, Parker, Waterman ir kt.\",\"publisher\":{\"@id\":\"https:\\\/\\\/rutana.lt\\\/#organization\"},\"potentialAction\":[{\"@type\":\"SearchAction\",\"target\":{\"@type\":\"EntryPoint\",\"urlTemplate\":\"https:\\\/\\\/rutana.lt\\\/?s={search_term_string}\"},\"query-input\":{\"@type\":\"PropertyValueSpecification\",\"valueRequired\":true,\"valueName\":\"search_term_string\"}}],\"inLanguage\":\"en-US\"},{\"@type\":\"Organization\",\"@id\":\"https:\\\/\\\/rutana.lt\\\/#organization\",\"name\":\"Rutana - Ra\u0161tin\u0117s reikmenys\",\"url\":\"https:\\\/\\\/rutana.lt\\\/\",\"logo\":{\"@type\":\"ImageObject\",\"inLanguage\":\"en-US\",\"@id\":\"https:\\\/\\\/rutana.lt\\\/#\\\/schema\\\/logo\\\/image\\\/\",\"url\":\"https:\\\/\\\/rutana.lt\\\/wp-content\\\/uploads\\\/2025\\\/10\\\/Asset-32.png\",\"contentUrl\":\"https:\\\/\\\/rutana.lt\\\/wp-content\\\/uploads\\\/2025\\\/10\\\/Asset-32.png\",\"width\":433,\"height\":119,\"caption\":\"Rutana - Ra\u0161tin\u0117s reikmenys\"},\"image\":{\"@id\":\"https:\\\/\\\/rutana.lt\\\/#\\\/schema\\\/logo\\\/image\\\/\"},\"sameAs\":[\"https:\\\/\\\/www.facebook.com\\\/RutanaKanceliarinesPrekes\\\/\"]}]}<\/script>\n<!-- \/ Yoast SEO plugin. -->","yoast_head_json":{"title":"Automatinis tu\u0161inukas \"Capybara 8 in 1\" 0.5mm 8 spalv\u0173 Centrum 81238 - Rutana - Ra\u0161tin\u0117s reikmenys","robots":{"index":"index","follow":"follow","max-snippet":"max-snippet:-1","max-image-preview":"max-image-preview:large","max-video-preview":"max-video-preview:-1"},"canonical":"https:\/\/rutana.lt\/en\/product\/automatinis-tusinukas-capybara-8-in-1-0-5mm-8-spalvu-centrum-81238\/","og_locale":"en_US","og_type":"article","og_title":"Automatinis tu\u0161inukas \"Capybara 8 in 1\" 0.5mm 8 spalv\u0173 Centrum 81238 - Rutana - Ra\u0161tin\u0117s reikmenys","og_description":"Daugiaspalvis tu\u0161inukas &#8211; puikus originalaus dizaino ir funkcionalumo derinys. Jo miniati\u016brinis dydis \u017eymiai sutaupo vietos pie\u0161tuk\u0173 d\u0117kle arba ant darbastalio. Pakeiskite spalv\u0105 vienu judesiu, automatinis st\u016bmimo mechanizmas u\u017etikrina skland\u0173 \u0161erdel\u0117s padavim\u0105. Gumuota fig\u016bra papuo\u0161ia ra\u0161ikl\u012f. \u0160erdel\u0117s br\u0117\u017eio storis: 0.5 mm Spalv\u0173 kiekis: 8 Tu\u0161o spalvos: m\u0117lyna, juoda, \u017ealia, raudona, geltona, violetin\u0117, ro\u017ein\u0117, oran\u017ein\u0117. Kilm\u0117s \u0161alis: [&hellip;]","og_url":"https:\/\/rutana.lt\/en\/product\/automatinis-tusinukas-capybara-8-in-1-0-5mm-8-spalvu-centrum-81238\/","og_site_name":"Rutana - Ra\u0161tin\u0117s reikmenys","article_publisher":"https:\/\/www.facebook.com\/RutanaKanceliarinesPrekes\/","article_modified_time":"2025-10-13T13:58:11+00:00","og_image":[{"width":1000,"height":1000,"url":"https:\/\/rutana.lt\/wp-content\/uploads\/2025\/09\/C034-207.jpg","type":"image\/jpeg"}],"twitter_card":"summary_large_image","schema":{"@context":"https:\/\/schema.org","@graph":[{"@type":"WebPage","@id":"https:\/\/rutana.lt\/produktas\/automatinis-tusinukas-capybara-8-in-1-0-5mm-8-spalvu-centrum-81238\/","url":"https:\/\/rutana.lt\/produktas\/automatinis-tusinukas-capybara-8-in-1-0-5mm-8-spalvu-centrum-81238\/","name":"Automatinis tu\u0161inukas \"Capybara 8 in 1\" 0.5mm 8 spalv\u0173 Centrum 81238 - Rutana - Ra\u0161tin\u0117s reikmenys","isPartOf":{"@id":"https:\/\/rutana.lt\/#website"},"primaryImageOfPage":{"@id":"https:\/\/rutana.lt\/produktas\/automatinis-tusinukas-capybara-8-in-1-0-5mm-8-spalvu-centrum-81238\/#primaryimage"},"image":{"@id":"https:\/\/rutana.lt\/produktas\/automatinis-tusinukas-capybara-8-in-1-0-5mm-8-spalvu-centrum-81238\/#primaryimage"},"thumbnailUrl":"https:\/\/rutana.lt\/wp-content\/uploads\/2025\/09\/C034-207-2.jpg?v=1763563791","datePublished":"2025-09-03T08:03:05+00:00","dateModified":"2025-10-13T13:58:11+00:00","breadcrumb":{"@id":"https:\/\/rutana.lt\/produktas\/automatinis-tusinukas-capybara-8-in-1-0-5mm-8-spalvu-centrum-81238\/#breadcrumb"},"inLanguage":"en-US","potentialAction":[{"@type":"ReadAction","target":["https:\/\/rutana.lt\/produktas\/automatinis-tusinukas-capybara-8-in-1-0-5mm-8-spalvu-centrum-81238\/"]}]},{"@type":"ImageObject","inLanguage":"en-US","@id":"https:\/\/rutana.lt\/produktas\/automatinis-tusinukas-capybara-8-in-1-0-5mm-8-spalvu-centrum-81238\/#primaryimage","url":"https:\/\/rutana.lt\/wp-content\/uploads\/2025\/09\/C034-207-2.jpg?v=1763563791","contentUrl":"https:\/\/rutana.lt\/wp-content\/uploads\/2025\/09\/C034-207-2.jpg?v=1763563791","width":1000,"height":1000},{"@type":"BreadcrumbList","@id":"https:\/\/rutana.lt\/produktas\/automatinis-tusinukas-capybara-8-in-1-0-5mm-8-spalvu-centrum-81238\/#breadcrumb","itemListElement":[{"@type":"ListItem","position":1,"name":"Home","item":"https:\/\/rutana.lt\/"},{"@type":"ListItem","position":2,"name":"Parduotuv\u0117","item":"https:\/\/rutana.lt\/parduotuve\/"},{"@type":"ListItem","position":3,"name":"Automatinis tu\u0161inukas &#8222;Capybara 8 in 1&#8221; 0.5mm 8 spalv\u0173 Centrum 81238"}]},{"@type":"WebSite","@id":"https:\/\/rutana.lt\/#website","url":"https:\/\/rutana.lt\/","name":"Rutana - Ra\u0161tin\u0117s reikmenys","description":"Prekiaujame pasaulin\u0117je rinkoje pripa\u017eintomis, kokybi\u0161komis biuro prek\u0117mis toki\u0173  gamintoj\u0173 kaip: Schneider, Esselte, Novus, 3M, Faber-Castell, Citizen, Milan, Leitz, Colop, Zebra, Staedtler, Durable, Tork, Parker, Waterman ir kt.","publisher":{"@id":"https:\/\/rutana.lt\/#organization"},"potentialAction":[{"@type":"SearchAction","target":{"@type":"EntryPoint","urlTemplate":"https:\/\/rutana.lt\/?s={search_term_string}"},"query-input":{"@type":"PropertyValueSpecification","valueRequired":true,"valueName":"search_term_string"}}],"inLanguage":"en-US"},{"@type":"Organization","@id":"https:\/\/rutana.lt\/#organization","name":"Rutana - Ra\u0161tin\u0117s reikmenys","url":"https:\/\/rutana.lt\/","logo":{"@type":"ImageObject","inLanguage":"en-US","@id":"https:\/\/rutana.lt\/#\/schema\/logo\/image\/","url":"https:\/\/rutana.lt\/wp-content\/uploads\/2025\/10\/Asset-32.png","contentUrl":"https:\/\/rutana.lt\/wp-content\/uploads\/2025\/10\/Asset-32.png","width":433,"height":119,"caption":"Rutana - Ra\u0161tin\u0117s reikmenys"},"image":{"@id":"https:\/\/rutana.lt\/#\/schema\/logo\/image\/"},"sameAs":["https:\/\/www.facebook.com\/RutanaKanceliarinesPrekes\/"]}]}},"_links":{"self":[{"href":"https:\/\/rutana.lt\/en\/wp-json\/wp\/v2\/product\/18977","targetHints":{"allow":["GET"]}}],"collection":[{"href":"https:\/\/rutana.lt\/en\/wp-json\/wp\/v2\/product"}],"about":[{"href":"https:\/\/rutana.lt\/en\/wp-json\/wp\/v2\/types\/product"}],"replies":[{"embeddable":true,"href":"https:\/\/rutana.lt\/en\/wp-json\/wp\/v2\/comments?post=18977"}],"version-history":[{"count":1,"href":"https:\/\/rutana.lt\/en\/wp-json\/wp\/v2\/product\/18977\/revisions"}],"predecessor-version":[{"id":19020,"href":"https:\/\/rutana.lt\/en\/wp-json\/wp\/v2\/product\/18977\/revisions\/19020"}],"wp:featuredmedia":[{"embeddable":true,"href":"https:\/\/rutana.lt\/en\/wp-json\/wp\/v2\/media\/29917"}],"wp:attachment":[{"href":"https:\/\/rutana.lt\/en\/wp-json\/wp\/v2\/media?parent=18977"}],"wp:term":[{"taxonomy":"product_brand","embeddable":true,"href":"https:\/\/rutana.lt\/en\/wp-json\/wp\/v2\/product_brand?post=18977"},{"taxonomy":"product_cat","embeddable":true,"href":"https:\/\/rutana.lt\/en\/wp-json\/wp\/v2\/product_cat?post=18977"},{"taxonomy":"product_tag","embeddable":true,"href":"https:\/\/rutana.lt\/en\/wp-json\/wp\/v2\/product_tag?post=18977"}],"curies":[{"name":"wp","href":"https:\/\/api.w.org\/{rel}","templated":true}]}}