{"id":18804,"date":"2025-09-03T10:01:57","date_gmt":"2025-09-03T08:01:57","guid":{"rendered":"https:\/\/rutana.webdemo.lt\/?post_type=product&#038;p=18804"},"modified":"2025-10-13T15:57:38","modified_gmt":"2025-10-13T13:57:38","slug":"uzrasu-knyga-20-5x30-cm-bijou-paperblanks-9372-5","status":"publish","type":"product","link":"https:\/\/rutana.lt\/en\/product\/uzrasu-knyga-20-5x30-cm-bijou-paperblanks-9372-5\/","title":{"rendered":"U\u017era\u0161\u0173 knyga 20.5&#215;30 cm Bijou Paperblanks 9372-5"},"content":{"rendered":"<p style=\"margin-bottom: 10px;\">Prabangi, rank\u0173 darbo u\u017era\u0161\u0173 knyga kietu vir\u0161eliu ir unikaliu atvaizdu. Vidiniai lapai pagaminti i\u0161 120 g \/ m<span style=\"vertical-align: super;\">2 <\/span>storio popieriaus. Viduje turi popierin\u0119 ki\u0161en\u0119. Ypa\u010d tinkama dovanai.<\/p>\n<p style=\"margin-bottom: 10px;\">Matmenys: 20.5 x 30 cm<\/p>\n<p style=\"margin-bottom: 10px;\">Vidiniai lapai: be linij\u0173<\/p>\n<p style=\"margin-bottom: 10px;\">Puslapi\u0173 skai\u010dius: 128<\/p>\n<p style=\"margin-bottom: 10px;\">\u012eri\u0161imas: si\u016btas<\/p>\n<p style=\"margin-bottom: 10px;\">U\u017esegimas: su gumele<\/p>\n<p style=\"margin-bottom: 10px;\">Knygut\u0117s pavadinimas: Bijou<\/p>\n<p style=\"margin-bottom: 10px;\">Kolekcija: Solstice Star<\/p>\n<p style=\"margin-bottom: 10px;\"><\/p>\n<p style=\"margin-bottom: 10px;\"><\/p>","protected":false},"excerpt":{"rendered":"<p>Prabangi, rank\u0173 darbo u\u017era\u0161\u0173 knyga kietu vir\u0161eliu ir unikaliu atvaizdu. Vidiniai lapai pagaminti i\u0161 120 g \/ m2 storio popieriaus. Viduje turi popierin\u0119 ki\u0161en\u0119. Ypa\u010d tinkama dovanai. Matmenys: 20.5 x 30 cm Vidiniai lapai: be linij\u0173 Puslapi\u0173 skai\u010dius: 128 \u012eri\u0161imas: si\u016btas U\u017esegimas: su gumele Knygut\u0117s pavadinimas: Bijou Kolekcija: Solstice Star<\/p>","protected":false},"featured_media":29860,"comment_status":"open","ping_status":"closed","template":"","meta":{"_season_start":"","_season_end":"","_season_days":"","_season_months":"","_season_auto_visibility":""},"product_brand":[279],"product_cat":[1833],"product_tag":[],"class_list":{"0":"post-18804","1":"product","2":"type-product","3":"status-publish","4":"has-post-thumbnail","6":"product_brand-paperblanks","7":"product_cat-paperblanks-knygos-ir-knygutes","9":"first","10":"instock","11":"taxable","12":"shipping-taxable","13":"purchasable","14":"product-type-simple"},"yoast_head":"<!-- This site is optimized with the Yoast SEO plugin v26.1.1 - https:\/\/yoast.com\/wordpress\/plugins\/seo\/ -->\n<title>U\u017era\u0161\u0173 knyga 20.5x30 cm Bijou Paperblanks 9372-5 - Rutana - Ra\u0161tin\u0117s reikmenys<\/title>\n<meta name=\"robots\" content=\"index, follow, max-snippet:-1, max-image-preview:large, max-video-preview:-1\" \/>\n<link rel=\"canonical\" href=\"https:\/\/rutana.lt\/en\/product\/uzrasu-knyga-20-5x30-cm-bijou-paperblanks-9372-5\/\" \/>\n<meta property=\"og:locale\" content=\"en_US\" \/>\n<meta property=\"og:type\" content=\"article\" \/>\n<meta property=\"og:title\" content=\"U\u017era\u0161\u0173 knyga 20.5x30 cm Bijou Paperblanks 9372-5 - Rutana - Ra\u0161tin\u0117s reikmenys\" \/>\n<meta property=\"og:description\" content=\"Prabangi, rank\u0173 darbo u\u017era\u0161\u0173 knyga kietu vir\u0161eliu ir unikaliu atvaizdu. Vidiniai lapai pagaminti i\u0161 120 g \/ m2 storio popieriaus. Viduje turi popierin\u0119 ki\u0161en\u0119. Ypa\u010d tinkama dovanai. Matmenys: 20.5 x 30 cm Vidiniai lapai: be linij\u0173 Puslapi\u0173 skai\u010dius: 128 \u012eri\u0161imas: si\u016btas U\u017esegimas: su gumele Knygut\u0117s pavadinimas: Bijou Kolekcija: Solstice Star\" \/>\n<meta property=\"og:url\" content=\"https:\/\/rutana.lt\/en\/product\/uzrasu-knyga-20-5x30-cm-bijou-paperblanks-9372-5\/\" \/>\n<meta property=\"og:site_name\" content=\"Rutana - Ra\u0161tin\u0117s reikmenys\" \/>\n<meta property=\"article:publisher\" content=\"https:\/\/www.facebook.com\/RutanaKanceliarinesPrekes\/\" \/>\n<meta property=\"article:modified_time\" content=\"2025-10-13T13:57:38+00:00\" \/>\n<meta property=\"og:image\" content=\"https:\/\/rutana.lt\/wp-content\/uploads\/2025\/09\/A032-015.jpg\" \/>\n\t<meta property=\"og:image:width\" content=\"1000\" \/>\n\t<meta property=\"og:image:height\" content=\"1000\" \/>\n\t<meta property=\"og:image:type\" content=\"image\/jpeg\" \/>\n<meta name=\"twitter:card\" content=\"summary_large_image\" \/>\n<script type=\"application\/ld+json\" class=\"yoast-schema-graph\">{\"@context\":\"https:\/\/schema.org\",\"@graph\":[{\"@type\":\"WebPage\",\"@id\":\"https:\/\/rutana.lt\/produktas\/uzrasu-knyga-20-5x30-cm-bijou-paperblanks-9372-5\/\",\"url\":\"https:\/\/rutana.lt\/produktas\/uzrasu-knyga-20-5x30-cm-bijou-paperblanks-9372-5\/\",\"name\":\"U\u017era\u0161\u0173 knyga 20.5x30 cm Bijou Paperblanks 9372-5 - Rutana - Ra\u0161tin\u0117s reikmenys\",\"isPartOf\":{\"@id\":\"https:\/\/rutana.lt\/#website\"},\"primaryImageOfPage\":{\"@id\":\"https:\/\/rutana.lt\/produktas\/uzrasu-knyga-20-5x30-cm-bijou-paperblanks-9372-5\/#primaryimage\"},\"image\":{\"@id\":\"https:\/\/rutana.lt\/produktas\/uzrasu-knyga-20-5x30-cm-bijou-paperblanks-9372-5\/#primaryimage\"},\"thumbnailUrl\":\"https:\/\/rutana.lt\/wp-content\/uploads\/2025\/09\/A032-015-2.jpg?v=1763563890\",\"datePublished\":\"2025-09-03T08:01:57+00:00\",\"dateModified\":\"2025-10-13T13:57:38+00:00\",\"breadcrumb\":{\"@id\":\"https:\/\/rutana.lt\/produktas\/uzrasu-knyga-20-5x30-cm-bijou-paperblanks-9372-5\/#breadcrumb\"},\"inLanguage\":\"en-US\",\"potentialAction\":[{\"@type\":\"ReadAction\",\"target\":[\"https:\/\/rutana.lt\/produktas\/uzrasu-knyga-20-5x30-cm-bijou-paperblanks-9372-5\/\"]}]},{\"@type\":\"ImageObject\",\"inLanguage\":\"en-US\",\"@id\":\"https:\/\/rutana.lt\/produktas\/uzrasu-knyga-20-5x30-cm-bijou-paperblanks-9372-5\/#primaryimage\",\"url\":\"https:\/\/rutana.lt\/wp-content\/uploads\/2025\/09\/A032-015-2.jpg?v=1763563890\",\"contentUrl\":\"https:\/\/rutana.lt\/wp-content\/uploads\/2025\/09\/A032-015-2.jpg?v=1763563890\",\"width\":1000,\"height\":1000},{\"@type\":\"BreadcrumbList\",\"@id\":\"https:\/\/rutana.lt\/produktas\/uzrasu-knyga-20-5x30-cm-bijou-paperblanks-9372-5\/#breadcrumb\",\"itemListElement\":[{\"@type\":\"ListItem\",\"position\":1,\"name\":\"Home\",\"item\":\"https:\/\/rutana.lt\/\"},{\"@type\":\"ListItem\",\"position\":2,\"name\":\"Parduotuv\u0117\",\"item\":\"https:\/\/rutana.lt\/parduotuve\/\"},{\"@type\":\"ListItem\",\"position\":3,\"name\":\"U\u017era\u0161\u0173 knyga 20.5&#215;30 cm Bijou Paperblanks 9372-5\"}]},{\"@type\":\"WebSite\",\"@id\":\"https:\/\/rutana.lt\/#website\",\"url\":\"https:\/\/rutana.lt\/\",\"name\":\"Rutana - Ra\u0161tin\u0117s reikmenys\",\"description\":\"Prekiaujame pasaulin\u0117je rinkoje pripa\u017eintomis, kokybi\u0161komis biuro prek\u0117mis toki\u0173  gamintoj\u0173 kaip: Schneider, Esselte, Novus, 3M, Faber-Castell, Citizen, Milan, Leitz, Colop, Zebra, Staedtler, Durable, Tork, Parker, Waterman ir kt.\",\"publisher\":{\"@id\":\"https:\/\/rutana.lt\/#organization\"},\"potentialAction\":[{\"@type\":\"SearchAction\",\"target\":{\"@type\":\"EntryPoint\",\"urlTemplate\":\"https:\/\/rutana.lt\/?s={search_term_string}\"},\"query-input\":{\"@type\":\"PropertyValueSpecification\",\"valueRequired\":true,\"valueName\":\"search_term_string\"}}],\"inLanguage\":\"en-US\"},{\"@type\":\"Organization\",\"@id\":\"https:\/\/rutana.lt\/#organization\",\"name\":\"Rutana - Ra\u0161tin\u0117s reikmenys\",\"url\":\"https:\/\/rutana.lt\/\",\"logo\":{\"@type\":\"ImageObject\",\"inLanguage\":\"en-US\",\"@id\":\"https:\/\/rutana.lt\/#\/schema\/logo\/image\/\",\"url\":\"https:\/\/rutana.lt\/wp-content\/uploads\/2025\/10\/Asset-32.png\",\"contentUrl\":\"https:\/\/rutana.lt\/wp-content\/uploads\/2025\/10\/Asset-32.png\",\"width\":433,\"height\":119,\"caption\":\"Rutana - Ra\u0161tin\u0117s reikmenys\"},\"image\":{\"@id\":\"https:\/\/rutana.lt\/#\/schema\/logo\/image\/\"},\"sameAs\":[\"https:\/\/www.facebook.com\/RutanaKanceliarinesPrekes\/\"]}]}<\/script>\n<!-- \/ Yoast SEO plugin. -->","yoast_head_json":{"title":"U\u017era\u0161\u0173 knyga 20.5x30 cm Bijou Paperblanks 9372-5 - Rutana - Ra\u0161tin\u0117s reikmenys","robots":{"index":"index","follow":"follow","max-snippet":"max-snippet:-1","max-image-preview":"max-image-preview:large","max-video-preview":"max-video-preview:-1"},"canonical":"https:\/\/rutana.lt\/en\/product\/uzrasu-knyga-20-5x30-cm-bijou-paperblanks-9372-5\/","og_locale":"en_US","og_type":"article","og_title":"U\u017era\u0161\u0173 knyga 20.5x30 cm Bijou Paperblanks 9372-5 - Rutana - Ra\u0161tin\u0117s reikmenys","og_description":"Prabangi, rank\u0173 darbo u\u017era\u0161\u0173 knyga kietu vir\u0161eliu ir unikaliu atvaizdu. Vidiniai lapai pagaminti i\u0161 120 g \/ m2 storio popieriaus. Viduje turi popierin\u0119 ki\u0161en\u0119. Ypa\u010d tinkama dovanai. Matmenys: 20.5 x 30 cm Vidiniai lapai: be linij\u0173 Puslapi\u0173 skai\u010dius: 128 \u012eri\u0161imas: si\u016btas U\u017esegimas: su gumele Knygut\u0117s pavadinimas: Bijou Kolekcija: Solstice Star","og_url":"https:\/\/rutana.lt\/en\/product\/uzrasu-knyga-20-5x30-cm-bijou-paperblanks-9372-5\/","og_site_name":"Rutana - Ra\u0161tin\u0117s reikmenys","article_publisher":"https:\/\/www.facebook.com\/RutanaKanceliarinesPrekes\/","article_modified_time":"2025-10-13T13:57:38+00:00","og_image":[{"width":1000,"height":1000,"url":"https:\/\/rutana.lt\/wp-content\/uploads\/2025\/09\/A032-015.jpg","type":"image\/jpeg"}],"twitter_card":"summary_large_image","schema":{"@context":"https:\/\/schema.org","@graph":[{"@type":"WebPage","@id":"https:\/\/rutana.lt\/produktas\/uzrasu-knyga-20-5x30-cm-bijou-paperblanks-9372-5\/","url":"https:\/\/rutana.lt\/produktas\/uzrasu-knyga-20-5x30-cm-bijou-paperblanks-9372-5\/","name":"U\u017era\u0161\u0173 knyga 20.5x30 cm Bijou Paperblanks 9372-5 - Rutana - Ra\u0161tin\u0117s reikmenys","isPartOf":{"@id":"https:\/\/rutana.lt\/#website"},"primaryImageOfPage":{"@id":"https:\/\/rutana.lt\/produktas\/uzrasu-knyga-20-5x30-cm-bijou-paperblanks-9372-5\/#primaryimage"},"image":{"@id":"https:\/\/rutana.lt\/produktas\/uzrasu-knyga-20-5x30-cm-bijou-paperblanks-9372-5\/#primaryimage"},"thumbnailUrl":"https:\/\/rutana.lt\/wp-content\/uploads\/2025\/09\/A032-015-2.jpg?v=1763563890","datePublished":"2025-09-03T08:01:57+00:00","dateModified":"2025-10-13T13:57:38+00:00","breadcrumb":{"@id":"https:\/\/rutana.lt\/produktas\/uzrasu-knyga-20-5x30-cm-bijou-paperblanks-9372-5\/#breadcrumb"},"inLanguage":"en-US","potentialAction":[{"@type":"ReadAction","target":["https:\/\/rutana.lt\/produktas\/uzrasu-knyga-20-5x30-cm-bijou-paperblanks-9372-5\/"]}]},{"@type":"ImageObject","inLanguage":"en-US","@id":"https:\/\/rutana.lt\/produktas\/uzrasu-knyga-20-5x30-cm-bijou-paperblanks-9372-5\/#primaryimage","url":"https:\/\/rutana.lt\/wp-content\/uploads\/2025\/09\/A032-015-2.jpg?v=1763563890","contentUrl":"https:\/\/rutana.lt\/wp-content\/uploads\/2025\/09\/A032-015-2.jpg?v=1763563890","width":1000,"height":1000},{"@type":"BreadcrumbList","@id":"https:\/\/rutana.lt\/produktas\/uzrasu-knyga-20-5x30-cm-bijou-paperblanks-9372-5\/#breadcrumb","itemListElement":[{"@type":"ListItem","position":1,"name":"Home","item":"https:\/\/rutana.lt\/"},{"@type":"ListItem","position":2,"name":"Parduotuv\u0117","item":"https:\/\/rutana.lt\/parduotuve\/"},{"@type":"ListItem","position":3,"name":"U\u017era\u0161\u0173 knyga 20.5&#215;30 cm Bijou Paperblanks 9372-5"}]},{"@type":"WebSite","@id":"https:\/\/rutana.lt\/#website","url":"https:\/\/rutana.lt\/","name":"Rutana - Ra\u0161tin\u0117s reikmenys","description":"Prekiaujame pasaulin\u0117je rinkoje pripa\u017eintomis, kokybi\u0161komis biuro prek\u0117mis toki\u0173  gamintoj\u0173 kaip: Schneider, Esselte, Novus, 3M, Faber-Castell, Citizen, Milan, Leitz, Colop, Zebra, Staedtler, Durable, Tork, Parker, Waterman ir kt.","publisher":{"@id":"https:\/\/rutana.lt\/#organization"},"potentialAction":[{"@type":"SearchAction","target":{"@type":"EntryPoint","urlTemplate":"https:\/\/rutana.lt\/?s={search_term_string}"},"query-input":{"@type":"PropertyValueSpecification","valueRequired":true,"valueName":"search_term_string"}}],"inLanguage":"en-US"},{"@type":"Organization","@id":"https:\/\/rutana.lt\/#organization","name":"Rutana - Ra\u0161tin\u0117s reikmenys","url":"https:\/\/rutana.lt\/","logo":{"@type":"ImageObject","inLanguage":"en-US","@id":"https:\/\/rutana.lt\/#\/schema\/logo\/image\/","url":"https:\/\/rutana.lt\/wp-content\/uploads\/2025\/10\/Asset-32.png","contentUrl":"https:\/\/rutana.lt\/wp-content\/uploads\/2025\/10\/Asset-32.png","width":433,"height":119,"caption":"Rutana - Ra\u0161tin\u0117s reikmenys"},"image":{"@id":"https:\/\/rutana.lt\/#\/schema\/logo\/image\/"},"sameAs":["https:\/\/www.facebook.com\/RutanaKanceliarinesPrekes\/"]}]}},"_links":{"self":[{"href":"https:\/\/rutana.lt\/en\/wp-json\/wp\/v2\/product\/18804","targetHints":{"allow":["GET"]}}],"collection":[{"href":"https:\/\/rutana.lt\/en\/wp-json\/wp\/v2\/product"}],"about":[{"href":"https:\/\/rutana.lt\/en\/wp-json\/wp\/v2\/types\/product"}],"replies":[{"embeddable":true,"href":"https:\/\/rutana.lt\/en\/wp-json\/wp\/v2\/comments?post=18804"}],"version-history":[{"count":1,"href":"https:\/\/rutana.lt\/en\/wp-json\/wp\/v2\/product\/18804\/revisions"}],"predecessor-version":[{"id":18868,"href":"https:\/\/rutana.lt\/en\/wp-json\/wp\/v2\/product\/18804\/revisions\/18868"}],"wp:featuredmedia":[{"embeddable":true,"href":"https:\/\/rutana.lt\/en\/wp-json\/wp\/v2\/media\/29860"}],"wp:attachment":[{"href":"https:\/\/rutana.lt\/en\/wp-json\/wp\/v2\/media?parent=18804"}],"wp:term":[{"taxonomy":"product_brand","embeddable":true,"href":"https:\/\/rutana.lt\/en\/wp-json\/wp\/v2\/product_brand?post=18804"},{"taxonomy":"product_cat","embeddable":true,"href":"https:\/\/rutana.lt\/en\/wp-json\/wp\/v2\/product_cat?post=18804"},{"taxonomy":"product_tag","embeddable":true,"href":"https:\/\/rutana.lt\/en\/wp-json\/wp\/v2\/product_tag?post=18804"}],"curies":[{"name":"wp","href":"https:\/\/api.w.org\/{rel}","templated":true}]}}