{"id":18797,"date":"2025-09-03T10:01:57","date_gmt":"2025-09-03T08:01:57","guid":{"rendered":"https:\/\/rutana.webdemo.lt\/?post_type=product&#038;p=18797"},"modified":"2025-10-13T15:57:34","modified_gmt":"2025-10-13T13:57:34","slug":"lipnus-laikikliai-remeliu-tvirtinimui-l-dydzio-4vnt-3m-command-17206-cee","status":"publish","type":"product","link":"https:\/\/rutana.lt\/en\/product\/lipnus-laikikliai-remeliu-tvirtinimui-l-dydzio-4vnt-3m-command-17206-cee\/","title":{"rendered":"Lipn\u016bs laikikliai r\u0117meli\u0173 tvirtinimui L dyd\u017eio 4vnt. 3M Command 17206-CEE"},"content":{"rendered":"<p>Idealus pasirinkimas norint lengvai ir greitai pritvirtinti r\u0117melius ar kitus daiktus prie pavir\u0161i\u0173 j\u0173 nepa\u017eeid\u017eiant. Viena dalis priklijuojama prie daikto, kita &#8211; ant norimo pavir\u0161iaus. Ypatingi &#8222;dantukai&#8221; sukimba ir u\u017etikrina tvirt\u0105 daikto pritvirtinim\u0105. Norint pataisyti daikto pad\u0117t\u012f, paprasta j\u012f atskirti nuo pavir\u0161iaus ir pakartotinai prilipdyti. Patikimas tvirtinimas nepa\u017eeid\u017eiant pavir\u0161iaus, joki\u0173 vini\u0173 ir \u012franki\u0173, tvirtai laikosi ir \u0161variai nusiima. Tinka \u012fvairiems pavir\u0161iams.<\/p>\n<p>Tvirtumas: iki 7.2 kg<\/p>\n<p>Maksimalus r\u0117melio dydis: 60 x 90 cm<\/p>\n<p>Pakuot\u0117je: 4 poros laikikli\u0173<\/p>\n<p>Kilm\u0117s \u0161alis: JAV<\/p>\n<p><\/p><\/p>","protected":false},"excerpt":{"rendered":"<p>Idealus pasirinkimas norint lengvai ir greitai pritvirtinti r\u0117melius ar kitus daiktus prie pavir\u0161i\u0173 j\u0173 nepa\u017eeid\u017eiant. Viena dalis priklijuojama prie daikto, kita &#8211; ant norimo pavir\u0161iaus. Ypatingi &#8222;dantukai&#8221; sukimba ir u\u017etikrina tvirt\u0105 daikto pritvirtinim\u0105. Norint pataisyti daikto pad\u0117t\u012f, paprasta j\u012f atskirti nuo pavir\u0161iaus ir pakartotinai prilipdyti. Patikimas tvirtinimas nepa\u017eeid\u017eiant pavir\u0161iaus, joki\u0173 vini\u0173 ir \u012franki\u0173, tvirtai laikosi [&hellip;]<\/p>","protected":false},"featured_media":29853,"comment_status":"open","ping_status":"closed","template":"","meta":{"_season_start":"","_season_end":"","_season_days":"","_season_months":"","_season_auto_visibility":""},"product_brand":[242],"product_cat":[1602,1601],"product_tag":[],"class_list":{"0":"post-18797","1":"product","2":"type-product","3":"status-publish","4":"has-post-thumbnail","6":"product_brand-3m","7":"product_cat-juostos-pakavimui","8":"product_cat-lipnios-juosteles-ir-laikikliai","10":"first","11":"instock","12":"taxable","13":"shipping-taxable","14":"purchasable","15":"product-type-simple"},"yoast_head":"<!-- This site is optimized with the Yoast SEO plugin v26.1.1 - https:\/\/yoast.com\/wordpress\/plugins\/seo\/ -->\n<title>Lipn\u016bs laikikliai r\u0117meli\u0173 tvirtinimui L dyd\u017eio 4vnt. 3M Command 17206-CEE - Rutana - Ra\u0161tin\u0117s reikmenys<\/title>\n<meta name=\"robots\" content=\"index, follow, max-snippet:-1, max-image-preview:large, max-video-preview:-1\" \/>\n<link rel=\"canonical\" href=\"https:\/\/rutana.lt\/en\/product\/lipnus-laikikliai-remeliu-tvirtinimui-l-dydzio-4vnt-3m-command-17206-cee\/\" \/>\n<meta property=\"og:locale\" content=\"en_US\" \/>\n<meta property=\"og:type\" content=\"article\" \/>\n<meta property=\"og:title\" content=\"Lipn\u016bs laikikliai r\u0117meli\u0173 tvirtinimui L dyd\u017eio 4vnt. 3M Command 17206-CEE - Rutana - Ra\u0161tin\u0117s reikmenys\" \/>\n<meta property=\"og:description\" content=\"Idealus pasirinkimas norint lengvai ir greitai pritvirtinti r\u0117melius ar kitus daiktus prie pavir\u0161i\u0173 j\u0173 nepa\u017eeid\u017eiant. Viena dalis priklijuojama prie daikto, kita &#8211; ant norimo pavir\u0161iaus. Ypatingi &#8222;dantukai&#8221; sukimba ir u\u017etikrina tvirt\u0105 daikto pritvirtinim\u0105. Norint pataisyti daikto pad\u0117t\u012f, paprasta j\u012f atskirti nuo pavir\u0161iaus ir pakartotinai prilipdyti. Patikimas tvirtinimas nepa\u017eeid\u017eiant pavir\u0161iaus, joki\u0173 vini\u0173 ir \u012franki\u0173, tvirtai laikosi [&hellip;]\" \/>\n<meta property=\"og:url\" content=\"https:\/\/rutana.lt\/en\/product\/lipnus-laikikliai-remeliu-tvirtinimui-l-dydzio-4vnt-3m-command-17206-cee\/\" \/>\n<meta property=\"og:site_name\" content=\"Rutana - Ra\u0161tin\u0117s reikmenys\" \/>\n<meta property=\"article:publisher\" content=\"https:\/\/www.facebook.com\/RutanaKanceliarinesPrekes\/\" \/>\n<meta property=\"article:modified_time\" content=\"2025-10-13T13:57:34+00:00\" \/>\n<meta property=\"og:image\" content=\"https:\/\/rutana.lt\/wp-content\/uploads\/2025\/09\/B013-915.jpg\" \/>\n\t<meta property=\"og:image:width\" content=\"1000\" \/>\n\t<meta property=\"og:image:height\" content=\"1000\" \/>\n\t<meta property=\"og:image:type\" content=\"image\/jpeg\" \/>\n<meta name=\"twitter:card\" content=\"summary_large_image\" \/>\n<script type=\"application\/ld+json\" class=\"yoast-schema-graph\">{\"@context\":\"https:\/\/schema.org\",\"@graph\":[{\"@type\":\"WebPage\",\"@id\":\"https:\/\/rutana.lt\/produktas\/lipnus-laikikliai-remeliu-tvirtinimui-l-dydzio-4vnt-3m-command-17206-cee\/\",\"url\":\"https:\/\/rutana.lt\/produktas\/lipnus-laikikliai-remeliu-tvirtinimui-l-dydzio-4vnt-3m-command-17206-cee\/\",\"name\":\"Lipn\u016bs laikikliai r\u0117meli\u0173 tvirtinimui L dyd\u017eio 4vnt. 3M Command 17206-CEE - Rutana - Ra\u0161tin\u0117s reikmenys\",\"isPartOf\":{\"@id\":\"https:\/\/rutana.lt\/#website\"},\"primaryImageOfPage\":{\"@id\":\"https:\/\/rutana.lt\/produktas\/lipnus-laikikliai-remeliu-tvirtinimui-l-dydzio-4vnt-3m-command-17206-cee\/#primaryimage\"},\"image\":{\"@id\":\"https:\/\/rutana.lt\/produktas\/lipnus-laikikliai-remeliu-tvirtinimui-l-dydzio-4vnt-3m-command-17206-cee\/#primaryimage\"},\"thumbnailUrl\":\"https:\/\/rutana.lt\/wp-content\/uploads\/2025\/09\/B013-915-1.jpg?v=1763563899\",\"datePublished\":\"2025-09-03T08:01:57+00:00\",\"dateModified\":\"2025-10-13T13:57:34+00:00\",\"breadcrumb\":{\"@id\":\"https:\/\/rutana.lt\/produktas\/lipnus-laikikliai-remeliu-tvirtinimui-l-dydzio-4vnt-3m-command-17206-cee\/#breadcrumb\"},\"inLanguage\":\"en-US\",\"potentialAction\":[{\"@type\":\"ReadAction\",\"target\":[\"https:\/\/rutana.lt\/produktas\/lipnus-laikikliai-remeliu-tvirtinimui-l-dydzio-4vnt-3m-command-17206-cee\/\"]}]},{\"@type\":\"ImageObject\",\"inLanguage\":\"en-US\",\"@id\":\"https:\/\/rutana.lt\/produktas\/lipnus-laikikliai-remeliu-tvirtinimui-l-dydzio-4vnt-3m-command-17206-cee\/#primaryimage\",\"url\":\"https:\/\/rutana.lt\/wp-content\/uploads\/2025\/09\/B013-915-1.jpg?v=1763563899\",\"contentUrl\":\"https:\/\/rutana.lt\/wp-content\/uploads\/2025\/09\/B013-915-1.jpg?v=1763563899\",\"width\":1000,\"height\":1000},{\"@type\":\"BreadcrumbList\",\"@id\":\"https:\/\/rutana.lt\/produktas\/lipnus-laikikliai-remeliu-tvirtinimui-l-dydzio-4vnt-3m-command-17206-cee\/#breadcrumb\",\"itemListElement\":[{\"@type\":\"ListItem\",\"position\":1,\"name\":\"Home\",\"item\":\"https:\/\/rutana.lt\/\"},{\"@type\":\"ListItem\",\"position\":2,\"name\":\"Parduotuv\u0117\",\"item\":\"https:\/\/rutana.lt\/parduotuve\/\"},{\"@type\":\"ListItem\",\"position\":3,\"name\":\"Lipn\u016bs laikikliai r\u0117meli\u0173 tvirtinimui L dyd\u017eio 4vnt. 3M Command 17206-CEE\"}]},{\"@type\":\"WebSite\",\"@id\":\"https:\/\/rutana.lt\/#website\",\"url\":\"https:\/\/rutana.lt\/\",\"name\":\"Rutana - Ra\u0161tin\u0117s reikmenys\",\"description\":\"Prekiaujame pasaulin\u0117je rinkoje pripa\u017eintomis, kokybi\u0161komis biuro prek\u0117mis toki\u0173  gamintoj\u0173 kaip: Schneider, Esselte, Novus, 3M, Faber-Castell, Citizen, Milan, Leitz, Colop, Zebra, Staedtler, Durable, Tork, Parker, Waterman ir kt.\",\"publisher\":{\"@id\":\"https:\/\/rutana.lt\/#organization\"},\"potentialAction\":[{\"@type\":\"SearchAction\",\"target\":{\"@type\":\"EntryPoint\",\"urlTemplate\":\"https:\/\/rutana.lt\/?s={search_term_string}\"},\"query-input\":{\"@type\":\"PropertyValueSpecification\",\"valueRequired\":true,\"valueName\":\"search_term_string\"}}],\"inLanguage\":\"en-US\"},{\"@type\":\"Organization\",\"@id\":\"https:\/\/rutana.lt\/#organization\",\"name\":\"Rutana - Ra\u0161tin\u0117s reikmenys\",\"url\":\"https:\/\/rutana.lt\/\",\"logo\":{\"@type\":\"ImageObject\",\"inLanguage\":\"en-US\",\"@id\":\"https:\/\/rutana.lt\/#\/schema\/logo\/image\/\",\"url\":\"https:\/\/rutana.lt\/wp-content\/uploads\/2025\/10\/Asset-32.png\",\"contentUrl\":\"https:\/\/rutana.lt\/wp-content\/uploads\/2025\/10\/Asset-32.png\",\"width\":433,\"height\":119,\"caption\":\"Rutana - Ra\u0161tin\u0117s reikmenys\"},\"image\":{\"@id\":\"https:\/\/rutana.lt\/#\/schema\/logo\/image\/\"},\"sameAs\":[\"https:\/\/www.facebook.com\/RutanaKanceliarinesPrekes\/\"]}]}<\/script>\n<!-- \/ Yoast SEO plugin. -->","yoast_head_json":{"title":"Lipn\u016bs laikikliai r\u0117meli\u0173 tvirtinimui L dyd\u017eio 4vnt. 3M Command 17206-CEE - Rutana - Ra\u0161tin\u0117s reikmenys","robots":{"index":"index","follow":"follow","max-snippet":"max-snippet:-1","max-image-preview":"max-image-preview:large","max-video-preview":"max-video-preview:-1"},"canonical":"https:\/\/rutana.lt\/en\/product\/lipnus-laikikliai-remeliu-tvirtinimui-l-dydzio-4vnt-3m-command-17206-cee\/","og_locale":"en_US","og_type":"article","og_title":"Lipn\u016bs laikikliai r\u0117meli\u0173 tvirtinimui L dyd\u017eio 4vnt. 3M Command 17206-CEE - Rutana - Ra\u0161tin\u0117s reikmenys","og_description":"Idealus pasirinkimas norint lengvai ir greitai pritvirtinti r\u0117melius ar kitus daiktus prie pavir\u0161i\u0173 j\u0173 nepa\u017eeid\u017eiant. Viena dalis priklijuojama prie daikto, kita &#8211; ant norimo pavir\u0161iaus. Ypatingi &#8222;dantukai&#8221; sukimba ir u\u017etikrina tvirt\u0105 daikto pritvirtinim\u0105. Norint pataisyti daikto pad\u0117t\u012f, paprasta j\u012f atskirti nuo pavir\u0161iaus ir pakartotinai prilipdyti. Patikimas tvirtinimas nepa\u017eeid\u017eiant pavir\u0161iaus, joki\u0173 vini\u0173 ir \u012franki\u0173, tvirtai laikosi [&hellip;]","og_url":"https:\/\/rutana.lt\/en\/product\/lipnus-laikikliai-remeliu-tvirtinimui-l-dydzio-4vnt-3m-command-17206-cee\/","og_site_name":"Rutana - Ra\u0161tin\u0117s reikmenys","article_publisher":"https:\/\/www.facebook.com\/RutanaKanceliarinesPrekes\/","article_modified_time":"2025-10-13T13:57:34+00:00","og_image":[{"width":1000,"height":1000,"url":"https:\/\/rutana.lt\/wp-content\/uploads\/2025\/09\/B013-915.jpg","type":"image\/jpeg"}],"twitter_card":"summary_large_image","schema":{"@context":"https:\/\/schema.org","@graph":[{"@type":"WebPage","@id":"https:\/\/rutana.lt\/produktas\/lipnus-laikikliai-remeliu-tvirtinimui-l-dydzio-4vnt-3m-command-17206-cee\/","url":"https:\/\/rutana.lt\/produktas\/lipnus-laikikliai-remeliu-tvirtinimui-l-dydzio-4vnt-3m-command-17206-cee\/","name":"Lipn\u016bs laikikliai r\u0117meli\u0173 tvirtinimui L dyd\u017eio 4vnt. 3M Command 17206-CEE - Rutana - Ra\u0161tin\u0117s reikmenys","isPartOf":{"@id":"https:\/\/rutana.lt\/#website"},"primaryImageOfPage":{"@id":"https:\/\/rutana.lt\/produktas\/lipnus-laikikliai-remeliu-tvirtinimui-l-dydzio-4vnt-3m-command-17206-cee\/#primaryimage"},"image":{"@id":"https:\/\/rutana.lt\/produktas\/lipnus-laikikliai-remeliu-tvirtinimui-l-dydzio-4vnt-3m-command-17206-cee\/#primaryimage"},"thumbnailUrl":"https:\/\/rutana.lt\/wp-content\/uploads\/2025\/09\/B013-915-1.jpg?v=1763563899","datePublished":"2025-09-03T08:01:57+00:00","dateModified":"2025-10-13T13:57:34+00:00","breadcrumb":{"@id":"https:\/\/rutana.lt\/produktas\/lipnus-laikikliai-remeliu-tvirtinimui-l-dydzio-4vnt-3m-command-17206-cee\/#breadcrumb"},"inLanguage":"en-US","potentialAction":[{"@type":"ReadAction","target":["https:\/\/rutana.lt\/produktas\/lipnus-laikikliai-remeliu-tvirtinimui-l-dydzio-4vnt-3m-command-17206-cee\/"]}]},{"@type":"ImageObject","inLanguage":"en-US","@id":"https:\/\/rutana.lt\/produktas\/lipnus-laikikliai-remeliu-tvirtinimui-l-dydzio-4vnt-3m-command-17206-cee\/#primaryimage","url":"https:\/\/rutana.lt\/wp-content\/uploads\/2025\/09\/B013-915-1.jpg?v=1763563899","contentUrl":"https:\/\/rutana.lt\/wp-content\/uploads\/2025\/09\/B013-915-1.jpg?v=1763563899","width":1000,"height":1000},{"@type":"BreadcrumbList","@id":"https:\/\/rutana.lt\/produktas\/lipnus-laikikliai-remeliu-tvirtinimui-l-dydzio-4vnt-3m-command-17206-cee\/#breadcrumb","itemListElement":[{"@type":"ListItem","position":1,"name":"Home","item":"https:\/\/rutana.lt\/"},{"@type":"ListItem","position":2,"name":"Parduotuv\u0117","item":"https:\/\/rutana.lt\/parduotuve\/"},{"@type":"ListItem","position":3,"name":"Lipn\u016bs laikikliai r\u0117meli\u0173 tvirtinimui L dyd\u017eio 4vnt. 3M Command 17206-CEE"}]},{"@type":"WebSite","@id":"https:\/\/rutana.lt\/#website","url":"https:\/\/rutana.lt\/","name":"Rutana - Ra\u0161tin\u0117s reikmenys","description":"Prekiaujame pasaulin\u0117je rinkoje pripa\u017eintomis, kokybi\u0161komis biuro prek\u0117mis toki\u0173  gamintoj\u0173 kaip: Schneider, Esselte, Novus, 3M, Faber-Castell, Citizen, Milan, Leitz, Colop, Zebra, Staedtler, Durable, Tork, Parker, Waterman ir kt.","publisher":{"@id":"https:\/\/rutana.lt\/#organization"},"potentialAction":[{"@type":"SearchAction","target":{"@type":"EntryPoint","urlTemplate":"https:\/\/rutana.lt\/?s={search_term_string}"},"query-input":{"@type":"PropertyValueSpecification","valueRequired":true,"valueName":"search_term_string"}}],"inLanguage":"en-US"},{"@type":"Organization","@id":"https:\/\/rutana.lt\/#organization","name":"Rutana - Ra\u0161tin\u0117s reikmenys","url":"https:\/\/rutana.lt\/","logo":{"@type":"ImageObject","inLanguage":"en-US","@id":"https:\/\/rutana.lt\/#\/schema\/logo\/image\/","url":"https:\/\/rutana.lt\/wp-content\/uploads\/2025\/10\/Asset-32.png","contentUrl":"https:\/\/rutana.lt\/wp-content\/uploads\/2025\/10\/Asset-32.png","width":433,"height":119,"caption":"Rutana - Ra\u0161tin\u0117s reikmenys"},"image":{"@id":"https:\/\/rutana.lt\/#\/schema\/logo\/image\/"},"sameAs":["https:\/\/www.facebook.com\/RutanaKanceliarinesPrekes\/"]}]}},"_links":{"self":[{"href":"https:\/\/rutana.lt\/en\/wp-json\/wp\/v2\/product\/18797","targetHints":{"allow":["GET"]}}],"collection":[{"href":"https:\/\/rutana.lt\/en\/wp-json\/wp\/v2\/product"}],"about":[{"href":"https:\/\/rutana.lt\/en\/wp-json\/wp\/v2\/types\/product"}],"replies":[{"embeddable":true,"href":"https:\/\/rutana.lt\/en\/wp-json\/wp\/v2\/comments?post=18797"}],"version-history":[{"count":1,"href":"https:\/\/rutana.lt\/en\/wp-json\/wp\/v2\/product\/18797\/revisions"}],"predecessor-version":[{"id":18835,"href":"https:\/\/rutana.lt\/en\/wp-json\/wp\/v2\/product\/18797\/revisions\/18835"}],"wp:featuredmedia":[{"embeddable":true,"href":"https:\/\/rutana.lt\/en\/wp-json\/wp\/v2\/media\/29853"}],"wp:attachment":[{"href":"https:\/\/rutana.lt\/en\/wp-json\/wp\/v2\/media?parent=18797"}],"wp:term":[{"taxonomy":"product_brand","embeddable":true,"href":"https:\/\/rutana.lt\/en\/wp-json\/wp\/v2\/product_brand?post=18797"},{"taxonomy":"product_cat","embeddable":true,"href":"https:\/\/rutana.lt\/en\/wp-json\/wp\/v2\/product_cat?post=18797"},{"taxonomy":"product_tag","embeddable":true,"href":"https:\/\/rutana.lt\/en\/wp-json\/wp\/v2\/product_tag?post=18797"}],"curies":[{"name":"wp","href":"https:\/\/api.w.org\/{rel}","templated":true}]}}