{"id":18753,"date":"2025-09-03T10:01:35","date_gmt":"2025-09-03T08:01:35","guid":{"rendered":"https:\/\/rutana.webdemo.lt\/?post_type=product&#038;p=18753"},"modified":"2025-10-13T15:57:31","modified_gmt":"2025-10-13T13:57:31","slug":"plunksnakotis-im-white-ct-parker-1931672","status":"publish","type":"product","link":"https:\/\/rutana.lt\/en\/product\/plunksnakotis-im-white-ct-parker-1931672\/","title":{"rendered":"Plunksnakotis IM White CT Parker 1931672"},"content":{"rendered":"<p style=\"margin-bottom: 10px;\">Naujoje \u201eParker IM\u201c kolekcijoje i\u0161skiriama visa \u201eParker\u201c patirtis sukuriant subalansuotos formos ir funkcionalumo parker\u012f. Kiekviena detal\u0117, pradedant stilizuota rodykle ir baigiant plienine griebtuvo dalimi, yra kruop\u0161\u010diai i\u0161nagrin\u0117ta, atsisakant nereikaling\u0173 detali\u0173, kad b\u016bt\u0173 padidintas patogumas, prakti\u0161kumas ir glaustas stilius. Plunksnako\u010dio korpusas pagamintas i\u0161 aliuminio ir padengtas auk\u0161tos kokyb\u0117s laku, kai kurios parkerio detal\u0117s yra sidabro spalvos. Plunksnako\u010diui naudojamos Parker ra\u0161alo kapsul\u0117s arba pritraukimo mechanizmas. Parduodamas prabangioje Parker dovan\u0173 d\u0117\u017eut\u0117je.<\/p>\n<p style=\"margin-bottom: 10px;\">Plunksna: ner\u016bdijantis plienas<\/p>\n<p style=\"margin-bottom: 10px;\">Plunksnos br\u0117\u017eio storis: F ( 0.8 mm )<\/p>\n<p style=\"margin-bottom: 10px;\">Korpusas: baltos spalvos, aliuminis<\/p>\n<p style=\"margin-bottom: 10px;\">Kilm\u0117s \u0161alis: Pranc\u016bzija<\/p>\n<p style=\"margin-bottom: 10px;\"><\/p>\n<p style=\"margin-bottom: 10px;\"><\/p>","protected":false},"excerpt":{"rendered":"<p>Naujoje \u201eParker IM\u201c kolekcijoje i\u0161skiriama visa \u201eParker\u201c patirtis sukuriant subalansuotos formos ir funkcionalumo parker\u012f. Kiekviena detal\u0117, pradedant stilizuota rodykle ir baigiant plienine griebtuvo dalimi, yra kruop\u0161\u010diai i\u0161nagrin\u0117ta, atsisakant nereikaling\u0173 detali\u0173, kad b\u016bt\u0173 padidintas patogumas, prakti\u0161kumas ir glaustas stilius. Plunksnako\u010dio korpusas pagamintas i\u0161 aliuminio ir padengtas auk\u0161tos kokyb\u0117s laku, kai kurios parkerio detal\u0117s yra sidabro spalvos. [&hellip;]<\/p>","protected":false},"featured_media":29845,"comment_status":"open","ping_status":"closed","template":"","meta":{"_season_start":"","_season_end":"","_season_days":"","_season_months":"","_season_auto_visibility":""},"product_brand":[559],"product_cat":[1689],"product_tag":[],"class_list":{"0":"post-18753","1":"product","2":"type-product","3":"status-publish","4":"has-post-thumbnail","6":"product_brand-parker","7":"product_cat-prabangus-parkeriai","9":"first","10":"instock","11":"taxable","12":"shipping-taxable","13":"purchasable","14":"product-type-simple"},"yoast_head":"<!-- This site is optimized with the Yoast SEO plugin v27.4 - https:\/\/yoast.com\/product\/yoast-seo-wordpress\/ -->\n<title>Plunksnakotis IM White CT Parker 1931672 - Rutana - Ra\u0161tin\u0117s reikmenys<\/title>\n<meta name=\"robots\" content=\"index, follow, max-snippet:-1, max-image-preview:large, max-video-preview:-1\" \/>\n<link rel=\"canonical\" href=\"https:\/\/rutana.lt\/en\/product\/plunksnakotis-im-white-ct-parker-1931672\/\" \/>\n<meta property=\"og:locale\" content=\"en_US\" \/>\n<meta property=\"og:type\" content=\"article\" \/>\n<meta property=\"og:title\" content=\"Plunksnakotis IM White CT Parker 1931672 - Rutana - Ra\u0161tin\u0117s reikmenys\" \/>\n<meta property=\"og:description\" content=\"Naujoje \u201eParker IM\u201c kolekcijoje i\u0161skiriama visa \u201eParker\u201c patirtis sukuriant subalansuotos formos ir funkcionalumo parker\u012f. Kiekviena detal\u0117, pradedant stilizuota rodykle ir baigiant plienine griebtuvo dalimi, yra kruop\u0161\u010diai i\u0161nagrin\u0117ta, atsisakant nereikaling\u0173 detali\u0173, kad b\u016bt\u0173 padidintas patogumas, prakti\u0161kumas ir glaustas stilius. Plunksnako\u010dio korpusas pagamintas i\u0161 aliuminio ir padengtas auk\u0161tos kokyb\u0117s laku, kai kurios parkerio detal\u0117s yra sidabro spalvos. [&hellip;]\" \/>\n<meta property=\"og:url\" content=\"https:\/\/rutana.lt\/en\/product\/plunksnakotis-im-white-ct-parker-1931672\/\" \/>\n<meta property=\"og:site_name\" content=\"Rutana - Ra\u0161tin\u0117s reikmenys\" \/>\n<meta property=\"article:publisher\" content=\"https:\/\/www.facebook.com\/RutanaKanceliarinesPrekes\/\" \/>\n<meta property=\"article:modified_time\" content=\"2025-10-13T13:57:31+00:00\" \/>\n<meta property=\"og:image\" content=\"https:\/\/rutana.lt\/wp-content\/uploads\/2025\/09\/C051-348.jpg\" \/>\n\t<meta property=\"og:image:width\" content=\"640\" \/>\n\t<meta property=\"og:image:height\" content=\"530\" \/>\n\t<meta property=\"og:image:type\" content=\"image\/jpeg\" \/>\n<meta name=\"twitter:card\" content=\"summary_large_image\" \/>\n<meta name=\"twitter:label1\" content=\"Est. reading time\" \/>\n\t<meta name=\"twitter:data1\" content=\"1 minute\" \/>\n<script type=\"application\/ld+json\" class=\"yoast-schema-graph\">{\"@context\":\"https:\\\/\\\/schema.org\",\"@graph\":[{\"@type\":\"WebPage\",\"@id\":\"https:\\\/\\\/rutana.lt\\\/produktas\\\/plunksnakotis-im-white-ct-parker-1931672\\\/\",\"url\":\"https:\\\/\\\/rutana.lt\\\/produktas\\\/plunksnakotis-im-white-ct-parker-1931672\\\/\",\"name\":\"Plunksnakotis IM White CT Parker 1931672 - Rutana - Ra\u0161tin\u0117s reikmenys\",\"isPartOf\":{\"@id\":\"https:\\\/\\\/rutana.lt\\\/#website\"},\"primaryImageOfPage\":{\"@id\":\"https:\\\/\\\/rutana.lt\\\/produktas\\\/plunksnakotis-im-white-ct-parker-1931672\\\/#primaryimage\"},\"image\":{\"@id\":\"https:\\\/\\\/rutana.lt\\\/produktas\\\/plunksnakotis-im-white-ct-parker-1931672\\\/#primaryimage\"},\"thumbnailUrl\":\"https:\\\/\\\/rutana.lt\\\/wp-content\\\/uploads\\\/2025\\\/09\\\/C051-348-2.jpg?v=1763563911\",\"datePublished\":\"2025-09-03T08:01:35+00:00\",\"dateModified\":\"2025-10-13T13:57:31+00:00\",\"breadcrumb\":{\"@id\":\"https:\\\/\\\/rutana.lt\\\/produktas\\\/plunksnakotis-im-white-ct-parker-1931672\\\/#breadcrumb\"},\"inLanguage\":\"en-US\",\"potentialAction\":[{\"@type\":\"ReadAction\",\"target\":[\"https:\\\/\\\/rutana.lt\\\/produktas\\\/plunksnakotis-im-white-ct-parker-1931672\\\/\"]}]},{\"@type\":\"ImageObject\",\"inLanguage\":\"en-US\",\"@id\":\"https:\\\/\\\/rutana.lt\\\/produktas\\\/plunksnakotis-im-white-ct-parker-1931672\\\/#primaryimage\",\"url\":\"https:\\\/\\\/rutana.lt\\\/wp-content\\\/uploads\\\/2025\\\/09\\\/C051-348-2.jpg?v=1763563911\",\"contentUrl\":\"https:\\\/\\\/rutana.lt\\\/wp-content\\\/uploads\\\/2025\\\/09\\\/C051-348-2.jpg?v=1763563911\",\"width\":640,\"height\":530},{\"@type\":\"BreadcrumbList\",\"@id\":\"https:\\\/\\\/rutana.lt\\\/produktas\\\/plunksnakotis-im-white-ct-parker-1931672\\\/#breadcrumb\",\"itemListElement\":[{\"@type\":\"ListItem\",\"position\":1,\"name\":\"Home\",\"item\":\"https:\\\/\\\/rutana.lt\\\/\"},{\"@type\":\"ListItem\",\"position\":2,\"name\":\"Parduotuv\u0117\",\"item\":\"https:\\\/\\\/rutana.lt\\\/parduotuve\\\/\"},{\"@type\":\"ListItem\",\"position\":3,\"name\":\"Plunksnakotis IM White CT Parker 1931672\"}]},{\"@type\":\"WebSite\",\"@id\":\"https:\\\/\\\/rutana.lt\\\/#website\",\"url\":\"https:\\\/\\\/rutana.lt\\\/\",\"name\":\"Rutana - Ra\u0161tin\u0117s reikmenys\",\"description\":\"Prekiaujame pasaulin\u0117je rinkoje pripa\u017eintomis, kokybi\u0161komis biuro prek\u0117mis toki\u0173  gamintoj\u0173 kaip: Schneider, Esselte, Novus, 3M, Faber-Castell, Citizen, Milan, Leitz, Colop, Zebra, Staedtler, Durable, Tork, Parker, Waterman ir kt.\",\"publisher\":{\"@id\":\"https:\\\/\\\/rutana.lt\\\/#organization\"},\"potentialAction\":[{\"@type\":\"SearchAction\",\"target\":{\"@type\":\"EntryPoint\",\"urlTemplate\":\"https:\\\/\\\/rutana.lt\\\/?s={search_term_string}\"},\"query-input\":{\"@type\":\"PropertyValueSpecification\",\"valueRequired\":true,\"valueName\":\"search_term_string\"}}],\"inLanguage\":\"en-US\"},{\"@type\":\"Organization\",\"@id\":\"https:\\\/\\\/rutana.lt\\\/#organization\",\"name\":\"Rutana - Ra\u0161tin\u0117s reikmenys\",\"url\":\"https:\\\/\\\/rutana.lt\\\/\",\"logo\":{\"@type\":\"ImageObject\",\"inLanguage\":\"en-US\",\"@id\":\"https:\\\/\\\/rutana.lt\\\/#\\\/schema\\\/logo\\\/image\\\/\",\"url\":\"https:\\\/\\\/rutana.lt\\\/wp-content\\\/uploads\\\/2025\\\/10\\\/Asset-32.png\",\"contentUrl\":\"https:\\\/\\\/rutana.lt\\\/wp-content\\\/uploads\\\/2025\\\/10\\\/Asset-32.png\",\"width\":433,\"height\":119,\"caption\":\"Rutana - Ra\u0161tin\u0117s reikmenys\"},\"image\":{\"@id\":\"https:\\\/\\\/rutana.lt\\\/#\\\/schema\\\/logo\\\/image\\\/\"},\"sameAs\":[\"https:\\\/\\\/www.facebook.com\\\/RutanaKanceliarinesPrekes\\\/\"]}]}<\/script>\n<!-- \/ Yoast SEO plugin. -->","yoast_head_json":{"title":"Plunksnakotis IM White CT Parker 1931672 - Rutana - Ra\u0161tin\u0117s reikmenys","robots":{"index":"index","follow":"follow","max-snippet":"max-snippet:-1","max-image-preview":"max-image-preview:large","max-video-preview":"max-video-preview:-1"},"canonical":"https:\/\/rutana.lt\/en\/product\/plunksnakotis-im-white-ct-parker-1931672\/","og_locale":"en_US","og_type":"article","og_title":"Plunksnakotis IM White CT Parker 1931672 - Rutana - Ra\u0161tin\u0117s reikmenys","og_description":"Naujoje \u201eParker IM\u201c kolekcijoje i\u0161skiriama visa \u201eParker\u201c patirtis sukuriant subalansuotos formos ir funkcionalumo parker\u012f. Kiekviena detal\u0117, pradedant stilizuota rodykle ir baigiant plienine griebtuvo dalimi, yra kruop\u0161\u010diai i\u0161nagrin\u0117ta, atsisakant nereikaling\u0173 detali\u0173, kad b\u016bt\u0173 padidintas patogumas, prakti\u0161kumas ir glaustas stilius. Plunksnako\u010dio korpusas pagamintas i\u0161 aliuminio ir padengtas auk\u0161tos kokyb\u0117s laku, kai kurios parkerio detal\u0117s yra sidabro spalvos. [&hellip;]","og_url":"https:\/\/rutana.lt\/en\/product\/plunksnakotis-im-white-ct-parker-1931672\/","og_site_name":"Rutana - Ra\u0161tin\u0117s reikmenys","article_publisher":"https:\/\/www.facebook.com\/RutanaKanceliarinesPrekes\/","article_modified_time":"2025-10-13T13:57:31+00:00","og_image":[{"width":640,"height":530,"url":"https:\/\/rutana.lt\/wp-content\/uploads\/2025\/09\/C051-348.jpg","type":"image\/jpeg"}],"twitter_card":"summary_large_image","twitter_misc":{"Est. reading time":"1 minute"},"schema":{"@context":"https:\/\/schema.org","@graph":[{"@type":"WebPage","@id":"https:\/\/rutana.lt\/produktas\/plunksnakotis-im-white-ct-parker-1931672\/","url":"https:\/\/rutana.lt\/produktas\/plunksnakotis-im-white-ct-parker-1931672\/","name":"Plunksnakotis IM White CT Parker 1931672 - Rutana - Ra\u0161tin\u0117s reikmenys","isPartOf":{"@id":"https:\/\/rutana.lt\/#website"},"primaryImageOfPage":{"@id":"https:\/\/rutana.lt\/produktas\/plunksnakotis-im-white-ct-parker-1931672\/#primaryimage"},"image":{"@id":"https:\/\/rutana.lt\/produktas\/plunksnakotis-im-white-ct-parker-1931672\/#primaryimage"},"thumbnailUrl":"https:\/\/rutana.lt\/wp-content\/uploads\/2025\/09\/C051-348-2.jpg?v=1763563911","datePublished":"2025-09-03T08:01:35+00:00","dateModified":"2025-10-13T13:57:31+00:00","breadcrumb":{"@id":"https:\/\/rutana.lt\/produktas\/plunksnakotis-im-white-ct-parker-1931672\/#breadcrumb"},"inLanguage":"en-US","potentialAction":[{"@type":"ReadAction","target":["https:\/\/rutana.lt\/produktas\/plunksnakotis-im-white-ct-parker-1931672\/"]}]},{"@type":"ImageObject","inLanguage":"en-US","@id":"https:\/\/rutana.lt\/produktas\/plunksnakotis-im-white-ct-parker-1931672\/#primaryimage","url":"https:\/\/rutana.lt\/wp-content\/uploads\/2025\/09\/C051-348-2.jpg?v=1763563911","contentUrl":"https:\/\/rutana.lt\/wp-content\/uploads\/2025\/09\/C051-348-2.jpg?v=1763563911","width":640,"height":530},{"@type":"BreadcrumbList","@id":"https:\/\/rutana.lt\/produktas\/plunksnakotis-im-white-ct-parker-1931672\/#breadcrumb","itemListElement":[{"@type":"ListItem","position":1,"name":"Home","item":"https:\/\/rutana.lt\/"},{"@type":"ListItem","position":2,"name":"Parduotuv\u0117","item":"https:\/\/rutana.lt\/parduotuve\/"},{"@type":"ListItem","position":3,"name":"Plunksnakotis IM White CT Parker 1931672"}]},{"@type":"WebSite","@id":"https:\/\/rutana.lt\/#website","url":"https:\/\/rutana.lt\/","name":"Rutana - Ra\u0161tin\u0117s reikmenys","description":"Prekiaujame pasaulin\u0117je rinkoje pripa\u017eintomis, kokybi\u0161komis biuro prek\u0117mis toki\u0173  gamintoj\u0173 kaip: Schneider, Esselte, Novus, 3M, Faber-Castell, Citizen, Milan, Leitz, Colop, Zebra, Staedtler, Durable, Tork, Parker, Waterman ir kt.","publisher":{"@id":"https:\/\/rutana.lt\/#organization"},"potentialAction":[{"@type":"SearchAction","target":{"@type":"EntryPoint","urlTemplate":"https:\/\/rutana.lt\/?s={search_term_string}"},"query-input":{"@type":"PropertyValueSpecification","valueRequired":true,"valueName":"search_term_string"}}],"inLanguage":"en-US"},{"@type":"Organization","@id":"https:\/\/rutana.lt\/#organization","name":"Rutana - Ra\u0161tin\u0117s reikmenys","url":"https:\/\/rutana.lt\/","logo":{"@type":"ImageObject","inLanguage":"en-US","@id":"https:\/\/rutana.lt\/#\/schema\/logo\/image\/","url":"https:\/\/rutana.lt\/wp-content\/uploads\/2025\/10\/Asset-32.png","contentUrl":"https:\/\/rutana.lt\/wp-content\/uploads\/2025\/10\/Asset-32.png","width":433,"height":119,"caption":"Rutana - Ra\u0161tin\u0117s reikmenys"},"image":{"@id":"https:\/\/rutana.lt\/#\/schema\/logo\/image\/"},"sameAs":["https:\/\/www.facebook.com\/RutanaKanceliarinesPrekes\/"]}]}},"_links":{"self":[{"href":"https:\/\/rutana.lt\/en\/wp-json\/wp\/v2\/product\/18753","targetHints":{"allow":["GET"]}}],"collection":[{"href":"https:\/\/rutana.lt\/en\/wp-json\/wp\/v2\/product"}],"about":[{"href":"https:\/\/rutana.lt\/en\/wp-json\/wp\/v2\/types\/product"}],"replies":[{"embeddable":true,"href":"https:\/\/rutana.lt\/en\/wp-json\/wp\/v2\/comments?post=18753"}],"version-history":[{"count":1,"href":"https:\/\/rutana.lt\/en\/wp-json\/wp\/v2\/product\/18753\/revisions"}],"predecessor-version":[{"id":18819,"href":"https:\/\/rutana.lt\/en\/wp-json\/wp\/v2\/product\/18753\/revisions\/18819"}],"wp:featuredmedia":[{"embeddable":true,"href":"https:\/\/rutana.lt\/en\/wp-json\/wp\/v2\/media\/29845"}],"wp:attachment":[{"href":"https:\/\/rutana.lt\/en\/wp-json\/wp\/v2\/media?parent=18753"}],"wp:term":[{"taxonomy":"product_brand","embeddable":true,"href":"https:\/\/rutana.lt\/en\/wp-json\/wp\/v2\/product_brand?post=18753"},{"taxonomy":"product_cat","embeddable":true,"href":"https:\/\/rutana.lt\/en\/wp-json\/wp\/v2\/product_cat?post=18753"},{"taxonomy":"product_tag","embeddable":true,"href":"https:\/\/rutana.lt\/en\/wp-json\/wp\/v2\/product_tag?post=18753"}],"curies":[{"name":"wp","href":"https:\/\/api.w.org\/{rel}","templated":true}]}}