{"id":18744,"date":"2025-09-03T10:01:35","date_gmt":"2025-09-03T08:01:35","guid":{"rendered":"https:\/\/rutana.webdemo.lt\/?post_type=product&#038;p=18744"},"modified":"2025-10-13T15:57:24","modified_gmt":"2025-10-13T13:57:24","slug":"tusinukas-tops-505-f-0-4mm-juodas-schneider-150501","status":"publish","type":"product","link":"https:\/\/rutana.lt\/en\/product\/tusinukas-tops-505-f-0-4mm-juodas-schneider-150501\/","title":{"rendered":"Tu\u0161inukas Tops 505 F 0.4mm juodas Schneider 150501"},"content":{"rendered":"<p style=\"margin-bottom: 10px;\">Tu\u0161inukas su u\u017esegamu dangteliu, kuris puikiai priglunda prie abiej\u0173 ra\u0161iklio gal\u0173. Dangtelio spalva atitinka ra\u0161ymo spalv\u0105: juoda. D\u0117v\u0117jimui atsparus ner\u016bdijan\u010dio plieno antgalis garantuoja, kad didelis ra\u0161alo kiekis gali b\u016bti visi\u0161kai i\u0161naudotas ir nei\u0161siteps.<\/p>\n<p style=\"margin-bottom: 10px;\">\u0160erdel\u0117s galiuko storis: F<\/p>\n<p style=\"margin-bottom: 10px;\">Br\u0117\u017eio storis: 0.4 mm<\/p>\n<p style=\"margin-bottom: 10px;\">Ra\u0161alo spalva: juoda <\/p>\n<p style=\"margin-bottom: 10px;\">Korpuso spalva: geltona<\/p>\n<p style=\"margin-bottom: 10px;\">Klm\u0117s \u0161alis: Vokietija<\/p>","protected":false},"excerpt":{"rendered":"<p>Tu\u0161inukas su u\u017esegamu dangteliu, kuris puikiai priglunda prie abiej\u0173 ra\u0161iklio gal\u0173. Dangtelio spalva atitinka ra\u0161ymo spalv\u0105: juoda. D\u0117v\u0117jimui atsparus ner\u016bdijan\u010dio plieno antgalis garantuoja, kad didelis ra\u0161alo kiekis gali b\u016bti visi\u0161kai i\u0161naudotas ir nei\u0161siteps. \u0160erdel\u0117s galiuko storis: F Br\u0117\u017eio storis: 0.4 mm Ra\u0161alo spalva: juoda Korpuso spalva: geltona Klm\u0117s \u0161alis: Vokietija<\/p>","protected":false},"featured_media":29836,"comment_status":"open","ping_status":"closed","template":"","meta":{"_season_start":"","_season_end":"","_season_days":"","_season_months":"","_season_auto_visibility":""},"product_brand":[202],"product_cat":[1750],"product_tag":[],"class_list":{"0":"post-18744","1":"product","2":"type-product","3":"status-publish","4":"has-post-thumbnail","6":"product_brand-schneider","7":"product_cat-tusinukai","9":"first","10":"instock","11":"taxable","12":"shipping-taxable","13":"purchasable","14":"product-type-simple"},"yoast_head":"<!-- This site is optimized with the Yoast SEO plugin v26.1.1 - https:\/\/yoast.com\/wordpress\/plugins\/seo\/ -->\n<title>Tu\u0161inukas Tops 505 F 0.4mm juodas Schneider 150501 - Rutana - Ra\u0161tin\u0117s reikmenys<\/title>\n<meta name=\"robots\" content=\"index, follow, max-snippet:-1, max-image-preview:large, max-video-preview:-1\" \/>\n<link rel=\"canonical\" href=\"https:\/\/rutana.lt\/en\/product\/tusinukas-tops-505-f-0-4mm-juodas-schneider-150501\/\" \/>\n<meta property=\"og:locale\" content=\"en_US\" \/>\n<meta property=\"og:type\" content=\"article\" \/>\n<meta property=\"og:title\" content=\"Tu\u0161inukas Tops 505 F 0.4mm juodas Schneider 150501 - Rutana - Ra\u0161tin\u0117s reikmenys\" \/>\n<meta property=\"og:description\" content=\"Tu\u0161inukas su u\u017esegamu dangteliu, kuris puikiai priglunda prie abiej\u0173 ra\u0161iklio gal\u0173. Dangtelio spalva atitinka ra\u0161ymo spalv\u0105: juoda. D\u0117v\u0117jimui atsparus ner\u016bdijan\u010dio plieno antgalis garantuoja, kad didelis ra\u0161alo kiekis gali b\u016bti visi\u0161kai i\u0161naudotas ir nei\u0161siteps. \u0160erdel\u0117s galiuko storis: F Br\u0117\u017eio storis: 0.4 mm Ra\u0161alo spalva: juoda Korpuso spalva: geltona Klm\u0117s \u0161alis: Vokietija\" \/>\n<meta property=\"og:url\" content=\"https:\/\/rutana.lt\/en\/product\/tusinukas-tops-505-f-0-4mm-juodas-schneider-150501\/\" \/>\n<meta property=\"og:site_name\" content=\"Rutana - Ra\u0161tin\u0117s reikmenys\" \/>\n<meta property=\"article:publisher\" content=\"https:\/\/www.facebook.com\/RutanaKanceliarinesPrekes\/\" \/>\n<meta property=\"article:modified_time\" content=\"2025-10-13T13:57:24+00:00\" \/>\n<meta property=\"og:image\" content=\"https:\/\/rutana.lt\/wp-content\/uploads\/2025\/09\/C032-152.jpg\" \/>\n\t<meta property=\"og:image:width\" content=\"944\" \/>\n\t<meta property=\"og:image:height\" content=\"1000\" \/>\n\t<meta property=\"og:image:type\" content=\"image\/jpeg\" \/>\n<meta name=\"twitter:card\" content=\"summary_large_image\" \/>\n<script type=\"application\/ld+json\" class=\"yoast-schema-graph\">{\"@context\":\"https:\/\/schema.org\",\"@graph\":[{\"@type\":\"WebPage\",\"@id\":\"https:\/\/rutana.lt\/produktas\/tusinukas-tops-505-f-0-4mm-juodas-schneider-150501\/\",\"url\":\"https:\/\/rutana.lt\/produktas\/tusinukas-tops-505-f-0-4mm-juodas-schneider-150501\/\",\"name\":\"Tu\u0161inukas Tops 505 F 0.4mm juodas Schneider 150501 - Rutana - Ra\u0161tin\u0117s reikmenys\",\"isPartOf\":{\"@id\":\"https:\/\/rutana.lt\/#website\"},\"primaryImageOfPage\":{\"@id\":\"https:\/\/rutana.lt\/produktas\/tusinukas-tops-505-f-0-4mm-juodas-schneider-150501\/#primaryimage\"},\"image\":{\"@id\":\"https:\/\/rutana.lt\/produktas\/tusinukas-tops-505-f-0-4mm-juodas-schneider-150501\/#primaryimage\"},\"thumbnailUrl\":\"https:\/\/rutana.lt\/wp-content\/uploads\/2025\/09\/C032-152-1.jpg?v=1763563926\",\"datePublished\":\"2025-09-03T08:01:35+00:00\",\"dateModified\":\"2025-10-13T13:57:24+00:00\",\"breadcrumb\":{\"@id\":\"https:\/\/rutana.lt\/produktas\/tusinukas-tops-505-f-0-4mm-juodas-schneider-150501\/#breadcrumb\"},\"inLanguage\":\"en-US\",\"potentialAction\":[{\"@type\":\"ReadAction\",\"target\":[\"https:\/\/rutana.lt\/produktas\/tusinukas-tops-505-f-0-4mm-juodas-schneider-150501\/\"]}]},{\"@type\":\"ImageObject\",\"inLanguage\":\"en-US\",\"@id\":\"https:\/\/rutana.lt\/produktas\/tusinukas-tops-505-f-0-4mm-juodas-schneider-150501\/#primaryimage\",\"url\":\"https:\/\/rutana.lt\/wp-content\/uploads\/2025\/09\/C032-152-1.jpg?v=1763563926\",\"contentUrl\":\"https:\/\/rutana.lt\/wp-content\/uploads\/2025\/09\/C032-152-1.jpg?v=1763563926\",\"width\":944,\"height\":1000},{\"@type\":\"BreadcrumbList\",\"@id\":\"https:\/\/rutana.lt\/produktas\/tusinukas-tops-505-f-0-4mm-juodas-schneider-150501\/#breadcrumb\",\"itemListElement\":[{\"@type\":\"ListItem\",\"position\":1,\"name\":\"Home\",\"item\":\"https:\/\/rutana.lt\/\"},{\"@type\":\"ListItem\",\"position\":2,\"name\":\"Parduotuv\u0117\",\"item\":\"https:\/\/rutana.lt\/parduotuve\/\"},{\"@type\":\"ListItem\",\"position\":3,\"name\":\"Tu\u0161inukas Tops 505 F 0.4mm juodas Schneider 150501\"}]},{\"@type\":\"WebSite\",\"@id\":\"https:\/\/rutana.lt\/#website\",\"url\":\"https:\/\/rutana.lt\/\",\"name\":\"Rutana - Ra\u0161tin\u0117s reikmenys\",\"description\":\"Prekiaujame pasaulin\u0117je rinkoje pripa\u017eintomis, kokybi\u0161komis biuro prek\u0117mis toki\u0173  gamintoj\u0173 kaip: Schneider, Esselte, Novus, 3M, Faber-Castell, Citizen, Milan, Leitz, Colop, Zebra, Staedtler, Durable, Tork, Parker, Waterman ir kt.\",\"publisher\":{\"@id\":\"https:\/\/rutana.lt\/#organization\"},\"potentialAction\":[{\"@type\":\"SearchAction\",\"target\":{\"@type\":\"EntryPoint\",\"urlTemplate\":\"https:\/\/rutana.lt\/?s={search_term_string}\"},\"query-input\":{\"@type\":\"PropertyValueSpecification\",\"valueRequired\":true,\"valueName\":\"search_term_string\"}}],\"inLanguage\":\"en-US\"},{\"@type\":\"Organization\",\"@id\":\"https:\/\/rutana.lt\/#organization\",\"name\":\"Rutana - Ra\u0161tin\u0117s reikmenys\",\"url\":\"https:\/\/rutana.lt\/\",\"logo\":{\"@type\":\"ImageObject\",\"inLanguage\":\"en-US\",\"@id\":\"https:\/\/rutana.lt\/#\/schema\/logo\/image\/\",\"url\":\"https:\/\/rutana.lt\/wp-content\/uploads\/2025\/10\/Asset-32.png\",\"contentUrl\":\"https:\/\/rutana.lt\/wp-content\/uploads\/2025\/10\/Asset-32.png\",\"width\":433,\"height\":119,\"caption\":\"Rutana - Ra\u0161tin\u0117s reikmenys\"},\"image\":{\"@id\":\"https:\/\/rutana.lt\/#\/schema\/logo\/image\/\"},\"sameAs\":[\"https:\/\/www.facebook.com\/RutanaKanceliarinesPrekes\/\"]}]}<\/script>\n<!-- \/ Yoast SEO plugin. -->","yoast_head_json":{"title":"Tu\u0161inukas Tops 505 F 0.4mm juodas Schneider 150501 - Rutana - Ra\u0161tin\u0117s reikmenys","robots":{"index":"index","follow":"follow","max-snippet":"max-snippet:-1","max-image-preview":"max-image-preview:large","max-video-preview":"max-video-preview:-1"},"canonical":"https:\/\/rutana.lt\/en\/product\/tusinukas-tops-505-f-0-4mm-juodas-schneider-150501\/","og_locale":"en_US","og_type":"article","og_title":"Tu\u0161inukas Tops 505 F 0.4mm juodas Schneider 150501 - Rutana - Ra\u0161tin\u0117s reikmenys","og_description":"Tu\u0161inukas su u\u017esegamu dangteliu, kuris puikiai priglunda prie abiej\u0173 ra\u0161iklio gal\u0173. Dangtelio spalva atitinka ra\u0161ymo spalv\u0105: juoda. D\u0117v\u0117jimui atsparus ner\u016bdijan\u010dio plieno antgalis garantuoja, kad didelis ra\u0161alo kiekis gali b\u016bti visi\u0161kai i\u0161naudotas ir nei\u0161siteps. \u0160erdel\u0117s galiuko storis: F Br\u0117\u017eio storis: 0.4 mm Ra\u0161alo spalva: juoda Korpuso spalva: geltona Klm\u0117s \u0161alis: Vokietija","og_url":"https:\/\/rutana.lt\/en\/product\/tusinukas-tops-505-f-0-4mm-juodas-schneider-150501\/","og_site_name":"Rutana - Ra\u0161tin\u0117s reikmenys","article_publisher":"https:\/\/www.facebook.com\/RutanaKanceliarinesPrekes\/","article_modified_time":"2025-10-13T13:57:24+00:00","og_image":[{"width":944,"height":1000,"url":"https:\/\/rutana.lt\/wp-content\/uploads\/2025\/09\/C032-152.jpg","type":"image\/jpeg"}],"twitter_card":"summary_large_image","schema":{"@context":"https:\/\/schema.org","@graph":[{"@type":"WebPage","@id":"https:\/\/rutana.lt\/produktas\/tusinukas-tops-505-f-0-4mm-juodas-schneider-150501\/","url":"https:\/\/rutana.lt\/produktas\/tusinukas-tops-505-f-0-4mm-juodas-schneider-150501\/","name":"Tu\u0161inukas Tops 505 F 0.4mm juodas Schneider 150501 - Rutana - Ra\u0161tin\u0117s reikmenys","isPartOf":{"@id":"https:\/\/rutana.lt\/#website"},"primaryImageOfPage":{"@id":"https:\/\/rutana.lt\/produktas\/tusinukas-tops-505-f-0-4mm-juodas-schneider-150501\/#primaryimage"},"image":{"@id":"https:\/\/rutana.lt\/produktas\/tusinukas-tops-505-f-0-4mm-juodas-schneider-150501\/#primaryimage"},"thumbnailUrl":"https:\/\/rutana.lt\/wp-content\/uploads\/2025\/09\/C032-152-1.jpg?v=1763563926","datePublished":"2025-09-03T08:01:35+00:00","dateModified":"2025-10-13T13:57:24+00:00","breadcrumb":{"@id":"https:\/\/rutana.lt\/produktas\/tusinukas-tops-505-f-0-4mm-juodas-schneider-150501\/#breadcrumb"},"inLanguage":"en-US","potentialAction":[{"@type":"ReadAction","target":["https:\/\/rutana.lt\/produktas\/tusinukas-tops-505-f-0-4mm-juodas-schneider-150501\/"]}]},{"@type":"ImageObject","inLanguage":"en-US","@id":"https:\/\/rutana.lt\/produktas\/tusinukas-tops-505-f-0-4mm-juodas-schneider-150501\/#primaryimage","url":"https:\/\/rutana.lt\/wp-content\/uploads\/2025\/09\/C032-152-1.jpg?v=1763563926","contentUrl":"https:\/\/rutana.lt\/wp-content\/uploads\/2025\/09\/C032-152-1.jpg?v=1763563926","width":944,"height":1000},{"@type":"BreadcrumbList","@id":"https:\/\/rutana.lt\/produktas\/tusinukas-tops-505-f-0-4mm-juodas-schneider-150501\/#breadcrumb","itemListElement":[{"@type":"ListItem","position":1,"name":"Home","item":"https:\/\/rutana.lt\/"},{"@type":"ListItem","position":2,"name":"Parduotuv\u0117","item":"https:\/\/rutana.lt\/parduotuve\/"},{"@type":"ListItem","position":3,"name":"Tu\u0161inukas Tops 505 F 0.4mm juodas Schneider 150501"}]},{"@type":"WebSite","@id":"https:\/\/rutana.lt\/#website","url":"https:\/\/rutana.lt\/","name":"Rutana - Ra\u0161tin\u0117s reikmenys","description":"Prekiaujame pasaulin\u0117je rinkoje pripa\u017eintomis, kokybi\u0161komis biuro prek\u0117mis toki\u0173  gamintoj\u0173 kaip: Schneider, Esselte, Novus, 3M, Faber-Castell, Citizen, Milan, Leitz, Colop, Zebra, Staedtler, Durable, Tork, Parker, Waterman ir kt.","publisher":{"@id":"https:\/\/rutana.lt\/#organization"},"potentialAction":[{"@type":"SearchAction","target":{"@type":"EntryPoint","urlTemplate":"https:\/\/rutana.lt\/?s={search_term_string}"},"query-input":{"@type":"PropertyValueSpecification","valueRequired":true,"valueName":"search_term_string"}}],"inLanguage":"en-US"},{"@type":"Organization","@id":"https:\/\/rutana.lt\/#organization","name":"Rutana - Ra\u0161tin\u0117s reikmenys","url":"https:\/\/rutana.lt\/","logo":{"@type":"ImageObject","inLanguage":"en-US","@id":"https:\/\/rutana.lt\/#\/schema\/logo\/image\/","url":"https:\/\/rutana.lt\/wp-content\/uploads\/2025\/10\/Asset-32.png","contentUrl":"https:\/\/rutana.lt\/wp-content\/uploads\/2025\/10\/Asset-32.png","width":433,"height":119,"caption":"Rutana - Ra\u0161tin\u0117s reikmenys"},"image":{"@id":"https:\/\/rutana.lt\/#\/schema\/logo\/image\/"},"sameAs":["https:\/\/www.facebook.com\/RutanaKanceliarinesPrekes\/"]}]}},"_links":{"self":[{"href":"https:\/\/rutana.lt\/en\/wp-json\/wp\/v2\/product\/18744","targetHints":{"allow":["GET"]}}],"collection":[{"href":"https:\/\/rutana.lt\/en\/wp-json\/wp\/v2\/product"}],"about":[{"href":"https:\/\/rutana.lt\/en\/wp-json\/wp\/v2\/types\/product"}],"replies":[{"embeddable":true,"href":"https:\/\/rutana.lt\/en\/wp-json\/wp\/v2\/comments?post=18744"}],"version-history":[{"count":1,"href":"https:\/\/rutana.lt\/en\/wp-json\/wp\/v2\/product\/18744\/revisions"}],"predecessor-version":[{"id":18783,"href":"https:\/\/rutana.lt\/en\/wp-json\/wp\/v2\/product\/18744\/revisions\/18783"}],"wp:featuredmedia":[{"embeddable":true,"href":"https:\/\/rutana.lt\/en\/wp-json\/wp\/v2\/media\/29836"}],"wp:attachment":[{"href":"https:\/\/rutana.lt\/en\/wp-json\/wp\/v2\/media?parent=18744"}],"wp:term":[{"taxonomy":"product_brand","embeddable":true,"href":"https:\/\/rutana.lt\/en\/wp-json\/wp\/v2\/product_brand?post=18744"},{"taxonomy":"product_cat","embeddable":true,"href":"https:\/\/rutana.lt\/en\/wp-json\/wp\/v2\/product_cat?post=18744"},{"taxonomy":"product_tag","embeddable":true,"href":"https:\/\/rutana.lt\/en\/wp-json\/wp\/v2\/product_tag?post=18744"}],"curies":[{"name":"wp","href":"https:\/\/api.w.org\/{rel}","templated":true}]}}