{"id":18692,"date":"2025-09-03T10:01:11","date_gmt":"2025-09-03T08:01:11","guid":{"rendered":"https:\/\/rutana.webdemo.lt\/?post_type=product&#038;p=18692"},"modified":"2025-10-13T15:57:18","modified_gmt":"2025-10-13T13:57:18","slug":"daugiafunkcinis-rasalinis-spausdintuvas-a4-mfc-j4540dwxl-brother","status":"publish","type":"product","link":"https:\/\/rutana.lt\/en\/product\/daugiafunkcinis-rasalinis-spausdintuvas-a4-mfc-j4540dwxl-brother\/","title":{"rendered":"Daugiafunkcinis ra\u0161alinis spausdintuvas A4 MFC-J4540DWXL Brother"},"content":{"rendered":"<p style=\"margin-bottom: 10px;\">MFC-J4540DWXL yra tvirto dizaino, ta\u010diau aptakus ir \u012fvairiomis funkcijomis apr\u016bpintas daugiafunkcinis \u012frenginys, si\u016blantis auk\u0161tos kokyb\u0117s spausdinim\u0105 su ma\u017eesn\u0117mis i\u0161laidomis. Naudodami ra\u0161alo kasetes, spausdinan\u010dias iki 6000 nespalvot\u0173 ir 5000 spalvot\u0173 puslapi\u0173, spausdinsite daug ilgiau, taupydami laik\u0105 ir pinigus. \u0160is prietaisas yra dalis \u201eAll in Box\u201c kolekcijos, tod\u0117l jis si\u016blo daugyb\u0119 funkcij\u0173 ir ry\u0161io galimybi\u0173, o ilgalaik\u0117ms \u201eXL\u201c ra\u0161alo kaset\u0117ms suteikiama trej\u0173 met\u0173 garantija. Daugiafunkcinis MFC-J4540DWXL yra profesionalus \u012frenginys namams.<\/p>\n<p style=\"margin-bottom: 10px;\">Jei norite naudotis MFC-J4540DWXL, jums nereikia s\u0117d\u0117ti nei prie savo stalo, nei prie spausdintuvo. Tur\u0117dami daugyb\u0119 prisijungimo galimybi\u0173, galite spausdinti bet kurioje savo nam\u0173 ar biuro vietoje \u2013 ir net i\u0161 savo mobiliojo telefono naudodami \u201eWi-Fi\u201c arba \u201eNFC\u201c ry\u0161\u012f. Atsisi\u0173sdami \u201eBrother Mobile Connect\u201c program\u0117l\u0119 galite pasiekti daugyb\u0119 funkcij\u0173, \u2013 pradedant spausdinimo u\u017eduo\u010di\u0173 siuntimu, baigiant ra\u0161alo lygio patikrinimu ir, jei reikia, ra\u0161alo u\u017esakymu. Gamintojas i\u0161 naujo suprojektavo savo ra\u0161alo kasetes, kad jose tilpt\u0173 daugiau ra\u0161alo, ir suk\u016br\u0117 vidin\u0119 ra\u0161alo laikymo talpykl\u0105, kuri u\u017etikrina daugiau nepertraukiamo spausdinimo lap\u0173, neprarandant kompakti\u0161ko, stacionaraus dyd\u017eio. Be to, d\u0117ka puslapio matuoklio funkcijos galite patikrinti likus\u012f ra\u0161alo kiek\u012f LCD ekrane, kad i\u0161vengtum\u0117te spausdinimo pertraukimo.<\/p>\n<p style=\"margin-bottom: 10px;\">MFC-J4540DWXL komplekte yra papildomas popieriaus d\u0117klas. Tai rei\u0161kia, kad ne tik ra\u0161al\u0105 keisite re\u010diau, bet popieriaus papildymu r\u016bpinsit\u0117 re\u010diau. Tai leid\u017eia geriau kontroliuoti savo laik\u0105, kad b\u016btum\u0117te kuo produktyvesni.<\/p>\n<p style=\"margin-bottom: 10px;\">B\u016bdamas daugiafunkcinis \u012frenginys, MFC-J4540DWXL gali padaryti daug daugiau nei tik spausdinti. Pavyzd\u017eiui, skenavimo galimyb\u0117s gali \u017eymiai padidinti j\u016bs\u0173 produktyvum\u0105 namuose. Nor\u0117dami padidinti darbo eig\u0105, galite greitai skenuoti spalvotai arba nespalvotai \u012f kelias paskirties vietas.<\/p>\n<p style=\"margin-bottom: 10px;\">Spausdintuvo tipas: spalvotas<\/p>\n<p>Atliekamos funkcijos: spausdinti, kopijuoti, nuskaityti, si\u0173sti faksu<\/p>\n<p>Ekranas: LCD spalvotas lie\u010diamas 6.8 cm<\/p>\n<p>Did\u017eiausias popieriaus formatas: A4<\/p>\n<p>Atmintis: 128 MB <\/p>\n<p>Technologija: ra\u0161alinis<\/p>\n<p>Jungiamumas: laidinis tinklas, belaidis, USB<\/p>\n<p>NFC: taip<\/p>\n<p>Belaid\u017eio tinklo s\u0105saja: 802.11b\/g\/n<\/p>\n<p>Dvipus\u0117 kopija: taip<\/p>\n<p>Kopijavimo sparta: 13 coli\u0173 \/ min nespalvotai ir 10.5 coli\u0173 \/ min spalvotai<\/p>\n<p>Standartinio nespalvoto spausdinimo A4 sparta: iki 20 puslapi\u0173 per minut\u0119<\/p>\n<p>Standartinio spalvoto spausdinimo A4 sparta: iki 19 puslapi\u0173 per minut\u0119<\/p>\n<p>Automatinis dvipusis spausdinimas: taip<\/p>\n<p>Pirmo lapo gavimo laikas: ma\u017eiau kaip 5.9 s<\/p>\n<p>Skiriamoji spausdinimo geba: iki 1200 x 4800 dpi ( horizontaliai x vertikaliai )<\/p>\n<p>Dvipusis nuskaitytas vaizdas: ne<\/p>\n<p>Popieriaus padavimas: standartinis d\u0117klas 150 lap\u0173, standartinis d\u0117klas 250 lap\u0173, automatinis dokument\u0173 tiektuvas ( ADT ): 20 lap\u0173<\/p>\n<p>Spausdintuvo matmenys: 435 ( plotis ) x 355 ( gylis ) x 250 ( auk\u0161tis ) mm<\/p>\n<p>Spausdintuvo svoris: 10.60 kg<\/p>\n<p>Pakuot\u0117s turinys: maitinimo laidas, produkto saugos vadovas, eksploatacin\u0117s med\u017eiagos, naudotojo vadovas, garantijos kortel\u0117, greitosios parengties vadovas, 4 ra\u0161alo kaset\u0117s<\/p>\n<p>Garantija: 36 m\u0117nesiai<\/p>\n<p><\/p>\n<p><iframe src=\"\/\/www.youtube.com\/embed\/jux5X_PFlUE\" width=\"640\" height=\"360\" frameborder=\"0\"><\/iframe><\/p>\n<p><\/p>\n<p><\/p>","protected":false},"excerpt":{"rendered":"<p>MFC-J4540DWXL yra tvirto dizaino, ta\u010diau aptakus ir \u012fvairiomis funkcijomis apr\u016bpintas daugiafunkcinis \u012frenginys, si\u016blantis auk\u0161tos kokyb\u0117s spausdinim\u0105 su ma\u017eesn\u0117mis i\u0161laidomis. Naudodami ra\u0161alo kasetes, spausdinan\u010dias iki 6000 nespalvot\u0173 ir 5000 spalvot\u0173 puslapi\u0173, spausdinsite daug ilgiau, taupydami laik\u0105 ir pinigus. \u0160is prietaisas yra dalis \u201eAll in Box\u201c kolekcijos, tod\u0117l jis si\u016blo daugyb\u0119 funkcij\u0173 ir ry\u0161io galimybi\u0173, o ilgalaik\u0117ms [&hellip;]<\/p>","protected":false},"featured_media":29824,"comment_status":"open","ping_status":"closed","template":"","meta":{"_season_start":"","_season_end":"","_season_days":"","_season_months":"","_season_auto_visibility":""},"product_brand":[1069],"product_cat":[1901],"product_tag":[],"class_list":{"0":"post-18692","1":"product","2":"type-product","3":"status-publish","4":"has-post-thumbnail","6":"product_brand-brother","7":"product_cat-spalvoti-daugiafunkciniai-spausdintuvai","9":"first","10":"instock","11":"taxable","12":"shipping-taxable","13":"purchasable","14":"product-type-simple"},"yoast_head":"<!-- This site is optimized with the Yoast SEO plugin v27.4 - https:\/\/yoast.com\/product\/yoast-seo-wordpress\/ -->\n<title>Daugiafunkcinis ra\u0161alinis spausdintuvas A4 MFC-J4540DWXL Brother - Rutana - Ra\u0161tin\u0117s reikmenys<\/title>\n<meta name=\"robots\" content=\"index, follow, max-snippet:-1, max-image-preview:large, max-video-preview:-1\" \/>\n<link rel=\"canonical\" href=\"https:\/\/rutana.lt\/en\/product\/daugiafunkcinis-rasalinis-spausdintuvas-a4-mfc-j4540dwxl-brother\/\" \/>\n<meta property=\"og:locale\" content=\"en_US\" \/>\n<meta property=\"og:type\" content=\"article\" \/>\n<meta property=\"og:title\" content=\"Daugiafunkcinis ra\u0161alinis spausdintuvas A4 MFC-J4540DWXL Brother - Rutana - Ra\u0161tin\u0117s reikmenys\" \/>\n<meta property=\"og:description\" content=\"MFC-J4540DWXL yra tvirto dizaino, ta\u010diau aptakus ir \u012fvairiomis funkcijomis apr\u016bpintas daugiafunkcinis \u012frenginys, si\u016blantis auk\u0161tos kokyb\u0117s spausdinim\u0105 su ma\u017eesn\u0117mis i\u0161laidomis. Naudodami ra\u0161alo kasetes, spausdinan\u010dias iki 6000 nespalvot\u0173 ir 5000 spalvot\u0173 puslapi\u0173, spausdinsite daug ilgiau, taupydami laik\u0105 ir pinigus. \u0160is prietaisas yra dalis \u201eAll in Box\u201c kolekcijos, tod\u0117l jis si\u016blo daugyb\u0119 funkcij\u0173 ir ry\u0161io galimybi\u0173, o ilgalaik\u0117ms [&hellip;]\" \/>\n<meta property=\"og:url\" content=\"https:\/\/rutana.lt\/en\/product\/daugiafunkcinis-rasalinis-spausdintuvas-a4-mfc-j4540dwxl-brother\/\" \/>\n<meta property=\"og:site_name\" content=\"Rutana - Ra\u0161tin\u0117s reikmenys\" \/>\n<meta property=\"article:publisher\" content=\"https:\/\/www.facebook.com\/RutanaKanceliarinesPrekes\/\" \/>\n<meta property=\"article:modified_time\" content=\"2025-10-13T13:57:18+00:00\" \/>\n<meta property=\"og:image\" content=\"https:\/\/rutana.lt\/wp-content\/uploads\/2025\/09\/B040-943.jpg\" \/>\n\t<meta property=\"og:image:width\" content=\"1000\" \/>\n\t<meta property=\"og:image:height\" content=\"1000\" \/>\n\t<meta property=\"og:image:type\" content=\"image\/jpeg\" \/>\n<meta name=\"twitter:card\" content=\"summary_large_image\" \/>\n<meta name=\"twitter:label1\" content=\"Est. reading time\" \/>\n\t<meta name=\"twitter:data1\" content=\"2 minutes\" \/>\n<script type=\"application\/ld+json\" class=\"yoast-schema-graph\">{\"@context\":\"https:\\\/\\\/schema.org\",\"@graph\":[{\"@type\":\"WebPage\",\"@id\":\"https:\\\/\\\/rutana.lt\\\/produktas\\\/daugiafunkcinis-rasalinis-spausdintuvas-a4-mfc-j4540dwxl-brother\\\/\",\"url\":\"https:\\\/\\\/rutana.lt\\\/produktas\\\/daugiafunkcinis-rasalinis-spausdintuvas-a4-mfc-j4540dwxl-brother\\\/\",\"name\":\"Daugiafunkcinis ra\u0161alinis spausdintuvas A4 MFC-J4540DWXL Brother - Rutana - Ra\u0161tin\u0117s reikmenys\",\"isPartOf\":{\"@id\":\"https:\\\/\\\/rutana.lt\\\/#website\"},\"primaryImageOfPage\":{\"@id\":\"https:\\\/\\\/rutana.lt\\\/produktas\\\/daugiafunkcinis-rasalinis-spausdintuvas-a4-mfc-j4540dwxl-brother\\\/#primaryimage\"},\"image\":{\"@id\":\"https:\\\/\\\/rutana.lt\\\/produktas\\\/daugiafunkcinis-rasalinis-spausdintuvas-a4-mfc-j4540dwxl-brother\\\/#primaryimage\"},\"thumbnailUrl\":\"https:\\\/\\\/rutana.lt\\\/wp-content\\\/uploads\\\/2025\\\/09\\\/B040-943-2.jpg?v=1763563946\",\"datePublished\":\"2025-09-03T08:01:11+00:00\",\"dateModified\":\"2025-10-13T13:57:18+00:00\",\"breadcrumb\":{\"@id\":\"https:\\\/\\\/rutana.lt\\\/produktas\\\/daugiafunkcinis-rasalinis-spausdintuvas-a4-mfc-j4540dwxl-brother\\\/#breadcrumb\"},\"inLanguage\":\"en-US\",\"potentialAction\":[{\"@type\":\"ReadAction\",\"target\":[\"https:\\\/\\\/rutana.lt\\\/produktas\\\/daugiafunkcinis-rasalinis-spausdintuvas-a4-mfc-j4540dwxl-brother\\\/\"]}]},{\"@type\":\"ImageObject\",\"inLanguage\":\"en-US\",\"@id\":\"https:\\\/\\\/rutana.lt\\\/produktas\\\/daugiafunkcinis-rasalinis-spausdintuvas-a4-mfc-j4540dwxl-brother\\\/#primaryimage\",\"url\":\"https:\\\/\\\/rutana.lt\\\/wp-content\\\/uploads\\\/2025\\\/09\\\/B040-943-2.jpg?v=1763563946\",\"contentUrl\":\"https:\\\/\\\/rutana.lt\\\/wp-content\\\/uploads\\\/2025\\\/09\\\/B040-943-2.jpg?v=1763563946\",\"width\":1000,\"height\":1000},{\"@type\":\"BreadcrumbList\",\"@id\":\"https:\\\/\\\/rutana.lt\\\/produktas\\\/daugiafunkcinis-rasalinis-spausdintuvas-a4-mfc-j4540dwxl-brother\\\/#breadcrumb\",\"itemListElement\":[{\"@type\":\"ListItem\",\"position\":1,\"name\":\"Home\",\"item\":\"https:\\\/\\\/rutana.lt\\\/\"},{\"@type\":\"ListItem\",\"position\":2,\"name\":\"Parduotuv\u0117\",\"item\":\"https:\\\/\\\/rutana.lt\\\/parduotuve\\\/\"},{\"@type\":\"ListItem\",\"position\":3,\"name\":\"Daugiafunkcinis ra\u0161alinis spausdintuvas A4 MFC-J4540DWXL Brother\"}]},{\"@type\":\"WebSite\",\"@id\":\"https:\\\/\\\/rutana.lt\\\/#website\",\"url\":\"https:\\\/\\\/rutana.lt\\\/\",\"name\":\"Rutana - Ra\u0161tin\u0117s reikmenys\",\"description\":\"Prekiaujame pasaulin\u0117je rinkoje pripa\u017eintomis, kokybi\u0161komis biuro prek\u0117mis toki\u0173  gamintoj\u0173 kaip: Schneider, Esselte, Novus, 3M, Faber-Castell, Citizen, Milan, Leitz, Colop, Zebra, Staedtler, Durable, Tork, Parker, Waterman ir kt.\",\"publisher\":{\"@id\":\"https:\\\/\\\/rutana.lt\\\/#organization\"},\"potentialAction\":[{\"@type\":\"SearchAction\",\"target\":{\"@type\":\"EntryPoint\",\"urlTemplate\":\"https:\\\/\\\/rutana.lt\\\/?s={search_term_string}\"},\"query-input\":{\"@type\":\"PropertyValueSpecification\",\"valueRequired\":true,\"valueName\":\"search_term_string\"}}],\"inLanguage\":\"en-US\"},{\"@type\":\"Organization\",\"@id\":\"https:\\\/\\\/rutana.lt\\\/#organization\",\"name\":\"Rutana - Ra\u0161tin\u0117s reikmenys\",\"url\":\"https:\\\/\\\/rutana.lt\\\/\",\"logo\":{\"@type\":\"ImageObject\",\"inLanguage\":\"en-US\",\"@id\":\"https:\\\/\\\/rutana.lt\\\/#\\\/schema\\\/logo\\\/image\\\/\",\"url\":\"https:\\\/\\\/rutana.lt\\\/wp-content\\\/uploads\\\/2025\\\/10\\\/Asset-32.png\",\"contentUrl\":\"https:\\\/\\\/rutana.lt\\\/wp-content\\\/uploads\\\/2025\\\/10\\\/Asset-32.png\",\"width\":433,\"height\":119,\"caption\":\"Rutana - Ra\u0161tin\u0117s reikmenys\"},\"image\":{\"@id\":\"https:\\\/\\\/rutana.lt\\\/#\\\/schema\\\/logo\\\/image\\\/\"},\"sameAs\":[\"https:\\\/\\\/www.facebook.com\\\/RutanaKanceliarinesPrekes\\\/\"]}]}<\/script>\n<!-- \/ Yoast SEO plugin. -->","yoast_head_json":{"title":"Daugiafunkcinis ra\u0161alinis spausdintuvas A4 MFC-J4540DWXL Brother - Rutana - Ra\u0161tin\u0117s reikmenys","robots":{"index":"index","follow":"follow","max-snippet":"max-snippet:-1","max-image-preview":"max-image-preview:large","max-video-preview":"max-video-preview:-1"},"canonical":"https:\/\/rutana.lt\/en\/product\/daugiafunkcinis-rasalinis-spausdintuvas-a4-mfc-j4540dwxl-brother\/","og_locale":"en_US","og_type":"article","og_title":"Daugiafunkcinis ra\u0161alinis spausdintuvas A4 MFC-J4540DWXL Brother - Rutana - Ra\u0161tin\u0117s reikmenys","og_description":"MFC-J4540DWXL yra tvirto dizaino, ta\u010diau aptakus ir \u012fvairiomis funkcijomis apr\u016bpintas daugiafunkcinis \u012frenginys, si\u016blantis auk\u0161tos kokyb\u0117s spausdinim\u0105 su ma\u017eesn\u0117mis i\u0161laidomis. Naudodami ra\u0161alo kasetes, spausdinan\u010dias iki 6000 nespalvot\u0173 ir 5000 spalvot\u0173 puslapi\u0173, spausdinsite daug ilgiau, taupydami laik\u0105 ir pinigus. \u0160is prietaisas yra dalis \u201eAll in Box\u201c kolekcijos, tod\u0117l jis si\u016blo daugyb\u0119 funkcij\u0173 ir ry\u0161io galimybi\u0173, o ilgalaik\u0117ms [&hellip;]","og_url":"https:\/\/rutana.lt\/en\/product\/daugiafunkcinis-rasalinis-spausdintuvas-a4-mfc-j4540dwxl-brother\/","og_site_name":"Rutana - Ra\u0161tin\u0117s reikmenys","article_publisher":"https:\/\/www.facebook.com\/RutanaKanceliarinesPrekes\/","article_modified_time":"2025-10-13T13:57:18+00:00","og_image":[{"width":1000,"height":1000,"url":"https:\/\/rutana.lt\/wp-content\/uploads\/2025\/09\/B040-943.jpg","type":"image\/jpeg"}],"twitter_card":"summary_large_image","twitter_misc":{"Est. reading time":"2 minutes"},"schema":{"@context":"https:\/\/schema.org","@graph":[{"@type":"WebPage","@id":"https:\/\/rutana.lt\/produktas\/daugiafunkcinis-rasalinis-spausdintuvas-a4-mfc-j4540dwxl-brother\/","url":"https:\/\/rutana.lt\/produktas\/daugiafunkcinis-rasalinis-spausdintuvas-a4-mfc-j4540dwxl-brother\/","name":"Daugiafunkcinis ra\u0161alinis spausdintuvas A4 MFC-J4540DWXL Brother - Rutana - Ra\u0161tin\u0117s reikmenys","isPartOf":{"@id":"https:\/\/rutana.lt\/#website"},"primaryImageOfPage":{"@id":"https:\/\/rutana.lt\/produktas\/daugiafunkcinis-rasalinis-spausdintuvas-a4-mfc-j4540dwxl-brother\/#primaryimage"},"image":{"@id":"https:\/\/rutana.lt\/produktas\/daugiafunkcinis-rasalinis-spausdintuvas-a4-mfc-j4540dwxl-brother\/#primaryimage"},"thumbnailUrl":"https:\/\/rutana.lt\/wp-content\/uploads\/2025\/09\/B040-943-2.jpg?v=1763563946","datePublished":"2025-09-03T08:01:11+00:00","dateModified":"2025-10-13T13:57:18+00:00","breadcrumb":{"@id":"https:\/\/rutana.lt\/produktas\/daugiafunkcinis-rasalinis-spausdintuvas-a4-mfc-j4540dwxl-brother\/#breadcrumb"},"inLanguage":"en-US","potentialAction":[{"@type":"ReadAction","target":["https:\/\/rutana.lt\/produktas\/daugiafunkcinis-rasalinis-spausdintuvas-a4-mfc-j4540dwxl-brother\/"]}]},{"@type":"ImageObject","inLanguage":"en-US","@id":"https:\/\/rutana.lt\/produktas\/daugiafunkcinis-rasalinis-spausdintuvas-a4-mfc-j4540dwxl-brother\/#primaryimage","url":"https:\/\/rutana.lt\/wp-content\/uploads\/2025\/09\/B040-943-2.jpg?v=1763563946","contentUrl":"https:\/\/rutana.lt\/wp-content\/uploads\/2025\/09\/B040-943-2.jpg?v=1763563946","width":1000,"height":1000},{"@type":"BreadcrumbList","@id":"https:\/\/rutana.lt\/produktas\/daugiafunkcinis-rasalinis-spausdintuvas-a4-mfc-j4540dwxl-brother\/#breadcrumb","itemListElement":[{"@type":"ListItem","position":1,"name":"Home","item":"https:\/\/rutana.lt\/"},{"@type":"ListItem","position":2,"name":"Parduotuv\u0117","item":"https:\/\/rutana.lt\/parduotuve\/"},{"@type":"ListItem","position":3,"name":"Daugiafunkcinis ra\u0161alinis spausdintuvas A4 MFC-J4540DWXL Brother"}]},{"@type":"WebSite","@id":"https:\/\/rutana.lt\/#website","url":"https:\/\/rutana.lt\/","name":"Rutana - Ra\u0161tin\u0117s reikmenys","description":"Prekiaujame pasaulin\u0117je rinkoje pripa\u017eintomis, kokybi\u0161komis biuro prek\u0117mis toki\u0173  gamintoj\u0173 kaip: Schneider, Esselte, Novus, 3M, Faber-Castell, Citizen, Milan, Leitz, Colop, Zebra, Staedtler, Durable, Tork, Parker, Waterman ir kt.","publisher":{"@id":"https:\/\/rutana.lt\/#organization"},"potentialAction":[{"@type":"SearchAction","target":{"@type":"EntryPoint","urlTemplate":"https:\/\/rutana.lt\/?s={search_term_string}"},"query-input":{"@type":"PropertyValueSpecification","valueRequired":true,"valueName":"search_term_string"}}],"inLanguage":"en-US"},{"@type":"Organization","@id":"https:\/\/rutana.lt\/#organization","name":"Rutana - Ra\u0161tin\u0117s reikmenys","url":"https:\/\/rutana.lt\/","logo":{"@type":"ImageObject","inLanguage":"en-US","@id":"https:\/\/rutana.lt\/#\/schema\/logo\/image\/","url":"https:\/\/rutana.lt\/wp-content\/uploads\/2025\/10\/Asset-32.png","contentUrl":"https:\/\/rutana.lt\/wp-content\/uploads\/2025\/10\/Asset-32.png","width":433,"height":119,"caption":"Rutana - Ra\u0161tin\u0117s reikmenys"},"image":{"@id":"https:\/\/rutana.lt\/#\/schema\/logo\/image\/"},"sameAs":["https:\/\/www.facebook.com\/RutanaKanceliarinesPrekes\/"]}]}},"_links":{"self":[{"href":"https:\/\/rutana.lt\/en\/wp-json\/wp\/v2\/product\/18692","targetHints":{"allow":["GET"]}}],"collection":[{"href":"https:\/\/rutana.lt\/en\/wp-json\/wp\/v2\/product"}],"about":[{"href":"https:\/\/rutana.lt\/en\/wp-json\/wp\/v2\/types\/product"}],"replies":[{"embeddable":true,"href":"https:\/\/rutana.lt\/en\/wp-json\/wp\/v2\/comments?post=18692"}],"version-history":[{"count":1,"href":"https:\/\/rutana.lt\/en\/wp-json\/wp\/v2\/product\/18692\/revisions"}],"predecessor-version":[{"id":18759,"href":"https:\/\/rutana.lt\/en\/wp-json\/wp\/v2\/product\/18692\/revisions\/18759"}],"wp:featuredmedia":[{"embeddable":true,"href":"https:\/\/rutana.lt\/en\/wp-json\/wp\/v2\/media\/29824"}],"wp:attachment":[{"href":"https:\/\/rutana.lt\/en\/wp-json\/wp\/v2\/media?parent=18692"}],"wp:term":[{"taxonomy":"product_brand","embeddable":true,"href":"https:\/\/rutana.lt\/en\/wp-json\/wp\/v2\/product_brand?post=18692"},{"taxonomy":"product_cat","embeddable":true,"href":"https:\/\/rutana.lt\/en\/wp-json\/wp\/v2\/product_cat?post=18692"},{"taxonomy":"product_tag","embeddable":true,"href":"https:\/\/rutana.lt\/en\/wp-json\/wp\/v2\/product_tag?post=18692"}],"curies":[{"name":"wp","href":"https:\/\/api.w.org\/{rel}","templated":true}]}}