{"id":18690,"date":"2025-09-03T10:01:11","date_gmt":"2025-09-03T08:01:11","guid":{"rendered":"https:\/\/rutana.webdemo.lt\/?post_type=product&#038;p=18690"},"modified":"2025-10-13T15:57:17","modified_gmt":"2025-10-13T13:57:17","slug":"daugiafunkcinis-lazerinis-spausdintuvas-a4-dcp-l2620dw-brother","status":"publish","type":"product","link":"https:\/\/rutana.lt\/en\/product\/daugiafunkcinis-lazerinis-spausdintuvas-a4-dcp-l2620dw-brother\/","title":{"rendered":"Daugiafunkcinis lazerinis spausdintuvas A4 DCP-L2620DW Brother"},"content":{"rendered":"<p style=\"margin-bottom: 10px;\">M\u0117gaukit\u0117s skland\u017eiu na\u0161umu namuose ar biure, kur\u012f u\u017etikrina lengvai prijungiamas Brother DCP-L2620DW spausdintuvas. \u0160is daugiafunkcinis nespalvotas lazerinis spausdintuvas turi \u012fvairias efektyvumo didinimo funkcijas, kurios sutaupys jums brangaus laiko. M\u0117gaukit\u0117s spar\u010diu, nepriekai\u0161tingu spausdinimu ir nuskaitymu, automatiniu dvipusiu spausdinimu ir didele popieriaus d\u0117klo talpa. Nustatyti paprasta naudojant Brother Mobile Connect program\u0117l\u0119, leid\u017eian\u010di\u0105 spausdinti ir nuskaityti i\u0161 beveik bet kurios vietos.<\/p>\n<p style=\"margin-bottom: 10px;\">DCP-L2620DW padeda suma\u017einti spausdinimo i\u0161laidas naudojant atskir\u0105 b\u016bgn\u0105 ir toner\u012f, o komplekte esantis 700 puslapi\u0173 i\u0161eigos toneris patenkins j\u016bs\u0173 didesnio spausdinimo kiekio poreikius. Toneris yra lengvai kei\u010diamas, galima \u012fsigyti didel\u0117s i\u0161eigos toner\u012f, kuriuo galima atspausdinti iki 3000 puslapi\u0173, suma\u017einant puslapio kain\u0105 ir tonerio keitimo da\u017enum\u0105.<\/p>\n<p style=\"margin-bottom: 10px;\">Gamintojo \u012frenginiuose si\u016blomos naujausios pramon\u0117s standarto saugos funkcijos, skirtos saugiai apsaugoti j\u016bs\u0173 duomenis. Brother saugos ekspertai nuolat tyrin\u0117ja naujus produkt\u0173, sprendim\u0173 ir paslaug\u0173 patobulinimus, siekdami aktyviai u\u017etikrinti, kad visi j\u0173 produktai b\u016bt\u0173 \u201esaug\u016bs\u201c. J\u016bs\u0173 Brother nespalvotas lazerinis A4 formato spausdintuvas naudoja trij\u0173 sluoksni\u0173 apsaug\u0105 \u012frenginio, tinklo ir dokument\u0173 lygmeniu, o tai suteikia ramyb\u0119, kad j\u016bs\u0173 duomen\u0173 vientisumas i\u0161saugomas kiekviename \u017eingsnyje.<\/p>\n<p>Spausdintuvo tipas: nespalvotas<\/p>\n<p>Atliekamos funkcijos: spausdinti, kopijuoti, nuskaityti<\/p>\n<p>Ekranas: LCD<\/p>\n<p>Did\u017eiausias popieriaus formatas: A4<\/p>\n<p>Atmintis: 128 MB vidin\u0117 atmintis<\/p>\n<p>Technologija: lazerinis<\/p>\n<p>Jungiamumas: belaidis, USB<\/p>\n<p>Belaid\u017eio tinklo s\u0105saja: 2.4 GHz ir 5GHz suderinamumas<\/p>\n<p>Dvipus\u0117 kopija: ne<\/p>\n<p>Nespalvoto A4 kopijavimo sparta: 32 kopijos per minut\u0119<\/p>\n<p>Dvipusio spausdinimo A4 sparta: iki 16 vaizd\u0173 per minut\u0119<\/p>\n<p>Standartinio nespalvoto spausdinimo A4 sparta: iki 32 puslapi\u0173 per minut\u0119<\/p>\n<p>Automatinis dvipusis spausdinimas: taip<\/p>\n<p>Pirmo lapo gavimo laikas: ma\u017eiau kaip 8.5 s<\/p>\n<p>Skiriamoji geba ( nespalvinio ): iki 600 x 600 dpi ( ta\u0161k\u0173 colyje )<\/p>\n<p>Dvipusis nuskaitytas vaizdas: ne<\/p>\n<p>Skiriamoji nuskaitymo geba: 1200 x 1200 dpi<\/p>\n<p>Popieriaus padavimas: standartinis d\u0117klas 250 lap\u0173<\/p>\n<p>Spausdintuvo matmenys: 410 ( plotis ) x 399 ( gylis ) x 272 ( auk\u0161tis ) mm<\/p>\n<p>Spausdintuvo svoris: 10.10 kg<\/p>\n<p>Tipinis elektros naudojimas: 0.39 kWh \/ sav<\/p>\n<p>Pakuot\u0117s turinys: spausdintuvas, komplekte esantis toneris, b\u016bgnas, maitinimo laidas, greitosios parengties vadovas, garantijos kortel\u0117<\/p>\n<p>Garantija: 36 m\u0117nesiai<\/p>\n<p><\/p>\n<p><iframe src=\"\/\/www.youtube.com\/embed\/uA6ZXolpFIs\" width=\"640\" height=\"360\" frameborder=\"0\"><\/iframe><\/p>\n<p><\/p>","protected":false},"excerpt":{"rendered":"<p>M\u0117gaukit\u0117s skland\u017eiu na\u0161umu namuose ar biure, kur\u012f u\u017etikrina lengvai prijungiamas Brother DCP-L2620DW spausdintuvas. \u0160is daugiafunkcinis nespalvotas lazerinis spausdintuvas turi \u012fvairias efektyvumo didinimo funkcijas, kurios sutaupys jums brangaus laiko. M\u0117gaukit\u0117s spar\u010diu, nepriekai\u0161tingu spausdinimu ir nuskaitymu, automatiniu dvipusiu spausdinimu ir didele popieriaus d\u0117klo talpa. Nustatyti paprasta naudojant Brother Mobile Connect program\u0117l\u0119, leid\u017eian\u010di\u0105 spausdinti ir nuskaityti i\u0161 beveik [&hellip;]<\/p>","protected":false},"featured_media":29822,"comment_status":"open","ping_status":"closed","template":"","meta":{"_season_start":"","_season_end":"","_season_days":"","_season_months":"","_season_auto_visibility":""},"product_brand":[1069],"product_cat":[1867],"product_tag":[],"class_list":{"0":"post-18690","1":"product","2":"type-product","3":"status-publish","4":"has-post-thumbnail","6":"product_brand-brother","7":"product_cat-vienspalviai-daugiafunkciniai-spausdintuvai","9":"first","10":"instock","11":"taxable","12":"shipping-taxable","13":"purchasable","14":"product-type-simple"},"yoast_head":"<!-- This site is optimized with the Yoast SEO plugin v27.4 - https:\/\/yoast.com\/product\/yoast-seo-wordpress\/ -->\n<title>Daugiafunkcinis lazerinis spausdintuvas A4 DCP-L2620DW Brother - Rutana - Ra\u0161tin\u0117s reikmenys<\/title>\n<meta name=\"robots\" content=\"index, follow, max-snippet:-1, max-image-preview:large, max-video-preview:-1\" \/>\n<link rel=\"canonical\" href=\"https:\/\/rutana.lt\/en\/product\/daugiafunkcinis-lazerinis-spausdintuvas-a4-dcp-l2620dw-brother\/\" \/>\n<meta property=\"og:locale\" content=\"en_US\" \/>\n<meta property=\"og:type\" content=\"article\" \/>\n<meta property=\"og:title\" content=\"Daugiafunkcinis lazerinis spausdintuvas A4 DCP-L2620DW Brother - Rutana - Ra\u0161tin\u0117s reikmenys\" \/>\n<meta property=\"og:description\" content=\"M\u0117gaukit\u0117s skland\u017eiu na\u0161umu namuose ar biure, kur\u012f u\u017etikrina lengvai prijungiamas Brother DCP-L2620DW spausdintuvas. \u0160is daugiafunkcinis nespalvotas lazerinis spausdintuvas turi \u012fvairias efektyvumo didinimo funkcijas, kurios sutaupys jums brangaus laiko. M\u0117gaukit\u0117s spar\u010diu, nepriekai\u0161tingu spausdinimu ir nuskaitymu, automatiniu dvipusiu spausdinimu ir didele popieriaus d\u0117klo talpa. Nustatyti paprasta naudojant Brother Mobile Connect program\u0117l\u0119, leid\u017eian\u010di\u0105 spausdinti ir nuskaityti i\u0161 beveik [&hellip;]\" \/>\n<meta property=\"og:url\" content=\"https:\/\/rutana.lt\/en\/product\/daugiafunkcinis-lazerinis-spausdintuvas-a4-dcp-l2620dw-brother\/\" \/>\n<meta property=\"og:site_name\" content=\"Rutana - Ra\u0161tin\u0117s reikmenys\" \/>\n<meta property=\"article:publisher\" content=\"https:\/\/www.facebook.com\/RutanaKanceliarinesPrekes\/\" \/>\n<meta property=\"article:modified_time\" content=\"2025-10-13T13:57:17+00:00\" \/>\n<meta property=\"og:image\" content=\"https:\/\/rutana.lt\/wp-content\/uploads\/2025\/09\/B040-946.jpg\" \/>\n\t<meta property=\"og:image:width\" content=\"1000\" \/>\n\t<meta property=\"og:image:height\" content=\"1000\" \/>\n\t<meta property=\"og:image:type\" content=\"image\/jpeg\" \/>\n<meta name=\"twitter:card\" content=\"summary_large_image\" \/>\n<meta name=\"twitter:label1\" content=\"Est. reading time\" \/>\n\t<meta name=\"twitter:data1\" content=\"2 minutes\" \/>\n<script type=\"application\/ld+json\" class=\"yoast-schema-graph\">{\"@context\":\"https:\\\/\\\/schema.org\",\"@graph\":[{\"@type\":\"WebPage\",\"@id\":\"https:\\\/\\\/rutana.lt\\\/produktas\\\/daugiafunkcinis-lazerinis-spausdintuvas-a4-dcp-l2620dw-brother\\\/\",\"url\":\"https:\\\/\\\/rutana.lt\\\/produktas\\\/daugiafunkcinis-lazerinis-spausdintuvas-a4-dcp-l2620dw-brother\\\/\",\"name\":\"Daugiafunkcinis lazerinis spausdintuvas A4 DCP-L2620DW Brother - Rutana - Ra\u0161tin\u0117s reikmenys\",\"isPartOf\":{\"@id\":\"https:\\\/\\\/rutana.lt\\\/#website\"},\"primaryImageOfPage\":{\"@id\":\"https:\\\/\\\/rutana.lt\\\/produktas\\\/daugiafunkcinis-lazerinis-spausdintuvas-a4-dcp-l2620dw-brother\\\/#primaryimage\"},\"image\":{\"@id\":\"https:\\\/\\\/rutana.lt\\\/produktas\\\/daugiafunkcinis-lazerinis-spausdintuvas-a4-dcp-l2620dw-brother\\\/#primaryimage\"},\"thumbnailUrl\":\"https:\\\/\\\/rutana.lt\\\/wp-content\\\/uploads\\\/2025\\\/09\\\/B040-946-2.jpg?v=1763563950\",\"datePublished\":\"2025-09-03T08:01:11+00:00\",\"dateModified\":\"2025-10-13T13:57:17+00:00\",\"breadcrumb\":{\"@id\":\"https:\\\/\\\/rutana.lt\\\/produktas\\\/daugiafunkcinis-lazerinis-spausdintuvas-a4-dcp-l2620dw-brother\\\/#breadcrumb\"},\"inLanguage\":\"en-US\",\"potentialAction\":[{\"@type\":\"ReadAction\",\"target\":[\"https:\\\/\\\/rutana.lt\\\/produktas\\\/daugiafunkcinis-lazerinis-spausdintuvas-a4-dcp-l2620dw-brother\\\/\"]}]},{\"@type\":\"ImageObject\",\"inLanguage\":\"en-US\",\"@id\":\"https:\\\/\\\/rutana.lt\\\/produktas\\\/daugiafunkcinis-lazerinis-spausdintuvas-a4-dcp-l2620dw-brother\\\/#primaryimage\",\"url\":\"https:\\\/\\\/rutana.lt\\\/wp-content\\\/uploads\\\/2025\\\/09\\\/B040-946-2.jpg?v=1763563950\",\"contentUrl\":\"https:\\\/\\\/rutana.lt\\\/wp-content\\\/uploads\\\/2025\\\/09\\\/B040-946-2.jpg?v=1763563950\",\"width\":1000,\"height\":1000},{\"@type\":\"BreadcrumbList\",\"@id\":\"https:\\\/\\\/rutana.lt\\\/produktas\\\/daugiafunkcinis-lazerinis-spausdintuvas-a4-dcp-l2620dw-brother\\\/#breadcrumb\",\"itemListElement\":[{\"@type\":\"ListItem\",\"position\":1,\"name\":\"Home\",\"item\":\"https:\\\/\\\/rutana.lt\\\/\"},{\"@type\":\"ListItem\",\"position\":2,\"name\":\"Parduotuv\u0117\",\"item\":\"https:\\\/\\\/rutana.lt\\\/parduotuve\\\/\"},{\"@type\":\"ListItem\",\"position\":3,\"name\":\"Daugiafunkcinis lazerinis spausdintuvas A4 DCP-L2620DW Brother\"}]},{\"@type\":\"WebSite\",\"@id\":\"https:\\\/\\\/rutana.lt\\\/#website\",\"url\":\"https:\\\/\\\/rutana.lt\\\/\",\"name\":\"Rutana - Ra\u0161tin\u0117s reikmenys\",\"description\":\"Prekiaujame pasaulin\u0117je rinkoje pripa\u017eintomis, kokybi\u0161komis biuro prek\u0117mis toki\u0173  gamintoj\u0173 kaip: Schneider, Esselte, Novus, 3M, Faber-Castell, Citizen, Milan, Leitz, Colop, Zebra, Staedtler, Durable, Tork, Parker, Waterman ir kt.\",\"publisher\":{\"@id\":\"https:\\\/\\\/rutana.lt\\\/#organization\"},\"potentialAction\":[{\"@type\":\"SearchAction\",\"target\":{\"@type\":\"EntryPoint\",\"urlTemplate\":\"https:\\\/\\\/rutana.lt\\\/?s={search_term_string}\"},\"query-input\":{\"@type\":\"PropertyValueSpecification\",\"valueRequired\":true,\"valueName\":\"search_term_string\"}}],\"inLanguage\":\"en-US\"},{\"@type\":\"Organization\",\"@id\":\"https:\\\/\\\/rutana.lt\\\/#organization\",\"name\":\"Rutana - Ra\u0161tin\u0117s reikmenys\",\"url\":\"https:\\\/\\\/rutana.lt\\\/\",\"logo\":{\"@type\":\"ImageObject\",\"inLanguage\":\"en-US\",\"@id\":\"https:\\\/\\\/rutana.lt\\\/#\\\/schema\\\/logo\\\/image\\\/\",\"url\":\"https:\\\/\\\/rutana.lt\\\/wp-content\\\/uploads\\\/2025\\\/10\\\/Asset-32.png\",\"contentUrl\":\"https:\\\/\\\/rutana.lt\\\/wp-content\\\/uploads\\\/2025\\\/10\\\/Asset-32.png\",\"width\":433,\"height\":119,\"caption\":\"Rutana - Ra\u0161tin\u0117s reikmenys\"},\"image\":{\"@id\":\"https:\\\/\\\/rutana.lt\\\/#\\\/schema\\\/logo\\\/image\\\/\"},\"sameAs\":[\"https:\\\/\\\/www.facebook.com\\\/RutanaKanceliarinesPrekes\\\/\"]}]}<\/script>\n<!-- \/ Yoast SEO plugin. -->","yoast_head_json":{"title":"Daugiafunkcinis lazerinis spausdintuvas A4 DCP-L2620DW Brother - Rutana - Ra\u0161tin\u0117s reikmenys","robots":{"index":"index","follow":"follow","max-snippet":"max-snippet:-1","max-image-preview":"max-image-preview:large","max-video-preview":"max-video-preview:-1"},"canonical":"https:\/\/rutana.lt\/en\/product\/daugiafunkcinis-lazerinis-spausdintuvas-a4-dcp-l2620dw-brother\/","og_locale":"en_US","og_type":"article","og_title":"Daugiafunkcinis lazerinis spausdintuvas A4 DCP-L2620DW Brother - Rutana - Ra\u0161tin\u0117s reikmenys","og_description":"M\u0117gaukit\u0117s skland\u017eiu na\u0161umu namuose ar biure, kur\u012f u\u017etikrina lengvai prijungiamas Brother DCP-L2620DW spausdintuvas. \u0160is daugiafunkcinis nespalvotas lazerinis spausdintuvas turi \u012fvairias efektyvumo didinimo funkcijas, kurios sutaupys jums brangaus laiko. M\u0117gaukit\u0117s spar\u010diu, nepriekai\u0161tingu spausdinimu ir nuskaitymu, automatiniu dvipusiu spausdinimu ir didele popieriaus d\u0117klo talpa. Nustatyti paprasta naudojant Brother Mobile Connect program\u0117l\u0119, leid\u017eian\u010di\u0105 spausdinti ir nuskaityti i\u0161 beveik [&hellip;]","og_url":"https:\/\/rutana.lt\/en\/product\/daugiafunkcinis-lazerinis-spausdintuvas-a4-dcp-l2620dw-brother\/","og_site_name":"Rutana - Ra\u0161tin\u0117s reikmenys","article_publisher":"https:\/\/www.facebook.com\/RutanaKanceliarinesPrekes\/","article_modified_time":"2025-10-13T13:57:17+00:00","og_image":[{"width":1000,"height":1000,"url":"https:\/\/rutana.lt\/wp-content\/uploads\/2025\/09\/B040-946.jpg","type":"image\/jpeg"}],"twitter_card":"summary_large_image","twitter_misc":{"Est. reading time":"2 minutes"},"schema":{"@context":"https:\/\/schema.org","@graph":[{"@type":"WebPage","@id":"https:\/\/rutana.lt\/produktas\/daugiafunkcinis-lazerinis-spausdintuvas-a4-dcp-l2620dw-brother\/","url":"https:\/\/rutana.lt\/produktas\/daugiafunkcinis-lazerinis-spausdintuvas-a4-dcp-l2620dw-brother\/","name":"Daugiafunkcinis lazerinis spausdintuvas A4 DCP-L2620DW Brother - Rutana - Ra\u0161tin\u0117s reikmenys","isPartOf":{"@id":"https:\/\/rutana.lt\/#website"},"primaryImageOfPage":{"@id":"https:\/\/rutana.lt\/produktas\/daugiafunkcinis-lazerinis-spausdintuvas-a4-dcp-l2620dw-brother\/#primaryimage"},"image":{"@id":"https:\/\/rutana.lt\/produktas\/daugiafunkcinis-lazerinis-spausdintuvas-a4-dcp-l2620dw-brother\/#primaryimage"},"thumbnailUrl":"https:\/\/rutana.lt\/wp-content\/uploads\/2025\/09\/B040-946-2.jpg?v=1763563950","datePublished":"2025-09-03T08:01:11+00:00","dateModified":"2025-10-13T13:57:17+00:00","breadcrumb":{"@id":"https:\/\/rutana.lt\/produktas\/daugiafunkcinis-lazerinis-spausdintuvas-a4-dcp-l2620dw-brother\/#breadcrumb"},"inLanguage":"en-US","potentialAction":[{"@type":"ReadAction","target":["https:\/\/rutana.lt\/produktas\/daugiafunkcinis-lazerinis-spausdintuvas-a4-dcp-l2620dw-brother\/"]}]},{"@type":"ImageObject","inLanguage":"en-US","@id":"https:\/\/rutana.lt\/produktas\/daugiafunkcinis-lazerinis-spausdintuvas-a4-dcp-l2620dw-brother\/#primaryimage","url":"https:\/\/rutana.lt\/wp-content\/uploads\/2025\/09\/B040-946-2.jpg?v=1763563950","contentUrl":"https:\/\/rutana.lt\/wp-content\/uploads\/2025\/09\/B040-946-2.jpg?v=1763563950","width":1000,"height":1000},{"@type":"BreadcrumbList","@id":"https:\/\/rutana.lt\/produktas\/daugiafunkcinis-lazerinis-spausdintuvas-a4-dcp-l2620dw-brother\/#breadcrumb","itemListElement":[{"@type":"ListItem","position":1,"name":"Home","item":"https:\/\/rutana.lt\/"},{"@type":"ListItem","position":2,"name":"Parduotuv\u0117","item":"https:\/\/rutana.lt\/parduotuve\/"},{"@type":"ListItem","position":3,"name":"Daugiafunkcinis lazerinis spausdintuvas A4 DCP-L2620DW Brother"}]},{"@type":"WebSite","@id":"https:\/\/rutana.lt\/#website","url":"https:\/\/rutana.lt\/","name":"Rutana - Ra\u0161tin\u0117s reikmenys","description":"Prekiaujame pasaulin\u0117je rinkoje pripa\u017eintomis, kokybi\u0161komis biuro prek\u0117mis toki\u0173  gamintoj\u0173 kaip: Schneider, Esselte, Novus, 3M, Faber-Castell, Citizen, Milan, Leitz, Colop, Zebra, Staedtler, Durable, Tork, Parker, Waterman ir kt.","publisher":{"@id":"https:\/\/rutana.lt\/#organization"},"potentialAction":[{"@type":"SearchAction","target":{"@type":"EntryPoint","urlTemplate":"https:\/\/rutana.lt\/?s={search_term_string}"},"query-input":{"@type":"PropertyValueSpecification","valueRequired":true,"valueName":"search_term_string"}}],"inLanguage":"en-US"},{"@type":"Organization","@id":"https:\/\/rutana.lt\/#organization","name":"Rutana - Ra\u0161tin\u0117s reikmenys","url":"https:\/\/rutana.lt\/","logo":{"@type":"ImageObject","inLanguage":"en-US","@id":"https:\/\/rutana.lt\/#\/schema\/logo\/image\/","url":"https:\/\/rutana.lt\/wp-content\/uploads\/2025\/10\/Asset-32.png","contentUrl":"https:\/\/rutana.lt\/wp-content\/uploads\/2025\/10\/Asset-32.png","width":433,"height":119,"caption":"Rutana - Ra\u0161tin\u0117s reikmenys"},"image":{"@id":"https:\/\/rutana.lt\/#\/schema\/logo\/image\/"},"sameAs":["https:\/\/www.facebook.com\/RutanaKanceliarinesPrekes\/"]}]}},"_links":{"self":[{"href":"https:\/\/rutana.lt\/en\/wp-json\/wp\/v2\/product\/18690","targetHints":{"allow":["GET"]}}],"collection":[{"href":"https:\/\/rutana.lt\/en\/wp-json\/wp\/v2\/product"}],"about":[{"href":"https:\/\/rutana.lt\/en\/wp-json\/wp\/v2\/types\/product"}],"replies":[{"embeddable":true,"href":"https:\/\/rutana.lt\/en\/wp-json\/wp\/v2\/comments?post=18690"}],"version-history":[{"count":1,"href":"https:\/\/rutana.lt\/en\/wp-json\/wp\/v2\/product\/18690\/revisions"}],"predecessor-version":[{"id":18755,"href":"https:\/\/rutana.lt\/en\/wp-json\/wp\/v2\/product\/18690\/revisions\/18755"}],"wp:featuredmedia":[{"embeddable":true,"href":"https:\/\/rutana.lt\/en\/wp-json\/wp\/v2\/media\/29822"}],"wp:attachment":[{"href":"https:\/\/rutana.lt\/en\/wp-json\/wp\/v2\/media?parent=18690"}],"wp:term":[{"taxonomy":"product_brand","embeddable":true,"href":"https:\/\/rutana.lt\/en\/wp-json\/wp\/v2\/product_brand?post=18690"},{"taxonomy":"product_cat","embeddable":true,"href":"https:\/\/rutana.lt\/en\/wp-json\/wp\/v2\/product_cat?post=18690"},{"taxonomy":"product_tag","embeddable":true,"href":"https:\/\/rutana.lt\/en\/wp-json\/wp\/v2\/product_tag?post=18690"}],"curies":[{"name":"wp","href":"https:\/\/api.w.org\/{rel}","templated":true}]}}