{"id":18686,"date":"2025-09-03T10:01:10","date_gmt":"2025-09-03T08:01:10","guid":{"rendered":"https:\/\/rutana.webdemo.lt\/?post_type=product&#038;p=18686"},"modified":"2025-10-13T15:57:16","modified_gmt":"2025-10-13T13:57:16","slug":"lipniu-lapeliu-kubas-75-x-75-mm-4-neonines-spalvos-400-lap-erichkrause-61671","status":"publish","type":"product","link":"https:\/\/rutana.lt\/en\/product\/lipniu-lapeliu-kubas-75-x-75-mm-4-neonines-spalvos-400-lap-erichkrause-61671\/","title":{"rendered":"Lipni\u0173 lapeli\u0173 kubas 75 x 75 mm 4 neonin\u0117s spalvos (400 lap.) ErichKrause 61671"},"content":{"rendered":"<p>Lipn\u016bs lapeliai puikiai tinka atmintin\u0117ms ir trumpiems darb\u0173 s\u0105ra\u0161ams. Pritvirtinkite u\u017era\u0161us be s\u0105var\u017e\u0117li\u0173, s\u0105var\u017e\u0117li\u0173 ar juostos. Special\u016bs klijai vandens pagrindu ir be tirpikli\u0173 ne\u017eym\u0117s popieriaus ir kit\u0173 pavir\u0161i\u0173. Popieriaus tankis yra 75 g, o tai u\u017etikrina ilgalaik\u012f ir patog\u0173 naudojim\u0105.<\/p>\n<p>Lapelio i\u0161matavimai: 75 x 75 mm<\/p>\n<p>Lapelio spalva: neonin\u0117s geltona, \u017ealia, ro\u017ein\u0117, oran\u017ein\u0117<\/p>\n<p>Bendras lapeli\u0173 kiekis: 400 vnt.<\/p>\n<p>Popieriaus storis: 75 g<\/p>\n<p>Kilm\u0117s \u0161alis: Vokietija<\/p>\n<\/p>\n<p><\/p>","protected":false},"excerpt":{"rendered":"<p>Lipn\u016bs lapeliai puikiai tinka atmintin\u0117ms ir trumpiems darb\u0173 s\u0105ra\u0161ams. Pritvirtinkite u\u017era\u0161us be s\u0105var\u017e\u0117li\u0173, s\u0105var\u017e\u0117li\u0173 ar juostos. Special\u016bs klijai vandens pagrindu ir be tirpikli\u0173 ne\u017eym\u0117s popieriaus ir kit\u0173 pavir\u0161i\u0173. Popieriaus tankis yra 75 g, o tai u\u017etikrina ilgalaik\u012f ir patog\u0173 naudojim\u0105. Lapelio i\u0161matavimai: 75 x 75 mm Lapelio spalva: neonin\u0117s geltona, \u017ealia, ro\u017ein\u0117, oran\u017ein\u0117 Bendras lapeli\u0173 [&hellip;]<\/p>","protected":false},"featured_media":29818,"comment_status":"open","ping_status":"closed","template":"","meta":{"_season_start":"","_season_end":"","_season_days":"","_season_months":"","_season_auto_visibility":""},"product_brand":[648],"product_cat":[1769],"product_tag":[],"class_list":{"0":"post-18686","1":"product","2":"type-product","3":"status-publish","4":"has-post-thumbnail","6":"product_brand-erichkrause","7":"product_cat-76-x-76-mm","9":"first","10":"instock","11":"taxable","12":"shipping-taxable","13":"purchasable","14":"product-type-simple"},"yoast_head":"<!-- This site is optimized with the Yoast SEO plugin v26.1.1 - https:\/\/yoast.com\/wordpress\/plugins\/seo\/ -->\n<title>Lipni\u0173 lapeli\u0173 kubas 75 x 75 mm 4 neonin\u0117s spalvos (400 lap.) ErichKrause 61671 - Rutana - Ra\u0161tin\u0117s reikmenys<\/title>\n<meta name=\"robots\" content=\"index, follow, max-snippet:-1, max-image-preview:large, max-video-preview:-1\" \/>\n<link rel=\"canonical\" href=\"https:\/\/rutana.lt\/en\/product\/lipniu-lapeliu-kubas-75-x-75-mm-4-neonines-spalvos-400-lap-erichkrause-61671\/\" \/>\n<meta property=\"og:locale\" content=\"en_US\" \/>\n<meta property=\"og:type\" content=\"article\" \/>\n<meta property=\"og:title\" content=\"Lipni\u0173 lapeli\u0173 kubas 75 x 75 mm 4 neonin\u0117s spalvos (400 lap.) ErichKrause 61671 - Rutana - Ra\u0161tin\u0117s reikmenys\" \/>\n<meta property=\"og:description\" content=\"Lipn\u016bs lapeliai puikiai tinka atmintin\u0117ms ir trumpiems darb\u0173 s\u0105ra\u0161ams. Pritvirtinkite u\u017era\u0161us be s\u0105var\u017e\u0117li\u0173, s\u0105var\u017e\u0117li\u0173 ar juostos. Special\u016bs klijai vandens pagrindu ir be tirpikli\u0173 ne\u017eym\u0117s popieriaus ir kit\u0173 pavir\u0161i\u0173. Popieriaus tankis yra 75 g, o tai u\u017etikrina ilgalaik\u012f ir patog\u0173 naudojim\u0105. Lapelio i\u0161matavimai: 75 x 75 mm Lapelio spalva: neonin\u0117s geltona, \u017ealia, ro\u017ein\u0117, oran\u017ein\u0117 Bendras lapeli\u0173 [&hellip;]\" \/>\n<meta property=\"og:url\" content=\"https:\/\/rutana.lt\/en\/product\/lipniu-lapeliu-kubas-75-x-75-mm-4-neonines-spalvos-400-lap-erichkrause-61671\/\" \/>\n<meta property=\"og:site_name\" content=\"Rutana - Ra\u0161tin\u0117s reikmenys\" \/>\n<meta property=\"article:publisher\" content=\"https:\/\/www.facebook.com\/RutanaKanceliarinesPrekes\/\" \/>\n<meta property=\"article:modified_time\" content=\"2025-10-13T13:57:16+00:00\" \/>\n<meta property=\"og:image\" content=\"https:\/\/rutana.lt\/wp-content\/uploads\/2025\/09\/A103-749.jpg\" \/>\n\t<meta property=\"og:image:width\" content=\"1000\" \/>\n\t<meta property=\"og:image:height\" content=\"1000\" \/>\n\t<meta property=\"og:image:type\" content=\"image\/jpeg\" \/>\n<meta name=\"twitter:card\" content=\"summary_large_image\" \/>\n<script type=\"application\/ld+json\" class=\"yoast-schema-graph\">{\"@context\":\"https:\/\/schema.org\",\"@graph\":[{\"@type\":\"WebPage\",\"@id\":\"https:\/\/rutana.lt\/produktas\/lipniu-lapeliu-kubas-75-x-75-mm-4-neonines-spalvos-400-lap-erichkrause-61671\/\",\"url\":\"https:\/\/rutana.lt\/produktas\/lipniu-lapeliu-kubas-75-x-75-mm-4-neonines-spalvos-400-lap-erichkrause-61671\/\",\"name\":\"Lipni\u0173 lapeli\u0173 kubas 75 x 75 mm 4 neonin\u0117s spalvos (400 lap.) ErichKrause 61671 - Rutana - Ra\u0161tin\u0117s reikmenys\",\"isPartOf\":{\"@id\":\"https:\/\/rutana.lt\/#website\"},\"primaryImageOfPage\":{\"@id\":\"https:\/\/rutana.lt\/produktas\/lipniu-lapeliu-kubas-75-x-75-mm-4-neonines-spalvos-400-lap-erichkrause-61671\/#primaryimage\"},\"image\":{\"@id\":\"https:\/\/rutana.lt\/produktas\/lipniu-lapeliu-kubas-75-x-75-mm-4-neonines-spalvos-400-lap-erichkrause-61671\/#primaryimage\"},\"thumbnailUrl\":\"https:\/\/rutana.lt\/wp-content\/uploads\/2025\/09\/A103-749-1.jpg?v=1763563961\",\"datePublished\":\"2025-09-03T08:01:10+00:00\",\"dateModified\":\"2025-10-13T13:57:16+00:00\",\"breadcrumb\":{\"@id\":\"https:\/\/rutana.lt\/produktas\/lipniu-lapeliu-kubas-75-x-75-mm-4-neonines-spalvos-400-lap-erichkrause-61671\/#breadcrumb\"},\"inLanguage\":\"en-US\",\"potentialAction\":[{\"@type\":\"ReadAction\",\"target\":[\"https:\/\/rutana.lt\/produktas\/lipniu-lapeliu-kubas-75-x-75-mm-4-neonines-spalvos-400-lap-erichkrause-61671\/\"]}]},{\"@type\":\"ImageObject\",\"inLanguage\":\"en-US\",\"@id\":\"https:\/\/rutana.lt\/produktas\/lipniu-lapeliu-kubas-75-x-75-mm-4-neonines-spalvos-400-lap-erichkrause-61671\/#primaryimage\",\"url\":\"https:\/\/rutana.lt\/wp-content\/uploads\/2025\/09\/A103-749-1.jpg?v=1763563961\",\"contentUrl\":\"https:\/\/rutana.lt\/wp-content\/uploads\/2025\/09\/A103-749-1.jpg?v=1763563961\",\"width\":1000,\"height\":1000},{\"@type\":\"BreadcrumbList\",\"@id\":\"https:\/\/rutana.lt\/produktas\/lipniu-lapeliu-kubas-75-x-75-mm-4-neonines-spalvos-400-lap-erichkrause-61671\/#breadcrumb\",\"itemListElement\":[{\"@type\":\"ListItem\",\"position\":1,\"name\":\"Home\",\"item\":\"https:\/\/rutana.lt\/\"},{\"@type\":\"ListItem\",\"position\":2,\"name\":\"Parduotuv\u0117\",\"item\":\"https:\/\/rutana.lt\/parduotuve\/\"},{\"@type\":\"ListItem\",\"position\":3,\"name\":\"Lipni\u0173 lapeli\u0173 kubas 75 x 75 mm 4 neonin\u0117s spalvos (400 lap.) ErichKrause 61671\"}]},{\"@type\":\"WebSite\",\"@id\":\"https:\/\/rutana.lt\/#website\",\"url\":\"https:\/\/rutana.lt\/\",\"name\":\"Rutana - Ra\u0161tin\u0117s reikmenys\",\"description\":\"Prekiaujame pasaulin\u0117je rinkoje pripa\u017eintomis, kokybi\u0161komis biuro prek\u0117mis toki\u0173  gamintoj\u0173 kaip: Schneider, Esselte, Novus, 3M, Faber-Castell, Citizen, Milan, Leitz, Colop, Zebra, Staedtler, Durable, Tork, Parker, Waterman ir kt.\",\"publisher\":{\"@id\":\"https:\/\/rutana.lt\/#organization\"},\"potentialAction\":[{\"@type\":\"SearchAction\",\"target\":{\"@type\":\"EntryPoint\",\"urlTemplate\":\"https:\/\/rutana.lt\/?s={search_term_string}\"},\"query-input\":{\"@type\":\"PropertyValueSpecification\",\"valueRequired\":true,\"valueName\":\"search_term_string\"}}],\"inLanguage\":\"en-US\"},{\"@type\":\"Organization\",\"@id\":\"https:\/\/rutana.lt\/#organization\",\"name\":\"Rutana - Ra\u0161tin\u0117s reikmenys\",\"url\":\"https:\/\/rutana.lt\/\",\"logo\":{\"@type\":\"ImageObject\",\"inLanguage\":\"en-US\",\"@id\":\"https:\/\/rutana.lt\/#\/schema\/logo\/image\/\",\"url\":\"https:\/\/rutana.lt\/wp-content\/uploads\/2025\/10\/Asset-32.png\",\"contentUrl\":\"https:\/\/rutana.lt\/wp-content\/uploads\/2025\/10\/Asset-32.png\",\"width\":433,\"height\":119,\"caption\":\"Rutana - Ra\u0161tin\u0117s reikmenys\"},\"image\":{\"@id\":\"https:\/\/rutana.lt\/#\/schema\/logo\/image\/\"},\"sameAs\":[\"https:\/\/www.facebook.com\/RutanaKanceliarinesPrekes\/\"]}]}<\/script>\n<!-- \/ Yoast SEO plugin. -->","yoast_head_json":{"title":"Lipni\u0173 lapeli\u0173 kubas 75 x 75 mm 4 neonin\u0117s spalvos (400 lap.) ErichKrause 61671 - Rutana - Ra\u0161tin\u0117s reikmenys","robots":{"index":"index","follow":"follow","max-snippet":"max-snippet:-1","max-image-preview":"max-image-preview:large","max-video-preview":"max-video-preview:-1"},"canonical":"https:\/\/rutana.lt\/en\/product\/lipniu-lapeliu-kubas-75-x-75-mm-4-neonines-spalvos-400-lap-erichkrause-61671\/","og_locale":"en_US","og_type":"article","og_title":"Lipni\u0173 lapeli\u0173 kubas 75 x 75 mm 4 neonin\u0117s spalvos (400 lap.) ErichKrause 61671 - Rutana - Ra\u0161tin\u0117s reikmenys","og_description":"Lipn\u016bs lapeliai puikiai tinka atmintin\u0117ms ir trumpiems darb\u0173 s\u0105ra\u0161ams. Pritvirtinkite u\u017era\u0161us be s\u0105var\u017e\u0117li\u0173, s\u0105var\u017e\u0117li\u0173 ar juostos. Special\u016bs klijai vandens pagrindu ir be tirpikli\u0173 ne\u017eym\u0117s popieriaus ir kit\u0173 pavir\u0161i\u0173. Popieriaus tankis yra 75 g, o tai u\u017etikrina ilgalaik\u012f ir patog\u0173 naudojim\u0105. Lapelio i\u0161matavimai: 75 x 75 mm Lapelio spalva: neonin\u0117s geltona, \u017ealia, ro\u017ein\u0117, oran\u017ein\u0117 Bendras lapeli\u0173 [&hellip;]","og_url":"https:\/\/rutana.lt\/en\/product\/lipniu-lapeliu-kubas-75-x-75-mm-4-neonines-spalvos-400-lap-erichkrause-61671\/","og_site_name":"Rutana - Ra\u0161tin\u0117s reikmenys","article_publisher":"https:\/\/www.facebook.com\/RutanaKanceliarinesPrekes\/","article_modified_time":"2025-10-13T13:57:16+00:00","og_image":[{"width":1000,"height":1000,"url":"https:\/\/rutana.lt\/wp-content\/uploads\/2025\/09\/A103-749.jpg","type":"image\/jpeg"}],"twitter_card":"summary_large_image","schema":{"@context":"https:\/\/schema.org","@graph":[{"@type":"WebPage","@id":"https:\/\/rutana.lt\/produktas\/lipniu-lapeliu-kubas-75-x-75-mm-4-neonines-spalvos-400-lap-erichkrause-61671\/","url":"https:\/\/rutana.lt\/produktas\/lipniu-lapeliu-kubas-75-x-75-mm-4-neonines-spalvos-400-lap-erichkrause-61671\/","name":"Lipni\u0173 lapeli\u0173 kubas 75 x 75 mm 4 neonin\u0117s spalvos (400 lap.) ErichKrause 61671 - Rutana - Ra\u0161tin\u0117s reikmenys","isPartOf":{"@id":"https:\/\/rutana.lt\/#website"},"primaryImageOfPage":{"@id":"https:\/\/rutana.lt\/produktas\/lipniu-lapeliu-kubas-75-x-75-mm-4-neonines-spalvos-400-lap-erichkrause-61671\/#primaryimage"},"image":{"@id":"https:\/\/rutana.lt\/produktas\/lipniu-lapeliu-kubas-75-x-75-mm-4-neonines-spalvos-400-lap-erichkrause-61671\/#primaryimage"},"thumbnailUrl":"https:\/\/rutana.lt\/wp-content\/uploads\/2025\/09\/A103-749-1.jpg?v=1763563961","datePublished":"2025-09-03T08:01:10+00:00","dateModified":"2025-10-13T13:57:16+00:00","breadcrumb":{"@id":"https:\/\/rutana.lt\/produktas\/lipniu-lapeliu-kubas-75-x-75-mm-4-neonines-spalvos-400-lap-erichkrause-61671\/#breadcrumb"},"inLanguage":"en-US","potentialAction":[{"@type":"ReadAction","target":["https:\/\/rutana.lt\/produktas\/lipniu-lapeliu-kubas-75-x-75-mm-4-neonines-spalvos-400-lap-erichkrause-61671\/"]}]},{"@type":"ImageObject","inLanguage":"en-US","@id":"https:\/\/rutana.lt\/produktas\/lipniu-lapeliu-kubas-75-x-75-mm-4-neonines-spalvos-400-lap-erichkrause-61671\/#primaryimage","url":"https:\/\/rutana.lt\/wp-content\/uploads\/2025\/09\/A103-749-1.jpg?v=1763563961","contentUrl":"https:\/\/rutana.lt\/wp-content\/uploads\/2025\/09\/A103-749-1.jpg?v=1763563961","width":1000,"height":1000},{"@type":"BreadcrumbList","@id":"https:\/\/rutana.lt\/produktas\/lipniu-lapeliu-kubas-75-x-75-mm-4-neonines-spalvos-400-lap-erichkrause-61671\/#breadcrumb","itemListElement":[{"@type":"ListItem","position":1,"name":"Home","item":"https:\/\/rutana.lt\/"},{"@type":"ListItem","position":2,"name":"Parduotuv\u0117","item":"https:\/\/rutana.lt\/parduotuve\/"},{"@type":"ListItem","position":3,"name":"Lipni\u0173 lapeli\u0173 kubas 75 x 75 mm 4 neonin\u0117s spalvos (400 lap.) ErichKrause 61671"}]},{"@type":"WebSite","@id":"https:\/\/rutana.lt\/#website","url":"https:\/\/rutana.lt\/","name":"Rutana - Ra\u0161tin\u0117s reikmenys","description":"Prekiaujame pasaulin\u0117je rinkoje pripa\u017eintomis, kokybi\u0161komis biuro prek\u0117mis toki\u0173  gamintoj\u0173 kaip: Schneider, Esselte, Novus, 3M, Faber-Castell, Citizen, Milan, Leitz, Colop, Zebra, Staedtler, Durable, Tork, Parker, Waterman ir kt.","publisher":{"@id":"https:\/\/rutana.lt\/#organization"},"potentialAction":[{"@type":"SearchAction","target":{"@type":"EntryPoint","urlTemplate":"https:\/\/rutana.lt\/?s={search_term_string}"},"query-input":{"@type":"PropertyValueSpecification","valueRequired":true,"valueName":"search_term_string"}}],"inLanguage":"en-US"},{"@type":"Organization","@id":"https:\/\/rutana.lt\/#organization","name":"Rutana - Ra\u0161tin\u0117s reikmenys","url":"https:\/\/rutana.lt\/","logo":{"@type":"ImageObject","inLanguage":"en-US","@id":"https:\/\/rutana.lt\/#\/schema\/logo\/image\/","url":"https:\/\/rutana.lt\/wp-content\/uploads\/2025\/10\/Asset-32.png","contentUrl":"https:\/\/rutana.lt\/wp-content\/uploads\/2025\/10\/Asset-32.png","width":433,"height":119,"caption":"Rutana - Ra\u0161tin\u0117s reikmenys"},"image":{"@id":"https:\/\/rutana.lt\/#\/schema\/logo\/image\/"},"sameAs":["https:\/\/www.facebook.com\/RutanaKanceliarinesPrekes\/"]}]}},"_links":{"self":[{"href":"https:\/\/rutana.lt\/en\/wp-json\/wp\/v2\/product\/18686","targetHints":{"allow":["GET"]}}],"collection":[{"href":"https:\/\/rutana.lt\/en\/wp-json\/wp\/v2\/product"}],"about":[{"href":"https:\/\/rutana.lt\/en\/wp-json\/wp\/v2\/types\/product"}],"replies":[{"embeddable":true,"href":"https:\/\/rutana.lt\/en\/wp-json\/wp\/v2\/comments?post=18686"}],"version-history":[{"count":1,"href":"https:\/\/rutana.lt\/en\/wp-json\/wp\/v2\/product\/18686\/revisions"}],"predecessor-version":[{"id":18727,"href":"https:\/\/rutana.lt\/en\/wp-json\/wp\/v2\/product\/18686\/revisions\/18727"}],"wp:featuredmedia":[{"embeddable":true,"href":"https:\/\/rutana.lt\/en\/wp-json\/wp\/v2\/media\/29818"}],"wp:attachment":[{"href":"https:\/\/rutana.lt\/en\/wp-json\/wp\/v2\/media?parent=18686"}],"wp:term":[{"taxonomy":"product_brand","embeddable":true,"href":"https:\/\/rutana.lt\/en\/wp-json\/wp\/v2\/product_brand?post=18686"},{"taxonomy":"product_cat","embeddable":true,"href":"https:\/\/rutana.lt\/en\/wp-json\/wp\/v2\/product_cat?post=18686"},{"taxonomy":"product_tag","embeddable":true,"href":"https:\/\/rutana.lt\/en\/wp-json\/wp\/v2\/product_tag?post=18686"}],"curies":[{"name":"wp","href":"https:\/\/api.w.org\/{rel}","templated":true}]}}