{"id":18644,"date":"2025-09-03T10:00:47","date_gmt":"2025-09-03T08:00:47","guid":{"rendered":"https:\/\/rutana.webdemo.lt\/?post_type=product&#038;p=18644"},"modified":"2025-10-13T15:57:08","modified_gmt":"2025-10-13T13:57:08","slug":"automatinis-gelio-rasiklis-oh-gel-0-7mm-melynas-pentel-k497","status":"publish","type":"product","link":"https:\/\/rutana.lt\/en\/product\/automatinis-gelio-rasiklis-oh-gel-0-7mm-melynas-pentel-k497\/","title":{"rendered":"Automatinis gelio ra\u0161iklis Oh! Gel 0.7mm m\u0117lynas Pentel K497"},"content":{"rendered":"<p>Pentel Oh! automatinis gelio ra\u0161iklis skirtas kasdieniam naudojimui. Lygi gumin\u0117 rankena be latekso, patrauklus korio ra\u0161tas ant korpuso ir metalinis ki\u0161eninis segtukas. Vidutinio storio ra\u0161iklio galvut\u0117 u\u017etikrina vienod\u0105 ra\u0161alo sraut\u0105, naudojant archyvin\u012f ra\u0161al\u0105 be r\u016bg\u0161\u010di\u0173.<\/p>\n<p>\u0160erdel\u0117s galvut\u0117s storis: 0.7 mm<\/p>\n<p>Br\u0117\u017eiamos linijos storis: 0.35 mm<\/p>\n<p>Tu\u0161o spalva: m\u0117lyna <\/p>\n<p>Kilm\u0117s \u0161alis: Japonija <\/p>\n<\/p>\n<p><\/p>\n<p><\/p>","protected":false},"excerpt":{"rendered":"<p>Pentel Oh! automatinis gelio ra\u0161iklis skirtas kasdieniam naudojimui. Lygi gumin\u0117 rankena be latekso, patrauklus korio ra\u0161tas ant korpuso ir metalinis ki\u0161eninis segtukas. Vidutinio storio ra\u0161iklio galvut\u0117 u\u017etikrina vienod\u0105 ra\u0161alo sraut\u0105, naudojant archyvin\u012f ra\u0161al\u0105 be r\u016bg\u0161\u010di\u0173. \u0160erdel\u0117s galvut\u0117s storis: 0.7 mm Br\u0117\u017eiamos linijos storis: 0.35 mm Tu\u0161o spalva: m\u0117lyna Kilm\u0117s \u0161alis: Japonija<\/p>","protected":false},"featured_media":29804,"comment_status":"open","ping_status":"closed","template":"","meta":{"_season_start":"","_season_end":"","_season_days":"","_season_months":"","_season_auto_visibility":""},"product_brand":[576],"product_cat":[1747],"product_tag":[],"class_list":{"0":"post-18644","1":"product","2":"type-product","3":"status-publish","4":"has-post-thumbnail","6":"product_brand-pentel","7":"product_cat-geliniai-rasikliai","9":"first","10":"instock","11":"taxable","12":"shipping-taxable","13":"purchasable","14":"product-type-simple"},"yoast_head":"<!-- This site is optimized with the Yoast SEO plugin v27.4 - https:\/\/yoast.com\/product\/yoast-seo-wordpress\/ -->\n<title>Automatinis gelio ra\u0161iklis Oh! Gel 0.7mm m\u0117lynas Pentel K497 - Rutana - Ra\u0161tin\u0117s reikmenys<\/title>\n<meta name=\"robots\" content=\"index, follow, max-snippet:-1, max-image-preview:large, max-video-preview:-1\" \/>\n<link rel=\"canonical\" href=\"https:\/\/rutana.lt\/en\/product\/automatinis-gelio-rasiklis-oh-gel-0-7mm-melynas-pentel-k497\/\" \/>\n<meta property=\"og:locale\" content=\"en_US\" \/>\n<meta property=\"og:type\" content=\"article\" \/>\n<meta property=\"og:title\" content=\"Automatinis gelio ra\u0161iklis Oh! Gel 0.7mm m\u0117lynas Pentel K497 - Rutana - Ra\u0161tin\u0117s reikmenys\" \/>\n<meta property=\"og:description\" content=\"Pentel Oh! automatinis gelio ra\u0161iklis skirtas kasdieniam naudojimui. Lygi gumin\u0117 rankena be latekso, patrauklus korio ra\u0161tas ant korpuso ir metalinis ki\u0161eninis segtukas. Vidutinio storio ra\u0161iklio galvut\u0117 u\u017etikrina vienod\u0105 ra\u0161alo sraut\u0105, naudojant archyvin\u012f ra\u0161al\u0105 be r\u016bg\u0161\u010di\u0173. \u0160erdel\u0117s galvut\u0117s storis: 0.7 mm Br\u0117\u017eiamos linijos storis: 0.35 mm Tu\u0161o spalva: m\u0117lyna Kilm\u0117s \u0161alis: Japonija\" \/>\n<meta property=\"og:url\" content=\"https:\/\/rutana.lt\/en\/product\/automatinis-gelio-rasiklis-oh-gel-0-7mm-melynas-pentel-k497\/\" \/>\n<meta property=\"og:site_name\" content=\"Rutana - Ra\u0161tin\u0117s reikmenys\" \/>\n<meta property=\"article:publisher\" content=\"https:\/\/www.facebook.com\/RutanaKanceliarinesPrekes\/\" \/>\n<meta property=\"article:modified_time\" content=\"2025-10-13T13:57:08+00:00\" \/>\n<meta property=\"og:image\" content=\"https:\/\/rutana.lt\/wp-content\/uploads\/2025\/09\/C042-062.jpg\" \/>\n\t<meta property=\"og:image:width\" content=\"600\" \/>\n\t<meta property=\"og:image:height\" content=\"600\" \/>\n\t<meta property=\"og:image:type\" content=\"image\/jpeg\" \/>\n<meta name=\"twitter:card\" content=\"summary_large_image\" \/>\n<script type=\"application\/ld+json\" class=\"yoast-schema-graph\">{\"@context\":\"https:\\\/\\\/schema.org\",\"@graph\":[{\"@type\":\"WebPage\",\"@id\":\"https:\\\/\\\/rutana.lt\\\/produktas\\\/automatinis-gelio-rasiklis-oh-gel-0-7mm-melynas-pentel-k497\\\/\",\"url\":\"https:\\\/\\\/rutana.lt\\\/produktas\\\/automatinis-gelio-rasiklis-oh-gel-0-7mm-melynas-pentel-k497\\\/\",\"name\":\"Automatinis gelio ra\u0161iklis Oh! Gel 0.7mm m\u0117lynas Pentel K497 - Rutana - Ra\u0161tin\u0117s reikmenys\",\"isPartOf\":{\"@id\":\"https:\\\/\\\/rutana.lt\\\/#website\"},\"primaryImageOfPage\":{\"@id\":\"https:\\\/\\\/rutana.lt\\\/produktas\\\/automatinis-gelio-rasiklis-oh-gel-0-7mm-melynas-pentel-k497\\\/#primaryimage\"},\"image\":{\"@id\":\"https:\\\/\\\/rutana.lt\\\/produktas\\\/automatinis-gelio-rasiklis-oh-gel-0-7mm-melynas-pentel-k497\\\/#primaryimage\"},\"thumbnailUrl\":\"https:\\\/\\\/rutana.lt\\\/wp-content\\\/uploads\\\/2025\\\/09\\\/C042-062-1.jpg?v=1763563982\",\"datePublished\":\"2025-09-03T08:00:47+00:00\",\"dateModified\":\"2025-10-13T13:57:08+00:00\",\"breadcrumb\":{\"@id\":\"https:\\\/\\\/rutana.lt\\\/produktas\\\/automatinis-gelio-rasiklis-oh-gel-0-7mm-melynas-pentel-k497\\\/#breadcrumb\"},\"inLanguage\":\"en-US\",\"potentialAction\":[{\"@type\":\"ReadAction\",\"target\":[\"https:\\\/\\\/rutana.lt\\\/produktas\\\/automatinis-gelio-rasiklis-oh-gel-0-7mm-melynas-pentel-k497\\\/\"]}]},{\"@type\":\"ImageObject\",\"inLanguage\":\"en-US\",\"@id\":\"https:\\\/\\\/rutana.lt\\\/produktas\\\/automatinis-gelio-rasiklis-oh-gel-0-7mm-melynas-pentel-k497\\\/#primaryimage\",\"url\":\"https:\\\/\\\/rutana.lt\\\/wp-content\\\/uploads\\\/2025\\\/09\\\/C042-062-1.jpg?v=1763563982\",\"contentUrl\":\"https:\\\/\\\/rutana.lt\\\/wp-content\\\/uploads\\\/2025\\\/09\\\/C042-062-1.jpg?v=1763563982\",\"width\":600,\"height\":600},{\"@type\":\"BreadcrumbList\",\"@id\":\"https:\\\/\\\/rutana.lt\\\/produktas\\\/automatinis-gelio-rasiklis-oh-gel-0-7mm-melynas-pentel-k497\\\/#breadcrumb\",\"itemListElement\":[{\"@type\":\"ListItem\",\"position\":1,\"name\":\"Home\",\"item\":\"https:\\\/\\\/rutana.lt\\\/\"},{\"@type\":\"ListItem\",\"position\":2,\"name\":\"Parduotuv\u0117\",\"item\":\"https:\\\/\\\/rutana.lt\\\/parduotuve\\\/\"},{\"@type\":\"ListItem\",\"position\":3,\"name\":\"Automatinis gelio ra\u0161iklis Oh! Gel 0.7mm m\u0117lynas Pentel K497\"}]},{\"@type\":\"WebSite\",\"@id\":\"https:\\\/\\\/rutana.lt\\\/#website\",\"url\":\"https:\\\/\\\/rutana.lt\\\/\",\"name\":\"Rutana - Ra\u0161tin\u0117s reikmenys\",\"description\":\"Prekiaujame pasaulin\u0117je rinkoje pripa\u017eintomis, kokybi\u0161komis biuro prek\u0117mis toki\u0173  gamintoj\u0173 kaip: Schneider, Esselte, Novus, 3M, Faber-Castell, Citizen, Milan, Leitz, Colop, Zebra, Staedtler, Durable, Tork, Parker, Waterman ir kt.\",\"publisher\":{\"@id\":\"https:\\\/\\\/rutana.lt\\\/#organization\"},\"potentialAction\":[{\"@type\":\"SearchAction\",\"target\":{\"@type\":\"EntryPoint\",\"urlTemplate\":\"https:\\\/\\\/rutana.lt\\\/?s={search_term_string}\"},\"query-input\":{\"@type\":\"PropertyValueSpecification\",\"valueRequired\":true,\"valueName\":\"search_term_string\"}}],\"inLanguage\":\"en-US\"},{\"@type\":\"Organization\",\"@id\":\"https:\\\/\\\/rutana.lt\\\/#organization\",\"name\":\"Rutana - Ra\u0161tin\u0117s reikmenys\",\"url\":\"https:\\\/\\\/rutana.lt\\\/\",\"logo\":{\"@type\":\"ImageObject\",\"inLanguage\":\"en-US\",\"@id\":\"https:\\\/\\\/rutana.lt\\\/#\\\/schema\\\/logo\\\/image\\\/\",\"url\":\"https:\\\/\\\/rutana.lt\\\/wp-content\\\/uploads\\\/2025\\\/10\\\/Asset-32.png\",\"contentUrl\":\"https:\\\/\\\/rutana.lt\\\/wp-content\\\/uploads\\\/2025\\\/10\\\/Asset-32.png\",\"width\":433,\"height\":119,\"caption\":\"Rutana - Ra\u0161tin\u0117s reikmenys\"},\"image\":{\"@id\":\"https:\\\/\\\/rutana.lt\\\/#\\\/schema\\\/logo\\\/image\\\/\"},\"sameAs\":[\"https:\\\/\\\/www.facebook.com\\\/RutanaKanceliarinesPrekes\\\/\"]}]}<\/script>\n<!-- \/ Yoast SEO plugin. -->","yoast_head_json":{"title":"Automatinis gelio ra\u0161iklis Oh! Gel 0.7mm m\u0117lynas Pentel K497 - Rutana - Ra\u0161tin\u0117s reikmenys","robots":{"index":"index","follow":"follow","max-snippet":"max-snippet:-1","max-image-preview":"max-image-preview:large","max-video-preview":"max-video-preview:-1"},"canonical":"https:\/\/rutana.lt\/en\/product\/automatinis-gelio-rasiklis-oh-gel-0-7mm-melynas-pentel-k497\/","og_locale":"en_US","og_type":"article","og_title":"Automatinis gelio ra\u0161iklis Oh! Gel 0.7mm m\u0117lynas Pentel K497 - Rutana - Ra\u0161tin\u0117s reikmenys","og_description":"Pentel Oh! automatinis gelio ra\u0161iklis skirtas kasdieniam naudojimui. Lygi gumin\u0117 rankena be latekso, patrauklus korio ra\u0161tas ant korpuso ir metalinis ki\u0161eninis segtukas. Vidutinio storio ra\u0161iklio galvut\u0117 u\u017etikrina vienod\u0105 ra\u0161alo sraut\u0105, naudojant archyvin\u012f ra\u0161al\u0105 be r\u016bg\u0161\u010di\u0173. \u0160erdel\u0117s galvut\u0117s storis: 0.7 mm Br\u0117\u017eiamos linijos storis: 0.35 mm Tu\u0161o spalva: m\u0117lyna Kilm\u0117s \u0161alis: Japonija","og_url":"https:\/\/rutana.lt\/en\/product\/automatinis-gelio-rasiklis-oh-gel-0-7mm-melynas-pentel-k497\/","og_site_name":"Rutana - Ra\u0161tin\u0117s reikmenys","article_publisher":"https:\/\/www.facebook.com\/RutanaKanceliarinesPrekes\/","article_modified_time":"2025-10-13T13:57:08+00:00","og_image":[{"width":600,"height":600,"url":"https:\/\/rutana.lt\/wp-content\/uploads\/2025\/09\/C042-062.jpg","type":"image\/jpeg"}],"twitter_card":"summary_large_image","schema":{"@context":"https:\/\/schema.org","@graph":[{"@type":"WebPage","@id":"https:\/\/rutana.lt\/produktas\/automatinis-gelio-rasiklis-oh-gel-0-7mm-melynas-pentel-k497\/","url":"https:\/\/rutana.lt\/produktas\/automatinis-gelio-rasiklis-oh-gel-0-7mm-melynas-pentel-k497\/","name":"Automatinis gelio ra\u0161iklis Oh! Gel 0.7mm m\u0117lynas Pentel K497 - Rutana - Ra\u0161tin\u0117s reikmenys","isPartOf":{"@id":"https:\/\/rutana.lt\/#website"},"primaryImageOfPage":{"@id":"https:\/\/rutana.lt\/produktas\/automatinis-gelio-rasiklis-oh-gel-0-7mm-melynas-pentel-k497\/#primaryimage"},"image":{"@id":"https:\/\/rutana.lt\/produktas\/automatinis-gelio-rasiklis-oh-gel-0-7mm-melynas-pentel-k497\/#primaryimage"},"thumbnailUrl":"https:\/\/rutana.lt\/wp-content\/uploads\/2025\/09\/C042-062-1.jpg?v=1763563982","datePublished":"2025-09-03T08:00:47+00:00","dateModified":"2025-10-13T13:57:08+00:00","breadcrumb":{"@id":"https:\/\/rutana.lt\/produktas\/automatinis-gelio-rasiklis-oh-gel-0-7mm-melynas-pentel-k497\/#breadcrumb"},"inLanguage":"en-US","potentialAction":[{"@type":"ReadAction","target":["https:\/\/rutana.lt\/produktas\/automatinis-gelio-rasiklis-oh-gel-0-7mm-melynas-pentel-k497\/"]}]},{"@type":"ImageObject","inLanguage":"en-US","@id":"https:\/\/rutana.lt\/produktas\/automatinis-gelio-rasiklis-oh-gel-0-7mm-melynas-pentel-k497\/#primaryimage","url":"https:\/\/rutana.lt\/wp-content\/uploads\/2025\/09\/C042-062-1.jpg?v=1763563982","contentUrl":"https:\/\/rutana.lt\/wp-content\/uploads\/2025\/09\/C042-062-1.jpg?v=1763563982","width":600,"height":600},{"@type":"BreadcrumbList","@id":"https:\/\/rutana.lt\/produktas\/automatinis-gelio-rasiklis-oh-gel-0-7mm-melynas-pentel-k497\/#breadcrumb","itemListElement":[{"@type":"ListItem","position":1,"name":"Home","item":"https:\/\/rutana.lt\/"},{"@type":"ListItem","position":2,"name":"Parduotuv\u0117","item":"https:\/\/rutana.lt\/parduotuve\/"},{"@type":"ListItem","position":3,"name":"Automatinis gelio ra\u0161iklis Oh! Gel 0.7mm m\u0117lynas Pentel K497"}]},{"@type":"WebSite","@id":"https:\/\/rutana.lt\/#website","url":"https:\/\/rutana.lt\/","name":"Rutana - Ra\u0161tin\u0117s reikmenys","description":"Prekiaujame pasaulin\u0117je rinkoje pripa\u017eintomis, kokybi\u0161komis biuro prek\u0117mis toki\u0173  gamintoj\u0173 kaip: Schneider, Esselte, Novus, 3M, Faber-Castell, Citizen, Milan, Leitz, Colop, Zebra, Staedtler, Durable, Tork, Parker, Waterman ir kt.","publisher":{"@id":"https:\/\/rutana.lt\/#organization"},"potentialAction":[{"@type":"SearchAction","target":{"@type":"EntryPoint","urlTemplate":"https:\/\/rutana.lt\/?s={search_term_string}"},"query-input":{"@type":"PropertyValueSpecification","valueRequired":true,"valueName":"search_term_string"}}],"inLanguage":"en-US"},{"@type":"Organization","@id":"https:\/\/rutana.lt\/#organization","name":"Rutana - Ra\u0161tin\u0117s reikmenys","url":"https:\/\/rutana.lt\/","logo":{"@type":"ImageObject","inLanguage":"en-US","@id":"https:\/\/rutana.lt\/#\/schema\/logo\/image\/","url":"https:\/\/rutana.lt\/wp-content\/uploads\/2025\/10\/Asset-32.png","contentUrl":"https:\/\/rutana.lt\/wp-content\/uploads\/2025\/10\/Asset-32.png","width":433,"height":119,"caption":"Rutana - Ra\u0161tin\u0117s reikmenys"},"image":{"@id":"https:\/\/rutana.lt\/#\/schema\/logo\/image\/"},"sameAs":["https:\/\/www.facebook.com\/RutanaKanceliarinesPrekes\/"]}]}},"_links":{"self":[{"href":"https:\/\/rutana.lt\/en\/wp-json\/wp\/v2\/product\/18644","targetHints":{"allow":["GET"]}}],"collection":[{"href":"https:\/\/rutana.lt\/en\/wp-json\/wp\/v2\/product"}],"about":[{"href":"https:\/\/rutana.lt\/en\/wp-json\/wp\/v2\/types\/product"}],"replies":[{"embeddable":true,"href":"https:\/\/rutana.lt\/en\/wp-json\/wp\/v2\/comments?post=18644"}],"version-history":[{"count":1,"href":"https:\/\/rutana.lt\/en\/wp-json\/wp\/v2\/product\/18644\/revisions"}],"predecessor-version":[{"id":18699,"href":"https:\/\/rutana.lt\/en\/wp-json\/wp\/v2\/product\/18644\/revisions\/18699"}],"wp:featuredmedia":[{"embeddable":true,"href":"https:\/\/rutana.lt\/en\/wp-json\/wp\/v2\/media\/29804"}],"wp:attachment":[{"href":"https:\/\/rutana.lt\/en\/wp-json\/wp\/v2\/media?parent=18644"}],"wp:term":[{"taxonomy":"product_brand","embeddable":true,"href":"https:\/\/rutana.lt\/en\/wp-json\/wp\/v2\/product_brand?post=18644"},{"taxonomy":"product_cat","embeddable":true,"href":"https:\/\/rutana.lt\/en\/wp-json\/wp\/v2\/product_cat?post=18644"},{"taxonomy":"product_tag","embeddable":true,"href":"https:\/\/rutana.lt\/en\/wp-json\/wp\/v2\/product_tag?post=18644"}],"curies":[{"name":"wp","href":"https:\/\/api.w.org\/{rel}","templated":true}]}}