{"id":18596,"date":"2025-09-03T10:00:21","date_gmt":"2025-09-03T08:00:21","guid":{"rendered":"https:\/\/rutana.webdemo.lt\/?post_type=product&#038;p=18596"},"modified":"2026-03-06T16:59:35","modified_gmt":"2026-03-06T14:59:35","slug":"nukalkinimo-skystis-kavos-aparatams-250-ml-melitta","status":"publish","type":"product","link":"https:\/\/rutana.lt\/en\/product\/nukalkinimo-skystis-kavos-aparatams-250-ml-melitta\/","title":{"rendered":"Nukalkinimo skystis kavos aparatams 250 ml Melitta"},"content":{"rendered":"<p class=\"MsoHeader\">Melitta espresso kavos aparat\u0173 kalki\u0173 nuos\u0117d\u0173 \u0161alinimo skystis. Tinka vis\u0173 tip\u0173 automatiniams kavos gaminimo aparatams. Priemon\u0117 tinka ne tik Melitta automatiniams kavos gaminimo aparatams, bet ir kit\u0173 gaminotj\u0173 prietais\u0173 valymui. Tinka ir kapsuliniams bei pusiau automatiniams kavos gaminimo aparatams. \u0160i kalki\u0173 nuos\u0117d\u0173 \u0161alinimo priemon\u0117 yra 100% nat\u016brali, nekenksminga gamtai, pakuot\u0117 &#8211; lengvai perdirbama. Sud\u0117tis: Citrinos r\u016bg\u0161tis, pieno r\u016bg\u0161tis, korozijos inhibitoriai. Reguliarus \u0161ios priemon\u0117s naudojimas prailgina kavos aparat\u0173 tarnavimo laik\u0105.<\/p>\n<p class=\"MsoHeader\">Talpa: 250 ml<\/p>\n<p class=\"MsoHeader\">Kalkinimo ciklai: 6<\/p>\n<p class=\"MsoHeader\">Kilm\u0117s \u0161alis: Vokietija<\/p>\n<p class=\"MsoNormal\">","protected":false},"excerpt":{"rendered":"<p>Melitta espresso kavos aparat\u0173 kalki\u0173 nuos\u0117d\u0173 \u0161alinimo skystis. Tinka vis\u0173 tip\u0173 automatiniams kavos gaminimo aparatams.<\/p>","protected":false},"featured_media":29786,"comment_status":"open","ping_status":"closed","template":"","meta":{"_season_start":"","_season_end":"","_season_days":"","_season_months":"","_season_auto_visibility":"1"},"product_brand":[874],"product_cat":[1686],"product_tag":[],"class_list":{"0":"post-18596","1":"product","2":"type-product","3":"status-publish","4":"has-post-thumbnail","6":"product_brand-melitta","7":"product_cat-kiti-valikliai-ir-plovikliai","9":"first","10":"instock","11":"taxable","12":"shipping-taxable","13":"purchasable","14":"product-type-simple"},"yoast_head":"<!-- This site is optimized with the Yoast SEO plugin v27.4 - https:\/\/yoast.com\/product\/yoast-seo-wordpress\/ -->\n<title>Nukalkinimo skystis kavos aparatams 250 ml Melitta - Rutana - Ra\u0161tin\u0117s reikmenys<\/title>\n<meta name=\"robots\" content=\"index, follow, max-snippet:-1, max-image-preview:large, max-video-preview:-1\" \/>\n<link rel=\"canonical\" href=\"https:\/\/rutana.lt\/en\/product\/nukalkinimo-skystis-kavos-aparatams-250-ml-melitta\/\" \/>\n<meta property=\"og:locale\" content=\"en_US\" \/>\n<meta property=\"og:type\" content=\"article\" \/>\n<meta property=\"og:title\" content=\"Nukalkinimo skystis kavos aparatams 250 ml Melitta - Rutana - Ra\u0161tin\u0117s reikmenys\" \/>\n<meta property=\"og:description\" content=\"Melitta espresso kavos aparat\u0173 kalki\u0173 nuos\u0117d\u0173 \u0161alinimo skystis. Tinka vis\u0173 tip\u0173 automatiniams kavos gaminimo aparatams.\" \/>\n<meta property=\"og:url\" content=\"https:\/\/rutana.lt\/en\/product\/nukalkinimo-skystis-kavos-aparatams-250-ml-melitta\/\" \/>\n<meta property=\"og:site_name\" content=\"Rutana - Ra\u0161tin\u0117s reikmenys\" \/>\n<meta property=\"article:publisher\" content=\"https:\/\/www.facebook.com\/RutanaKanceliarinesPrekes\/\" \/>\n<meta property=\"article:modified_time\" content=\"2026-03-06T14:59:35+00:00\" \/>\n<meta property=\"og:image\" content=\"https:\/\/rutana.lt\/wp-content\/uploads\/2025\/09\/B095-234-1.jpg?v=1763564017\" \/>\n\t<meta property=\"og:image:width\" content=\"1000\" \/>\n\t<meta property=\"og:image:height\" content=\"1040\" \/>\n\t<meta property=\"og:image:type\" content=\"image\/jpeg\" \/>\n<meta name=\"twitter:card\" content=\"summary_large_image\" \/>\n<meta name=\"twitter:label1\" content=\"Est. reading time\" \/>\n\t<meta name=\"twitter:data1\" content=\"1 minute\" \/>\n<script type=\"application\/ld+json\" class=\"yoast-schema-graph\">{\"@context\":\"https:\\\/\\\/schema.org\",\"@graph\":[{\"@type\":\"WebPage\",\"@id\":\"https:\\\/\\\/rutana.lt\\\/produktas\\\/nukalkinimo-skystis-kavos-aparatams-250-ml-melitta\\\/\",\"url\":\"https:\\\/\\\/rutana.lt\\\/produktas\\\/nukalkinimo-skystis-kavos-aparatams-250-ml-melitta\\\/\",\"name\":\"Nukalkinimo skystis kavos aparatams 250 ml Melitta - Rutana - Ra\u0161tin\u0117s reikmenys\",\"isPartOf\":{\"@id\":\"https:\\\/\\\/rutana.lt\\\/#website\"},\"primaryImageOfPage\":{\"@id\":\"https:\\\/\\\/rutana.lt\\\/produktas\\\/nukalkinimo-skystis-kavos-aparatams-250-ml-melitta\\\/#primaryimage\"},\"image\":{\"@id\":\"https:\\\/\\\/rutana.lt\\\/produktas\\\/nukalkinimo-skystis-kavos-aparatams-250-ml-melitta\\\/#primaryimage\"},\"thumbnailUrl\":\"https:\\\/\\\/rutana.lt\\\/wp-content\\\/uploads\\\/2025\\\/09\\\/B095-234-1.jpg?v=1763564017\",\"datePublished\":\"2025-09-03T08:00:21+00:00\",\"dateModified\":\"2026-03-06T14:59:35+00:00\",\"breadcrumb\":{\"@id\":\"https:\\\/\\\/rutana.lt\\\/produktas\\\/nukalkinimo-skystis-kavos-aparatams-250-ml-melitta\\\/#breadcrumb\"},\"inLanguage\":\"en-US\",\"potentialAction\":[{\"@type\":\"ReadAction\",\"target\":[\"https:\\\/\\\/rutana.lt\\\/produktas\\\/nukalkinimo-skystis-kavos-aparatams-250-ml-melitta\\\/\"]}]},{\"@type\":\"ImageObject\",\"inLanguage\":\"en-US\",\"@id\":\"https:\\\/\\\/rutana.lt\\\/produktas\\\/nukalkinimo-skystis-kavos-aparatams-250-ml-melitta\\\/#primaryimage\",\"url\":\"https:\\\/\\\/rutana.lt\\\/wp-content\\\/uploads\\\/2025\\\/09\\\/B095-234-1.jpg?v=1763564017\",\"contentUrl\":\"https:\\\/\\\/rutana.lt\\\/wp-content\\\/uploads\\\/2025\\\/09\\\/B095-234-1.jpg?v=1763564017\",\"width\":1000,\"height\":1040},{\"@type\":\"BreadcrumbList\",\"@id\":\"https:\\\/\\\/rutana.lt\\\/produktas\\\/nukalkinimo-skystis-kavos-aparatams-250-ml-melitta\\\/#breadcrumb\",\"itemListElement\":[{\"@type\":\"ListItem\",\"position\":1,\"name\":\"Home\",\"item\":\"https:\\\/\\\/rutana.lt\\\/\"},{\"@type\":\"ListItem\",\"position\":2,\"name\":\"Parduotuv\u0117\",\"item\":\"https:\\\/\\\/rutana.lt\\\/parduotuve\\\/\"},{\"@type\":\"ListItem\",\"position\":3,\"name\":\"Nukalkinimo skystis kavos aparatams 250 ml Melitta\"}]},{\"@type\":\"WebSite\",\"@id\":\"https:\\\/\\\/rutana.lt\\\/#website\",\"url\":\"https:\\\/\\\/rutana.lt\\\/\",\"name\":\"Rutana - Ra\u0161tin\u0117s reikmenys\",\"description\":\"Prekiaujame pasaulin\u0117je rinkoje pripa\u017eintomis, kokybi\u0161komis biuro prek\u0117mis toki\u0173  gamintoj\u0173 kaip: Schneider, Esselte, Novus, 3M, Faber-Castell, Citizen, Milan, Leitz, Colop, Zebra, Staedtler, Durable, Tork, Parker, Waterman ir kt.\",\"publisher\":{\"@id\":\"https:\\\/\\\/rutana.lt\\\/#organization\"},\"potentialAction\":[{\"@type\":\"SearchAction\",\"target\":{\"@type\":\"EntryPoint\",\"urlTemplate\":\"https:\\\/\\\/rutana.lt\\\/?s={search_term_string}\"},\"query-input\":{\"@type\":\"PropertyValueSpecification\",\"valueRequired\":true,\"valueName\":\"search_term_string\"}}],\"inLanguage\":\"en-US\"},{\"@type\":\"Organization\",\"@id\":\"https:\\\/\\\/rutana.lt\\\/#organization\",\"name\":\"Rutana - Ra\u0161tin\u0117s reikmenys\",\"url\":\"https:\\\/\\\/rutana.lt\\\/\",\"logo\":{\"@type\":\"ImageObject\",\"inLanguage\":\"en-US\",\"@id\":\"https:\\\/\\\/rutana.lt\\\/#\\\/schema\\\/logo\\\/image\\\/\",\"url\":\"https:\\\/\\\/rutana.lt\\\/wp-content\\\/uploads\\\/2025\\\/10\\\/Asset-32.png\",\"contentUrl\":\"https:\\\/\\\/rutana.lt\\\/wp-content\\\/uploads\\\/2025\\\/10\\\/Asset-32.png\",\"width\":433,\"height\":119,\"caption\":\"Rutana - Ra\u0161tin\u0117s reikmenys\"},\"image\":{\"@id\":\"https:\\\/\\\/rutana.lt\\\/#\\\/schema\\\/logo\\\/image\\\/\"},\"sameAs\":[\"https:\\\/\\\/www.facebook.com\\\/RutanaKanceliarinesPrekes\\\/\"]}]}<\/script>\n<!-- \/ Yoast SEO plugin. -->","yoast_head_json":{"title":"Nukalkinimo skystis kavos aparatams 250 ml Melitta - Rutana - Ra\u0161tin\u0117s reikmenys","robots":{"index":"index","follow":"follow","max-snippet":"max-snippet:-1","max-image-preview":"max-image-preview:large","max-video-preview":"max-video-preview:-1"},"canonical":"https:\/\/rutana.lt\/en\/product\/nukalkinimo-skystis-kavos-aparatams-250-ml-melitta\/","og_locale":"en_US","og_type":"article","og_title":"Nukalkinimo skystis kavos aparatams 250 ml Melitta - Rutana - Ra\u0161tin\u0117s reikmenys","og_description":"Melitta espresso kavos aparat\u0173 kalki\u0173 nuos\u0117d\u0173 \u0161alinimo skystis. Tinka vis\u0173 tip\u0173 automatiniams kavos gaminimo aparatams.","og_url":"https:\/\/rutana.lt\/en\/product\/nukalkinimo-skystis-kavos-aparatams-250-ml-melitta\/","og_site_name":"Rutana - Ra\u0161tin\u0117s reikmenys","article_publisher":"https:\/\/www.facebook.com\/RutanaKanceliarinesPrekes\/","article_modified_time":"2026-03-06T14:59:35+00:00","og_image":[{"width":1000,"height":1040,"url":"https:\/\/rutana.lt\/wp-content\/uploads\/2025\/09\/B095-234-1.jpg?v=1763564017","type":"image\/jpeg"}],"twitter_card":"summary_large_image","twitter_misc":{"Est. reading time":"1 minute"},"schema":{"@context":"https:\/\/schema.org","@graph":[{"@type":"WebPage","@id":"https:\/\/rutana.lt\/produktas\/nukalkinimo-skystis-kavos-aparatams-250-ml-melitta\/","url":"https:\/\/rutana.lt\/produktas\/nukalkinimo-skystis-kavos-aparatams-250-ml-melitta\/","name":"Nukalkinimo skystis kavos aparatams 250 ml Melitta - Rutana - Ra\u0161tin\u0117s reikmenys","isPartOf":{"@id":"https:\/\/rutana.lt\/#website"},"primaryImageOfPage":{"@id":"https:\/\/rutana.lt\/produktas\/nukalkinimo-skystis-kavos-aparatams-250-ml-melitta\/#primaryimage"},"image":{"@id":"https:\/\/rutana.lt\/produktas\/nukalkinimo-skystis-kavos-aparatams-250-ml-melitta\/#primaryimage"},"thumbnailUrl":"https:\/\/rutana.lt\/wp-content\/uploads\/2025\/09\/B095-234-1.jpg?v=1763564017","datePublished":"2025-09-03T08:00:21+00:00","dateModified":"2026-03-06T14:59:35+00:00","breadcrumb":{"@id":"https:\/\/rutana.lt\/produktas\/nukalkinimo-skystis-kavos-aparatams-250-ml-melitta\/#breadcrumb"},"inLanguage":"en-US","potentialAction":[{"@type":"ReadAction","target":["https:\/\/rutana.lt\/produktas\/nukalkinimo-skystis-kavos-aparatams-250-ml-melitta\/"]}]},{"@type":"ImageObject","inLanguage":"en-US","@id":"https:\/\/rutana.lt\/produktas\/nukalkinimo-skystis-kavos-aparatams-250-ml-melitta\/#primaryimage","url":"https:\/\/rutana.lt\/wp-content\/uploads\/2025\/09\/B095-234-1.jpg?v=1763564017","contentUrl":"https:\/\/rutana.lt\/wp-content\/uploads\/2025\/09\/B095-234-1.jpg?v=1763564017","width":1000,"height":1040},{"@type":"BreadcrumbList","@id":"https:\/\/rutana.lt\/produktas\/nukalkinimo-skystis-kavos-aparatams-250-ml-melitta\/#breadcrumb","itemListElement":[{"@type":"ListItem","position":1,"name":"Home","item":"https:\/\/rutana.lt\/"},{"@type":"ListItem","position":2,"name":"Parduotuv\u0117","item":"https:\/\/rutana.lt\/parduotuve\/"},{"@type":"ListItem","position":3,"name":"Nukalkinimo skystis kavos aparatams 250 ml Melitta"}]},{"@type":"WebSite","@id":"https:\/\/rutana.lt\/#website","url":"https:\/\/rutana.lt\/","name":"Rutana - Ra\u0161tin\u0117s reikmenys","description":"Prekiaujame pasaulin\u0117je rinkoje pripa\u017eintomis, kokybi\u0161komis biuro prek\u0117mis toki\u0173  gamintoj\u0173 kaip: Schneider, Esselte, Novus, 3M, Faber-Castell, Citizen, Milan, Leitz, Colop, Zebra, Staedtler, Durable, Tork, Parker, Waterman ir kt.","publisher":{"@id":"https:\/\/rutana.lt\/#organization"},"potentialAction":[{"@type":"SearchAction","target":{"@type":"EntryPoint","urlTemplate":"https:\/\/rutana.lt\/?s={search_term_string}"},"query-input":{"@type":"PropertyValueSpecification","valueRequired":true,"valueName":"search_term_string"}}],"inLanguage":"en-US"},{"@type":"Organization","@id":"https:\/\/rutana.lt\/#organization","name":"Rutana - Ra\u0161tin\u0117s reikmenys","url":"https:\/\/rutana.lt\/","logo":{"@type":"ImageObject","inLanguage":"en-US","@id":"https:\/\/rutana.lt\/#\/schema\/logo\/image\/","url":"https:\/\/rutana.lt\/wp-content\/uploads\/2025\/10\/Asset-32.png","contentUrl":"https:\/\/rutana.lt\/wp-content\/uploads\/2025\/10\/Asset-32.png","width":433,"height":119,"caption":"Rutana - Ra\u0161tin\u0117s reikmenys"},"image":{"@id":"https:\/\/rutana.lt\/#\/schema\/logo\/image\/"},"sameAs":["https:\/\/www.facebook.com\/RutanaKanceliarinesPrekes\/"]}]}},"_links":{"self":[{"href":"https:\/\/rutana.lt\/en\/wp-json\/wp\/v2\/product\/18596","targetHints":{"allow":["GET"]}}],"collection":[{"href":"https:\/\/rutana.lt\/en\/wp-json\/wp\/v2\/product"}],"about":[{"href":"https:\/\/rutana.lt\/en\/wp-json\/wp\/v2\/types\/product"}],"replies":[{"embeddable":true,"href":"https:\/\/rutana.lt\/en\/wp-json\/wp\/v2\/comments?post=18596"}],"version-history":[{"count":2,"href":"https:\/\/rutana.lt\/en\/wp-json\/wp\/v2\/product\/18596\/revisions"}],"predecessor-version":[{"id":35308,"href":"https:\/\/rutana.lt\/en\/wp-json\/wp\/v2\/product\/18596\/revisions\/35308"}],"wp:featuredmedia":[{"embeddable":true,"href":"https:\/\/rutana.lt\/en\/wp-json\/wp\/v2\/media\/29786"}],"wp:attachment":[{"href":"https:\/\/rutana.lt\/en\/wp-json\/wp\/v2\/media?parent=18596"}],"wp:term":[{"taxonomy":"product_brand","embeddable":true,"href":"https:\/\/rutana.lt\/en\/wp-json\/wp\/v2\/product_brand?post=18596"},{"taxonomy":"product_cat","embeddable":true,"href":"https:\/\/rutana.lt\/en\/wp-json\/wp\/v2\/product_cat?post=18596"},{"taxonomy":"product_tag","embeddable":true,"href":"https:\/\/rutana.lt\/en\/wp-json\/wp\/v2\/product_tag?post=18596"}],"curies":[{"name":"wp","href":"https:\/\/api.w.org\/{rel}","templated":true}]}}