{"id":18558,"date":"2025-09-03T09:59:58","date_gmt":"2025-09-03T07:59:58","guid":{"rendered":"https:\/\/rutana.webdemo.lt\/?post_type=product&#038;p=18558"},"modified":"2025-10-13T15:56:58","modified_gmt":"2025-10-13T13:56:58","slug":"lipnios-etiketes-thermal-eco-100x150mm-500-etikeciu-baltos-00449","status":"publish","type":"product","link":"https:\/\/rutana.lt\/en\/product\/lipnios-etiketes-thermal-eco-100x150mm-500-etikeciu-baltos-00449\/","title":{"rendered":"Lipnios etiket\u0117s Thermal Eco 100x150mm 500 etike\u010di\u0173 baltos 00449"},"content":{"rendered":"<div style=\"\"><span style=\"outline: none !important;\">Thermal Eco popierius<\/span> &#8211; standartinio jautrumo termopopierius tinkantis informacijos spausdinimui tiesioginio \u0161iluminio ( terminio ) perne\u0161imo spausdintuvais arba svarstykl\u0117mis su integruotais spausdintuvais. Informacijos spausdinimui ant \u0161ios \u017ealiavos etike\u010di\u0173 da\u017ejuost\u0117s yra nereikalingos. Thermal Eco popierius n\u0117ra atsparus aplinkos poveikiui ( dr\u0117gmei, \u0161viesai, \u0161ilumai ) ar mechaniniams pa\u017eeidimams ( \u012fbr\u0117\u017eimams, trin\u010diai ), tod\u0117l idealiai tinka trumpo naudojimo etike\u010di\u0173 spausdinimui. Etike\u010di\u0173 ruo\u0161iniai gali b\u016bti naudojami kurjeri\u0173 siunt\u0173 lipduk\u0173, produkt\u0173 apra\u0161ym\u0173 spausdinimui, g\u0117rim\u0173, farmacijos, maisto, chemijos, tabako, elektros, transporto ir kitose srityse.<\/div>\n<div style=\"line-height: 1.8;\">Etike\u010di\u0173 kiekis rulone: 500 vnt.<br \/>Etiket\u0117s plotis: 100 mm <br \/>Etiket\u0117s auk\u0161tis: 150 mm <br \/>\u012evor\u0117s diametras: 40 mm<br \/>Rulono diametras: 115 mm<br \/>Etiket\u0117s spalva: balta<\/div>\n<div style=\"line-height: 1.8;\">Eili\u0173 skai\u010dius: 1<\/div>\n<div style=\"line-height: 1.8;\">Spausdinimo b\u016bdas: tiesioginis terminis<\/div>\n<div style=\"line-height: 1.8;\">Kaina nurodyta u\u017e 1 rulon\u0105.<\/div>\n<p><\/p>\n<\/p>\n<p><\/p>","protected":false},"excerpt":{"rendered":"<p>Thermal Eco popierius &#8211; standartinio jautrumo termopopierius tinkantis informacijos spausdinimui tiesioginio \u0161iluminio ( terminio ) perne\u0161imo spausdintuvais arba svarstykl\u0117mis su integruotais spausdintuvais. Informacijos spausdinimui ant \u0161ios \u017ealiavos etike\u010di\u0173 da\u017ejuost\u0117s yra nereikalingos. Thermal Eco popierius n\u0117ra atsparus aplinkos poveikiui ( dr\u0117gmei, \u0161viesai, \u0161ilumai ) ar mechaniniams pa\u017eeidimams ( \u012fbr\u0117\u017eimams, trin\u010diai ), tod\u0117l idealiai tinka trumpo naudojimo [&hellip;]<\/p>","protected":false},"featured_media":29780,"comment_status":"open","ping_status":"closed","template":"","meta":{"_season_start":"","_season_end":"","_season_days":"","_season_months":"","_season_auto_visibility":""},"product_brand":[83],"product_cat":[1862],"product_tag":[],"class_list":{"0":"post-18558","1":"product","2":"type-product","3":"status-publish","4":"has-post-thumbnail","6":"product_brand-null","7":"product_cat-kainu-etiketes","9":"first","10":"instock","11":"taxable","12":"shipping-taxable","13":"purchasable","14":"product-type-simple"},"yoast_head":"<!-- This site is optimized with the Yoast SEO plugin v26.1.1 - https:\/\/yoast.com\/wordpress\/plugins\/seo\/ -->\n<title>Lipnios etiket\u0117s Thermal Eco 100x150mm 500 etike\u010di\u0173 baltos 00449 - Rutana - Ra\u0161tin\u0117s reikmenys<\/title>\n<meta name=\"robots\" content=\"index, follow, max-snippet:-1, max-image-preview:large, max-video-preview:-1\" \/>\n<link rel=\"canonical\" href=\"https:\/\/rutana.lt\/en\/product\/lipnios-etiketes-thermal-eco-100x150mm-500-etikeciu-baltos-00449\/\" \/>\n<meta property=\"og:locale\" content=\"en_US\" \/>\n<meta property=\"og:type\" content=\"article\" \/>\n<meta property=\"og:title\" content=\"Lipnios etiket\u0117s Thermal Eco 100x150mm 500 etike\u010di\u0173 baltos 00449 - Rutana - Ra\u0161tin\u0117s reikmenys\" \/>\n<meta property=\"og:description\" content=\"Thermal Eco popierius &#8211; standartinio jautrumo termopopierius tinkantis informacijos spausdinimui tiesioginio \u0161iluminio ( terminio ) perne\u0161imo spausdintuvais arba svarstykl\u0117mis su integruotais spausdintuvais. Informacijos spausdinimui ant \u0161ios \u017ealiavos etike\u010di\u0173 da\u017ejuost\u0117s yra nereikalingos. Thermal Eco popierius n\u0117ra atsparus aplinkos poveikiui ( dr\u0117gmei, \u0161viesai, \u0161ilumai ) ar mechaniniams pa\u017eeidimams ( \u012fbr\u0117\u017eimams, trin\u010diai ), tod\u0117l idealiai tinka trumpo naudojimo [&hellip;]\" \/>\n<meta property=\"og:url\" content=\"https:\/\/rutana.lt\/en\/product\/lipnios-etiketes-thermal-eco-100x150mm-500-etikeciu-baltos-00449\/\" \/>\n<meta property=\"og:site_name\" content=\"Rutana - Ra\u0161tin\u0117s reikmenys\" \/>\n<meta property=\"article:publisher\" content=\"https:\/\/www.facebook.com\/RutanaKanceliarinesPrekes\/\" \/>\n<meta property=\"article:modified_time\" content=\"2025-10-13T13:56:58+00:00\" \/>\n<meta property=\"og:image\" content=\"https:\/\/rutana.lt\/wp-content\/uploads\/2025\/09\/A113-910.jpg\" \/>\n\t<meta property=\"og:image:width\" content=\"1000\" \/>\n\t<meta property=\"og:image:height\" content=\"1040\" \/>\n\t<meta property=\"og:image:type\" content=\"image\/jpeg\" \/>\n<meta name=\"twitter:card\" content=\"summary_large_image\" \/>\n<meta name=\"twitter:label1\" content=\"Est. reading time\" \/>\n\t<meta name=\"twitter:data1\" content=\"1 minute\" \/>\n<script type=\"application\/ld+json\" class=\"yoast-schema-graph\">{\"@context\":\"https:\/\/schema.org\",\"@graph\":[{\"@type\":\"WebPage\",\"@id\":\"https:\/\/rutana.lt\/produktas\/lipnios-etiketes-thermal-eco-100x150mm-500-etikeciu-baltos-00449\/\",\"url\":\"https:\/\/rutana.lt\/produktas\/lipnios-etiketes-thermal-eco-100x150mm-500-etikeciu-baltos-00449\/\",\"name\":\"Lipnios etiket\u0117s Thermal Eco 100x150mm 500 etike\u010di\u0173 baltos 00449 - Rutana - Ra\u0161tin\u0117s reikmenys\",\"isPartOf\":{\"@id\":\"https:\/\/rutana.lt\/#website\"},\"primaryImageOfPage\":{\"@id\":\"https:\/\/rutana.lt\/produktas\/lipnios-etiketes-thermal-eco-100x150mm-500-etikeciu-baltos-00449\/#primaryimage\"},\"image\":{\"@id\":\"https:\/\/rutana.lt\/produktas\/lipnios-etiketes-thermal-eco-100x150mm-500-etikeciu-baltos-00449\/#primaryimage\"},\"thumbnailUrl\":\"https:\/\/rutana.lt\/wp-content\/uploads\/2025\/09\/A113-910-1.jpg?v=1763564033\",\"datePublished\":\"2025-09-03T07:59:58+00:00\",\"dateModified\":\"2025-10-13T13:56:58+00:00\",\"breadcrumb\":{\"@id\":\"https:\/\/rutana.lt\/produktas\/lipnios-etiketes-thermal-eco-100x150mm-500-etikeciu-baltos-00449\/#breadcrumb\"},\"inLanguage\":\"en-US\",\"potentialAction\":[{\"@type\":\"ReadAction\",\"target\":[\"https:\/\/rutana.lt\/produktas\/lipnios-etiketes-thermal-eco-100x150mm-500-etikeciu-baltos-00449\/\"]}]},{\"@type\":\"ImageObject\",\"inLanguage\":\"en-US\",\"@id\":\"https:\/\/rutana.lt\/produktas\/lipnios-etiketes-thermal-eco-100x150mm-500-etikeciu-baltos-00449\/#primaryimage\",\"url\":\"https:\/\/rutana.lt\/wp-content\/uploads\/2025\/09\/A113-910-1.jpg?v=1763564033\",\"contentUrl\":\"https:\/\/rutana.lt\/wp-content\/uploads\/2025\/09\/A113-910-1.jpg?v=1763564033\",\"width\":1000,\"height\":1040},{\"@type\":\"BreadcrumbList\",\"@id\":\"https:\/\/rutana.lt\/produktas\/lipnios-etiketes-thermal-eco-100x150mm-500-etikeciu-baltos-00449\/#breadcrumb\",\"itemListElement\":[{\"@type\":\"ListItem\",\"position\":1,\"name\":\"Home\",\"item\":\"https:\/\/rutana.lt\/\"},{\"@type\":\"ListItem\",\"position\":2,\"name\":\"Parduotuv\u0117\",\"item\":\"https:\/\/rutana.lt\/parduotuve\/\"},{\"@type\":\"ListItem\",\"position\":3,\"name\":\"Lipnios etiket\u0117s Thermal Eco 100x150mm 500 etike\u010di\u0173 baltos 00449\"}]},{\"@type\":\"WebSite\",\"@id\":\"https:\/\/rutana.lt\/#website\",\"url\":\"https:\/\/rutana.lt\/\",\"name\":\"Rutana - Ra\u0161tin\u0117s reikmenys\",\"description\":\"Prekiaujame pasaulin\u0117je rinkoje pripa\u017eintomis, kokybi\u0161komis biuro prek\u0117mis toki\u0173  gamintoj\u0173 kaip: Schneider, Esselte, Novus, 3M, Faber-Castell, Citizen, Milan, Leitz, Colop, Zebra, Staedtler, Durable, Tork, Parker, Waterman ir kt.\",\"publisher\":{\"@id\":\"https:\/\/rutana.lt\/#organization\"},\"potentialAction\":[{\"@type\":\"SearchAction\",\"target\":{\"@type\":\"EntryPoint\",\"urlTemplate\":\"https:\/\/rutana.lt\/?s={search_term_string}\"},\"query-input\":{\"@type\":\"PropertyValueSpecification\",\"valueRequired\":true,\"valueName\":\"search_term_string\"}}],\"inLanguage\":\"en-US\"},{\"@type\":\"Organization\",\"@id\":\"https:\/\/rutana.lt\/#organization\",\"name\":\"Rutana - Ra\u0161tin\u0117s reikmenys\",\"url\":\"https:\/\/rutana.lt\/\",\"logo\":{\"@type\":\"ImageObject\",\"inLanguage\":\"en-US\",\"@id\":\"https:\/\/rutana.lt\/#\/schema\/logo\/image\/\",\"url\":\"https:\/\/rutana.lt\/wp-content\/uploads\/2025\/10\/Asset-32.png\",\"contentUrl\":\"https:\/\/rutana.lt\/wp-content\/uploads\/2025\/10\/Asset-32.png\",\"width\":433,\"height\":119,\"caption\":\"Rutana - Ra\u0161tin\u0117s reikmenys\"},\"image\":{\"@id\":\"https:\/\/rutana.lt\/#\/schema\/logo\/image\/\"},\"sameAs\":[\"https:\/\/www.facebook.com\/RutanaKanceliarinesPrekes\/\"]}]}<\/script>\n<!-- \/ Yoast SEO plugin. -->","yoast_head_json":{"title":"Lipnios etiket\u0117s Thermal Eco 100x150mm 500 etike\u010di\u0173 baltos 00449 - Rutana - Ra\u0161tin\u0117s reikmenys","robots":{"index":"index","follow":"follow","max-snippet":"max-snippet:-1","max-image-preview":"max-image-preview:large","max-video-preview":"max-video-preview:-1"},"canonical":"https:\/\/rutana.lt\/en\/product\/lipnios-etiketes-thermal-eco-100x150mm-500-etikeciu-baltos-00449\/","og_locale":"en_US","og_type":"article","og_title":"Lipnios etiket\u0117s Thermal Eco 100x150mm 500 etike\u010di\u0173 baltos 00449 - Rutana - Ra\u0161tin\u0117s reikmenys","og_description":"Thermal Eco popierius &#8211; standartinio jautrumo termopopierius tinkantis informacijos spausdinimui tiesioginio \u0161iluminio ( terminio ) perne\u0161imo spausdintuvais arba svarstykl\u0117mis su integruotais spausdintuvais. Informacijos spausdinimui ant \u0161ios \u017ealiavos etike\u010di\u0173 da\u017ejuost\u0117s yra nereikalingos. Thermal Eco popierius n\u0117ra atsparus aplinkos poveikiui ( dr\u0117gmei, \u0161viesai, \u0161ilumai ) ar mechaniniams pa\u017eeidimams ( \u012fbr\u0117\u017eimams, trin\u010diai ), tod\u0117l idealiai tinka trumpo naudojimo [&hellip;]","og_url":"https:\/\/rutana.lt\/en\/product\/lipnios-etiketes-thermal-eco-100x150mm-500-etikeciu-baltos-00449\/","og_site_name":"Rutana - Ra\u0161tin\u0117s reikmenys","article_publisher":"https:\/\/www.facebook.com\/RutanaKanceliarinesPrekes\/","article_modified_time":"2025-10-13T13:56:58+00:00","og_image":[{"width":1000,"height":1040,"url":"https:\/\/rutana.lt\/wp-content\/uploads\/2025\/09\/A113-910.jpg","type":"image\/jpeg"}],"twitter_card":"summary_large_image","twitter_misc":{"Est. reading time":"1 minute"},"schema":{"@context":"https:\/\/schema.org","@graph":[{"@type":"WebPage","@id":"https:\/\/rutana.lt\/produktas\/lipnios-etiketes-thermal-eco-100x150mm-500-etikeciu-baltos-00449\/","url":"https:\/\/rutana.lt\/produktas\/lipnios-etiketes-thermal-eco-100x150mm-500-etikeciu-baltos-00449\/","name":"Lipnios etiket\u0117s Thermal Eco 100x150mm 500 etike\u010di\u0173 baltos 00449 - Rutana - Ra\u0161tin\u0117s reikmenys","isPartOf":{"@id":"https:\/\/rutana.lt\/#website"},"primaryImageOfPage":{"@id":"https:\/\/rutana.lt\/produktas\/lipnios-etiketes-thermal-eco-100x150mm-500-etikeciu-baltos-00449\/#primaryimage"},"image":{"@id":"https:\/\/rutana.lt\/produktas\/lipnios-etiketes-thermal-eco-100x150mm-500-etikeciu-baltos-00449\/#primaryimage"},"thumbnailUrl":"https:\/\/rutana.lt\/wp-content\/uploads\/2025\/09\/A113-910-1.jpg?v=1763564033","datePublished":"2025-09-03T07:59:58+00:00","dateModified":"2025-10-13T13:56:58+00:00","breadcrumb":{"@id":"https:\/\/rutana.lt\/produktas\/lipnios-etiketes-thermal-eco-100x150mm-500-etikeciu-baltos-00449\/#breadcrumb"},"inLanguage":"en-US","potentialAction":[{"@type":"ReadAction","target":["https:\/\/rutana.lt\/produktas\/lipnios-etiketes-thermal-eco-100x150mm-500-etikeciu-baltos-00449\/"]}]},{"@type":"ImageObject","inLanguage":"en-US","@id":"https:\/\/rutana.lt\/produktas\/lipnios-etiketes-thermal-eco-100x150mm-500-etikeciu-baltos-00449\/#primaryimage","url":"https:\/\/rutana.lt\/wp-content\/uploads\/2025\/09\/A113-910-1.jpg?v=1763564033","contentUrl":"https:\/\/rutana.lt\/wp-content\/uploads\/2025\/09\/A113-910-1.jpg?v=1763564033","width":1000,"height":1040},{"@type":"BreadcrumbList","@id":"https:\/\/rutana.lt\/produktas\/lipnios-etiketes-thermal-eco-100x150mm-500-etikeciu-baltos-00449\/#breadcrumb","itemListElement":[{"@type":"ListItem","position":1,"name":"Home","item":"https:\/\/rutana.lt\/"},{"@type":"ListItem","position":2,"name":"Parduotuv\u0117","item":"https:\/\/rutana.lt\/parduotuve\/"},{"@type":"ListItem","position":3,"name":"Lipnios etiket\u0117s Thermal Eco 100x150mm 500 etike\u010di\u0173 baltos 00449"}]},{"@type":"WebSite","@id":"https:\/\/rutana.lt\/#website","url":"https:\/\/rutana.lt\/","name":"Rutana - Ra\u0161tin\u0117s reikmenys","description":"Prekiaujame pasaulin\u0117je rinkoje pripa\u017eintomis, kokybi\u0161komis biuro prek\u0117mis toki\u0173  gamintoj\u0173 kaip: Schneider, Esselte, Novus, 3M, Faber-Castell, Citizen, Milan, Leitz, Colop, Zebra, Staedtler, Durable, Tork, Parker, Waterman ir kt.","publisher":{"@id":"https:\/\/rutana.lt\/#organization"},"potentialAction":[{"@type":"SearchAction","target":{"@type":"EntryPoint","urlTemplate":"https:\/\/rutana.lt\/?s={search_term_string}"},"query-input":{"@type":"PropertyValueSpecification","valueRequired":true,"valueName":"search_term_string"}}],"inLanguage":"en-US"},{"@type":"Organization","@id":"https:\/\/rutana.lt\/#organization","name":"Rutana - Ra\u0161tin\u0117s reikmenys","url":"https:\/\/rutana.lt\/","logo":{"@type":"ImageObject","inLanguage":"en-US","@id":"https:\/\/rutana.lt\/#\/schema\/logo\/image\/","url":"https:\/\/rutana.lt\/wp-content\/uploads\/2025\/10\/Asset-32.png","contentUrl":"https:\/\/rutana.lt\/wp-content\/uploads\/2025\/10\/Asset-32.png","width":433,"height":119,"caption":"Rutana - Ra\u0161tin\u0117s reikmenys"},"image":{"@id":"https:\/\/rutana.lt\/#\/schema\/logo\/image\/"},"sameAs":["https:\/\/www.facebook.com\/RutanaKanceliarinesPrekes\/"]}]}},"_links":{"self":[{"href":"https:\/\/rutana.lt\/en\/wp-json\/wp\/v2\/product\/18558","targetHints":{"allow":["GET"]}}],"collection":[{"href":"https:\/\/rutana.lt\/en\/wp-json\/wp\/v2\/product"}],"about":[{"href":"https:\/\/rutana.lt\/en\/wp-json\/wp\/v2\/types\/product"}],"replies":[{"embeddable":true,"href":"https:\/\/rutana.lt\/en\/wp-json\/wp\/v2\/comments?post=18558"}],"version-history":[{"count":1,"href":"https:\/\/rutana.lt\/en\/wp-json\/wp\/v2\/product\/18558\/revisions"}],"predecessor-version":[{"id":18622,"href":"https:\/\/rutana.lt\/en\/wp-json\/wp\/v2\/product\/18558\/revisions\/18622"}],"wp:featuredmedia":[{"embeddable":true,"href":"https:\/\/rutana.lt\/en\/wp-json\/wp\/v2\/media\/29780"}],"wp:attachment":[{"href":"https:\/\/rutana.lt\/en\/wp-json\/wp\/v2\/media?parent=18558"}],"wp:term":[{"taxonomy":"product_brand","embeddable":true,"href":"https:\/\/rutana.lt\/en\/wp-json\/wp\/v2\/product_brand?post=18558"},{"taxonomy":"product_cat","embeddable":true,"href":"https:\/\/rutana.lt\/en\/wp-json\/wp\/v2\/product_cat?post=18558"},{"taxonomy":"product_tag","embeddable":true,"href":"https:\/\/rutana.lt\/en\/wp-json\/wp\/v2\/product_tag?post=18558"}],"curies":[{"name":"wp","href":"https:\/\/api.w.org\/{rel}","templated":true}]}}