{"id":18499,"date":"2025-09-03T09:59:34","date_gmt":"2025-09-03T07:59:34","guid":{"rendered":"https:\/\/rutana.webdemo.lt\/?post_type=product&#038;p=18499"},"modified":"2025-10-13T15:56:49","modified_gmt":"2025-10-13T13:56:49","slug":"kasete-rasaliniam-spausdintuvui-lc3219xlbk-juoda-brother","status":"publish","type":"product","link":"https:\/\/rutana.lt\/en\/product\/kasete-rasaliniam-spausdintuvui-lc3219xlbk-juoda-brother\/","title":{"rendered":"Kaset\u0117 ra\u0161aliniam spausdintuvui LC3219XLBK juoda Brother"},"content":{"rendered":"<p style=\"margin-bottom: 10px; line-height: 1.8;\">\u0160i originali Brother didelio na\u0161umo juodo ra\u0161alo kaset\u0117 u\u017etikrina kokybi\u0161kai atspausdintus dokumentus. Pirkdami originalias kasetes saugote savo spausdintuv\u0105 nuo ilgalaik\u0117s \u017ealos, kuri\u0105 gali sukelti neoriginal\u016bs gaminiai. Visos Brother kaset\u0117s \u2013 \u012fskaitant \u0161i\u0105 didelio na\u0161umo juodos spalvos ra\u0161alo kaset\u0119 \u2013 yra kruop\u0161\u010diai testuojamos norint u\u017etikrinti, kad tai yra pats patikimiausias sprendimas m\u016bs\u0173 klientams. LC3219XLBK yra didelio na\u0161umo kaset\u0117 &#8211; jos u\u017etenka iki dviej\u0173 kart\u0173 ilgiau, ta\u010diau nereikia daryti kompromis\u0173 kokyb\u0117s at\u017evilgiu. Nors yra daug pigi\u0173, nefirmini\u0173 papildymo kase\u010di\u0173, jos n\u0117ra gerai suderinamos su J\u016bs\u0173 Brother spausdintuvu. D\u0117l \u0161ios prie\u017easties gali atsirasti problem\u0173 su i\u0161spausdintos med\u017eiagos kokybe ir J\u016bs\u0173 aparato veikimu, o tokias problemas spr\u0119sti gali b\u016bti brangu. \u0160i originali pakaitin\u0117 ra\u0161alo kaset\u0117 u\u017etikrina puik\u0173 J\u016bs\u0173 spausdintuvo veikim\u0105 ir leid\u017eia Jums sutaupyti pinig\u0173 ilgalaik\u0117je perspektyvoje, be to, jausit\u0117s ramiau \u017einodami, kad turite spausdinimo \u012frang\u0105, kuria galite pasitik\u0117ti. <\/p>\n<div>Tinka spausdintuvams: Brother MFC-J 6530 DW\/ MFC-J 6930 DW\/ MFC-J 5930 DW\/ MFC-J 5830 DW\/ MFC-J 6935 DW\/ MFC-J 5335 DW\/ MFC-J 6535 DW\/ MFC-J 6535 DW XL\/ MFC-J 6730 DW\/ MFC-J 5730 DW\/ MFC-J 5330 DW\/ MFC-J 5330 DW XL<\/div>\n<p style=\"margin-bottom: 10px; line-height: 1.8;\">Spalva: juoda<br \/>Spausdinimo technologija: ra\u0161alinis<br \/>Puslapi\u0173 skai\u010dius: 3000<br \/>Gamintojo kodas: LC3219XLBK<br \/>Gamintojas: Brother<\/p>\n<p style=\"margin-bottom: 10px; line-height: 1.8;\"><\/p>\n<p><iframe src=\"\/\/www.youtube.com\/embed\/TjkMtB714CU\" width=\"640\" height=\"360\" frameborder=\"0\"><\/iframe><\/p>\n<p style=\"margin-bottom: 10px; line-height: 1.8;\"><\/p>\n<p style=\"margin-bottom: 10px; line-height: 1.8;\">\n<div style=\"box-sizing: border-box; orphans: 2; text-align: start; text-indent: 0px; widows: 2; text-decoration-thickness: initial; text-decoration-style: initial; text-decoration-color: initial; line-height: 1.8;\"><\/div>\n<p style=\"line-height: 1.8;\">\n<div style=\"line-height: 1.8;\">\n<p style=\"margin-bottom: 10px; line-height: 1.8;\"><br style=\"color: rgb(0, 0, 0); font-size: 14px;\"><\/p>\n<\/div>","protected":false},"excerpt":{"rendered":"<p>\u0160i originali Brother didelio na\u0161umo juodo ra\u0161alo kaset\u0117 u\u017etikrina kokybi\u0161kai atspausdintus dokumentus. Pirkdami originalias kasetes saugote savo spausdintuv\u0105 nuo ilgalaik\u0117s \u017ealos, kuri\u0105 gali sukelti neoriginal\u016bs gaminiai. Visos Brother kaset\u0117s \u2013 \u012fskaitant \u0161i\u0105 didelio na\u0161umo juodos spalvos ra\u0161alo kaset\u0119 \u2013 yra kruop\u0161\u010diai testuojamos norint u\u017etikrinti, kad tai yra pats patikimiausias sprendimas m\u016bs\u0173 klientams. LC3219XLBK yra didelio [&hellip;]<\/p>","protected":false},"featured_media":29757,"comment_status":"open","ping_status":"closed","template":"","meta":{"_season_start":"","_season_end":"","_season_days":"","_season_months":"","_season_auto_visibility":""},"product_brand":[1069],"product_cat":[1886],"product_tag":[],"class_list":{"0":"post-18499","1":"product","2":"type-product","3":"status-publish","4":"has-post-thumbnail","6":"product_brand-brother","7":"product_cat-originalios-kasetes-rasaliniams-spausdintuvams","9":"first","10":"instock","11":"taxable","12":"shipping-taxable","13":"purchasable","14":"product-type-simple"},"yoast_head":"<!-- This site is optimized with the Yoast SEO plugin v26.1.1 - https:\/\/yoast.com\/wordpress\/plugins\/seo\/ -->\n<title>Kaset\u0117 ra\u0161aliniam spausdintuvui LC3219XLBK juoda Brother - Rutana - Ra\u0161tin\u0117s reikmenys<\/title>\n<meta name=\"robots\" content=\"index, follow, max-snippet:-1, max-image-preview:large, max-video-preview:-1\" \/>\n<link rel=\"canonical\" href=\"https:\/\/rutana.lt\/en\/product\/kasete-rasaliniam-spausdintuvui-lc3219xlbk-juoda-brother\/\" \/>\n<meta property=\"og:locale\" content=\"en_US\" \/>\n<meta property=\"og:type\" content=\"article\" \/>\n<meta property=\"og:title\" content=\"Kaset\u0117 ra\u0161aliniam spausdintuvui LC3219XLBK juoda Brother - Rutana - Ra\u0161tin\u0117s reikmenys\" \/>\n<meta property=\"og:description\" content=\"\u0160i originali Brother didelio na\u0161umo juodo ra\u0161alo kaset\u0117 u\u017etikrina kokybi\u0161kai atspausdintus dokumentus. Pirkdami originalias kasetes saugote savo spausdintuv\u0105 nuo ilgalaik\u0117s \u017ealos, kuri\u0105 gali sukelti neoriginal\u016bs gaminiai. Visos Brother kaset\u0117s \u2013 \u012fskaitant \u0161i\u0105 didelio na\u0161umo juodos spalvos ra\u0161alo kaset\u0119 \u2013 yra kruop\u0161\u010diai testuojamos norint u\u017etikrinti, kad tai yra pats patikimiausias sprendimas m\u016bs\u0173 klientams. LC3219XLBK yra didelio [&hellip;]\" \/>\n<meta property=\"og:url\" content=\"https:\/\/rutana.lt\/en\/product\/kasete-rasaliniam-spausdintuvui-lc3219xlbk-juoda-brother\/\" \/>\n<meta property=\"og:site_name\" content=\"Rutana - Ra\u0161tin\u0117s reikmenys\" \/>\n<meta property=\"article:publisher\" content=\"https:\/\/www.facebook.com\/RutanaKanceliarinesPrekes\/\" \/>\n<meta property=\"article:modified_time\" content=\"2025-10-13T13:56:49+00:00\" \/>\n<meta property=\"og:image\" content=\"https:\/\/rutana.lt\/wp-content\/uploads\/2025\/09\/B032-555.jpg\" \/>\n\t<meta property=\"og:image:width\" content=\"1000\" \/>\n\t<meta property=\"og:image:height\" content=\"1040\" \/>\n\t<meta property=\"og:image:type\" content=\"image\/jpeg\" \/>\n<meta name=\"twitter:card\" content=\"summary_large_image\" \/>\n<meta name=\"twitter:label1\" content=\"Est. reading time\" \/>\n\t<meta name=\"twitter:data1\" content=\"1 minute\" \/>\n<script type=\"application\/ld+json\" class=\"yoast-schema-graph\">{\"@context\":\"https:\/\/schema.org\",\"@graph\":[{\"@type\":\"WebPage\",\"@id\":\"https:\/\/rutana.lt\/produktas\/kasete-rasaliniam-spausdintuvui-lc3219xlbk-juoda-brother\/\",\"url\":\"https:\/\/rutana.lt\/produktas\/kasete-rasaliniam-spausdintuvui-lc3219xlbk-juoda-brother\/\",\"name\":\"Kaset\u0117 ra\u0161aliniam spausdintuvui LC3219XLBK juoda Brother - Rutana - Ra\u0161tin\u0117s reikmenys\",\"isPartOf\":{\"@id\":\"https:\/\/rutana.lt\/#website\"},\"primaryImageOfPage\":{\"@id\":\"https:\/\/rutana.lt\/produktas\/kasete-rasaliniam-spausdintuvui-lc3219xlbk-juoda-brother\/#primaryimage\"},\"image\":{\"@id\":\"https:\/\/rutana.lt\/produktas\/kasete-rasaliniam-spausdintuvui-lc3219xlbk-juoda-brother\/#primaryimage\"},\"thumbnailUrl\":\"https:\/\/rutana.lt\/wp-content\/uploads\/2025\/09\/B032-555-2.jpg?v=1763564075\",\"datePublished\":\"2025-09-03T07:59:34+00:00\",\"dateModified\":\"2025-10-13T13:56:49+00:00\",\"breadcrumb\":{\"@id\":\"https:\/\/rutana.lt\/produktas\/kasete-rasaliniam-spausdintuvui-lc3219xlbk-juoda-brother\/#breadcrumb\"},\"inLanguage\":\"en-US\",\"potentialAction\":[{\"@type\":\"ReadAction\",\"target\":[\"https:\/\/rutana.lt\/produktas\/kasete-rasaliniam-spausdintuvui-lc3219xlbk-juoda-brother\/\"]}]},{\"@type\":\"ImageObject\",\"inLanguage\":\"en-US\",\"@id\":\"https:\/\/rutana.lt\/produktas\/kasete-rasaliniam-spausdintuvui-lc3219xlbk-juoda-brother\/#primaryimage\",\"url\":\"https:\/\/rutana.lt\/wp-content\/uploads\/2025\/09\/B032-555-2.jpg?v=1763564075\",\"contentUrl\":\"https:\/\/rutana.lt\/wp-content\/uploads\/2025\/09\/B032-555-2.jpg?v=1763564075\",\"width\":1000,\"height\":1040},{\"@type\":\"BreadcrumbList\",\"@id\":\"https:\/\/rutana.lt\/produktas\/kasete-rasaliniam-spausdintuvui-lc3219xlbk-juoda-brother\/#breadcrumb\",\"itemListElement\":[{\"@type\":\"ListItem\",\"position\":1,\"name\":\"Home\",\"item\":\"https:\/\/rutana.lt\/\"},{\"@type\":\"ListItem\",\"position\":2,\"name\":\"Parduotuv\u0117\",\"item\":\"https:\/\/rutana.lt\/parduotuve\/\"},{\"@type\":\"ListItem\",\"position\":3,\"name\":\"Kaset\u0117 ra\u0161aliniam spausdintuvui LC3219XLBK juoda Brother\"}]},{\"@type\":\"WebSite\",\"@id\":\"https:\/\/rutana.lt\/#website\",\"url\":\"https:\/\/rutana.lt\/\",\"name\":\"Rutana - Ra\u0161tin\u0117s reikmenys\",\"description\":\"Prekiaujame pasaulin\u0117je rinkoje pripa\u017eintomis, kokybi\u0161komis biuro prek\u0117mis toki\u0173  gamintoj\u0173 kaip: Schneider, Esselte, Novus, 3M, Faber-Castell, Citizen, Milan, Leitz, Colop, Zebra, Staedtler, Durable, Tork, Parker, Waterman ir kt.\",\"publisher\":{\"@id\":\"https:\/\/rutana.lt\/#organization\"},\"potentialAction\":[{\"@type\":\"SearchAction\",\"target\":{\"@type\":\"EntryPoint\",\"urlTemplate\":\"https:\/\/rutana.lt\/?s={search_term_string}\"},\"query-input\":{\"@type\":\"PropertyValueSpecification\",\"valueRequired\":true,\"valueName\":\"search_term_string\"}}],\"inLanguage\":\"en-US\"},{\"@type\":\"Organization\",\"@id\":\"https:\/\/rutana.lt\/#organization\",\"name\":\"Rutana - Ra\u0161tin\u0117s reikmenys\",\"url\":\"https:\/\/rutana.lt\/\",\"logo\":{\"@type\":\"ImageObject\",\"inLanguage\":\"en-US\",\"@id\":\"https:\/\/rutana.lt\/#\/schema\/logo\/image\/\",\"url\":\"https:\/\/rutana.lt\/wp-content\/uploads\/2025\/10\/Asset-32.png\",\"contentUrl\":\"https:\/\/rutana.lt\/wp-content\/uploads\/2025\/10\/Asset-32.png\",\"width\":433,\"height\":119,\"caption\":\"Rutana - Ra\u0161tin\u0117s reikmenys\"},\"image\":{\"@id\":\"https:\/\/rutana.lt\/#\/schema\/logo\/image\/\"},\"sameAs\":[\"https:\/\/www.facebook.com\/RutanaKanceliarinesPrekes\/\"]}]}<\/script>\n<!-- \/ Yoast SEO plugin. -->","yoast_head_json":{"title":"Kaset\u0117 ra\u0161aliniam spausdintuvui LC3219XLBK juoda Brother - Rutana - Ra\u0161tin\u0117s reikmenys","robots":{"index":"index","follow":"follow","max-snippet":"max-snippet:-1","max-image-preview":"max-image-preview:large","max-video-preview":"max-video-preview:-1"},"canonical":"https:\/\/rutana.lt\/en\/product\/kasete-rasaliniam-spausdintuvui-lc3219xlbk-juoda-brother\/","og_locale":"en_US","og_type":"article","og_title":"Kaset\u0117 ra\u0161aliniam spausdintuvui LC3219XLBK juoda Brother - Rutana - Ra\u0161tin\u0117s reikmenys","og_description":"\u0160i originali Brother didelio na\u0161umo juodo ra\u0161alo kaset\u0117 u\u017etikrina kokybi\u0161kai atspausdintus dokumentus. Pirkdami originalias kasetes saugote savo spausdintuv\u0105 nuo ilgalaik\u0117s \u017ealos, kuri\u0105 gali sukelti neoriginal\u016bs gaminiai. Visos Brother kaset\u0117s \u2013 \u012fskaitant \u0161i\u0105 didelio na\u0161umo juodos spalvos ra\u0161alo kaset\u0119 \u2013 yra kruop\u0161\u010diai testuojamos norint u\u017etikrinti, kad tai yra pats patikimiausias sprendimas m\u016bs\u0173 klientams. LC3219XLBK yra didelio [&hellip;]","og_url":"https:\/\/rutana.lt\/en\/product\/kasete-rasaliniam-spausdintuvui-lc3219xlbk-juoda-brother\/","og_site_name":"Rutana - Ra\u0161tin\u0117s reikmenys","article_publisher":"https:\/\/www.facebook.com\/RutanaKanceliarinesPrekes\/","article_modified_time":"2025-10-13T13:56:49+00:00","og_image":[{"width":1000,"height":1040,"url":"https:\/\/rutana.lt\/wp-content\/uploads\/2025\/09\/B032-555.jpg","type":"image\/jpeg"}],"twitter_card":"summary_large_image","twitter_misc":{"Est. reading time":"1 minute"},"schema":{"@context":"https:\/\/schema.org","@graph":[{"@type":"WebPage","@id":"https:\/\/rutana.lt\/produktas\/kasete-rasaliniam-spausdintuvui-lc3219xlbk-juoda-brother\/","url":"https:\/\/rutana.lt\/produktas\/kasete-rasaliniam-spausdintuvui-lc3219xlbk-juoda-brother\/","name":"Kaset\u0117 ra\u0161aliniam spausdintuvui LC3219XLBK juoda Brother - Rutana - Ra\u0161tin\u0117s reikmenys","isPartOf":{"@id":"https:\/\/rutana.lt\/#website"},"primaryImageOfPage":{"@id":"https:\/\/rutana.lt\/produktas\/kasete-rasaliniam-spausdintuvui-lc3219xlbk-juoda-brother\/#primaryimage"},"image":{"@id":"https:\/\/rutana.lt\/produktas\/kasete-rasaliniam-spausdintuvui-lc3219xlbk-juoda-brother\/#primaryimage"},"thumbnailUrl":"https:\/\/rutana.lt\/wp-content\/uploads\/2025\/09\/B032-555-2.jpg?v=1763564075","datePublished":"2025-09-03T07:59:34+00:00","dateModified":"2025-10-13T13:56:49+00:00","breadcrumb":{"@id":"https:\/\/rutana.lt\/produktas\/kasete-rasaliniam-spausdintuvui-lc3219xlbk-juoda-brother\/#breadcrumb"},"inLanguage":"en-US","potentialAction":[{"@type":"ReadAction","target":["https:\/\/rutana.lt\/produktas\/kasete-rasaliniam-spausdintuvui-lc3219xlbk-juoda-brother\/"]}]},{"@type":"ImageObject","inLanguage":"en-US","@id":"https:\/\/rutana.lt\/produktas\/kasete-rasaliniam-spausdintuvui-lc3219xlbk-juoda-brother\/#primaryimage","url":"https:\/\/rutana.lt\/wp-content\/uploads\/2025\/09\/B032-555-2.jpg?v=1763564075","contentUrl":"https:\/\/rutana.lt\/wp-content\/uploads\/2025\/09\/B032-555-2.jpg?v=1763564075","width":1000,"height":1040},{"@type":"BreadcrumbList","@id":"https:\/\/rutana.lt\/produktas\/kasete-rasaliniam-spausdintuvui-lc3219xlbk-juoda-brother\/#breadcrumb","itemListElement":[{"@type":"ListItem","position":1,"name":"Home","item":"https:\/\/rutana.lt\/"},{"@type":"ListItem","position":2,"name":"Parduotuv\u0117","item":"https:\/\/rutana.lt\/parduotuve\/"},{"@type":"ListItem","position":3,"name":"Kaset\u0117 ra\u0161aliniam spausdintuvui LC3219XLBK juoda Brother"}]},{"@type":"WebSite","@id":"https:\/\/rutana.lt\/#website","url":"https:\/\/rutana.lt\/","name":"Rutana - Ra\u0161tin\u0117s reikmenys","description":"Prekiaujame pasaulin\u0117je rinkoje pripa\u017eintomis, kokybi\u0161komis biuro prek\u0117mis toki\u0173  gamintoj\u0173 kaip: Schneider, Esselte, Novus, 3M, Faber-Castell, Citizen, Milan, Leitz, Colop, Zebra, Staedtler, Durable, Tork, Parker, Waterman ir kt.","publisher":{"@id":"https:\/\/rutana.lt\/#organization"},"potentialAction":[{"@type":"SearchAction","target":{"@type":"EntryPoint","urlTemplate":"https:\/\/rutana.lt\/?s={search_term_string}"},"query-input":{"@type":"PropertyValueSpecification","valueRequired":true,"valueName":"search_term_string"}}],"inLanguage":"en-US"},{"@type":"Organization","@id":"https:\/\/rutana.lt\/#organization","name":"Rutana - Ra\u0161tin\u0117s reikmenys","url":"https:\/\/rutana.lt\/","logo":{"@type":"ImageObject","inLanguage":"en-US","@id":"https:\/\/rutana.lt\/#\/schema\/logo\/image\/","url":"https:\/\/rutana.lt\/wp-content\/uploads\/2025\/10\/Asset-32.png","contentUrl":"https:\/\/rutana.lt\/wp-content\/uploads\/2025\/10\/Asset-32.png","width":433,"height":119,"caption":"Rutana - Ra\u0161tin\u0117s reikmenys"},"image":{"@id":"https:\/\/rutana.lt\/#\/schema\/logo\/image\/"},"sameAs":["https:\/\/www.facebook.com\/RutanaKanceliarinesPrekes\/"]}]}},"_links":{"self":[{"href":"https:\/\/rutana.lt\/en\/wp-json\/wp\/v2\/product\/18499","targetHints":{"allow":["GET"]}}],"collection":[{"href":"https:\/\/rutana.lt\/en\/wp-json\/wp\/v2\/product"}],"about":[{"href":"https:\/\/rutana.lt\/en\/wp-json\/wp\/v2\/types\/product"}],"replies":[{"embeddable":true,"href":"https:\/\/rutana.lt\/en\/wp-json\/wp\/v2\/comments?post=18499"}],"version-history":[{"count":1,"href":"https:\/\/rutana.lt\/en\/wp-json\/wp\/v2\/product\/18499\/revisions"}],"predecessor-version":[{"id":18560,"href":"https:\/\/rutana.lt\/en\/wp-json\/wp\/v2\/product\/18499\/revisions\/18560"}],"wp:featuredmedia":[{"embeddable":true,"href":"https:\/\/rutana.lt\/en\/wp-json\/wp\/v2\/media\/29757"}],"wp:attachment":[{"href":"https:\/\/rutana.lt\/en\/wp-json\/wp\/v2\/media?parent=18499"}],"wp:term":[{"taxonomy":"product_brand","embeddable":true,"href":"https:\/\/rutana.lt\/en\/wp-json\/wp\/v2\/product_brand?post=18499"},{"taxonomy":"product_cat","embeddable":true,"href":"https:\/\/rutana.lt\/en\/wp-json\/wp\/v2\/product_cat?post=18499"},{"taxonomy":"product_tag","embeddable":true,"href":"https:\/\/rutana.lt\/en\/wp-json\/wp\/v2\/product_tag?post=18499"}],"curies":[{"name":"wp","href":"https:\/\/api.w.org\/{rel}","templated":true}]}}