{"id":18453,"date":"2025-09-03T09:59:10","date_gmt":"2025-09-03T07:59:10","guid":{"rendered":"https:\/\/rutana.webdemo.lt\/?post_type=product&#038;p=18453"},"modified":"2025-10-13T15:56:40","modified_gmt":"2025-10-13T13:56:40","slug":"lipni-juosta-dvipuse-18mm-x-6-3m-forofis-91236","status":"publish","type":"product","link":"https:\/\/rutana.lt\/en\/product\/lipni-juosta-dvipuse-18mm-x-6-3m-forofis-91236\/","title":{"rendered":"Lipni juosta dvipus\u0117 18mm x 6.3m Forofis 91236"},"content":{"rendered":"<p style=\"margin-bottom: 10px;\">Dvipus\u0117 lipni juosta ant popierinio pagrindo. Lengvai pl\u0117\u0161oma, puikiai tinka \u012fvairioms reikm\u0117ms: plakat\u0173, nuotrauk\u0173 klijavimui, dovan\u0173 pakavimui ir kt. Storis 80 mic.<\/p>\n<p style=\"margin-bottom: 10px;\">Juostel\u0117s plotis: 18 mm<\/p>\n<p style=\"margin-bottom: 10px;\">Juostel\u0117s ilgis: 6.3 m<\/p>\n<p style=\"margin-bottom: 10px;\">Juostel\u0117s storis: 80 mic<\/p>\n<p style=\"margin-bottom: 10px;\">Kilm\u0117s \u0161alis: Vokietija<\/p>\n<p style=\"margin-bottom: 10px;\">\n<p style=\"margin-bottom: 10px;\"><\/p>\n<p style=\"margin-bottom: 10px;\"><\/p>","protected":false},"excerpt":{"rendered":"<p>Dvipus\u0117 lipni juosta ant popierinio pagrindo. Lengvai pl\u0117\u0161oma, puikiai tinka \u012fvairioms reikm\u0117ms: plakat\u0173, nuotrauk\u0173 klijavimui, dovan\u0173 pakavimui ir kt. Storis 80 mic. Juostel\u0117s plotis: 18 mm Juostel\u0117s ilgis: 6.3 m Juostel\u0117s storis: 80 mic Kilm\u0117s \u0161alis: Vokietija<\/p>","protected":false},"featured_media":29743,"comment_status":"open","ping_status":"closed","template":"","meta":{"_season_start":"","_season_end":"","_season_days":"","_season_months":"","_season_auto_visibility":""},"product_brand":[606],"product_cat":[1602,1601],"product_tag":[],"class_list":{"0":"post-18453","1":"product","2":"type-product","3":"status-publish","4":"has-post-thumbnail","6":"product_brand-forofis","7":"product_cat-juostos-pakavimui","8":"product_cat-lipnios-juosteles-ir-laikikliai","10":"first","11":"instock","12":"taxable","13":"shipping-taxable","14":"purchasable","15":"product-type-simple"},"yoast_head":"<!-- This site is optimized with the Yoast SEO plugin v27.4 - https:\/\/yoast.com\/product\/yoast-seo-wordpress\/ -->\n<title>Lipni juosta dvipus\u0117 18mm x 6.3m Forofis 91236 - Rutana - Ra\u0161tin\u0117s reikmenys<\/title>\n<meta name=\"robots\" content=\"index, follow, max-snippet:-1, max-image-preview:large, max-video-preview:-1\" \/>\n<link rel=\"canonical\" href=\"https:\/\/rutana.lt\/en\/product\/lipni-juosta-dvipuse-18mm-x-6-3m-forofis-91236\/\" \/>\n<meta property=\"og:locale\" content=\"en_US\" \/>\n<meta property=\"og:type\" content=\"article\" \/>\n<meta property=\"og:title\" content=\"Lipni juosta dvipus\u0117 18mm x 6.3m Forofis 91236 - Rutana - Ra\u0161tin\u0117s reikmenys\" \/>\n<meta property=\"og:description\" content=\"Dvipus\u0117 lipni juosta ant popierinio pagrindo. Lengvai pl\u0117\u0161oma, puikiai tinka \u012fvairioms reikm\u0117ms: plakat\u0173, nuotrauk\u0173 klijavimui, dovan\u0173 pakavimui ir kt. Storis 80 mic. Juostel\u0117s plotis: 18 mm Juostel\u0117s ilgis: 6.3 m Juostel\u0117s storis: 80 mic Kilm\u0117s \u0161alis: Vokietija\" \/>\n<meta property=\"og:url\" content=\"https:\/\/rutana.lt\/en\/product\/lipni-juosta-dvipuse-18mm-x-6-3m-forofis-91236\/\" \/>\n<meta property=\"og:site_name\" content=\"Rutana - Ra\u0161tin\u0117s reikmenys\" \/>\n<meta property=\"article:publisher\" content=\"https:\/\/www.facebook.com\/RutanaKanceliarinesPrekes\/\" \/>\n<meta property=\"article:modified_time\" content=\"2025-10-13T13:56:40+00:00\" \/>\n<meta property=\"og:image\" content=\"https:\/\/rutana.lt\/wp-content\/uploads\/2025\/09\/B013-819.jpg\" \/>\n\t<meta property=\"og:image:width\" content=\"1000\" \/>\n\t<meta property=\"og:image:height\" content=\"1040\" \/>\n\t<meta property=\"og:image:type\" content=\"image\/jpeg\" \/>\n<meta name=\"twitter:card\" content=\"summary_large_image\" \/>\n<script type=\"application\/ld+json\" class=\"yoast-schema-graph\">{\"@context\":\"https:\\\/\\\/schema.org\",\"@graph\":[{\"@type\":\"WebPage\",\"@id\":\"https:\\\/\\\/rutana.lt\\\/produktas\\\/lipni-juosta-dvipuse-18mm-x-6-3m-forofis-91236\\\/\",\"url\":\"https:\\\/\\\/rutana.lt\\\/produktas\\\/lipni-juosta-dvipuse-18mm-x-6-3m-forofis-91236\\\/\",\"name\":\"Lipni juosta dvipus\u0117 18mm x 6.3m Forofis 91236 - Rutana - Ra\u0161tin\u0117s reikmenys\",\"isPartOf\":{\"@id\":\"https:\\\/\\\/rutana.lt\\\/#website\"},\"primaryImageOfPage\":{\"@id\":\"https:\\\/\\\/rutana.lt\\\/produktas\\\/lipni-juosta-dvipuse-18mm-x-6-3m-forofis-91236\\\/#primaryimage\"},\"image\":{\"@id\":\"https:\\\/\\\/rutana.lt\\\/produktas\\\/lipni-juosta-dvipuse-18mm-x-6-3m-forofis-91236\\\/#primaryimage\"},\"thumbnailUrl\":\"https:\\\/\\\/rutana.lt\\\/wp-content\\\/uploads\\\/2025\\\/09\\\/B013-819-2.jpg?v=1763564109\",\"datePublished\":\"2025-09-03T07:59:10+00:00\",\"dateModified\":\"2025-10-13T13:56:40+00:00\",\"breadcrumb\":{\"@id\":\"https:\\\/\\\/rutana.lt\\\/produktas\\\/lipni-juosta-dvipuse-18mm-x-6-3m-forofis-91236\\\/#breadcrumb\"},\"inLanguage\":\"en-US\",\"potentialAction\":[{\"@type\":\"ReadAction\",\"target\":[\"https:\\\/\\\/rutana.lt\\\/produktas\\\/lipni-juosta-dvipuse-18mm-x-6-3m-forofis-91236\\\/\"]}]},{\"@type\":\"ImageObject\",\"inLanguage\":\"en-US\",\"@id\":\"https:\\\/\\\/rutana.lt\\\/produktas\\\/lipni-juosta-dvipuse-18mm-x-6-3m-forofis-91236\\\/#primaryimage\",\"url\":\"https:\\\/\\\/rutana.lt\\\/wp-content\\\/uploads\\\/2025\\\/09\\\/B013-819-2.jpg?v=1763564109\",\"contentUrl\":\"https:\\\/\\\/rutana.lt\\\/wp-content\\\/uploads\\\/2025\\\/09\\\/B013-819-2.jpg?v=1763564109\",\"width\":1000,\"height\":1040},{\"@type\":\"BreadcrumbList\",\"@id\":\"https:\\\/\\\/rutana.lt\\\/produktas\\\/lipni-juosta-dvipuse-18mm-x-6-3m-forofis-91236\\\/#breadcrumb\",\"itemListElement\":[{\"@type\":\"ListItem\",\"position\":1,\"name\":\"Home\",\"item\":\"https:\\\/\\\/rutana.lt\\\/\"},{\"@type\":\"ListItem\",\"position\":2,\"name\":\"Parduotuv\u0117\",\"item\":\"https:\\\/\\\/rutana.lt\\\/parduotuve\\\/\"},{\"@type\":\"ListItem\",\"position\":3,\"name\":\"Lipni juosta dvipus\u0117 18mm x 6.3m Forofis 91236\"}]},{\"@type\":\"WebSite\",\"@id\":\"https:\\\/\\\/rutana.lt\\\/#website\",\"url\":\"https:\\\/\\\/rutana.lt\\\/\",\"name\":\"Rutana - Ra\u0161tin\u0117s reikmenys\",\"description\":\"Prekiaujame pasaulin\u0117je rinkoje pripa\u017eintomis, kokybi\u0161komis biuro prek\u0117mis toki\u0173  gamintoj\u0173 kaip: Schneider, Esselte, Novus, 3M, Faber-Castell, Citizen, Milan, Leitz, Colop, Zebra, Staedtler, Durable, Tork, Parker, Waterman ir kt.\",\"publisher\":{\"@id\":\"https:\\\/\\\/rutana.lt\\\/#organization\"},\"potentialAction\":[{\"@type\":\"SearchAction\",\"target\":{\"@type\":\"EntryPoint\",\"urlTemplate\":\"https:\\\/\\\/rutana.lt\\\/?s={search_term_string}\"},\"query-input\":{\"@type\":\"PropertyValueSpecification\",\"valueRequired\":true,\"valueName\":\"search_term_string\"}}],\"inLanguage\":\"en-US\"},{\"@type\":\"Organization\",\"@id\":\"https:\\\/\\\/rutana.lt\\\/#organization\",\"name\":\"Rutana - Ra\u0161tin\u0117s reikmenys\",\"url\":\"https:\\\/\\\/rutana.lt\\\/\",\"logo\":{\"@type\":\"ImageObject\",\"inLanguage\":\"en-US\",\"@id\":\"https:\\\/\\\/rutana.lt\\\/#\\\/schema\\\/logo\\\/image\\\/\",\"url\":\"https:\\\/\\\/rutana.lt\\\/wp-content\\\/uploads\\\/2025\\\/10\\\/Asset-32.png\",\"contentUrl\":\"https:\\\/\\\/rutana.lt\\\/wp-content\\\/uploads\\\/2025\\\/10\\\/Asset-32.png\",\"width\":433,\"height\":119,\"caption\":\"Rutana - Ra\u0161tin\u0117s reikmenys\"},\"image\":{\"@id\":\"https:\\\/\\\/rutana.lt\\\/#\\\/schema\\\/logo\\\/image\\\/\"},\"sameAs\":[\"https:\\\/\\\/www.facebook.com\\\/RutanaKanceliarinesPrekes\\\/\"]}]}<\/script>\n<!-- \/ Yoast SEO plugin. -->","yoast_head_json":{"title":"Lipni juosta dvipus\u0117 18mm x 6.3m Forofis 91236 - Rutana - Ra\u0161tin\u0117s reikmenys","robots":{"index":"index","follow":"follow","max-snippet":"max-snippet:-1","max-image-preview":"max-image-preview:large","max-video-preview":"max-video-preview:-1"},"canonical":"https:\/\/rutana.lt\/en\/product\/lipni-juosta-dvipuse-18mm-x-6-3m-forofis-91236\/","og_locale":"en_US","og_type":"article","og_title":"Lipni juosta dvipus\u0117 18mm x 6.3m Forofis 91236 - Rutana - Ra\u0161tin\u0117s reikmenys","og_description":"Dvipus\u0117 lipni juosta ant popierinio pagrindo. Lengvai pl\u0117\u0161oma, puikiai tinka \u012fvairioms reikm\u0117ms: plakat\u0173, nuotrauk\u0173 klijavimui, dovan\u0173 pakavimui ir kt. Storis 80 mic. Juostel\u0117s plotis: 18 mm Juostel\u0117s ilgis: 6.3 m Juostel\u0117s storis: 80 mic Kilm\u0117s \u0161alis: Vokietija","og_url":"https:\/\/rutana.lt\/en\/product\/lipni-juosta-dvipuse-18mm-x-6-3m-forofis-91236\/","og_site_name":"Rutana - Ra\u0161tin\u0117s reikmenys","article_publisher":"https:\/\/www.facebook.com\/RutanaKanceliarinesPrekes\/","article_modified_time":"2025-10-13T13:56:40+00:00","og_image":[{"width":1000,"height":1040,"url":"https:\/\/rutana.lt\/wp-content\/uploads\/2025\/09\/B013-819.jpg","type":"image\/jpeg"}],"twitter_card":"summary_large_image","schema":{"@context":"https:\/\/schema.org","@graph":[{"@type":"WebPage","@id":"https:\/\/rutana.lt\/produktas\/lipni-juosta-dvipuse-18mm-x-6-3m-forofis-91236\/","url":"https:\/\/rutana.lt\/produktas\/lipni-juosta-dvipuse-18mm-x-6-3m-forofis-91236\/","name":"Lipni juosta dvipus\u0117 18mm x 6.3m Forofis 91236 - Rutana - Ra\u0161tin\u0117s reikmenys","isPartOf":{"@id":"https:\/\/rutana.lt\/#website"},"primaryImageOfPage":{"@id":"https:\/\/rutana.lt\/produktas\/lipni-juosta-dvipuse-18mm-x-6-3m-forofis-91236\/#primaryimage"},"image":{"@id":"https:\/\/rutana.lt\/produktas\/lipni-juosta-dvipuse-18mm-x-6-3m-forofis-91236\/#primaryimage"},"thumbnailUrl":"https:\/\/rutana.lt\/wp-content\/uploads\/2025\/09\/B013-819-2.jpg?v=1763564109","datePublished":"2025-09-03T07:59:10+00:00","dateModified":"2025-10-13T13:56:40+00:00","breadcrumb":{"@id":"https:\/\/rutana.lt\/produktas\/lipni-juosta-dvipuse-18mm-x-6-3m-forofis-91236\/#breadcrumb"},"inLanguage":"en-US","potentialAction":[{"@type":"ReadAction","target":["https:\/\/rutana.lt\/produktas\/lipni-juosta-dvipuse-18mm-x-6-3m-forofis-91236\/"]}]},{"@type":"ImageObject","inLanguage":"en-US","@id":"https:\/\/rutana.lt\/produktas\/lipni-juosta-dvipuse-18mm-x-6-3m-forofis-91236\/#primaryimage","url":"https:\/\/rutana.lt\/wp-content\/uploads\/2025\/09\/B013-819-2.jpg?v=1763564109","contentUrl":"https:\/\/rutana.lt\/wp-content\/uploads\/2025\/09\/B013-819-2.jpg?v=1763564109","width":1000,"height":1040},{"@type":"BreadcrumbList","@id":"https:\/\/rutana.lt\/produktas\/lipni-juosta-dvipuse-18mm-x-6-3m-forofis-91236\/#breadcrumb","itemListElement":[{"@type":"ListItem","position":1,"name":"Home","item":"https:\/\/rutana.lt\/"},{"@type":"ListItem","position":2,"name":"Parduotuv\u0117","item":"https:\/\/rutana.lt\/parduotuve\/"},{"@type":"ListItem","position":3,"name":"Lipni juosta dvipus\u0117 18mm x 6.3m Forofis 91236"}]},{"@type":"WebSite","@id":"https:\/\/rutana.lt\/#website","url":"https:\/\/rutana.lt\/","name":"Rutana - Ra\u0161tin\u0117s reikmenys","description":"Prekiaujame pasaulin\u0117je rinkoje pripa\u017eintomis, kokybi\u0161komis biuro prek\u0117mis toki\u0173  gamintoj\u0173 kaip: Schneider, Esselte, Novus, 3M, Faber-Castell, Citizen, Milan, Leitz, Colop, Zebra, Staedtler, Durable, Tork, Parker, Waterman ir kt.","publisher":{"@id":"https:\/\/rutana.lt\/#organization"},"potentialAction":[{"@type":"SearchAction","target":{"@type":"EntryPoint","urlTemplate":"https:\/\/rutana.lt\/?s={search_term_string}"},"query-input":{"@type":"PropertyValueSpecification","valueRequired":true,"valueName":"search_term_string"}}],"inLanguage":"en-US"},{"@type":"Organization","@id":"https:\/\/rutana.lt\/#organization","name":"Rutana - Ra\u0161tin\u0117s reikmenys","url":"https:\/\/rutana.lt\/","logo":{"@type":"ImageObject","inLanguage":"en-US","@id":"https:\/\/rutana.lt\/#\/schema\/logo\/image\/","url":"https:\/\/rutana.lt\/wp-content\/uploads\/2025\/10\/Asset-32.png","contentUrl":"https:\/\/rutana.lt\/wp-content\/uploads\/2025\/10\/Asset-32.png","width":433,"height":119,"caption":"Rutana - Ra\u0161tin\u0117s reikmenys"},"image":{"@id":"https:\/\/rutana.lt\/#\/schema\/logo\/image\/"},"sameAs":["https:\/\/www.facebook.com\/RutanaKanceliarinesPrekes\/"]}]}},"_links":{"self":[{"href":"https:\/\/rutana.lt\/en\/wp-json\/wp\/v2\/product\/18453","targetHints":{"allow":["GET"]}}],"collection":[{"href":"https:\/\/rutana.lt\/en\/wp-json\/wp\/v2\/product"}],"about":[{"href":"https:\/\/rutana.lt\/en\/wp-json\/wp\/v2\/types\/product"}],"replies":[{"embeddable":true,"href":"https:\/\/rutana.lt\/en\/wp-json\/wp\/v2\/comments?post=18453"}],"version-history":[{"count":1,"href":"https:\/\/rutana.lt\/en\/wp-json\/wp\/v2\/product\/18453\/revisions"}],"predecessor-version":[{"id":18514,"href":"https:\/\/rutana.lt\/en\/wp-json\/wp\/v2\/product\/18453\/revisions\/18514"}],"wp:featuredmedia":[{"embeddable":true,"href":"https:\/\/rutana.lt\/en\/wp-json\/wp\/v2\/media\/29743"}],"wp:attachment":[{"href":"https:\/\/rutana.lt\/en\/wp-json\/wp\/v2\/media?parent=18453"}],"wp:term":[{"taxonomy":"product_brand","embeddable":true,"href":"https:\/\/rutana.lt\/en\/wp-json\/wp\/v2\/product_brand?post=18453"},{"taxonomy":"product_cat","embeddable":true,"href":"https:\/\/rutana.lt\/en\/wp-json\/wp\/v2\/product_cat?post=18453"},{"taxonomy":"product_tag","embeddable":true,"href":"https:\/\/rutana.lt\/en\/wp-json\/wp\/v2\/product_tag?post=18453"}],"curies":[{"name":"wp","href":"https:\/\/api.w.org\/{rel}","templated":true}]}}