{"id":18441,"date":"2025-09-03T09:59:10","date_gmt":"2025-09-03T07:59:10","guid":{"rendered":"https:\/\/rutana.webdemo.lt\/?post_type=product&#038;p=18441"},"modified":"2025-10-13T15:56:34","modified_gmt":"2025-10-13T13:56:34","slug":"automatinis-tusinukas-jazz-pastel-k36-blue-pelikan-812634","status":"publish","type":"product","link":"https:\/\/rutana.lt\/en\/product\/automatinis-tusinukas-jazz-pastel-k36-blue-pelikan-812634\/","title":{"rendered":"Automatinis tu\u0161inukas Jazz Pastel K36 Blue Pelikan 812634"},"content":{"rendered":"<p>Eleganti\u0161kas Jazz metalinis tu\u0161inukas pasi\u017eymi lenktomis linijomis, tod\u0117l tu\u0161inukas yra lengvas ir gyvas. Matinis lakuotas vir\u0161utinis ir apatinis cilindras puikiai dera su chromuotu antgaliu, \u017eiedu ir segtuku. Tipi\u0161kas Pelikan snapo formos segtukas yra spyruoklinis, tod\u0117l ypa\u010d tvirtas. Tu\u0161inukas su sukimo mechanizmu turi m\u0117lynos spalvos tu\u0161o \u0161erdel\u0119, atitinkant\u012f ISO 12757-2 dokumentams atspar\u0173 ra\u0161al\u0105.<\/p>\n<p>Br\u0117\u017eiamos linijos storis: M ( Medium, vidutin\u0117 )<\/p>\n<p>Tu\u0161o spalva: m\u0117lyna<\/p>\n<p>Korpuso spalva: pastel blue \/ pastelin\u0117 m\u0117lyna<\/p>\n<p>Kilm\u0117s \u0161alis: Vokietija<\/p>\n<p><\/p>\n<p><\/p>","protected":false},"excerpt":{"rendered":"<p>Eleganti\u0161kas Jazz metalinis tu\u0161inukas pasi\u017eymi lenktomis linijomis, tod\u0117l tu\u0161inukas yra lengvas ir gyvas. Matinis lakuotas vir\u0161utinis ir apatinis cilindras puikiai dera su chromuotu antgaliu, \u017eiedu ir segtuku. Tipi\u0161kas Pelikan snapo formos segtukas yra spyruoklinis, tod\u0117l ypa\u010d tvirtas. Tu\u0161inukas su sukimo mechanizmu turi m\u0117lynos spalvos tu\u0161o \u0161erdel\u0119, atitinkant\u012f ISO 12757-2 dokumentams atspar\u0173 ra\u0161al\u0105. Br\u0117\u017eiamos linijos storis: [&hellip;]<\/p>","protected":false},"featured_media":29731,"comment_status":"open","ping_status":"closed","template":"","meta":{"_season_start":"","_season_end":"","_season_days":"","_season_months":"","_season_auto_visibility":""},"product_brand":[540],"product_cat":[1750],"product_tag":[],"class_list":{"0":"post-18441","1":"product","2":"type-product","3":"status-publish","4":"has-post-thumbnail","6":"product_brand-pelikan","7":"product_cat-tusinukai","9":"first","10":"instock","11":"taxable","12":"shipping-taxable","13":"purchasable","14":"product-type-simple"},"yoast_head":"<!-- This site is optimized with the Yoast SEO plugin v26.1.1 - https:\/\/yoast.com\/wordpress\/plugins\/seo\/ -->\n<title>Automatinis tu\u0161inukas Jazz Pastel K36 Blue Pelikan 812634 - Rutana - Ra\u0161tin\u0117s reikmenys<\/title>\n<meta name=\"robots\" content=\"index, follow, max-snippet:-1, max-image-preview:large, max-video-preview:-1\" \/>\n<link rel=\"canonical\" href=\"https:\/\/rutana.lt\/en\/product\/automatinis-tusinukas-jazz-pastel-k36-blue-pelikan-812634\/\" \/>\n<meta property=\"og:locale\" content=\"en_US\" \/>\n<meta property=\"og:type\" content=\"article\" \/>\n<meta property=\"og:title\" content=\"Automatinis tu\u0161inukas Jazz Pastel K36 Blue Pelikan 812634 - Rutana - Ra\u0161tin\u0117s reikmenys\" \/>\n<meta property=\"og:description\" content=\"Eleganti\u0161kas Jazz metalinis tu\u0161inukas pasi\u017eymi lenktomis linijomis, tod\u0117l tu\u0161inukas yra lengvas ir gyvas. Matinis lakuotas vir\u0161utinis ir apatinis cilindras puikiai dera su chromuotu antgaliu, \u017eiedu ir segtuku. Tipi\u0161kas Pelikan snapo formos segtukas yra spyruoklinis, tod\u0117l ypa\u010d tvirtas. Tu\u0161inukas su sukimo mechanizmu turi m\u0117lynos spalvos tu\u0161o \u0161erdel\u0119, atitinkant\u012f ISO 12757-2 dokumentams atspar\u0173 ra\u0161al\u0105. Br\u0117\u017eiamos linijos storis: [&hellip;]\" \/>\n<meta property=\"og:url\" content=\"https:\/\/rutana.lt\/en\/product\/automatinis-tusinukas-jazz-pastel-k36-blue-pelikan-812634\/\" \/>\n<meta property=\"og:site_name\" content=\"Rutana - Ra\u0161tin\u0117s reikmenys\" \/>\n<meta property=\"article:publisher\" content=\"https:\/\/www.facebook.com\/RutanaKanceliarinesPrekes\/\" \/>\n<meta property=\"article:modified_time\" content=\"2025-10-13T13:56:34+00:00\" \/>\n<meta property=\"og:image\" content=\"https:\/\/rutana.lt\/wp-content\/uploads\/2025\/09\/C133-036.jpg\" \/>\n\t<meta property=\"og:image:width\" content=\"1800\" \/>\n\t<meta property=\"og:image:height\" content=\"1000\" \/>\n\t<meta property=\"og:image:type\" content=\"image\/jpeg\" \/>\n<meta name=\"twitter:card\" content=\"summary_large_image\" \/>\n<script type=\"application\/ld+json\" class=\"yoast-schema-graph\">{\"@context\":\"https:\/\/schema.org\",\"@graph\":[{\"@type\":\"WebPage\",\"@id\":\"https:\/\/rutana.lt\/produktas\/automatinis-tusinukas-jazz-pastel-k36-blue-pelikan-812634\/\",\"url\":\"https:\/\/rutana.lt\/produktas\/automatinis-tusinukas-jazz-pastel-k36-blue-pelikan-812634\/\",\"name\":\"Automatinis tu\u0161inukas Jazz Pastel K36 Blue Pelikan 812634 - Rutana - Ra\u0161tin\u0117s reikmenys\",\"isPartOf\":{\"@id\":\"https:\/\/rutana.lt\/#website\"},\"primaryImageOfPage\":{\"@id\":\"https:\/\/rutana.lt\/produktas\/automatinis-tusinukas-jazz-pastel-k36-blue-pelikan-812634\/#primaryimage\"},\"image\":{\"@id\":\"https:\/\/rutana.lt\/produktas\/automatinis-tusinukas-jazz-pastel-k36-blue-pelikan-812634\/#primaryimage\"},\"thumbnailUrl\":\"https:\/\/rutana.lt\/wp-content\/uploads\/2025\/09\/C133-036-1.jpg?v=1763564144\",\"datePublished\":\"2025-09-03T07:59:10+00:00\",\"dateModified\":\"2025-10-13T13:56:34+00:00\",\"breadcrumb\":{\"@id\":\"https:\/\/rutana.lt\/produktas\/automatinis-tusinukas-jazz-pastel-k36-blue-pelikan-812634\/#breadcrumb\"},\"inLanguage\":\"en-US\",\"potentialAction\":[{\"@type\":\"ReadAction\",\"target\":[\"https:\/\/rutana.lt\/produktas\/automatinis-tusinukas-jazz-pastel-k36-blue-pelikan-812634\/\"]}]},{\"@type\":\"ImageObject\",\"inLanguage\":\"en-US\",\"@id\":\"https:\/\/rutana.lt\/produktas\/automatinis-tusinukas-jazz-pastel-k36-blue-pelikan-812634\/#primaryimage\",\"url\":\"https:\/\/rutana.lt\/wp-content\/uploads\/2025\/09\/C133-036-1.jpg?v=1763564144\",\"contentUrl\":\"https:\/\/rutana.lt\/wp-content\/uploads\/2025\/09\/C133-036-1.jpg?v=1763564144\",\"width\":1800,\"height\":1000},{\"@type\":\"BreadcrumbList\",\"@id\":\"https:\/\/rutana.lt\/produktas\/automatinis-tusinukas-jazz-pastel-k36-blue-pelikan-812634\/#breadcrumb\",\"itemListElement\":[{\"@type\":\"ListItem\",\"position\":1,\"name\":\"Home\",\"item\":\"https:\/\/rutana.lt\/\"},{\"@type\":\"ListItem\",\"position\":2,\"name\":\"Parduotuv\u0117\",\"item\":\"https:\/\/rutana.lt\/parduotuve\/\"},{\"@type\":\"ListItem\",\"position\":3,\"name\":\"Automatinis tu\u0161inukas Jazz Pastel K36 Blue Pelikan 812634\"}]},{\"@type\":\"WebSite\",\"@id\":\"https:\/\/rutana.lt\/#website\",\"url\":\"https:\/\/rutana.lt\/\",\"name\":\"Rutana - Ra\u0161tin\u0117s reikmenys\",\"description\":\"Prekiaujame pasaulin\u0117je rinkoje pripa\u017eintomis, kokybi\u0161komis biuro prek\u0117mis toki\u0173  gamintoj\u0173 kaip: Schneider, Esselte, Novus, 3M, Faber-Castell, Citizen, Milan, Leitz, Colop, Zebra, Staedtler, Durable, Tork, Parker, Waterman ir kt.\",\"publisher\":{\"@id\":\"https:\/\/rutana.lt\/#organization\"},\"potentialAction\":[{\"@type\":\"SearchAction\",\"target\":{\"@type\":\"EntryPoint\",\"urlTemplate\":\"https:\/\/rutana.lt\/?s={search_term_string}\"},\"query-input\":{\"@type\":\"PropertyValueSpecification\",\"valueRequired\":true,\"valueName\":\"search_term_string\"}}],\"inLanguage\":\"en-US\"},{\"@type\":\"Organization\",\"@id\":\"https:\/\/rutana.lt\/#organization\",\"name\":\"Rutana - Ra\u0161tin\u0117s reikmenys\",\"url\":\"https:\/\/rutana.lt\/\",\"logo\":{\"@type\":\"ImageObject\",\"inLanguage\":\"en-US\",\"@id\":\"https:\/\/rutana.lt\/#\/schema\/logo\/image\/\",\"url\":\"https:\/\/rutana.lt\/wp-content\/uploads\/2025\/10\/Asset-32.png\",\"contentUrl\":\"https:\/\/rutana.lt\/wp-content\/uploads\/2025\/10\/Asset-32.png\",\"width\":433,\"height\":119,\"caption\":\"Rutana - Ra\u0161tin\u0117s reikmenys\"},\"image\":{\"@id\":\"https:\/\/rutana.lt\/#\/schema\/logo\/image\/\"},\"sameAs\":[\"https:\/\/www.facebook.com\/RutanaKanceliarinesPrekes\/\"]}]}<\/script>\n<!-- \/ Yoast SEO plugin. -->","yoast_head_json":{"title":"Automatinis tu\u0161inukas Jazz Pastel K36 Blue Pelikan 812634 - Rutana - Ra\u0161tin\u0117s reikmenys","robots":{"index":"index","follow":"follow","max-snippet":"max-snippet:-1","max-image-preview":"max-image-preview:large","max-video-preview":"max-video-preview:-1"},"canonical":"https:\/\/rutana.lt\/en\/product\/automatinis-tusinukas-jazz-pastel-k36-blue-pelikan-812634\/","og_locale":"en_US","og_type":"article","og_title":"Automatinis tu\u0161inukas Jazz Pastel K36 Blue Pelikan 812634 - Rutana - Ra\u0161tin\u0117s reikmenys","og_description":"Eleganti\u0161kas Jazz metalinis tu\u0161inukas pasi\u017eymi lenktomis linijomis, tod\u0117l tu\u0161inukas yra lengvas ir gyvas. Matinis lakuotas vir\u0161utinis ir apatinis cilindras puikiai dera su chromuotu antgaliu, \u017eiedu ir segtuku. Tipi\u0161kas Pelikan snapo formos segtukas yra spyruoklinis, tod\u0117l ypa\u010d tvirtas. Tu\u0161inukas su sukimo mechanizmu turi m\u0117lynos spalvos tu\u0161o \u0161erdel\u0119, atitinkant\u012f ISO 12757-2 dokumentams atspar\u0173 ra\u0161al\u0105. Br\u0117\u017eiamos linijos storis: [&hellip;]","og_url":"https:\/\/rutana.lt\/en\/product\/automatinis-tusinukas-jazz-pastel-k36-blue-pelikan-812634\/","og_site_name":"Rutana - Ra\u0161tin\u0117s reikmenys","article_publisher":"https:\/\/www.facebook.com\/RutanaKanceliarinesPrekes\/","article_modified_time":"2025-10-13T13:56:34+00:00","og_image":[{"width":1800,"height":1000,"url":"https:\/\/rutana.lt\/wp-content\/uploads\/2025\/09\/C133-036.jpg","type":"image\/jpeg"}],"twitter_card":"summary_large_image","schema":{"@context":"https:\/\/schema.org","@graph":[{"@type":"WebPage","@id":"https:\/\/rutana.lt\/produktas\/automatinis-tusinukas-jazz-pastel-k36-blue-pelikan-812634\/","url":"https:\/\/rutana.lt\/produktas\/automatinis-tusinukas-jazz-pastel-k36-blue-pelikan-812634\/","name":"Automatinis tu\u0161inukas Jazz Pastel K36 Blue Pelikan 812634 - Rutana - Ra\u0161tin\u0117s reikmenys","isPartOf":{"@id":"https:\/\/rutana.lt\/#website"},"primaryImageOfPage":{"@id":"https:\/\/rutana.lt\/produktas\/automatinis-tusinukas-jazz-pastel-k36-blue-pelikan-812634\/#primaryimage"},"image":{"@id":"https:\/\/rutana.lt\/produktas\/automatinis-tusinukas-jazz-pastel-k36-blue-pelikan-812634\/#primaryimage"},"thumbnailUrl":"https:\/\/rutana.lt\/wp-content\/uploads\/2025\/09\/C133-036-1.jpg?v=1763564144","datePublished":"2025-09-03T07:59:10+00:00","dateModified":"2025-10-13T13:56:34+00:00","breadcrumb":{"@id":"https:\/\/rutana.lt\/produktas\/automatinis-tusinukas-jazz-pastel-k36-blue-pelikan-812634\/#breadcrumb"},"inLanguage":"en-US","potentialAction":[{"@type":"ReadAction","target":["https:\/\/rutana.lt\/produktas\/automatinis-tusinukas-jazz-pastel-k36-blue-pelikan-812634\/"]}]},{"@type":"ImageObject","inLanguage":"en-US","@id":"https:\/\/rutana.lt\/produktas\/automatinis-tusinukas-jazz-pastel-k36-blue-pelikan-812634\/#primaryimage","url":"https:\/\/rutana.lt\/wp-content\/uploads\/2025\/09\/C133-036-1.jpg?v=1763564144","contentUrl":"https:\/\/rutana.lt\/wp-content\/uploads\/2025\/09\/C133-036-1.jpg?v=1763564144","width":1800,"height":1000},{"@type":"BreadcrumbList","@id":"https:\/\/rutana.lt\/produktas\/automatinis-tusinukas-jazz-pastel-k36-blue-pelikan-812634\/#breadcrumb","itemListElement":[{"@type":"ListItem","position":1,"name":"Home","item":"https:\/\/rutana.lt\/"},{"@type":"ListItem","position":2,"name":"Parduotuv\u0117","item":"https:\/\/rutana.lt\/parduotuve\/"},{"@type":"ListItem","position":3,"name":"Automatinis tu\u0161inukas Jazz Pastel K36 Blue Pelikan 812634"}]},{"@type":"WebSite","@id":"https:\/\/rutana.lt\/#website","url":"https:\/\/rutana.lt\/","name":"Rutana - Ra\u0161tin\u0117s reikmenys","description":"Prekiaujame pasaulin\u0117je rinkoje pripa\u017eintomis, kokybi\u0161komis biuro prek\u0117mis toki\u0173  gamintoj\u0173 kaip: Schneider, Esselte, Novus, 3M, Faber-Castell, Citizen, Milan, Leitz, Colop, Zebra, Staedtler, Durable, Tork, Parker, Waterman ir kt.","publisher":{"@id":"https:\/\/rutana.lt\/#organization"},"potentialAction":[{"@type":"SearchAction","target":{"@type":"EntryPoint","urlTemplate":"https:\/\/rutana.lt\/?s={search_term_string}"},"query-input":{"@type":"PropertyValueSpecification","valueRequired":true,"valueName":"search_term_string"}}],"inLanguage":"en-US"},{"@type":"Organization","@id":"https:\/\/rutana.lt\/#organization","name":"Rutana - Ra\u0161tin\u0117s reikmenys","url":"https:\/\/rutana.lt\/","logo":{"@type":"ImageObject","inLanguage":"en-US","@id":"https:\/\/rutana.lt\/#\/schema\/logo\/image\/","url":"https:\/\/rutana.lt\/wp-content\/uploads\/2025\/10\/Asset-32.png","contentUrl":"https:\/\/rutana.lt\/wp-content\/uploads\/2025\/10\/Asset-32.png","width":433,"height":119,"caption":"Rutana - Ra\u0161tin\u0117s reikmenys"},"image":{"@id":"https:\/\/rutana.lt\/#\/schema\/logo\/image\/"},"sameAs":["https:\/\/www.facebook.com\/RutanaKanceliarinesPrekes\/"]}]}},"_links":{"self":[{"href":"https:\/\/rutana.lt\/en\/wp-json\/wp\/v2\/product\/18441","targetHints":{"allow":["GET"]}}],"collection":[{"href":"https:\/\/rutana.lt\/en\/wp-json\/wp\/v2\/product"}],"about":[{"href":"https:\/\/rutana.lt\/en\/wp-json\/wp\/v2\/types\/product"}],"replies":[{"embeddable":true,"href":"https:\/\/rutana.lt\/en\/wp-json\/wp\/v2\/comments?post=18441"}],"version-history":[{"count":1,"href":"https:\/\/rutana.lt\/en\/wp-json\/wp\/v2\/product\/18441\/revisions"}],"predecessor-version":[{"id":18474,"href":"https:\/\/rutana.lt\/en\/wp-json\/wp\/v2\/product\/18441\/revisions\/18474"}],"wp:featuredmedia":[{"embeddable":true,"href":"https:\/\/rutana.lt\/en\/wp-json\/wp\/v2\/media\/29731"}],"wp:attachment":[{"href":"https:\/\/rutana.lt\/en\/wp-json\/wp\/v2\/media?parent=18441"}],"wp:term":[{"taxonomy":"product_brand","embeddable":true,"href":"https:\/\/rutana.lt\/en\/wp-json\/wp\/v2\/product_brand?post=18441"},{"taxonomy":"product_cat","embeddable":true,"href":"https:\/\/rutana.lt\/en\/wp-json\/wp\/v2\/product_cat?post=18441"},{"taxonomy":"product_tag","embeddable":true,"href":"https:\/\/rutana.lt\/en\/wp-json\/wp\/v2\/product_tag?post=18441"}],"curies":[{"name":"wp","href":"https:\/\/api.w.org\/{rel}","templated":true}]}}