{"id":18439,"date":"2025-09-03T09:59:09","date_gmt":"2025-09-03T07:59:09","guid":{"rendered":"https:\/\/rutana.webdemo.lt\/?post_type=product&#038;p=18439"},"modified":"2025-10-13T15:56:33","modified_gmt":"2025-10-13T13:56:33","slug":"tusinuko-ir-plunksnakocio-rinkinys-jazz-noble-elegance-juodos-sp-pelikan-821896","status":"publish","type":"product","link":"https:\/\/rutana.lt\/en\/product\/tusinuko-ir-plunksnakocio-rinkinys-jazz-noble-elegance-juodos-sp-pelikan-821896\/","title":{"rendered":"Tu\u0161inuko ir plunksnako\u010dio rinkinys &#8222;Jazz Noble Elegance&#8221; juodos sp. Pelikan 821896"},"content":{"rendered":"<p>\u0160iame Pelikan ra\u0161ymo priemoni\u0173 rinkinyje dera taurusis Jazz Noble Elegance parkeris ir tu\u0161inukas. \u0160iai serijai b\u016bdingos lenktos linijos, tod\u0117l ra\u0161iklis yra lengvas ir gyvas. Perlamutriniu laku padengtas vir\u0161utinis ir apatinis korpusas puikiai dera su tone spalvotu antgaliu, \u017eiedu ir segtuku. Tipi\u0161kas Pelikan snapo formos segtukas yra spyruoklinis, tod\u0117l ypa\u010d tvirtas. Tolyg\u0173 ra\u0161alo tiekim\u0105 u\u017etikrina patogus ra\u0161alo pildymo mechanizmas, tod\u0117l Jazz plunksnakot\u012f lengva naudoti. M dyd\u017eio poliruoto ner\u016bdijan\u010dio plieno antgalis. Tu\u0161inukas su sukimo mechanizmu turi \u0161erdel\u0119 su m\u0117lynos spalvos tu\u0161u, atitinkant\u012f ISO 12757-2 dokumentams atspar\u0173 ra\u0161al\u0105.<\/p>\n<p>Parkerio plunksnos storis: M ( medium )<\/p>\n<p>Korpuso spalva: juoda<\/p>\n<p>Kilm\u0117s \u0161alis: Vokietija<\/p>","protected":false},"excerpt":{"rendered":"<p>\u0160iame Pelikan ra\u0161ymo priemoni\u0173 rinkinyje dera taurusis Jazz Noble Elegance parkeris ir tu\u0161inukas. \u0160iai serijai b\u016bdingos lenktos linijos, tod\u0117l ra\u0161iklis yra lengvas ir gyvas. Perlamutriniu laku padengtas vir\u0161utinis ir apatinis korpusas puikiai dera su tone spalvotu antgaliu, \u017eiedu ir segtuku. Tipi\u0161kas Pelikan snapo formos segtukas yra spyruoklinis, tod\u0117l ypa\u010d tvirtas. Tolyg\u0173 ra\u0161alo tiekim\u0105 u\u017etikrina patogus [&hellip;]<\/p>","protected":false},"featured_media":29729,"comment_status":"open","ping_status":"closed","template":"","meta":{"_season_start":"","_season_end":"","_season_days":"","_season_months":"","_season_auto_visibility":""},"product_brand":[540],"product_cat":[1750],"product_tag":[],"class_list":{"0":"post-18439","1":"product","2":"type-product","3":"status-publish","4":"has-post-thumbnail","6":"product_brand-pelikan","7":"product_cat-tusinukai","9":"first","10":"instock","11":"taxable","12":"shipping-taxable","13":"purchasable","14":"product-type-simple"},"yoast_head":"<!-- This site is optimized with the Yoast SEO plugin v26.1.1 - https:\/\/yoast.com\/wordpress\/plugins\/seo\/ -->\n<title>Tu\u0161inuko ir plunksnako\u010dio rinkinys &quot;Jazz Noble Elegance&quot; juodos sp. Pelikan 821896 - Rutana - Ra\u0161tin\u0117s reikmenys<\/title>\n<meta name=\"robots\" content=\"index, follow, max-snippet:-1, max-image-preview:large, max-video-preview:-1\" \/>\n<link rel=\"canonical\" href=\"https:\/\/rutana.lt\/en\/product\/tusinuko-ir-plunksnakocio-rinkinys-jazz-noble-elegance-juodos-sp-pelikan-821896\/\" \/>\n<meta property=\"og:locale\" content=\"en_US\" \/>\n<meta property=\"og:type\" content=\"article\" \/>\n<meta property=\"og:title\" content=\"Tu\u0161inuko ir plunksnako\u010dio rinkinys &quot;Jazz Noble Elegance&quot; juodos sp. Pelikan 821896 - Rutana - Ra\u0161tin\u0117s reikmenys\" \/>\n<meta property=\"og:description\" content=\"\u0160iame Pelikan ra\u0161ymo priemoni\u0173 rinkinyje dera taurusis Jazz Noble Elegance parkeris ir tu\u0161inukas. \u0160iai serijai b\u016bdingos lenktos linijos, tod\u0117l ra\u0161iklis yra lengvas ir gyvas. Perlamutriniu laku padengtas vir\u0161utinis ir apatinis korpusas puikiai dera su tone spalvotu antgaliu, \u017eiedu ir segtuku. Tipi\u0161kas Pelikan snapo formos segtukas yra spyruoklinis, tod\u0117l ypa\u010d tvirtas. Tolyg\u0173 ra\u0161alo tiekim\u0105 u\u017etikrina patogus [&hellip;]\" \/>\n<meta property=\"og:url\" content=\"https:\/\/rutana.lt\/en\/product\/tusinuko-ir-plunksnakocio-rinkinys-jazz-noble-elegance-juodos-sp-pelikan-821896\/\" \/>\n<meta property=\"og:site_name\" content=\"Rutana - Ra\u0161tin\u0117s reikmenys\" \/>\n<meta property=\"article:publisher\" content=\"https:\/\/www.facebook.com\/RutanaKanceliarinesPrekes\/\" \/>\n<meta property=\"article:modified_time\" content=\"2025-10-13T13:56:33+00:00\" \/>\n<meta property=\"og:image\" content=\"https:\/\/rutana.lt\/wp-content\/uploads\/2025\/09\/C061-115.jpg\" \/>\n\t<meta property=\"og:image:width\" content=\"1500\" \/>\n\t<meta property=\"og:image:height\" content=\"1200\" \/>\n\t<meta property=\"og:image:type\" content=\"image\/jpeg\" \/>\n<meta name=\"twitter:card\" content=\"summary_large_image\" \/>\n<meta name=\"twitter:label1\" content=\"Est. reading time\" \/>\n\t<meta name=\"twitter:data1\" content=\"1 minute\" \/>\n<script type=\"application\/ld+json\" class=\"yoast-schema-graph\">{\"@context\":\"https:\/\/schema.org\",\"@graph\":[{\"@type\":\"WebPage\",\"@id\":\"https:\/\/rutana.lt\/produktas\/tusinuko-ir-plunksnakocio-rinkinys-jazz-noble-elegance-juodos-sp-pelikan-821896\/\",\"url\":\"https:\/\/rutana.lt\/produktas\/tusinuko-ir-plunksnakocio-rinkinys-jazz-noble-elegance-juodos-sp-pelikan-821896\/\",\"name\":\"Tu\u0161inuko ir plunksnako\u010dio rinkinys \\\"Jazz Noble Elegance\\\" juodos sp. Pelikan 821896 - Rutana - Ra\u0161tin\u0117s reikmenys\",\"isPartOf\":{\"@id\":\"https:\/\/rutana.lt\/#website\"},\"primaryImageOfPage\":{\"@id\":\"https:\/\/rutana.lt\/produktas\/tusinuko-ir-plunksnakocio-rinkinys-jazz-noble-elegance-juodos-sp-pelikan-821896\/#primaryimage\"},\"image\":{\"@id\":\"https:\/\/rutana.lt\/produktas\/tusinuko-ir-plunksnakocio-rinkinys-jazz-noble-elegance-juodos-sp-pelikan-821896\/#primaryimage\"},\"thumbnailUrl\":\"https:\/\/rutana.lt\/wp-content\/uploads\/2025\/09\/C061-115-1.jpg?v=1763564146\",\"datePublished\":\"2025-09-03T07:59:09+00:00\",\"dateModified\":\"2025-10-13T13:56:33+00:00\",\"breadcrumb\":{\"@id\":\"https:\/\/rutana.lt\/produktas\/tusinuko-ir-plunksnakocio-rinkinys-jazz-noble-elegance-juodos-sp-pelikan-821896\/#breadcrumb\"},\"inLanguage\":\"en-US\",\"potentialAction\":[{\"@type\":\"ReadAction\",\"target\":[\"https:\/\/rutana.lt\/produktas\/tusinuko-ir-plunksnakocio-rinkinys-jazz-noble-elegance-juodos-sp-pelikan-821896\/\"]}]},{\"@type\":\"ImageObject\",\"inLanguage\":\"en-US\",\"@id\":\"https:\/\/rutana.lt\/produktas\/tusinuko-ir-plunksnakocio-rinkinys-jazz-noble-elegance-juodos-sp-pelikan-821896\/#primaryimage\",\"url\":\"https:\/\/rutana.lt\/wp-content\/uploads\/2025\/09\/C061-115-1.jpg?v=1763564146\",\"contentUrl\":\"https:\/\/rutana.lt\/wp-content\/uploads\/2025\/09\/C061-115-1.jpg?v=1763564146\",\"width\":1500,\"height\":1200},{\"@type\":\"BreadcrumbList\",\"@id\":\"https:\/\/rutana.lt\/produktas\/tusinuko-ir-plunksnakocio-rinkinys-jazz-noble-elegance-juodos-sp-pelikan-821896\/#breadcrumb\",\"itemListElement\":[{\"@type\":\"ListItem\",\"position\":1,\"name\":\"Home\",\"item\":\"https:\/\/rutana.lt\/\"},{\"@type\":\"ListItem\",\"position\":2,\"name\":\"Parduotuv\u0117\",\"item\":\"https:\/\/rutana.lt\/parduotuve\/\"},{\"@type\":\"ListItem\",\"position\":3,\"name\":\"Tu\u0161inuko ir plunksnako\u010dio rinkinys &#8222;Jazz Noble Elegance&#8221; juodos sp. Pelikan 821896\"}]},{\"@type\":\"WebSite\",\"@id\":\"https:\/\/rutana.lt\/#website\",\"url\":\"https:\/\/rutana.lt\/\",\"name\":\"Rutana - Ra\u0161tin\u0117s reikmenys\",\"description\":\"Prekiaujame pasaulin\u0117je rinkoje pripa\u017eintomis, kokybi\u0161komis biuro prek\u0117mis toki\u0173  gamintoj\u0173 kaip: Schneider, Esselte, Novus, 3M, Faber-Castell, Citizen, Milan, Leitz, Colop, Zebra, Staedtler, Durable, Tork, Parker, Waterman ir kt.\",\"publisher\":{\"@id\":\"https:\/\/rutana.lt\/#organization\"},\"potentialAction\":[{\"@type\":\"SearchAction\",\"target\":{\"@type\":\"EntryPoint\",\"urlTemplate\":\"https:\/\/rutana.lt\/?s={search_term_string}\"},\"query-input\":{\"@type\":\"PropertyValueSpecification\",\"valueRequired\":true,\"valueName\":\"search_term_string\"}}],\"inLanguage\":\"en-US\"},{\"@type\":\"Organization\",\"@id\":\"https:\/\/rutana.lt\/#organization\",\"name\":\"Rutana - Ra\u0161tin\u0117s reikmenys\",\"url\":\"https:\/\/rutana.lt\/\",\"logo\":{\"@type\":\"ImageObject\",\"inLanguage\":\"en-US\",\"@id\":\"https:\/\/rutana.lt\/#\/schema\/logo\/image\/\",\"url\":\"https:\/\/rutana.lt\/wp-content\/uploads\/2025\/10\/Asset-32.png\",\"contentUrl\":\"https:\/\/rutana.lt\/wp-content\/uploads\/2025\/10\/Asset-32.png\",\"width\":433,\"height\":119,\"caption\":\"Rutana - Ra\u0161tin\u0117s reikmenys\"},\"image\":{\"@id\":\"https:\/\/rutana.lt\/#\/schema\/logo\/image\/\"},\"sameAs\":[\"https:\/\/www.facebook.com\/RutanaKanceliarinesPrekes\/\"]}]}<\/script>\n<!-- \/ Yoast SEO plugin. -->","yoast_head_json":{"title":"Tu\u0161inuko ir plunksnako\u010dio rinkinys \"Jazz Noble Elegance\" juodos sp. Pelikan 821896 - Rutana - Ra\u0161tin\u0117s reikmenys","robots":{"index":"index","follow":"follow","max-snippet":"max-snippet:-1","max-image-preview":"max-image-preview:large","max-video-preview":"max-video-preview:-1"},"canonical":"https:\/\/rutana.lt\/en\/product\/tusinuko-ir-plunksnakocio-rinkinys-jazz-noble-elegance-juodos-sp-pelikan-821896\/","og_locale":"en_US","og_type":"article","og_title":"Tu\u0161inuko ir plunksnako\u010dio rinkinys \"Jazz Noble Elegance\" juodos sp. Pelikan 821896 - Rutana - Ra\u0161tin\u0117s reikmenys","og_description":"\u0160iame Pelikan ra\u0161ymo priemoni\u0173 rinkinyje dera taurusis Jazz Noble Elegance parkeris ir tu\u0161inukas. \u0160iai serijai b\u016bdingos lenktos linijos, tod\u0117l ra\u0161iklis yra lengvas ir gyvas. Perlamutriniu laku padengtas vir\u0161utinis ir apatinis korpusas puikiai dera su tone spalvotu antgaliu, \u017eiedu ir segtuku. Tipi\u0161kas Pelikan snapo formos segtukas yra spyruoklinis, tod\u0117l ypa\u010d tvirtas. Tolyg\u0173 ra\u0161alo tiekim\u0105 u\u017etikrina patogus [&hellip;]","og_url":"https:\/\/rutana.lt\/en\/product\/tusinuko-ir-plunksnakocio-rinkinys-jazz-noble-elegance-juodos-sp-pelikan-821896\/","og_site_name":"Rutana - Ra\u0161tin\u0117s reikmenys","article_publisher":"https:\/\/www.facebook.com\/RutanaKanceliarinesPrekes\/","article_modified_time":"2025-10-13T13:56:33+00:00","og_image":[{"width":1500,"height":1200,"url":"https:\/\/rutana.lt\/wp-content\/uploads\/2025\/09\/C061-115.jpg","type":"image\/jpeg"}],"twitter_card":"summary_large_image","twitter_misc":{"Est. reading time":"1 minute"},"schema":{"@context":"https:\/\/schema.org","@graph":[{"@type":"WebPage","@id":"https:\/\/rutana.lt\/produktas\/tusinuko-ir-plunksnakocio-rinkinys-jazz-noble-elegance-juodos-sp-pelikan-821896\/","url":"https:\/\/rutana.lt\/produktas\/tusinuko-ir-plunksnakocio-rinkinys-jazz-noble-elegance-juodos-sp-pelikan-821896\/","name":"Tu\u0161inuko ir plunksnako\u010dio rinkinys \"Jazz Noble Elegance\" juodos sp. Pelikan 821896 - Rutana - Ra\u0161tin\u0117s reikmenys","isPartOf":{"@id":"https:\/\/rutana.lt\/#website"},"primaryImageOfPage":{"@id":"https:\/\/rutana.lt\/produktas\/tusinuko-ir-plunksnakocio-rinkinys-jazz-noble-elegance-juodos-sp-pelikan-821896\/#primaryimage"},"image":{"@id":"https:\/\/rutana.lt\/produktas\/tusinuko-ir-plunksnakocio-rinkinys-jazz-noble-elegance-juodos-sp-pelikan-821896\/#primaryimage"},"thumbnailUrl":"https:\/\/rutana.lt\/wp-content\/uploads\/2025\/09\/C061-115-1.jpg?v=1763564146","datePublished":"2025-09-03T07:59:09+00:00","dateModified":"2025-10-13T13:56:33+00:00","breadcrumb":{"@id":"https:\/\/rutana.lt\/produktas\/tusinuko-ir-plunksnakocio-rinkinys-jazz-noble-elegance-juodos-sp-pelikan-821896\/#breadcrumb"},"inLanguage":"en-US","potentialAction":[{"@type":"ReadAction","target":["https:\/\/rutana.lt\/produktas\/tusinuko-ir-plunksnakocio-rinkinys-jazz-noble-elegance-juodos-sp-pelikan-821896\/"]}]},{"@type":"ImageObject","inLanguage":"en-US","@id":"https:\/\/rutana.lt\/produktas\/tusinuko-ir-plunksnakocio-rinkinys-jazz-noble-elegance-juodos-sp-pelikan-821896\/#primaryimage","url":"https:\/\/rutana.lt\/wp-content\/uploads\/2025\/09\/C061-115-1.jpg?v=1763564146","contentUrl":"https:\/\/rutana.lt\/wp-content\/uploads\/2025\/09\/C061-115-1.jpg?v=1763564146","width":1500,"height":1200},{"@type":"BreadcrumbList","@id":"https:\/\/rutana.lt\/produktas\/tusinuko-ir-plunksnakocio-rinkinys-jazz-noble-elegance-juodos-sp-pelikan-821896\/#breadcrumb","itemListElement":[{"@type":"ListItem","position":1,"name":"Home","item":"https:\/\/rutana.lt\/"},{"@type":"ListItem","position":2,"name":"Parduotuv\u0117","item":"https:\/\/rutana.lt\/parduotuve\/"},{"@type":"ListItem","position":3,"name":"Tu\u0161inuko ir plunksnako\u010dio rinkinys &#8222;Jazz Noble Elegance&#8221; juodos sp. Pelikan 821896"}]},{"@type":"WebSite","@id":"https:\/\/rutana.lt\/#website","url":"https:\/\/rutana.lt\/","name":"Rutana - Ra\u0161tin\u0117s reikmenys","description":"Prekiaujame pasaulin\u0117je rinkoje pripa\u017eintomis, kokybi\u0161komis biuro prek\u0117mis toki\u0173  gamintoj\u0173 kaip: Schneider, Esselte, Novus, 3M, Faber-Castell, Citizen, Milan, Leitz, Colop, Zebra, Staedtler, Durable, Tork, Parker, Waterman ir kt.","publisher":{"@id":"https:\/\/rutana.lt\/#organization"},"potentialAction":[{"@type":"SearchAction","target":{"@type":"EntryPoint","urlTemplate":"https:\/\/rutana.lt\/?s={search_term_string}"},"query-input":{"@type":"PropertyValueSpecification","valueRequired":true,"valueName":"search_term_string"}}],"inLanguage":"en-US"},{"@type":"Organization","@id":"https:\/\/rutana.lt\/#organization","name":"Rutana - Ra\u0161tin\u0117s reikmenys","url":"https:\/\/rutana.lt\/","logo":{"@type":"ImageObject","inLanguage":"en-US","@id":"https:\/\/rutana.lt\/#\/schema\/logo\/image\/","url":"https:\/\/rutana.lt\/wp-content\/uploads\/2025\/10\/Asset-32.png","contentUrl":"https:\/\/rutana.lt\/wp-content\/uploads\/2025\/10\/Asset-32.png","width":433,"height":119,"caption":"Rutana - Ra\u0161tin\u0117s reikmenys"},"image":{"@id":"https:\/\/rutana.lt\/#\/schema\/logo\/image\/"},"sameAs":["https:\/\/www.facebook.com\/RutanaKanceliarinesPrekes\/"]}]}},"_links":{"self":[{"href":"https:\/\/rutana.lt\/en\/wp-json\/wp\/v2\/product\/18439","targetHints":{"allow":["GET"]}}],"collection":[{"href":"https:\/\/rutana.lt\/en\/wp-json\/wp\/v2\/product"}],"about":[{"href":"https:\/\/rutana.lt\/en\/wp-json\/wp\/v2\/types\/product"}],"replies":[{"embeddable":true,"href":"https:\/\/rutana.lt\/en\/wp-json\/wp\/v2\/comments?post=18439"}],"version-history":[{"count":1,"href":"https:\/\/rutana.lt\/en\/wp-json\/wp\/v2\/product\/18439\/revisions"}],"predecessor-version":[{"id":18470,"href":"https:\/\/rutana.lt\/en\/wp-json\/wp\/v2\/product\/18439\/revisions\/18470"}],"wp:featuredmedia":[{"embeddable":true,"href":"https:\/\/rutana.lt\/en\/wp-json\/wp\/v2\/media\/29729"}],"wp:attachment":[{"href":"https:\/\/rutana.lt\/en\/wp-json\/wp\/v2\/media?parent=18439"}],"wp:term":[{"taxonomy":"product_brand","embeddable":true,"href":"https:\/\/rutana.lt\/en\/wp-json\/wp\/v2\/product_brand?post=18439"},{"taxonomy":"product_cat","embeddable":true,"href":"https:\/\/rutana.lt\/en\/wp-json\/wp\/v2\/product_cat?post=18439"},{"taxonomy":"product_tag","embeddable":true,"href":"https:\/\/rutana.lt\/en\/wp-json\/wp\/v2\/product_tag?post=18439"}],"curies":[{"name":"wp","href":"https:\/\/api.w.org\/{rel}","templated":true}]}}