{"id":18395,"date":"2025-09-03T09:58:44","date_gmt":"2025-09-03T07:58:44","guid":{"rendered":"https:\/\/rutana.webdemo.lt\/?post_type=product&#038;p=18395"},"modified":"2025-10-13T15:56:28","modified_gmt":"2025-10-13T13:56:28","slug":"rasiklis-one-sign-1-0mm-melynas-schneider-183603","status":"publish","type":"product","link":"https:\/\/rutana.lt\/en\/product\/rasiklis-one-sign-1-0mm-melynas-schneider-183603\/","title":{"rendered":"Ra\u0161iklis One Sign 1.0mm m\u0117lynas Schneider 183603"},"content":{"rendered":"<p>Laiko patikrintas Schneider Ultra-Smooth antgalis su 1 mm skersmens galiuku yra naujojo ra\u0161alo One Sign Pen \u0161erdis. Tai leid\u017eia roleriui ypa\u010d skland\u017eiai slysti per popieri\u0173, paliekant puik\u0173 \u0161rift\u0105 su \u012fsp\u016bdingu linij\u0173 plo\u010diu ir sodriomis spalvomis. Kaip rodo gaminio pavadinimas, jis ypa\u010d tinka ry\u0161kiems para\u0161ams ir i\u0161rai\u0161kingai ra\u0161ysenai. Puikus One produkt\u0173 \u0161eimos papildymas. \u201eOne Sign Pen\u201c ra\u0161iklis turi \u201eSuper-Flow-System\u201c, kad ra\u0161alo srautas b\u016bt\u0173 tolygus, ir didelis ra\u0161alo rezervuaras, u\u017etikrinantis ilg\u0105 ra\u0161ymo malonum\u0105. Ra\u0161iklio ra\u0161alas u\u017etikrina, kad ra\u0161iklis nei\u0161d\u017ei\u016bt\u0173 net nu\u0117mus dangtel\u012f 2\u20133 dienas. Modernus, ergonomi\u0161kas dizainas ir guma padengtas pavir\u0161ius One Sign Pen ra\u0161iklis garantuoja atsipalaidavusi\u0105 laikysen\u0105 ir turi daug k\u0105 pasi\u016blyti vizualiai. Auk\u0161tos kokyb\u0117s metalinis segtukas. One Sign Pen ra\u0161alas taip pat yra atsparus vandeniui pagal ISO 14145-2 ir taip u\u017etikrina teisin\u012f saugum\u0105 ir j\u016bs\u0173 para\u0161o patvarum\u0105. Produktas su finansiniu klimato \u012fna\u0161u: perkant produkt\u0105 remiamas sertifikuotas klimato apsaugos projektas.<\/p>\n<p>\u0160erdel\u0117s galiuko storis 1.0 mm<\/p>\n<p>Br\u0117\u017eio storis: 0.8 mm<\/p>\n<p>Tu\u0161o spalva: m\u0117lyna <\/p>\n<p>Kilm\u0117s \u0161alis: Vokietija<\/p>\n<p><\/p>\n<\/p>\n<p><\/p>","protected":false},"excerpt":{"rendered":"<p>Laiko patikrintas Schneider Ultra-Smooth antgalis su 1 mm skersmens galiuku yra naujojo ra\u0161alo One Sign Pen \u0161erdis. Tai leid\u017eia roleriui ypa\u010d skland\u017eiai slysti per popieri\u0173, paliekant puik\u0173 \u0161rift\u0105 su \u012fsp\u016bdingu linij\u0173 plo\u010diu ir sodriomis spalvomis. Kaip rodo gaminio pavadinimas, jis ypa\u010d tinka ry\u0161kiems para\u0161ams ir i\u0161rai\u0161kingai ra\u0161ysenai. Puikus One produkt\u0173 \u0161eimos papildymas. \u201eOne Sign Pen\u201c [&hellip;]<\/p>","protected":false},"featured_media":29721,"comment_status":"open","ping_status":"closed","template":"","meta":{"_season_start":"","_season_end":"","_season_days":"","_season_months":"","_season_auto_visibility":""},"product_brand":[202],"product_cat":[1749],"product_tag":[],"class_list":{"0":"post-18395","1":"product","2":"type-product","3":"status-publish","4":"has-post-thumbnail","6":"product_brand-schneider","7":"product_cat-vienkartiniai-rasikliai","9":"first","10":"instock","11":"taxable","12":"shipping-taxable","13":"purchasable","14":"product-type-simple"},"yoast_head":"<!-- This site is optimized with the Yoast SEO plugin v26.1.1 - https:\/\/yoast.com\/wordpress\/plugins\/seo\/ -->\n<title>Ra\u0161iklis One Sign 1.0mm m\u0117lynas Schneider 183603 - Rutana - Ra\u0161tin\u0117s reikmenys<\/title>\n<meta name=\"robots\" content=\"index, follow, max-snippet:-1, max-image-preview:large, max-video-preview:-1\" \/>\n<link rel=\"canonical\" href=\"https:\/\/rutana.lt\/en\/product\/rasiklis-one-sign-1-0mm-melynas-schneider-183603\/\" \/>\n<meta property=\"og:locale\" content=\"en_US\" \/>\n<meta property=\"og:type\" content=\"article\" \/>\n<meta property=\"og:title\" content=\"Ra\u0161iklis One Sign 1.0mm m\u0117lynas Schneider 183603 - Rutana - Ra\u0161tin\u0117s reikmenys\" \/>\n<meta property=\"og:description\" content=\"Laiko patikrintas Schneider Ultra-Smooth antgalis su 1 mm skersmens galiuku yra naujojo ra\u0161alo One Sign Pen \u0161erdis. Tai leid\u017eia roleriui ypa\u010d skland\u017eiai slysti per popieri\u0173, paliekant puik\u0173 \u0161rift\u0105 su \u012fsp\u016bdingu linij\u0173 plo\u010diu ir sodriomis spalvomis. Kaip rodo gaminio pavadinimas, jis ypa\u010d tinka ry\u0161kiems para\u0161ams ir i\u0161rai\u0161kingai ra\u0161ysenai. Puikus One produkt\u0173 \u0161eimos papildymas. \u201eOne Sign Pen\u201c [&hellip;]\" \/>\n<meta property=\"og:url\" content=\"https:\/\/rutana.lt\/en\/product\/rasiklis-one-sign-1-0mm-melynas-schneider-183603\/\" \/>\n<meta property=\"og:site_name\" content=\"Rutana - Ra\u0161tin\u0117s reikmenys\" \/>\n<meta property=\"article:publisher\" content=\"https:\/\/www.facebook.com\/RutanaKanceliarinesPrekes\/\" \/>\n<meta property=\"article:modified_time\" content=\"2025-10-13T13:56:28+00:00\" \/>\n<meta property=\"og:image\" content=\"https:\/\/rutana.lt\/wp-content\/uploads\/2025\/09\/C035-077.jpg\" \/>\n\t<meta property=\"og:image:width\" content=\"1000\" \/>\n\t<meta property=\"og:image:height\" content=\"1000\" \/>\n\t<meta property=\"og:image:type\" content=\"image\/jpeg\" \/>\n<meta name=\"twitter:card\" content=\"summary_large_image\" \/>\n<meta name=\"twitter:label1\" content=\"Est. reading time\" \/>\n\t<meta name=\"twitter:data1\" content=\"1 minute\" \/>\n<script type=\"application\/ld+json\" class=\"yoast-schema-graph\">{\"@context\":\"https:\/\/schema.org\",\"@graph\":[{\"@type\":\"WebPage\",\"@id\":\"https:\/\/rutana.lt\/produktas\/rasiklis-one-sign-1-0mm-melynas-schneider-183603\/\",\"url\":\"https:\/\/rutana.lt\/produktas\/rasiklis-one-sign-1-0mm-melynas-schneider-183603\/\",\"name\":\"Ra\u0161iklis One Sign 1.0mm m\u0117lynas Schneider 183603 - Rutana - Ra\u0161tin\u0117s reikmenys\",\"isPartOf\":{\"@id\":\"https:\/\/rutana.lt\/#website\"},\"primaryImageOfPage\":{\"@id\":\"https:\/\/rutana.lt\/produktas\/rasiklis-one-sign-1-0mm-melynas-schneider-183603\/#primaryimage\"},\"image\":{\"@id\":\"https:\/\/rutana.lt\/produktas\/rasiklis-one-sign-1-0mm-melynas-schneider-183603\/#primaryimage\"},\"thumbnailUrl\":\"https:\/\/rutana.lt\/wp-content\/uploads\/2025\/09\/C035-077-1.jpg?v=1763564162\",\"datePublished\":\"2025-09-03T07:58:44+00:00\",\"dateModified\":\"2025-10-13T13:56:28+00:00\",\"breadcrumb\":{\"@id\":\"https:\/\/rutana.lt\/produktas\/rasiklis-one-sign-1-0mm-melynas-schneider-183603\/#breadcrumb\"},\"inLanguage\":\"en-US\",\"potentialAction\":[{\"@type\":\"ReadAction\",\"target\":[\"https:\/\/rutana.lt\/produktas\/rasiklis-one-sign-1-0mm-melynas-schneider-183603\/\"]}]},{\"@type\":\"ImageObject\",\"inLanguage\":\"en-US\",\"@id\":\"https:\/\/rutana.lt\/produktas\/rasiklis-one-sign-1-0mm-melynas-schneider-183603\/#primaryimage\",\"url\":\"https:\/\/rutana.lt\/wp-content\/uploads\/2025\/09\/C035-077-1.jpg?v=1763564162\",\"contentUrl\":\"https:\/\/rutana.lt\/wp-content\/uploads\/2025\/09\/C035-077-1.jpg?v=1763564162\",\"width\":1000,\"height\":1000},{\"@type\":\"BreadcrumbList\",\"@id\":\"https:\/\/rutana.lt\/produktas\/rasiklis-one-sign-1-0mm-melynas-schneider-183603\/#breadcrumb\",\"itemListElement\":[{\"@type\":\"ListItem\",\"position\":1,\"name\":\"Home\",\"item\":\"https:\/\/rutana.lt\/\"},{\"@type\":\"ListItem\",\"position\":2,\"name\":\"Parduotuv\u0117\",\"item\":\"https:\/\/rutana.lt\/parduotuve\/\"},{\"@type\":\"ListItem\",\"position\":3,\"name\":\"Ra\u0161iklis One Sign 1.0mm m\u0117lynas Schneider 183603\"}]},{\"@type\":\"WebSite\",\"@id\":\"https:\/\/rutana.lt\/#website\",\"url\":\"https:\/\/rutana.lt\/\",\"name\":\"Rutana - Ra\u0161tin\u0117s reikmenys\",\"description\":\"Prekiaujame pasaulin\u0117je rinkoje pripa\u017eintomis, kokybi\u0161komis biuro prek\u0117mis toki\u0173  gamintoj\u0173 kaip: Schneider, Esselte, Novus, 3M, Faber-Castell, Citizen, Milan, Leitz, Colop, Zebra, Staedtler, Durable, Tork, Parker, Waterman ir kt.\",\"publisher\":{\"@id\":\"https:\/\/rutana.lt\/#organization\"},\"potentialAction\":[{\"@type\":\"SearchAction\",\"target\":{\"@type\":\"EntryPoint\",\"urlTemplate\":\"https:\/\/rutana.lt\/?s={search_term_string}\"},\"query-input\":{\"@type\":\"PropertyValueSpecification\",\"valueRequired\":true,\"valueName\":\"search_term_string\"}}],\"inLanguage\":\"en-US\"},{\"@type\":\"Organization\",\"@id\":\"https:\/\/rutana.lt\/#organization\",\"name\":\"Rutana - Ra\u0161tin\u0117s reikmenys\",\"url\":\"https:\/\/rutana.lt\/\",\"logo\":{\"@type\":\"ImageObject\",\"inLanguage\":\"en-US\",\"@id\":\"https:\/\/rutana.lt\/#\/schema\/logo\/image\/\",\"url\":\"https:\/\/rutana.lt\/wp-content\/uploads\/2025\/10\/Asset-32.png\",\"contentUrl\":\"https:\/\/rutana.lt\/wp-content\/uploads\/2025\/10\/Asset-32.png\",\"width\":433,\"height\":119,\"caption\":\"Rutana - Ra\u0161tin\u0117s reikmenys\"},\"image\":{\"@id\":\"https:\/\/rutana.lt\/#\/schema\/logo\/image\/\"},\"sameAs\":[\"https:\/\/www.facebook.com\/RutanaKanceliarinesPrekes\/\"]}]}<\/script>\n<!-- \/ Yoast SEO plugin. -->","yoast_head_json":{"title":"Ra\u0161iklis One Sign 1.0mm m\u0117lynas Schneider 183603 - Rutana - Ra\u0161tin\u0117s reikmenys","robots":{"index":"index","follow":"follow","max-snippet":"max-snippet:-1","max-image-preview":"max-image-preview:large","max-video-preview":"max-video-preview:-1"},"canonical":"https:\/\/rutana.lt\/en\/product\/rasiklis-one-sign-1-0mm-melynas-schneider-183603\/","og_locale":"en_US","og_type":"article","og_title":"Ra\u0161iklis One Sign 1.0mm m\u0117lynas Schneider 183603 - Rutana - Ra\u0161tin\u0117s reikmenys","og_description":"Laiko patikrintas Schneider Ultra-Smooth antgalis su 1 mm skersmens galiuku yra naujojo ra\u0161alo One Sign Pen \u0161erdis. Tai leid\u017eia roleriui ypa\u010d skland\u017eiai slysti per popieri\u0173, paliekant puik\u0173 \u0161rift\u0105 su \u012fsp\u016bdingu linij\u0173 plo\u010diu ir sodriomis spalvomis. Kaip rodo gaminio pavadinimas, jis ypa\u010d tinka ry\u0161kiems para\u0161ams ir i\u0161rai\u0161kingai ra\u0161ysenai. Puikus One produkt\u0173 \u0161eimos papildymas. \u201eOne Sign Pen\u201c [&hellip;]","og_url":"https:\/\/rutana.lt\/en\/product\/rasiklis-one-sign-1-0mm-melynas-schneider-183603\/","og_site_name":"Rutana - Ra\u0161tin\u0117s reikmenys","article_publisher":"https:\/\/www.facebook.com\/RutanaKanceliarinesPrekes\/","article_modified_time":"2025-10-13T13:56:28+00:00","og_image":[{"width":1000,"height":1000,"url":"https:\/\/rutana.lt\/wp-content\/uploads\/2025\/09\/C035-077.jpg","type":"image\/jpeg"}],"twitter_card":"summary_large_image","twitter_misc":{"Est. reading time":"1 minute"},"schema":{"@context":"https:\/\/schema.org","@graph":[{"@type":"WebPage","@id":"https:\/\/rutana.lt\/produktas\/rasiklis-one-sign-1-0mm-melynas-schneider-183603\/","url":"https:\/\/rutana.lt\/produktas\/rasiklis-one-sign-1-0mm-melynas-schneider-183603\/","name":"Ra\u0161iklis One Sign 1.0mm m\u0117lynas Schneider 183603 - Rutana - Ra\u0161tin\u0117s reikmenys","isPartOf":{"@id":"https:\/\/rutana.lt\/#website"},"primaryImageOfPage":{"@id":"https:\/\/rutana.lt\/produktas\/rasiklis-one-sign-1-0mm-melynas-schneider-183603\/#primaryimage"},"image":{"@id":"https:\/\/rutana.lt\/produktas\/rasiklis-one-sign-1-0mm-melynas-schneider-183603\/#primaryimage"},"thumbnailUrl":"https:\/\/rutana.lt\/wp-content\/uploads\/2025\/09\/C035-077-1.jpg?v=1763564162","datePublished":"2025-09-03T07:58:44+00:00","dateModified":"2025-10-13T13:56:28+00:00","breadcrumb":{"@id":"https:\/\/rutana.lt\/produktas\/rasiklis-one-sign-1-0mm-melynas-schneider-183603\/#breadcrumb"},"inLanguage":"en-US","potentialAction":[{"@type":"ReadAction","target":["https:\/\/rutana.lt\/produktas\/rasiklis-one-sign-1-0mm-melynas-schneider-183603\/"]}]},{"@type":"ImageObject","inLanguage":"en-US","@id":"https:\/\/rutana.lt\/produktas\/rasiklis-one-sign-1-0mm-melynas-schneider-183603\/#primaryimage","url":"https:\/\/rutana.lt\/wp-content\/uploads\/2025\/09\/C035-077-1.jpg?v=1763564162","contentUrl":"https:\/\/rutana.lt\/wp-content\/uploads\/2025\/09\/C035-077-1.jpg?v=1763564162","width":1000,"height":1000},{"@type":"BreadcrumbList","@id":"https:\/\/rutana.lt\/produktas\/rasiklis-one-sign-1-0mm-melynas-schneider-183603\/#breadcrumb","itemListElement":[{"@type":"ListItem","position":1,"name":"Home","item":"https:\/\/rutana.lt\/"},{"@type":"ListItem","position":2,"name":"Parduotuv\u0117","item":"https:\/\/rutana.lt\/parduotuve\/"},{"@type":"ListItem","position":3,"name":"Ra\u0161iklis One Sign 1.0mm m\u0117lynas Schneider 183603"}]},{"@type":"WebSite","@id":"https:\/\/rutana.lt\/#website","url":"https:\/\/rutana.lt\/","name":"Rutana - Ra\u0161tin\u0117s reikmenys","description":"Prekiaujame pasaulin\u0117je rinkoje pripa\u017eintomis, kokybi\u0161komis biuro prek\u0117mis toki\u0173  gamintoj\u0173 kaip: Schneider, Esselte, Novus, 3M, Faber-Castell, Citizen, Milan, Leitz, Colop, Zebra, Staedtler, Durable, Tork, Parker, Waterman ir kt.","publisher":{"@id":"https:\/\/rutana.lt\/#organization"},"potentialAction":[{"@type":"SearchAction","target":{"@type":"EntryPoint","urlTemplate":"https:\/\/rutana.lt\/?s={search_term_string}"},"query-input":{"@type":"PropertyValueSpecification","valueRequired":true,"valueName":"search_term_string"}}],"inLanguage":"en-US"},{"@type":"Organization","@id":"https:\/\/rutana.lt\/#organization","name":"Rutana - Ra\u0161tin\u0117s reikmenys","url":"https:\/\/rutana.lt\/","logo":{"@type":"ImageObject","inLanguage":"en-US","@id":"https:\/\/rutana.lt\/#\/schema\/logo\/image\/","url":"https:\/\/rutana.lt\/wp-content\/uploads\/2025\/10\/Asset-32.png","contentUrl":"https:\/\/rutana.lt\/wp-content\/uploads\/2025\/10\/Asset-32.png","width":433,"height":119,"caption":"Rutana - Ra\u0161tin\u0117s reikmenys"},"image":{"@id":"https:\/\/rutana.lt\/#\/schema\/logo\/image\/"},"sameAs":["https:\/\/www.facebook.com\/RutanaKanceliarinesPrekes\/"]}]}},"_links":{"self":[{"href":"https:\/\/rutana.lt\/en\/wp-json\/wp\/v2\/product\/18395","targetHints":{"allow":["GET"]}}],"collection":[{"href":"https:\/\/rutana.lt\/en\/wp-json\/wp\/v2\/product"}],"about":[{"href":"https:\/\/rutana.lt\/en\/wp-json\/wp\/v2\/types\/product"}],"replies":[{"embeddable":true,"href":"https:\/\/rutana.lt\/en\/wp-json\/wp\/v2\/comments?post=18395"}],"version-history":[{"count":1,"href":"https:\/\/rutana.lt\/en\/wp-json\/wp\/v2\/product\/18395\/revisions"}],"predecessor-version":[{"id":18436,"href":"https:\/\/rutana.lt\/en\/wp-json\/wp\/v2\/product\/18395\/revisions\/18436"}],"wp:featuredmedia":[{"embeddable":true,"href":"https:\/\/rutana.lt\/en\/wp-json\/wp\/v2\/media\/29721"}],"wp:attachment":[{"href":"https:\/\/rutana.lt\/en\/wp-json\/wp\/v2\/media?parent=18395"}],"wp:term":[{"taxonomy":"product_brand","embeddable":true,"href":"https:\/\/rutana.lt\/en\/wp-json\/wp\/v2\/product_brand?post=18395"},{"taxonomy":"product_cat","embeddable":true,"href":"https:\/\/rutana.lt\/en\/wp-json\/wp\/v2\/product_cat?post=18395"},{"taxonomy":"product_tag","embeddable":true,"href":"https:\/\/rutana.lt\/en\/wp-json\/wp\/v2\/product_tag?post=18395"}],"curies":[{"name":"wp","href":"https:\/\/api.w.org\/{rel}","templated":true}]}}