{"id":18236,"date":"2025-09-03T09:57:36","date_gmt":"2025-09-03T07:57:36","guid":{"rendered":"https:\/\/rutana.webdemo.lt\/?post_type=product&#038;p=18236"},"modified":"2025-10-13T15:56:03","modified_gmt":"2025-10-13T13:56:03","slug":"popierinis-ranksluostis-evoprof-30x40cm-55-vnt-baltas-celtex-c79300","status":"publish","type":"product","link":"https:\/\/rutana.lt\/en\/product\/popierinis-ranksluostis-evoprof-30x40cm-55-vnt-baltas-celtex-c79300\/","title":{"rendered":"Popierinis rank\u0161luostis Evoprof 30x40cm 55 vnt. baltas Celtex C79300"},"content":{"rendered":"<p>Auk\u0161tos kokyb\u0117s vienkartinis popierinis rank\u0161luostis. Popierinis rank\u0161luostis turi reljefin\u012f ra\u0161t\u0105, yra pagamintas i\u0161 mink\u0161tos med\u017eiagos ir yra labai patvarus. Puikiai tinka naudoti kirp\u0117jams, maniki\u016bro bei pediki\u016bro meistrams. Taip pat tinka dr\u0117gmei ir skys\u010diams sugerti bei pavir\u0161iams d\u017eiovinti.<\/p>\n<p>Lapelio matmenys: 30 x 40 cm<\/p>\n<p>Lapeli\u0173 kiekis: 55<\/p>\n<p>Sluoksniai: 3<\/p>\n<p>Spalva: balta<\/p>\n<p>Spauda: ne<\/p>\n<p>Reljefinis: mikro<\/p>\n<p>Kilm\u0117s \u0161alis: Italija<\/p>\n<p><\/p>\n<p><\/p>","protected":false},"excerpt":{"rendered":"<p>Auk\u0161tos kokyb\u0117s vienkartinis popierinis rank\u0161luostis. Popierinis rank\u0161luostis turi reljefin\u012f ra\u0161t\u0105, yra pagamintas i\u0161 mink\u0161tos med\u017eiagos ir yra labai patvarus. Puikiai tinka naudoti kirp\u0117jams, maniki\u016bro bei pediki\u016bro meistrams. Taip pat tinka dr\u0117gmei ir skys\u010diams sugerti bei pavir\u0161iams d\u017eiovinti. Lapelio matmenys: 30 x 40 cm Lapeli\u0173 kiekis: 55 Sluoksniai: 3 Spalva: balta Spauda: ne Reljefinis: mikro Kilm\u0117s [&hellip;]<\/p>","protected":false},"featured_media":29671,"comment_status":"open","ping_status":"closed","template":"","meta":{"_season_start":"","_season_end":"","_season_days":"","_season_months":"","_season_auto_visibility":""},"product_brand":[83],"product_cat":[1620],"product_tag":[],"class_list":{"0":"post-18236","1":"product","2":"type-product","3":"status-publish","4":"has-post-thumbnail","6":"product_brand-null","7":"product_cat-popieriniai-ranksluosciai","9":"first","10":"instock","11":"taxable","12":"shipping-taxable","13":"purchasable","14":"product-type-simple"},"yoast_head":"<!-- This site is optimized with the Yoast SEO plugin v26.1.1 - https:\/\/yoast.com\/wordpress\/plugins\/seo\/ -->\n<title>Popierinis rank\u0161luostis Evoprof 30x40cm 55 vnt. baltas Celtex C79300 - Rutana - Ra\u0161tin\u0117s reikmenys<\/title>\n<meta name=\"robots\" content=\"index, follow, max-snippet:-1, max-image-preview:large, max-video-preview:-1\" \/>\n<link rel=\"canonical\" href=\"https:\/\/rutana.lt\/en\/product\/popierinis-ranksluostis-evoprof-30x40cm-55-vnt-baltas-celtex-c79300\/\" \/>\n<meta property=\"og:locale\" content=\"en_US\" \/>\n<meta property=\"og:type\" content=\"article\" \/>\n<meta property=\"og:title\" content=\"Popierinis rank\u0161luostis Evoprof 30x40cm 55 vnt. baltas Celtex C79300 - Rutana - Ra\u0161tin\u0117s reikmenys\" \/>\n<meta property=\"og:description\" content=\"Auk\u0161tos kokyb\u0117s vienkartinis popierinis rank\u0161luostis. Popierinis rank\u0161luostis turi reljefin\u012f ra\u0161t\u0105, yra pagamintas i\u0161 mink\u0161tos med\u017eiagos ir yra labai patvarus. Puikiai tinka naudoti kirp\u0117jams, maniki\u016bro bei pediki\u016bro meistrams. Taip pat tinka dr\u0117gmei ir skys\u010diams sugerti bei pavir\u0161iams d\u017eiovinti. Lapelio matmenys: 30 x 40 cm Lapeli\u0173 kiekis: 55 Sluoksniai: 3 Spalva: balta Spauda: ne Reljefinis: mikro Kilm\u0117s [&hellip;]\" \/>\n<meta property=\"og:url\" content=\"https:\/\/rutana.lt\/en\/product\/popierinis-ranksluostis-evoprof-30x40cm-55-vnt-baltas-celtex-c79300\/\" \/>\n<meta property=\"og:site_name\" content=\"Rutana - Ra\u0161tin\u0117s reikmenys\" \/>\n<meta property=\"article:publisher\" content=\"https:\/\/www.facebook.com\/RutanaKanceliarinesPrekes\/\" \/>\n<meta property=\"article:modified_time\" content=\"2025-10-13T13:56:03+00:00\" \/>\n<meta property=\"og:image\" content=\"https:\/\/rutana.lt\/wp-content\/uploads\/2025\/09\/A082-071.jpg\" \/>\n\t<meta property=\"og:image:width\" content=\"1000\" \/>\n\t<meta property=\"og:image:height\" content=\"1000\" \/>\n\t<meta property=\"og:image:type\" content=\"image\/jpeg\" \/>\n<meta name=\"twitter:card\" content=\"summary_large_image\" \/>\n<script type=\"application\/ld+json\" class=\"yoast-schema-graph\">{\"@context\":\"https:\/\/schema.org\",\"@graph\":[{\"@type\":\"WebPage\",\"@id\":\"https:\/\/rutana.lt\/produktas\/popierinis-ranksluostis-evoprof-30x40cm-55-vnt-baltas-celtex-c79300\/\",\"url\":\"https:\/\/rutana.lt\/produktas\/popierinis-ranksluostis-evoprof-30x40cm-55-vnt-baltas-celtex-c79300\/\",\"name\":\"Popierinis rank\u0161luostis Evoprof 30x40cm 55 vnt. baltas Celtex C79300 - Rutana - Ra\u0161tin\u0117s reikmenys\",\"isPartOf\":{\"@id\":\"https:\/\/rutana.lt\/#website\"},\"primaryImageOfPage\":{\"@id\":\"https:\/\/rutana.lt\/produktas\/popierinis-ranksluostis-evoprof-30x40cm-55-vnt-baltas-celtex-c79300\/#primaryimage\"},\"image\":{\"@id\":\"https:\/\/rutana.lt\/produktas\/popierinis-ranksluostis-evoprof-30x40cm-55-vnt-baltas-celtex-c79300\/#primaryimage\"},\"thumbnailUrl\":\"https:\/\/rutana.lt\/wp-content\/uploads\/2025\/09\/A082-071-1.jpg?v=1763564260\",\"datePublished\":\"2025-09-03T07:57:36+00:00\",\"dateModified\":\"2025-10-13T13:56:03+00:00\",\"breadcrumb\":{\"@id\":\"https:\/\/rutana.lt\/produktas\/popierinis-ranksluostis-evoprof-30x40cm-55-vnt-baltas-celtex-c79300\/#breadcrumb\"},\"inLanguage\":\"en-US\",\"potentialAction\":[{\"@type\":\"ReadAction\",\"target\":[\"https:\/\/rutana.lt\/produktas\/popierinis-ranksluostis-evoprof-30x40cm-55-vnt-baltas-celtex-c79300\/\"]}]},{\"@type\":\"ImageObject\",\"inLanguage\":\"en-US\",\"@id\":\"https:\/\/rutana.lt\/produktas\/popierinis-ranksluostis-evoprof-30x40cm-55-vnt-baltas-celtex-c79300\/#primaryimage\",\"url\":\"https:\/\/rutana.lt\/wp-content\/uploads\/2025\/09\/A082-071-1.jpg?v=1763564260\",\"contentUrl\":\"https:\/\/rutana.lt\/wp-content\/uploads\/2025\/09\/A082-071-1.jpg?v=1763564260\",\"width\":1000,\"height\":1000},{\"@type\":\"BreadcrumbList\",\"@id\":\"https:\/\/rutana.lt\/produktas\/popierinis-ranksluostis-evoprof-30x40cm-55-vnt-baltas-celtex-c79300\/#breadcrumb\",\"itemListElement\":[{\"@type\":\"ListItem\",\"position\":1,\"name\":\"Home\",\"item\":\"https:\/\/rutana.lt\/\"},{\"@type\":\"ListItem\",\"position\":2,\"name\":\"Parduotuv\u0117\",\"item\":\"https:\/\/rutana.lt\/parduotuve\/\"},{\"@type\":\"ListItem\",\"position\":3,\"name\":\"Popierinis rank\u0161luostis Evoprof 30x40cm 55 vnt. baltas Celtex C79300\"}]},{\"@type\":\"WebSite\",\"@id\":\"https:\/\/rutana.lt\/#website\",\"url\":\"https:\/\/rutana.lt\/\",\"name\":\"Rutana - Ra\u0161tin\u0117s reikmenys\",\"description\":\"Prekiaujame pasaulin\u0117je rinkoje pripa\u017eintomis, kokybi\u0161komis biuro prek\u0117mis toki\u0173  gamintoj\u0173 kaip: Schneider, Esselte, Novus, 3M, Faber-Castell, Citizen, Milan, Leitz, Colop, Zebra, Staedtler, Durable, Tork, Parker, Waterman ir kt.\",\"publisher\":{\"@id\":\"https:\/\/rutana.lt\/#organization\"},\"potentialAction\":[{\"@type\":\"SearchAction\",\"target\":{\"@type\":\"EntryPoint\",\"urlTemplate\":\"https:\/\/rutana.lt\/?s={search_term_string}\"},\"query-input\":{\"@type\":\"PropertyValueSpecification\",\"valueRequired\":true,\"valueName\":\"search_term_string\"}}],\"inLanguage\":\"en-US\"},{\"@type\":\"Organization\",\"@id\":\"https:\/\/rutana.lt\/#organization\",\"name\":\"Rutana - Ra\u0161tin\u0117s reikmenys\",\"url\":\"https:\/\/rutana.lt\/\",\"logo\":{\"@type\":\"ImageObject\",\"inLanguage\":\"en-US\",\"@id\":\"https:\/\/rutana.lt\/#\/schema\/logo\/image\/\",\"url\":\"https:\/\/rutana.lt\/wp-content\/uploads\/2025\/10\/Asset-32.png\",\"contentUrl\":\"https:\/\/rutana.lt\/wp-content\/uploads\/2025\/10\/Asset-32.png\",\"width\":433,\"height\":119,\"caption\":\"Rutana - Ra\u0161tin\u0117s reikmenys\"},\"image\":{\"@id\":\"https:\/\/rutana.lt\/#\/schema\/logo\/image\/\"},\"sameAs\":[\"https:\/\/www.facebook.com\/RutanaKanceliarinesPrekes\/\"]}]}<\/script>\n<!-- \/ Yoast SEO plugin. -->","yoast_head_json":{"title":"Popierinis rank\u0161luostis Evoprof 30x40cm 55 vnt. baltas Celtex C79300 - Rutana - Ra\u0161tin\u0117s reikmenys","robots":{"index":"index","follow":"follow","max-snippet":"max-snippet:-1","max-image-preview":"max-image-preview:large","max-video-preview":"max-video-preview:-1"},"canonical":"https:\/\/rutana.lt\/en\/product\/popierinis-ranksluostis-evoprof-30x40cm-55-vnt-baltas-celtex-c79300\/","og_locale":"en_US","og_type":"article","og_title":"Popierinis rank\u0161luostis Evoprof 30x40cm 55 vnt. baltas Celtex C79300 - Rutana - Ra\u0161tin\u0117s reikmenys","og_description":"Auk\u0161tos kokyb\u0117s vienkartinis popierinis rank\u0161luostis. Popierinis rank\u0161luostis turi reljefin\u012f ra\u0161t\u0105, yra pagamintas i\u0161 mink\u0161tos med\u017eiagos ir yra labai patvarus. Puikiai tinka naudoti kirp\u0117jams, maniki\u016bro bei pediki\u016bro meistrams. Taip pat tinka dr\u0117gmei ir skys\u010diams sugerti bei pavir\u0161iams d\u017eiovinti. Lapelio matmenys: 30 x 40 cm Lapeli\u0173 kiekis: 55 Sluoksniai: 3 Spalva: balta Spauda: ne Reljefinis: mikro Kilm\u0117s [&hellip;]","og_url":"https:\/\/rutana.lt\/en\/product\/popierinis-ranksluostis-evoprof-30x40cm-55-vnt-baltas-celtex-c79300\/","og_site_name":"Rutana - Ra\u0161tin\u0117s reikmenys","article_publisher":"https:\/\/www.facebook.com\/RutanaKanceliarinesPrekes\/","article_modified_time":"2025-10-13T13:56:03+00:00","og_image":[{"width":1000,"height":1000,"url":"https:\/\/rutana.lt\/wp-content\/uploads\/2025\/09\/A082-071.jpg","type":"image\/jpeg"}],"twitter_card":"summary_large_image","schema":{"@context":"https:\/\/schema.org","@graph":[{"@type":"WebPage","@id":"https:\/\/rutana.lt\/produktas\/popierinis-ranksluostis-evoprof-30x40cm-55-vnt-baltas-celtex-c79300\/","url":"https:\/\/rutana.lt\/produktas\/popierinis-ranksluostis-evoprof-30x40cm-55-vnt-baltas-celtex-c79300\/","name":"Popierinis rank\u0161luostis Evoprof 30x40cm 55 vnt. baltas Celtex C79300 - Rutana - Ra\u0161tin\u0117s reikmenys","isPartOf":{"@id":"https:\/\/rutana.lt\/#website"},"primaryImageOfPage":{"@id":"https:\/\/rutana.lt\/produktas\/popierinis-ranksluostis-evoprof-30x40cm-55-vnt-baltas-celtex-c79300\/#primaryimage"},"image":{"@id":"https:\/\/rutana.lt\/produktas\/popierinis-ranksluostis-evoprof-30x40cm-55-vnt-baltas-celtex-c79300\/#primaryimage"},"thumbnailUrl":"https:\/\/rutana.lt\/wp-content\/uploads\/2025\/09\/A082-071-1.jpg?v=1763564260","datePublished":"2025-09-03T07:57:36+00:00","dateModified":"2025-10-13T13:56:03+00:00","breadcrumb":{"@id":"https:\/\/rutana.lt\/produktas\/popierinis-ranksluostis-evoprof-30x40cm-55-vnt-baltas-celtex-c79300\/#breadcrumb"},"inLanguage":"en-US","potentialAction":[{"@type":"ReadAction","target":["https:\/\/rutana.lt\/produktas\/popierinis-ranksluostis-evoprof-30x40cm-55-vnt-baltas-celtex-c79300\/"]}]},{"@type":"ImageObject","inLanguage":"en-US","@id":"https:\/\/rutana.lt\/produktas\/popierinis-ranksluostis-evoprof-30x40cm-55-vnt-baltas-celtex-c79300\/#primaryimage","url":"https:\/\/rutana.lt\/wp-content\/uploads\/2025\/09\/A082-071-1.jpg?v=1763564260","contentUrl":"https:\/\/rutana.lt\/wp-content\/uploads\/2025\/09\/A082-071-1.jpg?v=1763564260","width":1000,"height":1000},{"@type":"BreadcrumbList","@id":"https:\/\/rutana.lt\/produktas\/popierinis-ranksluostis-evoprof-30x40cm-55-vnt-baltas-celtex-c79300\/#breadcrumb","itemListElement":[{"@type":"ListItem","position":1,"name":"Home","item":"https:\/\/rutana.lt\/"},{"@type":"ListItem","position":2,"name":"Parduotuv\u0117","item":"https:\/\/rutana.lt\/parduotuve\/"},{"@type":"ListItem","position":3,"name":"Popierinis rank\u0161luostis Evoprof 30x40cm 55 vnt. baltas Celtex C79300"}]},{"@type":"WebSite","@id":"https:\/\/rutana.lt\/#website","url":"https:\/\/rutana.lt\/","name":"Rutana - Ra\u0161tin\u0117s reikmenys","description":"Prekiaujame pasaulin\u0117je rinkoje pripa\u017eintomis, kokybi\u0161komis biuro prek\u0117mis toki\u0173  gamintoj\u0173 kaip: Schneider, Esselte, Novus, 3M, Faber-Castell, Citizen, Milan, Leitz, Colop, Zebra, Staedtler, Durable, Tork, Parker, Waterman ir kt.","publisher":{"@id":"https:\/\/rutana.lt\/#organization"},"potentialAction":[{"@type":"SearchAction","target":{"@type":"EntryPoint","urlTemplate":"https:\/\/rutana.lt\/?s={search_term_string}"},"query-input":{"@type":"PropertyValueSpecification","valueRequired":true,"valueName":"search_term_string"}}],"inLanguage":"en-US"},{"@type":"Organization","@id":"https:\/\/rutana.lt\/#organization","name":"Rutana - Ra\u0161tin\u0117s reikmenys","url":"https:\/\/rutana.lt\/","logo":{"@type":"ImageObject","inLanguage":"en-US","@id":"https:\/\/rutana.lt\/#\/schema\/logo\/image\/","url":"https:\/\/rutana.lt\/wp-content\/uploads\/2025\/10\/Asset-32.png","contentUrl":"https:\/\/rutana.lt\/wp-content\/uploads\/2025\/10\/Asset-32.png","width":433,"height":119,"caption":"Rutana - Ra\u0161tin\u0117s reikmenys"},"image":{"@id":"https:\/\/rutana.lt\/#\/schema\/logo\/image\/"},"sameAs":["https:\/\/www.facebook.com\/RutanaKanceliarinesPrekes\/"]}]}},"_links":{"self":[{"href":"https:\/\/rutana.lt\/en\/wp-json\/wp\/v2\/product\/18236","targetHints":{"allow":["GET"]}}],"collection":[{"href":"https:\/\/rutana.lt\/en\/wp-json\/wp\/v2\/product"}],"about":[{"href":"https:\/\/rutana.lt\/en\/wp-json\/wp\/v2\/types\/product"}],"replies":[{"embeddable":true,"href":"https:\/\/rutana.lt\/en\/wp-json\/wp\/v2\/comments?post=18236"}],"version-history":[{"count":1,"href":"https:\/\/rutana.lt\/en\/wp-json\/wp\/v2\/product\/18236\/revisions"}],"predecessor-version":[{"id":18300,"href":"https:\/\/rutana.lt\/en\/wp-json\/wp\/v2\/product\/18236\/revisions\/18300"}],"wp:featuredmedia":[{"embeddable":true,"href":"https:\/\/rutana.lt\/en\/wp-json\/wp\/v2\/media\/29671"}],"wp:attachment":[{"href":"https:\/\/rutana.lt\/en\/wp-json\/wp\/v2\/media?parent=18236"}],"wp:term":[{"taxonomy":"product_brand","embeddable":true,"href":"https:\/\/rutana.lt\/en\/wp-json\/wp\/v2\/product_brand?post=18236"},{"taxonomy":"product_cat","embeddable":true,"href":"https:\/\/rutana.lt\/en\/wp-json\/wp\/v2\/product_cat?post=18236"},{"taxonomy":"product_tag","embeddable":true,"href":"https:\/\/rutana.lt\/en\/wp-json\/wp\/v2\/product_tag?post=18236"}],"curies":[{"name":"wp","href":"https:\/\/api.w.org\/{rel}","templated":true}]}}