{"id":18178,"date":"2025-09-03T09:57:13","date_gmt":"2025-09-03T07:57:13","guid":{"rendered":"https:\/\/rutana.webdemo.lt\/?post_type=product&#038;p=18178"},"modified":"2025-10-13T15:55:54","modified_gmt":"2025-10-13T13:55:54","slug":"datatorius-printer-colop-s260","status":"publish","type":"product","link":"https:\/\/rutana.lt\/en\/product\/datatorius-printer-colop-s260\/","title":{"rendered":"Datatorius Printer Colop S260"},"content":{"rendered":"<p>Printer S 260 yra universalus datos antspaudas, skirtas tiek biuro, tiek asmeniniam naudojimui. 45 x 24 mm atspaudo plotas suteikia pakankamai vietos iki 3 pasirinktinio teksto eilu\u010di\u0173. \u0160is datos antspaudas u\u017etikrina tikslius ir ai\u0161kius atspaudus, tod\u0117l puikiai tinka adresuoti, \u017eenklinti ar \u017eym\u0117ti dokumentus. Ergonomi\u0161kas dizainas ir tvirta konstrukcija garantuoja paprast\u0105 naudojim\u0105 ir ilgalaik\u012f veikim\u0105. Integruota tu\u0161o pagalv\u0117l\u0117 atliks t\u016bkstan\u010dius \u012fspaud\u0173 prie\u0161 j\u0105 pakei\u010diant ir yra lengvai pakei\u010diama. D\u0117l to Printer S 260 yra efektyvus ir patikimas \u012frankis j\u016bs\u0173 kasdieniams \u0161tampavimo poreikiams tenkinti.<\/p>\n<p>Galimos tu\u0161o spalvos: m\u0117lyna, juoda, violetin\u0117, raudona, \u017ealia<\/p>\n<p>Teksto dydis: 45 x 25 mm<\/p>\n<p>Skai\u010diaus ir raid\u017ei\u0173 dydis: 4 mm<\/p>\n<p>Kei\u010diama pagalv\u0117l\u0117: E\/200<\/p><\/p>","protected":false},"excerpt":{"rendered":"<p>Printer S 260 yra universalus datos antspaudas, skirtas tiek biuro, tiek asmeniniam naudojimui. 45 x 24 mm atspaudo plotas suteikia pakankamai vietos iki 3 pasirinktinio teksto eilu\u010di\u0173. \u0160is datos antspaudas u\u017etikrina tikslius ir ai\u0161kius atspaudus, tod\u0117l puikiai tinka adresuoti, \u017eenklinti ar \u017eym\u0117ti dokumentus. Ergonomi\u0161kas dizainas ir tvirta konstrukcija garantuoja paprast\u0105 naudojim\u0105 ir ilgalaik\u012f veikim\u0105. Integruota [&hellip;]<\/p>","protected":false},"featured_media":29652,"comment_status":"open","ping_status":"closed","template":"","meta":{"_season_start":"","_season_end":"","_season_days":"","_season_months":"","_season_auto_visibility":""},"product_brand":[135],"product_cat":[1868],"product_tag":[],"class_list":{"0":"post-18178","1":"product","2":"type-product","3":"status-publish","4":"has-post-thumbnail","6":"product_brand-colop","7":"product_cat-datatoriai-ir-numeratoriai","9":"first","10":"instock","11":"taxable","12":"shipping-taxable","13":"purchasable","14":"product-type-simple"},"yoast_head":"<!-- This site is optimized with the Yoast SEO plugin v27.4 - https:\/\/yoast.com\/product\/yoast-seo-wordpress\/ -->\n<title>Datatorius Printer Colop S260 - Rutana - Ra\u0161tin\u0117s reikmenys<\/title>\n<meta name=\"robots\" content=\"index, follow, max-snippet:-1, max-image-preview:large, max-video-preview:-1\" \/>\n<link rel=\"canonical\" href=\"https:\/\/rutana.lt\/en\/product\/datatorius-printer-colop-s260\/\" \/>\n<meta property=\"og:locale\" content=\"en_US\" \/>\n<meta property=\"og:type\" content=\"article\" \/>\n<meta property=\"og:title\" content=\"Datatorius Printer Colop S260 - Rutana - Ra\u0161tin\u0117s reikmenys\" \/>\n<meta property=\"og:description\" content=\"Printer S 260 yra universalus datos antspaudas, skirtas tiek biuro, tiek asmeniniam naudojimui. 45 x 24 mm atspaudo plotas suteikia pakankamai vietos iki 3 pasirinktinio teksto eilu\u010di\u0173. \u0160is datos antspaudas u\u017etikrina tikslius ir ai\u0161kius atspaudus, tod\u0117l puikiai tinka adresuoti, \u017eenklinti ar \u017eym\u0117ti dokumentus. Ergonomi\u0161kas dizainas ir tvirta konstrukcija garantuoja paprast\u0105 naudojim\u0105 ir ilgalaik\u012f veikim\u0105. Integruota [&hellip;]\" \/>\n<meta property=\"og:url\" content=\"https:\/\/rutana.lt\/en\/product\/datatorius-printer-colop-s260\/\" \/>\n<meta property=\"og:site_name\" content=\"Rutana - Ra\u0161tin\u0117s reikmenys\" \/>\n<meta property=\"article:publisher\" content=\"https:\/\/www.facebook.com\/RutanaKanceliarinesPrekes\/\" \/>\n<meta property=\"article:modified_time\" content=\"2025-10-13T13:55:54+00:00\" \/>\n<meta property=\"og:image\" content=\"https:\/\/rutana.lt\/wp-content\/uploads\/2025\/09\/B053-021.jpg\" \/>\n\t<meta property=\"og:image:width\" content=\"1099\" \/>\n\t<meta property=\"og:image:height\" content=\"1131\" \/>\n\t<meta property=\"og:image:type\" content=\"image\/jpeg\" \/>\n<meta name=\"twitter:card\" content=\"summary_large_image\" \/>\n<meta name=\"twitter:label1\" content=\"Est. reading time\" \/>\n\t<meta name=\"twitter:data1\" content=\"1 minute\" \/>\n<script type=\"application\/ld+json\" class=\"yoast-schema-graph\">{\"@context\":\"https:\\\/\\\/schema.org\",\"@graph\":[{\"@type\":\"WebPage\",\"@id\":\"https:\\\/\\\/rutana.lt\\\/produktas\\\/datatorius-printer-colop-s260\\\/\",\"url\":\"https:\\\/\\\/rutana.lt\\\/produktas\\\/datatorius-printer-colop-s260\\\/\",\"name\":\"Datatorius Printer Colop S260 - Rutana - Ra\u0161tin\u0117s reikmenys\",\"isPartOf\":{\"@id\":\"https:\\\/\\\/rutana.lt\\\/#website\"},\"primaryImageOfPage\":{\"@id\":\"https:\\\/\\\/rutana.lt\\\/produktas\\\/datatorius-printer-colop-s260\\\/#primaryimage\"},\"image\":{\"@id\":\"https:\\\/\\\/rutana.lt\\\/produktas\\\/datatorius-printer-colop-s260\\\/#primaryimage\"},\"thumbnailUrl\":\"https:\\\/\\\/rutana.lt\\\/wp-content\\\/uploads\\\/2025\\\/09\\\/B053-021-1.jpg?v=1763564299\",\"datePublished\":\"2025-09-03T07:57:13+00:00\",\"dateModified\":\"2025-10-13T13:55:54+00:00\",\"breadcrumb\":{\"@id\":\"https:\\\/\\\/rutana.lt\\\/produktas\\\/datatorius-printer-colop-s260\\\/#breadcrumb\"},\"inLanguage\":\"en-US\",\"potentialAction\":[{\"@type\":\"ReadAction\",\"target\":[\"https:\\\/\\\/rutana.lt\\\/produktas\\\/datatorius-printer-colop-s260\\\/\"]}]},{\"@type\":\"ImageObject\",\"inLanguage\":\"en-US\",\"@id\":\"https:\\\/\\\/rutana.lt\\\/produktas\\\/datatorius-printer-colop-s260\\\/#primaryimage\",\"url\":\"https:\\\/\\\/rutana.lt\\\/wp-content\\\/uploads\\\/2025\\\/09\\\/B053-021-1.jpg?v=1763564299\",\"contentUrl\":\"https:\\\/\\\/rutana.lt\\\/wp-content\\\/uploads\\\/2025\\\/09\\\/B053-021-1.jpg?v=1763564299\",\"width\":1099,\"height\":1131},{\"@type\":\"BreadcrumbList\",\"@id\":\"https:\\\/\\\/rutana.lt\\\/produktas\\\/datatorius-printer-colop-s260\\\/#breadcrumb\",\"itemListElement\":[{\"@type\":\"ListItem\",\"position\":1,\"name\":\"Home\",\"item\":\"https:\\\/\\\/rutana.lt\\\/\"},{\"@type\":\"ListItem\",\"position\":2,\"name\":\"Parduotuv\u0117\",\"item\":\"https:\\\/\\\/rutana.lt\\\/parduotuve\\\/\"},{\"@type\":\"ListItem\",\"position\":3,\"name\":\"Datatorius Printer Colop S260\"}]},{\"@type\":\"WebSite\",\"@id\":\"https:\\\/\\\/rutana.lt\\\/#website\",\"url\":\"https:\\\/\\\/rutana.lt\\\/\",\"name\":\"Rutana - Ra\u0161tin\u0117s reikmenys\",\"description\":\"Prekiaujame pasaulin\u0117je rinkoje pripa\u017eintomis, kokybi\u0161komis biuro prek\u0117mis toki\u0173  gamintoj\u0173 kaip: Schneider, Esselte, Novus, 3M, Faber-Castell, Citizen, Milan, Leitz, Colop, Zebra, Staedtler, Durable, Tork, Parker, Waterman ir kt.\",\"publisher\":{\"@id\":\"https:\\\/\\\/rutana.lt\\\/#organization\"},\"potentialAction\":[{\"@type\":\"SearchAction\",\"target\":{\"@type\":\"EntryPoint\",\"urlTemplate\":\"https:\\\/\\\/rutana.lt\\\/?s={search_term_string}\"},\"query-input\":{\"@type\":\"PropertyValueSpecification\",\"valueRequired\":true,\"valueName\":\"search_term_string\"}}],\"inLanguage\":\"en-US\"},{\"@type\":\"Organization\",\"@id\":\"https:\\\/\\\/rutana.lt\\\/#organization\",\"name\":\"Rutana - Ra\u0161tin\u0117s reikmenys\",\"url\":\"https:\\\/\\\/rutana.lt\\\/\",\"logo\":{\"@type\":\"ImageObject\",\"inLanguage\":\"en-US\",\"@id\":\"https:\\\/\\\/rutana.lt\\\/#\\\/schema\\\/logo\\\/image\\\/\",\"url\":\"https:\\\/\\\/rutana.lt\\\/wp-content\\\/uploads\\\/2025\\\/10\\\/Asset-32.png\",\"contentUrl\":\"https:\\\/\\\/rutana.lt\\\/wp-content\\\/uploads\\\/2025\\\/10\\\/Asset-32.png\",\"width\":433,\"height\":119,\"caption\":\"Rutana - Ra\u0161tin\u0117s reikmenys\"},\"image\":{\"@id\":\"https:\\\/\\\/rutana.lt\\\/#\\\/schema\\\/logo\\\/image\\\/\"},\"sameAs\":[\"https:\\\/\\\/www.facebook.com\\\/RutanaKanceliarinesPrekes\\\/\"]}]}<\/script>\n<!-- \/ Yoast SEO plugin. -->","yoast_head_json":{"title":"Datatorius Printer Colop S260 - Rutana - Ra\u0161tin\u0117s reikmenys","robots":{"index":"index","follow":"follow","max-snippet":"max-snippet:-1","max-image-preview":"max-image-preview:large","max-video-preview":"max-video-preview:-1"},"canonical":"https:\/\/rutana.lt\/en\/product\/datatorius-printer-colop-s260\/","og_locale":"en_US","og_type":"article","og_title":"Datatorius Printer Colop S260 - Rutana - Ra\u0161tin\u0117s reikmenys","og_description":"Printer S 260 yra universalus datos antspaudas, skirtas tiek biuro, tiek asmeniniam naudojimui. 45 x 24 mm atspaudo plotas suteikia pakankamai vietos iki 3 pasirinktinio teksto eilu\u010di\u0173. \u0160is datos antspaudas u\u017etikrina tikslius ir ai\u0161kius atspaudus, tod\u0117l puikiai tinka adresuoti, \u017eenklinti ar \u017eym\u0117ti dokumentus. Ergonomi\u0161kas dizainas ir tvirta konstrukcija garantuoja paprast\u0105 naudojim\u0105 ir ilgalaik\u012f veikim\u0105. Integruota [&hellip;]","og_url":"https:\/\/rutana.lt\/en\/product\/datatorius-printer-colop-s260\/","og_site_name":"Rutana - Ra\u0161tin\u0117s reikmenys","article_publisher":"https:\/\/www.facebook.com\/RutanaKanceliarinesPrekes\/","article_modified_time":"2025-10-13T13:55:54+00:00","og_image":[{"width":1099,"height":1131,"url":"https:\/\/rutana.lt\/wp-content\/uploads\/2025\/09\/B053-021.jpg","type":"image\/jpeg"}],"twitter_card":"summary_large_image","twitter_misc":{"Est. reading time":"1 minute"},"schema":{"@context":"https:\/\/schema.org","@graph":[{"@type":"WebPage","@id":"https:\/\/rutana.lt\/produktas\/datatorius-printer-colop-s260\/","url":"https:\/\/rutana.lt\/produktas\/datatorius-printer-colop-s260\/","name":"Datatorius Printer Colop S260 - Rutana - Ra\u0161tin\u0117s reikmenys","isPartOf":{"@id":"https:\/\/rutana.lt\/#website"},"primaryImageOfPage":{"@id":"https:\/\/rutana.lt\/produktas\/datatorius-printer-colop-s260\/#primaryimage"},"image":{"@id":"https:\/\/rutana.lt\/produktas\/datatorius-printer-colop-s260\/#primaryimage"},"thumbnailUrl":"https:\/\/rutana.lt\/wp-content\/uploads\/2025\/09\/B053-021-1.jpg?v=1763564299","datePublished":"2025-09-03T07:57:13+00:00","dateModified":"2025-10-13T13:55:54+00:00","breadcrumb":{"@id":"https:\/\/rutana.lt\/produktas\/datatorius-printer-colop-s260\/#breadcrumb"},"inLanguage":"en-US","potentialAction":[{"@type":"ReadAction","target":["https:\/\/rutana.lt\/produktas\/datatorius-printer-colop-s260\/"]}]},{"@type":"ImageObject","inLanguage":"en-US","@id":"https:\/\/rutana.lt\/produktas\/datatorius-printer-colop-s260\/#primaryimage","url":"https:\/\/rutana.lt\/wp-content\/uploads\/2025\/09\/B053-021-1.jpg?v=1763564299","contentUrl":"https:\/\/rutana.lt\/wp-content\/uploads\/2025\/09\/B053-021-1.jpg?v=1763564299","width":1099,"height":1131},{"@type":"BreadcrumbList","@id":"https:\/\/rutana.lt\/produktas\/datatorius-printer-colop-s260\/#breadcrumb","itemListElement":[{"@type":"ListItem","position":1,"name":"Home","item":"https:\/\/rutana.lt\/"},{"@type":"ListItem","position":2,"name":"Parduotuv\u0117","item":"https:\/\/rutana.lt\/parduotuve\/"},{"@type":"ListItem","position":3,"name":"Datatorius Printer Colop S260"}]},{"@type":"WebSite","@id":"https:\/\/rutana.lt\/#website","url":"https:\/\/rutana.lt\/","name":"Rutana - Ra\u0161tin\u0117s reikmenys","description":"Prekiaujame pasaulin\u0117je rinkoje pripa\u017eintomis, kokybi\u0161komis biuro prek\u0117mis toki\u0173  gamintoj\u0173 kaip: Schneider, Esselte, Novus, 3M, Faber-Castell, Citizen, Milan, Leitz, Colop, Zebra, Staedtler, Durable, Tork, Parker, Waterman ir kt.","publisher":{"@id":"https:\/\/rutana.lt\/#organization"},"potentialAction":[{"@type":"SearchAction","target":{"@type":"EntryPoint","urlTemplate":"https:\/\/rutana.lt\/?s={search_term_string}"},"query-input":{"@type":"PropertyValueSpecification","valueRequired":true,"valueName":"search_term_string"}}],"inLanguage":"en-US"},{"@type":"Organization","@id":"https:\/\/rutana.lt\/#organization","name":"Rutana - Ra\u0161tin\u0117s reikmenys","url":"https:\/\/rutana.lt\/","logo":{"@type":"ImageObject","inLanguage":"en-US","@id":"https:\/\/rutana.lt\/#\/schema\/logo\/image\/","url":"https:\/\/rutana.lt\/wp-content\/uploads\/2025\/10\/Asset-32.png","contentUrl":"https:\/\/rutana.lt\/wp-content\/uploads\/2025\/10\/Asset-32.png","width":433,"height":119,"caption":"Rutana - Ra\u0161tin\u0117s reikmenys"},"image":{"@id":"https:\/\/rutana.lt\/#\/schema\/logo\/image\/"},"sameAs":["https:\/\/www.facebook.com\/RutanaKanceliarinesPrekes\/"]}]}},"_links":{"self":[{"href":"https:\/\/rutana.lt\/en\/wp-json\/wp\/v2\/product\/18178","targetHints":{"allow":["GET"]}}],"collection":[{"href":"https:\/\/rutana.lt\/en\/wp-json\/wp\/v2\/product"}],"about":[{"href":"https:\/\/rutana.lt\/en\/wp-json\/wp\/v2\/types\/product"}],"replies":[{"embeddable":true,"href":"https:\/\/rutana.lt\/en\/wp-json\/wp\/v2\/comments?post=18178"}],"version-history":[{"count":1,"href":"https:\/\/rutana.lt\/en\/wp-json\/wp\/v2\/product\/18178\/revisions"}],"predecessor-version":[{"id":18243,"href":"https:\/\/rutana.lt\/en\/wp-json\/wp\/v2\/product\/18178\/revisions\/18243"}],"wp:featuredmedia":[{"embeddable":true,"href":"https:\/\/rutana.lt\/en\/wp-json\/wp\/v2\/media\/29652"}],"wp:attachment":[{"href":"https:\/\/rutana.lt\/en\/wp-json\/wp\/v2\/media?parent=18178"}],"wp:term":[{"taxonomy":"product_brand","embeddable":true,"href":"https:\/\/rutana.lt\/en\/wp-json\/wp\/v2\/product_brand?post=18178"},{"taxonomy":"product_cat","embeddable":true,"href":"https:\/\/rutana.lt\/en\/wp-json\/wp\/v2\/product_cat?post=18178"},{"taxonomy":"product_tag","embeddable":true,"href":"https:\/\/rutana.lt\/en\/wp-json\/wp\/v2\/product_tag?post=18178"}],"curies":[{"name":"wp","href":"https:\/\/api.w.org\/{rel}","templated":true}]}}