{"id":18177,"date":"2025-09-03T09:57:13","date_gmt":"2025-09-03T07:57:13","guid":{"rendered":"https:\/\/rutana.webdemo.lt\/?post_type=product&#038;p=18177"},"modified":"2025-10-13T15:55:54","modified_gmt":"2025-10-13T13:55:54","slug":"laikiklis-tualetiniam-popieriui-rulonais-jumbo-eco-luxe-baltos-sp-losdi-3006b","status":"publish","type":"product","link":"https:\/\/rutana.lt\/en\/product\/laikiklis-tualetiniam-popieriui-rulonais-jumbo-eco-luxe-baltos-sp-losdi-3006b\/","title":{"rendered":"Laikiklis tualetiniam popieriui rulonais Jumbo Eco Luxe baltos sp. Losdi 3006B"},"content":{"rendered":"<p style=\"margin-bottom: 10px;\">Tualetinio popieriaus laikiklis, pagamintas i\u0161 ABS med\u017eiagos, kuri yra atspari d\u016b\u017eiams. Jame yra plastikin\u0117 spyna ir raktas. \u012e laikikl\u012f galima d\u0117ti iki 110 mm plo\u010dio ir 220 mm skersmens popieriaus ritinius su \u0161erdimi 45 mm skersmens.<\/p>\n<p style=\"margin-bottom: 10px;\">Laikiklio spalva: balta<\/p>\n<p>Laikiklio matmenys:  274 x 270 x 115 mm<\/p>\n<p><\/p>\n<p><\/p>\n<p><\/p>","protected":false},"excerpt":{"rendered":"<p>Tualetinio popieriaus laikiklis, pagamintas i\u0161 ABS med\u017eiagos, kuri yra atspari d\u016b\u017eiams. Jame yra plastikin\u0117 spyna ir raktas. \u012e laikikl\u012f galima d\u0117ti iki 110 mm plo\u010dio ir 220 mm skersmens popieriaus ritinius su \u0161erdimi 45 mm skersmens. Laikiklio spalva: balta Laikiklio matmenys: 274 x 270 x 115 mm<\/p>","protected":false},"featured_media":29651,"comment_status":"open","ping_status":"closed","template":"","meta":{"_season_start":"","_season_end":"","_season_days":"","_season_months":"","_season_auto_visibility":""},"product_brand":[1056],"product_cat":[1711],"product_tag":[],"class_list":{"0":"post-18177","1":"product","2":"type-product","3":"status-publish","4":"has-post-thumbnail","6":"product_brand-losdi","7":"product_cat-laikikliai-tualetiniam-popieriui-ir-ranksluosciams","9":"first","10":"instock","11":"taxable","12":"shipping-taxable","13":"purchasable","14":"product-type-simple"},"yoast_head":"<!-- This site is optimized with the Yoast SEO plugin v26.1.1 - https:\/\/yoast.com\/wordpress\/plugins\/seo\/ -->\n<title>Laikiklis tualetiniam popieriui rulonais Jumbo Eco Luxe baltos sp. Losdi 3006B - Rutana - Ra\u0161tin\u0117s reikmenys<\/title>\n<meta name=\"robots\" content=\"index, follow, max-snippet:-1, max-image-preview:large, max-video-preview:-1\" \/>\n<link rel=\"canonical\" href=\"https:\/\/rutana.lt\/en\/product\/laikiklis-tualetiniam-popieriui-rulonais-jumbo-eco-luxe-baltos-sp-losdi-3006b\/\" \/>\n<meta property=\"og:locale\" content=\"en_US\" \/>\n<meta property=\"og:type\" content=\"article\" \/>\n<meta property=\"og:title\" content=\"Laikiklis tualetiniam popieriui rulonais Jumbo Eco Luxe baltos sp. Losdi 3006B - Rutana - Ra\u0161tin\u0117s reikmenys\" \/>\n<meta property=\"og:description\" content=\"Tualetinio popieriaus laikiklis, pagamintas i\u0161 ABS med\u017eiagos, kuri yra atspari d\u016b\u017eiams. Jame yra plastikin\u0117 spyna ir raktas. \u012e laikikl\u012f galima d\u0117ti iki 110 mm plo\u010dio ir 220 mm skersmens popieriaus ritinius su \u0161erdimi 45 mm skersmens. Laikiklio spalva: balta Laikiklio matmenys: 274 x 270 x 115 mm\" \/>\n<meta property=\"og:url\" content=\"https:\/\/rutana.lt\/en\/product\/laikiklis-tualetiniam-popieriui-rulonais-jumbo-eco-luxe-baltos-sp-losdi-3006b\/\" \/>\n<meta property=\"og:site_name\" content=\"Rutana - Ra\u0161tin\u0117s reikmenys\" \/>\n<meta property=\"article:publisher\" content=\"https:\/\/www.facebook.com\/RutanaKanceliarinesPrekes\/\" \/>\n<meta property=\"article:modified_time\" content=\"2025-10-13T13:55:54+00:00\" \/>\n<meta property=\"og:image\" content=\"https:\/\/rutana.lt\/wp-content\/uploads\/2025\/09\/B046-952.jpg\" \/>\n\t<meta property=\"og:image:width\" content=\"1101\" \/>\n\t<meta property=\"og:image:height\" content=\"1024\" \/>\n\t<meta property=\"og:image:type\" content=\"image\/jpeg\" \/>\n<meta name=\"twitter:card\" content=\"summary_large_image\" \/>\n<script type=\"application\/ld+json\" class=\"yoast-schema-graph\">{\"@context\":\"https:\/\/schema.org\",\"@graph\":[{\"@type\":\"WebPage\",\"@id\":\"https:\/\/rutana.lt\/produktas\/laikiklis-tualetiniam-popieriui-rulonais-jumbo-eco-luxe-baltos-sp-losdi-3006b\/\",\"url\":\"https:\/\/rutana.lt\/produktas\/laikiklis-tualetiniam-popieriui-rulonais-jumbo-eco-luxe-baltos-sp-losdi-3006b\/\",\"name\":\"Laikiklis tualetiniam popieriui rulonais Jumbo Eco Luxe baltos sp. Losdi 3006B - Rutana - Ra\u0161tin\u0117s reikmenys\",\"isPartOf\":{\"@id\":\"https:\/\/rutana.lt\/#website\"},\"primaryImageOfPage\":{\"@id\":\"https:\/\/rutana.lt\/produktas\/laikiklis-tualetiniam-popieriui-rulonais-jumbo-eco-luxe-baltos-sp-losdi-3006b\/#primaryimage\"},\"image\":{\"@id\":\"https:\/\/rutana.lt\/produktas\/laikiklis-tualetiniam-popieriui-rulonais-jumbo-eco-luxe-baltos-sp-losdi-3006b\/#primaryimage\"},\"thumbnailUrl\":\"https:\/\/rutana.lt\/wp-content\/uploads\/2025\/09\/B046-952-1.jpg?v=1763564302\",\"datePublished\":\"2025-09-03T07:57:13+00:00\",\"dateModified\":\"2025-10-13T13:55:54+00:00\",\"breadcrumb\":{\"@id\":\"https:\/\/rutana.lt\/produktas\/laikiklis-tualetiniam-popieriui-rulonais-jumbo-eco-luxe-baltos-sp-losdi-3006b\/#breadcrumb\"},\"inLanguage\":\"en-US\",\"potentialAction\":[{\"@type\":\"ReadAction\",\"target\":[\"https:\/\/rutana.lt\/produktas\/laikiklis-tualetiniam-popieriui-rulonais-jumbo-eco-luxe-baltos-sp-losdi-3006b\/\"]}]},{\"@type\":\"ImageObject\",\"inLanguage\":\"en-US\",\"@id\":\"https:\/\/rutana.lt\/produktas\/laikiklis-tualetiniam-popieriui-rulonais-jumbo-eco-luxe-baltos-sp-losdi-3006b\/#primaryimage\",\"url\":\"https:\/\/rutana.lt\/wp-content\/uploads\/2025\/09\/B046-952-1.jpg?v=1763564302\",\"contentUrl\":\"https:\/\/rutana.lt\/wp-content\/uploads\/2025\/09\/B046-952-1.jpg?v=1763564302\",\"width\":1101,\"height\":1024},{\"@type\":\"BreadcrumbList\",\"@id\":\"https:\/\/rutana.lt\/produktas\/laikiklis-tualetiniam-popieriui-rulonais-jumbo-eco-luxe-baltos-sp-losdi-3006b\/#breadcrumb\",\"itemListElement\":[{\"@type\":\"ListItem\",\"position\":1,\"name\":\"Home\",\"item\":\"https:\/\/rutana.lt\/\"},{\"@type\":\"ListItem\",\"position\":2,\"name\":\"Parduotuv\u0117\",\"item\":\"https:\/\/rutana.lt\/parduotuve\/\"},{\"@type\":\"ListItem\",\"position\":3,\"name\":\"Laikiklis tualetiniam popieriui rulonais Jumbo Eco Luxe baltos sp. Losdi 3006B\"}]},{\"@type\":\"WebSite\",\"@id\":\"https:\/\/rutana.lt\/#website\",\"url\":\"https:\/\/rutana.lt\/\",\"name\":\"Rutana - Ra\u0161tin\u0117s reikmenys\",\"description\":\"Prekiaujame pasaulin\u0117je rinkoje pripa\u017eintomis, kokybi\u0161komis biuro prek\u0117mis toki\u0173  gamintoj\u0173 kaip: Schneider, Esselte, Novus, 3M, Faber-Castell, Citizen, Milan, Leitz, Colop, Zebra, Staedtler, Durable, Tork, Parker, Waterman ir kt.\",\"publisher\":{\"@id\":\"https:\/\/rutana.lt\/#organization\"},\"potentialAction\":[{\"@type\":\"SearchAction\",\"target\":{\"@type\":\"EntryPoint\",\"urlTemplate\":\"https:\/\/rutana.lt\/?s={search_term_string}\"},\"query-input\":{\"@type\":\"PropertyValueSpecification\",\"valueRequired\":true,\"valueName\":\"search_term_string\"}}],\"inLanguage\":\"en-US\"},{\"@type\":\"Organization\",\"@id\":\"https:\/\/rutana.lt\/#organization\",\"name\":\"Rutana - Ra\u0161tin\u0117s reikmenys\",\"url\":\"https:\/\/rutana.lt\/\",\"logo\":{\"@type\":\"ImageObject\",\"inLanguage\":\"en-US\",\"@id\":\"https:\/\/rutana.lt\/#\/schema\/logo\/image\/\",\"url\":\"https:\/\/rutana.lt\/wp-content\/uploads\/2025\/10\/Asset-32.png\",\"contentUrl\":\"https:\/\/rutana.lt\/wp-content\/uploads\/2025\/10\/Asset-32.png\",\"width\":433,\"height\":119,\"caption\":\"Rutana - Ra\u0161tin\u0117s reikmenys\"},\"image\":{\"@id\":\"https:\/\/rutana.lt\/#\/schema\/logo\/image\/\"},\"sameAs\":[\"https:\/\/www.facebook.com\/RutanaKanceliarinesPrekes\/\"]}]}<\/script>\n<!-- \/ Yoast SEO plugin. -->","yoast_head_json":{"title":"Laikiklis tualetiniam popieriui rulonais Jumbo Eco Luxe baltos sp. Losdi 3006B - Rutana - Ra\u0161tin\u0117s reikmenys","robots":{"index":"index","follow":"follow","max-snippet":"max-snippet:-1","max-image-preview":"max-image-preview:large","max-video-preview":"max-video-preview:-1"},"canonical":"https:\/\/rutana.lt\/en\/product\/laikiklis-tualetiniam-popieriui-rulonais-jumbo-eco-luxe-baltos-sp-losdi-3006b\/","og_locale":"en_US","og_type":"article","og_title":"Laikiklis tualetiniam popieriui rulonais Jumbo Eco Luxe baltos sp. Losdi 3006B - Rutana - Ra\u0161tin\u0117s reikmenys","og_description":"Tualetinio popieriaus laikiklis, pagamintas i\u0161 ABS med\u017eiagos, kuri yra atspari d\u016b\u017eiams. Jame yra plastikin\u0117 spyna ir raktas. \u012e laikikl\u012f galima d\u0117ti iki 110 mm plo\u010dio ir 220 mm skersmens popieriaus ritinius su \u0161erdimi 45 mm skersmens. Laikiklio spalva: balta Laikiklio matmenys: 274 x 270 x 115 mm","og_url":"https:\/\/rutana.lt\/en\/product\/laikiklis-tualetiniam-popieriui-rulonais-jumbo-eco-luxe-baltos-sp-losdi-3006b\/","og_site_name":"Rutana - Ra\u0161tin\u0117s reikmenys","article_publisher":"https:\/\/www.facebook.com\/RutanaKanceliarinesPrekes\/","article_modified_time":"2025-10-13T13:55:54+00:00","og_image":[{"width":1101,"height":1024,"url":"https:\/\/rutana.lt\/wp-content\/uploads\/2025\/09\/B046-952.jpg","type":"image\/jpeg"}],"twitter_card":"summary_large_image","schema":{"@context":"https:\/\/schema.org","@graph":[{"@type":"WebPage","@id":"https:\/\/rutana.lt\/produktas\/laikiklis-tualetiniam-popieriui-rulonais-jumbo-eco-luxe-baltos-sp-losdi-3006b\/","url":"https:\/\/rutana.lt\/produktas\/laikiklis-tualetiniam-popieriui-rulonais-jumbo-eco-luxe-baltos-sp-losdi-3006b\/","name":"Laikiklis tualetiniam popieriui rulonais Jumbo Eco Luxe baltos sp. Losdi 3006B - Rutana - Ra\u0161tin\u0117s reikmenys","isPartOf":{"@id":"https:\/\/rutana.lt\/#website"},"primaryImageOfPage":{"@id":"https:\/\/rutana.lt\/produktas\/laikiklis-tualetiniam-popieriui-rulonais-jumbo-eco-luxe-baltos-sp-losdi-3006b\/#primaryimage"},"image":{"@id":"https:\/\/rutana.lt\/produktas\/laikiklis-tualetiniam-popieriui-rulonais-jumbo-eco-luxe-baltos-sp-losdi-3006b\/#primaryimage"},"thumbnailUrl":"https:\/\/rutana.lt\/wp-content\/uploads\/2025\/09\/B046-952-1.jpg?v=1763564302","datePublished":"2025-09-03T07:57:13+00:00","dateModified":"2025-10-13T13:55:54+00:00","breadcrumb":{"@id":"https:\/\/rutana.lt\/produktas\/laikiklis-tualetiniam-popieriui-rulonais-jumbo-eco-luxe-baltos-sp-losdi-3006b\/#breadcrumb"},"inLanguage":"en-US","potentialAction":[{"@type":"ReadAction","target":["https:\/\/rutana.lt\/produktas\/laikiklis-tualetiniam-popieriui-rulonais-jumbo-eco-luxe-baltos-sp-losdi-3006b\/"]}]},{"@type":"ImageObject","inLanguage":"en-US","@id":"https:\/\/rutana.lt\/produktas\/laikiklis-tualetiniam-popieriui-rulonais-jumbo-eco-luxe-baltos-sp-losdi-3006b\/#primaryimage","url":"https:\/\/rutana.lt\/wp-content\/uploads\/2025\/09\/B046-952-1.jpg?v=1763564302","contentUrl":"https:\/\/rutana.lt\/wp-content\/uploads\/2025\/09\/B046-952-1.jpg?v=1763564302","width":1101,"height":1024},{"@type":"BreadcrumbList","@id":"https:\/\/rutana.lt\/produktas\/laikiklis-tualetiniam-popieriui-rulonais-jumbo-eco-luxe-baltos-sp-losdi-3006b\/#breadcrumb","itemListElement":[{"@type":"ListItem","position":1,"name":"Home","item":"https:\/\/rutana.lt\/"},{"@type":"ListItem","position":2,"name":"Parduotuv\u0117","item":"https:\/\/rutana.lt\/parduotuve\/"},{"@type":"ListItem","position":3,"name":"Laikiklis tualetiniam popieriui rulonais Jumbo Eco Luxe baltos sp. Losdi 3006B"}]},{"@type":"WebSite","@id":"https:\/\/rutana.lt\/#website","url":"https:\/\/rutana.lt\/","name":"Rutana - Ra\u0161tin\u0117s reikmenys","description":"Prekiaujame pasaulin\u0117je rinkoje pripa\u017eintomis, kokybi\u0161komis biuro prek\u0117mis toki\u0173  gamintoj\u0173 kaip: Schneider, Esselte, Novus, 3M, Faber-Castell, Citizen, Milan, Leitz, Colop, Zebra, Staedtler, Durable, Tork, Parker, Waterman ir kt.","publisher":{"@id":"https:\/\/rutana.lt\/#organization"},"potentialAction":[{"@type":"SearchAction","target":{"@type":"EntryPoint","urlTemplate":"https:\/\/rutana.lt\/?s={search_term_string}"},"query-input":{"@type":"PropertyValueSpecification","valueRequired":true,"valueName":"search_term_string"}}],"inLanguage":"en-US"},{"@type":"Organization","@id":"https:\/\/rutana.lt\/#organization","name":"Rutana - Ra\u0161tin\u0117s reikmenys","url":"https:\/\/rutana.lt\/","logo":{"@type":"ImageObject","inLanguage":"en-US","@id":"https:\/\/rutana.lt\/#\/schema\/logo\/image\/","url":"https:\/\/rutana.lt\/wp-content\/uploads\/2025\/10\/Asset-32.png","contentUrl":"https:\/\/rutana.lt\/wp-content\/uploads\/2025\/10\/Asset-32.png","width":433,"height":119,"caption":"Rutana - Ra\u0161tin\u0117s reikmenys"},"image":{"@id":"https:\/\/rutana.lt\/#\/schema\/logo\/image\/"},"sameAs":["https:\/\/www.facebook.com\/RutanaKanceliarinesPrekes\/"]}]}},"_links":{"self":[{"href":"https:\/\/rutana.lt\/en\/wp-json\/wp\/v2\/product\/18177","targetHints":{"allow":["GET"]}}],"collection":[{"href":"https:\/\/rutana.lt\/en\/wp-json\/wp\/v2\/product"}],"about":[{"href":"https:\/\/rutana.lt\/en\/wp-json\/wp\/v2\/types\/product"}],"replies":[{"embeddable":true,"href":"https:\/\/rutana.lt\/en\/wp-json\/wp\/v2\/comments?post=18177"}],"version-history":[{"count":1,"href":"https:\/\/rutana.lt\/en\/wp-json\/wp\/v2\/product\/18177\/revisions"}],"predecessor-version":[{"id":18241,"href":"https:\/\/rutana.lt\/en\/wp-json\/wp\/v2\/product\/18177\/revisions\/18241"}],"wp:featuredmedia":[{"embeddable":true,"href":"https:\/\/rutana.lt\/en\/wp-json\/wp\/v2\/media\/29651"}],"wp:attachment":[{"href":"https:\/\/rutana.lt\/en\/wp-json\/wp\/v2\/media?parent=18177"}],"wp:term":[{"taxonomy":"product_brand","embeddable":true,"href":"https:\/\/rutana.lt\/en\/wp-json\/wp\/v2\/product_brand?post=18177"},{"taxonomy":"product_cat","embeddable":true,"href":"https:\/\/rutana.lt\/en\/wp-json\/wp\/v2\/product_cat?post=18177"},{"taxonomy":"product_tag","embeddable":true,"href":"https:\/\/rutana.lt\/en\/wp-json\/wp\/v2\/product_tag?post=18177"}],"curies":[{"name":"wp","href":"https:\/\/api.w.org\/{rel}","templated":true}]}}