{"id":18162,"date":"2025-09-03T09:57:12","date_gmt":"2025-09-03T07:57:12","guid":{"rendered":"https:\/\/rutana.webdemo.lt\/?post_type=product&#038;p=18162"},"modified":"2025-10-13T15:55:48","modified_gmt":"2025-10-13T13:55:48","slug":"rasiklis-kapsulinis-breeze-raudonas-juodas-schneider-188802","status":"publish","type":"product","link":"https:\/\/rutana.lt\/en\/product\/rasiklis-kapsulinis-breeze-raudonas-juodas-schneider-188802\/","title":{"rendered":"Ra\u0161iklis kapsulinis Breeze raudonas\/juodas Schneider 188802"},"content":{"rendered":"<p>Roleris Breeze \u012fne\u0161 gaivaus oro \u012f j\u016bs\u0173 u\u017era\u0161us! D\u0117l savo ergonomi\u0161ko dizaino ir trikampio formos mink\u0161tos sukibimo zonos jis patogiai guli rankoje ir yra vienodai tinkamas de\u0161iniarankiams ir kairiarankiams. Studijoms, mokykloje ar savo asmeniniams u\u017era\u0161ams. Pagamintas i\u0161 daugiau nei 90 % perdirbto plastiko, pakartotinai u\u017epildomas Breeze ra\u0161iklis yra pirmasis ra\u0161iklis, kuriam suteiktas aplinkosaugos \u017eenklas &#8222;Blue Angel&#8221;. \u201eBreeze\u201c lengvai ra\u0161o, greitai d\u017ei\u016bsta ir yra atsparus i\u0161sitepimui, kai v\u0117liau j\u012f pary\u0161kina. Atsargin\u0117 ra\u0161alo kaset\u0117 su nauju, nenaudotu antgaliu laikoma korpuso viduje. Karali\u0161kas m\u0117lynas ra\u0161alas yra i\u0161trinamas. Toks \u0161aunus ir toks &#8222;eko&#8221;! Naudojamos Schneider ra\u0161alo kaset\u0117s 852 arba One Change.<\/p>\n<p>Korpuso spalva: raudona \/ juoda<\/p>\n<p>Galvut\u0117s storis: M<\/p>\n<p>Kilm\u0117s \u0161alis: Vokietija<\/p>\n<p><\/p>\n<p><\/p>","protected":false},"excerpt":{"rendered":"<p>Roleris Breeze \u012fne\u0161 gaivaus oro \u012f j\u016bs\u0173 u\u017era\u0161us! D\u0117l savo ergonomi\u0161ko dizaino ir trikampio formos mink\u0161tos sukibimo zonos jis patogiai guli rankoje ir yra vienodai tinkamas de\u0161iniarankiams ir kairiarankiams. Studijoms, mokykloje ar savo asmeniniams u\u017era\u0161ams. Pagamintas i\u0161 daugiau nei 90 % perdirbto plastiko, pakartotinai u\u017epildomas Breeze ra\u0161iklis yra pirmasis ra\u0161iklis, kuriam suteiktas aplinkosaugos \u017eenklas &#8222;Blue [&hellip;]<\/p>","protected":false},"featured_media":29640,"comment_status":"open","ping_status":"closed","template":"","meta":{"_season_start":"","_season_end":"","_season_days":"","_season_months":"","_season_auto_visibility":""},"product_brand":[202],"product_cat":[1537],"product_tag":[],"class_list":{"0":"post-18162","1":"product","2":"type-product","3":"status-publish","4":"has-post-thumbnail","6":"product_brand-schneider","7":"product_cat-mokykliniai-parkeriai-mokyklines-prekes","9":"first","10":"instock","11":"taxable","12":"shipping-taxable","13":"purchasable","14":"product-type-simple"},"yoast_head":"<!-- This site is optimized with the Yoast SEO plugin v27.4 - https:\/\/yoast.com\/product\/yoast-seo-wordpress\/ -->\n<title>Ra\u0161iklis kapsulinis Breeze raudonas\/juodas Schneider 188802 - Rutana - Ra\u0161tin\u0117s reikmenys<\/title>\n<meta name=\"robots\" content=\"index, follow, max-snippet:-1, max-image-preview:large, max-video-preview:-1\" \/>\n<link rel=\"canonical\" href=\"https:\/\/rutana.lt\/en\/product\/rasiklis-kapsulinis-breeze-raudonas-juodas-schneider-188802\/\" \/>\n<meta property=\"og:locale\" content=\"en_US\" \/>\n<meta property=\"og:type\" content=\"article\" \/>\n<meta property=\"og:title\" content=\"Ra\u0161iklis kapsulinis Breeze raudonas\/juodas Schneider 188802 - Rutana - Ra\u0161tin\u0117s reikmenys\" \/>\n<meta property=\"og:description\" content=\"Roleris Breeze \u012fne\u0161 gaivaus oro \u012f j\u016bs\u0173 u\u017era\u0161us! D\u0117l savo ergonomi\u0161ko dizaino ir trikampio formos mink\u0161tos sukibimo zonos jis patogiai guli rankoje ir yra vienodai tinkamas de\u0161iniarankiams ir kairiarankiams. Studijoms, mokykloje ar savo asmeniniams u\u017era\u0161ams. Pagamintas i\u0161 daugiau nei 90 % perdirbto plastiko, pakartotinai u\u017epildomas Breeze ra\u0161iklis yra pirmasis ra\u0161iklis, kuriam suteiktas aplinkosaugos \u017eenklas &#8222;Blue [&hellip;]\" \/>\n<meta property=\"og:url\" content=\"https:\/\/rutana.lt\/en\/product\/rasiklis-kapsulinis-breeze-raudonas-juodas-schneider-188802\/\" \/>\n<meta property=\"og:site_name\" content=\"Rutana - Ra\u0161tin\u0117s reikmenys\" \/>\n<meta property=\"article:publisher\" content=\"https:\/\/www.facebook.com\/RutanaKanceliarinesPrekes\/\" \/>\n<meta property=\"article:modified_time\" content=\"2025-10-13T13:55:48+00:00\" \/>\n<meta property=\"og:image\" content=\"https:\/\/rutana.lt\/wp-content\/uploads\/2025\/09\/C035-090.jpg\" \/>\n\t<meta property=\"og:image:width\" content=\"1000\" \/>\n\t<meta property=\"og:image:height\" content=\"1000\" \/>\n\t<meta property=\"og:image:type\" content=\"image\/jpeg\" \/>\n<meta name=\"twitter:card\" content=\"summary_large_image\" \/>\n<meta name=\"twitter:label1\" content=\"Est. reading time\" \/>\n\t<meta name=\"twitter:data1\" content=\"1 minute\" \/>\n<script type=\"application\/ld+json\" class=\"yoast-schema-graph\">{\"@context\":\"https:\\\/\\\/schema.org\",\"@graph\":[{\"@type\":\"WebPage\",\"@id\":\"https:\\\/\\\/rutana.lt\\\/produktas\\\/rasiklis-kapsulinis-breeze-raudonas-juodas-schneider-188802\\\/\",\"url\":\"https:\\\/\\\/rutana.lt\\\/produktas\\\/rasiklis-kapsulinis-breeze-raudonas-juodas-schneider-188802\\\/\",\"name\":\"Ra\u0161iklis kapsulinis Breeze raudonas\\\/juodas Schneider 188802 - Rutana - Ra\u0161tin\u0117s reikmenys\",\"isPartOf\":{\"@id\":\"https:\\\/\\\/rutana.lt\\\/#website\"},\"primaryImageOfPage\":{\"@id\":\"https:\\\/\\\/rutana.lt\\\/produktas\\\/rasiklis-kapsulinis-breeze-raudonas-juodas-schneider-188802\\\/#primaryimage\"},\"image\":{\"@id\":\"https:\\\/\\\/rutana.lt\\\/produktas\\\/rasiklis-kapsulinis-breeze-raudonas-juodas-schneider-188802\\\/#primaryimage\"},\"thumbnailUrl\":\"https:\\\/\\\/rutana.lt\\\/wp-content\\\/uploads\\\/2025\\\/09\\\/C035-090-2.jpg?v=1763564320\",\"datePublished\":\"2025-09-03T07:57:12+00:00\",\"dateModified\":\"2025-10-13T13:55:48+00:00\",\"breadcrumb\":{\"@id\":\"https:\\\/\\\/rutana.lt\\\/produktas\\\/rasiklis-kapsulinis-breeze-raudonas-juodas-schneider-188802\\\/#breadcrumb\"},\"inLanguage\":\"en-US\",\"potentialAction\":[{\"@type\":\"ReadAction\",\"target\":[\"https:\\\/\\\/rutana.lt\\\/produktas\\\/rasiklis-kapsulinis-breeze-raudonas-juodas-schneider-188802\\\/\"]}]},{\"@type\":\"ImageObject\",\"inLanguage\":\"en-US\",\"@id\":\"https:\\\/\\\/rutana.lt\\\/produktas\\\/rasiklis-kapsulinis-breeze-raudonas-juodas-schneider-188802\\\/#primaryimage\",\"url\":\"https:\\\/\\\/rutana.lt\\\/wp-content\\\/uploads\\\/2025\\\/09\\\/C035-090-2.jpg?v=1763564320\",\"contentUrl\":\"https:\\\/\\\/rutana.lt\\\/wp-content\\\/uploads\\\/2025\\\/09\\\/C035-090-2.jpg?v=1763564320\",\"width\":1000,\"height\":1000},{\"@type\":\"BreadcrumbList\",\"@id\":\"https:\\\/\\\/rutana.lt\\\/produktas\\\/rasiklis-kapsulinis-breeze-raudonas-juodas-schneider-188802\\\/#breadcrumb\",\"itemListElement\":[{\"@type\":\"ListItem\",\"position\":1,\"name\":\"Home\",\"item\":\"https:\\\/\\\/rutana.lt\\\/\"},{\"@type\":\"ListItem\",\"position\":2,\"name\":\"Parduotuv\u0117\",\"item\":\"https:\\\/\\\/rutana.lt\\\/parduotuve\\\/\"},{\"@type\":\"ListItem\",\"position\":3,\"name\":\"Ra\u0161iklis kapsulinis Breeze raudonas\\\/juodas Schneider 188802\"}]},{\"@type\":\"WebSite\",\"@id\":\"https:\\\/\\\/rutana.lt\\\/#website\",\"url\":\"https:\\\/\\\/rutana.lt\\\/\",\"name\":\"Rutana - Ra\u0161tin\u0117s reikmenys\",\"description\":\"Prekiaujame pasaulin\u0117je rinkoje pripa\u017eintomis, kokybi\u0161komis biuro prek\u0117mis toki\u0173  gamintoj\u0173 kaip: Schneider, Esselte, Novus, 3M, Faber-Castell, Citizen, Milan, Leitz, Colop, Zebra, Staedtler, Durable, Tork, Parker, Waterman ir kt.\",\"publisher\":{\"@id\":\"https:\\\/\\\/rutana.lt\\\/#organization\"},\"potentialAction\":[{\"@type\":\"SearchAction\",\"target\":{\"@type\":\"EntryPoint\",\"urlTemplate\":\"https:\\\/\\\/rutana.lt\\\/?s={search_term_string}\"},\"query-input\":{\"@type\":\"PropertyValueSpecification\",\"valueRequired\":true,\"valueName\":\"search_term_string\"}}],\"inLanguage\":\"en-US\"},{\"@type\":\"Organization\",\"@id\":\"https:\\\/\\\/rutana.lt\\\/#organization\",\"name\":\"Rutana - Ra\u0161tin\u0117s reikmenys\",\"url\":\"https:\\\/\\\/rutana.lt\\\/\",\"logo\":{\"@type\":\"ImageObject\",\"inLanguage\":\"en-US\",\"@id\":\"https:\\\/\\\/rutana.lt\\\/#\\\/schema\\\/logo\\\/image\\\/\",\"url\":\"https:\\\/\\\/rutana.lt\\\/wp-content\\\/uploads\\\/2025\\\/10\\\/Asset-32.png\",\"contentUrl\":\"https:\\\/\\\/rutana.lt\\\/wp-content\\\/uploads\\\/2025\\\/10\\\/Asset-32.png\",\"width\":433,\"height\":119,\"caption\":\"Rutana - Ra\u0161tin\u0117s reikmenys\"},\"image\":{\"@id\":\"https:\\\/\\\/rutana.lt\\\/#\\\/schema\\\/logo\\\/image\\\/\"},\"sameAs\":[\"https:\\\/\\\/www.facebook.com\\\/RutanaKanceliarinesPrekes\\\/\"]}]}<\/script>\n<!-- \/ Yoast SEO plugin. -->","yoast_head_json":{"title":"Ra\u0161iklis kapsulinis Breeze raudonas\/juodas Schneider 188802 - Rutana - Ra\u0161tin\u0117s reikmenys","robots":{"index":"index","follow":"follow","max-snippet":"max-snippet:-1","max-image-preview":"max-image-preview:large","max-video-preview":"max-video-preview:-1"},"canonical":"https:\/\/rutana.lt\/en\/product\/rasiklis-kapsulinis-breeze-raudonas-juodas-schneider-188802\/","og_locale":"en_US","og_type":"article","og_title":"Ra\u0161iklis kapsulinis Breeze raudonas\/juodas Schneider 188802 - Rutana - Ra\u0161tin\u0117s reikmenys","og_description":"Roleris Breeze \u012fne\u0161 gaivaus oro \u012f j\u016bs\u0173 u\u017era\u0161us! D\u0117l savo ergonomi\u0161ko dizaino ir trikampio formos mink\u0161tos sukibimo zonos jis patogiai guli rankoje ir yra vienodai tinkamas de\u0161iniarankiams ir kairiarankiams. Studijoms, mokykloje ar savo asmeniniams u\u017era\u0161ams. Pagamintas i\u0161 daugiau nei 90 % perdirbto plastiko, pakartotinai u\u017epildomas Breeze ra\u0161iklis yra pirmasis ra\u0161iklis, kuriam suteiktas aplinkosaugos \u017eenklas &#8222;Blue [&hellip;]","og_url":"https:\/\/rutana.lt\/en\/product\/rasiklis-kapsulinis-breeze-raudonas-juodas-schneider-188802\/","og_site_name":"Rutana - Ra\u0161tin\u0117s reikmenys","article_publisher":"https:\/\/www.facebook.com\/RutanaKanceliarinesPrekes\/","article_modified_time":"2025-10-13T13:55:48+00:00","og_image":[{"width":1000,"height":1000,"url":"https:\/\/rutana.lt\/wp-content\/uploads\/2025\/09\/C035-090.jpg","type":"image\/jpeg"}],"twitter_card":"summary_large_image","twitter_misc":{"Est. reading time":"1 minute"},"schema":{"@context":"https:\/\/schema.org","@graph":[{"@type":"WebPage","@id":"https:\/\/rutana.lt\/produktas\/rasiklis-kapsulinis-breeze-raudonas-juodas-schneider-188802\/","url":"https:\/\/rutana.lt\/produktas\/rasiklis-kapsulinis-breeze-raudonas-juodas-schneider-188802\/","name":"Ra\u0161iklis kapsulinis Breeze raudonas\/juodas Schneider 188802 - Rutana - Ra\u0161tin\u0117s reikmenys","isPartOf":{"@id":"https:\/\/rutana.lt\/#website"},"primaryImageOfPage":{"@id":"https:\/\/rutana.lt\/produktas\/rasiklis-kapsulinis-breeze-raudonas-juodas-schneider-188802\/#primaryimage"},"image":{"@id":"https:\/\/rutana.lt\/produktas\/rasiklis-kapsulinis-breeze-raudonas-juodas-schneider-188802\/#primaryimage"},"thumbnailUrl":"https:\/\/rutana.lt\/wp-content\/uploads\/2025\/09\/C035-090-2.jpg?v=1763564320","datePublished":"2025-09-03T07:57:12+00:00","dateModified":"2025-10-13T13:55:48+00:00","breadcrumb":{"@id":"https:\/\/rutana.lt\/produktas\/rasiklis-kapsulinis-breeze-raudonas-juodas-schneider-188802\/#breadcrumb"},"inLanguage":"en-US","potentialAction":[{"@type":"ReadAction","target":["https:\/\/rutana.lt\/produktas\/rasiklis-kapsulinis-breeze-raudonas-juodas-schneider-188802\/"]}]},{"@type":"ImageObject","inLanguage":"en-US","@id":"https:\/\/rutana.lt\/produktas\/rasiklis-kapsulinis-breeze-raudonas-juodas-schneider-188802\/#primaryimage","url":"https:\/\/rutana.lt\/wp-content\/uploads\/2025\/09\/C035-090-2.jpg?v=1763564320","contentUrl":"https:\/\/rutana.lt\/wp-content\/uploads\/2025\/09\/C035-090-2.jpg?v=1763564320","width":1000,"height":1000},{"@type":"BreadcrumbList","@id":"https:\/\/rutana.lt\/produktas\/rasiklis-kapsulinis-breeze-raudonas-juodas-schneider-188802\/#breadcrumb","itemListElement":[{"@type":"ListItem","position":1,"name":"Home","item":"https:\/\/rutana.lt\/"},{"@type":"ListItem","position":2,"name":"Parduotuv\u0117","item":"https:\/\/rutana.lt\/parduotuve\/"},{"@type":"ListItem","position":3,"name":"Ra\u0161iklis kapsulinis Breeze raudonas\/juodas Schneider 188802"}]},{"@type":"WebSite","@id":"https:\/\/rutana.lt\/#website","url":"https:\/\/rutana.lt\/","name":"Rutana - Ra\u0161tin\u0117s reikmenys","description":"Prekiaujame pasaulin\u0117je rinkoje pripa\u017eintomis, kokybi\u0161komis biuro prek\u0117mis toki\u0173  gamintoj\u0173 kaip: Schneider, Esselte, Novus, 3M, Faber-Castell, Citizen, Milan, Leitz, Colop, Zebra, Staedtler, Durable, Tork, Parker, Waterman ir kt.","publisher":{"@id":"https:\/\/rutana.lt\/#organization"},"potentialAction":[{"@type":"SearchAction","target":{"@type":"EntryPoint","urlTemplate":"https:\/\/rutana.lt\/?s={search_term_string}"},"query-input":{"@type":"PropertyValueSpecification","valueRequired":true,"valueName":"search_term_string"}}],"inLanguage":"en-US"},{"@type":"Organization","@id":"https:\/\/rutana.lt\/#organization","name":"Rutana - Ra\u0161tin\u0117s reikmenys","url":"https:\/\/rutana.lt\/","logo":{"@type":"ImageObject","inLanguage":"en-US","@id":"https:\/\/rutana.lt\/#\/schema\/logo\/image\/","url":"https:\/\/rutana.lt\/wp-content\/uploads\/2025\/10\/Asset-32.png","contentUrl":"https:\/\/rutana.lt\/wp-content\/uploads\/2025\/10\/Asset-32.png","width":433,"height":119,"caption":"Rutana - Ra\u0161tin\u0117s reikmenys"},"image":{"@id":"https:\/\/rutana.lt\/#\/schema\/logo\/image\/"},"sameAs":["https:\/\/www.facebook.com\/RutanaKanceliarinesPrekes\/"]}]}},"_links":{"self":[{"href":"https:\/\/rutana.lt\/en\/wp-json\/wp\/v2\/product\/18162","targetHints":{"allow":["GET"]}}],"collection":[{"href":"https:\/\/rutana.lt\/en\/wp-json\/wp\/v2\/product"}],"about":[{"href":"https:\/\/rutana.lt\/en\/wp-json\/wp\/v2\/types\/product"}],"replies":[{"embeddable":true,"href":"https:\/\/rutana.lt\/en\/wp-json\/wp\/v2\/comments?post=18162"}],"version-history":[{"count":1,"href":"https:\/\/rutana.lt\/en\/wp-json\/wp\/v2\/product\/18162\/revisions"}],"predecessor-version":[{"id":18194,"href":"https:\/\/rutana.lt\/en\/wp-json\/wp\/v2\/product\/18162\/revisions\/18194"}],"wp:featuredmedia":[{"embeddable":true,"href":"https:\/\/rutana.lt\/en\/wp-json\/wp\/v2\/media\/29640"}],"wp:attachment":[{"href":"https:\/\/rutana.lt\/en\/wp-json\/wp\/v2\/media?parent=18162"}],"wp:term":[{"taxonomy":"product_brand","embeddable":true,"href":"https:\/\/rutana.lt\/en\/wp-json\/wp\/v2\/product_brand?post=18162"},{"taxonomy":"product_cat","embeddable":true,"href":"https:\/\/rutana.lt\/en\/wp-json\/wp\/v2\/product_cat?post=18162"},{"taxonomy":"product_tag","embeddable":true,"href":"https:\/\/rutana.lt\/en\/wp-json\/wp\/v2\/product_tag?post=18162"}],"curies":[{"name":"wp","href":"https:\/\/api.w.org\/{rel}","templated":true}]}}