{"id":18159,"date":"2025-09-03T09:57:12","date_gmt":"2025-09-03T07:57:12","guid":{"rendered":"https:\/\/rutana.webdemo.lt\/?post_type=product&#038;p=18159"},"modified":"2025-10-13T15:55:47","modified_gmt":"2025-10-13T13:55:47","slug":"rasiklis-kapsulinis-ray-tamsiai-melynas-schneider-187803","status":"publish","type":"product","link":"https:\/\/rutana.lt\/en\/product\/rasiklis-kapsulinis-ray-tamsiai-melynas-schneider-187803\/","title":{"rendered":"Ra\u0161iklis kapsulinis Ray tamsiai m\u0117lynas Schneider 187803"},"content":{"rendered":"<p>Ra\u0161iklis Ray savo futuristiniu dizainu, kuriame dera modernumas, gyvenimo b\u016bdas ir sporti\u0161kumas, u\u017ekariauja klases, biurus ir universitetus. Kairiarankiams ir de\u0161iniarankiams skirtas \u201etamsiai m\u0117lynos &#8211; \u0161viesiai pilkos\u201c korpuso spalvos roleris su ergonomi\u0161kai gumuotu laikymo zonos profiliu tinkamas suaugusiems, vaikams ir pradedantiesiems mokiniams. Auk\u0161tos kokyb\u0117s, dilimui atsparus, ner\u016bdijan\u010dio plieno antgalis u\u017etikrina i\u0161skirtinai skland\u0173 ir \u0161var\u0173 ra\u0161ym\u0105. Dangtelis turi tvirt\u0105 ner\u016bdijan\u010dio plieno spaustuk\u0105. Ra\u0161iklis tinka standartin\u0117ms ra\u0161alo kapsul\u0117ms ir ra\u0161alo konverteriams. Komplektacijoje yra standartin\u0117 karali\u0161kos m\u0117lynos spalvos ra\u0161alo kaset\u0117, i\u0161trinama.<\/p>\n<p>Korpuso spalva: tamsiai m\u0117lyna \/ \u0161viesiai pilka<\/p>\n<p>Galvut\u0117s storis: M<\/p>\n<p>Kilm\u0117s \u0161alis: Vokietija<\/p>\n<p><\/p>\n<p><\/p>","protected":false},"excerpt":{"rendered":"<p>Ra\u0161iklis Ray savo futuristiniu dizainu, kuriame dera modernumas, gyvenimo b\u016bdas ir sporti\u0161kumas, u\u017ekariauja klases, biurus ir universitetus. Kairiarankiams ir de\u0161iniarankiams skirtas \u201etamsiai m\u0117lynos &#8211; \u0161viesiai pilkos\u201c korpuso spalvos roleris su ergonomi\u0161kai gumuotu laikymo zonos profiliu tinkamas suaugusiems, vaikams ir pradedantiesiems mokiniams. Auk\u0161tos kokyb\u0117s, dilimui atsparus, ner\u016bdijan\u010dio plieno antgalis u\u017etikrina i\u0161skirtinai skland\u0173 ir \u0161var\u0173 ra\u0161ym\u0105. Dangtelis [&hellip;]<\/p>","protected":false},"featured_media":29637,"comment_status":"open","ping_status":"closed","template":"","meta":{"_season_start":"","_season_end":"","_season_days":"","_season_months":"","_season_auto_visibility":""},"product_brand":[202],"product_cat":[1537],"product_tag":[],"class_list":{"0":"post-18159","1":"product","2":"type-product","3":"status-publish","4":"has-post-thumbnail","6":"product_brand-schneider","7":"product_cat-mokykliniai-parkeriai-mokyklines-prekes","9":"first","10":"instock","11":"taxable","12":"shipping-taxable","13":"purchasable","14":"product-type-simple"},"yoast_head":"<!-- This site is optimized with the Yoast SEO plugin v26.1.1 - https:\/\/yoast.com\/wordpress\/plugins\/seo\/ -->\n<title>Ra\u0161iklis kapsulinis Ray tamsiai m\u0117lynas Schneider 187803 - Rutana - Ra\u0161tin\u0117s reikmenys<\/title>\n<meta name=\"robots\" content=\"index, follow, max-snippet:-1, max-image-preview:large, max-video-preview:-1\" \/>\n<link rel=\"canonical\" href=\"https:\/\/rutana.lt\/en\/product\/rasiklis-kapsulinis-ray-tamsiai-melynas-schneider-187803\/\" \/>\n<meta property=\"og:locale\" content=\"en_US\" \/>\n<meta property=\"og:type\" content=\"article\" \/>\n<meta property=\"og:title\" content=\"Ra\u0161iklis kapsulinis Ray tamsiai m\u0117lynas Schneider 187803 - Rutana - Ra\u0161tin\u0117s reikmenys\" \/>\n<meta property=\"og:description\" content=\"Ra\u0161iklis Ray savo futuristiniu dizainu, kuriame dera modernumas, gyvenimo b\u016bdas ir sporti\u0161kumas, u\u017ekariauja klases, biurus ir universitetus. Kairiarankiams ir de\u0161iniarankiams skirtas \u201etamsiai m\u0117lynos &#8211; \u0161viesiai pilkos\u201c korpuso spalvos roleris su ergonomi\u0161kai gumuotu laikymo zonos profiliu tinkamas suaugusiems, vaikams ir pradedantiesiems mokiniams. Auk\u0161tos kokyb\u0117s, dilimui atsparus, ner\u016bdijan\u010dio plieno antgalis u\u017etikrina i\u0161skirtinai skland\u0173 ir \u0161var\u0173 ra\u0161ym\u0105. Dangtelis [&hellip;]\" \/>\n<meta property=\"og:url\" content=\"https:\/\/rutana.lt\/en\/product\/rasiklis-kapsulinis-ray-tamsiai-melynas-schneider-187803\/\" \/>\n<meta property=\"og:site_name\" content=\"Rutana - Ra\u0161tin\u0117s reikmenys\" \/>\n<meta property=\"article:publisher\" content=\"https:\/\/www.facebook.com\/RutanaKanceliarinesPrekes\/\" \/>\n<meta property=\"article:modified_time\" content=\"2025-10-13T13:55:47+00:00\" \/>\n<meta property=\"og:image\" content=\"https:\/\/rutana.lt\/wp-content\/uploads\/2025\/09\/C035-087.jpg\" \/>\n\t<meta property=\"og:image:width\" content=\"1000\" \/>\n\t<meta property=\"og:image:height\" content=\"1000\" \/>\n\t<meta property=\"og:image:type\" content=\"image\/jpeg\" \/>\n<meta name=\"twitter:card\" content=\"summary_large_image\" \/>\n<meta name=\"twitter:label1\" content=\"Est. reading time\" \/>\n\t<meta name=\"twitter:data1\" content=\"1 minute\" \/>\n<script type=\"application\/ld+json\" class=\"yoast-schema-graph\">{\"@context\":\"https:\/\/schema.org\",\"@graph\":[{\"@type\":\"WebPage\",\"@id\":\"https:\/\/rutana.lt\/produktas\/rasiklis-kapsulinis-ray-tamsiai-melynas-schneider-187803\/\",\"url\":\"https:\/\/rutana.lt\/produktas\/rasiklis-kapsulinis-ray-tamsiai-melynas-schneider-187803\/\",\"name\":\"Ra\u0161iklis kapsulinis Ray tamsiai m\u0117lynas Schneider 187803 - Rutana - Ra\u0161tin\u0117s reikmenys\",\"isPartOf\":{\"@id\":\"https:\/\/rutana.lt\/#website\"},\"primaryImageOfPage\":{\"@id\":\"https:\/\/rutana.lt\/produktas\/rasiklis-kapsulinis-ray-tamsiai-melynas-schneider-187803\/#primaryimage\"},\"image\":{\"@id\":\"https:\/\/rutana.lt\/produktas\/rasiklis-kapsulinis-ray-tamsiai-melynas-schneider-187803\/#primaryimage\"},\"thumbnailUrl\":\"https:\/\/rutana.lt\/wp-content\/uploads\/2025\/09\/C035-087-2.jpg?v=1763564326\",\"datePublished\":\"2025-09-03T07:57:12+00:00\",\"dateModified\":\"2025-10-13T13:55:47+00:00\",\"breadcrumb\":{\"@id\":\"https:\/\/rutana.lt\/produktas\/rasiklis-kapsulinis-ray-tamsiai-melynas-schneider-187803\/#breadcrumb\"},\"inLanguage\":\"en-US\",\"potentialAction\":[{\"@type\":\"ReadAction\",\"target\":[\"https:\/\/rutana.lt\/produktas\/rasiklis-kapsulinis-ray-tamsiai-melynas-schneider-187803\/\"]}]},{\"@type\":\"ImageObject\",\"inLanguage\":\"en-US\",\"@id\":\"https:\/\/rutana.lt\/produktas\/rasiklis-kapsulinis-ray-tamsiai-melynas-schneider-187803\/#primaryimage\",\"url\":\"https:\/\/rutana.lt\/wp-content\/uploads\/2025\/09\/C035-087-2.jpg?v=1763564326\",\"contentUrl\":\"https:\/\/rutana.lt\/wp-content\/uploads\/2025\/09\/C035-087-2.jpg?v=1763564326\",\"width\":1000,\"height\":1000},{\"@type\":\"BreadcrumbList\",\"@id\":\"https:\/\/rutana.lt\/produktas\/rasiklis-kapsulinis-ray-tamsiai-melynas-schneider-187803\/#breadcrumb\",\"itemListElement\":[{\"@type\":\"ListItem\",\"position\":1,\"name\":\"Home\",\"item\":\"https:\/\/rutana.lt\/\"},{\"@type\":\"ListItem\",\"position\":2,\"name\":\"Parduotuv\u0117\",\"item\":\"https:\/\/rutana.lt\/parduotuve\/\"},{\"@type\":\"ListItem\",\"position\":3,\"name\":\"Ra\u0161iklis kapsulinis Ray tamsiai m\u0117lynas Schneider 187803\"}]},{\"@type\":\"WebSite\",\"@id\":\"https:\/\/rutana.lt\/#website\",\"url\":\"https:\/\/rutana.lt\/\",\"name\":\"Rutana - Ra\u0161tin\u0117s reikmenys\",\"description\":\"Prekiaujame pasaulin\u0117je rinkoje pripa\u017eintomis, kokybi\u0161komis biuro prek\u0117mis toki\u0173  gamintoj\u0173 kaip: Schneider, Esselte, Novus, 3M, Faber-Castell, Citizen, Milan, Leitz, Colop, Zebra, Staedtler, Durable, Tork, Parker, Waterman ir kt.\",\"publisher\":{\"@id\":\"https:\/\/rutana.lt\/#organization\"},\"potentialAction\":[{\"@type\":\"SearchAction\",\"target\":{\"@type\":\"EntryPoint\",\"urlTemplate\":\"https:\/\/rutana.lt\/?s={search_term_string}\"},\"query-input\":{\"@type\":\"PropertyValueSpecification\",\"valueRequired\":true,\"valueName\":\"search_term_string\"}}],\"inLanguage\":\"en-US\"},{\"@type\":\"Organization\",\"@id\":\"https:\/\/rutana.lt\/#organization\",\"name\":\"Rutana - Ra\u0161tin\u0117s reikmenys\",\"url\":\"https:\/\/rutana.lt\/\",\"logo\":{\"@type\":\"ImageObject\",\"inLanguage\":\"en-US\",\"@id\":\"https:\/\/rutana.lt\/#\/schema\/logo\/image\/\",\"url\":\"https:\/\/rutana.lt\/wp-content\/uploads\/2025\/10\/Asset-32.png\",\"contentUrl\":\"https:\/\/rutana.lt\/wp-content\/uploads\/2025\/10\/Asset-32.png\",\"width\":433,\"height\":119,\"caption\":\"Rutana - Ra\u0161tin\u0117s reikmenys\"},\"image\":{\"@id\":\"https:\/\/rutana.lt\/#\/schema\/logo\/image\/\"},\"sameAs\":[\"https:\/\/www.facebook.com\/RutanaKanceliarinesPrekes\/\"]}]}<\/script>\n<!-- \/ Yoast SEO plugin. -->","yoast_head_json":{"title":"Ra\u0161iklis kapsulinis Ray tamsiai m\u0117lynas Schneider 187803 - Rutana - Ra\u0161tin\u0117s reikmenys","robots":{"index":"index","follow":"follow","max-snippet":"max-snippet:-1","max-image-preview":"max-image-preview:large","max-video-preview":"max-video-preview:-1"},"canonical":"https:\/\/rutana.lt\/en\/product\/rasiklis-kapsulinis-ray-tamsiai-melynas-schneider-187803\/","og_locale":"en_US","og_type":"article","og_title":"Ra\u0161iklis kapsulinis Ray tamsiai m\u0117lynas Schneider 187803 - Rutana - Ra\u0161tin\u0117s reikmenys","og_description":"Ra\u0161iklis Ray savo futuristiniu dizainu, kuriame dera modernumas, gyvenimo b\u016bdas ir sporti\u0161kumas, u\u017ekariauja klases, biurus ir universitetus. Kairiarankiams ir de\u0161iniarankiams skirtas \u201etamsiai m\u0117lynos &#8211; \u0161viesiai pilkos\u201c korpuso spalvos roleris su ergonomi\u0161kai gumuotu laikymo zonos profiliu tinkamas suaugusiems, vaikams ir pradedantiesiems mokiniams. Auk\u0161tos kokyb\u0117s, dilimui atsparus, ner\u016bdijan\u010dio plieno antgalis u\u017etikrina i\u0161skirtinai skland\u0173 ir \u0161var\u0173 ra\u0161ym\u0105. Dangtelis [&hellip;]","og_url":"https:\/\/rutana.lt\/en\/product\/rasiklis-kapsulinis-ray-tamsiai-melynas-schneider-187803\/","og_site_name":"Rutana - Ra\u0161tin\u0117s reikmenys","article_publisher":"https:\/\/www.facebook.com\/RutanaKanceliarinesPrekes\/","article_modified_time":"2025-10-13T13:55:47+00:00","og_image":[{"width":1000,"height":1000,"url":"https:\/\/rutana.lt\/wp-content\/uploads\/2025\/09\/C035-087.jpg","type":"image\/jpeg"}],"twitter_card":"summary_large_image","twitter_misc":{"Est. reading time":"1 minute"},"schema":{"@context":"https:\/\/schema.org","@graph":[{"@type":"WebPage","@id":"https:\/\/rutana.lt\/produktas\/rasiklis-kapsulinis-ray-tamsiai-melynas-schneider-187803\/","url":"https:\/\/rutana.lt\/produktas\/rasiklis-kapsulinis-ray-tamsiai-melynas-schneider-187803\/","name":"Ra\u0161iklis kapsulinis Ray tamsiai m\u0117lynas Schneider 187803 - Rutana - Ra\u0161tin\u0117s reikmenys","isPartOf":{"@id":"https:\/\/rutana.lt\/#website"},"primaryImageOfPage":{"@id":"https:\/\/rutana.lt\/produktas\/rasiklis-kapsulinis-ray-tamsiai-melynas-schneider-187803\/#primaryimage"},"image":{"@id":"https:\/\/rutana.lt\/produktas\/rasiklis-kapsulinis-ray-tamsiai-melynas-schneider-187803\/#primaryimage"},"thumbnailUrl":"https:\/\/rutana.lt\/wp-content\/uploads\/2025\/09\/C035-087-2.jpg?v=1763564326","datePublished":"2025-09-03T07:57:12+00:00","dateModified":"2025-10-13T13:55:47+00:00","breadcrumb":{"@id":"https:\/\/rutana.lt\/produktas\/rasiklis-kapsulinis-ray-tamsiai-melynas-schneider-187803\/#breadcrumb"},"inLanguage":"en-US","potentialAction":[{"@type":"ReadAction","target":["https:\/\/rutana.lt\/produktas\/rasiklis-kapsulinis-ray-tamsiai-melynas-schneider-187803\/"]}]},{"@type":"ImageObject","inLanguage":"en-US","@id":"https:\/\/rutana.lt\/produktas\/rasiklis-kapsulinis-ray-tamsiai-melynas-schneider-187803\/#primaryimage","url":"https:\/\/rutana.lt\/wp-content\/uploads\/2025\/09\/C035-087-2.jpg?v=1763564326","contentUrl":"https:\/\/rutana.lt\/wp-content\/uploads\/2025\/09\/C035-087-2.jpg?v=1763564326","width":1000,"height":1000},{"@type":"BreadcrumbList","@id":"https:\/\/rutana.lt\/produktas\/rasiklis-kapsulinis-ray-tamsiai-melynas-schneider-187803\/#breadcrumb","itemListElement":[{"@type":"ListItem","position":1,"name":"Home","item":"https:\/\/rutana.lt\/"},{"@type":"ListItem","position":2,"name":"Parduotuv\u0117","item":"https:\/\/rutana.lt\/parduotuve\/"},{"@type":"ListItem","position":3,"name":"Ra\u0161iklis kapsulinis Ray tamsiai m\u0117lynas Schneider 187803"}]},{"@type":"WebSite","@id":"https:\/\/rutana.lt\/#website","url":"https:\/\/rutana.lt\/","name":"Rutana - Ra\u0161tin\u0117s reikmenys","description":"Prekiaujame pasaulin\u0117je rinkoje pripa\u017eintomis, kokybi\u0161komis biuro prek\u0117mis toki\u0173  gamintoj\u0173 kaip: Schneider, Esselte, Novus, 3M, Faber-Castell, Citizen, Milan, Leitz, Colop, Zebra, Staedtler, Durable, Tork, Parker, Waterman ir kt.","publisher":{"@id":"https:\/\/rutana.lt\/#organization"},"potentialAction":[{"@type":"SearchAction","target":{"@type":"EntryPoint","urlTemplate":"https:\/\/rutana.lt\/?s={search_term_string}"},"query-input":{"@type":"PropertyValueSpecification","valueRequired":true,"valueName":"search_term_string"}}],"inLanguage":"en-US"},{"@type":"Organization","@id":"https:\/\/rutana.lt\/#organization","name":"Rutana - Ra\u0161tin\u0117s reikmenys","url":"https:\/\/rutana.lt\/","logo":{"@type":"ImageObject","inLanguage":"en-US","@id":"https:\/\/rutana.lt\/#\/schema\/logo\/image\/","url":"https:\/\/rutana.lt\/wp-content\/uploads\/2025\/10\/Asset-32.png","contentUrl":"https:\/\/rutana.lt\/wp-content\/uploads\/2025\/10\/Asset-32.png","width":433,"height":119,"caption":"Rutana - Ra\u0161tin\u0117s reikmenys"},"image":{"@id":"https:\/\/rutana.lt\/#\/schema\/logo\/image\/"},"sameAs":["https:\/\/www.facebook.com\/RutanaKanceliarinesPrekes\/"]}]}},"_links":{"self":[{"href":"https:\/\/rutana.lt\/en\/wp-json\/wp\/v2\/product\/18159","targetHints":{"allow":["GET"]}}],"collection":[{"href":"https:\/\/rutana.lt\/en\/wp-json\/wp\/v2\/product"}],"about":[{"href":"https:\/\/rutana.lt\/en\/wp-json\/wp\/v2\/types\/product"}],"replies":[{"embeddable":true,"href":"https:\/\/rutana.lt\/en\/wp-json\/wp\/v2\/comments?post=18159"}],"version-history":[{"count":1,"href":"https:\/\/rutana.lt\/en\/wp-json\/wp\/v2\/product\/18159\/revisions"}],"predecessor-version":[{"id":18188,"href":"https:\/\/rutana.lt\/en\/wp-json\/wp\/v2\/product\/18159\/revisions\/18188"}],"wp:featuredmedia":[{"embeddable":true,"href":"https:\/\/rutana.lt\/en\/wp-json\/wp\/v2\/media\/29637"}],"wp:attachment":[{"href":"https:\/\/rutana.lt\/en\/wp-json\/wp\/v2\/media?parent=18159"}],"wp:term":[{"taxonomy":"product_brand","embeddable":true,"href":"https:\/\/rutana.lt\/en\/wp-json\/wp\/v2\/product_brand?post=18159"},{"taxonomy":"product_cat","embeddable":true,"href":"https:\/\/rutana.lt\/en\/wp-json\/wp\/v2\/product_cat?post=18159"},{"taxonomy":"product_tag","embeddable":true,"href":"https:\/\/rutana.lt\/en\/wp-json\/wp\/v2\/product_tag?post=18159"}],"curies":[{"name":"wp","href":"https:\/\/api.w.org\/{rel}","templated":true}]}}