{"id":18117,"date":"2025-09-03T09:56:50","date_gmt":"2025-09-03T07:56:50","guid":{"rendered":"https:\/\/rutana.webdemo.lt\/?post_type=product&#038;p=18117"},"modified":"2025-10-13T15:55:47","modified_gmt":"2025-10-13T13:55:47","slug":"parkeris-kapsulinis-glam-flowers-schneider-167768","status":"publish","type":"product","link":"https:\/\/rutana.lt\/en\/product\/parkeris-kapsulinis-glam-flowers-schneider-167768\/","title":{"rendered":"Parkeris kapsulinis Glam &#8222;Flowers&#8221; Schneider 167768"},"content":{"rendered":"<p>Plunksnakotis su ergonomi\u0161kai gumuotu rankenos profiliu ir auk\u0161tos kokyb\u0117s ner\u016bdijan\u010dio plieno antgaliu i\u0161 irid\u017eio. \u0160iuolaikinis dizainas i\u0161 dalies sumodeliuotas specialiu procesu, suteikiant jiems ap\u010diuopiam\u0105 realyb\u0119. \u012erengtas tvirtas metalinis segtukas ir standartin\u0117 ra\u0161alo kaset\u0117, karali\u0161kos m\u0117lynos spalvos, i\u0161trinama. Vienodai tinka de\u0161iniarankiams ir kairiarankiams. <\/p>\n<p>Korpuso spalva: dekoruota<\/p>\n<p>Galvut\u0117s storis: M<\/p>\n<p>Kilm\u0117s \u0161alis: Vokietija<\/p>\n<p><\/p>\n<p><\/p>","protected":false},"excerpt":{"rendered":"<p>Plunksnakotis su ergonomi\u0161kai gumuotu rankenos profiliu ir auk\u0161tos kokyb\u0117s ner\u016bdijan\u010dio plieno antgaliu i\u0161 irid\u017eio. \u0160iuolaikinis dizainas i\u0161 dalies sumodeliuotas specialiu procesu, suteikiant jiems ap\u010diuopiam\u0105 realyb\u0119. \u012erengtas tvirtas metalinis segtukas ir standartin\u0117 ra\u0161alo kaset\u0117, karali\u0161kos m\u0117lynos spalvos, i\u0161trinama. Vienodai tinka de\u0161iniarankiams ir kairiarankiams. Korpuso spalva: dekoruota Galvut\u0117s storis: M Kilm\u0117s \u0161alis: Vokietija<\/p>","protected":false},"featured_media":29635,"comment_status":"open","ping_status":"closed","template":"","meta":{"_season_start":"","_season_end":"","_season_days":"","_season_months":"","_season_auto_visibility":""},"product_brand":[202],"product_cat":[1537],"product_tag":[],"class_list":{"0":"post-18117","1":"product","2":"type-product","3":"status-publish","4":"has-post-thumbnail","6":"product_brand-schneider","7":"product_cat-mokykliniai-parkeriai-mokyklines-prekes","9":"first","10":"instock","11":"taxable","12":"shipping-taxable","13":"purchasable","14":"product-type-simple"},"yoast_head":"<!-- This site is optimized with the Yoast SEO plugin v26.1.1 - https:\/\/yoast.com\/wordpress\/plugins\/seo\/ -->\n<title>Parkeris kapsulinis Glam &quot;Flowers&quot; Schneider 167768 - Rutana - Ra\u0161tin\u0117s reikmenys<\/title>\n<meta name=\"robots\" content=\"index, follow, max-snippet:-1, max-image-preview:large, max-video-preview:-1\" \/>\n<link rel=\"canonical\" href=\"https:\/\/rutana.lt\/en\/product\/parkeris-kapsulinis-glam-flowers-schneider-167768\/\" \/>\n<meta property=\"og:locale\" content=\"en_US\" \/>\n<meta property=\"og:type\" content=\"article\" \/>\n<meta property=\"og:title\" content=\"Parkeris kapsulinis Glam &quot;Flowers&quot; Schneider 167768 - Rutana - Ra\u0161tin\u0117s reikmenys\" \/>\n<meta property=\"og:description\" content=\"Plunksnakotis su ergonomi\u0161kai gumuotu rankenos profiliu ir auk\u0161tos kokyb\u0117s ner\u016bdijan\u010dio plieno antgaliu i\u0161 irid\u017eio. \u0160iuolaikinis dizainas i\u0161 dalies sumodeliuotas specialiu procesu, suteikiant jiems ap\u010diuopiam\u0105 realyb\u0119. \u012erengtas tvirtas metalinis segtukas ir standartin\u0117 ra\u0161alo kaset\u0117, karali\u0161kos m\u0117lynos spalvos, i\u0161trinama. Vienodai tinka de\u0161iniarankiams ir kairiarankiams. Korpuso spalva: dekoruota Galvut\u0117s storis: M Kilm\u0117s \u0161alis: Vokietija\" \/>\n<meta property=\"og:url\" content=\"https:\/\/rutana.lt\/en\/product\/parkeris-kapsulinis-glam-flowers-schneider-167768\/\" \/>\n<meta property=\"og:site_name\" content=\"Rutana - Ra\u0161tin\u0117s reikmenys\" \/>\n<meta property=\"article:publisher\" content=\"https:\/\/www.facebook.com\/RutanaKanceliarinesPrekes\/\" \/>\n<meta property=\"article:modified_time\" content=\"2025-10-13T13:55:47+00:00\" \/>\n<meta property=\"og:image\" content=\"https:\/\/rutana.lt\/wp-content\/uploads\/2025\/09\/C051-287.jpg\" \/>\n\t<meta property=\"og:image:width\" content=\"1000\" \/>\n\t<meta property=\"og:image:height\" content=\"1000\" \/>\n\t<meta property=\"og:image:type\" content=\"image\/jpeg\" \/>\n<meta name=\"twitter:card\" content=\"summary_large_image\" \/>\n<script type=\"application\/ld+json\" class=\"yoast-schema-graph\">{\"@context\":\"https:\/\/schema.org\",\"@graph\":[{\"@type\":\"WebPage\",\"@id\":\"https:\/\/rutana.lt\/produktas\/parkeris-kapsulinis-glam-flowers-schneider-167768\/\",\"url\":\"https:\/\/rutana.lt\/produktas\/parkeris-kapsulinis-glam-flowers-schneider-167768\/\",\"name\":\"Parkeris kapsulinis Glam \\\"Flowers\\\" Schneider 167768 - Rutana - Ra\u0161tin\u0117s reikmenys\",\"isPartOf\":{\"@id\":\"https:\/\/rutana.lt\/#website\"},\"primaryImageOfPage\":{\"@id\":\"https:\/\/rutana.lt\/produktas\/parkeris-kapsulinis-glam-flowers-schneider-167768\/#primaryimage\"},\"image\":{\"@id\":\"https:\/\/rutana.lt\/produktas\/parkeris-kapsulinis-glam-flowers-schneider-167768\/#primaryimage\"},\"thumbnailUrl\":\"https:\/\/rutana.lt\/wp-content\/uploads\/2025\/09\/C051-287-1.jpg?v=1763564329\",\"datePublished\":\"2025-09-03T07:56:50+00:00\",\"dateModified\":\"2025-10-13T13:55:47+00:00\",\"breadcrumb\":{\"@id\":\"https:\/\/rutana.lt\/produktas\/parkeris-kapsulinis-glam-flowers-schneider-167768\/#breadcrumb\"},\"inLanguage\":\"en-US\",\"potentialAction\":[{\"@type\":\"ReadAction\",\"target\":[\"https:\/\/rutana.lt\/produktas\/parkeris-kapsulinis-glam-flowers-schneider-167768\/\"]}]},{\"@type\":\"ImageObject\",\"inLanguage\":\"en-US\",\"@id\":\"https:\/\/rutana.lt\/produktas\/parkeris-kapsulinis-glam-flowers-schneider-167768\/#primaryimage\",\"url\":\"https:\/\/rutana.lt\/wp-content\/uploads\/2025\/09\/C051-287-1.jpg?v=1763564329\",\"contentUrl\":\"https:\/\/rutana.lt\/wp-content\/uploads\/2025\/09\/C051-287-1.jpg?v=1763564329\",\"width\":1000,\"height\":1000},{\"@type\":\"BreadcrumbList\",\"@id\":\"https:\/\/rutana.lt\/produktas\/parkeris-kapsulinis-glam-flowers-schneider-167768\/#breadcrumb\",\"itemListElement\":[{\"@type\":\"ListItem\",\"position\":1,\"name\":\"Home\",\"item\":\"https:\/\/rutana.lt\/\"},{\"@type\":\"ListItem\",\"position\":2,\"name\":\"Parduotuv\u0117\",\"item\":\"https:\/\/rutana.lt\/parduotuve\/\"},{\"@type\":\"ListItem\",\"position\":3,\"name\":\"Parkeris kapsulinis Glam &#8222;Flowers&#8221; Schneider 167768\"}]},{\"@type\":\"WebSite\",\"@id\":\"https:\/\/rutana.lt\/#website\",\"url\":\"https:\/\/rutana.lt\/\",\"name\":\"Rutana - Ra\u0161tin\u0117s reikmenys\",\"description\":\"Prekiaujame pasaulin\u0117je rinkoje pripa\u017eintomis, kokybi\u0161komis biuro prek\u0117mis toki\u0173  gamintoj\u0173 kaip: Schneider, Esselte, Novus, 3M, Faber-Castell, Citizen, Milan, Leitz, Colop, Zebra, Staedtler, Durable, Tork, Parker, Waterman ir kt.\",\"publisher\":{\"@id\":\"https:\/\/rutana.lt\/#organization\"},\"potentialAction\":[{\"@type\":\"SearchAction\",\"target\":{\"@type\":\"EntryPoint\",\"urlTemplate\":\"https:\/\/rutana.lt\/?s={search_term_string}\"},\"query-input\":{\"@type\":\"PropertyValueSpecification\",\"valueRequired\":true,\"valueName\":\"search_term_string\"}}],\"inLanguage\":\"en-US\"},{\"@type\":\"Organization\",\"@id\":\"https:\/\/rutana.lt\/#organization\",\"name\":\"Rutana - Ra\u0161tin\u0117s reikmenys\",\"url\":\"https:\/\/rutana.lt\/\",\"logo\":{\"@type\":\"ImageObject\",\"inLanguage\":\"en-US\",\"@id\":\"https:\/\/rutana.lt\/#\/schema\/logo\/image\/\",\"url\":\"https:\/\/rutana.lt\/wp-content\/uploads\/2025\/10\/Asset-32.png\",\"contentUrl\":\"https:\/\/rutana.lt\/wp-content\/uploads\/2025\/10\/Asset-32.png\",\"width\":433,\"height\":119,\"caption\":\"Rutana - Ra\u0161tin\u0117s reikmenys\"},\"image\":{\"@id\":\"https:\/\/rutana.lt\/#\/schema\/logo\/image\/\"},\"sameAs\":[\"https:\/\/www.facebook.com\/RutanaKanceliarinesPrekes\/\"]}]}<\/script>\n<!-- \/ Yoast SEO plugin. -->","yoast_head_json":{"title":"Parkeris kapsulinis Glam \"Flowers\" Schneider 167768 - Rutana - Ra\u0161tin\u0117s reikmenys","robots":{"index":"index","follow":"follow","max-snippet":"max-snippet:-1","max-image-preview":"max-image-preview:large","max-video-preview":"max-video-preview:-1"},"canonical":"https:\/\/rutana.lt\/en\/product\/parkeris-kapsulinis-glam-flowers-schneider-167768\/","og_locale":"en_US","og_type":"article","og_title":"Parkeris kapsulinis Glam \"Flowers\" Schneider 167768 - Rutana - Ra\u0161tin\u0117s reikmenys","og_description":"Plunksnakotis su ergonomi\u0161kai gumuotu rankenos profiliu ir auk\u0161tos kokyb\u0117s ner\u016bdijan\u010dio plieno antgaliu i\u0161 irid\u017eio. \u0160iuolaikinis dizainas i\u0161 dalies sumodeliuotas specialiu procesu, suteikiant jiems ap\u010diuopiam\u0105 realyb\u0119. \u012erengtas tvirtas metalinis segtukas ir standartin\u0117 ra\u0161alo kaset\u0117, karali\u0161kos m\u0117lynos spalvos, i\u0161trinama. Vienodai tinka de\u0161iniarankiams ir kairiarankiams. Korpuso spalva: dekoruota Galvut\u0117s storis: M Kilm\u0117s \u0161alis: Vokietija","og_url":"https:\/\/rutana.lt\/en\/product\/parkeris-kapsulinis-glam-flowers-schneider-167768\/","og_site_name":"Rutana - Ra\u0161tin\u0117s reikmenys","article_publisher":"https:\/\/www.facebook.com\/RutanaKanceliarinesPrekes\/","article_modified_time":"2025-10-13T13:55:47+00:00","og_image":[{"width":1000,"height":1000,"url":"https:\/\/rutana.lt\/wp-content\/uploads\/2025\/09\/C051-287.jpg","type":"image\/jpeg"}],"twitter_card":"summary_large_image","schema":{"@context":"https:\/\/schema.org","@graph":[{"@type":"WebPage","@id":"https:\/\/rutana.lt\/produktas\/parkeris-kapsulinis-glam-flowers-schneider-167768\/","url":"https:\/\/rutana.lt\/produktas\/parkeris-kapsulinis-glam-flowers-schneider-167768\/","name":"Parkeris kapsulinis Glam \"Flowers\" Schneider 167768 - Rutana - Ra\u0161tin\u0117s reikmenys","isPartOf":{"@id":"https:\/\/rutana.lt\/#website"},"primaryImageOfPage":{"@id":"https:\/\/rutana.lt\/produktas\/parkeris-kapsulinis-glam-flowers-schneider-167768\/#primaryimage"},"image":{"@id":"https:\/\/rutana.lt\/produktas\/parkeris-kapsulinis-glam-flowers-schneider-167768\/#primaryimage"},"thumbnailUrl":"https:\/\/rutana.lt\/wp-content\/uploads\/2025\/09\/C051-287-1.jpg?v=1763564329","datePublished":"2025-09-03T07:56:50+00:00","dateModified":"2025-10-13T13:55:47+00:00","breadcrumb":{"@id":"https:\/\/rutana.lt\/produktas\/parkeris-kapsulinis-glam-flowers-schneider-167768\/#breadcrumb"},"inLanguage":"en-US","potentialAction":[{"@type":"ReadAction","target":["https:\/\/rutana.lt\/produktas\/parkeris-kapsulinis-glam-flowers-schneider-167768\/"]}]},{"@type":"ImageObject","inLanguage":"en-US","@id":"https:\/\/rutana.lt\/produktas\/parkeris-kapsulinis-glam-flowers-schneider-167768\/#primaryimage","url":"https:\/\/rutana.lt\/wp-content\/uploads\/2025\/09\/C051-287-1.jpg?v=1763564329","contentUrl":"https:\/\/rutana.lt\/wp-content\/uploads\/2025\/09\/C051-287-1.jpg?v=1763564329","width":1000,"height":1000},{"@type":"BreadcrumbList","@id":"https:\/\/rutana.lt\/produktas\/parkeris-kapsulinis-glam-flowers-schneider-167768\/#breadcrumb","itemListElement":[{"@type":"ListItem","position":1,"name":"Home","item":"https:\/\/rutana.lt\/"},{"@type":"ListItem","position":2,"name":"Parduotuv\u0117","item":"https:\/\/rutana.lt\/parduotuve\/"},{"@type":"ListItem","position":3,"name":"Parkeris kapsulinis Glam &#8222;Flowers&#8221; Schneider 167768"}]},{"@type":"WebSite","@id":"https:\/\/rutana.lt\/#website","url":"https:\/\/rutana.lt\/","name":"Rutana - Ra\u0161tin\u0117s reikmenys","description":"Prekiaujame pasaulin\u0117je rinkoje pripa\u017eintomis, kokybi\u0161komis biuro prek\u0117mis toki\u0173  gamintoj\u0173 kaip: Schneider, Esselte, Novus, 3M, Faber-Castell, Citizen, Milan, Leitz, Colop, Zebra, Staedtler, Durable, Tork, Parker, Waterman ir kt.","publisher":{"@id":"https:\/\/rutana.lt\/#organization"},"potentialAction":[{"@type":"SearchAction","target":{"@type":"EntryPoint","urlTemplate":"https:\/\/rutana.lt\/?s={search_term_string}"},"query-input":{"@type":"PropertyValueSpecification","valueRequired":true,"valueName":"search_term_string"}}],"inLanguage":"en-US"},{"@type":"Organization","@id":"https:\/\/rutana.lt\/#organization","name":"Rutana - Ra\u0161tin\u0117s reikmenys","url":"https:\/\/rutana.lt\/","logo":{"@type":"ImageObject","inLanguage":"en-US","@id":"https:\/\/rutana.lt\/#\/schema\/logo\/image\/","url":"https:\/\/rutana.lt\/wp-content\/uploads\/2025\/10\/Asset-32.png","contentUrl":"https:\/\/rutana.lt\/wp-content\/uploads\/2025\/10\/Asset-32.png","width":433,"height":119,"caption":"Rutana - Ra\u0161tin\u0117s reikmenys"},"image":{"@id":"https:\/\/rutana.lt\/#\/schema\/logo\/image\/"},"sameAs":["https:\/\/www.facebook.com\/RutanaKanceliarinesPrekes\/"]}]}},"_links":{"self":[{"href":"https:\/\/rutana.lt\/en\/wp-json\/wp\/v2\/product\/18117","targetHints":{"allow":["GET"]}}],"collection":[{"href":"https:\/\/rutana.lt\/en\/wp-json\/wp\/v2\/product"}],"about":[{"href":"https:\/\/rutana.lt\/en\/wp-json\/wp\/v2\/types\/product"}],"replies":[{"embeddable":true,"href":"https:\/\/rutana.lt\/en\/wp-json\/wp\/v2\/comments?post=18117"}],"version-history":[{"count":1,"href":"https:\/\/rutana.lt\/en\/wp-json\/wp\/v2\/product\/18117\/revisions"}],"predecessor-version":[{"id":18184,"href":"https:\/\/rutana.lt\/en\/wp-json\/wp\/v2\/product\/18117\/revisions\/18184"}],"wp:featuredmedia":[{"embeddable":true,"href":"https:\/\/rutana.lt\/en\/wp-json\/wp\/v2\/media\/29635"}],"wp:attachment":[{"href":"https:\/\/rutana.lt\/en\/wp-json\/wp\/v2\/media?parent=18117"}],"wp:term":[{"taxonomy":"product_brand","embeddable":true,"href":"https:\/\/rutana.lt\/en\/wp-json\/wp\/v2\/product_brand?post=18117"},{"taxonomy":"product_cat","embeddable":true,"href":"https:\/\/rutana.lt\/en\/wp-json\/wp\/v2\/product_cat?post=18117"},{"taxonomy":"product_tag","embeddable":true,"href":"https:\/\/rutana.lt\/en\/wp-json\/wp\/v2\/product_tag?post=18117"}],"curies":[{"name":"wp","href":"https:\/\/api.w.org\/{rel}","templated":true}]}}