{"id":18106,"date":"2025-09-03T09:56:50","date_gmt":"2025-09-03T07:56:50","guid":{"rendered":"https:\/\/rutana.webdemo.lt\/?post_type=product&#038;p=18106"},"modified":"2025-10-13T15:55:41","modified_gmt":"2025-10-13T13:55:41","slug":"rasiklis-kapsulinis-easy-grey-pilkas-schneider-508765","status":"publish","type":"product","link":"https:\/\/rutana.lt\/en\/product\/rasiklis-kapsulinis-easy-grey-pilkas-schneider-508765\/","title":{"rendered":"Ra\u0161iklis kapsulinis Easy &#8222;Grey&#8221; pilkas Schneider 508765"},"content":{"rendered":"<p>Modernaus dizaino kapsulinis ra\u0161iklis pagamintas i\u0161 plastiko. Patvarus ner\u016bdijan\u010dio plieno galiukas. Tinkamas naudoti de\u0161iniarankiams ir kairiarankiams. Tinka standartin\u0117s ra\u0161alo kapsul\u0117s.<\/p>\n<p>Korpuso spalva: \u0161viesiai m\u0117lyna, dekoruota<\/p>\n<p>Galvut\u0117s storis: M<\/p>\n<p>Kilm\u0117s \u0161alis: Vokietija<\/p>\n<p><\/p>\n<p><\/p>","protected":false},"excerpt":{"rendered":"<p>Modernaus dizaino kapsulinis ra\u0161iklis pagamintas i\u0161 plastiko. Patvarus ner\u016bdijan\u010dio plieno galiukas. Tinkamas naudoti de\u0161iniarankiams ir kairiarankiams. Tinka standartin\u0117s ra\u0161alo kapsul\u0117s. Korpuso spalva: \u0161viesiai m\u0117lyna, dekoruota Galvut\u0117s storis: M Kilm\u0117s \u0161alis: Vokietija<\/p>","protected":false},"featured_media":29624,"comment_status":"open","ping_status":"closed","template":"","meta":{"_season_start":"","_season_end":"","_season_days":"","_season_months":"","_season_auto_visibility":""},"product_brand":[202],"product_cat":[1537],"product_tag":[],"class_list":{"0":"post-18106","1":"product","2":"type-product","3":"status-publish","4":"has-post-thumbnail","6":"product_brand-schneider","7":"product_cat-mokykliniai-parkeriai-mokyklines-prekes","9":"first","10":"instock","11":"taxable","12":"shipping-taxable","13":"purchasable","14":"product-type-simple"},"yoast_head":"<!-- This site is optimized with the Yoast SEO plugin v26.1.1 - https:\/\/yoast.com\/wordpress\/plugins\/seo\/ -->\n<title>Ra\u0161iklis kapsulinis Easy &quot;Grey&quot; pilkas Schneider 508765 - Rutana - Ra\u0161tin\u0117s reikmenys<\/title>\n<meta name=\"robots\" content=\"index, follow, max-snippet:-1, max-image-preview:large, max-video-preview:-1\" \/>\n<link rel=\"canonical\" href=\"https:\/\/rutana.lt\/en\/product\/rasiklis-kapsulinis-easy-grey-pilkas-schneider-508765\/\" \/>\n<meta property=\"og:locale\" content=\"en_US\" \/>\n<meta property=\"og:type\" content=\"article\" \/>\n<meta property=\"og:title\" content=\"Ra\u0161iklis kapsulinis Easy &quot;Grey&quot; pilkas Schneider 508765 - Rutana - Ra\u0161tin\u0117s reikmenys\" \/>\n<meta property=\"og:description\" content=\"Modernaus dizaino kapsulinis ra\u0161iklis pagamintas i\u0161 plastiko. Patvarus ner\u016bdijan\u010dio plieno galiukas. Tinkamas naudoti de\u0161iniarankiams ir kairiarankiams. Tinka standartin\u0117s ra\u0161alo kapsul\u0117s. Korpuso spalva: \u0161viesiai m\u0117lyna, dekoruota Galvut\u0117s storis: M Kilm\u0117s \u0161alis: Vokietija\" \/>\n<meta property=\"og:url\" content=\"https:\/\/rutana.lt\/en\/product\/rasiklis-kapsulinis-easy-grey-pilkas-schneider-508765\/\" \/>\n<meta property=\"og:site_name\" content=\"Rutana - Ra\u0161tin\u0117s reikmenys\" \/>\n<meta property=\"article:publisher\" content=\"https:\/\/www.facebook.com\/RutanaKanceliarinesPrekes\/\" \/>\n<meta property=\"article:modified_time\" content=\"2025-10-13T13:55:41+00:00\" \/>\n<meta property=\"og:image\" content=\"https:\/\/rutana.lt\/wp-content\/uploads\/2025\/09\/C051-280.jpg\" \/>\n\t<meta property=\"og:image:width\" content=\"1000\" \/>\n\t<meta property=\"og:image:height\" content=\"1000\" \/>\n\t<meta property=\"og:image:type\" content=\"image\/jpeg\" \/>\n<meta name=\"twitter:card\" content=\"summary_large_image\" \/>\n<script type=\"application\/ld+json\" class=\"yoast-schema-graph\">{\"@context\":\"https:\/\/schema.org\",\"@graph\":[{\"@type\":\"WebPage\",\"@id\":\"https:\/\/rutana.lt\/produktas\/rasiklis-kapsulinis-easy-grey-pilkas-schneider-508765\/\",\"url\":\"https:\/\/rutana.lt\/produktas\/rasiklis-kapsulinis-easy-grey-pilkas-schneider-508765\/\",\"name\":\"Ra\u0161iklis kapsulinis Easy \\\"Grey\\\" pilkas Schneider 508765 - Rutana - Ra\u0161tin\u0117s reikmenys\",\"isPartOf\":{\"@id\":\"https:\/\/rutana.lt\/#website\"},\"primaryImageOfPage\":{\"@id\":\"https:\/\/rutana.lt\/produktas\/rasiklis-kapsulinis-easy-grey-pilkas-schneider-508765\/#primaryimage\"},\"image\":{\"@id\":\"https:\/\/rutana.lt\/produktas\/rasiklis-kapsulinis-easy-grey-pilkas-schneider-508765\/#primaryimage\"},\"thumbnailUrl\":\"https:\/\/rutana.lt\/wp-content\/uploads\/2025\/09\/C051-280-1.jpg?v=1763564349\",\"datePublished\":\"2025-09-03T07:56:50+00:00\",\"dateModified\":\"2025-10-13T13:55:41+00:00\",\"breadcrumb\":{\"@id\":\"https:\/\/rutana.lt\/produktas\/rasiklis-kapsulinis-easy-grey-pilkas-schneider-508765\/#breadcrumb\"},\"inLanguage\":\"en-US\",\"potentialAction\":[{\"@type\":\"ReadAction\",\"target\":[\"https:\/\/rutana.lt\/produktas\/rasiklis-kapsulinis-easy-grey-pilkas-schneider-508765\/\"]}]},{\"@type\":\"ImageObject\",\"inLanguage\":\"en-US\",\"@id\":\"https:\/\/rutana.lt\/produktas\/rasiklis-kapsulinis-easy-grey-pilkas-schneider-508765\/#primaryimage\",\"url\":\"https:\/\/rutana.lt\/wp-content\/uploads\/2025\/09\/C051-280-1.jpg?v=1763564349\",\"contentUrl\":\"https:\/\/rutana.lt\/wp-content\/uploads\/2025\/09\/C051-280-1.jpg?v=1763564349\",\"width\":1000,\"height\":1000},{\"@type\":\"BreadcrumbList\",\"@id\":\"https:\/\/rutana.lt\/produktas\/rasiklis-kapsulinis-easy-grey-pilkas-schneider-508765\/#breadcrumb\",\"itemListElement\":[{\"@type\":\"ListItem\",\"position\":1,\"name\":\"Home\",\"item\":\"https:\/\/rutana.lt\/\"},{\"@type\":\"ListItem\",\"position\":2,\"name\":\"Parduotuv\u0117\",\"item\":\"https:\/\/rutana.lt\/parduotuve\/\"},{\"@type\":\"ListItem\",\"position\":3,\"name\":\"Ra\u0161iklis kapsulinis Easy &#8222;Grey&#8221; pilkas Schneider 508765\"}]},{\"@type\":\"WebSite\",\"@id\":\"https:\/\/rutana.lt\/#website\",\"url\":\"https:\/\/rutana.lt\/\",\"name\":\"Rutana - Ra\u0161tin\u0117s reikmenys\",\"description\":\"Prekiaujame pasaulin\u0117je rinkoje pripa\u017eintomis, kokybi\u0161komis biuro prek\u0117mis toki\u0173  gamintoj\u0173 kaip: Schneider, Esselte, Novus, 3M, Faber-Castell, Citizen, Milan, Leitz, Colop, Zebra, Staedtler, Durable, Tork, Parker, Waterman ir kt.\",\"publisher\":{\"@id\":\"https:\/\/rutana.lt\/#organization\"},\"potentialAction\":[{\"@type\":\"SearchAction\",\"target\":{\"@type\":\"EntryPoint\",\"urlTemplate\":\"https:\/\/rutana.lt\/?s={search_term_string}\"},\"query-input\":{\"@type\":\"PropertyValueSpecification\",\"valueRequired\":true,\"valueName\":\"search_term_string\"}}],\"inLanguage\":\"en-US\"},{\"@type\":\"Organization\",\"@id\":\"https:\/\/rutana.lt\/#organization\",\"name\":\"Rutana - Ra\u0161tin\u0117s reikmenys\",\"url\":\"https:\/\/rutana.lt\/\",\"logo\":{\"@type\":\"ImageObject\",\"inLanguage\":\"en-US\",\"@id\":\"https:\/\/rutana.lt\/#\/schema\/logo\/image\/\",\"url\":\"https:\/\/rutana.lt\/wp-content\/uploads\/2025\/10\/Asset-32.png\",\"contentUrl\":\"https:\/\/rutana.lt\/wp-content\/uploads\/2025\/10\/Asset-32.png\",\"width\":433,\"height\":119,\"caption\":\"Rutana - Ra\u0161tin\u0117s reikmenys\"},\"image\":{\"@id\":\"https:\/\/rutana.lt\/#\/schema\/logo\/image\/\"},\"sameAs\":[\"https:\/\/www.facebook.com\/RutanaKanceliarinesPrekes\/\"]}]}<\/script>\n<!-- \/ Yoast SEO plugin. -->","yoast_head_json":{"title":"Ra\u0161iklis kapsulinis Easy \"Grey\" pilkas Schneider 508765 - Rutana - Ra\u0161tin\u0117s reikmenys","robots":{"index":"index","follow":"follow","max-snippet":"max-snippet:-1","max-image-preview":"max-image-preview:large","max-video-preview":"max-video-preview:-1"},"canonical":"https:\/\/rutana.lt\/en\/product\/rasiklis-kapsulinis-easy-grey-pilkas-schneider-508765\/","og_locale":"en_US","og_type":"article","og_title":"Ra\u0161iklis kapsulinis Easy \"Grey\" pilkas Schneider 508765 - Rutana - Ra\u0161tin\u0117s reikmenys","og_description":"Modernaus dizaino kapsulinis ra\u0161iklis pagamintas i\u0161 plastiko. Patvarus ner\u016bdijan\u010dio plieno galiukas. Tinkamas naudoti de\u0161iniarankiams ir kairiarankiams. Tinka standartin\u0117s ra\u0161alo kapsul\u0117s. Korpuso spalva: \u0161viesiai m\u0117lyna, dekoruota Galvut\u0117s storis: M Kilm\u0117s \u0161alis: Vokietija","og_url":"https:\/\/rutana.lt\/en\/product\/rasiklis-kapsulinis-easy-grey-pilkas-schneider-508765\/","og_site_name":"Rutana - Ra\u0161tin\u0117s reikmenys","article_publisher":"https:\/\/www.facebook.com\/RutanaKanceliarinesPrekes\/","article_modified_time":"2025-10-13T13:55:41+00:00","og_image":[{"width":1000,"height":1000,"url":"https:\/\/rutana.lt\/wp-content\/uploads\/2025\/09\/C051-280.jpg","type":"image\/jpeg"}],"twitter_card":"summary_large_image","schema":{"@context":"https:\/\/schema.org","@graph":[{"@type":"WebPage","@id":"https:\/\/rutana.lt\/produktas\/rasiklis-kapsulinis-easy-grey-pilkas-schneider-508765\/","url":"https:\/\/rutana.lt\/produktas\/rasiklis-kapsulinis-easy-grey-pilkas-schneider-508765\/","name":"Ra\u0161iklis kapsulinis Easy \"Grey\" pilkas Schneider 508765 - Rutana - Ra\u0161tin\u0117s reikmenys","isPartOf":{"@id":"https:\/\/rutana.lt\/#website"},"primaryImageOfPage":{"@id":"https:\/\/rutana.lt\/produktas\/rasiklis-kapsulinis-easy-grey-pilkas-schneider-508765\/#primaryimage"},"image":{"@id":"https:\/\/rutana.lt\/produktas\/rasiklis-kapsulinis-easy-grey-pilkas-schneider-508765\/#primaryimage"},"thumbnailUrl":"https:\/\/rutana.lt\/wp-content\/uploads\/2025\/09\/C051-280-1.jpg?v=1763564349","datePublished":"2025-09-03T07:56:50+00:00","dateModified":"2025-10-13T13:55:41+00:00","breadcrumb":{"@id":"https:\/\/rutana.lt\/produktas\/rasiklis-kapsulinis-easy-grey-pilkas-schneider-508765\/#breadcrumb"},"inLanguage":"en-US","potentialAction":[{"@type":"ReadAction","target":["https:\/\/rutana.lt\/produktas\/rasiklis-kapsulinis-easy-grey-pilkas-schneider-508765\/"]}]},{"@type":"ImageObject","inLanguage":"en-US","@id":"https:\/\/rutana.lt\/produktas\/rasiklis-kapsulinis-easy-grey-pilkas-schneider-508765\/#primaryimage","url":"https:\/\/rutana.lt\/wp-content\/uploads\/2025\/09\/C051-280-1.jpg?v=1763564349","contentUrl":"https:\/\/rutana.lt\/wp-content\/uploads\/2025\/09\/C051-280-1.jpg?v=1763564349","width":1000,"height":1000},{"@type":"BreadcrumbList","@id":"https:\/\/rutana.lt\/produktas\/rasiklis-kapsulinis-easy-grey-pilkas-schneider-508765\/#breadcrumb","itemListElement":[{"@type":"ListItem","position":1,"name":"Home","item":"https:\/\/rutana.lt\/"},{"@type":"ListItem","position":2,"name":"Parduotuv\u0117","item":"https:\/\/rutana.lt\/parduotuve\/"},{"@type":"ListItem","position":3,"name":"Ra\u0161iklis kapsulinis Easy &#8222;Grey&#8221; pilkas Schneider 508765"}]},{"@type":"WebSite","@id":"https:\/\/rutana.lt\/#website","url":"https:\/\/rutana.lt\/","name":"Rutana - Ra\u0161tin\u0117s reikmenys","description":"Prekiaujame pasaulin\u0117je rinkoje pripa\u017eintomis, kokybi\u0161komis biuro prek\u0117mis toki\u0173  gamintoj\u0173 kaip: Schneider, Esselte, Novus, 3M, Faber-Castell, Citizen, Milan, Leitz, Colop, Zebra, Staedtler, Durable, Tork, Parker, Waterman ir kt.","publisher":{"@id":"https:\/\/rutana.lt\/#organization"},"potentialAction":[{"@type":"SearchAction","target":{"@type":"EntryPoint","urlTemplate":"https:\/\/rutana.lt\/?s={search_term_string}"},"query-input":{"@type":"PropertyValueSpecification","valueRequired":true,"valueName":"search_term_string"}}],"inLanguage":"en-US"},{"@type":"Organization","@id":"https:\/\/rutana.lt\/#organization","name":"Rutana - Ra\u0161tin\u0117s reikmenys","url":"https:\/\/rutana.lt\/","logo":{"@type":"ImageObject","inLanguage":"en-US","@id":"https:\/\/rutana.lt\/#\/schema\/logo\/image\/","url":"https:\/\/rutana.lt\/wp-content\/uploads\/2025\/10\/Asset-32.png","contentUrl":"https:\/\/rutana.lt\/wp-content\/uploads\/2025\/10\/Asset-32.png","width":433,"height":119,"caption":"Rutana - Ra\u0161tin\u0117s reikmenys"},"image":{"@id":"https:\/\/rutana.lt\/#\/schema\/logo\/image\/"},"sameAs":["https:\/\/www.facebook.com\/RutanaKanceliarinesPrekes\/"]}]}},"_links":{"self":[{"href":"https:\/\/rutana.lt\/en\/wp-json\/wp\/v2\/product\/18106","targetHints":{"allow":["GET"]}}],"collection":[{"href":"https:\/\/rutana.lt\/en\/wp-json\/wp\/v2\/product"}],"about":[{"href":"https:\/\/rutana.lt\/en\/wp-json\/wp\/v2\/types\/product"}],"replies":[{"embeddable":true,"href":"https:\/\/rutana.lt\/en\/wp-json\/wp\/v2\/comments?post=18106"}],"version-history":[{"count":1,"href":"https:\/\/rutana.lt\/en\/wp-json\/wp\/v2\/product\/18106\/revisions"}],"predecessor-version":[{"id":18142,"href":"https:\/\/rutana.lt\/en\/wp-json\/wp\/v2\/product\/18106\/revisions\/18142"}],"wp:featuredmedia":[{"embeddable":true,"href":"https:\/\/rutana.lt\/en\/wp-json\/wp\/v2\/media\/29624"}],"wp:attachment":[{"href":"https:\/\/rutana.lt\/en\/wp-json\/wp\/v2\/media?parent=18106"}],"wp:term":[{"taxonomy":"product_brand","embeddable":true,"href":"https:\/\/rutana.lt\/en\/wp-json\/wp\/v2\/product_brand?post=18106"},{"taxonomy":"product_cat","embeddable":true,"href":"https:\/\/rutana.lt\/en\/wp-json\/wp\/v2\/product_cat?post=18106"},{"taxonomy":"product_tag","embeddable":true,"href":"https:\/\/rutana.lt\/en\/wp-json\/wp\/v2\/product_tag?post=18106"}],"curies":[{"name":"wp","href":"https:\/\/api.w.org\/{rel}","templated":true}]}}