{"id":18008,"date":"2025-09-03T09:56:06","date_gmt":"2025-09-03T07:56:06","guid":{"rendered":"https:\/\/rutana.webdemo.lt\/?post_type=product&#038;p=18008"},"modified":"2025-10-13T15:55:29","modified_gmt":"2025-10-13T13:55:29","slug":"maiselis-popierinis-190x80x210mm-rudas-002019","status":"publish","type":"product","link":"https:\/\/rutana.lt\/en\/product\/maiselis-popierinis-190x80x210mm-rudas-002019\/","title":{"rendered":"Mai\u0161elis popierinis 190x80x210mm rudas 002019"},"content":{"rendered":"<p>Popieriniai mai\u0161eliai i\u0161 kraft popieriaus puikiai tiks bet kokiai progai: smulkmenoms ar ma\u017eoms dovan\u0117l\u0117ms, rankdarbiams, u\u017ekand\u017eiams, sausainiams supakuoti ir kt.  Ploni, bet tvirti popieriniai mai\u0161eliai, su klost\u0117mis i\u0161 \u0161on\u0173, kad viduje b\u016bt\u0173 daugiau vietos. Rudo, nebalinto kraft popieriaus, daugkartinio naudojimo, perdirbami ir kompostuojami popieriniai mai\u0161eliai.<\/p>\n<p>Spalva: ruda<\/p>\n<p>Mai\u0161elio matmenys: 190 x 80 x 210 mm<\/p>\n<p>Produkto sertifikavimas: ISO9001:2015, ISO14001:2015, ISO50001:2018<\/p>\n<p>Mai\u0161elio storis: 80 g \/ m <span style=\"vertical-align: super;\">2<\/span><\/p>\n<p>Kilm\u0117s \u0161alis: Europa<\/p>","protected":false},"excerpt":{"rendered":"<p>Popieriniai mai\u0161eliai i\u0161 kraft popieriaus puikiai tiks bet kokiai progai: smulkmenoms ar ma\u017eoms dovan\u0117l\u0117ms, rankdarbiams, u\u017ekand\u017eiams, sausainiams supakuoti ir kt. Ploni, bet tvirti popieriniai mai\u0161eliai, su klost\u0117mis i\u0161 \u0161on\u0173, kad viduje b\u016bt\u0173 daugiau vietos. Rudo, nebalinto kraft popieriaus, daugkartinio naudojimo, perdirbami ir kompostuojami popieriniai mai\u0161eliai. Spalva: ruda Mai\u0161elio matmenys: 190 x 80 x 210 mm [&hellip;]<\/p>","protected":false},"featured_media":29598,"comment_status":"open","ping_status":"closed","template":"","meta":{"_season_start":"","_season_end":"","_season_days":"","_season_months":"","_season_auto_visibility":""},"product_brand":[83],"product_cat":[1723],"product_tag":[],"class_list":{"0":"post-18008","1":"product","2":"type-product","3":"status-publish","4":"has-post-thumbnail","6":"product_brand-null","7":"product_cat-dovanu-maiseliai","9":"first","10":"instock","11":"taxable","12":"shipping-taxable","13":"purchasable","14":"product-type-simple"},"yoast_head":"<!-- This site is optimized with the Yoast SEO plugin v27.4 - https:\/\/yoast.com\/product\/yoast-seo-wordpress\/ -->\n<title>Mai\u0161elis popierinis 190x80x210mm rudas 002019 - Rutana - Ra\u0161tin\u0117s reikmenys<\/title>\n<meta name=\"robots\" content=\"index, follow, max-snippet:-1, max-image-preview:large, max-video-preview:-1\" \/>\n<link rel=\"canonical\" href=\"https:\/\/rutana.lt\/en\/product\/maiselis-popierinis-190x80x210mm-rudas-002019\/\" \/>\n<meta property=\"og:locale\" content=\"en_US\" \/>\n<meta property=\"og:type\" content=\"article\" \/>\n<meta property=\"og:title\" content=\"Mai\u0161elis popierinis 190x80x210mm rudas 002019 - Rutana - Ra\u0161tin\u0117s reikmenys\" \/>\n<meta property=\"og:description\" content=\"Popieriniai mai\u0161eliai i\u0161 kraft popieriaus puikiai tiks bet kokiai progai: smulkmenoms ar ma\u017eoms dovan\u0117l\u0117ms, rankdarbiams, u\u017ekand\u017eiams, sausainiams supakuoti ir kt. Ploni, bet tvirti popieriniai mai\u0161eliai, su klost\u0117mis i\u0161 \u0161on\u0173, kad viduje b\u016bt\u0173 daugiau vietos. Rudo, nebalinto kraft popieriaus, daugkartinio naudojimo, perdirbami ir kompostuojami popieriniai mai\u0161eliai. Spalva: ruda Mai\u0161elio matmenys: 190 x 80 x 210 mm [&hellip;]\" \/>\n<meta property=\"og:url\" content=\"https:\/\/rutana.lt\/en\/product\/maiselis-popierinis-190x80x210mm-rudas-002019\/\" \/>\n<meta property=\"og:site_name\" content=\"Rutana - Ra\u0161tin\u0117s reikmenys\" \/>\n<meta property=\"article:publisher\" content=\"https:\/\/www.facebook.com\/RutanaKanceliarinesPrekes\/\" \/>\n<meta property=\"article:modified_time\" content=\"2025-10-13T13:55:29+00:00\" \/>\n<meta property=\"og:image\" content=\"https:\/\/rutana.lt\/wp-content\/uploads\/2025\/09\/A091-009.jpg\" \/>\n\t<meta property=\"og:image:width\" content=\"1000\" \/>\n\t<meta property=\"og:image:height\" content=\"1000\" \/>\n\t<meta property=\"og:image:type\" content=\"image\/jpeg\" \/>\n<meta name=\"twitter:card\" content=\"summary_large_image\" \/>\n<script type=\"application\/ld+json\" class=\"yoast-schema-graph\">{\"@context\":\"https:\\\/\\\/schema.org\",\"@graph\":[{\"@type\":\"WebPage\",\"@id\":\"https:\\\/\\\/rutana.lt\\\/produktas\\\/maiselis-popierinis-190x80x210mm-rudas-002019\\\/\",\"url\":\"https:\\\/\\\/rutana.lt\\\/produktas\\\/maiselis-popierinis-190x80x210mm-rudas-002019\\\/\",\"name\":\"Mai\u0161elis popierinis 190x80x210mm rudas 002019 - Rutana - Ra\u0161tin\u0117s reikmenys\",\"isPartOf\":{\"@id\":\"https:\\\/\\\/rutana.lt\\\/#website\"},\"primaryImageOfPage\":{\"@id\":\"https:\\\/\\\/rutana.lt\\\/produktas\\\/maiselis-popierinis-190x80x210mm-rudas-002019\\\/#primaryimage\"},\"image\":{\"@id\":\"https:\\\/\\\/rutana.lt\\\/produktas\\\/maiselis-popierinis-190x80x210mm-rudas-002019\\\/#primaryimage\"},\"thumbnailUrl\":\"https:\\\/\\\/rutana.lt\\\/wp-content\\\/uploads\\\/2025\\\/09\\\/A091-009-1.jpg?v=1763564394\",\"datePublished\":\"2025-09-03T07:56:06+00:00\",\"dateModified\":\"2025-10-13T13:55:29+00:00\",\"breadcrumb\":{\"@id\":\"https:\\\/\\\/rutana.lt\\\/produktas\\\/maiselis-popierinis-190x80x210mm-rudas-002019\\\/#breadcrumb\"},\"inLanguage\":\"en-US\",\"potentialAction\":[{\"@type\":\"ReadAction\",\"target\":[\"https:\\\/\\\/rutana.lt\\\/produktas\\\/maiselis-popierinis-190x80x210mm-rudas-002019\\\/\"]}]},{\"@type\":\"ImageObject\",\"inLanguage\":\"en-US\",\"@id\":\"https:\\\/\\\/rutana.lt\\\/produktas\\\/maiselis-popierinis-190x80x210mm-rudas-002019\\\/#primaryimage\",\"url\":\"https:\\\/\\\/rutana.lt\\\/wp-content\\\/uploads\\\/2025\\\/09\\\/A091-009-1.jpg?v=1763564394\",\"contentUrl\":\"https:\\\/\\\/rutana.lt\\\/wp-content\\\/uploads\\\/2025\\\/09\\\/A091-009-1.jpg?v=1763564394\",\"width\":1000,\"height\":1000},{\"@type\":\"BreadcrumbList\",\"@id\":\"https:\\\/\\\/rutana.lt\\\/produktas\\\/maiselis-popierinis-190x80x210mm-rudas-002019\\\/#breadcrumb\",\"itemListElement\":[{\"@type\":\"ListItem\",\"position\":1,\"name\":\"Home\",\"item\":\"https:\\\/\\\/rutana.lt\\\/\"},{\"@type\":\"ListItem\",\"position\":2,\"name\":\"Parduotuv\u0117\",\"item\":\"https:\\\/\\\/rutana.lt\\\/parduotuve\\\/\"},{\"@type\":\"ListItem\",\"position\":3,\"name\":\"Mai\u0161elis popierinis 190x80x210mm rudas 002019\"}]},{\"@type\":\"WebSite\",\"@id\":\"https:\\\/\\\/rutana.lt\\\/#website\",\"url\":\"https:\\\/\\\/rutana.lt\\\/\",\"name\":\"Rutana - Ra\u0161tin\u0117s reikmenys\",\"description\":\"Prekiaujame pasaulin\u0117je rinkoje pripa\u017eintomis, kokybi\u0161komis biuro prek\u0117mis toki\u0173  gamintoj\u0173 kaip: Schneider, Esselte, Novus, 3M, Faber-Castell, Citizen, Milan, Leitz, Colop, Zebra, Staedtler, Durable, Tork, Parker, Waterman ir kt.\",\"publisher\":{\"@id\":\"https:\\\/\\\/rutana.lt\\\/#organization\"},\"potentialAction\":[{\"@type\":\"SearchAction\",\"target\":{\"@type\":\"EntryPoint\",\"urlTemplate\":\"https:\\\/\\\/rutana.lt\\\/?s={search_term_string}\"},\"query-input\":{\"@type\":\"PropertyValueSpecification\",\"valueRequired\":true,\"valueName\":\"search_term_string\"}}],\"inLanguage\":\"en-US\"},{\"@type\":\"Organization\",\"@id\":\"https:\\\/\\\/rutana.lt\\\/#organization\",\"name\":\"Rutana - Ra\u0161tin\u0117s reikmenys\",\"url\":\"https:\\\/\\\/rutana.lt\\\/\",\"logo\":{\"@type\":\"ImageObject\",\"inLanguage\":\"en-US\",\"@id\":\"https:\\\/\\\/rutana.lt\\\/#\\\/schema\\\/logo\\\/image\\\/\",\"url\":\"https:\\\/\\\/rutana.lt\\\/wp-content\\\/uploads\\\/2025\\\/10\\\/Asset-32.png\",\"contentUrl\":\"https:\\\/\\\/rutana.lt\\\/wp-content\\\/uploads\\\/2025\\\/10\\\/Asset-32.png\",\"width\":433,\"height\":119,\"caption\":\"Rutana - Ra\u0161tin\u0117s reikmenys\"},\"image\":{\"@id\":\"https:\\\/\\\/rutana.lt\\\/#\\\/schema\\\/logo\\\/image\\\/\"},\"sameAs\":[\"https:\\\/\\\/www.facebook.com\\\/RutanaKanceliarinesPrekes\\\/\"]}]}<\/script>\n<!-- \/ Yoast SEO plugin. -->","yoast_head_json":{"title":"Mai\u0161elis popierinis 190x80x210mm rudas 002019 - Rutana - Ra\u0161tin\u0117s reikmenys","robots":{"index":"index","follow":"follow","max-snippet":"max-snippet:-1","max-image-preview":"max-image-preview:large","max-video-preview":"max-video-preview:-1"},"canonical":"https:\/\/rutana.lt\/en\/product\/maiselis-popierinis-190x80x210mm-rudas-002019\/","og_locale":"en_US","og_type":"article","og_title":"Mai\u0161elis popierinis 190x80x210mm rudas 002019 - Rutana - Ra\u0161tin\u0117s reikmenys","og_description":"Popieriniai mai\u0161eliai i\u0161 kraft popieriaus puikiai tiks bet kokiai progai: smulkmenoms ar ma\u017eoms dovan\u0117l\u0117ms, rankdarbiams, u\u017ekand\u017eiams, sausainiams supakuoti ir kt. Ploni, bet tvirti popieriniai mai\u0161eliai, su klost\u0117mis i\u0161 \u0161on\u0173, kad viduje b\u016bt\u0173 daugiau vietos. Rudo, nebalinto kraft popieriaus, daugkartinio naudojimo, perdirbami ir kompostuojami popieriniai mai\u0161eliai. Spalva: ruda Mai\u0161elio matmenys: 190 x 80 x 210 mm [&hellip;]","og_url":"https:\/\/rutana.lt\/en\/product\/maiselis-popierinis-190x80x210mm-rudas-002019\/","og_site_name":"Rutana - Ra\u0161tin\u0117s reikmenys","article_publisher":"https:\/\/www.facebook.com\/RutanaKanceliarinesPrekes\/","article_modified_time":"2025-10-13T13:55:29+00:00","og_image":[{"width":1000,"height":1000,"url":"https:\/\/rutana.lt\/wp-content\/uploads\/2025\/09\/A091-009.jpg","type":"image\/jpeg"}],"twitter_card":"summary_large_image","schema":{"@context":"https:\/\/schema.org","@graph":[{"@type":"WebPage","@id":"https:\/\/rutana.lt\/produktas\/maiselis-popierinis-190x80x210mm-rudas-002019\/","url":"https:\/\/rutana.lt\/produktas\/maiselis-popierinis-190x80x210mm-rudas-002019\/","name":"Mai\u0161elis popierinis 190x80x210mm rudas 002019 - Rutana - Ra\u0161tin\u0117s reikmenys","isPartOf":{"@id":"https:\/\/rutana.lt\/#website"},"primaryImageOfPage":{"@id":"https:\/\/rutana.lt\/produktas\/maiselis-popierinis-190x80x210mm-rudas-002019\/#primaryimage"},"image":{"@id":"https:\/\/rutana.lt\/produktas\/maiselis-popierinis-190x80x210mm-rudas-002019\/#primaryimage"},"thumbnailUrl":"https:\/\/rutana.lt\/wp-content\/uploads\/2025\/09\/A091-009-1.jpg?v=1763564394","datePublished":"2025-09-03T07:56:06+00:00","dateModified":"2025-10-13T13:55:29+00:00","breadcrumb":{"@id":"https:\/\/rutana.lt\/produktas\/maiselis-popierinis-190x80x210mm-rudas-002019\/#breadcrumb"},"inLanguage":"en-US","potentialAction":[{"@type":"ReadAction","target":["https:\/\/rutana.lt\/produktas\/maiselis-popierinis-190x80x210mm-rudas-002019\/"]}]},{"@type":"ImageObject","inLanguage":"en-US","@id":"https:\/\/rutana.lt\/produktas\/maiselis-popierinis-190x80x210mm-rudas-002019\/#primaryimage","url":"https:\/\/rutana.lt\/wp-content\/uploads\/2025\/09\/A091-009-1.jpg?v=1763564394","contentUrl":"https:\/\/rutana.lt\/wp-content\/uploads\/2025\/09\/A091-009-1.jpg?v=1763564394","width":1000,"height":1000},{"@type":"BreadcrumbList","@id":"https:\/\/rutana.lt\/produktas\/maiselis-popierinis-190x80x210mm-rudas-002019\/#breadcrumb","itemListElement":[{"@type":"ListItem","position":1,"name":"Home","item":"https:\/\/rutana.lt\/"},{"@type":"ListItem","position":2,"name":"Parduotuv\u0117","item":"https:\/\/rutana.lt\/parduotuve\/"},{"@type":"ListItem","position":3,"name":"Mai\u0161elis popierinis 190x80x210mm rudas 002019"}]},{"@type":"WebSite","@id":"https:\/\/rutana.lt\/#website","url":"https:\/\/rutana.lt\/","name":"Rutana - Ra\u0161tin\u0117s reikmenys","description":"Prekiaujame pasaulin\u0117je rinkoje pripa\u017eintomis, kokybi\u0161komis biuro prek\u0117mis toki\u0173  gamintoj\u0173 kaip: Schneider, Esselte, Novus, 3M, Faber-Castell, Citizen, Milan, Leitz, Colop, Zebra, Staedtler, Durable, Tork, Parker, Waterman ir kt.","publisher":{"@id":"https:\/\/rutana.lt\/#organization"},"potentialAction":[{"@type":"SearchAction","target":{"@type":"EntryPoint","urlTemplate":"https:\/\/rutana.lt\/?s={search_term_string}"},"query-input":{"@type":"PropertyValueSpecification","valueRequired":true,"valueName":"search_term_string"}}],"inLanguage":"en-US"},{"@type":"Organization","@id":"https:\/\/rutana.lt\/#organization","name":"Rutana - Ra\u0161tin\u0117s reikmenys","url":"https:\/\/rutana.lt\/","logo":{"@type":"ImageObject","inLanguage":"en-US","@id":"https:\/\/rutana.lt\/#\/schema\/logo\/image\/","url":"https:\/\/rutana.lt\/wp-content\/uploads\/2025\/10\/Asset-32.png","contentUrl":"https:\/\/rutana.lt\/wp-content\/uploads\/2025\/10\/Asset-32.png","width":433,"height":119,"caption":"Rutana - Ra\u0161tin\u0117s reikmenys"},"image":{"@id":"https:\/\/rutana.lt\/#\/schema\/logo\/image\/"},"sameAs":["https:\/\/www.facebook.com\/RutanaKanceliarinesPrekes\/"]}]}},"_links":{"self":[{"href":"https:\/\/rutana.lt\/en\/wp-json\/wp\/v2\/product\/18008","targetHints":{"allow":["GET"]}}],"collection":[{"href":"https:\/\/rutana.lt\/en\/wp-json\/wp\/v2\/product"}],"about":[{"href":"https:\/\/rutana.lt\/en\/wp-json\/wp\/v2\/types\/product"}],"replies":[{"embeddable":true,"href":"https:\/\/rutana.lt\/en\/wp-json\/wp\/v2\/comments?post=18008"}],"version-history":[{"count":1,"href":"https:\/\/rutana.lt\/en\/wp-json\/wp\/v2\/product\/18008\/revisions"}],"predecessor-version":[{"id":18070,"href":"https:\/\/rutana.lt\/en\/wp-json\/wp\/v2\/product\/18008\/revisions\/18070"}],"wp:featuredmedia":[{"embeddable":true,"href":"https:\/\/rutana.lt\/en\/wp-json\/wp\/v2\/media\/29598"}],"wp:attachment":[{"href":"https:\/\/rutana.lt\/en\/wp-json\/wp\/v2\/media?parent=18008"}],"wp:term":[{"taxonomy":"product_brand","embeddable":true,"href":"https:\/\/rutana.lt\/en\/wp-json\/wp\/v2\/product_brand?post=18008"},{"taxonomy":"product_cat","embeddable":true,"href":"https:\/\/rutana.lt\/en\/wp-json\/wp\/v2\/product_cat?post=18008"},{"taxonomy":"product_tag","embeddable":true,"href":"https:\/\/rutana.lt\/en\/wp-json\/wp\/v2\/product_tag?post=18008"}],"curies":[{"name":"wp","href":"https:\/\/api.w.org\/{rel}","templated":true}]}}