{"id":17888,"date":"2025-09-03T09:55:20","date_gmt":"2025-09-03T07:55:20","guid":{"rendered":"https:\/\/rutana.webdemo.lt\/?post_type=product&#038;p=17888"},"modified":"2026-05-13T00:07:21","modified_gmt":"2026-05-12T22:07:21","slug":"mikropluosto-sluoste-pavirsiams-orange-xxl-50x60-cm","status":"publish","type":"product","link":"https:\/\/rutana.lt\/en\/product\/mikropluosto-sluoste-pavirsiams-orange-xxl-50x60-cm\/","title":{"rendered":"Mikropluo\u0161to \u0161luost\u0117 pavir\u0161iams Orange XXL 50&#215;60 cm"},"content":{"rendered":"<p style=\"margin-bottom: 1rem;\">XXL dyd\u017eio mikrofibros ORANGE \u0161luost\u0117 &#8211; tai dar daugiau galimybi\u0173 bei maksimaliai didelis ne\u0161varum\u0173 sug\u0117rimas! Skirta valymui, sausinimui, poliravimui. Akimirksniu sugeria skys\u010dius, purv\u0105, valo dulkes bei pana\u0161ius ne\u0161varumus. Universali &#8211; galima valyti ir namus, ofis\u0105 ar automobil\u012f. Tinka pavir\u0161i\u0173, grind\u0173, vonios ir virtuv\u0117s pavir\u0161i\u0173, plyteli\u0173, stikl\u0173, veidrod\u017ei\u0173, plieno, metalo, nat\u016bralaus ar sintetinio pluo\u0161to dang\u0173 valymui. XXL dyd\u017eio bei PREMIUM tekst\u016bros, tod\u0117l ypatingai rekomenduojamos tose vietose, kur yra dideli ne\u0161varumai: virtuv\u0117s pavir\u0161iai, grindys bei automobilio k\u0117bulas. Tinka valymui be chemini\u0173 valikli\u0173, tod\u0117l sutaupysite pinig\u0173 &#8211; pakanka \u0161luost\u0119 sudr\u0117kinti vandeniu ( galima naudoti ir saus\u0105 ). Tinka alergi\u0161kiems \u017emon\u0117ms, nes sud\u0117tyje n\u0117ra chemini\u0173 med\u017eiag\u0173. Ilgalaik\u0117 &#8211; panaudojus, pakanka j\u0105 tik i\u0161plauti.<\/p>\n<p>Dydis: 50 x 60 cm<\/p>\n<p>Spalva: oran\u017ein\u0117<\/p>\n<p style=\"margin-bottom: 1rem;\">Sud\u0117tis: 80% poliesteris, 20% poliamidas \/ 100% mikrofibra<\/p>\n<p style=\"margin-bottom: 1rem;\">Kilm\u0117s \u0161alis: Ispanija<\/p>","protected":false},"excerpt":{"rendered":"<p>XXL dyd\u017eio mikrofibros ORANGE \u0161luost\u0117 &#8211; tai dar daugiau galimybi\u0173 bei maksimaliai didelis ne\u0161varum\u0173 sug\u0117rimas!<\/p>","protected":false},"featured_media":29552,"comment_status":"open","ping_status":"closed","template":"","meta":{"_season_start":"","_season_end":"","_season_days":"","_season_months":"","_season_auto_visibility":"1"},"product_brand":[83],"product_cat":[1688,1687],"product_tag":[],"class_list":{"0":"post-17888","1":"product","2":"type-product","3":"status-publish","4":"has-post-thumbnail","6":"product_brand-null","7":"product_cat-kempines","8":"product_cat-sluostes","10":"first","11":"instock","12":"taxable","13":"shipping-taxable","14":"purchasable","15":"product-type-simple"},"yoast_head":"<!-- This site is optimized with the Yoast SEO plugin v27.4 - https:\/\/yoast.com\/product\/yoast-seo-wordpress\/ -->\n<title>Mikropluo\u0161to \u0161luost\u0117 pavir\u0161iams Orange XXL 50x60 cm - Rutana - Ra\u0161tin\u0117s reikmenys<\/title>\n<meta name=\"robots\" content=\"index, follow, max-snippet:-1, max-image-preview:large, max-video-preview:-1\" \/>\n<link rel=\"canonical\" href=\"https:\/\/rutana.lt\/en\/product\/mikropluosto-sluoste-pavirsiams-orange-xxl-50x60-cm\/\" \/>\n<meta property=\"og:locale\" content=\"en_US\" \/>\n<meta property=\"og:type\" content=\"article\" \/>\n<meta property=\"og:title\" content=\"Mikropluo\u0161to \u0161luost\u0117 pavir\u0161iams Orange XXL 50x60 cm - Rutana - Ra\u0161tin\u0117s reikmenys\" \/>\n<meta property=\"og:description\" content=\"XXL dyd\u017eio mikrofibros ORANGE \u0161luost\u0117 - tai dar daugiau galimybi\u0173 bei maksimaliai didelis ne\u0161varum\u0173 sug\u0117rimas!\" \/>\n<meta property=\"og:url\" content=\"https:\/\/rutana.lt\/en\/product\/mikropluosto-sluoste-pavirsiams-orange-xxl-50x60-cm\/\" \/>\n<meta property=\"og:site_name\" content=\"Rutana - Ra\u0161tin\u0117s reikmenys\" \/>\n<meta property=\"article:publisher\" content=\"https:\/\/www.facebook.com\/RutanaKanceliarinesPrekes\/\" \/>\n<meta property=\"article:modified_time\" content=\"2026-05-12T22:07:21+00:00\" \/>\n<meta property=\"og:image\" content=\"https:\/\/rutana.lt\/wp-content\/uploads\/2025\/09\/B194-064-2.jpg?v=1763564483\" \/>\n\t<meta property=\"og:image:width\" content=\"600\" \/>\n\t<meta property=\"og:image:height\" content=\"600\" \/>\n\t<meta property=\"og:image:type\" content=\"image\/jpeg\" \/>\n<meta name=\"twitter:card\" content=\"summary_large_image\" \/>\n<meta name=\"twitter:label1\" content=\"Est. reading time\" \/>\n\t<meta name=\"twitter:data1\" content=\"1 minute\" \/>\n<script type=\"application\/ld+json\" class=\"yoast-schema-graph\">{\"@context\":\"https:\\\/\\\/schema.org\",\"@graph\":[{\"@type\":\"WebPage\",\"@id\":\"https:\\\/\\\/rutana.lt\\\/produktas\\\/mikropluosto-sluoste-pavirsiams-orange-xxl-50x60-cm\\\/\",\"url\":\"https:\\\/\\\/rutana.lt\\\/produktas\\\/mikropluosto-sluoste-pavirsiams-orange-xxl-50x60-cm\\\/\",\"name\":\"Mikropluo\u0161to \u0161luost\u0117 pavir\u0161iams Orange XXL 50x60 cm - Rutana - Ra\u0161tin\u0117s reikmenys\",\"isPartOf\":{\"@id\":\"https:\\\/\\\/rutana.lt\\\/#website\"},\"primaryImageOfPage\":{\"@id\":\"https:\\\/\\\/rutana.lt\\\/produktas\\\/mikropluosto-sluoste-pavirsiams-orange-xxl-50x60-cm\\\/#primaryimage\"},\"image\":{\"@id\":\"https:\\\/\\\/rutana.lt\\\/produktas\\\/mikropluosto-sluoste-pavirsiams-orange-xxl-50x60-cm\\\/#primaryimage\"},\"thumbnailUrl\":\"https:\\\/\\\/rutana.lt\\\/wp-content\\\/uploads\\\/2025\\\/09\\\/B194-064-2.jpg?v=1763564483\",\"datePublished\":\"2025-09-03T07:55:20+00:00\",\"dateModified\":\"2026-05-12T22:07:21+00:00\",\"breadcrumb\":{\"@id\":\"https:\\\/\\\/rutana.lt\\\/produktas\\\/mikropluosto-sluoste-pavirsiams-orange-xxl-50x60-cm\\\/#breadcrumb\"},\"inLanguage\":\"en-US\",\"potentialAction\":[{\"@type\":\"ReadAction\",\"target\":[\"https:\\\/\\\/rutana.lt\\\/produktas\\\/mikropluosto-sluoste-pavirsiams-orange-xxl-50x60-cm\\\/\"]}]},{\"@type\":\"ImageObject\",\"inLanguage\":\"en-US\",\"@id\":\"https:\\\/\\\/rutana.lt\\\/produktas\\\/mikropluosto-sluoste-pavirsiams-orange-xxl-50x60-cm\\\/#primaryimage\",\"url\":\"https:\\\/\\\/rutana.lt\\\/wp-content\\\/uploads\\\/2025\\\/09\\\/B194-064-2.jpg?v=1763564483\",\"contentUrl\":\"https:\\\/\\\/rutana.lt\\\/wp-content\\\/uploads\\\/2025\\\/09\\\/B194-064-2.jpg?v=1763564483\",\"width\":600,\"height\":600},{\"@type\":\"BreadcrumbList\",\"@id\":\"https:\\\/\\\/rutana.lt\\\/produktas\\\/mikropluosto-sluoste-pavirsiams-orange-xxl-50x60-cm\\\/#breadcrumb\",\"itemListElement\":[{\"@type\":\"ListItem\",\"position\":1,\"name\":\"Home\",\"item\":\"https:\\\/\\\/rutana.lt\\\/\"},{\"@type\":\"ListItem\",\"position\":2,\"name\":\"Parduotuv\u0117\",\"item\":\"https:\\\/\\\/rutana.lt\\\/parduotuve\\\/\"},{\"@type\":\"ListItem\",\"position\":3,\"name\":\"Mikropluo\u0161to \u0161luost\u0117 pavir\u0161iams Orange XXL 50&#215;60 cm\"}]},{\"@type\":\"WebSite\",\"@id\":\"https:\\\/\\\/rutana.lt\\\/#website\",\"url\":\"https:\\\/\\\/rutana.lt\\\/\",\"name\":\"Rutana - Ra\u0161tin\u0117s reikmenys\",\"description\":\"Prekiaujame pasaulin\u0117je rinkoje pripa\u017eintomis, kokybi\u0161komis biuro prek\u0117mis toki\u0173  gamintoj\u0173 kaip: Schneider, Esselte, Novus, 3M, Faber-Castell, Citizen, Milan, Leitz, Colop, Zebra, Staedtler, Durable, Tork, Parker, Waterman ir kt.\",\"publisher\":{\"@id\":\"https:\\\/\\\/rutana.lt\\\/#organization\"},\"potentialAction\":[{\"@type\":\"SearchAction\",\"target\":{\"@type\":\"EntryPoint\",\"urlTemplate\":\"https:\\\/\\\/rutana.lt\\\/?s={search_term_string}\"},\"query-input\":{\"@type\":\"PropertyValueSpecification\",\"valueRequired\":true,\"valueName\":\"search_term_string\"}}],\"inLanguage\":\"en-US\"},{\"@type\":\"Organization\",\"@id\":\"https:\\\/\\\/rutana.lt\\\/#organization\",\"name\":\"Rutana - Ra\u0161tin\u0117s reikmenys\",\"url\":\"https:\\\/\\\/rutana.lt\\\/\",\"logo\":{\"@type\":\"ImageObject\",\"inLanguage\":\"en-US\",\"@id\":\"https:\\\/\\\/rutana.lt\\\/#\\\/schema\\\/logo\\\/image\\\/\",\"url\":\"https:\\\/\\\/rutana.lt\\\/wp-content\\\/uploads\\\/2025\\\/10\\\/Asset-32.png\",\"contentUrl\":\"https:\\\/\\\/rutana.lt\\\/wp-content\\\/uploads\\\/2025\\\/10\\\/Asset-32.png\",\"width\":433,\"height\":119,\"caption\":\"Rutana - Ra\u0161tin\u0117s reikmenys\"},\"image\":{\"@id\":\"https:\\\/\\\/rutana.lt\\\/#\\\/schema\\\/logo\\\/image\\\/\"},\"sameAs\":[\"https:\\\/\\\/www.facebook.com\\\/RutanaKanceliarinesPrekes\\\/\"]}]}<\/script>\n<!-- \/ Yoast SEO plugin. -->","yoast_head_json":{"title":"Mikropluo\u0161to \u0161luost\u0117 pavir\u0161iams Orange XXL 50x60 cm - Rutana - Ra\u0161tin\u0117s reikmenys","robots":{"index":"index","follow":"follow","max-snippet":"max-snippet:-1","max-image-preview":"max-image-preview:large","max-video-preview":"max-video-preview:-1"},"canonical":"https:\/\/rutana.lt\/en\/product\/mikropluosto-sluoste-pavirsiams-orange-xxl-50x60-cm\/","og_locale":"en_US","og_type":"article","og_title":"Mikropluo\u0161to \u0161luost\u0117 pavir\u0161iams Orange XXL 50x60 cm - Rutana - Ra\u0161tin\u0117s reikmenys","og_description":"XXL dyd\u017eio mikrofibros ORANGE \u0161luost\u0117 - tai dar daugiau galimybi\u0173 bei maksimaliai didelis ne\u0161varum\u0173 sug\u0117rimas!","og_url":"https:\/\/rutana.lt\/en\/product\/mikropluosto-sluoste-pavirsiams-orange-xxl-50x60-cm\/","og_site_name":"Rutana - Ra\u0161tin\u0117s reikmenys","article_publisher":"https:\/\/www.facebook.com\/RutanaKanceliarinesPrekes\/","article_modified_time":"2026-05-12T22:07:21+00:00","og_image":[{"width":600,"height":600,"url":"https:\/\/rutana.lt\/wp-content\/uploads\/2025\/09\/B194-064-2.jpg?v=1763564483","type":"image\/jpeg"}],"twitter_card":"summary_large_image","twitter_misc":{"Est. reading time":"1 minute"},"schema":{"@context":"https:\/\/schema.org","@graph":[{"@type":"WebPage","@id":"https:\/\/rutana.lt\/produktas\/mikropluosto-sluoste-pavirsiams-orange-xxl-50x60-cm\/","url":"https:\/\/rutana.lt\/produktas\/mikropluosto-sluoste-pavirsiams-orange-xxl-50x60-cm\/","name":"Mikropluo\u0161to \u0161luost\u0117 pavir\u0161iams Orange XXL 50x60 cm - Rutana - Ra\u0161tin\u0117s reikmenys","isPartOf":{"@id":"https:\/\/rutana.lt\/#website"},"primaryImageOfPage":{"@id":"https:\/\/rutana.lt\/produktas\/mikropluosto-sluoste-pavirsiams-orange-xxl-50x60-cm\/#primaryimage"},"image":{"@id":"https:\/\/rutana.lt\/produktas\/mikropluosto-sluoste-pavirsiams-orange-xxl-50x60-cm\/#primaryimage"},"thumbnailUrl":"https:\/\/rutana.lt\/wp-content\/uploads\/2025\/09\/B194-064-2.jpg?v=1763564483","datePublished":"2025-09-03T07:55:20+00:00","dateModified":"2026-05-12T22:07:21+00:00","breadcrumb":{"@id":"https:\/\/rutana.lt\/produktas\/mikropluosto-sluoste-pavirsiams-orange-xxl-50x60-cm\/#breadcrumb"},"inLanguage":"en-US","potentialAction":[{"@type":"ReadAction","target":["https:\/\/rutana.lt\/produktas\/mikropluosto-sluoste-pavirsiams-orange-xxl-50x60-cm\/"]}]},{"@type":"ImageObject","inLanguage":"en-US","@id":"https:\/\/rutana.lt\/produktas\/mikropluosto-sluoste-pavirsiams-orange-xxl-50x60-cm\/#primaryimage","url":"https:\/\/rutana.lt\/wp-content\/uploads\/2025\/09\/B194-064-2.jpg?v=1763564483","contentUrl":"https:\/\/rutana.lt\/wp-content\/uploads\/2025\/09\/B194-064-2.jpg?v=1763564483","width":600,"height":600},{"@type":"BreadcrumbList","@id":"https:\/\/rutana.lt\/produktas\/mikropluosto-sluoste-pavirsiams-orange-xxl-50x60-cm\/#breadcrumb","itemListElement":[{"@type":"ListItem","position":1,"name":"Home","item":"https:\/\/rutana.lt\/"},{"@type":"ListItem","position":2,"name":"Parduotuv\u0117","item":"https:\/\/rutana.lt\/parduotuve\/"},{"@type":"ListItem","position":3,"name":"Mikropluo\u0161to \u0161luost\u0117 pavir\u0161iams Orange XXL 50&#215;60 cm"}]},{"@type":"WebSite","@id":"https:\/\/rutana.lt\/#website","url":"https:\/\/rutana.lt\/","name":"Rutana - Ra\u0161tin\u0117s reikmenys","description":"Prekiaujame pasaulin\u0117je rinkoje pripa\u017eintomis, kokybi\u0161komis biuro prek\u0117mis toki\u0173  gamintoj\u0173 kaip: Schneider, Esselte, Novus, 3M, Faber-Castell, Citizen, Milan, Leitz, Colop, Zebra, Staedtler, Durable, Tork, Parker, Waterman ir kt.","publisher":{"@id":"https:\/\/rutana.lt\/#organization"},"potentialAction":[{"@type":"SearchAction","target":{"@type":"EntryPoint","urlTemplate":"https:\/\/rutana.lt\/?s={search_term_string}"},"query-input":{"@type":"PropertyValueSpecification","valueRequired":true,"valueName":"search_term_string"}}],"inLanguage":"en-US"},{"@type":"Organization","@id":"https:\/\/rutana.lt\/#organization","name":"Rutana - Ra\u0161tin\u0117s reikmenys","url":"https:\/\/rutana.lt\/","logo":{"@type":"ImageObject","inLanguage":"en-US","@id":"https:\/\/rutana.lt\/#\/schema\/logo\/image\/","url":"https:\/\/rutana.lt\/wp-content\/uploads\/2025\/10\/Asset-32.png","contentUrl":"https:\/\/rutana.lt\/wp-content\/uploads\/2025\/10\/Asset-32.png","width":433,"height":119,"caption":"Rutana - Ra\u0161tin\u0117s reikmenys"},"image":{"@id":"https:\/\/rutana.lt\/#\/schema\/logo\/image\/"},"sameAs":["https:\/\/www.facebook.com\/RutanaKanceliarinesPrekes\/"]}]}},"_links":{"self":[{"href":"https:\/\/rutana.lt\/en\/wp-json\/wp\/v2\/product\/17888","targetHints":{"allow":["GET"]}}],"collection":[{"href":"https:\/\/rutana.lt\/en\/wp-json\/wp\/v2\/product"}],"about":[{"href":"https:\/\/rutana.lt\/en\/wp-json\/wp\/v2\/types\/product"}],"replies":[{"embeddable":true,"href":"https:\/\/rutana.lt\/en\/wp-json\/wp\/v2\/comments?post=17888"}],"version-history":[{"count":3,"href":"https:\/\/rutana.lt\/en\/wp-json\/wp\/v2\/product\/17888\/revisions"}],"predecessor-version":[{"id":35619,"href":"https:\/\/rutana.lt\/en\/wp-json\/wp\/v2\/product\/17888\/revisions\/35619"}],"wp:featuredmedia":[{"embeddable":true,"href":"https:\/\/rutana.lt\/en\/wp-json\/wp\/v2\/media\/29552"}],"wp:attachment":[{"href":"https:\/\/rutana.lt\/en\/wp-json\/wp\/v2\/media?parent=17888"}],"wp:term":[{"taxonomy":"product_brand","embeddable":true,"href":"https:\/\/rutana.lt\/en\/wp-json\/wp\/v2\/product_brand?post=17888"},{"taxonomy":"product_cat","embeddable":true,"href":"https:\/\/rutana.lt\/en\/wp-json\/wp\/v2\/product_cat?post=17888"},{"taxonomy":"product_tag","embeddable":true,"href":"https:\/\/rutana.lt\/en\/wp-json\/wp\/v2\/product_tag?post=17888"}],"curies":[{"name":"wp","href":"https:\/\/api.w.org\/{rel}","templated":true}]}}