{"id":17887,"date":"2025-09-03T09:55:20","date_gmt":"2025-09-03T07:55:20","guid":{"rendered":"https:\/\/rutana.webdemo.lt\/?post_type=product&#038;p=17887"},"modified":"2025-10-27T17:36:22","modified_gmt":"2025-10-27T15:36:22","slug":"arbata-zalioji-green-classic-20-vnt-ahmad-tea-894","status":"publish","type":"product","link":"https:\/\/rutana.lt\/en\/product\/arbata-zalioji-green-classic-20-vnt-ahmad-tea-894\/","title":{"rendered":"Arbata \u017ealioji &#8222;Green Classic&#8221; 20 vnt. Ahmad Tea 894"},"content":{"rendered":"<p style=\"margin-bottom: 10px;\">\u201eGreen Tea Pure\u201c yra klasikin\u0117 \u017ealiosios arbatos i\u0161rai\u0161ka. Tai kruop\u0161\u010diai surinkt\u0173 kokybi\u0161k\u0173 kini\u0161k\u0173 arbat\u0173 mi\u0161inys, kuriame puikiai subalansuotos valan\u010dios d\u017eiovintos \u017eol\u0117s natos ir raminantis skrudintos arbatos skonis. Atsigerkite gurk\u0161n\u012f ir jauskit\u0117s ram\u016bs bei pakyl\u0117ti tuo pa\u010diu metu. \u0160iam mi\u0161iniui sukurti arbatos meistrai renka puiki\u0105 \u017eali\u0105j\u0105 arbat\u0105 i\u0161 Kinijos Jiangxi, Anhui ir Zhejiang provincij\u0173. \u201eAuksiniu trikampiu\u201c vadinamas regionas gars\u0117ja savo arbat\u0173 kokybe. Arbatos meistrai \u012f mi\u0161in\u012f \u012ftraukia auk\u0161tos kokyb\u0117s \u201eChun Mee\u201c \u2013 tiek sidabrines vir\u0161\u016bn\u0117les, tiek lap\u0173 atplai\u0161as. \u0160i arbata renkama ankstyv\u0105 pavasar\u012f, kai jos skonis b\u016bna \u0161velnesnis ir saldesnis. \u201eChun Mee\u201c i\u0161vertus rei\u0161kia &#8222;brangus antakis&#8221;, o \u0161\u012f pavadinim\u0105 \u012fkv\u0117p\u0117 susirauk\u0161l\u0117jusi d\u017eiovint\u0173 arbatos lapeli\u0173 i\u0161vaizda. Jos skonis \u0161iek tiek rie\u0161utingesnis nei daugelio \u017eali\u0173j\u0173 arbat\u0173, tod\u0117l ji suteikia \u0161iam mi\u0161iniui puik\u0173 suapvalint\u0105 charakter\u012f. U\u017eplikykite pakel\u012f \u201eGreen Tea Pure\u201c kar\u0161tame vandenyje ir steb\u0117kite, kaip ji \u012fgauna gra\u017ei\u0105 aukso geltonumo spalv\u0105, o tada \u012fkv\u0117pkite tyro, energizuojan\u010dio aromato.<\/p>\n<p class=\"MsoNormal\">Kiekis: 20 vnt.<\/p>\n<p class=\"MsoNormal\">Arbatos kiekis pakelyje: 2 g<\/p>\n<p class=\"MsoNormal\">Kilm\u0117s \u0161alis: Kinija<\/p>\n<div id=\"product-details\" class=\"tab-pane fade\" data-product=\"{\">\n<div class=\"product-out-of-stock\" style=\"box-sizing: inherit;\"><\/div>\n<\/div>\n<p class=\"MsoNormal\" style=\"line-height: normal;\">\n<p class=\"MsoNormal\" style=\"line-height: normal;\">","protected":false},"excerpt":{"rendered":"<p>\u201eGreen Tea Pure\u201c yra klasikin\u0117 \u017ealiosios arbatos i\u0161rai\u0161ka. Tai kruop\u0161\u010diai surinkt\u0173 kokybi\u0161k\u0173 kini\u0161k\u0173 arbat\u0173 mi\u0161inys, kuriame puikiai subalansuotos valan\u010dios d\u017eiovintos \u017eol\u0117s natos ir raminantis skrudintos arbatos skonis. Atsigerkite gurk\u0161n\u012f ir jauskit\u0117s ram\u016bs bei pakyl\u0117ti tuo pa\u010diu metu. \u0160iam mi\u0161iniui sukurti arbatos meistrai renka puiki\u0105 \u017eali\u0105j\u0105 arbat\u0105 i\u0161 Kinijos Jiangxi, Anhui ir Zhejiang provincij\u0173. \u201eAuksiniu trikampiu\u201c [&hellip;]<\/p>","protected":false},"featured_media":29551,"comment_status":"open","ping_status":"closed","template":"","meta":{"_season_start":"","_season_end":"","_season_days":"","_season_months":"","_season_auto_visibility":"1"},"product_brand":[696],"product_cat":[1834],"product_tag":[],"class_list":{"0":"post-17887","1":"product","2":"type-product","3":"status-publish","4":"has-post-thumbnail","6":"product_brand-ahmad","7":"product_cat-arbata-pakelyje-arbata","9":"first","10":"instock","11":"taxable","12":"shipping-taxable","13":"purchasable","14":"product-type-simple"},"yoast_head":"<!-- This site is optimized with the Yoast SEO plugin v26.1.1 - https:\/\/yoast.com\/wordpress\/plugins\/seo\/ -->\n<title>Arbata \u017ealioji &quot;Green Classic&quot; 20 vnt. Ahmad Tea 894 - Rutana - Ra\u0161tin\u0117s reikmenys<\/title>\n<meta name=\"robots\" content=\"index, follow, max-snippet:-1, max-image-preview:large, max-video-preview:-1\" \/>\n<link rel=\"canonical\" href=\"https:\/\/rutana.lt\/en\/product\/arbata-zalioji-green-classic-20-vnt-ahmad-tea-894\/\" \/>\n<meta property=\"og:locale\" content=\"en_US\" \/>\n<meta property=\"og:type\" content=\"article\" \/>\n<meta property=\"og:title\" content=\"Arbata \u017ealioji &quot;Green Classic&quot; 20 vnt. Ahmad Tea 894 - Rutana - Ra\u0161tin\u0117s reikmenys\" \/>\n<meta property=\"og:description\" content=\"\u201eGreen Tea Pure\u201c yra klasikin\u0117 \u017ealiosios arbatos i\u0161rai\u0161ka. Tai kruop\u0161\u010diai surinkt\u0173 kokybi\u0161k\u0173 kini\u0161k\u0173 arbat\u0173 mi\u0161inys, kuriame puikiai subalansuotos valan\u010dios d\u017eiovintos \u017eol\u0117s natos ir raminantis skrudintos arbatos skonis. Atsigerkite gurk\u0161n\u012f ir jauskit\u0117s ram\u016bs bei pakyl\u0117ti tuo pa\u010diu metu. \u0160iam mi\u0161iniui sukurti arbatos meistrai renka puiki\u0105 \u017eali\u0105j\u0105 arbat\u0105 i\u0161 Kinijos Jiangxi, Anhui ir Zhejiang provincij\u0173. \u201eAuksiniu trikampiu\u201c [&hellip;]\" \/>\n<meta property=\"og:url\" content=\"https:\/\/rutana.lt\/en\/product\/arbata-zalioji-green-classic-20-vnt-ahmad-tea-894\/\" \/>\n<meta property=\"og:site_name\" content=\"Rutana - Ra\u0161tin\u0117s reikmenys\" \/>\n<meta property=\"article:publisher\" content=\"https:\/\/www.facebook.com\/RutanaKanceliarinesPrekes\/\" \/>\n<meta property=\"article:modified_time\" content=\"2025-10-27T15:36:22+00:00\" \/>\n<meta property=\"og:image\" content=\"https:\/\/rutana.lt\/wp-content\/uploads\/2025\/09\/B091-283-1.jpg\" \/>\n\t<meta property=\"og:image:width\" content=\"1000\" \/>\n\t<meta property=\"og:image:height\" content=\"1000\" \/>\n\t<meta property=\"og:image:type\" content=\"image\/jpeg\" \/>\n<meta name=\"twitter:card\" content=\"summary_large_image\" \/>\n<meta name=\"twitter:label1\" content=\"Est. reading time\" \/>\n\t<meta name=\"twitter:data1\" content=\"2 minutes\" \/>\n<script type=\"application\/ld+json\" class=\"yoast-schema-graph\">{\"@context\":\"https:\/\/schema.org\",\"@graph\":[{\"@type\":\"WebPage\",\"@id\":\"https:\/\/rutana.lt\/produktas\/arbata-zalioji-green-classic-20-vnt-ahmad-tea-894\/\",\"url\":\"https:\/\/rutana.lt\/produktas\/arbata-zalioji-green-classic-20-vnt-ahmad-tea-894\/\",\"name\":\"Arbata \u017ealioji \\\"Green Classic\\\" 20 vnt. Ahmad Tea 894 - Rutana - Ra\u0161tin\u0117s reikmenys\",\"isPartOf\":{\"@id\":\"https:\/\/rutana.lt\/#website\"},\"primaryImageOfPage\":{\"@id\":\"https:\/\/rutana.lt\/produktas\/arbata-zalioji-green-classic-20-vnt-ahmad-tea-894\/#primaryimage\"},\"image\":{\"@id\":\"https:\/\/rutana.lt\/produktas\/arbata-zalioji-green-classic-20-vnt-ahmad-tea-894\/#primaryimage\"},\"thumbnailUrl\":\"https:\/\/rutana.lt\/wp-content\/uploads\/2025\/09\/B091-283-1.jpg?v=1763564482\",\"datePublished\":\"2025-09-03T07:55:20+00:00\",\"dateModified\":\"2025-10-27T15:36:22+00:00\",\"breadcrumb\":{\"@id\":\"https:\/\/rutana.lt\/produktas\/arbata-zalioji-green-classic-20-vnt-ahmad-tea-894\/#breadcrumb\"},\"inLanguage\":\"en-US\",\"potentialAction\":[{\"@type\":\"ReadAction\",\"target\":[\"https:\/\/rutana.lt\/produktas\/arbata-zalioji-green-classic-20-vnt-ahmad-tea-894\/\"]}]},{\"@type\":\"ImageObject\",\"inLanguage\":\"en-US\",\"@id\":\"https:\/\/rutana.lt\/produktas\/arbata-zalioji-green-classic-20-vnt-ahmad-tea-894\/#primaryimage\",\"url\":\"https:\/\/rutana.lt\/wp-content\/uploads\/2025\/09\/B091-283-1.jpg?v=1763564482\",\"contentUrl\":\"https:\/\/rutana.lt\/wp-content\/uploads\/2025\/09\/B091-283-1.jpg?v=1763564482\",\"width\":1000,\"height\":1000},{\"@type\":\"BreadcrumbList\",\"@id\":\"https:\/\/rutana.lt\/produktas\/arbata-zalioji-green-classic-20-vnt-ahmad-tea-894\/#breadcrumb\",\"itemListElement\":[{\"@type\":\"ListItem\",\"position\":1,\"name\":\"Home\",\"item\":\"https:\/\/rutana.lt\/\"},{\"@type\":\"ListItem\",\"position\":2,\"name\":\"Parduotuv\u0117\",\"item\":\"https:\/\/rutana.lt\/parduotuve\/\"},{\"@type\":\"ListItem\",\"position\":3,\"name\":\"Arbata \u017ealioji &#8222;Green Classic&#8221; 20 vnt. Ahmad Tea 894\"}]},{\"@type\":\"WebSite\",\"@id\":\"https:\/\/rutana.lt\/#website\",\"url\":\"https:\/\/rutana.lt\/\",\"name\":\"Rutana - Ra\u0161tin\u0117s reikmenys\",\"description\":\"Prekiaujame pasaulin\u0117je rinkoje pripa\u017eintomis, kokybi\u0161komis biuro prek\u0117mis toki\u0173  gamintoj\u0173 kaip: Schneider, Esselte, Novus, 3M, Faber-Castell, Citizen, Milan, Leitz, Colop, Zebra, Staedtler, Durable, Tork, Parker, Waterman ir kt.\",\"publisher\":{\"@id\":\"https:\/\/rutana.lt\/#organization\"},\"potentialAction\":[{\"@type\":\"SearchAction\",\"target\":{\"@type\":\"EntryPoint\",\"urlTemplate\":\"https:\/\/rutana.lt\/?s={search_term_string}\"},\"query-input\":{\"@type\":\"PropertyValueSpecification\",\"valueRequired\":true,\"valueName\":\"search_term_string\"}}],\"inLanguage\":\"en-US\"},{\"@type\":\"Organization\",\"@id\":\"https:\/\/rutana.lt\/#organization\",\"name\":\"Rutana - Ra\u0161tin\u0117s reikmenys\",\"url\":\"https:\/\/rutana.lt\/\",\"logo\":{\"@type\":\"ImageObject\",\"inLanguage\":\"en-US\",\"@id\":\"https:\/\/rutana.lt\/#\/schema\/logo\/image\/\",\"url\":\"https:\/\/rutana.lt\/wp-content\/uploads\/2025\/10\/Asset-32.png\",\"contentUrl\":\"https:\/\/rutana.lt\/wp-content\/uploads\/2025\/10\/Asset-32.png\",\"width\":433,\"height\":119,\"caption\":\"Rutana - Ra\u0161tin\u0117s reikmenys\"},\"image\":{\"@id\":\"https:\/\/rutana.lt\/#\/schema\/logo\/image\/\"},\"sameAs\":[\"https:\/\/www.facebook.com\/RutanaKanceliarinesPrekes\/\"]}]}<\/script>\n<!-- \/ Yoast SEO plugin. -->","yoast_head_json":{"title":"Arbata \u017ealioji \"Green Classic\" 20 vnt. Ahmad Tea 894 - Rutana - Ra\u0161tin\u0117s reikmenys","robots":{"index":"index","follow":"follow","max-snippet":"max-snippet:-1","max-image-preview":"max-image-preview:large","max-video-preview":"max-video-preview:-1"},"canonical":"https:\/\/rutana.lt\/en\/product\/arbata-zalioji-green-classic-20-vnt-ahmad-tea-894\/","og_locale":"en_US","og_type":"article","og_title":"Arbata \u017ealioji \"Green Classic\" 20 vnt. Ahmad Tea 894 - Rutana - Ra\u0161tin\u0117s reikmenys","og_description":"\u201eGreen Tea Pure\u201c yra klasikin\u0117 \u017ealiosios arbatos i\u0161rai\u0161ka. Tai kruop\u0161\u010diai surinkt\u0173 kokybi\u0161k\u0173 kini\u0161k\u0173 arbat\u0173 mi\u0161inys, kuriame puikiai subalansuotos valan\u010dios d\u017eiovintos \u017eol\u0117s natos ir raminantis skrudintos arbatos skonis. Atsigerkite gurk\u0161n\u012f ir jauskit\u0117s ram\u016bs bei pakyl\u0117ti tuo pa\u010diu metu. \u0160iam mi\u0161iniui sukurti arbatos meistrai renka puiki\u0105 \u017eali\u0105j\u0105 arbat\u0105 i\u0161 Kinijos Jiangxi, Anhui ir Zhejiang provincij\u0173. \u201eAuksiniu trikampiu\u201c [&hellip;]","og_url":"https:\/\/rutana.lt\/en\/product\/arbata-zalioji-green-classic-20-vnt-ahmad-tea-894\/","og_site_name":"Rutana - Ra\u0161tin\u0117s reikmenys","article_publisher":"https:\/\/www.facebook.com\/RutanaKanceliarinesPrekes\/","article_modified_time":"2025-10-27T15:36:22+00:00","og_image":[{"width":1000,"height":1000,"url":"https:\/\/rutana.lt\/wp-content\/uploads\/2025\/09\/B091-283-1.jpg","type":"image\/jpeg"}],"twitter_card":"summary_large_image","twitter_misc":{"Est. reading time":"2 minutes"},"schema":{"@context":"https:\/\/schema.org","@graph":[{"@type":"WebPage","@id":"https:\/\/rutana.lt\/produktas\/arbata-zalioji-green-classic-20-vnt-ahmad-tea-894\/","url":"https:\/\/rutana.lt\/produktas\/arbata-zalioji-green-classic-20-vnt-ahmad-tea-894\/","name":"Arbata \u017ealioji \"Green Classic\" 20 vnt. Ahmad Tea 894 - Rutana - Ra\u0161tin\u0117s reikmenys","isPartOf":{"@id":"https:\/\/rutana.lt\/#website"},"primaryImageOfPage":{"@id":"https:\/\/rutana.lt\/produktas\/arbata-zalioji-green-classic-20-vnt-ahmad-tea-894\/#primaryimage"},"image":{"@id":"https:\/\/rutana.lt\/produktas\/arbata-zalioji-green-classic-20-vnt-ahmad-tea-894\/#primaryimage"},"thumbnailUrl":"https:\/\/rutana.lt\/wp-content\/uploads\/2025\/09\/B091-283-1.jpg?v=1763564482","datePublished":"2025-09-03T07:55:20+00:00","dateModified":"2025-10-27T15:36:22+00:00","breadcrumb":{"@id":"https:\/\/rutana.lt\/produktas\/arbata-zalioji-green-classic-20-vnt-ahmad-tea-894\/#breadcrumb"},"inLanguage":"en-US","potentialAction":[{"@type":"ReadAction","target":["https:\/\/rutana.lt\/produktas\/arbata-zalioji-green-classic-20-vnt-ahmad-tea-894\/"]}]},{"@type":"ImageObject","inLanguage":"en-US","@id":"https:\/\/rutana.lt\/produktas\/arbata-zalioji-green-classic-20-vnt-ahmad-tea-894\/#primaryimage","url":"https:\/\/rutana.lt\/wp-content\/uploads\/2025\/09\/B091-283-1.jpg?v=1763564482","contentUrl":"https:\/\/rutana.lt\/wp-content\/uploads\/2025\/09\/B091-283-1.jpg?v=1763564482","width":1000,"height":1000},{"@type":"BreadcrumbList","@id":"https:\/\/rutana.lt\/produktas\/arbata-zalioji-green-classic-20-vnt-ahmad-tea-894\/#breadcrumb","itemListElement":[{"@type":"ListItem","position":1,"name":"Home","item":"https:\/\/rutana.lt\/"},{"@type":"ListItem","position":2,"name":"Parduotuv\u0117","item":"https:\/\/rutana.lt\/parduotuve\/"},{"@type":"ListItem","position":3,"name":"Arbata \u017ealioji &#8222;Green Classic&#8221; 20 vnt. Ahmad Tea 894"}]},{"@type":"WebSite","@id":"https:\/\/rutana.lt\/#website","url":"https:\/\/rutana.lt\/","name":"Rutana - Ra\u0161tin\u0117s reikmenys","description":"Prekiaujame pasaulin\u0117je rinkoje pripa\u017eintomis, kokybi\u0161komis biuro prek\u0117mis toki\u0173  gamintoj\u0173 kaip: Schneider, Esselte, Novus, 3M, Faber-Castell, Citizen, Milan, Leitz, Colop, Zebra, Staedtler, Durable, Tork, Parker, Waterman ir kt.","publisher":{"@id":"https:\/\/rutana.lt\/#organization"},"potentialAction":[{"@type":"SearchAction","target":{"@type":"EntryPoint","urlTemplate":"https:\/\/rutana.lt\/?s={search_term_string}"},"query-input":{"@type":"PropertyValueSpecification","valueRequired":true,"valueName":"search_term_string"}}],"inLanguage":"en-US"},{"@type":"Organization","@id":"https:\/\/rutana.lt\/#organization","name":"Rutana - Ra\u0161tin\u0117s reikmenys","url":"https:\/\/rutana.lt\/","logo":{"@type":"ImageObject","inLanguage":"en-US","@id":"https:\/\/rutana.lt\/#\/schema\/logo\/image\/","url":"https:\/\/rutana.lt\/wp-content\/uploads\/2025\/10\/Asset-32.png","contentUrl":"https:\/\/rutana.lt\/wp-content\/uploads\/2025\/10\/Asset-32.png","width":433,"height":119,"caption":"Rutana - Ra\u0161tin\u0117s reikmenys"},"image":{"@id":"https:\/\/rutana.lt\/#\/schema\/logo\/image\/"},"sameAs":["https:\/\/www.facebook.com\/RutanaKanceliarinesPrekes\/"]}]}},"_links":{"self":[{"href":"https:\/\/rutana.lt\/en\/wp-json\/wp\/v2\/product\/17887","targetHints":{"allow":["GET"]}}],"collection":[{"href":"https:\/\/rutana.lt\/en\/wp-json\/wp\/v2\/product"}],"about":[{"href":"https:\/\/rutana.lt\/en\/wp-json\/wp\/v2\/types\/product"}],"replies":[{"embeddable":true,"href":"https:\/\/rutana.lt\/en\/wp-json\/wp\/v2\/comments?post=17887"}],"version-history":[{"count":2,"href":"https:\/\/rutana.lt\/en\/wp-json\/wp\/v2\/product\/17887\/revisions"}],"predecessor-version":[{"id":33397,"href":"https:\/\/rutana.lt\/en\/wp-json\/wp\/v2\/product\/17887\/revisions\/33397"}],"wp:featuredmedia":[{"embeddable":true,"href":"https:\/\/rutana.lt\/en\/wp-json\/wp\/v2\/media\/29551"}],"wp:attachment":[{"href":"https:\/\/rutana.lt\/en\/wp-json\/wp\/v2\/media?parent=17887"}],"wp:term":[{"taxonomy":"product_brand","embeddable":true,"href":"https:\/\/rutana.lt\/en\/wp-json\/wp\/v2\/product_brand?post=17887"},{"taxonomy":"product_cat","embeddable":true,"href":"https:\/\/rutana.lt\/en\/wp-json\/wp\/v2\/product_cat?post=17887"},{"taxonomy":"product_tag","embeddable":true,"href":"https:\/\/rutana.lt\/en\/wp-json\/wp\/v2\/product_tag?post=17887"}],"curies":[{"name":"wp","href":"https:\/\/api.w.org\/{rel}","templated":true}]}}