{"id":17886,"date":"2025-09-03T09:55:20","date_gmt":"2025-09-03T07:55:20","guid":{"rendered":"https:\/\/rutana.webdemo.lt\/?post_type=product&#038;p=17886"},"modified":"2025-12-21T10:27:56","modified_gmt":"2025-12-21T08:27:56","slug":"arbata-juodoji-english-breakfast-20-vnt-ahmad-tea-555","status":"publish","type":"product","link":"https:\/\/rutana.lt\/en\/product\/arbata-juodoji-english-breakfast-20-vnt-ahmad-tea-555\/","title":{"rendered":"Arbata juodoji &#8222;English Breakfast&#8221; 20 vnt. Ahmad Tea 555"},"content":{"rendered":"<p class=\"MsoNormal\">Klasikinis vir\u0161utini\u0173 lap\u0173 arbatos i\u0161 Ceilono, Asamo ir Kenijos mi\u0161inys, b\u016bdingas tradiciniam angli\u0161kam stiprios juodosios arbatos puodeliui. Paprastai patiekiama ryte, su pienu arba be jo. Puikiai tonizuoja ir numal\u0161ina tro\u0161kul\u012f bet kuriuo paros metu. U\u017eplikymas turi trukti apie 3-5 minutes. Arbatos mai\u0161eliai su virvel\u0117mis, suvynioti atskirai \u012f folij\u0105, leid\u017eia i\u0161saugoti arbat\u0105, skon\u012f ir aromat\u0105.<\/p>\n<p class=\"MsoNormal\">Kiekis: 20 vnt.<\/p>\n<p class=\"MsoNormal\">Arbatos kiekis pakelyje: 2 g<\/p>\n<p class=\"MsoNormal\">Kilm\u0117s \u0161alis: \u0160ri Lanka, Kenija, Asamas<\/p>\n<div id=\"product-details\" class=\"tab-pane fade\" data-product=\"{\">\n<p>&nbsp;<\/p>\n<div class=\"product-out-of-stock\" style=\"box-sizing: inherit;\"><\/div>\n<\/div>\n<p class=\"MsoNormal\" style=\"line-height: normal;\">\n<p class=\"MsoNormal\" style=\"line-height: normal;\">","protected":false},"excerpt":{"rendered":"<p>Klasikinis vir\u0161utini\u0173 lap\u0173 arbatos i\u0161 Ceilono, Asamo ir Kenijos mi\u0161inys, b\u016bdingas tradiciniam angli\u0161kam stiprios juodosios arbatos puodeliui.<\/p>","protected":false},"featured_media":29550,"comment_status":"open","ping_status":"closed","template":"","meta":{"_season_start":"","_season_end":"","_season_days":"","_season_months":"","_season_auto_visibility":"1"},"product_brand":[696],"product_cat":[1834],"product_tag":[],"class_list":{"0":"post-17886","1":"product","2":"type-product","3":"status-publish","4":"has-post-thumbnail","6":"product_brand-ahmad","7":"product_cat-arbata-pakelyje-arbata","9":"first","10":"instock","11":"taxable","12":"shipping-taxable","13":"purchasable","14":"product-type-simple"},"yoast_head":"<!-- This site is optimized with the Yoast SEO plugin v27.4 - https:\/\/yoast.com\/product\/yoast-seo-wordpress\/ -->\n<title>Arbata juodoji &quot;English Breakfast&quot; 20 vnt. Ahmad Tea 555 - Rutana - Ra\u0161tin\u0117s reikmenys<\/title>\n<meta name=\"robots\" content=\"index, follow, max-snippet:-1, max-image-preview:large, max-video-preview:-1\" \/>\n<link rel=\"canonical\" href=\"https:\/\/rutana.lt\/en\/product\/arbata-juodoji-english-breakfast-20-vnt-ahmad-tea-555\/\" \/>\n<meta property=\"og:locale\" content=\"en_US\" \/>\n<meta property=\"og:type\" content=\"article\" \/>\n<meta property=\"og:title\" content=\"Arbata juodoji &quot;English Breakfast&quot; 20 vnt. Ahmad Tea 555 - Rutana - Ra\u0161tin\u0117s reikmenys\" \/>\n<meta property=\"og:description\" content=\"Klasikinis vir\u0161utini\u0173 lap\u0173 arbatos i\u0161 Ceilono, Asamo ir Kenijos mi\u0161inys, b\u016bdingas tradiciniam angli\u0161kam stiprios juodosios arbatos puodeliui.\" \/>\n<meta property=\"og:url\" content=\"https:\/\/rutana.lt\/en\/product\/arbata-juodoji-english-breakfast-20-vnt-ahmad-tea-555\/\" \/>\n<meta property=\"og:site_name\" content=\"Rutana - Ra\u0161tin\u0117s reikmenys\" \/>\n<meta property=\"article:publisher\" content=\"https:\/\/www.facebook.com\/RutanaKanceliarinesPrekes\/\" \/>\n<meta property=\"article:modified_time\" content=\"2025-12-21T08:27:56+00:00\" \/>\n<meta property=\"og:image\" content=\"https:\/\/rutana.lt\/wp-content\/uploads\/2025\/09\/B091-300-2.jpg?v=1763564487\" \/>\n\t<meta property=\"og:image:width\" content=\"1000\" \/>\n\t<meta property=\"og:image:height\" content=\"1000\" \/>\n\t<meta property=\"og:image:type\" content=\"image\/jpeg\" \/>\n<meta name=\"twitter:card\" content=\"summary_large_image\" \/>\n<meta name=\"twitter:label1\" content=\"Est. reading time\" \/>\n\t<meta name=\"twitter:data1\" content=\"1 minute\" \/>\n<script type=\"application\/ld+json\" class=\"yoast-schema-graph\">{\"@context\":\"https:\\\/\\\/schema.org\",\"@graph\":[{\"@type\":\"WebPage\",\"@id\":\"https:\\\/\\\/rutana.lt\\\/produktas\\\/arbata-juodoji-english-breakfast-20-vnt-ahmad-tea-555\\\/\",\"url\":\"https:\\\/\\\/rutana.lt\\\/produktas\\\/arbata-juodoji-english-breakfast-20-vnt-ahmad-tea-555\\\/\",\"name\":\"Arbata juodoji \\\"English Breakfast\\\" 20 vnt. Ahmad Tea 555 - Rutana - Ra\u0161tin\u0117s reikmenys\",\"isPartOf\":{\"@id\":\"https:\\\/\\\/rutana.lt\\\/#website\"},\"primaryImageOfPage\":{\"@id\":\"https:\\\/\\\/rutana.lt\\\/produktas\\\/arbata-juodoji-english-breakfast-20-vnt-ahmad-tea-555\\\/#primaryimage\"},\"image\":{\"@id\":\"https:\\\/\\\/rutana.lt\\\/produktas\\\/arbata-juodoji-english-breakfast-20-vnt-ahmad-tea-555\\\/#primaryimage\"},\"thumbnailUrl\":\"https:\\\/\\\/rutana.lt\\\/wp-content\\\/uploads\\\/2025\\\/09\\\/B091-300-2.jpg?v=1763564487\",\"datePublished\":\"2025-09-03T07:55:20+00:00\",\"dateModified\":\"2025-12-21T08:27:56+00:00\",\"breadcrumb\":{\"@id\":\"https:\\\/\\\/rutana.lt\\\/produktas\\\/arbata-juodoji-english-breakfast-20-vnt-ahmad-tea-555\\\/#breadcrumb\"},\"inLanguage\":\"en-US\",\"potentialAction\":[{\"@type\":\"ReadAction\",\"target\":[\"https:\\\/\\\/rutana.lt\\\/produktas\\\/arbata-juodoji-english-breakfast-20-vnt-ahmad-tea-555\\\/\"]}]},{\"@type\":\"ImageObject\",\"inLanguage\":\"en-US\",\"@id\":\"https:\\\/\\\/rutana.lt\\\/produktas\\\/arbata-juodoji-english-breakfast-20-vnt-ahmad-tea-555\\\/#primaryimage\",\"url\":\"https:\\\/\\\/rutana.lt\\\/wp-content\\\/uploads\\\/2025\\\/09\\\/B091-300-2.jpg?v=1763564487\",\"contentUrl\":\"https:\\\/\\\/rutana.lt\\\/wp-content\\\/uploads\\\/2025\\\/09\\\/B091-300-2.jpg?v=1763564487\",\"width\":1000,\"height\":1000},{\"@type\":\"BreadcrumbList\",\"@id\":\"https:\\\/\\\/rutana.lt\\\/produktas\\\/arbata-juodoji-english-breakfast-20-vnt-ahmad-tea-555\\\/#breadcrumb\",\"itemListElement\":[{\"@type\":\"ListItem\",\"position\":1,\"name\":\"Home\",\"item\":\"https:\\\/\\\/rutana.lt\\\/\"},{\"@type\":\"ListItem\",\"position\":2,\"name\":\"Parduotuv\u0117\",\"item\":\"https:\\\/\\\/rutana.lt\\\/parduotuve\\\/\"},{\"@type\":\"ListItem\",\"position\":3,\"name\":\"Arbata juodoji &#8222;English Breakfast&#8221; 20 vnt. Ahmad Tea 555\"}]},{\"@type\":\"WebSite\",\"@id\":\"https:\\\/\\\/rutana.lt\\\/#website\",\"url\":\"https:\\\/\\\/rutana.lt\\\/\",\"name\":\"Rutana - Ra\u0161tin\u0117s reikmenys\",\"description\":\"Prekiaujame pasaulin\u0117je rinkoje pripa\u017eintomis, kokybi\u0161komis biuro prek\u0117mis toki\u0173  gamintoj\u0173 kaip: Schneider, Esselte, Novus, 3M, Faber-Castell, Citizen, Milan, Leitz, Colop, Zebra, Staedtler, Durable, Tork, Parker, Waterman ir kt.\",\"publisher\":{\"@id\":\"https:\\\/\\\/rutana.lt\\\/#organization\"},\"potentialAction\":[{\"@type\":\"SearchAction\",\"target\":{\"@type\":\"EntryPoint\",\"urlTemplate\":\"https:\\\/\\\/rutana.lt\\\/?s={search_term_string}\"},\"query-input\":{\"@type\":\"PropertyValueSpecification\",\"valueRequired\":true,\"valueName\":\"search_term_string\"}}],\"inLanguage\":\"en-US\"},{\"@type\":\"Organization\",\"@id\":\"https:\\\/\\\/rutana.lt\\\/#organization\",\"name\":\"Rutana - Ra\u0161tin\u0117s reikmenys\",\"url\":\"https:\\\/\\\/rutana.lt\\\/\",\"logo\":{\"@type\":\"ImageObject\",\"inLanguage\":\"en-US\",\"@id\":\"https:\\\/\\\/rutana.lt\\\/#\\\/schema\\\/logo\\\/image\\\/\",\"url\":\"https:\\\/\\\/rutana.lt\\\/wp-content\\\/uploads\\\/2025\\\/10\\\/Asset-32.png\",\"contentUrl\":\"https:\\\/\\\/rutana.lt\\\/wp-content\\\/uploads\\\/2025\\\/10\\\/Asset-32.png\",\"width\":433,\"height\":119,\"caption\":\"Rutana - Ra\u0161tin\u0117s reikmenys\"},\"image\":{\"@id\":\"https:\\\/\\\/rutana.lt\\\/#\\\/schema\\\/logo\\\/image\\\/\"},\"sameAs\":[\"https:\\\/\\\/www.facebook.com\\\/RutanaKanceliarinesPrekes\\\/\"]}]}<\/script>\n<!-- \/ Yoast SEO plugin. -->","yoast_head_json":{"title":"Arbata juodoji \"English Breakfast\" 20 vnt. Ahmad Tea 555 - Rutana - Ra\u0161tin\u0117s reikmenys","robots":{"index":"index","follow":"follow","max-snippet":"max-snippet:-1","max-image-preview":"max-image-preview:large","max-video-preview":"max-video-preview:-1"},"canonical":"https:\/\/rutana.lt\/en\/product\/arbata-juodoji-english-breakfast-20-vnt-ahmad-tea-555\/","og_locale":"en_US","og_type":"article","og_title":"Arbata juodoji \"English Breakfast\" 20 vnt. Ahmad Tea 555 - Rutana - Ra\u0161tin\u0117s reikmenys","og_description":"Klasikinis vir\u0161utini\u0173 lap\u0173 arbatos i\u0161 Ceilono, Asamo ir Kenijos mi\u0161inys, b\u016bdingas tradiciniam angli\u0161kam stiprios juodosios arbatos puodeliui.","og_url":"https:\/\/rutana.lt\/en\/product\/arbata-juodoji-english-breakfast-20-vnt-ahmad-tea-555\/","og_site_name":"Rutana - Ra\u0161tin\u0117s reikmenys","article_publisher":"https:\/\/www.facebook.com\/RutanaKanceliarinesPrekes\/","article_modified_time":"2025-12-21T08:27:56+00:00","og_image":[{"width":1000,"height":1000,"url":"https:\/\/rutana.lt\/wp-content\/uploads\/2025\/09\/B091-300-2.jpg?v=1763564487","type":"image\/jpeg"}],"twitter_card":"summary_large_image","twitter_misc":{"Est. reading time":"1 minute"},"schema":{"@context":"https:\/\/schema.org","@graph":[{"@type":"WebPage","@id":"https:\/\/rutana.lt\/produktas\/arbata-juodoji-english-breakfast-20-vnt-ahmad-tea-555\/","url":"https:\/\/rutana.lt\/produktas\/arbata-juodoji-english-breakfast-20-vnt-ahmad-tea-555\/","name":"Arbata juodoji \"English Breakfast\" 20 vnt. Ahmad Tea 555 - Rutana - Ra\u0161tin\u0117s reikmenys","isPartOf":{"@id":"https:\/\/rutana.lt\/#website"},"primaryImageOfPage":{"@id":"https:\/\/rutana.lt\/produktas\/arbata-juodoji-english-breakfast-20-vnt-ahmad-tea-555\/#primaryimage"},"image":{"@id":"https:\/\/rutana.lt\/produktas\/arbata-juodoji-english-breakfast-20-vnt-ahmad-tea-555\/#primaryimage"},"thumbnailUrl":"https:\/\/rutana.lt\/wp-content\/uploads\/2025\/09\/B091-300-2.jpg?v=1763564487","datePublished":"2025-09-03T07:55:20+00:00","dateModified":"2025-12-21T08:27:56+00:00","breadcrumb":{"@id":"https:\/\/rutana.lt\/produktas\/arbata-juodoji-english-breakfast-20-vnt-ahmad-tea-555\/#breadcrumb"},"inLanguage":"en-US","potentialAction":[{"@type":"ReadAction","target":["https:\/\/rutana.lt\/produktas\/arbata-juodoji-english-breakfast-20-vnt-ahmad-tea-555\/"]}]},{"@type":"ImageObject","inLanguage":"en-US","@id":"https:\/\/rutana.lt\/produktas\/arbata-juodoji-english-breakfast-20-vnt-ahmad-tea-555\/#primaryimage","url":"https:\/\/rutana.lt\/wp-content\/uploads\/2025\/09\/B091-300-2.jpg?v=1763564487","contentUrl":"https:\/\/rutana.lt\/wp-content\/uploads\/2025\/09\/B091-300-2.jpg?v=1763564487","width":1000,"height":1000},{"@type":"BreadcrumbList","@id":"https:\/\/rutana.lt\/produktas\/arbata-juodoji-english-breakfast-20-vnt-ahmad-tea-555\/#breadcrumb","itemListElement":[{"@type":"ListItem","position":1,"name":"Home","item":"https:\/\/rutana.lt\/"},{"@type":"ListItem","position":2,"name":"Parduotuv\u0117","item":"https:\/\/rutana.lt\/parduotuve\/"},{"@type":"ListItem","position":3,"name":"Arbata juodoji &#8222;English Breakfast&#8221; 20 vnt. Ahmad Tea 555"}]},{"@type":"WebSite","@id":"https:\/\/rutana.lt\/#website","url":"https:\/\/rutana.lt\/","name":"Rutana - Ra\u0161tin\u0117s reikmenys","description":"Prekiaujame pasaulin\u0117je rinkoje pripa\u017eintomis, kokybi\u0161komis biuro prek\u0117mis toki\u0173  gamintoj\u0173 kaip: Schneider, Esselte, Novus, 3M, Faber-Castell, Citizen, Milan, Leitz, Colop, Zebra, Staedtler, Durable, Tork, Parker, Waterman ir kt.","publisher":{"@id":"https:\/\/rutana.lt\/#organization"},"potentialAction":[{"@type":"SearchAction","target":{"@type":"EntryPoint","urlTemplate":"https:\/\/rutana.lt\/?s={search_term_string}"},"query-input":{"@type":"PropertyValueSpecification","valueRequired":true,"valueName":"search_term_string"}}],"inLanguage":"en-US"},{"@type":"Organization","@id":"https:\/\/rutana.lt\/#organization","name":"Rutana - Ra\u0161tin\u0117s reikmenys","url":"https:\/\/rutana.lt\/","logo":{"@type":"ImageObject","inLanguage":"en-US","@id":"https:\/\/rutana.lt\/#\/schema\/logo\/image\/","url":"https:\/\/rutana.lt\/wp-content\/uploads\/2025\/10\/Asset-32.png","contentUrl":"https:\/\/rutana.lt\/wp-content\/uploads\/2025\/10\/Asset-32.png","width":433,"height":119,"caption":"Rutana - Ra\u0161tin\u0117s reikmenys"},"image":{"@id":"https:\/\/rutana.lt\/#\/schema\/logo\/image\/"},"sameAs":["https:\/\/www.facebook.com\/RutanaKanceliarinesPrekes\/"]}]}},"_links":{"self":[{"href":"https:\/\/rutana.lt\/en\/wp-json\/wp\/v2\/product\/17886","targetHints":{"allow":["GET"]}}],"collection":[{"href":"https:\/\/rutana.lt\/en\/wp-json\/wp\/v2\/product"}],"about":[{"href":"https:\/\/rutana.lt\/en\/wp-json\/wp\/v2\/types\/product"}],"replies":[{"embeddable":true,"href":"https:\/\/rutana.lt\/en\/wp-json\/wp\/v2\/comments?post=17886"}],"version-history":[{"count":3,"href":"https:\/\/rutana.lt\/en\/wp-json\/wp\/v2\/product\/17886\/revisions"}],"predecessor-version":[{"id":34183,"href":"https:\/\/rutana.lt\/en\/wp-json\/wp\/v2\/product\/17886\/revisions\/34183"}],"wp:featuredmedia":[{"embeddable":true,"href":"https:\/\/rutana.lt\/en\/wp-json\/wp\/v2\/media\/29550"}],"wp:attachment":[{"href":"https:\/\/rutana.lt\/en\/wp-json\/wp\/v2\/media?parent=17886"}],"wp:term":[{"taxonomy":"product_brand","embeddable":true,"href":"https:\/\/rutana.lt\/en\/wp-json\/wp\/v2\/product_brand?post=17886"},{"taxonomy":"product_cat","embeddable":true,"href":"https:\/\/rutana.lt\/en\/wp-json\/wp\/v2\/product_cat?post=17886"},{"taxonomy":"product_tag","embeddable":true,"href":"https:\/\/rutana.lt\/en\/wp-json\/wp\/v2\/product_tag?post=17886"}],"curies":[{"name":"wp","href":"https:\/\/api.w.org\/{rel}","templated":true}]}}