{"id":17884,"date":"2025-09-03T09:55:20","date_gmt":"2025-09-03T07:55:20","guid":{"rendered":"https:\/\/rutana.webdemo.lt\/?post_type=product&#038;p=17884"},"modified":"2025-10-13T15:55:07","modified_gmt":"2025-10-13T13:55:07","slug":"tualetinis-popierius-3-sluoksniu-deluxe-24-vnt-zewa-69852","status":"publish","type":"product","link":"https:\/\/rutana.lt\/en\/product\/tualetinis-popierius-3-sluoksniu-deluxe-24-vnt-zewa-69852\/","title":{"rendered":"Tualetinis popierius 3 sluoksni\u0173 &#8222;Deluxe&#8221; 24 vnt. Zewa 69852"},"content":{"rendered":"<p>Trisluoksnis baltos spalvos tualetinis popierius ZEWA DELUXE. \u0160io tualetinio popieriaus tubel\u0117 yra pagaminta i\u0161 lengvai suyran\u010dios med\u017eiagos, tad baigus tualetinio popieriaus lapelius, likusi\u0105 tubel\u0119 galima be problem\u0173 mesti \u012f unitaz\u0105 ir nuleisti vandeniu. <\/p>\n<p>Rulon\u0117li\u0173 kiekis pakuot\u0117je: 24<\/p>\n<p>Sluoksniai: 3<\/p>\n<p>Spalva: balta<\/p>\n<p>Perforacija: taip<\/p>\n<p>Kilm\u0117s \u0161alis: Suomija<\/p>\n<p><\/p>\n<p><\/p>","protected":false},"excerpt":{"rendered":"<p>Trisluoksnis baltos spalvos tualetinis popierius ZEWA DELUXE. \u0160io tualetinio popieriaus tubel\u0117 yra pagaminta i\u0161 lengvai suyran\u010dios med\u017eiagos, tad baigus tualetinio popieriaus lapelius, likusi\u0105 tubel\u0119 galima be problem\u0173 mesti \u012f unitaz\u0105 ir nuleisti vandeniu. Rulon\u0117li\u0173 kiekis pakuot\u0117je: 24 Sluoksniai: 3 Spalva: balta Perforacija: taip Kilm\u0117s \u0161alis: Suomija<\/p>","protected":false},"featured_media":29548,"comment_status":"open","ping_status":"closed","template":"","meta":{"_season_start":"","_season_end":"","_season_days":"","_season_months":"","_season_auto_visibility":""},"product_brand":[942],"product_cat":[1622],"product_tag":[],"class_list":{"0":"post-17884","1":"product","2":"type-product","3":"status-publish","4":"has-post-thumbnail","6":"product_brand-zewa","7":"product_cat-tualetinis-popierius","9":"first","10":"instock","11":"taxable","12":"shipping-taxable","13":"purchasable","14":"product-type-simple"},"yoast_head":"<!-- This site is optimized with the Yoast SEO plugin v26.1.1 - https:\/\/yoast.com\/wordpress\/plugins\/seo\/ -->\n<title>Tualetinis popierius 3 sluoksni\u0173 &quot;Deluxe&quot; 24 vnt. Zewa 69852 - Rutana - Ra\u0161tin\u0117s reikmenys<\/title>\n<meta name=\"robots\" content=\"index, follow, max-snippet:-1, max-image-preview:large, max-video-preview:-1\" \/>\n<link rel=\"canonical\" href=\"https:\/\/rutana.lt\/en\/product\/tualetinis-popierius-3-sluoksniu-deluxe-24-vnt-zewa-69852\/\" \/>\n<meta property=\"og:locale\" content=\"en_US\" \/>\n<meta property=\"og:type\" content=\"article\" \/>\n<meta property=\"og:title\" content=\"Tualetinis popierius 3 sluoksni\u0173 &quot;Deluxe&quot; 24 vnt. Zewa 69852 - Rutana - Ra\u0161tin\u0117s reikmenys\" \/>\n<meta property=\"og:description\" content=\"Trisluoksnis baltos spalvos tualetinis popierius ZEWA DELUXE. \u0160io tualetinio popieriaus tubel\u0117 yra pagaminta i\u0161 lengvai suyran\u010dios med\u017eiagos, tad baigus tualetinio popieriaus lapelius, likusi\u0105 tubel\u0119 galima be problem\u0173 mesti \u012f unitaz\u0105 ir nuleisti vandeniu. Rulon\u0117li\u0173 kiekis pakuot\u0117je: 24 Sluoksniai: 3 Spalva: balta Perforacija: taip Kilm\u0117s \u0161alis: Suomija\" \/>\n<meta property=\"og:url\" content=\"https:\/\/rutana.lt\/en\/product\/tualetinis-popierius-3-sluoksniu-deluxe-24-vnt-zewa-69852\/\" \/>\n<meta property=\"og:site_name\" content=\"Rutana - Ra\u0161tin\u0117s reikmenys\" \/>\n<meta property=\"article:publisher\" content=\"https:\/\/www.facebook.com\/RutanaKanceliarinesPrekes\/\" \/>\n<meta property=\"article:modified_time\" content=\"2025-10-13T13:55:07+00:00\" \/>\n<meta property=\"og:image\" content=\"https:\/\/rutana.lt\/wp-content\/uploads\/2025\/09\/A081-024.jpg\" \/>\n\t<meta property=\"og:image:width\" content=\"1200\" \/>\n\t<meta property=\"og:image:height\" content=\"1200\" \/>\n\t<meta property=\"og:image:type\" content=\"image\/jpeg\" \/>\n<meta name=\"twitter:card\" content=\"summary_large_image\" \/>\n<script type=\"application\/ld+json\" class=\"yoast-schema-graph\">{\"@context\":\"https:\/\/schema.org\",\"@graph\":[{\"@type\":\"WebPage\",\"@id\":\"https:\/\/rutana.lt\/produktas\/tualetinis-popierius-3-sluoksniu-deluxe-24-vnt-zewa-69852\/\",\"url\":\"https:\/\/rutana.lt\/produktas\/tualetinis-popierius-3-sluoksniu-deluxe-24-vnt-zewa-69852\/\",\"name\":\"Tualetinis popierius 3 sluoksni\u0173 \\\"Deluxe\\\" 24 vnt. Zewa 69852 - Rutana - Ra\u0161tin\u0117s reikmenys\",\"isPartOf\":{\"@id\":\"https:\/\/rutana.lt\/#website\"},\"primaryImageOfPage\":{\"@id\":\"https:\/\/rutana.lt\/produktas\/tualetinis-popierius-3-sluoksniu-deluxe-24-vnt-zewa-69852\/#primaryimage\"},\"image\":{\"@id\":\"https:\/\/rutana.lt\/produktas\/tualetinis-popierius-3-sluoksniu-deluxe-24-vnt-zewa-69852\/#primaryimage\"},\"thumbnailUrl\":\"https:\/\/rutana.lt\/wp-content\/uploads\/2025\/09\/A081-024-1.jpg?v=1763564489\",\"datePublished\":\"2025-09-03T07:55:20+00:00\",\"dateModified\":\"2025-10-13T13:55:07+00:00\",\"breadcrumb\":{\"@id\":\"https:\/\/rutana.lt\/produktas\/tualetinis-popierius-3-sluoksniu-deluxe-24-vnt-zewa-69852\/#breadcrumb\"},\"inLanguage\":\"en-US\",\"potentialAction\":[{\"@type\":\"ReadAction\",\"target\":[\"https:\/\/rutana.lt\/produktas\/tualetinis-popierius-3-sluoksniu-deluxe-24-vnt-zewa-69852\/\"]}]},{\"@type\":\"ImageObject\",\"inLanguage\":\"en-US\",\"@id\":\"https:\/\/rutana.lt\/produktas\/tualetinis-popierius-3-sluoksniu-deluxe-24-vnt-zewa-69852\/#primaryimage\",\"url\":\"https:\/\/rutana.lt\/wp-content\/uploads\/2025\/09\/A081-024-1.jpg?v=1763564489\",\"contentUrl\":\"https:\/\/rutana.lt\/wp-content\/uploads\/2025\/09\/A081-024-1.jpg?v=1763564489\",\"width\":1200,\"height\":1200},{\"@type\":\"BreadcrumbList\",\"@id\":\"https:\/\/rutana.lt\/produktas\/tualetinis-popierius-3-sluoksniu-deluxe-24-vnt-zewa-69852\/#breadcrumb\",\"itemListElement\":[{\"@type\":\"ListItem\",\"position\":1,\"name\":\"Home\",\"item\":\"https:\/\/rutana.lt\/\"},{\"@type\":\"ListItem\",\"position\":2,\"name\":\"Parduotuv\u0117\",\"item\":\"https:\/\/rutana.lt\/parduotuve\/\"},{\"@type\":\"ListItem\",\"position\":3,\"name\":\"Tualetinis popierius 3 sluoksni\u0173 &#8222;Deluxe&#8221; 24 vnt. Zewa 69852\"}]},{\"@type\":\"WebSite\",\"@id\":\"https:\/\/rutana.lt\/#website\",\"url\":\"https:\/\/rutana.lt\/\",\"name\":\"Rutana - Ra\u0161tin\u0117s reikmenys\",\"description\":\"Prekiaujame pasaulin\u0117je rinkoje pripa\u017eintomis, kokybi\u0161komis biuro prek\u0117mis toki\u0173  gamintoj\u0173 kaip: Schneider, Esselte, Novus, 3M, Faber-Castell, Citizen, Milan, Leitz, Colop, Zebra, Staedtler, Durable, Tork, Parker, Waterman ir kt.\",\"publisher\":{\"@id\":\"https:\/\/rutana.lt\/#organization\"},\"potentialAction\":[{\"@type\":\"SearchAction\",\"target\":{\"@type\":\"EntryPoint\",\"urlTemplate\":\"https:\/\/rutana.lt\/?s={search_term_string}\"},\"query-input\":{\"@type\":\"PropertyValueSpecification\",\"valueRequired\":true,\"valueName\":\"search_term_string\"}}],\"inLanguage\":\"en-US\"},{\"@type\":\"Organization\",\"@id\":\"https:\/\/rutana.lt\/#organization\",\"name\":\"Rutana - Ra\u0161tin\u0117s reikmenys\",\"url\":\"https:\/\/rutana.lt\/\",\"logo\":{\"@type\":\"ImageObject\",\"inLanguage\":\"en-US\",\"@id\":\"https:\/\/rutana.lt\/#\/schema\/logo\/image\/\",\"url\":\"https:\/\/rutana.lt\/wp-content\/uploads\/2025\/10\/Asset-32.png\",\"contentUrl\":\"https:\/\/rutana.lt\/wp-content\/uploads\/2025\/10\/Asset-32.png\",\"width\":433,\"height\":119,\"caption\":\"Rutana - Ra\u0161tin\u0117s reikmenys\"},\"image\":{\"@id\":\"https:\/\/rutana.lt\/#\/schema\/logo\/image\/\"},\"sameAs\":[\"https:\/\/www.facebook.com\/RutanaKanceliarinesPrekes\/\"]}]}<\/script>\n<!-- \/ Yoast SEO plugin. -->","yoast_head_json":{"title":"Tualetinis popierius 3 sluoksni\u0173 \"Deluxe\" 24 vnt. Zewa 69852 - Rutana - Ra\u0161tin\u0117s reikmenys","robots":{"index":"index","follow":"follow","max-snippet":"max-snippet:-1","max-image-preview":"max-image-preview:large","max-video-preview":"max-video-preview:-1"},"canonical":"https:\/\/rutana.lt\/en\/product\/tualetinis-popierius-3-sluoksniu-deluxe-24-vnt-zewa-69852\/","og_locale":"en_US","og_type":"article","og_title":"Tualetinis popierius 3 sluoksni\u0173 \"Deluxe\" 24 vnt. Zewa 69852 - Rutana - Ra\u0161tin\u0117s reikmenys","og_description":"Trisluoksnis baltos spalvos tualetinis popierius ZEWA DELUXE. \u0160io tualetinio popieriaus tubel\u0117 yra pagaminta i\u0161 lengvai suyran\u010dios med\u017eiagos, tad baigus tualetinio popieriaus lapelius, likusi\u0105 tubel\u0119 galima be problem\u0173 mesti \u012f unitaz\u0105 ir nuleisti vandeniu. Rulon\u0117li\u0173 kiekis pakuot\u0117je: 24 Sluoksniai: 3 Spalva: balta Perforacija: taip Kilm\u0117s \u0161alis: Suomija","og_url":"https:\/\/rutana.lt\/en\/product\/tualetinis-popierius-3-sluoksniu-deluxe-24-vnt-zewa-69852\/","og_site_name":"Rutana - Ra\u0161tin\u0117s reikmenys","article_publisher":"https:\/\/www.facebook.com\/RutanaKanceliarinesPrekes\/","article_modified_time":"2025-10-13T13:55:07+00:00","og_image":[{"width":1200,"height":1200,"url":"https:\/\/rutana.lt\/wp-content\/uploads\/2025\/09\/A081-024.jpg","type":"image\/jpeg"}],"twitter_card":"summary_large_image","schema":{"@context":"https:\/\/schema.org","@graph":[{"@type":"WebPage","@id":"https:\/\/rutana.lt\/produktas\/tualetinis-popierius-3-sluoksniu-deluxe-24-vnt-zewa-69852\/","url":"https:\/\/rutana.lt\/produktas\/tualetinis-popierius-3-sluoksniu-deluxe-24-vnt-zewa-69852\/","name":"Tualetinis popierius 3 sluoksni\u0173 \"Deluxe\" 24 vnt. Zewa 69852 - Rutana - Ra\u0161tin\u0117s reikmenys","isPartOf":{"@id":"https:\/\/rutana.lt\/#website"},"primaryImageOfPage":{"@id":"https:\/\/rutana.lt\/produktas\/tualetinis-popierius-3-sluoksniu-deluxe-24-vnt-zewa-69852\/#primaryimage"},"image":{"@id":"https:\/\/rutana.lt\/produktas\/tualetinis-popierius-3-sluoksniu-deluxe-24-vnt-zewa-69852\/#primaryimage"},"thumbnailUrl":"https:\/\/rutana.lt\/wp-content\/uploads\/2025\/09\/A081-024-1.jpg?v=1763564489","datePublished":"2025-09-03T07:55:20+00:00","dateModified":"2025-10-13T13:55:07+00:00","breadcrumb":{"@id":"https:\/\/rutana.lt\/produktas\/tualetinis-popierius-3-sluoksniu-deluxe-24-vnt-zewa-69852\/#breadcrumb"},"inLanguage":"en-US","potentialAction":[{"@type":"ReadAction","target":["https:\/\/rutana.lt\/produktas\/tualetinis-popierius-3-sluoksniu-deluxe-24-vnt-zewa-69852\/"]}]},{"@type":"ImageObject","inLanguage":"en-US","@id":"https:\/\/rutana.lt\/produktas\/tualetinis-popierius-3-sluoksniu-deluxe-24-vnt-zewa-69852\/#primaryimage","url":"https:\/\/rutana.lt\/wp-content\/uploads\/2025\/09\/A081-024-1.jpg?v=1763564489","contentUrl":"https:\/\/rutana.lt\/wp-content\/uploads\/2025\/09\/A081-024-1.jpg?v=1763564489","width":1200,"height":1200},{"@type":"BreadcrumbList","@id":"https:\/\/rutana.lt\/produktas\/tualetinis-popierius-3-sluoksniu-deluxe-24-vnt-zewa-69852\/#breadcrumb","itemListElement":[{"@type":"ListItem","position":1,"name":"Home","item":"https:\/\/rutana.lt\/"},{"@type":"ListItem","position":2,"name":"Parduotuv\u0117","item":"https:\/\/rutana.lt\/parduotuve\/"},{"@type":"ListItem","position":3,"name":"Tualetinis popierius 3 sluoksni\u0173 &#8222;Deluxe&#8221; 24 vnt. Zewa 69852"}]},{"@type":"WebSite","@id":"https:\/\/rutana.lt\/#website","url":"https:\/\/rutana.lt\/","name":"Rutana - Ra\u0161tin\u0117s reikmenys","description":"Prekiaujame pasaulin\u0117je rinkoje pripa\u017eintomis, kokybi\u0161komis biuro prek\u0117mis toki\u0173  gamintoj\u0173 kaip: Schneider, Esselte, Novus, 3M, Faber-Castell, Citizen, Milan, Leitz, Colop, Zebra, Staedtler, Durable, Tork, Parker, Waterman ir kt.","publisher":{"@id":"https:\/\/rutana.lt\/#organization"},"potentialAction":[{"@type":"SearchAction","target":{"@type":"EntryPoint","urlTemplate":"https:\/\/rutana.lt\/?s={search_term_string}"},"query-input":{"@type":"PropertyValueSpecification","valueRequired":true,"valueName":"search_term_string"}}],"inLanguage":"en-US"},{"@type":"Organization","@id":"https:\/\/rutana.lt\/#organization","name":"Rutana - Ra\u0161tin\u0117s reikmenys","url":"https:\/\/rutana.lt\/","logo":{"@type":"ImageObject","inLanguage":"en-US","@id":"https:\/\/rutana.lt\/#\/schema\/logo\/image\/","url":"https:\/\/rutana.lt\/wp-content\/uploads\/2025\/10\/Asset-32.png","contentUrl":"https:\/\/rutana.lt\/wp-content\/uploads\/2025\/10\/Asset-32.png","width":433,"height":119,"caption":"Rutana - Ra\u0161tin\u0117s reikmenys"},"image":{"@id":"https:\/\/rutana.lt\/#\/schema\/logo\/image\/"},"sameAs":["https:\/\/www.facebook.com\/RutanaKanceliarinesPrekes\/"]}]}},"_links":{"self":[{"href":"https:\/\/rutana.lt\/en\/wp-json\/wp\/v2\/product\/17884","targetHints":{"allow":["GET"]}}],"collection":[{"href":"https:\/\/rutana.lt\/en\/wp-json\/wp\/v2\/product"}],"about":[{"href":"https:\/\/rutana.lt\/en\/wp-json\/wp\/v2\/types\/product"}],"replies":[{"embeddable":true,"href":"https:\/\/rutana.lt\/en\/wp-json\/wp\/v2\/comments?post=17884"}],"version-history":[{"count":1,"href":"https:\/\/rutana.lt\/en\/wp-json\/wp\/v2\/product\/17884\/revisions"}],"predecessor-version":[{"id":17917,"href":"https:\/\/rutana.lt\/en\/wp-json\/wp\/v2\/product\/17884\/revisions\/17917"}],"wp:featuredmedia":[{"embeddable":true,"href":"https:\/\/rutana.lt\/en\/wp-json\/wp\/v2\/media\/29548"}],"wp:attachment":[{"href":"https:\/\/rutana.lt\/en\/wp-json\/wp\/v2\/media?parent=17884"}],"wp:term":[{"taxonomy":"product_brand","embeddable":true,"href":"https:\/\/rutana.lt\/en\/wp-json\/wp\/v2\/product_brand?post=17884"},{"taxonomy":"product_cat","embeddable":true,"href":"https:\/\/rutana.lt\/en\/wp-json\/wp\/v2\/product_cat?post=17884"},{"taxonomy":"product_tag","embeddable":true,"href":"https:\/\/rutana.lt\/en\/wp-json\/wp\/v2\/product_tag?post=17884"}],"curies":[{"name":"wp","href":"https:\/\/api.w.org\/{rel}","templated":true}]}}