{"id":17786,"date":"2025-09-03T09:54:35","date_gmt":"2025-09-03T07:54:35","guid":{"rendered":"https:\/\/rutana.webdemo.lt\/?post_type=product&#038;p=17786"},"modified":"2025-10-13T15:54:52","modified_gmt":"2025-10-13T13:54:52","slug":"namu-kvapas-su-lazdelemis-amber-dust-50ml-aromatic-89","status":"publish","type":"product","link":"https:\/\/rutana.lt\/en\/product\/namu-kvapas-su-lazdelemis-amber-dust-50ml-aromatic-89\/","title":{"rendered":"Nam\u0173 kvapas su lazdel\u0117mis &#8222;Amber Dust&#8221; 50ml Aromatic 89"},"content":{"rendered":"<p>Nuo vasari\u0161ko saldumo iki levand\u0173 kupinos ramyb\u0117s, nuo klasikos ir elegancijos iki modernumo \u2013 tai m\u016bs\u0173 kruop\u0161\u010diai atrinktos, auk\u0161\u010diausios klas\u0117s kvap\u0173 natos pasiruo\u0161usios suskamb\u0117ti J\u016bs\u0173 namuose. Prabanga, subtilumas, elegancija \u2013 tai savyb\u0117s, kurias sukuria aliejinio pagrindo kvapai pagaminti i\u0161 auk\u0161\u010diausios kokyb\u0117s ir kruop\u0161\u010diai atrinkt\u0173 bei suderint\u0173 ingredient\u0173. I\u0161skirtin\u0117 kvap\u0173 kompozicija Jus d\u017eiugins maloniais ir spalvingais potyriais, kad ir kur b\u016btum\u0117te. Eleganti\u0161ko buteliuko ir presuoto pluo\u0161to lazdeli\u0173 duetas suteiks galimyb\u0119 susikurti ry\u0161kiausi\u0173 aromat\u0173 kupin\u0105 aplink\u0105 \u2013 tiek J\u016bs\u0173 namuose, tiek biure. Sueiliuotos kvap\u0173 natos yra intensyvios ir ilgai i\u0161liekan\u010dios v\u0117dinamoje, \u0161iltoje bei sausoje patalpoje, ypa\u010d jei lazdel\u0117s yra apver\u010diamos bent 1-2 kartus per savait\u0119. Tik 50 mililitr\u0173 prabangos ir malonumo Jus lyd\u0117s bei pasitiks net iki 90 dien\u0173! Erdv\u0117ms iki 40m2 rekomenduojame naudoti visas \u0161e\u0161ias lazdeles, kad b\u016bt\u0173 galima m\u0117gautis ry\u0161kiomis kvap\u0173 natomis kiekviename kampelyje. Buteliukas, kvapas ir lazdel\u0117s yra supakuojami stilingoje juodoje d\u0117\u017eut\u0117je, tad i\u0161sirinkto kvapo atvykimas bus tik vienas i\u0161 daugelio aplankysian\u010di\u0173 elegancijos potyri\u0173!<\/p>\n<p class=\"MsoNoSpacing\">Vir\u0161utin\u0117s natos: citrusas, prieskoniai<\/p>\n<p class=\"MsoNoSpacing\">Vidurin\u0117s natos: mediena, ylang &#8211; ylang<\/p>\n<p class=\"MsoNoSpacing\">\n<p class=\"MsoNoSpacing\">Apatin\u0117s natos: gintaras, kedras, sandalmedis<\/p>\n<p class=\"MsoNoSpacing\"><o:p><\/o:p><\/p>\n<p class=\"MsoNoSpacing\"><o:p><\/o:p><\/p>\n<p class=\"MsoNoSpacing\"><o:p><\/o:p><\/p>\n<\/p>\n<p class=\"MsoNoSpacing\">Talpa: 50 ml<\/p>\n<p>Kvapo pavadinimas: AMBER DUST<\/p>\n<p class=\"MsoNoSpacing\">Galiojimo laikas: 12 m\u0117nesi\u0173 nuo atidarymo datos<\/p>\n<p class=\"MsoNoSpacing\"><o:p>Kilm\u0117s \u0161alis: Lietuva<\/o:p><\/p>\n<p class=\"MsoNoSpacing\"><o:p><br \/><\/o:p><\/p>\n<p><iframe src=\"\/\/www.youtube.com\/embed\/kSkUoYJDbVQ\" width=\"640\" height=\"360\" frameborder=\"0\"><\/iframe><\/p>\n<p class=\"MsoNoSpacing\"><o:p><br \/><\/o:p><\/p>\n<p class=\"MsoNoSpacing\"><o:p><br \/><\/o:p><\/p>","protected":false},"excerpt":{"rendered":"<p>Nuo vasari\u0161ko saldumo iki levand\u0173 kupinos ramyb\u0117s, nuo klasikos ir elegancijos iki modernumo \u2013 tai m\u016bs\u0173 kruop\u0161\u010diai atrinktos, auk\u0161\u010diausios klas\u0117s kvap\u0173 natos pasiruo\u0161usios suskamb\u0117ti J\u016bs\u0173 namuose. Prabanga, subtilumas, elegancija \u2013 tai savyb\u0117s, kurias sukuria aliejinio pagrindo kvapai pagaminti i\u0161 auk\u0161\u010diausios kokyb\u0117s ir kruop\u0161\u010diai atrinkt\u0173 bei suderint\u0173 ingredient\u0173. I\u0161skirtin\u0117 kvap\u0173 kompozicija Jus d\u017eiugins maloniais ir spalvingais [&hellip;]<\/p>","protected":false},"featured_media":29520,"comment_status":"open","ping_status":"closed","template":"","meta":{"_season_start":"","_season_end":"","_season_days":"","_season_months":"","_season_auto_visibility":""},"product_brand":[789],"product_cat":[1703],"product_tag":[],"class_list":{"0":"post-17786","1":"product","2":"type-product","3":"status-publish","4":"has-post-thumbnail","6":"product_brand-aromatic-89","7":"product_cat-parfumuoti-kvapai","9":"first","10":"instock","11":"taxable","12":"shipping-taxable","13":"purchasable","14":"product-type-simple"},"yoast_head":"<!-- This site is optimized with the Yoast SEO plugin v26.1.1 - https:\/\/yoast.com\/wordpress\/plugins\/seo\/ -->\n<title>Nam\u0173 kvapas su lazdel\u0117mis &quot;Amber Dust&quot; 50ml Aromatic 89 - Rutana - Ra\u0161tin\u0117s reikmenys<\/title>\n<meta name=\"robots\" content=\"index, follow, max-snippet:-1, max-image-preview:large, max-video-preview:-1\" \/>\n<link rel=\"canonical\" href=\"https:\/\/rutana.lt\/en\/product\/namu-kvapas-su-lazdelemis-amber-dust-50ml-aromatic-89\/\" \/>\n<meta property=\"og:locale\" content=\"en_US\" \/>\n<meta property=\"og:type\" content=\"article\" \/>\n<meta property=\"og:title\" content=\"Nam\u0173 kvapas su lazdel\u0117mis &quot;Amber Dust&quot; 50ml Aromatic 89 - Rutana - Ra\u0161tin\u0117s reikmenys\" \/>\n<meta property=\"og:description\" content=\"Nuo vasari\u0161ko saldumo iki levand\u0173 kupinos ramyb\u0117s, nuo klasikos ir elegancijos iki modernumo \u2013 tai m\u016bs\u0173 kruop\u0161\u010diai atrinktos, auk\u0161\u010diausios klas\u0117s kvap\u0173 natos pasiruo\u0161usios suskamb\u0117ti J\u016bs\u0173 namuose. Prabanga, subtilumas, elegancija \u2013 tai savyb\u0117s, kurias sukuria aliejinio pagrindo kvapai pagaminti i\u0161 auk\u0161\u010diausios kokyb\u0117s ir kruop\u0161\u010diai atrinkt\u0173 bei suderint\u0173 ingredient\u0173. I\u0161skirtin\u0117 kvap\u0173 kompozicija Jus d\u017eiugins maloniais ir spalvingais [&hellip;]\" \/>\n<meta property=\"og:url\" content=\"https:\/\/rutana.lt\/en\/product\/namu-kvapas-su-lazdelemis-amber-dust-50ml-aromatic-89\/\" \/>\n<meta property=\"og:site_name\" content=\"Rutana - Ra\u0161tin\u0117s reikmenys\" \/>\n<meta property=\"article:publisher\" content=\"https:\/\/www.facebook.com\/RutanaKanceliarinesPrekes\/\" \/>\n<meta property=\"article:modified_time\" content=\"2025-10-13T13:54:52+00:00\" \/>\n<meta property=\"og:image\" content=\"https:\/\/rutana.lt\/wp-content\/uploads\/2025\/09\/B196-375.jpg\" \/>\n\t<meta property=\"og:image:width\" content=\"1500\" \/>\n\t<meta property=\"og:image:height\" content=\"1500\" \/>\n\t<meta property=\"og:image:type\" content=\"image\/jpeg\" \/>\n<meta name=\"twitter:card\" content=\"summary_large_image\" \/>\n<meta name=\"twitter:label1\" content=\"Est. reading time\" \/>\n\t<meta name=\"twitter:data1\" content=\"1 minute\" \/>\n<script type=\"application\/ld+json\" class=\"yoast-schema-graph\">{\"@context\":\"https:\/\/schema.org\",\"@graph\":[{\"@type\":\"WebPage\",\"@id\":\"https:\/\/rutana.lt\/produktas\/namu-kvapas-su-lazdelemis-amber-dust-50ml-aromatic-89\/\",\"url\":\"https:\/\/rutana.lt\/produktas\/namu-kvapas-su-lazdelemis-amber-dust-50ml-aromatic-89\/\",\"name\":\"Nam\u0173 kvapas su lazdel\u0117mis \\\"Amber Dust\\\" 50ml Aromatic 89 - Rutana - Ra\u0161tin\u0117s reikmenys\",\"isPartOf\":{\"@id\":\"https:\/\/rutana.lt\/#website\"},\"primaryImageOfPage\":{\"@id\":\"https:\/\/rutana.lt\/produktas\/namu-kvapas-su-lazdelemis-amber-dust-50ml-aromatic-89\/#primaryimage\"},\"image\":{\"@id\":\"https:\/\/rutana.lt\/produktas\/namu-kvapas-su-lazdelemis-amber-dust-50ml-aromatic-89\/#primaryimage\"},\"thumbnailUrl\":\"https:\/\/rutana.lt\/wp-content\/uploads\/2025\/09\/B196-375-1.jpg?v=1763564545\",\"datePublished\":\"2025-09-03T07:54:35+00:00\",\"dateModified\":\"2025-10-13T13:54:52+00:00\",\"breadcrumb\":{\"@id\":\"https:\/\/rutana.lt\/produktas\/namu-kvapas-su-lazdelemis-amber-dust-50ml-aromatic-89\/#breadcrumb\"},\"inLanguage\":\"en-US\",\"potentialAction\":[{\"@type\":\"ReadAction\",\"target\":[\"https:\/\/rutana.lt\/produktas\/namu-kvapas-su-lazdelemis-amber-dust-50ml-aromatic-89\/\"]}]},{\"@type\":\"ImageObject\",\"inLanguage\":\"en-US\",\"@id\":\"https:\/\/rutana.lt\/produktas\/namu-kvapas-su-lazdelemis-amber-dust-50ml-aromatic-89\/#primaryimage\",\"url\":\"https:\/\/rutana.lt\/wp-content\/uploads\/2025\/09\/B196-375-1.jpg?v=1763564545\",\"contentUrl\":\"https:\/\/rutana.lt\/wp-content\/uploads\/2025\/09\/B196-375-1.jpg?v=1763564545\",\"width\":1500,\"height\":1500},{\"@type\":\"BreadcrumbList\",\"@id\":\"https:\/\/rutana.lt\/produktas\/namu-kvapas-su-lazdelemis-amber-dust-50ml-aromatic-89\/#breadcrumb\",\"itemListElement\":[{\"@type\":\"ListItem\",\"position\":1,\"name\":\"Home\",\"item\":\"https:\/\/rutana.lt\/\"},{\"@type\":\"ListItem\",\"position\":2,\"name\":\"Parduotuv\u0117\",\"item\":\"https:\/\/rutana.lt\/parduotuve\/\"},{\"@type\":\"ListItem\",\"position\":3,\"name\":\"Nam\u0173 kvapas su lazdel\u0117mis &#8222;Amber Dust&#8221; 50ml Aromatic 89\"}]},{\"@type\":\"WebSite\",\"@id\":\"https:\/\/rutana.lt\/#website\",\"url\":\"https:\/\/rutana.lt\/\",\"name\":\"Rutana - Ra\u0161tin\u0117s reikmenys\",\"description\":\"Prekiaujame pasaulin\u0117je rinkoje pripa\u017eintomis, kokybi\u0161komis biuro prek\u0117mis toki\u0173  gamintoj\u0173 kaip: Schneider, Esselte, Novus, 3M, Faber-Castell, Citizen, Milan, Leitz, Colop, Zebra, Staedtler, Durable, Tork, Parker, Waterman ir kt.\",\"publisher\":{\"@id\":\"https:\/\/rutana.lt\/#organization\"},\"potentialAction\":[{\"@type\":\"SearchAction\",\"target\":{\"@type\":\"EntryPoint\",\"urlTemplate\":\"https:\/\/rutana.lt\/?s={search_term_string}\"},\"query-input\":{\"@type\":\"PropertyValueSpecification\",\"valueRequired\":true,\"valueName\":\"search_term_string\"}}],\"inLanguage\":\"en-US\"},{\"@type\":\"Organization\",\"@id\":\"https:\/\/rutana.lt\/#organization\",\"name\":\"Rutana - Ra\u0161tin\u0117s reikmenys\",\"url\":\"https:\/\/rutana.lt\/\",\"logo\":{\"@type\":\"ImageObject\",\"inLanguage\":\"en-US\",\"@id\":\"https:\/\/rutana.lt\/#\/schema\/logo\/image\/\",\"url\":\"https:\/\/rutana.lt\/wp-content\/uploads\/2025\/10\/Asset-32.png\",\"contentUrl\":\"https:\/\/rutana.lt\/wp-content\/uploads\/2025\/10\/Asset-32.png\",\"width\":433,\"height\":119,\"caption\":\"Rutana - Ra\u0161tin\u0117s reikmenys\"},\"image\":{\"@id\":\"https:\/\/rutana.lt\/#\/schema\/logo\/image\/\"},\"sameAs\":[\"https:\/\/www.facebook.com\/RutanaKanceliarinesPrekes\/\"]}]}<\/script>\n<!-- \/ Yoast SEO plugin. -->","yoast_head_json":{"title":"Nam\u0173 kvapas su lazdel\u0117mis \"Amber Dust\" 50ml Aromatic 89 - Rutana - Ra\u0161tin\u0117s reikmenys","robots":{"index":"index","follow":"follow","max-snippet":"max-snippet:-1","max-image-preview":"max-image-preview:large","max-video-preview":"max-video-preview:-1"},"canonical":"https:\/\/rutana.lt\/en\/product\/namu-kvapas-su-lazdelemis-amber-dust-50ml-aromatic-89\/","og_locale":"en_US","og_type":"article","og_title":"Nam\u0173 kvapas su lazdel\u0117mis \"Amber Dust\" 50ml Aromatic 89 - Rutana - Ra\u0161tin\u0117s reikmenys","og_description":"Nuo vasari\u0161ko saldumo iki levand\u0173 kupinos ramyb\u0117s, nuo klasikos ir elegancijos iki modernumo \u2013 tai m\u016bs\u0173 kruop\u0161\u010diai atrinktos, auk\u0161\u010diausios klas\u0117s kvap\u0173 natos pasiruo\u0161usios suskamb\u0117ti J\u016bs\u0173 namuose. Prabanga, subtilumas, elegancija \u2013 tai savyb\u0117s, kurias sukuria aliejinio pagrindo kvapai pagaminti i\u0161 auk\u0161\u010diausios kokyb\u0117s ir kruop\u0161\u010diai atrinkt\u0173 bei suderint\u0173 ingredient\u0173. I\u0161skirtin\u0117 kvap\u0173 kompozicija Jus d\u017eiugins maloniais ir spalvingais [&hellip;]","og_url":"https:\/\/rutana.lt\/en\/product\/namu-kvapas-su-lazdelemis-amber-dust-50ml-aromatic-89\/","og_site_name":"Rutana - Ra\u0161tin\u0117s reikmenys","article_publisher":"https:\/\/www.facebook.com\/RutanaKanceliarinesPrekes\/","article_modified_time":"2025-10-13T13:54:52+00:00","og_image":[{"width":1500,"height":1500,"url":"https:\/\/rutana.lt\/wp-content\/uploads\/2025\/09\/B196-375.jpg","type":"image\/jpeg"}],"twitter_card":"summary_large_image","twitter_misc":{"Est. reading time":"1 minute"},"schema":{"@context":"https:\/\/schema.org","@graph":[{"@type":"WebPage","@id":"https:\/\/rutana.lt\/produktas\/namu-kvapas-su-lazdelemis-amber-dust-50ml-aromatic-89\/","url":"https:\/\/rutana.lt\/produktas\/namu-kvapas-su-lazdelemis-amber-dust-50ml-aromatic-89\/","name":"Nam\u0173 kvapas su lazdel\u0117mis \"Amber Dust\" 50ml Aromatic 89 - Rutana - Ra\u0161tin\u0117s reikmenys","isPartOf":{"@id":"https:\/\/rutana.lt\/#website"},"primaryImageOfPage":{"@id":"https:\/\/rutana.lt\/produktas\/namu-kvapas-su-lazdelemis-amber-dust-50ml-aromatic-89\/#primaryimage"},"image":{"@id":"https:\/\/rutana.lt\/produktas\/namu-kvapas-su-lazdelemis-amber-dust-50ml-aromatic-89\/#primaryimage"},"thumbnailUrl":"https:\/\/rutana.lt\/wp-content\/uploads\/2025\/09\/B196-375-1.jpg?v=1763564545","datePublished":"2025-09-03T07:54:35+00:00","dateModified":"2025-10-13T13:54:52+00:00","breadcrumb":{"@id":"https:\/\/rutana.lt\/produktas\/namu-kvapas-su-lazdelemis-amber-dust-50ml-aromatic-89\/#breadcrumb"},"inLanguage":"en-US","potentialAction":[{"@type":"ReadAction","target":["https:\/\/rutana.lt\/produktas\/namu-kvapas-su-lazdelemis-amber-dust-50ml-aromatic-89\/"]}]},{"@type":"ImageObject","inLanguage":"en-US","@id":"https:\/\/rutana.lt\/produktas\/namu-kvapas-su-lazdelemis-amber-dust-50ml-aromatic-89\/#primaryimage","url":"https:\/\/rutana.lt\/wp-content\/uploads\/2025\/09\/B196-375-1.jpg?v=1763564545","contentUrl":"https:\/\/rutana.lt\/wp-content\/uploads\/2025\/09\/B196-375-1.jpg?v=1763564545","width":1500,"height":1500},{"@type":"BreadcrumbList","@id":"https:\/\/rutana.lt\/produktas\/namu-kvapas-su-lazdelemis-amber-dust-50ml-aromatic-89\/#breadcrumb","itemListElement":[{"@type":"ListItem","position":1,"name":"Home","item":"https:\/\/rutana.lt\/"},{"@type":"ListItem","position":2,"name":"Parduotuv\u0117","item":"https:\/\/rutana.lt\/parduotuve\/"},{"@type":"ListItem","position":3,"name":"Nam\u0173 kvapas su lazdel\u0117mis &#8222;Amber Dust&#8221; 50ml Aromatic 89"}]},{"@type":"WebSite","@id":"https:\/\/rutana.lt\/#website","url":"https:\/\/rutana.lt\/","name":"Rutana - Ra\u0161tin\u0117s reikmenys","description":"Prekiaujame pasaulin\u0117je rinkoje pripa\u017eintomis, kokybi\u0161komis biuro prek\u0117mis toki\u0173  gamintoj\u0173 kaip: Schneider, Esselte, Novus, 3M, Faber-Castell, Citizen, Milan, Leitz, Colop, Zebra, Staedtler, Durable, Tork, Parker, Waterman ir kt.","publisher":{"@id":"https:\/\/rutana.lt\/#organization"},"potentialAction":[{"@type":"SearchAction","target":{"@type":"EntryPoint","urlTemplate":"https:\/\/rutana.lt\/?s={search_term_string}"},"query-input":{"@type":"PropertyValueSpecification","valueRequired":true,"valueName":"search_term_string"}}],"inLanguage":"en-US"},{"@type":"Organization","@id":"https:\/\/rutana.lt\/#organization","name":"Rutana - Ra\u0161tin\u0117s reikmenys","url":"https:\/\/rutana.lt\/","logo":{"@type":"ImageObject","inLanguage":"en-US","@id":"https:\/\/rutana.lt\/#\/schema\/logo\/image\/","url":"https:\/\/rutana.lt\/wp-content\/uploads\/2025\/10\/Asset-32.png","contentUrl":"https:\/\/rutana.lt\/wp-content\/uploads\/2025\/10\/Asset-32.png","width":433,"height":119,"caption":"Rutana - Ra\u0161tin\u0117s reikmenys"},"image":{"@id":"https:\/\/rutana.lt\/#\/schema\/logo\/image\/"},"sameAs":["https:\/\/www.facebook.com\/RutanaKanceliarinesPrekes\/"]}]}},"_links":{"self":[{"href":"https:\/\/rutana.lt\/en\/wp-json\/wp\/v2\/product\/17786","targetHints":{"allow":["GET"]}}],"collection":[{"href":"https:\/\/rutana.lt\/en\/wp-json\/wp\/v2\/product"}],"about":[{"href":"https:\/\/rutana.lt\/en\/wp-json\/wp\/v2\/types\/product"}],"replies":[{"embeddable":true,"href":"https:\/\/rutana.lt\/en\/wp-json\/wp\/v2\/comments?post=17786"}],"version-history":[{"count":1,"href":"https:\/\/rutana.lt\/en\/wp-json\/wp\/v2\/product\/17786\/revisions"}],"predecessor-version":[{"id":17826,"href":"https:\/\/rutana.lt\/en\/wp-json\/wp\/v2\/product\/17786\/revisions\/17826"}],"wp:featuredmedia":[{"embeddable":true,"href":"https:\/\/rutana.lt\/en\/wp-json\/wp\/v2\/media\/29520"}],"wp:attachment":[{"href":"https:\/\/rutana.lt\/en\/wp-json\/wp\/v2\/media?parent=17786"}],"wp:term":[{"taxonomy":"product_brand","embeddable":true,"href":"https:\/\/rutana.lt\/en\/wp-json\/wp\/v2\/product_brand?post=17786"},{"taxonomy":"product_cat","embeddable":true,"href":"https:\/\/rutana.lt\/en\/wp-json\/wp\/v2\/product_cat?post=17786"},{"taxonomy":"product_tag","embeddable":true,"href":"https:\/\/rutana.lt\/en\/wp-json\/wp\/v2\/product_tag?post=17786"}],"curies":[{"name":"wp","href":"https:\/\/api.w.org\/{rel}","templated":true}]}}