{"id":17680,"date":"2025-09-03T09:53:44","date_gmt":"2025-09-03T07:53:44","guid":{"rendered":"https:\/\/rutana.webdemo.lt\/?post_type=product&#038;p=17680"},"modified":"2025-10-13T15:54:31","modified_gmt":"2025-10-13T13:54:31","slug":"lipniu-lapeliu-kubas-51-x-51mm-400-lapeliu-ivairiu-spalvu-post-it-3m-2051-l","status":"publish","type":"product","link":"https:\/\/rutana.lt\/en\/product\/lipniu-lapeliu-kubas-51-x-51mm-400-lapeliu-ivairiu-spalvu-post-it-3m-2051-l\/","title":{"rendered":"Lipni\u0173 lapeli\u0173 kubas 51 x 51mm 400 lapeli\u0173 \u012fvairi\u0173 spalv\u0173 Post-it 3M 2051-L"},"content":{"rendered":"<p style=\"margin-bottom: 10px;\">\u201ePost-it\u00ae\u201c u\u017era\u0161\u0173 mini kubeliai yra \u012fvairi\u0173 spalv\u0173 ir puikiai tinkami tur\u0117ti ant stalo ar prekystalio, kad niekada nepritr\u016bkt\u0173 u\u017era\u0161\u0173 puikioms id\u0117joms. J\u0173 ma\u017eas dydis puikiai tinka trumpai informacijai u\u017era\u0161yti. Niekada neleiskite svarbiai id\u0117jai ar \u017einutei i\u0161slysti i\u0161 galvos su Post-it\u00ae Notes Mini Cube. \u0160ioje daugiaspalvi\u0173 lipni\u0173j\u0173 banknot\u0173 kr\u016bvoje yra daugiau lapeli\u0173 nei \u012fprastoje bloknot\u0173 pakuot\u0117je. Jie idealiai tinka trumpiems, bet svarbiems prane\u0161imams arba telefon\u0173 numeri\u0173 u\u017era\u0161ymui. Pad\u0117kite kub\u0105 ten, kur jo labiausiai reikia \u2013 ant stalo arba \u0161alia telefono, kad visada po ranka b\u016bt\u0173 lipnus lapelis. Post-it\u00ae u\u017era\u0161ai yra pagaminti i\u0161 PEFC sertifikuoto popieriaus pluo\u0161to, gaunamo i\u0161 tvariai tvarkom\u0173 mi\u0161k\u0173 ir kontroliuojam\u0173 \u0161altini\u0173.<\/p>\n<p style=\"margin-bottom: 10px;\">Lapelio i\u0161matavimai: 51 x 51 mm<\/p>\n<p style=\"margin-bottom: 10px;\">Lapeli\u0173 kiekis: 400 vnt.<\/p>\n<p style=\"margin-bottom: 10px;\">Lapeli\u0173 spalvos: geltona, m\u0117lyna, \u017ealia<\/p>\n<p style=\"margin-bottom: 10px;\">Kilm\u0117s \u0161alis: EU<\/p>\n<p style=\"margin-bottom: 10px;\">\n<p style=\"margin-bottom: 10px;\"><\/p>","protected":false},"excerpt":{"rendered":"<p>\u201ePost-it\u00ae\u201c u\u017era\u0161\u0173 mini kubeliai yra \u012fvairi\u0173 spalv\u0173 ir puikiai tinkami tur\u0117ti ant stalo ar prekystalio, kad niekada nepritr\u016bkt\u0173 u\u017era\u0161\u0173 puikioms id\u0117joms. J\u0173 ma\u017eas dydis puikiai tinka trumpai informacijai u\u017era\u0161yti. Niekada neleiskite svarbiai id\u0117jai ar \u017einutei i\u0161slysti i\u0161 galvos su Post-it\u00ae Notes Mini Cube. \u0160ioje daugiaspalvi\u0173 lipni\u0173j\u0173 banknot\u0173 kr\u016bvoje yra daugiau lapeli\u0173 nei \u012fprastoje bloknot\u0173 pakuot\u0117je. [&hellip;]<\/p>","protected":false},"featured_media":29480,"comment_status":"open","ping_status":"closed","template":"","meta":{"_season_start":"","_season_end":"","_season_days":"","_season_months":"","_season_auto_visibility":""},"product_brand":[242],"product_cat":[1771],"product_tag":[],"class_list":{"0":"post-17680","1":"product","2":"type-product","3":"status-publish","4":"has-post-thumbnail","6":"product_brand-3m","7":"product_cat-lipnus-kubai","9":"first","10":"instock","11":"taxable","12":"shipping-taxable","13":"purchasable","14":"product-type-simple"},"yoast_head":"<!-- This site is optimized with the Yoast SEO plugin v27.4 - https:\/\/yoast.com\/product\/yoast-seo-wordpress\/ -->\n<title>Lipni\u0173 lapeli\u0173 kubas 51 x 51mm 400 lapeli\u0173 \u012fvairi\u0173 spalv\u0173 Post-it 3M 2051-L - Rutana - Ra\u0161tin\u0117s reikmenys<\/title>\n<meta name=\"robots\" content=\"index, follow, max-snippet:-1, max-image-preview:large, max-video-preview:-1\" \/>\n<link rel=\"canonical\" href=\"https:\/\/rutana.lt\/en\/product\/lipniu-lapeliu-kubas-51-x-51mm-400-lapeliu-ivairiu-spalvu-post-it-3m-2051-l\/\" \/>\n<meta property=\"og:locale\" content=\"en_US\" \/>\n<meta property=\"og:type\" content=\"article\" \/>\n<meta property=\"og:title\" content=\"Lipni\u0173 lapeli\u0173 kubas 51 x 51mm 400 lapeli\u0173 \u012fvairi\u0173 spalv\u0173 Post-it 3M 2051-L - Rutana - Ra\u0161tin\u0117s reikmenys\" \/>\n<meta property=\"og:description\" content=\"\u201ePost-it\u00ae\u201c u\u017era\u0161\u0173 mini kubeliai yra \u012fvairi\u0173 spalv\u0173 ir puikiai tinkami tur\u0117ti ant stalo ar prekystalio, kad niekada nepritr\u016bkt\u0173 u\u017era\u0161\u0173 puikioms id\u0117joms. J\u0173 ma\u017eas dydis puikiai tinka trumpai informacijai u\u017era\u0161yti. Niekada neleiskite svarbiai id\u0117jai ar \u017einutei i\u0161slysti i\u0161 galvos su Post-it\u00ae Notes Mini Cube. \u0160ioje daugiaspalvi\u0173 lipni\u0173j\u0173 banknot\u0173 kr\u016bvoje yra daugiau lapeli\u0173 nei \u012fprastoje bloknot\u0173 pakuot\u0117je. [&hellip;]\" \/>\n<meta property=\"og:url\" content=\"https:\/\/rutana.lt\/en\/product\/lipniu-lapeliu-kubas-51-x-51mm-400-lapeliu-ivairiu-spalvu-post-it-3m-2051-l\/\" \/>\n<meta property=\"og:site_name\" content=\"Rutana - Ra\u0161tin\u0117s reikmenys\" \/>\n<meta property=\"article:publisher\" content=\"https:\/\/www.facebook.com\/RutanaKanceliarinesPrekes\/\" \/>\n<meta property=\"article:modified_time\" content=\"2025-10-13T13:54:31+00:00\" \/>\n<meta property=\"og:image\" content=\"https:\/\/rutana.lt\/wp-content\/uploads\/2025\/09\/A103-751.jpg\" \/>\n\t<meta property=\"og:image:width\" content=\"1024\" \/>\n\t<meta property=\"og:image:height\" content=\"1044\" \/>\n\t<meta property=\"og:image:type\" content=\"image\/jpeg\" \/>\n<meta name=\"twitter:card\" content=\"summary_large_image\" \/>\n<meta name=\"twitter:label1\" content=\"Est. reading time\" \/>\n\t<meta name=\"twitter:data1\" content=\"1 minute\" \/>\n<script type=\"application\/ld+json\" class=\"yoast-schema-graph\">{\"@context\":\"https:\\\/\\\/schema.org\",\"@graph\":[{\"@type\":\"WebPage\",\"@id\":\"https:\\\/\\\/rutana.lt\\\/produktas\\\/lipniu-lapeliu-kubas-51-x-51mm-400-lapeliu-ivairiu-spalvu-post-it-3m-2051-l\\\/\",\"url\":\"https:\\\/\\\/rutana.lt\\\/produktas\\\/lipniu-lapeliu-kubas-51-x-51mm-400-lapeliu-ivairiu-spalvu-post-it-3m-2051-l\\\/\",\"name\":\"Lipni\u0173 lapeli\u0173 kubas 51 x 51mm 400 lapeli\u0173 \u012fvairi\u0173 spalv\u0173 Post-it 3M 2051-L - Rutana - Ra\u0161tin\u0117s reikmenys\",\"isPartOf\":{\"@id\":\"https:\\\/\\\/rutana.lt\\\/#website\"},\"primaryImageOfPage\":{\"@id\":\"https:\\\/\\\/rutana.lt\\\/produktas\\\/lipniu-lapeliu-kubas-51-x-51mm-400-lapeliu-ivairiu-spalvu-post-it-3m-2051-l\\\/#primaryimage\"},\"image\":{\"@id\":\"https:\\\/\\\/rutana.lt\\\/produktas\\\/lipniu-lapeliu-kubas-51-x-51mm-400-lapeliu-ivairiu-spalvu-post-it-3m-2051-l\\\/#primaryimage\"},\"thumbnailUrl\":\"https:\\\/\\\/rutana.lt\\\/wp-content\\\/uploads\\\/2025\\\/09\\\/A103-751-1.jpg?v=1763564624\",\"datePublished\":\"2025-09-03T07:53:44+00:00\",\"dateModified\":\"2025-10-13T13:54:31+00:00\",\"breadcrumb\":{\"@id\":\"https:\\\/\\\/rutana.lt\\\/produktas\\\/lipniu-lapeliu-kubas-51-x-51mm-400-lapeliu-ivairiu-spalvu-post-it-3m-2051-l\\\/#breadcrumb\"},\"inLanguage\":\"en-US\",\"potentialAction\":[{\"@type\":\"ReadAction\",\"target\":[\"https:\\\/\\\/rutana.lt\\\/produktas\\\/lipniu-lapeliu-kubas-51-x-51mm-400-lapeliu-ivairiu-spalvu-post-it-3m-2051-l\\\/\"]}]},{\"@type\":\"ImageObject\",\"inLanguage\":\"en-US\",\"@id\":\"https:\\\/\\\/rutana.lt\\\/produktas\\\/lipniu-lapeliu-kubas-51-x-51mm-400-lapeliu-ivairiu-spalvu-post-it-3m-2051-l\\\/#primaryimage\",\"url\":\"https:\\\/\\\/rutana.lt\\\/wp-content\\\/uploads\\\/2025\\\/09\\\/A103-751-1.jpg?v=1763564624\",\"contentUrl\":\"https:\\\/\\\/rutana.lt\\\/wp-content\\\/uploads\\\/2025\\\/09\\\/A103-751-1.jpg?v=1763564624\",\"width\":1024,\"height\":1044},{\"@type\":\"BreadcrumbList\",\"@id\":\"https:\\\/\\\/rutana.lt\\\/produktas\\\/lipniu-lapeliu-kubas-51-x-51mm-400-lapeliu-ivairiu-spalvu-post-it-3m-2051-l\\\/#breadcrumb\",\"itemListElement\":[{\"@type\":\"ListItem\",\"position\":1,\"name\":\"Home\",\"item\":\"https:\\\/\\\/rutana.lt\\\/\"},{\"@type\":\"ListItem\",\"position\":2,\"name\":\"Parduotuv\u0117\",\"item\":\"https:\\\/\\\/rutana.lt\\\/parduotuve\\\/\"},{\"@type\":\"ListItem\",\"position\":3,\"name\":\"Lipni\u0173 lapeli\u0173 kubas 51 x 51mm 400 lapeli\u0173 \u012fvairi\u0173 spalv\u0173 Post-it 3M 2051-L\"}]},{\"@type\":\"WebSite\",\"@id\":\"https:\\\/\\\/rutana.lt\\\/#website\",\"url\":\"https:\\\/\\\/rutana.lt\\\/\",\"name\":\"Rutana - Ra\u0161tin\u0117s reikmenys\",\"description\":\"Prekiaujame pasaulin\u0117je rinkoje pripa\u017eintomis, kokybi\u0161komis biuro prek\u0117mis toki\u0173  gamintoj\u0173 kaip: Schneider, Esselte, Novus, 3M, Faber-Castell, Citizen, Milan, Leitz, Colop, Zebra, Staedtler, Durable, Tork, Parker, Waterman ir kt.\",\"publisher\":{\"@id\":\"https:\\\/\\\/rutana.lt\\\/#organization\"},\"potentialAction\":[{\"@type\":\"SearchAction\",\"target\":{\"@type\":\"EntryPoint\",\"urlTemplate\":\"https:\\\/\\\/rutana.lt\\\/?s={search_term_string}\"},\"query-input\":{\"@type\":\"PropertyValueSpecification\",\"valueRequired\":true,\"valueName\":\"search_term_string\"}}],\"inLanguage\":\"en-US\"},{\"@type\":\"Organization\",\"@id\":\"https:\\\/\\\/rutana.lt\\\/#organization\",\"name\":\"Rutana - Ra\u0161tin\u0117s reikmenys\",\"url\":\"https:\\\/\\\/rutana.lt\\\/\",\"logo\":{\"@type\":\"ImageObject\",\"inLanguage\":\"en-US\",\"@id\":\"https:\\\/\\\/rutana.lt\\\/#\\\/schema\\\/logo\\\/image\\\/\",\"url\":\"https:\\\/\\\/rutana.lt\\\/wp-content\\\/uploads\\\/2025\\\/10\\\/Asset-32.png\",\"contentUrl\":\"https:\\\/\\\/rutana.lt\\\/wp-content\\\/uploads\\\/2025\\\/10\\\/Asset-32.png\",\"width\":433,\"height\":119,\"caption\":\"Rutana - Ra\u0161tin\u0117s reikmenys\"},\"image\":{\"@id\":\"https:\\\/\\\/rutana.lt\\\/#\\\/schema\\\/logo\\\/image\\\/\"},\"sameAs\":[\"https:\\\/\\\/www.facebook.com\\\/RutanaKanceliarinesPrekes\\\/\"]}]}<\/script>\n<!-- \/ Yoast SEO plugin. -->","yoast_head_json":{"title":"Lipni\u0173 lapeli\u0173 kubas 51 x 51mm 400 lapeli\u0173 \u012fvairi\u0173 spalv\u0173 Post-it 3M 2051-L - Rutana - Ra\u0161tin\u0117s reikmenys","robots":{"index":"index","follow":"follow","max-snippet":"max-snippet:-1","max-image-preview":"max-image-preview:large","max-video-preview":"max-video-preview:-1"},"canonical":"https:\/\/rutana.lt\/en\/product\/lipniu-lapeliu-kubas-51-x-51mm-400-lapeliu-ivairiu-spalvu-post-it-3m-2051-l\/","og_locale":"en_US","og_type":"article","og_title":"Lipni\u0173 lapeli\u0173 kubas 51 x 51mm 400 lapeli\u0173 \u012fvairi\u0173 spalv\u0173 Post-it 3M 2051-L - Rutana - Ra\u0161tin\u0117s reikmenys","og_description":"\u201ePost-it\u00ae\u201c u\u017era\u0161\u0173 mini kubeliai yra \u012fvairi\u0173 spalv\u0173 ir puikiai tinkami tur\u0117ti ant stalo ar prekystalio, kad niekada nepritr\u016bkt\u0173 u\u017era\u0161\u0173 puikioms id\u0117joms. J\u0173 ma\u017eas dydis puikiai tinka trumpai informacijai u\u017era\u0161yti. Niekada neleiskite svarbiai id\u0117jai ar \u017einutei i\u0161slysti i\u0161 galvos su Post-it\u00ae Notes Mini Cube. \u0160ioje daugiaspalvi\u0173 lipni\u0173j\u0173 banknot\u0173 kr\u016bvoje yra daugiau lapeli\u0173 nei \u012fprastoje bloknot\u0173 pakuot\u0117je. [&hellip;]","og_url":"https:\/\/rutana.lt\/en\/product\/lipniu-lapeliu-kubas-51-x-51mm-400-lapeliu-ivairiu-spalvu-post-it-3m-2051-l\/","og_site_name":"Rutana - Ra\u0161tin\u0117s reikmenys","article_publisher":"https:\/\/www.facebook.com\/RutanaKanceliarinesPrekes\/","article_modified_time":"2025-10-13T13:54:31+00:00","og_image":[{"width":1024,"height":1044,"url":"https:\/\/rutana.lt\/wp-content\/uploads\/2025\/09\/A103-751.jpg","type":"image\/jpeg"}],"twitter_card":"summary_large_image","twitter_misc":{"Est. reading time":"1 minute"},"schema":{"@context":"https:\/\/schema.org","@graph":[{"@type":"WebPage","@id":"https:\/\/rutana.lt\/produktas\/lipniu-lapeliu-kubas-51-x-51mm-400-lapeliu-ivairiu-spalvu-post-it-3m-2051-l\/","url":"https:\/\/rutana.lt\/produktas\/lipniu-lapeliu-kubas-51-x-51mm-400-lapeliu-ivairiu-spalvu-post-it-3m-2051-l\/","name":"Lipni\u0173 lapeli\u0173 kubas 51 x 51mm 400 lapeli\u0173 \u012fvairi\u0173 spalv\u0173 Post-it 3M 2051-L - Rutana - Ra\u0161tin\u0117s reikmenys","isPartOf":{"@id":"https:\/\/rutana.lt\/#website"},"primaryImageOfPage":{"@id":"https:\/\/rutana.lt\/produktas\/lipniu-lapeliu-kubas-51-x-51mm-400-lapeliu-ivairiu-spalvu-post-it-3m-2051-l\/#primaryimage"},"image":{"@id":"https:\/\/rutana.lt\/produktas\/lipniu-lapeliu-kubas-51-x-51mm-400-lapeliu-ivairiu-spalvu-post-it-3m-2051-l\/#primaryimage"},"thumbnailUrl":"https:\/\/rutana.lt\/wp-content\/uploads\/2025\/09\/A103-751-1.jpg?v=1763564624","datePublished":"2025-09-03T07:53:44+00:00","dateModified":"2025-10-13T13:54:31+00:00","breadcrumb":{"@id":"https:\/\/rutana.lt\/produktas\/lipniu-lapeliu-kubas-51-x-51mm-400-lapeliu-ivairiu-spalvu-post-it-3m-2051-l\/#breadcrumb"},"inLanguage":"en-US","potentialAction":[{"@type":"ReadAction","target":["https:\/\/rutana.lt\/produktas\/lipniu-lapeliu-kubas-51-x-51mm-400-lapeliu-ivairiu-spalvu-post-it-3m-2051-l\/"]}]},{"@type":"ImageObject","inLanguage":"en-US","@id":"https:\/\/rutana.lt\/produktas\/lipniu-lapeliu-kubas-51-x-51mm-400-lapeliu-ivairiu-spalvu-post-it-3m-2051-l\/#primaryimage","url":"https:\/\/rutana.lt\/wp-content\/uploads\/2025\/09\/A103-751-1.jpg?v=1763564624","contentUrl":"https:\/\/rutana.lt\/wp-content\/uploads\/2025\/09\/A103-751-1.jpg?v=1763564624","width":1024,"height":1044},{"@type":"BreadcrumbList","@id":"https:\/\/rutana.lt\/produktas\/lipniu-lapeliu-kubas-51-x-51mm-400-lapeliu-ivairiu-spalvu-post-it-3m-2051-l\/#breadcrumb","itemListElement":[{"@type":"ListItem","position":1,"name":"Home","item":"https:\/\/rutana.lt\/"},{"@type":"ListItem","position":2,"name":"Parduotuv\u0117","item":"https:\/\/rutana.lt\/parduotuve\/"},{"@type":"ListItem","position":3,"name":"Lipni\u0173 lapeli\u0173 kubas 51 x 51mm 400 lapeli\u0173 \u012fvairi\u0173 spalv\u0173 Post-it 3M 2051-L"}]},{"@type":"WebSite","@id":"https:\/\/rutana.lt\/#website","url":"https:\/\/rutana.lt\/","name":"Rutana - Ra\u0161tin\u0117s reikmenys","description":"Prekiaujame pasaulin\u0117je rinkoje pripa\u017eintomis, kokybi\u0161komis biuro prek\u0117mis toki\u0173  gamintoj\u0173 kaip: Schneider, Esselte, Novus, 3M, Faber-Castell, Citizen, Milan, Leitz, Colop, Zebra, Staedtler, Durable, Tork, Parker, Waterman ir kt.","publisher":{"@id":"https:\/\/rutana.lt\/#organization"},"potentialAction":[{"@type":"SearchAction","target":{"@type":"EntryPoint","urlTemplate":"https:\/\/rutana.lt\/?s={search_term_string}"},"query-input":{"@type":"PropertyValueSpecification","valueRequired":true,"valueName":"search_term_string"}}],"inLanguage":"en-US"},{"@type":"Organization","@id":"https:\/\/rutana.lt\/#organization","name":"Rutana - Ra\u0161tin\u0117s reikmenys","url":"https:\/\/rutana.lt\/","logo":{"@type":"ImageObject","inLanguage":"en-US","@id":"https:\/\/rutana.lt\/#\/schema\/logo\/image\/","url":"https:\/\/rutana.lt\/wp-content\/uploads\/2025\/10\/Asset-32.png","contentUrl":"https:\/\/rutana.lt\/wp-content\/uploads\/2025\/10\/Asset-32.png","width":433,"height":119,"caption":"Rutana - Ra\u0161tin\u0117s reikmenys"},"image":{"@id":"https:\/\/rutana.lt\/#\/schema\/logo\/image\/"},"sameAs":["https:\/\/www.facebook.com\/RutanaKanceliarinesPrekes\/"]}]}},"_links":{"self":[{"href":"https:\/\/rutana.lt\/en\/wp-json\/wp\/v2\/product\/17680","targetHints":{"allow":["GET"]}}],"collection":[{"href":"https:\/\/rutana.lt\/en\/wp-json\/wp\/v2\/product"}],"about":[{"href":"https:\/\/rutana.lt\/en\/wp-json\/wp\/v2\/types\/product"}],"replies":[{"embeddable":true,"href":"https:\/\/rutana.lt\/en\/wp-json\/wp\/v2\/comments?post=17680"}],"version-history":[{"count":1,"href":"https:\/\/rutana.lt\/en\/wp-json\/wp\/v2\/product\/17680\/revisions"}],"predecessor-version":[{"id":17714,"href":"https:\/\/rutana.lt\/en\/wp-json\/wp\/v2\/product\/17680\/revisions\/17714"}],"wp:featuredmedia":[{"embeddable":true,"href":"https:\/\/rutana.lt\/en\/wp-json\/wp\/v2\/media\/29480"}],"wp:attachment":[{"href":"https:\/\/rutana.lt\/en\/wp-json\/wp\/v2\/media?parent=17680"}],"wp:term":[{"taxonomy":"product_brand","embeddable":true,"href":"https:\/\/rutana.lt\/en\/wp-json\/wp\/v2\/product_brand?post=17680"},{"taxonomy":"product_cat","embeddable":true,"href":"https:\/\/rutana.lt\/en\/wp-json\/wp\/v2\/product_cat?post=17680"},{"taxonomy":"product_tag","embeddable":true,"href":"https:\/\/rutana.lt\/en\/wp-json\/wp\/v2\/product_tag?post=17680"}],"curies":[{"name":"wp","href":"https:\/\/api.w.org\/{rel}","templated":true}]}}