{"id":17643,"date":"2025-09-03T09:53:23","date_gmt":"2025-09-03T07:53:23","guid":{"rendered":"https:\/\/rutana.webdemo.lt\/?post_type=product&#038;p=17643"},"modified":"2025-10-13T15:54:29","modified_gmt":"2025-10-13T13:54:29","slug":"grindu-sluoste-is-mikropluosto-50x60cm-kuchcik-3257","status":"publish","type":"product","link":"https:\/\/rutana.lt\/en\/product\/grindu-sluoste-is-mikropluosto-50x60cm-kuchcik-3257\/","title":{"rendered":"Grind\u0173 \u0161luost\u0117 i\u0161 mikropluo\u0161to 50x60cm Kuchcik 3257"},"content":{"rendered":"<p>Grind\u0173 \u0161luost\u0117 pagaminta i\u0161 mikropluo\u0161to &#8211; valo dulkes ir ne\u0161varumus. Tinka grindims ir visiems dideliems pavir\u0161iams. Valo dulkes ir ne\u0161varumus nuo medini\u0173, plastmasini\u0173 pavir\u0161i\u0173, marmuro ir kokli\u0173. Po naudojimo nepalieka valymo \u017eymi\u0173, dulkeli\u0173. Turi antistatini\u0173 savybi\u0173, kuri\u0173 d\u0117ka valomasis pavir\u0161ius nedulk\u0117ja. D\u0117mi\u0173 pa\u0161alinimui pakanka sudr\u0117kinti pa\u0161luost\u0119 \u0161variu vandeniu nenaudojant papildom\u0173 valymo priemoni\u0173. I\u0161skalbus daugiau nei 100 kart\u0173 60<span style=\"vertical-align: super;\">0 <\/span>C temperat\u016broje pa\u0161luost\u0117 nepraranda savo savybi\u0173.<\/p>\n<p>Med\u017eiaga: mikropluo\u0161tas<\/p>\n<p>Spalva: \u012fvairios<\/p>\n<p>Matmenys: 50 x 60 cm<\/p>\n<p>Svoris: 106 g <\/p>\n<p>Kilm\u0117s \u0161alis: Lenkija<\/p><\/p>","protected":false},"excerpt":{"rendered":"<p>Grind\u0173 \u0161luost\u0117 pagaminta i\u0161 mikropluo\u0161to &#8211; valo dulkes ir ne\u0161varumus. Tinka grindims ir visiems dideliems pavir\u0161iams. Valo dulkes ir ne\u0161varumus nuo medini\u0173, plastmasini\u0173 pavir\u0161i\u0173, marmuro ir kokli\u0173. Po naudojimo nepalieka valymo \u017eymi\u0173, dulkeli\u0173. Turi antistatini\u0173 savybi\u0173, kuri\u0173 d\u0117ka valomasis pavir\u0161ius nedulk\u0117ja. D\u0117mi\u0173 pa\u0161alinimui pakanka sudr\u0117kinti pa\u0161luost\u0119 \u0161variu vandeniu nenaudojant papildom\u0173 valymo priemoni\u0173. I\u0161skalbus daugiau nei [&hellip;]<\/p>","protected":false},"featured_media":29477,"comment_status":"open","ping_status":"closed","template":"","meta":{"_season_start":"","_season_end":"","_season_days":"","_season_months":"","_season_auto_visibility":""},"product_brand":[1047],"product_cat":[1688,1687],"product_tag":[],"class_list":{"0":"post-17643","1":"product","2":"type-product","3":"status-publish","4":"has-post-thumbnail","6":"product_brand-kuchcik","7":"product_cat-kempines","8":"product_cat-sluostes","10":"first","11":"instock","12":"taxable","13":"shipping-taxable","14":"purchasable","15":"product-type-simple"},"yoast_head":"<!-- This site is optimized with the Yoast SEO plugin v27.4 - https:\/\/yoast.com\/product\/yoast-seo-wordpress\/ -->\n<title>Grind\u0173 \u0161luost\u0117 i\u0161 mikropluo\u0161to 50x60cm Kuchcik 3257 - Rutana - Ra\u0161tin\u0117s reikmenys<\/title>\n<meta name=\"robots\" content=\"index, follow, max-snippet:-1, max-image-preview:large, max-video-preview:-1\" \/>\n<link rel=\"canonical\" href=\"https:\/\/rutana.lt\/en\/product\/grindu-sluoste-is-mikropluosto-50x60cm-kuchcik-3257\/\" \/>\n<meta property=\"og:locale\" content=\"en_US\" \/>\n<meta property=\"og:type\" content=\"article\" \/>\n<meta property=\"og:title\" content=\"Grind\u0173 \u0161luost\u0117 i\u0161 mikropluo\u0161to 50x60cm Kuchcik 3257 - Rutana - Ra\u0161tin\u0117s reikmenys\" \/>\n<meta property=\"og:description\" content=\"Grind\u0173 \u0161luost\u0117 pagaminta i\u0161 mikropluo\u0161to &#8211; valo dulkes ir ne\u0161varumus. Tinka grindims ir visiems dideliems pavir\u0161iams. Valo dulkes ir ne\u0161varumus nuo medini\u0173, plastmasini\u0173 pavir\u0161i\u0173, marmuro ir kokli\u0173. Po naudojimo nepalieka valymo \u017eymi\u0173, dulkeli\u0173. Turi antistatini\u0173 savybi\u0173, kuri\u0173 d\u0117ka valomasis pavir\u0161ius nedulk\u0117ja. D\u0117mi\u0173 pa\u0161alinimui pakanka sudr\u0117kinti pa\u0161luost\u0119 \u0161variu vandeniu nenaudojant papildom\u0173 valymo priemoni\u0173. I\u0161skalbus daugiau nei [&hellip;]\" \/>\n<meta property=\"og:url\" content=\"https:\/\/rutana.lt\/en\/product\/grindu-sluoste-is-mikropluosto-50x60cm-kuchcik-3257\/\" \/>\n<meta property=\"og:site_name\" content=\"Rutana - Ra\u0161tin\u0117s reikmenys\" \/>\n<meta property=\"article:publisher\" content=\"https:\/\/www.facebook.com\/RutanaKanceliarinesPrekes\/\" \/>\n<meta property=\"article:modified_time\" content=\"2025-10-13T13:54:29+00:00\" \/>\n<meta property=\"og:image\" content=\"https:\/\/rutana.lt\/wp-content\/uploads\/2025\/09\/B094-877.jpg\" \/>\n\t<meta property=\"og:image:width\" content=\"1200\" \/>\n\t<meta property=\"og:image:height\" content=\"1015\" \/>\n\t<meta property=\"og:image:type\" content=\"image\/jpeg\" \/>\n<meta name=\"twitter:card\" content=\"summary_large_image\" \/>\n<script type=\"application\/ld+json\" class=\"yoast-schema-graph\">{\"@context\":\"https:\\\/\\\/schema.org\",\"@graph\":[{\"@type\":\"WebPage\",\"@id\":\"https:\\\/\\\/rutana.lt\\\/produktas\\\/grindu-sluoste-is-mikropluosto-50x60cm-kuchcik-3257\\\/\",\"url\":\"https:\\\/\\\/rutana.lt\\\/produktas\\\/grindu-sluoste-is-mikropluosto-50x60cm-kuchcik-3257\\\/\",\"name\":\"Grind\u0173 \u0161luost\u0117 i\u0161 mikropluo\u0161to 50x60cm Kuchcik 3257 - Rutana - Ra\u0161tin\u0117s reikmenys\",\"isPartOf\":{\"@id\":\"https:\\\/\\\/rutana.lt\\\/#website\"},\"primaryImageOfPage\":{\"@id\":\"https:\\\/\\\/rutana.lt\\\/produktas\\\/grindu-sluoste-is-mikropluosto-50x60cm-kuchcik-3257\\\/#primaryimage\"},\"image\":{\"@id\":\"https:\\\/\\\/rutana.lt\\\/produktas\\\/grindu-sluoste-is-mikropluosto-50x60cm-kuchcik-3257\\\/#primaryimage\"},\"thumbnailUrl\":\"https:\\\/\\\/rutana.lt\\\/wp-content\\\/uploads\\\/2025\\\/09\\\/B094-877-1.jpg?v=1763564631\",\"datePublished\":\"2025-09-03T07:53:23+00:00\",\"dateModified\":\"2025-10-13T13:54:29+00:00\",\"breadcrumb\":{\"@id\":\"https:\\\/\\\/rutana.lt\\\/produktas\\\/grindu-sluoste-is-mikropluosto-50x60cm-kuchcik-3257\\\/#breadcrumb\"},\"inLanguage\":\"en-US\",\"potentialAction\":[{\"@type\":\"ReadAction\",\"target\":[\"https:\\\/\\\/rutana.lt\\\/produktas\\\/grindu-sluoste-is-mikropluosto-50x60cm-kuchcik-3257\\\/\"]}]},{\"@type\":\"ImageObject\",\"inLanguage\":\"en-US\",\"@id\":\"https:\\\/\\\/rutana.lt\\\/produktas\\\/grindu-sluoste-is-mikropluosto-50x60cm-kuchcik-3257\\\/#primaryimage\",\"url\":\"https:\\\/\\\/rutana.lt\\\/wp-content\\\/uploads\\\/2025\\\/09\\\/B094-877-1.jpg?v=1763564631\",\"contentUrl\":\"https:\\\/\\\/rutana.lt\\\/wp-content\\\/uploads\\\/2025\\\/09\\\/B094-877-1.jpg?v=1763564631\",\"width\":1200,\"height\":1015},{\"@type\":\"BreadcrumbList\",\"@id\":\"https:\\\/\\\/rutana.lt\\\/produktas\\\/grindu-sluoste-is-mikropluosto-50x60cm-kuchcik-3257\\\/#breadcrumb\",\"itemListElement\":[{\"@type\":\"ListItem\",\"position\":1,\"name\":\"Home\",\"item\":\"https:\\\/\\\/rutana.lt\\\/\"},{\"@type\":\"ListItem\",\"position\":2,\"name\":\"Parduotuv\u0117\",\"item\":\"https:\\\/\\\/rutana.lt\\\/parduotuve\\\/\"},{\"@type\":\"ListItem\",\"position\":3,\"name\":\"Grind\u0173 \u0161luost\u0117 i\u0161 mikropluo\u0161to 50x60cm Kuchcik 3257\"}]},{\"@type\":\"WebSite\",\"@id\":\"https:\\\/\\\/rutana.lt\\\/#website\",\"url\":\"https:\\\/\\\/rutana.lt\\\/\",\"name\":\"Rutana - Ra\u0161tin\u0117s reikmenys\",\"description\":\"Prekiaujame pasaulin\u0117je rinkoje pripa\u017eintomis, kokybi\u0161komis biuro prek\u0117mis toki\u0173  gamintoj\u0173 kaip: Schneider, Esselte, Novus, 3M, Faber-Castell, Citizen, Milan, Leitz, Colop, Zebra, Staedtler, Durable, Tork, Parker, Waterman ir kt.\",\"publisher\":{\"@id\":\"https:\\\/\\\/rutana.lt\\\/#organization\"},\"potentialAction\":[{\"@type\":\"SearchAction\",\"target\":{\"@type\":\"EntryPoint\",\"urlTemplate\":\"https:\\\/\\\/rutana.lt\\\/?s={search_term_string}\"},\"query-input\":{\"@type\":\"PropertyValueSpecification\",\"valueRequired\":true,\"valueName\":\"search_term_string\"}}],\"inLanguage\":\"en-US\"},{\"@type\":\"Organization\",\"@id\":\"https:\\\/\\\/rutana.lt\\\/#organization\",\"name\":\"Rutana - Ra\u0161tin\u0117s reikmenys\",\"url\":\"https:\\\/\\\/rutana.lt\\\/\",\"logo\":{\"@type\":\"ImageObject\",\"inLanguage\":\"en-US\",\"@id\":\"https:\\\/\\\/rutana.lt\\\/#\\\/schema\\\/logo\\\/image\\\/\",\"url\":\"https:\\\/\\\/rutana.lt\\\/wp-content\\\/uploads\\\/2025\\\/10\\\/Asset-32.png\",\"contentUrl\":\"https:\\\/\\\/rutana.lt\\\/wp-content\\\/uploads\\\/2025\\\/10\\\/Asset-32.png\",\"width\":433,\"height\":119,\"caption\":\"Rutana - Ra\u0161tin\u0117s reikmenys\"},\"image\":{\"@id\":\"https:\\\/\\\/rutana.lt\\\/#\\\/schema\\\/logo\\\/image\\\/\"},\"sameAs\":[\"https:\\\/\\\/www.facebook.com\\\/RutanaKanceliarinesPrekes\\\/\"]}]}<\/script>\n<!-- \/ Yoast SEO plugin. -->","yoast_head_json":{"title":"Grind\u0173 \u0161luost\u0117 i\u0161 mikropluo\u0161to 50x60cm Kuchcik 3257 - Rutana - Ra\u0161tin\u0117s reikmenys","robots":{"index":"index","follow":"follow","max-snippet":"max-snippet:-1","max-image-preview":"max-image-preview:large","max-video-preview":"max-video-preview:-1"},"canonical":"https:\/\/rutana.lt\/en\/product\/grindu-sluoste-is-mikropluosto-50x60cm-kuchcik-3257\/","og_locale":"en_US","og_type":"article","og_title":"Grind\u0173 \u0161luost\u0117 i\u0161 mikropluo\u0161to 50x60cm Kuchcik 3257 - Rutana - Ra\u0161tin\u0117s reikmenys","og_description":"Grind\u0173 \u0161luost\u0117 pagaminta i\u0161 mikropluo\u0161to &#8211; valo dulkes ir ne\u0161varumus. Tinka grindims ir visiems dideliems pavir\u0161iams. Valo dulkes ir ne\u0161varumus nuo medini\u0173, plastmasini\u0173 pavir\u0161i\u0173, marmuro ir kokli\u0173. Po naudojimo nepalieka valymo \u017eymi\u0173, dulkeli\u0173. Turi antistatini\u0173 savybi\u0173, kuri\u0173 d\u0117ka valomasis pavir\u0161ius nedulk\u0117ja. D\u0117mi\u0173 pa\u0161alinimui pakanka sudr\u0117kinti pa\u0161luost\u0119 \u0161variu vandeniu nenaudojant papildom\u0173 valymo priemoni\u0173. I\u0161skalbus daugiau nei [&hellip;]","og_url":"https:\/\/rutana.lt\/en\/product\/grindu-sluoste-is-mikropluosto-50x60cm-kuchcik-3257\/","og_site_name":"Rutana - Ra\u0161tin\u0117s reikmenys","article_publisher":"https:\/\/www.facebook.com\/RutanaKanceliarinesPrekes\/","article_modified_time":"2025-10-13T13:54:29+00:00","og_image":[{"width":1200,"height":1015,"url":"https:\/\/rutana.lt\/wp-content\/uploads\/2025\/09\/B094-877.jpg","type":"image\/jpeg"}],"twitter_card":"summary_large_image","schema":{"@context":"https:\/\/schema.org","@graph":[{"@type":"WebPage","@id":"https:\/\/rutana.lt\/produktas\/grindu-sluoste-is-mikropluosto-50x60cm-kuchcik-3257\/","url":"https:\/\/rutana.lt\/produktas\/grindu-sluoste-is-mikropluosto-50x60cm-kuchcik-3257\/","name":"Grind\u0173 \u0161luost\u0117 i\u0161 mikropluo\u0161to 50x60cm Kuchcik 3257 - Rutana - Ra\u0161tin\u0117s reikmenys","isPartOf":{"@id":"https:\/\/rutana.lt\/#website"},"primaryImageOfPage":{"@id":"https:\/\/rutana.lt\/produktas\/grindu-sluoste-is-mikropluosto-50x60cm-kuchcik-3257\/#primaryimage"},"image":{"@id":"https:\/\/rutana.lt\/produktas\/grindu-sluoste-is-mikropluosto-50x60cm-kuchcik-3257\/#primaryimage"},"thumbnailUrl":"https:\/\/rutana.lt\/wp-content\/uploads\/2025\/09\/B094-877-1.jpg?v=1763564631","datePublished":"2025-09-03T07:53:23+00:00","dateModified":"2025-10-13T13:54:29+00:00","breadcrumb":{"@id":"https:\/\/rutana.lt\/produktas\/grindu-sluoste-is-mikropluosto-50x60cm-kuchcik-3257\/#breadcrumb"},"inLanguage":"en-US","potentialAction":[{"@type":"ReadAction","target":["https:\/\/rutana.lt\/produktas\/grindu-sluoste-is-mikropluosto-50x60cm-kuchcik-3257\/"]}]},{"@type":"ImageObject","inLanguage":"en-US","@id":"https:\/\/rutana.lt\/produktas\/grindu-sluoste-is-mikropluosto-50x60cm-kuchcik-3257\/#primaryimage","url":"https:\/\/rutana.lt\/wp-content\/uploads\/2025\/09\/B094-877-1.jpg?v=1763564631","contentUrl":"https:\/\/rutana.lt\/wp-content\/uploads\/2025\/09\/B094-877-1.jpg?v=1763564631","width":1200,"height":1015},{"@type":"BreadcrumbList","@id":"https:\/\/rutana.lt\/produktas\/grindu-sluoste-is-mikropluosto-50x60cm-kuchcik-3257\/#breadcrumb","itemListElement":[{"@type":"ListItem","position":1,"name":"Home","item":"https:\/\/rutana.lt\/"},{"@type":"ListItem","position":2,"name":"Parduotuv\u0117","item":"https:\/\/rutana.lt\/parduotuve\/"},{"@type":"ListItem","position":3,"name":"Grind\u0173 \u0161luost\u0117 i\u0161 mikropluo\u0161to 50x60cm Kuchcik 3257"}]},{"@type":"WebSite","@id":"https:\/\/rutana.lt\/#website","url":"https:\/\/rutana.lt\/","name":"Rutana - Ra\u0161tin\u0117s reikmenys","description":"Prekiaujame pasaulin\u0117je rinkoje pripa\u017eintomis, kokybi\u0161komis biuro prek\u0117mis toki\u0173  gamintoj\u0173 kaip: Schneider, Esselte, Novus, 3M, Faber-Castell, Citizen, Milan, Leitz, Colop, Zebra, Staedtler, Durable, Tork, Parker, Waterman ir kt.","publisher":{"@id":"https:\/\/rutana.lt\/#organization"},"potentialAction":[{"@type":"SearchAction","target":{"@type":"EntryPoint","urlTemplate":"https:\/\/rutana.lt\/?s={search_term_string}"},"query-input":{"@type":"PropertyValueSpecification","valueRequired":true,"valueName":"search_term_string"}}],"inLanguage":"en-US"},{"@type":"Organization","@id":"https:\/\/rutana.lt\/#organization","name":"Rutana - Ra\u0161tin\u0117s reikmenys","url":"https:\/\/rutana.lt\/","logo":{"@type":"ImageObject","inLanguage":"en-US","@id":"https:\/\/rutana.lt\/#\/schema\/logo\/image\/","url":"https:\/\/rutana.lt\/wp-content\/uploads\/2025\/10\/Asset-32.png","contentUrl":"https:\/\/rutana.lt\/wp-content\/uploads\/2025\/10\/Asset-32.png","width":433,"height":119,"caption":"Rutana - Ra\u0161tin\u0117s reikmenys"},"image":{"@id":"https:\/\/rutana.lt\/#\/schema\/logo\/image\/"},"sameAs":["https:\/\/www.facebook.com\/RutanaKanceliarinesPrekes\/"]}]}},"_links":{"self":[{"href":"https:\/\/rutana.lt\/en\/wp-json\/wp\/v2\/product\/17643","targetHints":{"allow":["GET"]}}],"collection":[{"href":"https:\/\/rutana.lt\/en\/wp-json\/wp\/v2\/product"}],"about":[{"href":"https:\/\/rutana.lt\/en\/wp-json\/wp\/v2\/types\/product"}],"replies":[{"embeddable":true,"href":"https:\/\/rutana.lt\/en\/wp-json\/wp\/v2\/comments?post=17643"}],"version-history":[{"count":1,"href":"https:\/\/rutana.lt\/en\/wp-json\/wp\/v2\/product\/17643\/revisions"}],"predecessor-version":[{"id":17708,"href":"https:\/\/rutana.lt\/en\/wp-json\/wp\/v2\/product\/17643\/revisions\/17708"}],"wp:featuredmedia":[{"embeddable":true,"href":"https:\/\/rutana.lt\/en\/wp-json\/wp\/v2\/media\/29477"}],"wp:attachment":[{"href":"https:\/\/rutana.lt\/en\/wp-json\/wp\/v2\/media?parent=17643"}],"wp:term":[{"taxonomy":"product_brand","embeddable":true,"href":"https:\/\/rutana.lt\/en\/wp-json\/wp\/v2\/product_brand?post=17643"},{"taxonomy":"product_cat","embeddable":true,"href":"https:\/\/rutana.lt\/en\/wp-json\/wp\/v2\/product_cat?post=17643"},{"taxonomy":"product_tag","embeddable":true,"href":"https:\/\/rutana.lt\/en\/wp-json\/wp\/v2\/product_tag?post=17643"}],"curies":[{"name":"wp","href":"https:\/\/api.w.org\/{rel}","templated":true}]}}