{"id":17632,"date":"2025-09-03T09:53:22","date_gmt":"2025-09-03T07:53:22","guid":{"rendered":"https:\/\/rutana.webdemo.lt\/?post_type=product&#038;p=17632"},"modified":"2025-10-13T15:54:26","modified_gmt":"2025-10-13T13:54:26","slug":"maiselis-popierinis-180x80x225mm-baltas-37976","status":"publish","type":"product","link":"https:\/\/rutana.lt\/en\/product\/maiselis-popierinis-180x80x225mm-baltas-37976\/","title":{"rendered":"Mai\u0161elis popierinis 180x80x225mm baltas 37976"},"content":{"rendered":"<p>Twist tipo mai\u0161eliai pagaminti i\u0161 balinto, perdirbto kraft popieriaus. Su sukto popieriaus ranken\u0117l\u0117mis, \u012fklijuotomis \u012f vid\u0173. \u0160ie mai\u0161eliai puikus ir patogus pasirinkimas produkcijos ar dovan\u0173 pakavimui. D\u0117l savo nat\u016bralios i\u0161vaizdos tinkami d\u0117ti individuali\u0105 spaud\u0105, klijuoti lipdukus ar kitaip dekoruoti. Atlaiko iki 11 kg.<\/p>\n<p>Spalva: balta<\/p>\n<p style=\"margin-bottom: 10px;\">Mai\u0161elio matmenys: 180 x 80 x 225 mm<\/p>\n<p style=\"margin-bottom: 10px;\">Mai\u0161elio storis: 90 g \/ m <span style=\"vertical-align: super;\">2<\/span><\/p>\n<p style=\"margin-bottom: 10px;\">Kilm\u0117s \u0161alis: Lietuva<\/p>","protected":false},"excerpt":{"rendered":"<p>Twist tipo mai\u0161eliai pagaminti i\u0161 balinto, perdirbto kraft popieriaus. Su sukto popieriaus ranken\u0117l\u0117mis, \u012fklijuotomis \u012f vid\u0173. \u0160ie mai\u0161eliai puikus ir patogus pasirinkimas produkcijos ar dovan\u0173 pakavimui. D\u0117l savo nat\u016bralios i\u0161vaizdos tinkami d\u0117ti individuali\u0105 spaud\u0105, klijuoti lipdukus ar kitaip dekoruoti. Atlaiko iki 11 kg. Spalva: balta Mai\u0161elio matmenys: 180 x 80 x 225 mm Mai\u0161elio storis: [&hellip;]<\/p>","protected":false},"featured_media":29466,"comment_status":"open","ping_status":"closed","template":"","meta":{"_season_start":"","_season_end":"","_season_days":"","_season_months":"","_season_auto_visibility":""},"product_brand":[83],"product_cat":[1723],"product_tag":[],"class_list":{"0":"post-17632","1":"product","2":"type-product","3":"status-publish","4":"has-post-thumbnail","6":"product_brand-null","7":"product_cat-dovanu-maiseliai","9":"first","10":"instock","11":"taxable","12":"shipping-taxable","13":"purchasable","14":"product-type-simple"},"yoast_head":"<!-- This site is optimized with the Yoast SEO plugin v27.4 - https:\/\/yoast.com\/product\/yoast-seo-wordpress\/ -->\n<title>Mai\u0161elis popierinis 180x80x225mm baltas 37976 - Rutana - Ra\u0161tin\u0117s reikmenys<\/title>\n<meta name=\"robots\" content=\"index, follow, max-snippet:-1, max-image-preview:large, max-video-preview:-1\" \/>\n<link rel=\"canonical\" href=\"https:\/\/rutana.lt\/en\/product\/maiselis-popierinis-180x80x225mm-baltas-37976\/\" \/>\n<meta property=\"og:locale\" content=\"en_US\" \/>\n<meta property=\"og:type\" content=\"article\" \/>\n<meta property=\"og:title\" content=\"Mai\u0161elis popierinis 180x80x225mm baltas 37976 - Rutana - Ra\u0161tin\u0117s reikmenys\" \/>\n<meta property=\"og:description\" content=\"Twist tipo mai\u0161eliai pagaminti i\u0161 balinto, perdirbto kraft popieriaus. Su sukto popieriaus ranken\u0117l\u0117mis, \u012fklijuotomis \u012f vid\u0173. \u0160ie mai\u0161eliai puikus ir patogus pasirinkimas produkcijos ar dovan\u0173 pakavimui. D\u0117l savo nat\u016bralios i\u0161vaizdos tinkami d\u0117ti individuali\u0105 spaud\u0105, klijuoti lipdukus ar kitaip dekoruoti. Atlaiko iki 11 kg. Spalva: balta Mai\u0161elio matmenys: 180 x 80 x 225 mm Mai\u0161elio storis: [&hellip;]\" \/>\n<meta property=\"og:url\" content=\"https:\/\/rutana.lt\/en\/product\/maiselis-popierinis-180x80x225mm-baltas-37976\/\" \/>\n<meta property=\"og:site_name\" content=\"Rutana - Ra\u0161tin\u0117s reikmenys\" \/>\n<meta property=\"article:publisher\" content=\"https:\/\/www.facebook.com\/RutanaKanceliarinesPrekes\/\" \/>\n<meta property=\"article:modified_time\" content=\"2025-10-13T13:54:26+00:00\" \/>\n<meta property=\"og:image\" content=\"https:\/\/rutana.lt\/wp-content\/uploads\/2025\/09\/A091-017.jpg\" \/>\n\t<meta property=\"og:image:width\" content=\"1024\" \/>\n\t<meta property=\"og:image:height\" content=\"1044\" \/>\n\t<meta property=\"og:image:type\" content=\"image\/jpeg\" \/>\n<meta name=\"twitter:card\" content=\"summary_large_image\" \/>\n<script type=\"application\/ld+json\" class=\"yoast-schema-graph\">{\"@context\":\"https:\\\/\\\/schema.org\",\"@graph\":[{\"@type\":\"WebPage\",\"@id\":\"https:\\\/\\\/rutana.lt\\\/produktas\\\/maiselis-popierinis-180x80x225mm-baltas-37976\\\/\",\"url\":\"https:\\\/\\\/rutana.lt\\\/produktas\\\/maiselis-popierinis-180x80x225mm-baltas-37976\\\/\",\"name\":\"Mai\u0161elis popierinis 180x80x225mm baltas 37976 - Rutana - Ra\u0161tin\u0117s reikmenys\",\"isPartOf\":{\"@id\":\"https:\\\/\\\/rutana.lt\\\/#website\"},\"primaryImageOfPage\":{\"@id\":\"https:\\\/\\\/rutana.lt\\\/produktas\\\/maiselis-popierinis-180x80x225mm-baltas-37976\\\/#primaryimage\"},\"image\":{\"@id\":\"https:\\\/\\\/rutana.lt\\\/produktas\\\/maiselis-popierinis-180x80x225mm-baltas-37976\\\/#primaryimage\"},\"thumbnailUrl\":\"https:\\\/\\\/rutana.lt\\\/wp-content\\\/uploads\\\/2025\\\/09\\\/A091-017-1.jpg?v=1763564664\",\"datePublished\":\"2025-09-03T07:53:22+00:00\",\"dateModified\":\"2025-10-13T13:54:26+00:00\",\"breadcrumb\":{\"@id\":\"https:\\\/\\\/rutana.lt\\\/produktas\\\/maiselis-popierinis-180x80x225mm-baltas-37976\\\/#breadcrumb\"},\"inLanguage\":\"en-US\",\"potentialAction\":[{\"@type\":\"ReadAction\",\"target\":[\"https:\\\/\\\/rutana.lt\\\/produktas\\\/maiselis-popierinis-180x80x225mm-baltas-37976\\\/\"]}]},{\"@type\":\"ImageObject\",\"inLanguage\":\"en-US\",\"@id\":\"https:\\\/\\\/rutana.lt\\\/produktas\\\/maiselis-popierinis-180x80x225mm-baltas-37976\\\/#primaryimage\",\"url\":\"https:\\\/\\\/rutana.lt\\\/wp-content\\\/uploads\\\/2025\\\/09\\\/A091-017-1.jpg?v=1763564664\",\"contentUrl\":\"https:\\\/\\\/rutana.lt\\\/wp-content\\\/uploads\\\/2025\\\/09\\\/A091-017-1.jpg?v=1763564664\",\"width\":1024,\"height\":1044},{\"@type\":\"BreadcrumbList\",\"@id\":\"https:\\\/\\\/rutana.lt\\\/produktas\\\/maiselis-popierinis-180x80x225mm-baltas-37976\\\/#breadcrumb\",\"itemListElement\":[{\"@type\":\"ListItem\",\"position\":1,\"name\":\"Home\",\"item\":\"https:\\\/\\\/rutana.lt\\\/\"},{\"@type\":\"ListItem\",\"position\":2,\"name\":\"Parduotuv\u0117\",\"item\":\"https:\\\/\\\/rutana.lt\\\/parduotuve\\\/\"},{\"@type\":\"ListItem\",\"position\":3,\"name\":\"Mai\u0161elis popierinis 180x80x225mm baltas 37976\"}]},{\"@type\":\"WebSite\",\"@id\":\"https:\\\/\\\/rutana.lt\\\/#website\",\"url\":\"https:\\\/\\\/rutana.lt\\\/\",\"name\":\"Rutana - Ra\u0161tin\u0117s reikmenys\",\"description\":\"Prekiaujame pasaulin\u0117je rinkoje pripa\u017eintomis, kokybi\u0161komis biuro prek\u0117mis toki\u0173  gamintoj\u0173 kaip: Schneider, Esselte, Novus, 3M, Faber-Castell, Citizen, Milan, Leitz, Colop, Zebra, Staedtler, Durable, Tork, Parker, Waterman ir kt.\",\"publisher\":{\"@id\":\"https:\\\/\\\/rutana.lt\\\/#organization\"},\"potentialAction\":[{\"@type\":\"SearchAction\",\"target\":{\"@type\":\"EntryPoint\",\"urlTemplate\":\"https:\\\/\\\/rutana.lt\\\/?s={search_term_string}\"},\"query-input\":{\"@type\":\"PropertyValueSpecification\",\"valueRequired\":true,\"valueName\":\"search_term_string\"}}],\"inLanguage\":\"en-US\"},{\"@type\":\"Organization\",\"@id\":\"https:\\\/\\\/rutana.lt\\\/#organization\",\"name\":\"Rutana - Ra\u0161tin\u0117s reikmenys\",\"url\":\"https:\\\/\\\/rutana.lt\\\/\",\"logo\":{\"@type\":\"ImageObject\",\"inLanguage\":\"en-US\",\"@id\":\"https:\\\/\\\/rutana.lt\\\/#\\\/schema\\\/logo\\\/image\\\/\",\"url\":\"https:\\\/\\\/rutana.lt\\\/wp-content\\\/uploads\\\/2025\\\/10\\\/Asset-32.png\",\"contentUrl\":\"https:\\\/\\\/rutana.lt\\\/wp-content\\\/uploads\\\/2025\\\/10\\\/Asset-32.png\",\"width\":433,\"height\":119,\"caption\":\"Rutana - Ra\u0161tin\u0117s reikmenys\"},\"image\":{\"@id\":\"https:\\\/\\\/rutana.lt\\\/#\\\/schema\\\/logo\\\/image\\\/\"},\"sameAs\":[\"https:\\\/\\\/www.facebook.com\\\/RutanaKanceliarinesPrekes\\\/\"]}]}<\/script>\n<!-- \/ Yoast SEO plugin. -->","yoast_head_json":{"title":"Mai\u0161elis popierinis 180x80x225mm baltas 37976 - Rutana - Ra\u0161tin\u0117s reikmenys","robots":{"index":"index","follow":"follow","max-snippet":"max-snippet:-1","max-image-preview":"max-image-preview:large","max-video-preview":"max-video-preview:-1"},"canonical":"https:\/\/rutana.lt\/en\/product\/maiselis-popierinis-180x80x225mm-baltas-37976\/","og_locale":"en_US","og_type":"article","og_title":"Mai\u0161elis popierinis 180x80x225mm baltas 37976 - Rutana - Ra\u0161tin\u0117s reikmenys","og_description":"Twist tipo mai\u0161eliai pagaminti i\u0161 balinto, perdirbto kraft popieriaus. Su sukto popieriaus ranken\u0117l\u0117mis, \u012fklijuotomis \u012f vid\u0173. \u0160ie mai\u0161eliai puikus ir patogus pasirinkimas produkcijos ar dovan\u0173 pakavimui. D\u0117l savo nat\u016bralios i\u0161vaizdos tinkami d\u0117ti individuali\u0105 spaud\u0105, klijuoti lipdukus ar kitaip dekoruoti. Atlaiko iki 11 kg. Spalva: balta Mai\u0161elio matmenys: 180 x 80 x 225 mm Mai\u0161elio storis: [&hellip;]","og_url":"https:\/\/rutana.lt\/en\/product\/maiselis-popierinis-180x80x225mm-baltas-37976\/","og_site_name":"Rutana - Ra\u0161tin\u0117s reikmenys","article_publisher":"https:\/\/www.facebook.com\/RutanaKanceliarinesPrekes\/","article_modified_time":"2025-10-13T13:54:26+00:00","og_image":[{"width":1024,"height":1044,"url":"https:\/\/rutana.lt\/wp-content\/uploads\/2025\/09\/A091-017.jpg","type":"image\/jpeg"}],"twitter_card":"summary_large_image","schema":{"@context":"https:\/\/schema.org","@graph":[{"@type":"WebPage","@id":"https:\/\/rutana.lt\/produktas\/maiselis-popierinis-180x80x225mm-baltas-37976\/","url":"https:\/\/rutana.lt\/produktas\/maiselis-popierinis-180x80x225mm-baltas-37976\/","name":"Mai\u0161elis popierinis 180x80x225mm baltas 37976 - Rutana - Ra\u0161tin\u0117s reikmenys","isPartOf":{"@id":"https:\/\/rutana.lt\/#website"},"primaryImageOfPage":{"@id":"https:\/\/rutana.lt\/produktas\/maiselis-popierinis-180x80x225mm-baltas-37976\/#primaryimage"},"image":{"@id":"https:\/\/rutana.lt\/produktas\/maiselis-popierinis-180x80x225mm-baltas-37976\/#primaryimage"},"thumbnailUrl":"https:\/\/rutana.lt\/wp-content\/uploads\/2025\/09\/A091-017-1.jpg?v=1763564664","datePublished":"2025-09-03T07:53:22+00:00","dateModified":"2025-10-13T13:54:26+00:00","breadcrumb":{"@id":"https:\/\/rutana.lt\/produktas\/maiselis-popierinis-180x80x225mm-baltas-37976\/#breadcrumb"},"inLanguage":"en-US","potentialAction":[{"@type":"ReadAction","target":["https:\/\/rutana.lt\/produktas\/maiselis-popierinis-180x80x225mm-baltas-37976\/"]}]},{"@type":"ImageObject","inLanguage":"en-US","@id":"https:\/\/rutana.lt\/produktas\/maiselis-popierinis-180x80x225mm-baltas-37976\/#primaryimage","url":"https:\/\/rutana.lt\/wp-content\/uploads\/2025\/09\/A091-017-1.jpg?v=1763564664","contentUrl":"https:\/\/rutana.lt\/wp-content\/uploads\/2025\/09\/A091-017-1.jpg?v=1763564664","width":1024,"height":1044},{"@type":"BreadcrumbList","@id":"https:\/\/rutana.lt\/produktas\/maiselis-popierinis-180x80x225mm-baltas-37976\/#breadcrumb","itemListElement":[{"@type":"ListItem","position":1,"name":"Home","item":"https:\/\/rutana.lt\/"},{"@type":"ListItem","position":2,"name":"Parduotuv\u0117","item":"https:\/\/rutana.lt\/parduotuve\/"},{"@type":"ListItem","position":3,"name":"Mai\u0161elis popierinis 180x80x225mm baltas 37976"}]},{"@type":"WebSite","@id":"https:\/\/rutana.lt\/#website","url":"https:\/\/rutana.lt\/","name":"Rutana - Ra\u0161tin\u0117s reikmenys","description":"Prekiaujame pasaulin\u0117je rinkoje pripa\u017eintomis, kokybi\u0161komis biuro prek\u0117mis toki\u0173  gamintoj\u0173 kaip: Schneider, Esselte, Novus, 3M, Faber-Castell, Citizen, Milan, Leitz, Colop, Zebra, Staedtler, Durable, Tork, Parker, Waterman ir kt.","publisher":{"@id":"https:\/\/rutana.lt\/#organization"},"potentialAction":[{"@type":"SearchAction","target":{"@type":"EntryPoint","urlTemplate":"https:\/\/rutana.lt\/?s={search_term_string}"},"query-input":{"@type":"PropertyValueSpecification","valueRequired":true,"valueName":"search_term_string"}}],"inLanguage":"en-US"},{"@type":"Organization","@id":"https:\/\/rutana.lt\/#organization","name":"Rutana - Ra\u0161tin\u0117s reikmenys","url":"https:\/\/rutana.lt\/","logo":{"@type":"ImageObject","inLanguage":"en-US","@id":"https:\/\/rutana.lt\/#\/schema\/logo\/image\/","url":"https:\/\/rutana.lt\/wp-content\/uploads\/2025\/10\/Asset-32.png","contentUrl":"https:\/\/rutana.lt\/wp-content\/uploads\/2025\/10\/Asset-32.png","width":433,"height":119,"caption":"Rutana - Ra\u0161tin\u0117s reikmenys"},"image":{"@id":"https:\/\/rutana.lt\/#\/schema\/logo\/image\/"},"sameAs":["https:\/\/www.facebook.com\/RutanaKanceliarinesPrekes\/"]}]}},"_links":{"self":[{"href":"https:\/\/rutana.lt\/en\/wp-json\/wp\/v2\/product\/17632","targetHints":{"allow":["GET"]}}],"collection":[{"href":"https:\/\/rutana.lt\/en\/wp-json\/wp\/v2\/product"}],"about":[{"href":"https:\/\/rutana.lt\/en\/wp-json\/wp\/v2\/types\/product"}],"replies":[{"embeddable":true,"href":"https:\/\/rutana.lt\/en\/wp-json\/wp\/v2\/comments?post=17632"}],"version-history":[{"count":1,"href":"https:\/\/rutana.lt\/en\/wp-json\/wp\/v2\/product\/17632\/revisions"}],"predecessor-version":[{"id":17668,"href":"https:\/\/rutana.lt\/en\/wp-json\/wp\/v2\/product\/17632\/revisions\/17668"}],"wp:featuredmedia":[{"embeddable":true,"href":"https:\/\/rutana.lt\/en\/wp-json\/wp\/v2\/media\/29466"}],"wp:attachment":[{"href":"https:\/\/rutana.lt\/en\/wp-json\/wp\/v2\/media?parent=17632"}],"wp:term":[{"taxonomy":"product_brand","embeddable":true,"href":"https:\/\/rutana.lt\/en\/wp-json\/wp\/v2\/product_brand?post=17632"},{"taxonomy":"product_cat","embeddable":true,"href":"https:\/\/rutana.lt\/en\/wp-json\/wp\/v2\/product_cat?post=17632"},{"taxonomy":"product_tag","embeddable":true,"href":"https:\/\/rutana.lt\/en\/wp-json\/wp\/v2\/product_tag?post=17632"}],"curies":[{"name":"wp","href":"https:\/\/api.w.org\/{rel}","templated":true}]}}