{"id":17526,"date":"2025-09-03T09:52:37","date_gmt":"2025-09-03T07:52:37","guid":{"rendered":"https:\/\/rutana.webdemo.lt\/?post_type=product&#038;p=17526"},"modified":"2025-10-13T15:54:11","modified_gmt":"2025-10-13T13:54:11","slug":"dokumentu-imaute-a4-60mic-skaidri-forofis-91106","status":"publish","type":"product","link":"https:\/\/rutana.lt\/en\/product\/dokumentu-imaute-a4-60mic-skaidri-forofis-91106\/","title":{"rendered":"Dokument\u0173 \u012fmaut\u0117 A4 60mic skaidri Forofis 91106"},"content":{"rendered":"<p>Auk\u0161\u010diausios kokyb\u0117s \u012fmaut\u0117 dokumentams. Pagaminta i\u0161 skaidraus polipropileno. \u012ed\u0117jimas i\u0161 vir\u0161aus. Naudojama dokument\u0173 archyvavimui ir apsaugai. Perforacija kair\u0117je pus\u0117je leid\u017eia \u012fd\u0117ti dokument\u0105 \u012f segtuv\u0105. Pakelyje yra 100 \u012fmau\u010di\u0173, kaina nurodyta u\u017e 1 vnt.<\/p>\n<p>Formatas: A4<\/p>\n<p>Storis: 60 mikron\u0173<\/p>\n<p>Spalva: skaidri<\/p>\n<p>Kilm\u0117s \u0161alis: EU<\/p>\n<p><\/p>\n<p><\/p>","protected":false},"excerpt":{"rendered":"<p>Auk\u0161\u010diausios kokyb\u0117s \u012fmaut\u0117 dokumentams. Pagaminta i\u0161 skaidraus polipropileno. \u012ed\u0117jimas i\u0161 vir\u0161aus. Naudojama dokument\u0173 archyvavimui ir apsaugai. Perforacija kair\u0117je pus\u0117je leid\u017eia \u012fd\u0117ti dokument\u0105 \u012f segtuv\u0105. Pakelyje yra 100 \u012fmau\u010di\u0173, kaina nurodyta u\u017e 1 vnt. Formatas: A4 Storis: 60 mikron\u0173 Spalva: skaidri Kilm\u0117s \u0161alis: EU<\/p>","protected":false},"featured_media":29436,"comment_status":"open","ping_status":"closed","template":"","meta":{"_season_start":"","_season_end":"","_season_days":"","_season_months":"","_season_auto_visibility":""},"product_brand":[606],"product_cat":[1569],"product_tag":[],"class_list":{"0":"post-17526","1":"product","2":"type-product","3":"status-publish","4":"has-post-thumbnail","6":"product_brand-forofis","7":"product_cat-imautes","9":"first","10":"instock","11":"taxable","12":"shipping-taxable","13":"purchasable","14":"product-type-simple"},"yoast_head":"<!-- This site is optimized with the Yoast SEO plugin v27.4 - https:\/\/yoast.com\/product\/yoast-seo-wordpress\/ -->\n<title>Dokument\u0173 \u012fmaut\u0117 A4 60mic skaidri Forofis 91106 - Rutana - Ra\u0161tin\u0117s reikmenys<\/title>\n<meta name=\"robots\" content=\"index, follow, max-snippet:-1, max-image-preview:large, max-video-preview:-1\" \/>\n<link rel=\"canonical\" href=\"https:\/\/rutana.lt\/en\/product\/dokumentu-imaute-a4-60mic-skaidri-forofis-91106\/\" \/>\n<meta property=\"og:locale\" content=\"en_US\" \/>\n<meta property=\"og:type\" content=\"article\" \/>\n<meta property=\"og:title\" content=\"Dokument\u0173 \u012fmaut\u0117 A4 60mic skaidri Forofis 91106 - Rutana - Ra\u0161tin\u0117s reikmenys\" \/>\n<meta property=\"og:description\" content=\"Auk\u0161\u010diausios kokyb\u0117s \u012fmaut\u0117 dokumentams. Pagaminta i\u0161 skaidraus polipropileno. \u012ed\u0117jimas i\u0161 vir\u0161aus. Naudojama dokument\u0173 archyvavimui ir apsaugai. Perforacija kair\u0117je pus\u0117je leid\u017eia \u012fd\u0117ti dokument\u0105 \u012f segtuv\u0105. Pakelyje yra 100 \u012fmau\u010di\u0173, kaina nurodyta u\u017e 1 vnt. Formatas: A4 Storis: 60 mikron\u0173 Spalva: skaidri Kilm\u0117s \u0161alis: EU\" \/>\n<meta property=\"og:url\" content=\"https:\/\/rutana.lt\/en\/product\/dokumentu-imaute-a4-60mic-skaidri-forofis-91106\/\" \/>\n<meta property=\"og:site_name\" content=\"Rutana - Ra\u0161tin\u0117s reikmenys\" \/>\n<meta property=\"article:publisher\" content=\"https:\/\/www.facebook.com\/RutanaKanceliarinesPrekes\/\" \/>\n<meta property=\"article:modified_time\" content=\"2025-10-13T13:54:11+00:00\" \/>\n<meta property=\"og:image\" content=\"https:\/\/rutana.lt\/wp-content\/uploads\/2025\/09\/C011-094.jpg\" \/>\n\t<meta property=\"og:image:width\" content=\"1024\" \/>\n\t<meta property=\"og:image:height\" content=\"1044\" \/>\n\t<meta property=\"og:image:type\" content=\"image\/jpeg\" \/>\n<meta name=\"twitter:card\" content=\"summary_large_image\" \/>\n<script type=\"application\/ld+json\" class=\"yoast-schema-graph\">{\"@context\":\"https:\\\/\\\/schema.org\",\"@graph\":[{\"@type\":\"WebPage\",\"@id\":\"https:\\\/\\\/rutana.lt\\\/produktas\\\/dokumentu-imaute-a4-60mic-skaidri-forofis-91106\\\/\",\"url\":\"https:\\\/\\\/rutana.lt\\\/produktas\\\/dokumentu-imaute-a4-60mic-skaidri-forofis-91106\\\/\",\"name\":\"Dokument\u0173 \u012fmaut\u0117 A4 60mic skaidri Forofis 91106 - Rutana - Ra\u0161tin\u0117s reikmenys\",\"isPartOf\":{\"@id\":\"https:\\\/\\\/rutana.lt\\\/#website\"},\"primaryImageOfPage\":{\"@id\":\"https:\\\/\\\/rutana.lt\\\/produktas\\\/dokumentu-imaute-a4-60mic-skaidri-forofis-91106\\\/#primaryimage\"},\"image\":{\"@id\":\"https:\\\/\\\/rutana.lt\\\/produktas\\\/dokumentu-imaute-a4-60mic-skaidri-forofis-91106\\\/#primaryimage\"},\"thumbnailUrl\":\"https:\\\/\\\/rutana.lt\\\/wp-content\\\/uploads\\\/2025\\\/09\\\/C011-094-1.jpg?v=1763564741\",\"datePublished\":\"2025-09-03T07:52:37+00:00\",\"dateModified\":\"2025-10-13T13:54:11+00:00\",\"breadcrumb\":{\"@id\":\"https:\\\/\\\/rutana.lt\\\/produktas\\\/dokumentu-imaute-a4-60mic-skaidri-forofis-91106\\\/#breadcrumb\"},\"inLanguage\":\"en-US\",\"potentialAction\":[{\"@type\":\"ReadAction\",\"target\":[\"https:\\\/\\\/rutana.lt\\\/produktas\\\/dokumentu-imaute-a4-60mic-skaidri-forofis-91106\\\/\"]}]},{\"@type\":\"ImageObject\",\"inLanguage\":\"en-US\",\"@id\":\"https:\\\/\\\/rutana.lt\\\/produktas\\\/dokumentu-imaute-a4-60mic-skaidri-forofis-91106\\\/#primaryimage\",\"url\":\"https:\\\/\\\/rutana.lt\\\/wp-content\\\/uploads\\\/2025\\\/09\\\/C011-094-1.jpg?v=1763564741\",\"contentUrl\":\"https:\\\/\\\/rutana.lt\\\/wp-content\\\/uploads\\\/2025\\\/09\\\/C011-094-1.jpg?v=1763564741\",\"width\":1024,\"height\":1044},{\"@type\":\"BreadcrumbList\",\"@id\":\"https:\\\/\\\/rutana.lt\\\/produktas\\\/dokumentu-imaute-a4-60mic-skaidri-forofis-91106\\\/#breadcrumb\",\"itemListElement\":[{\"@type\":\"ListItem\",\"position\":1,\"name\":\"Home\",\"item\":\"https:\\\/\\\/rutana.lt\\\/\"},{\"@type\":\"ListItem\",\"position\":2,\"name\":\"Parduotuv\u0117\",\"item\":\"https:\\\/\\\/rutana.lt\\\/parduotuve\\\/\"},{\"@type\":\"ListItem\",\"position\":3,\"name\":\"Dokument\u0173 \u012fmaut\u0117 A4 60mic skaidri Forofis 91106\"}]},{\"@type\":\"WebSite\",\"@id\":\"https:\\\/\\\/rutana.lt\\\/#website\",\"url\":\"https:\\\/\\\/rutana.lt\\\/\",\"name\":\"Rutana - Ra\u0161tin\u0117s reikmenys\",\"description\":\"Prekiaujame pasaulin\u0117je rinkoje pripa\u017eintomis, kokybi\u0161komis biuro prek\u0117mis toki\u0173  gamintoj\u0173 kaip: Schneider, Esselte, Novus, 3M, Faber-Castell, Citizen, Milan, Leitz, Colop, Zebra, Staedtler, Durable, Tork, Parker, Waterman ir kt.\",\"publisher\":{\"@id\":\"https:\\\/\\\/rutana.lt\\\/#organization\"},\"potentialAction\":[{\"@type\":\"SearchAction\",\"target\":{\"@type\":\"EntryPoint\",\"urlTemplate\":\"https:\\\/\\\/rutana.lt\\\/?s={search_term_string}\"},\"query-input\":{\"@type\":\"PropertyValueSpecification\",\"valueRequired\":true,\"valueName\":\"search_term_string\"}}],\"inLanguage\":\"en-US\"},{\"@type\":\"Organization\",\"@id\":\"https:\\\/\\\/rutana.lt\\\/#organization\",\"name\":\"Rutana - Ra\u0161tin\u0117s reikmenys\",\"url\":\"https:\\\/\\\/rutana.lt\\\/\",\"logo\":{\"@type\":\"ImageObject\",\"inLanguage\":\"en-US\",\"@id\":\"https:\\\/\\\/rutana.lt\\\/#\\\/schema\\\/logo\\\/image\\\/\",\"url\":\"https:\\\/\\\/rutana.lt\\\/wp-content\\\/uploads\\\/2025\\\/10\\\/Asset-32.png\",\"contentUrl\":\"https:\\\/\\\/rutana.lt\\\/wp-content\\\/uploads\\\/2025\\\/10\\\/Asset-32.png\",\"width\":433,\"height\":119,\"caption\":\"Rutana - Ra\u0161tin\u0117s reikmenys\"},\"image\":{\"@id\":\"https:\\\/\\\/rutana.lt\\\/#\\\/schema\\\/logo\\\/image\\\/\"},\"sameAs\":[\"https:\\\/\\\/www.facebook.com\\\/RutanaKanceliarinesPrekes\\\/\"]}]}<\/script>\n<!-- \/ Yoast SEO plugin. -->","yoast_head_json":{"title":"Dokument\u0173 \u012fmaut\u0117 A4 60mic skaidri Forofis 91106 - Rutana - Ra\u0161tin\u0117s reikmenys","robots":{"index":"index","follow":"follow","max-snippet":"max-snippet:-1","max-image-preview":"max-image-preview:large","max-video-preview":"max-video-preview:-1"},"canonical":"https:\/\/rutana.lt\/en\/product\/dokumentu-imaute-a4-60mic-skaidri-forofis-91106\/","og_locale":"en_US","og_type":"article","og_title":"Dokument\u0173 \u012fmaut\u0117 A4 60mic skaidri Forofis 91106 - Rutana - Ra\u0161tin\u0117s reikmenys","og_description":"Auk\u0161\u010diausios kokyb\u0117s \u012fmaut\u0117 dokumentams. Pagaminta i\u0161 skaidraus polipropileno. \u012ed\u0117jimas i\u0161 vir\u0161aus. Naudojama dokument\u0173 archyvavimui ir apsaugai. Perforacija kair\u0117je pus\u0117je leid\u017eia \u012fd\u0117ti dokument\u0105 \u012f segtuv\u0105. Pakelyje yra 100 \u012fmau\u010di\u0173, kaina nurodyta u\u017e 1 vnt. Formatas: A4 Storis: 60 mikron\u0173 Spalva: skaidri Kilm\u0117s \u0161alis: EU","og_url":"https:\/\/rutana.lt\/en\/product\/dokumentu-imaute-a4-60mic-skaidri-forofis-91106\/","og_site_name":"Rutana - Ra\u0161tin\u0117s reikmenys","article_publisher":"https:\/\/www.facebook.com\/RutanaKanceliarinesPrekes\/","article_modified_time":"2025-10-13T13:54:11+00:00","og_image":[{"width":1024,"height":1044,"url":"https:\/\/rutana.lt\/wp-content\/uploads\/2025\/09\/C011-094.jpg","type":"image\/jpeg"}],"twitter_card":"summary_large_image","schema":{"@context":"https:\/\/schema.org","@graph":[{"@type":"WebPage","@id":"https:\/\/rutana.lt\/produktas\/dokumentu-imaute-a4-60mic-skaidri-forofis-91106\/","url":"https:\/\/rutana.lt\/produktas\/dokumentu-imaute-a4-60mic-skaidri-forofis-91106\/","name":"Dokument\u0173 \u012fmaut\u0117 A4 60mic skaidri Forofis 91106 - Rutana - Ra\u0161tin\u0117s reikmenys","isPartOf":{"@id":"https:\/\/rutana.lt\/#website"},"primaryImageOfPage":{"@id":"https:\/\/rutana.lt\/produktas\/dokumentu-imaute-a4-60mic-skaidri-forofis-91106\/#primaryimage"},"image":{"@id":"https:\/\/rutana.lt\/produktas\/dokumentu-imaute-a4-60mic-skaidri-forofis-91106\/#primaryimage"},"thumbnailUrl":"https:\/\/rutana.lt\/wp-content\/uploads\/2025\/09\/C011-094-1.jpg?v=1763564741","datePublished":"2025-09-03T07:52:37+00:00","dateModified":"2025-10-13T13:54:11+00:00","breadcrumb":{"@id":"https:\/\/rutana.lt\/produktas\/dokumentu-imaute-a4-60mic-skaidri-forofis-91106\/#breadcrumb"},"inLanguage":"en-US","potentialAction":[{"@type":"ReadAction","target":["https:\/\/rutana.lt\/produktas\/dokumentu-imaute-a4-60mic-skaidri-forofis-91106\/"]}]},{"@type":"ImageObject","inLanguage":"en-US","@id":"https:\/\/rutana.lt\/produktas\/dokumentu-imaute-a4-60mic-skaidri-forofis-91106\/#primaryimage","url":"https:\/\/rutana.lt\/wp-content\/uploads\/2025\/09\/C011-094-1.jpg?v=1763564741","contentUrl":"https:\/\/rutana.lt\/wp-content\/uploads\/2025\/09\/C011-094-1.jpg?v=1763564741","width":1024,"height":1044},{"@type":"BreadcrumbList","@id":"https:\/\/rutana.lt\/produktas\/dokumentu-imaute-a4-60mic-skaidri-forofis-91106\/#breadcrumb","itemListElement":[{"@type":"ListItem","position":1,"name":"Home","item":"https:\/\/rutana.lt\/"},{"@type":"ListItem","position":2,"name":"Parduotuv\u0117","item":"https:\/\/rutana.lt\/parduotuve\/"},{"@type":"ListItem","position":3,"name":"Dokument\u0173 \u012fmaut\u0117 A4 60mic skaidri Forofis 91106"}]},{"@type":"WebSite","@id":"https:\/\/rutana.lt\/#website","url":"https:\/\/rutana.lt\/","name":"Rutana - Ra\u0161tin\u0117s reikmenys","description":"Prekiaujame pasaulin\u0117je rinkoje pripa\u017eintomis, kokybi\u0161komis biuro prek\u0117mis toki\u0173  gamintoj\u0173 kaip: Schneider, Esselte, Novus, 3M, Faber-Castell, Citizen, Milan, Leitz, Colop, Zebra, Staedtler, Durable, Tork, Parker, Waterman ir kt.","publisher":{"@id":"https:\/\/rutana.lt\/#organization"},"potentialAction":[{"@type":"SearchAction","target":{"@type":"EntryPoint","urlTemplate":"https:\/\/rutana.lt\/?s={search_term_string}"},"query-input":{"@type":"PropertyValueSpecification","valueRequired":true,"valueName":"search_term_string"}}],"inLanguage":"en-US"},{"@type":"Organization","@id":"https:\/\/rutana.lt\/#organization","name":"Rutana - Ra\u0161tin\u0117s reikmenys","url":"https:\/\/rutana.lt\/","logo":{"@type":"ImageObject","inLanguage":"en-US","@id":"https:\/\/rutana.lt\/#\/schema\/logo\/image\/","url":"https:\/\/rutana.lt\/wp-content\/uploads\/2025\/10\/Asset-32.png","contentUrl":"https:\/\/rutana.lt\/wp-content\/uploads\/2025\/10\/Asset-32.png","width":433,"height":119,"caption":"Rutana - Ra\u0161tin\u0117s reikmenys"},"image":{"@id":"https:\/\/rutana.lt\/#\/schema\/logo\/image\/"},"sameAs":["https:\/\/www.facebook.com\/RutanaKanceliarinesPrekes\/"]}]}},"_links":{"self":[{"href":"https:\/\/rutana.lt\/en\/wp-json\/wp\/v2\/product\/17526","targetHints":{"allow":["GET"]}}],"collection":[{"href":"https:\/\/rutana.lt\/en\/wp-json\/wp\/v2\/product"}],"about":[{"href":"https:\/\/rutana.lt\/en\/wp-json\/wp\/v2\/types\/product"}],"replies":[{"embeddable":true,"href":"https:\/\/rutana.lt\/en\/wp-json\/wp\/v2\/comments?post=17526"}],"version-history":[{"count":1,"href":"https:\/\/rutana.lt\/en\/wp-json\/wp\/v2\/product\/17526\/revisions"}],"predecessor-version":[{"id":17568,"href":"https:\/\/rutana.lt\/en\/wp-json\/wp\/v2\/product\/17526\/revisions\/17568"}],"wp:featuredmedia":[{"embeddable":true,"href":"https:\/\/rutana.lt\/en\/wp-json\/wp\/v2\/media\/29436"}],"wp:attachment":[{"href":"https:\/\/rutana.lt\/en\/wp-json\/wp\/v2\/media?parent=17526"}],"wp:term":[{"taxonomy":"product_brand","embeddable":true,"href":"https:\/\/rutana.lt\/en\/wp-json\/wp\/v2\/product_brand?post=17526"},{"taxonomy":"product_cat","embeddable":true,"href":"https:\/\/rutana.lt\/en\/wp-json\/wp\/v2\/product_cat?post=17526"},{"taxonomy":"product_tag","embeddable":true,"href":"https:\/\/rutana.lt\/en\/wp-json\/wp\/v2\/product_tag?post=17526"}],"curies":[{"name":"wp","href":"https:\/\/api.w.org\/{rel}","templated":true}]}}