{"id":17476,"date":"2025-09-03T09:52:14","date_gmt":"2025-09-03T07:52:14","guid":{"rendered":"https:\/\/rutana.webdemo.lt\/?post_type=product&#038;p=17476"},"modified":"2025-10-13T15:54:03","modified_gmt":"2025-10-13T13:54:03","slug":"zoleliu-ir-vaisiu-arbatu-rinkinys-sleep-infusion-20-vnt-ahmad-tea-2038","status":"publish","type":"product","link":"https:\/\/rutana.lt\/en\/product\/zoleliu-ir-vaisiu-arbatu-rinkinys-sleep-infusion-20-vnt-ahmad-tea-2038\/","title":{"rendered":"\u017doleli\u0173 ir vaisi\u0173 arbat\u0173 rinkinys &#8222;Sleep Infusion&#8221; 20 vnt. Ahmad Tea 2038"},"content":{"rendered":"<p style=\"margin-bottom: 10px;\">Geras miegas yra b\u016btinas, kad organizmas b\u016bt\u0173 sveikas, o protas \u2013 a\u0161trus. B\u016btent tod\u0117l ir suk\u016brta \u0161i \u201eSleep Infusion\u201c arbata. Lengvas ir prabangus g\u0117li\u0173, medaus bei citrin\u0173 balzamo mi\u0161inys \u2013 tai puiki \u017eoleli\u0173 arbata, kuri ne tik nuramins, bet ir pagerins miego kokyb\u0119. Kurdami \u0161\u012f mieg\u0105 gerinant\u012f u\u017epil\u0105, arbatos meistrai patirties s\u0117m\u0117si i\u0161 gamtos. Ramun\u0117l\u0117s, kurios visame pasaulyje yra vertinamos d\u0117l nat\u016brali\u0173 ir raminam\u0173j\u0173 savybi\u0173, yra puikus u\u017epilo pagrindas. U\u017epil\u0105 papild\u0117 kvapniu citrin\u0173 balzamu, kad suteikt\u0173 piev\u0173 aromato. \u0160ios \u0161velnaus skonio sudedamosios dalys pabr\u0117\u017eiamos levand\u0173, liep\u0173 ir pasiflor\u0173 g\u0117li\u0173, kurios \u0161imtme\u010diais gars\u0117ja kaip turin\u010dios raminam\u0105j\u012f ir atpalaiduojant\u012f poveik\u012f, aromatais. Pabaigoje mi\u0161inys papildomas d\u017eiovinto medaus gabal\u0117liais. Nat\u016bralus ramun\u0117li\u0173 priedas medus tirpsta u\u017epile, suteikdamas jam malonaus auksaspalvio saldumo. \u0160io nuostabaus g\u0117rimo puodelis pad\u0117s greitai u\u017emigti. U\u017epilas, pagamintas i\u0161 visi\u0161kai nat\u016brali\u0173 sudedam\u0173j\u0173 dali\u0173, leis pabudus ryte puikiai jaustis.<\/p>\n<p style=\"margin-bottom: 10px;\">D\u0117\u017eut\u0117je yra 20 arbatos mai\u0161eli\u0173 su si\u016blu, kad lengvai pasigamintum\u0117te arbatos puodelyje. Kiekvienas mai\u0161elis \u012fd\u0117tas \u012f folij\u0105, kad ilgiau i\u0161likt\u0173 skonis, o u\u017epilas b\u016bt\u0173 gaivus. D\u0117l \u012ftempto grafiko ir kasdienio streso gali b\u016bti sunku atsipalaiduoti ir gerai i\u0161simiegoti. \u0160is saldus g\u0117li\u0173 u\u017epilas pad\u0117s nusiraminti. Steb\u0117kite, kaip \u017eiedlapiai patenka \u012f nat\u016braliai \u0161vies\u0173, saul\u0117s spalvos g\u0117rim\u0105, ir \u012fkv\u0117pkite g\u0117li\u0173 aromato. Nat\u016braliai atpalaiduojantis u\u017epilas be kofeino yra puikus g\u0117rimas prie\u0161 mieg\u0105 arba per piet\u0173 pertrauk\u0117l\u0119. \u0160is puikus gaivinantis g\u0117rimas suteiks ramyb\u0117s ir \u012ftemptos dienos prad\u017eioje.<\/p>\n<p style=\"margin-bottom: 10px;\">Kiekis: 20 vnt.<\/p>\n<p class=\"MsoNormal\">Arbatos kiekis pakelyje: 1.5 g<\/p>\n<p class=\"MsoNormal\">\n<p class=\"MsoNormal\" style=\"line-height:normal\"><\/p>\n<p class=\"MsoNormal\" style=\"line-height:normal\"><\/p>","protected":false},"excerpt":{"rendered":"<p>Geras miegas yra b\u016btinas, kad organizmas b\u016bt\u0173 sveikas, o protas \u2013 a\u0161trus. B\u016btent tod\u0117l ir suk\u016brta \u0161i \u201eSleep Infusion\u201c arbata. Lengvas ir prabangus g\u0117li\u0173, medaus bei citrin\u0173 balzamo mi\u0161inys \u2013 tai puiki \u017eoleli\u0173 arbata, kuri ne tik nuramins, bet ir pagerins miego kokyb\u0119. Kurdami \u0161\u012f mieg\u0105 gerinant\u012f u\u017epil\u0105, arbatos meistrai patirties s\u0117m\u0117si i\u0161 gamtos. Ramun\u0117l\u0117s, [&hellip;]<\/p>","protected":false},"featured_media":29419,"comment_status":"open","ping_status":"closed","template":"","meta":{"_season_start":"","_season_end":"","_season_days":"","_season_months":"","_season_auto_visibility":""},"product_brand":[696],"product_cat":[1834],"product_tag":[],"class_list":{"0":"post-17476","1":"product","2":"type-product","3":"status-publish","4":"has-post-thumbnail","6":"product_brand-ahmad","7":"product_cat-arbata-pakelyje-arbata","9":"first","10":"instock","11":"taxable","12":"shipping-taxable","13":"purchasable","14":"product-type-simple"},"yoast_head":"<!-- This site is optimized with the Yoast SEO plugin v26.1.1 - https:\/\/yoast.com\/wordpress\/plugins\/seo\/ -->\n<title>\u017doleli\u0173 ir vaisi\u0173 arbat\u0173 rinkinys &quot;Sleep Infusion&quot; 20 vnt. Ahmad Tea 2038 - Rutana - Ra\u0161tin\u0117s reikmenys<\/title>\n<meta name=\"robots\" content=\"index, follow, max-snippet:-1, max-image-preview:large, max-video-preview:-1\" \/>\n<link rel=\"canonical\" href=\"https:\/\/rutana.lt\/en\/product\/zoleliu-ir-vaisiu-arbatu-rinkinys-sleep-infusion-20-vnt-ahmad-tea-2038\/\" \/>\n<meta property=\"og:locale\" content=\"en_US\" \/>\n<meta property=\"og:type\" content=\"article\" \/>\n<meta property=\"og:title\" content=\"\u017doleli\u0173 ir vaisi\u0173 arbat\u0173 rinkinys &quot;Sleep Infusion&quot; 20 vnt. Ahmad Tea 2038 - Rutana - Ra\u0161tin\u0117s reikmenys\" \/>\n<meta property=\"og:description\" content=\"Geras miegas yra b\u016btinas, kad organizmas b\u016bt\u0173 sveikas, o protas \u2013 a\u0161trus. B\u016btent tod\u0117l ir suk\u016brta \u0161i \u201eSleep Infusion\u201c arbata. Lengvas ir prabangus g\u0117li\u0173, medaus bei citrin\u0173 balzamo mi\u0161inys \u2013 tai puiki \u017eoleli\u0173 arbata, kuri ne tik nuramins, bet ir pagerins miego kokyb\u0119. Kurdami \u0161\u012f mieg\u0105 gerinant\u012f u\u017epil\u0105, arbatos meistrai patirties s\u0117m\u0117si i\u0161 gamtos. Ramun\u0117l\u0117s, [&hellip;]\" \/>\n<meta property=\"og:url\" content=\"https:\/\/rutana.lt\/en\/product\/zoleliu-ir-vaisiu-arbatu-rinkinys-sleep-infusion-20-vnt-ahmad-tea-2038\/\" \/>\n<meta property=\"og:site_name\" content=\"Rutana - Ra\u0161tin\u0117s reikmenys\" \/>\n<meta property=\"article:publisher\" content=\"https:\/\/www.facebook.com\/RutanaKanceliarinesPrekes\/\" \/>\n<meta property=\"article:modified_time\" content=\"2025-10-13T13:54:03+00:00\" \/>\n<meta property=\"og:image\" content=\"https:\/\/rutana.lt\/wp-content\/uploads\/2025\/09\/B090-398.jpg\" \/>\n\t<meta property=\"og:image:width\" content=\"944\" \/>\n\t<meta property=\"og:image:height\" content=\"1000\" \/>\n\t<meta property=\"og:image:type\" content=\"image\/jpeg\" \/>\n<meta name=\"twitter:card\" content=\"summary_large_image\" \/>\n<meta name=\"twitter:label1\" content=\"Est. reading time\" \/>\n\t<meta name=\"twitter:data1\" content=\"1 minute\" \/>\n<script type=\"application\/ld+json\" class=\"yoast-schema-graph\">{\"@context\":\"https:\/\/schema.org\",\"@graph\":[{\"@type\":\"WebPage\",\"@id\":\"https:\/\/rutana.lt\/produktas\/zoleliu-ir-vaisiu-arbatu-rinkinys-sleep-infusion-20-vnt-ahmad-tea-2038\/\",\"url\":\"https:\/\/rutana.lt\/produktas\/zoleliu-ir-vaisiu-arbatu-rinkinys-sleep-infusion-20-vnt-ahmad-tea-2038\/\",\"name\":\"\u017doleli\u0173 ir vaisi\u0173 arbat\u0173 rinkinys \\\"Sleep Infusion\\\" 20 vnt. Ahmad Tea 2038 - Rutana - Ra\u0161tin\u0117s reikmenys\",\"isPartOf\":{\"@id\":\"https:\/\/rutana.lt\/#website\"},\"primaryImageOfPage\":{\"@id\":\"https:\/\/rutana.lt\/produktas\/zoleliu-ir-vaisiu-arbatu-rinkinys-sleep-infusion-20-vnt-ahmad-tea-2038\/#primaryimage\"},\"image\":{\"@id\":\"https:\/\/rutana.lt\/produktas\/zoleliu-ir-vaisiu-arbatu-rinkinys-sleep-infusion-20-vnt-ahmad-tea-2038\/#primaryimage\"},\"thumbnailUrl\":\"https:\/\/rutana.lt\/wp-content\/uploads\/2025\/09\/B090-398-2.jpg?v=1763564767\",\"datePublished\":\"2025-09-03T07:52:14+00:00\",\"dateModified\":\"2025-10-13T13:54:03+00:00\",\"breadcrumb\":{\"@id\":\"https:\/\/rutana.lt\/produktas\/zoleliu-ir-vaisiu-arbatu-rinkinys-sleep-infusion-20-vnt-ahmad-tea-2038\/#breadcrumb\"},\"inLanguage\":\"en-US\",\"potentialAction\":[{\"@type\":\"ReadAction\",\"target\":[\"https:\/\/rutana.lt\/produktas\/zoleliu-ir-vaisiu-arbatu-rinkinys-sleep-infusion-20-vnt-ahmad-tea-2038\/\"]}]},{\"@type\":\"ImageObject\",\"inLanguage\":\"en-US\",\"@id\":\"https:\/\/rutana.lt\/produktas\/zoleliu-ir-vaisiu-arbatu-rinkinys-sleep-infusion-20-vnt-ahmad-tea-2038\/#primaryimage\",\"url\":\"https:\/\/rutana.lt\/wp-content\/uploads\/2025\/09\/B090-398-2.jpg?v=1763564767\",\"contentUrl\":\"https:\/\/rutana.lt\/wp-content\/uploads\/2025\/09\/B090-398-2.jpg?v=1763564767\",\"width\":944,\"height\":1000},{\"@type\":\"BreadcrumbList\",\"@id\":\"https:\/\/rutana.lt\/produktas\/zoleliu-ir-vaisiu-arbatu-rinkinys-sleep-infusion-20-vnt-ahmad-tea-2038\/#breadcrumb\",\"itemListElement\":[{\"@type\":\"ListItem\",\"position\":1,\"name\":\"Home\",\"item\":\"https:\/\/rutana.lt\/\"},{\"@type\":\"ListItem\",\"position\":2,\"name\":\"Parduotuv\u0117\",\"item\":\"https:\/\/rutana.lt\/parduotuve\/\"},{\"@type\":\"ListItem\",\"position\":3,\"name\":\"\u017doleli\u0173 ir vaisi\u0173 arbat\u0173 rinkinys &#8222;Sleep Infusion&#8221; 20 vnt. Ahmad Tea 2038\"}]},{\"@type\":\"WebSite\",\"@id\":\"https:\/\/rutana.lt\/#website\",\"url\":\"https:\/\/rutana.lt\/\",\"name\":\"Rutana - Ra\u0161tin\u0117s reikmenys\",\"description\":\"Prekiaujame pasaulin\u0117je rinkoje pripa\u017eintomis, kokybi\u0161komis biuro prek\u0117mis toki\u0173  gamintoj\u0173 kaip: Schneider, Esselte, Novus, 3M, Faber-Castell, Citizen, Milan, Leitz, Colop, Zebra, Staedtler, Durable, Tork, Parker, Waterman ir kt.\",\"publisher\":{\"@id\":\"https:\/\/rutana.lt\/#organization\"},\"potentialAction\":[{\"@type\":\"SearchAction\",\"target\":{\"@type\":\"EntryPoint\",\"urlTemplate\":\"https:\/\/rutana.lt\/?s={search_term_string}\"},\"query-input\":{\"@type\":\"PropertyValueSpecification\",\"valueRequired\":true,\"valueName\":\"search_term_string\"}}],\"inLanguage\":\"en-US\"},{\"@type\":\"Organization\",\"@id\":\"https:\/\/rutana.lt\/#organization\",\"name\":\"Rutana - Ra\u0161tin\u0117s reikmenys\",\"url\":\"https:\/\/rutana.lt\/\",\"logo\":{\"@type\":\"ImageObject\",\"inLanguage\":\"en-US\",\"@id\":\"https:\/\/rutana.lt\/#\/schema\/logo\/image\/\",\"url\":\"https:\/\/rutana.lt\/wp-content\/uploads\/2025\/10\/Asset-32.png\",\"contentUrl\":\"https:\/\/rutana.lt\/wp-content\/uploads\/2025\/10\/Asset-32.png\",\"width\":433,\"height\":119,\"caption\":\"Rutana - Ra\u0161tin\u0117s reikmenys\"},\"image\":{\"@id\":\"https:\/\/rutana.lt\/#\/schema\/logo\/image\/\"},\"sameAs\":[\"https:\/\/www.facebook.com\/RutanaKanceliarinesPrekes\/\"]}]}<\/script>\n<!-- \/ Yoast SEO plugin. -->","yoast_head_json":{"title":"\u017doleli\u0173 ir vaisi\u0173 arbat\u0173 rinkinys \"Sleep Infusion\" 20 vnt. Ahmad Tea 2038 - Rutana - Ra\u0161tin\u0117s reikmenys","robots":{"index":"index","follow":"follow","max-snippet":"max-snippet:-1","max-image-preview":"max-image-preview:large","max-video-preview":"max-video-preview:-1"},"canonical":"https:\/\/rutana.lt\/en\/product\/zoleliu-ir-vaisiu-arbatu-rinkinys-sleep-infusion-20-vnt-ahmad-tea-2038\/","og_locale":"en_US","og_type":"article","og_title":"\u017doleli\u0173 ir vaisi\u0173 arbat\u0173 rinkinys \"Sleep Infusion\" 20 vnt. Ahmad Tea 2038 - Rutana - Ra\u0161tin\u0117s reikmenys","og_description":"Geras miegas yra b\u016btinas, kad organizmas b\u016bt\u0173 sveikas, o protas \u2013 a\u0161trus. B\u016btent tod\u0117l ir suk\u016brta \u0161i \u201eSleep Infusion\u201c arbata. Lengvas ir prabangus g\u0117li\u0173, medaus bei citrin\u0173 balzamo mi\u0161inys \u2013 tai puiki \u017eoleli\u0173 arbata, kuri ne tik nuramins, bet ir pagerins miego kokyb\u0119. Kurdami \u0161\u012f mieg\u0105 gerinant\u012f u\u017epil\u0105, arbatos meistrai patirties s\u0117m\u0117si i\u0161 gamtos. Ramun\u0117l\u0117s, [&hellip;]","og_url":"https:\/\/rutana.lt\/en\/product\/zoleliu-ir-vaisiu-arbatu-rinkinys-sleep-infusion-20-vnt-ahmad-tea-2038\/","og_site_name":"Rutana - Ra\u0161tin\u0117s reikmenys","article_publisher":"https:\/\/www.facebook.com\/RutanaKanceliarinesPrekes\/","article_modified_time":"2025-10-13T13:54:03+00:00","og_image":[{"width":944,"height":1000,"url":"https:\/\/rutana.lt\/wp-content\/uploads\/2025\/09\/B090-398.jpg","type":"image\/jpeg"}],"twitter_card":"summary_large_image","twitter_misc":{"Est. reading time":"1 minute"},"schema":{"@context":"https:\/\/schema.org","@graph":[{"@type":"WebPage","@id":"https:\/\/rutana.lt\/produktas\/zoleliu-ir-vaisiu-arbatu-rinkinys-sleep-infusion-20-vnt-ahmad-tea-2038\/","url":"https:\/\/rutana.lt\/produktas\/zoleliu-ir-vaisiu-arbatu-rinkinys-sleep-infusion-20-vnt-ahmad-tea-2038\/","name":"\u017doleli\u0173 ir vaisi\u0173 arbat\u0173 rinkinys \"Sleep Infusion\" 20 vnt. Ahmad Tea 2038 - Rutana - Ra\u0161tin\u0117s reikmenys","isPartOf":{"@id":"https:\/\/rutana.lt\/#website"},"primaryImageOfPage":{"@id":"https:\/\/rutana.lt\/produktas\/zoleliu-ir-vaisiu-arbatu-rinkinys-sleep-infusion-20-vnt-ahmad-tea-2038\/#primaryimage"},"image":{"@id":"https:\/\/rutana.lt\/produktas\/zoleliu-ir-vaisiu-arbatu-rinkinys-sleep-infusion-20-vnt-ahmad-tea-2038\/#primaryimage"},"thumbnailUrl":"https:\/\/rutana.lt\/wp-content\/uploads\/2025\/09\/B090-398-2.jpg?v=1763564767","datePublished":"2025-09-03T07:52:14+00:00","dateModified":"2025-10-13T13:54:03+00:00","breadcrumb":{"@id":"https:\/\/rutana.lt\/produktas\/zoleliu-ir-vaisiu-arbatu-rinkinys-sleep-infusion-20-vnt-ahmad-tea-2038\/#breadcrumb"},"inLanguage":"en-US","potentialAction":[{"@type":"ReadAction","target":["https:\/\/rutana.lt\/produktas\/zoleliu-ir-vaisiu-arbatu-rinkinys-sleep-infusion-20-vnt-ahmad-tea-2038\/"]}]},{"@type":"ImageObject","inLanguage":"en-US","@id":"https:\/\/rutana.lt\/produktas\/zoleliu-ir-vaisiu-arbatu-rinkinys-sleep-infusion-20-vnt-ahmad-tea-2038\/#primaryimage","url":"https:\/\/rutana.lt\/wp-content\/uploads\/2025\/09\/B090-398-2.jpg?v=1763564767","contentUrl":"https:\/\/rutana.lt\/wp-content\/uploads\/2025\/09\/B090-398-2.jpg?v=1763564767","width":944,"height":1000},{"@type":"BreadcrumbList","@id":"https:\/\/rutana.lt\/produktas\/zoleliu-ir-vaisiu-arbatu-rinkinys-sleep-infusion-20-vnt-ahmad-tea-2038\/#breadcrumb","itemListElement":[{"@type":"ListItem","position":1,"name":"Home","item":"https:\/\/rutana.lt\/"},{"@type":"ListItem","position":2,"name":"Parduotuv\u0117","item":"https:\/\/rutana.lt\/parduotuve\/"},{"@type":"ListItem","position":3,"name":"\u017doleli\u0173 ir vaisi\u0173 arbat\u0173 rinkinys &#8222;Sleep Infusion&#8221; 20 vnt. Ahmad Tea 2038"}]},{"@type":"WebSite","@id":"https:\/\/rutana.lt\/#website","url":"https:\/\/rutana.lt\/","name":"Rutana - Ra\u0161tin\u0117s reikmenys","description":"Prekiaujame pasaulin\u0117je rinkoje pripa\u017eintomis, kokybi\u0161komis biuro prek\u0117mis toki\u0173  gamintoj\u0173 kaip: Schneider, Esselte, Novus, 3M, Faber-Castell, Citizen, Milan, Leitz, Colop, Zebra, Staedtler, Durable, Tork, Parker, Waterman ir kt.","publisher":{"@id":"https:\/\/rutana.lt\/#organization"},"potentialAction":[{"@type":"SearchAction","target":{"@type":"EntryPoint","urlTemplate":"https:\/\/rutana.lt\/?s={search_term_string}"},"query-input":{"@type":"PropertyValueSpecification","valueRequired":true,"valueName":"search_term_string"}}],"inLanguage":"en-US"},{"@type":"Organization","@id":"https:\/\/rutana.lt\/#organization","name":"Rutana - Ra\u0161tin\u0117s reikmenys","url":"https:\/\/rutana.lt\/","logo":{"@type":"ImageObject","inLanguage":"en-US","@id":"https:\/\/rutana.lt\/#\/schema\/logo\/image\/","url":"https:\/\/rutana.lt\/wp-content\/uploads\/2025\/10\/Asset-32.png","contentUrl":"https:\/\/rutana.lt\/wp-content\/uploads\/2025\/10\/Asset-32.png","width":433,"height":119,"caption":"Rutana - Ra\u0161tin\u0117s reikmenys"},"image":{"@id":"https:\/\/rutana.lt\/#\/schema\/logo\/image\/"},"sameAs":["https:\/\/www.facebook.com\/RutanaKanceliarinesPrekes\/"]}]}},"_links":{"self":[{"href":"https:\/\/rutana.lt\/en\/wp-json\/wp\/v2\/product\/17476","targetHints":{"allow":["GET"]}}],"collection":[{"href":"https:\/\/rutana.lt\/en\/wp-json\/wp\/v2\/product"}],"about":[{"href":"https:\/\/rutana.lt\/en\/wp-json\/wp\/v2\/types\/product"}],"replies":[{"embeddable":true,"href":"https:\/\/rutana.lt\/en\/wp-json\/wp\/v2\/comments?post=17476"}],"version-history":[{"count":1,"href":"https:\/\/rutana.lt\/en\/wp-json\/wp\/v2\/product\/17476\/revisions"}],"predecessor-version":[{"id":17536,"href":"https:\/\/rutana.lt\/en\/wp-json\/wp\/v2\/product\/17476\/revisions\/17536"}],"wp:featuredmedia":[{"embeddable":true,"href":"https:\/\/rutana.lt\/en\/wp-json\/wp\/v2\/media\/29419"}],"wp:attachment":[{"href":"https:\/\/rutana.lt\/en\/wp-json\/wp\/v2\/media?parent=17476"}],"wp:term":[{"taxonomy":"product_brand","embeddable":true,"href":"https:\/\/rutana.lt\/en\/wp-json\/wp\/v2\/product_brand?post=17476"},{"taxonomy":"product_cat","embeddable":true,"href":"https:\/\/rutana.lt\/en\/wp-json\/wp\/v2\/product_cat?post=17476"},{"taxonomy":"product_tag","embeddable":true,"href":"https:\/\/rutana.lt\/en\/wp-json\/wp\/v2\/product_tag?post=17476"}],"curies":[{"name":"wp","href":"https:\/\/api.w.org\/{rel}","templated":true}]}}