{"id":17425,"date":"2025-09-03T09:51:50","date_gmt":"2025-09-03T07:51:50","guid":{"rendered":"https:\/\/rutana.webdemo.lt\/?post_type=product&#038;p=17425"},"modified":"2025-10-13T15:53:56","modified_gmt":"2025-10-13T13:53:56","slug":"ruloninis-popierius-pramonei-wiping-paper-plus-255m-baltas-tork-130041","status":"publish","type":"product","link":"https:\/\/rutana.lt\/en\/product\/ruloninis-popierius-pramonei-wiping-paper-plus-255m-baltas-tork-130041\/","title":{"rendered":"Ruloninis popierius pramonei \u201eWiping Paper Plus\u201c 255m baltas Tork 130041"},"content":{"rendered":"<div class=\"ng-star-inserted\" style=\"word-break: break-word;\">Universalus popierius, puikiai tinkantis skys\u010diams valyti ir rankoms \u0161luostyti. \u201eQuickDry\u201c kokybi\u0161kas ir tvirtas popieriaus geriau nei \u012fprastas nuvalo pavir\u0161ius ir sugeria skys\u010dius. Gerai sugeria i\u0161siliejusius skys\u010dius. Puikiai tinka \u0161luostyti rankas ir \u0161iek tiek i\u0161teptus pavir\u0161ius. Universalios \u2013 tinka bendriems valymo darbams, kuriems reikia stipri\u0173 ir sugerian\u010di\u0173 \u0161luos\u010di\u0173.<\/div>\n<div class=\"ng-star-inserted\" style=\"word-break: break-word;\"><\/div>\n<p>Kokyb\u0117: Premium<\/p>\n<p>Ritinio ilgis: 255 m<\/p>\n<p>Lapelio ilgis: 34 cm<\/p>\n<p>Lapelio plotis: 23.5 cm<\/p>\n<p>Lapeli\u0173 kiekis: 750 <\/p>\n<p>Ritinio \u0161erdies skersmuo: 7.1 cm<\/p>\n<p>Ritinio skersmuo: 26.2 cm<\/p>\n<p>Sluoksniai: 2<\/p>\n<p>Med\u017eiaga: \u0161vie\u017eias pluo\u0161tas<\/p>\n<p>Spalva: balta<\/p>\n<p>Laikikli\u0173 laikymo sistema: W2 &#8211; \u0160luos\u010di\u0173 ritini\u0173 sistema, W1 &#8211; Kabinama ant sienos arba ant grind\u0173 statoma \u0161luos\u010di\u0173 sistema<\/p>\n<p>Kaina nurodyta u\u017e 1 vnt.<\/p>\n<p><\/p>","protected":false},"excerpt":{"rendered":"<p>Universalus popierius, puikiai tinkantis skys\u010diams valyti ir rankoms \u0161luostyti. \u201eQuickDry\u201c kokybi\u0161kas ir tvirtas popieriaus geriau nei \u012fprastas nuvalo pavir\u0161ius ir sugeria skys\u010dius. Gerai sugeria i\u0161siliejusius skys\u010dius. Puikiai tinka \u0161luostyti rankas ir \u0161iek tiek i\u0161teptus pavir\u0161ius. Universalios \u2013 tinka bendriems valymo darbams, kuriems reikia stipri\u0173 ir sugerian\u010di\u0173 \u0161luos\u010di\u0173. Kokyb\u0117: Premium Ritinio ilgis: 255 m Lapelio ilgis: [&hellip;]<\/p>","protected":false},"featured_media":29406,"comment_status":"open","ping_status":"closed","template":"","meta":{"_season_start":"","_season_end":"","_season_days":"","_season_months":"","_season_auto_visibility":""},"product_brand":[231],"product_cat":[1620],"product_tag":[],"class_list":{"0":"post-17425","1":"product","2":"type-product","3":"status-publish","4":"has-post-thumbnail","6":"product_brand-tork","7":"product_cat-popieriniai-ranksluosciai","9":"first","10":"instock","11":"taxable","12":"shipping-taxable","13":"purchasable","14":"product-type-simple"},"yoast_head":"<!-- This site is optimized with the Yoast SEO plugin v26.1.1 - https:\/\/yoast.com\/wordpress\/plugins\/seo\/ -->\n<title>Ruloninis popierius pramonei \u201eWiping Paper Plus\u201c 255m baltas Tork 130041 - Rutana - Ra\u0161tin\u0117s reikmenys<\/title>\n<meta name=\"robots\" content=\"index, follow, max-snippet:-1, max-image-preview:large, max-video-preview:-1\" \/>\n<link rel=\"canonical\" href=\"https:\/\/rutana.lt\/en\/product\/ruloninis-popierius-pramonei-wiping-paper-plus-255m-baltas-tork-130041\/\" \/>\n<meta property=\"og:locale\" content=\"en_US\" \/>\n<meta property=\"og:type\" content=\"article\" \/>\n<meta property=\"og:title\" content=\"Ruloninis popierius pramonei \u201eWiping Paper Plus\u201c 255m baltas Tork 130041 - Rutana - Ra\u0161tin\u0117s reikmenys\" \/>\n<meta property=\"og:description\" content=\"Universalus popierius, puikiai tinkantis skys\u010diams valyti ir rankoms \u0161luostyti. \u201eQuickDry\u201c kokybi\u0161kas ir tvirtas popieriaus geriau nei \u012fprastas nuvalo pavir\u0161ius ir sugeria skys\u010dius. Gerai sugeria i\u0161siliejusius skys\u010dius. Puikiai tinka \u0161luostyti rankas ir \u0161iek tiek i\u0161teptus pavir\u0161ius. Universalios \u2013 tinka bendriems valymo darbams, kuriems reikia stipri\u0173 ir sugerian\u010di\u0173 \u0161luos\u010di\u0173. Kokyb\u0117: Premium Ritinio ilgis: 255 m Lapelio ilgis: [&hellip;]\" \/>\n<meta property=\"og:url\" content=\"https:\/\/rutana.lt\/en\/product\/ruloninis-popierius-pramonei-wiping-paper-plus-255m-baltas-tork-130041\/\" \/>\n<meta property=\"og:site_name\" content=\"Rutana - Ra\u0161tin\u0117s reikmenys\" \/>\n<meta property=\"article:publisher\" content=\"https:\/\/www.facebook.com\/RutanaKanceliarinesPrekes\/\" \/>\n<meta property=\"article:modified_time\" content=\"2025-10-13T13:53:56+00:00\" \/>\n<meta property=\"og:image\" content=\"https:\/\/rutana.lt\/wp-content\/uploads\/2025\/09\/A082-110.jpg\" \/>\n\t<meta property=\"og:image:width\" content=\"1200\" \/>\n\t<meta property=\"og:image:height\" content=\"1044\" \/>\n\t<meta property=\"og:image:type\" content=\"image\/jpeg\" \/>\n<meta name=\"twitter:card\" content=\"summary_large_image\" \/>\n<meta name=\"twitter:label1\" content=\"Est. reading time\" \/>\n\t<meta name=\"twitter:data1\" content=\"1 minute\" \/>\n<script type=\"application\/ld+json\" class=\"yoast-schema-graph\">{\"@context\":\"https:\/\/schema.org\",\"@graph\":[{\"@type\":\"WebPage\",\"@id\":\"https:\/\/rutana.lt\/produktas\/ruloninis-popierius-pramonei-wiping-paper-plus-255m-baltas-tork-130041\/\",\"url\":\"https:\/\/rutana.lt\/produktas\/ruloninis-popierius-pramonei-wiping-paper-plus-255m-baltas-tork-130041\/\",\"name\":\"Ruloninis popierius pramonei \u201eWiping Paper Plus\u201c 255m baltas Tork 130041 - Rutana - Ra\u0161tin\u0117s reikmenys\",\"isPartOf\":{\"@id\":\"https:\/\/rutana.lt\/#website\"},\"primaryImageOfPage\":{\"@id\":\"https:\/\/rutana.lt\/produktas\/ruloninis-popierius-pramonei-wiping-paper-plus-255m-baltas-tork-130041\/#primaryimage\"},\"image\":{\"@id\":\"https:\/\/rutana.lt\/produktas\/ruloninis-popierius-pramonei-wiping-paper-plus-255m-baltas-tork-130041\/#primaryimage\"},\"thumbnailUrl\":\"https:\/\/rutana.lt\/wp-content\/uploads\/2025\/09\/A082-110-1.jpg?v=1763564787\",\"datePublished\":\"2025-09-03T07:51:50+00:00\",\"dateModified\":\"2025-10-13T13:53:56+00:00\",\"breadcrumb\":{\"@id\":\"https:\/\/rutana.lt\/produktas\/ruloninis-popierius-pramonei-wiping-paper-plus-255m-baltas-tork-130041\/#breadcrumb\"},\"inLanguage\":\"en-US\",\"potentialAction\":[{\"@type\":\"ReadAction\",\"target\":[\"https:\/\/rutana.lt\/produktas\/ruloninis-popierius-pramonei-wiping-paper-plus-255m-baltas-tork-130041\/\"]}]},{\"@type\":\"ImageObject\",\"inLanguage\":\"en-US\",\"@id\":\"https:\/\/rutana.lt\/produktas\/ruloninis-popierius-pramonei-wiping-paper-plus-255m-baltas-tork-130041\/#primaryimage\",\"url\":\"https:\/\/rutana.lt\/wp-content\/uploads\/2025\/09\/A082-110-1.jpg?v=1763564787\",\"contentUrl\":\"https:\/\/rutana.lt\/wp-content\/uploads\/2025\/09\/A082-110-1.jpg?v=1763564787\",\"width\":1200,\"height\":1044},{\"@type\":\"BreadcrumbList\",\"@id\":\"https:\/\/rutana.lt\/produktas\/ruloninis-popierius-pramonei-wiping-paper-plus-255m-baltas-tork-130041\/#breadcrumb\",\"itemListElement\":[{\"@type\":\"ListItem\",\"position\":1,\"name\":\"Home\",\"item\":\"https:\/\/rutana.lt\/\"},{\"@type\":\"ListItem\",\"position\":2,\"name\":\"Parduotuv\u0117\",\"item\":\"https:\/\/rutana.lt\/parduotuve\/\"},{\"@type\":\"ListItem\",\"position\":3,\"name\":\"Ruloninis popierius pramonei \u201eWiping Paper Plus\u201c 255m baltas Tork 130041\"}]},{\"@type\":\"WebSite\",\"@id\":\"https:\/\/rutana.lt\/#website\",\"url\":\"https:\/\/rutana.lt\/\",\"name\":\"Rutana - Ra\u0161tin\u0117s reikmenys\",\"description\":\"Prekiaujame pasaulin\u0117je rinkoje pripa\u017eintomis, kokybi\u0161komis biuro prek\u0117mis toki\u0173  gamintoj\u0173 kaip: Schneider, Esselte, Novus, 3M, Faber-Castell, Citizen, Milan, Leitz, Colop, Zebra, Staedtler, Durable, Tork, Parker, Waterman ir kt.\",\"publisher\":{\"@id\":\"https:\/\/rutana.lt\/#organization\"},\"potentialAction\":[{\"@type\":\"SearchAction\",\"target\":{\"@type\":\"EntryPoint\",\"urlTemplate\":\"https:\/\/rutana.lt\/?s={search_term_string}\"},\"query-input\":{\"@type\":\"PropertyValueSpecification\",\"valueRequired\":true,\"valueName\":\"search_term_string\"}}],\"inLanguage\":\"en-US\"},{\"@type\":\"Organization\",\"@id\":\"https:\/\/rutana.lt\/#organization\",\"name\":\"Rutana - Ra\u0161tin\u0117s reikmenys\",\"url\":\"https:\/\/rutana.lt\/\",\"logo\":{\"@type\":\"ImageObject\",\"inLanguage\":\"en-US\",\"@id\":\"https:\/\/rutana.lt\/#\/schema\/logo\/image\/\",\"url\":\"https:\/\/rutana.lt\/wp-content\/uploads\/2025\/10\/Asset-32.png\",\"contentUrl\":\"https:\/\/rutana.lt\/wp-content\/uploads\/2025\/10\/Asset-32.png\",\"width\":433,\"height\":119,\"caption\":\"Rutana - Ra\u0161tin\u0117s reikmenys\"},\"image\":{\"@id\":\"https:\/\/rutana.lt\/#\/schema\/logo\/image\/\"},\"sameAs\":[\"https:\/\/www.facebook.com\/RutanaKanceliarinesPrekes\/\"]}]}<\/script>\n<!-- \/ Yoast SEO plugin. -->","yoast_head_json":{"title":"Ruloninis popierius pramonei \u201eWiping Paper Plus\u201c 255m baltas Tork 130041 - Rutana - Ra\u0161tin\u0117s reikmenys","robots":{"index":"index","follow":"follow","max-snippet":"max-snippet:-1","max-image-preview":"max-image-preview:large","max-video-preview":"max-video-preview:-1"},"canonical":"https:\/\/rutana.lt\/en\/product\/ruloninis-popierius-pramonei-wiping-paper-plus-255m-baltas-tork-130041\/","og_locale":"en_US","og_type":"article","og_title":"Ruloninis popierius pramonei \u201eWiping Paper Plus\u201c 255m baltas Tork 130041 - Rutana - Ra\u0161tin\u0117s reikmenys","og_description":"Universalus popierius, puikiai tinkantis skys\u010diams valyti ir rankoms \u0161luostyti. \u201eQuickDry\u201c kokybi\u0161kas ir tvirtas popieriaus geriau nei \u012fprastas nuvalo pavir\u0161ius ir sugeria skys\u010dius. Gerai sugeria i\u0161siliejusius skys\u010dius. Puikiai tinka \u0161luostyti rankas ir \u0161iek tiek i\u0161teptus pavir\u0161ius. Universalios \u2013 tinka bendriems valymo darbams, kuriems reikia stipri\u0173 ir sugerian\u010di\u0173 \u0161luos\u010di\u0173. Kokyb\u0117: Premium Ritinio ilgis: 255 m Lapelio ilgis: [&hellip;]","og_url":"https:\/\/rutana.lt\/en\/product\/ruloninis-popierius-pramonei-wiping-paper-plus-255m-baltas-tork-130041\/","og_site_name":"Rutana - Ra\u0161tin\u0117s reikmenys","article_publisher":"https:\/\/www.facebook.com\/RutanaKanceliarinesPrekes\/","article_modified_time":"2025-10-13T13:53:56+00:00","og_image":[{"width":1200,"height":1044,"url":"https:\/\/rutana.lt\/wp-content\/uploads\/2025\/09\/A082-110.jpg","type":"image\/jpeg"}],"twitter_card":"summary_large_image","twitter_misc":{"Est. reading time":"1 minute"},"schema":{"@context":"https:\/\/schema.org","@graph":[{"@type":"WebPage","@id":"https:\/\/rutana.lt\/produktas\/ruloninis-popierius-pramonei-wiping-paper-plus-255m-baltas-tork-130041\/","url":"https:\/\/rutana.lt\/produktas\/ruloninis-popierius-pramonei-wiping-paper-plus-255m-baltas-tork-130041\/","name":"Ruloninis popierius pramonei \u201eWiping Paper Plus\u201c 255m baltas Tork 130041 - Rutana - Ra\u0161tin\u0117s reikmenys","isPartOf":{"@id":"https:\/\/rutana.lt\/#website"},"primaryImageOfPage":{"@id":"https:\/\/rutana.lt\/produktas\/ruloninis-popierius-pramonei-wiping-paper-plus-255m-baltas-tork-130041\/#primaryimage"},"image":{"@id":"https:\/\/rutana.lt\/produktas\/ruloninis-popierius-pramonei-wiping-paper-plus-255m-baltas-tork-130041\/#primaryimage"},"thumbnailUrl":"https:\/\/rutana.lt\/wp-content\/uploads\/2025\/09\/A082-110-1.jpg?v=1763564787","datePublished":"2025-09-03T07:51:50+00:00","dateModified":"2025-10-13T13:53:56+00:00","breadcrumb":{"@id":"https:\/\/rutana.lt\/produktas\/ruloninis-popierius-pramonei-wiping-paper-plus-255m-baltas-tork-130041\/#breadcrumb"},"inLanguage":"en-US","potentialAction":[{"@type":"ReadAction","target":["https:\/\/rutana.lt\/produktas\/ruloninis-popierius-pramonei-wiping-paper-plus-255m-baltas-tork-130041\/"]}]},{"@type":"ImageObject","inLanguage":"en-US","@id":"https:\/\/rutana.lt\/produktas\/ruloninis-popierius-pramonei-wiping-paper-plus-255m-baltas-tork-130041\/#primaryimage","url":"https:\/\/rutana.lt\/wp-content\/uploads\/2025\/09\/A082-110-1.jpg?v=1763564787","contentUrl":"https:\/\/rutana.lt\/wp-content\/uploads\/2025\/09\/A082-110-1.jpg?v=1763564787","width":1200,"height":1044},{"@type":"BreadcrumbList","@id":"https:\/\/rutana.lt\/produktas\/ruloninis-popierius-pramonei-wiping-paper-plus-255m-baltas-tork-130041\/#breadcrumb","itemListElement":[{"@type":"ListItem","position":1,"name":"Home","item":"https:\/\/rutana.lt\/"},{"@type":"ListItem","position":2,"name":"Parduotuv\u0117","item":"https:\/\/rutana.lt\/parduotuve\/"},{"@type":"ListItem","position":3,"name":"Ruloninis popierius pramonei \u201eWiping Paper Plus\u201c 255m baltas Tork 130041"}]},{"@type":"WebSite","@id":"https:\/\/rutana.lt\/#website","url":"https:\/\/rutana.lt\/","name":"Rutana - Ra\u0161tin\u0117s reikmenys","description":"Prekiaujame pasaulin\u0117je rinkoje pripa\u017eintomis, kokybi\u0161komis biuro prek\u0117mis toki\u0173  gamintoj\u0173 kaip: Schneider, Esselte, Novus, 3M, Faber-Castell, Citizen, Milan, Leitz, Colop, Zebra, Staedtler, Durable, Tork, Parker, Waterman ir kt.","publisher":{"@id":"https:\/\/rutana.lt\/#organization"},"potentialAction":[{"@type":"SearchAction","target":{"@type":"EntryPoint","urlTemplate":"https:\/\/rutana.lt\/?s={search_term_string}"},"query-input":{"@type":"PropertyValueSpecification","valueRequired":true,"valueName":"search_term_string"}}],"inLanguage":"en-US"},{"@type":"Organization","@id":"https:\/\/rutana.lt\/#organization","name":"Rutana - Ra\u0161tin\u0117s reikmenys","url":"https:\/\/rutana.lt\/","logo":{"@type":"ImageObject","inLanguage":"en-US","@id":"https:\/\/rutana.lt\/#\/schema\/logo\/image\/","url":"https:\/\/rutana.lt\/wp-content\/uploads\/2025\/10\/Asset-32.png","contentUrl":"https:\/\/rutana.lt\/wp-content\/uploads\/2025\/10\/Asset-32.png","width":433,"height":119,"caption":"Rutana - Ra\u0161tin\u0117s reikmenys"},"image":{"@id":"https:\/\/rutana.lt\/#\/schema\/logo\/image\/"},"sameAs":["https:\/\/www.facebook.com\/RutanaKanceliarinesPrekes\/"]}]}},"_links":{"self":[{"href":"https:\/\/rutana.lt\/en\/wp-json\/wp\/v2\/product\/17425","targetHints":{"allow":["GET"]}}],"collection":[{"href":"https:\/\/rutana.lt\/en\/wp-json\/wp\/v2\/product"}],"about":[{"href":"https:\/\/rutana.lt\/en\/wp-json\/wp\/v2\/types\/product"}],"replies":[{"embeddable":true,"href":"https:\/\/rutana.lt\/en\/wp-json\/wp\/v2\/comments?post=17425"}],"version-history":[{"count":1,"href":"https:\/\/rutana.lt\/en\/wp-json\/wp\/v2\/product\/17425\/revisions"}],"predecessor-version":[{"id":17493,"href":"https:\/\/rutana.lt\/en\/wp-json\/wp\/v2\/product\/17425\/revisions\/17493"}],"wp:featuredmedia":[{"embeddable":true,"href":"https:\/\/rutana.lt\/en\/wp-json\/wp\/v2\/media\/29406"}],"wp:attachment":[{"href":"https:\/\/rutana.lt\/en\/wp-json\/wp\/v2\/media?parent=17425"}],"wp:term":[{"taxonomy":"product_brand","embeddable":true,"href":"https:\/\/rutana.lt\/en\/wp-json\/wp\/v2\/product_brand?post=17425"},{"taxonomy":"product_cat","embeddable":true,"href":"https:\/\/rutana.lt\/en\/wp-json\/wp\/v2\/product_cat?post=17425"},{"taxonomy":"product_tag","embeddable":true,"href":"https:\/\/rutana.lt\/en\/wp-json\/wp\/v2\/product_tag?post=17425"}],"curies":[{"name":"wp","href":"https:\/\/api.w.org\/{rel}","templated":true}]}}